{"id":5122,"date":"2022-05-16T10:08:23","date_gmt":"2022-05-16T08:08:23","guid":{"rendered":"https:\/\/sites.uef.fi\/vaikuttavuuden-talo\/?page_id=5122"},"modified":"2026-03-12T09:32:10","modified_gmt":"2026-03-12T07:32:10","slug":"ohjeet-esitysten-ja-postereiden-valmisteluun","status":"publish","type":"page","link":"https:\/\/sites.uef.fi\/vaikuttavuuden-talo\/vaikuttavuuden-tutkimuksen-paivat\/ohjeet-esitysten-ja-postereiden-valmisteluun\/","title":{"rendered":"Ohjeet esitykset ja posterit 2026"},"content":{"rendered":"\n<h2 class=\"wp-block-heading\">Ohjeet esitysten ja postereiden valmisteluun<\/h2>\n\n\n\n<p><strong>Huomioithan, ett\u00e4 suullisia et\u00e4esityksi\u00e4 ja s\u00e4hk\u00f6isi\u00e4 postereita ei t\u00e4n\u00e4 vuonna oteta vastaan vaan kaikki esitykset toteutuvat paikan p\u00e4\u00e4ll\u00e4. <\/strong><\/p>\n\n\n\n<h3 class=\"wp-block-heading\">Suulliset esitykset&nbsp;&nbsp;<\/h3>\n\n\n\n<p>Suullisen esityksen pituus on 15 minuuttia. Yhdess\u00e4 temaattisessa sessiossa on aikaa yhteens\u00e4 90 minuuttia, ja sessiot sis\u00e4lt\u00e4v\u00e4t vaihtelevan m\u00e4\u00e4r\u00e4n esityksi\u00e4. Aikaa on lis\u00e4ksi keskustelulle. Huomioithan, ettet ylit\u00e4 omaa aikaasi, jotta kaikilla on yht\u00e4l\u00e4isesti aikaa pit\u00e4\u00e4 oma esityksens\u00e4.&nbsp;<br>\u202f&nbsp;<br>Esityst\u00e4 varten voi valmistella maksimissaan 10 powerpoint-diaa, jotka pit\u00e4v\u00e4t sis\u00e4ll\u00e4\u00e4n aloitus- ja lopetusdiat. V\u00e4lt\u00e4 liian raskaita animaatioita, mutta grafiikan ja kuvioiden k\u00e4ytt\u00f6 on usein suositeltavampaa kuin isojen taulukoiden k\u00e4ytt\u00f6.&nbsp;<\/p>\n\n\n\n<p>Esitysmateriaalit tulee toimittaa viimeist\u00e4\u00e4n <strong>x.xx. (ilmoitetaan my\u00f6hemmin)<\/strong> s-postiosoitteeseen <a href=\"mailto:vaikuttavuudentalo@uef.fi\" target=\"_blank\" rel=\"noreferrer noopener\">vaikuttavuudentalo@uef.fi<\/a><\/p>\n\n\n\n<h3 class=\"wp-block-heading\">Posteriesitykset&nbsp;<\/h3>\n\n\n\n<p>Posterin suosituskoko on 90 x 120 cm (pystysuunta). Posterin valmistelussa kannattaa noudattaa seuraavia yleisi\u00e4 ohjeita:&nbsp;<\/p>\n\n\n\n<ul class=\"wp-block-list\">\n<li>V\u00e4lt\u00e4 pitki\u00e4 lauseita.&nbsp;<\/li>\n\n\n\n<li>K\u00e4yt\u00e4 grafiikkaa ja kuvioita isojen taulukoiden sijaan.&nbsp;<\/li>\n\n\n\n<li>V\u00e4reill\u00e4 voi korostaa olennaisia osioita ja asioita.&nbsp;<\/li>\n\n\n\n<li>Johtop\u00e4\u00e4t\u00f6kset kannattaa esitt\u00e4\u00e4 bullet-pointteina.&nbsp;<\/li>\n<\/ul>\n\n\n\n<p>Posteriesitytkset ripustetaan n\u00e4ytille Snellmanian 2. kerroksen aulaan tiistaina <strong>6.10. klo x.xx <\/strong>alkaen (aika tarkentuu my\u00f6hemmin). Tarkemmat tiedot ja ohjeet saat ilmoittautumistiskilt\u00e4 Snellmanian 1. kerroksesta.<\/p>\n\n\n\n<p><\/p>\n","protected":false},"excerpt":{"rendered":"<p>Ohjeet esitysten ja postereiden valmisteluun Huomioithan, ett\u00e4 suullisia et\u00e4esityksi\u00e4 ja s\u00e4hk\u00f6isi\u00e4 postereita ei t\u00e4n\u00e4 vuonna oteta vastaan vaan kaikki esitykset toteutuvat paikan p\u00e4\u00e4ll\u00e4. Suulliset esitykset&nbsp;&nbsp; Suullisen esityksen pituus on 15 minuuttia. Yhdess\u00e4 temaattisessa sessiossa on aikaa yhteens\u00e4 90 minuuttia, ja sessiot sis\u00e4lt\u00e4v\u00e4t vaihtelevan m\u00e4\u00e4r\u00e4n esityksi\u00e4. Aikaa on lis\u00e4ksi keskustelulle. Huomioithan, ettet ylit\u00e4 omaa aikaasi, jotta [&hellip;]<\/p>\n","protected":false},"author":44,"featured_media":0,"parent":6813,"menu_order":0,"comment_status":"closed","ping_status":"closed","template":"","meta":{"_acf_changed":false,"_monsterinsights_skip_tracking":false,"_monsterinsights_sitenote_active":false,"_monsterinsights_sitenote_note":"","_monsterinsights_sitenote_category":0,"footnotes":""},"class_list":["post-5122","page","type-page","status-publish","hentry"],"acf":[],"yoast_head":"<!-- This site is optimized with the Yoast SEO plugin v27.3 - https:\/\/yoast.com\/product\/yoast-seo-wordpress\/ -->\n<title>Ohjeet esitykset ja posterit 2026 - Vaikuttavuuden talo<\/title>\n<meta name=\"robots\" content=\"index, follow, max-snippet:-1, max-image-preview:large, max-video-preview:-1\" \/>\n<link rel=\"canonical\" href=\"https:\/\/sites.uef.fi\/vaikuttavuuden-talo\/vaikuttavuuden-tutkimuksen-paivat\/ohjeet-esitysten-ja-postereiden-valmisteluun\/\" \/>\n<meta property=\"og:locale\" content=\"fi_FI\" \/>\n<meta property=\"og:type\" content=\"article\" \/>\n<meta property=\"og:title\" content=\"Ohjeet esitykset ja posterit 2026 - Vaikuttavuuden talo\" \/>\n<meta property=\"og:description\" content=\"Ohjeet esitysten ja postereiden valmisteluun Huomioithan, ett\u00e4 suullisia et\u00e4esityksi\u00e4 ja s\u00e4hk\u00f6isi\u00e4 postereita ei t\u00e4n\u00e4 vuonna oteta vastaan vaan kaikki esitykset toteutuvat paikan p\u00e4\u00e4ll\u00e4. Suulliset esitykset&nbsp;&nbsp; Suullisen esityksen pituus on 15 minuuttia. Yhdess\u00e4 temaattisessa sessiossa on aikaa yhteens\u00e4 90 minuuttia, ja sessiot sis\u00e4lt\u00e4v\u00e4t vaihtelevan m\u00e4\u00e4r\u00e4n esityksi\u00e4. Aikaa on lis\u00e4ksi keskustelulle. Huomioithan, ettet ylit\u00e4 omaa aikaasi, jotta [&hellip;]\" \/>\n<meta property=\"og:url\" content=\"https:\/\/sites.uef.fi\/vaikuttavuuden-talo\/vaikuttavuuden-tutkimuksen-paivat\/ohjeet-esitysten-ja-postereiden-valmisteluun\/\" \/>\n<meta property=\"og:site_name\" content=\"Vaikuttavuuden talo\" \/>\n<meta property=\"article:modified_time\" content=\"2026-03-12T07:32:10+00:00\" \/>\n<meta name=\"twitter:card\" content=\"summary_large_image\" \/>\n<meta name=\"twitter:label1\" content=\"Arvioitu lukuaika\" \/>\n\t<meta name=\"twitter:data1\" content=\"1 minuutti\" \/>\n<script type=\"application\/ld+json\" class=\"yoast-schema-graph\">{\"@context\":\"https:\\\/\\\/schema.org\",\"@graph\":[{\"@type\":\"WebPage\",\"@id\":\"https:\\\/\\\/sites.uef.fi\\\/vaikuttavuuden-talo\\\/vaikuttavuuden-tutkimuksen-paivat\\\/ohjeet-esitysten-ja-postereiden-valmisteluun\\\/\",\"url\":\"https:\\\/\\\/sites.uef.fi\\\/vaikuttavuuden-talo\\\/vaikuttavuuden-tutkimuksen-paivat\\\/ohjeet-esitysten-ja-postereiden-valmisteluun\\\/\",\"name\":\"Ohjeet esitykset ja posterit 2026 - Vaikuttavuuden talo\",\"isPartOf\":{\"@id\":\"https:\\\/\\\/sites.uef.fi\\\/vaikuttavuuden-talo\\\/#website\"},\"datePublished\":\"2022-05-16T08:08:23+00:00\",\"dateModified\":\"2026-03-12T07:32:10+00:00\",\"breadcrumb\":{\"@id\":\"https:\\\/\\\/sites.uef.fi\\\/vaikuttavuuden-talo\\\/vaikuttavuuden-tutkimuksen-paivat\\\/ohjeet-esitysten-ja-postereiden-valmisteluun\\\/#breadcrumb\"},\"inLanguage\":\"fi\",\"potentialAction\":[{\"@type\":\"ReadAction\",\"target\":[\"https:\\\/\\\/sites.uef.fi\\\/vaikuttavuuden-talo\\\/vaikuttavuuden-tutkimuksen-paivat\\\/ohjeet-esitysten-ja-postereiden-valmisteluun\\\/\"]}]},{\"@type\":\"BreadcrumbList\",\"@id\":\"https:\\\/\\\/sites.uef.fi\\\/vaikuttavuuden-talo\\\/vaikuttavuuden-tutkimuksen-paivat\\\/ohjeet-esitysten-ja-postereiden-valmisteluun\\\/#breadcrumb\",\"itemListElement\":[{\"@type\":\"ListItem\",\"position\":1,\"name\":\"Home\",\"item\":\"https:\\\/\\\/sites.uef.fi\\\/vaikuttavuuden-talo\\\/\"},{\"@type\":\"ListItem\",\"position\":2,\"name\":\"Vaikuttavuuden tutkimuksen p\u00e4iv\u00e4t 2026\",\"item\":\"https:\\\/\\\/sites.uef.fi\\\/vaikuttavuuden-talo\\\/vaikuttavuuden-tutkimuksen-paivat\\\/\"},{\"@type\":\"ListItem\",\"position\":3,\"name\":\"Ohjeet esitykset ja posterit 2026\"}]},{\"@type\":\"WebSite\",\"@id\":\"https:\\\/\\\/sites.uef.fi\\\/vaikuttavuuden-talo\\\/#website\",\"url\":\"https:\\\/\\\/sites.uef.fi\\\/vaikuttavuuden-talo\\\/\",\"name\":\"Vaikuttavuuden talo\",\"description\":\"\",\"potentialAction\":[{\"@type\":\"SearchAction\",\"target\":{\"@type\":\"EntryPoint\",\"urlTemplate\":\"https:\\\/\\\/sites.uef.fi\\\/vaikuttavuuden-talo\\\/?s={search_term_string}\"},\"query-input\":{\"@type\":\"PropertyValueSpecification\",\"valueRequired\":true,\"valueName\":\"search_term_string\"}}],\"inLanguage\":\"fi\"}]}<\/script>\n<!-- \/ Yoast SEO plugin. -->","yoast_head_json":{"title":"Ohjeet esitykset ja posterit 2026 - Vaikuttavuuden talo","robots":{"index":"index","follow":"follow","max-snippet":"max-snippet:-1","max-image-preview":"max-image-preview:large","max-video-preview":"max-video-preview:-1"},"canonical":"https:\/\/sites.uef.fi\/vaikuttavuuden-talo\/vaikuttavuuden-tutkimuksen-paivat\/ohjeet-esitysten-ja-postereiden-valmisteluun\/","og_locale":"fi_FI","og_type":"article","og_title":"Ohjeet esitykset ja posterit 2026 - Vaikuttavuuden talo","og_description":"Ohjeet esitysten ja postereiden valmisteluun Huomioithan, ett\u00e4 suullisia et\u00e4esityksi\u00e4 ja s\u00e4hk\u00f6isi\u00e4 postereita ei t\u00e4n\u00e4 vuonna oteta vastaan vaan kaikki esitykset toteutuvat paikan p\u00e4\u00e4ll\u00e4. Suulliset esitykset&nbsp;&nbsp; Suullisen esityksen pituus on 15 minuuttia. Yhdess\u00e4 temaattisessa sessiossa on aikaa yhteens\u00e4 90 minuuttia, ja sessiot sis\u00e4lt\u00e4v\u00e4t vaihtelevan m\u00e4\u00e4r\u00e4n esityksi\u00e4. Aikaa on lis\u00e4ksi keskustelulle. Huomioithan, ettet ylit\u00e4 omaa aikaasi, jotta [&hellip;]","og_url":"https:\/\/sites.uef.fi\/vaikuttavuuden-talo\/vaikuttavuuden-tutkimuksen-paivat\/ohjeet-esitysten-ja-postereiden-valmisteluun\/","og_site_name":"Vaikuttavuuden talo","article_modified_time":"2026-03-12T07:32:10+00:00","twitter_card":"summary_large_image","twitter_misc":{"Arvioitu lukuaika":"1 minuutti"},"schema":{"@context":"https:\/\/schema.org","@graph":[{"@type":"WebPage","@id":"https:\/\/sites.uef.fi\/vaikuttavuuden-talo\/vaikuttavuuden-tutkimuksen-paivat\/ohjeet-esitysten-ja-postereiden-valmisteluun\/","url":"https:\/\/sites.uef.fi\/vaikuttavuuden-talo\/vaikuttavuuden-tutkimuksen-paivat\/ohjeet-esitysten-ja-postereiden-valmisteluun\/","name":"Ohjeet esitykset ja posterit 2026 - Vaikuttavuuden talo","isPartOf":{"@id":"https:\/\/sites.uef.fi\/vaikuttavuuden-talo\/#website"},"datePublished":"2022-05-16T08:08:23+00:00","dateModified":"2026-03-12T07:32:10+00:00","breadcrumb":{"@id":"https:\/\/sites.uef.fi\/vaikuttavuuden-talo\/vaikuttavuuden-tutkimuksen-paivat\/ohjeet-esitysten-ja-postereiden-valmisteluun\/#breadcrumb"},"inLanguage":"fi","potentialAction":[{"@type":"ReadAction","target":["https:\/\/sites.uef.fi\/vaikuttavuuden-talo\/vaikuttavuuden-tutkimuksen-paivat\/ohjeet-esitysten-ja-postereiden-valmisteluun\/"]}]},{"@type":"BreadcrumbList","@id":"https:\/\/sites.uef.fi\/vaikuttavuuden-talo\/vaikuttavuuden-tutkimuksen-paivat\/ohjeet-esitysten-ja-postereiden-valmisteluun\/#breadcrumb","itemListElement":[{"@type":"ListItem","position":1,"name":"Home","item":"https:\/\/sites.uef.fi\/vaikuttavuuden-talo\/"},{"@type":"ListItem","position":2,"name":"Vaikuttavuuden tutkimuksen p\u00e4iv\u00e4t 2026","item":"https:\/\/sites.uef.fi\/vaikuttavuuden-talo\/vaikuttavuuden-tutkimuksen-paivat\/"},{"@type":"ListItem","position":3,"name":"Ohjeet esitykset ja posterit 2026"}]},{"@type":"WebSite","@id":"https:\/\/sites.uef.fi\/vaikuttavuuden-talo\/#website","url":"https:\/\/sites.uef.fi\/vaikuttavuuden-talo\/","name":"Vaikuttavuuden talo","description":"","potentialAction":[{"@type":"SearchAction","target":{"@type":"EntryPoint","urlTemplate":"https:\/\/sites.uef.fi\/vaikuttavuuden-talo\/?s={search_term_string}"},"query-input":{"@type":"PropertyValueSpecification","valueRequired":true,"valueName":"search_term_string"}}],"inLanguage":"fi"}]}},"_links":{"self":[{"href":"https:\/\/sites.uef.fi\/vaikuttavuuden-talo\/wp-json\/wp\/v2\/pages\/5122","targetHints":{"allow":["GET"]}}],"collection":[{"href":"https:\/\/sites.uef.fi\/vaikuttavuuden-talo\/wp-json\/wp\/v2\/pages"}],"about":[{"href":"https:\/\/sites.uef.fi\/vaikuttavuuden-talo\/wp-json\/wp\/v2\/types\/page"}],"author":[{"embeddable":true,"href":"https:\/\/sites.uef.fi\/vaikuttavuuden-talo\/wp-json\/wp\/v2\/users\/44"}],"replies":[{"embeddable":true,"href":"https:\/\/sites.uef.fi\/vaikuttavuuden-talo\/wp-json\/wp\/v2\/comments?post=5122"}],"version-history":[{"count":1,"href":"https:\/\/sites.uef.fi\/vaikuttavuuden-talo\/wp-json\/wp\/v2\/pages\/5122\/revisions"}],"predecessor-version":[{"id":12485,"href":"https:\/\/sites.uef.fi\/vaikuttavuuden-talo\/wp-json\/wp\/v2\/pages\/5122\/revisions\/12485"}],"up":[{"embeddable":true,"href":"https:\/\/sites.uef.fi\/vaikuttavuuden-talo\/wp-json\/wp\/v2\/pages\/6813"}],"wp:attachment":[{"href":"https:\/\/sites.uef.fi\/vaikuttavuuden-talo\/wp-json\/wp\/v2\/media?parent=5122"}],"curies":[{"name":"wp","href":"https:\/\/api.w.org\/{rel}","templated":true}]}}