{"id":5299,"date":"2022-06-03T14:49:56","date_gmt":"2022-06-03T12:49:56","guid":{"rendered":"https:\/\/sites.uef.fi\/vaikuttavuuden-talo\/?page_id=5299"},"modified":"2022-06-03T14:51:08","modified_gmt":"2022-06-03T12:51:08","slug":"ilmoittautuminen-vaikuttavuuden-tutkimuksen-paiville-2022","status":"publish","type":"page","link":"https:\/\/sites.uef.fi\/vaikuttavuuden-talo\/ilmoittautuminen-vaikuttavuuden-tutkimuksen-paiville-2022\/","title":{"rendered":"Ilmoittautuminen 2022"},"content":{"rendered":"\n<h1 class=\"wp-block-heading\">Ilmoittautuminen<\/h1>\n\n\n\n<p>Ilmoittaudu p\u00e4iville <a href=\"https:\/\/registration.contio.fi\/uef\/Registration\/Login?id=3401-T_3401-4122\">t\u00e4ll\u00e4 ilmoittautumislomakkeella<\/a>.<\/p>\n\n\n\n<p>UEF henkil\u00f6kunta <a href=\"https:\/\/registration.contio.fi\/uef\/Registration\/Login?id=3401-T_3401-4123\">t\u00e4ll\u00e4 ilmoittautumislomakkeella<\/a>.<\/p>\n\n\n\n<figure class=\"wp-block-table is-style-stripes\"><table><tbody><tr><td><strong>Hinnasto<\/strong><\/td><td><strong>Hinta<\/strong><\/td><td><strong>Veroton<\/strong><\/td><\/tr><tr><td>Osallistuminen tiistaina ja keskiviikkona 4.-5.10.2022<\/td><td>100,00<\/td><td>100,00<\/td><\/tr><tr><td>Osallistuminen konferenssiin vain tiistaina 4.10.2022<\/td><td>75,00<\/td><td>75,00<\/td><\/tr><tr><td>Osallistuminen konferenssiin vain keskiviikkona 5.10.2022<\/td><td>75,00<\/td><td>75,00<\/td><\/tr><tr><td>Perusopiskelijan osallistuminen konferenssiin tiistaina ja keskiviikkona 4.-5.10.2022<\/td><td>50,00<\/td><td>50,00<\/td><\/tr><tr><td>Perusopiskelijan osallistuminen konferenssiin vain tiistaina 4.10.2022<\/td><td>30,00<\/td><td>30,00<\/td><\/tr><tr><td>Perusopiskelijan osallistuminen konferenssiin vain keskiviikkona 5.10.2022<\/td><td>30,00<\/td><td>30,00<\/td><\/tr><tr><td>Osallistuminen konferenssiin ET\u00c4N\u00c4 tiistaina ja keskiviikkona 4.-5.10.2022<\/td><td>50,00<\/td><td>50,00<\/td><\/tr><tr><td>Illalliskortti<\/td><td>48,00<\/td><td>48,00<\/td><\/tr><tr><td>Illalliskortti (kasvis)<\/td><td>41,00<\/td><td>41,00<\/td><\/tr><\/tbody><\/table><\/figure>\n","protected":false},"excerpt":{"rendered":"<p>Ilmoittautuminen Ilmoittaudu p\u00e4iville t\u00e4ll\u00e4 ilmoittautumislomakkeella. UEF henkil\u00f6kunta t\u00e4ll\u00e4 ilmoittautumislomakkeella. Hinnasto Hinta Veroton Osallistuminen tiistaina ja keskiviikkona 4.-5.10.2022 100,00 100,00 Osallistuminen konferenssiin vain tiistaina 4.10.2022 75,00 75,00 Osallistuminen konferenssiin vain keskiviikkona 5.10.2022 75,00 75,00 Perusopiskelijan osallistuminen konferenssiin tiistaina ja keskiviikkona 4.-5.10.2022 50,00 50,00 Perusopiskelijan osallistuminen konferenssiin vain tiistaina 4.10.2022 30,00 30,00 Perusopiskelijan osallistuminen konferenssiin vain keskiviikkona [&hellip;]<\/p>\n","protected":false},"author":44,"featured_media":0,"parent":0,"menu_order":0,"comment_status":"closed","ping_status":"closed","template":"","meta":{"_acf_changed":false,"_monsterinsights_skip_tracking":false,"_monsterinsights_sitenote_active":false,"_monsterinsights_sitenote_note":"","_monsterinsights_sitenote_category":0,"footnotes":""},"class_list":["post-5299","page","type-page","status-publish","hentry"],"acf":[],"yoast_head":"<!-- This site is optimized with the Yoast SEO plugin v27.1.1 - https:\/\/yoast.com\/product\/yoast-seo-wordpress\/ -->\n<title>Ilmoittautuminen 2022 - Vaikuttavuuden talo<\/title>\n<meta name=\"robots\" content=\"index, follow, max-snippet:-1, max-image-preview:large, max-video-preview:-1\" \/>\n<link rel=\"canonical\" href=\"https:\/\/sites.uef.fi\/vaikuttavuuden-talo\/ilmoittautuminen-vaikuttavuuden-tutkimuksen-paiville-2022\/\" \/>\n<meta property=\"og:locale\" content=\"fi_FI\" \/>\n<meta property=\"og:type\" content=\"article\" \/>\n<meta property=\"og:title\" content=\"Ilmoittautuminen 2022 - Vaikuttavuuden talo\" \/>\n<meta property=\"og:description\" content=\"Ilmoittautuminen Ilmoittaudu p\u00e4iville t\u00e4ll\u00e4 ilmoittautumislomakkeella. UEF henkil\u00f6kunta t\u00e4ll\u00e4 ilmoittautumislomakkeella. Hinnasto Hinta Veroton Osallistuminen tiistaina ja keskiviikkona 4.-5.10.2022 100,00 100,00 Osallistuminen konferenssiin vain tiistaina 4.10.2022 75,00 75,00 Osallistuminen konferenssiin vain keskiviikkona 5.10.2022 75,00 75,00 Perusopiskelijan osallistuminen konferenssiin tiistaina ja keskiviikkona 4.-5.10.2022 50,00 50,00 Perusopiskelijan osallistuminen konferenssiin vain tiistaina 4.10.2022 30,00 30,00 Perusopiskelijan osallistuminen konferenssiin vain keskiviikkona [&hellip;]\" \/>\n<meta property=\"og:url\" content=\"https:\/\/sites.uef.fi\/vaikuttavuuden-talo\/ilmoittautuminen-vaikuttavuuden-tutkimuksen-paiville-2022\/\" \/>\n<meta property=\"og:site_name\" content=\"Vaikuttavuuden talo\" \/>\n<meta property=\"article:modified_time\" content=\"2022-06-03T12:51:08+00:00\" \/>\n<meta name=\"twitter:card\" content=\"summary_large_image\" \/>\n<script type=\"application\/ld+json\" class=\"yoast-schema-graph\">{\"@context\":\"https:\/\/schema.org\",\"@graph\":[{\"@type\":\"WebPage\",\"@id\":\"https:\/\/sites.uef.fi\/vaikuttavuuden-talo\/ilmoittautuminen-vaikuttavuuden-tutkimuksen-paiville-2022\/\",\"url\":\"https:\/\/sites.uef.fi\/vaikuttavuuden-talo\/ilmoittautuminen-vaikuttavuuden-tutkimuksen-paiville-2022\/\",\"name\":\"Ilmoittautuminen 2022 - Vaikuttavuuden talo\",\"isPartOf\":{\"@id\":\"https:\/\/sites.uef.fi\/vaikuttavuuden-talo\/#website\"},\"datePublished\":\"2022-06-03T12:49:56+00:00\",\"dateModified\":\"2022-06-03T12:51:08+00:00\",\"breadcrumb\":{\"@id\":\"https:\/\/sites.uef.fi\/vaikuttavuuden-talo\/ilmoittautuminen-vaikuttavuuden-tutkimuksen-paiville-2022\/#breadcrumb\"},\"inLanguage\":\"fi\",\"potentialAction\":[{\"@type\":\"ReadAction\",\"target\":[\"https:\/\/sites.uef.fi\/vaikuttavuuden-talo\/ilmoittautuminen-vaikuttavuuden-tutkimuksen-paiville-2022\/\"]}]},{\"@type\":\"BreadcrumbList\",\"@id\":\"https:\/\/sites.uef.fi\/vaikuttavuuden-talo\/ilmoittautuminen-vaikuttavuuden-tutkimuksen-paiville-2022\/#breadcrumb\",\"itemListElement\":[{\"@type\":\"ListItem\",\"position\":1,\"name\":\"Home\",\"item\":\"https:\/\/sites.uef.fi\/vaikuttavuuden-talo\/\"},{\"@type\":\"ListItem\",\"position\":2,\"name\":\"Ilmoittautuminen 2022\"}]},{\"@type\":\"WebSite\",\"@id\":\"https:\/\/sites.uef.fi\/vaikuttavuuden-talo\/#website\",\"url\":\"https:\/\/sites.uef.fi\/vaikuttavuuden-talo\/\",\"name\":\"Vaikuttavuuden talo\",\"description\":\"\",\"potentialAction\":[{\"@type\":\"SearchAction\",\"target\":{\"@type\":\"EntryPoint\",\"urlTemplate\":\"https:\/\/sites.uef.fi\/vaikuttavuuden-talo\/?s={search_term_string}\"},\"query-input\":{\"@type\":\"PropertyValueSpecification\",\"valueRequired\":true,\"valueName\":\"search_term_string\"}}],\"inLanguage\":\"fi\"}]}<\/script>\n<!-- \/ Yoast SEO plugin. -->","yoast_head_json":{"title":"Ilmoittautuminen 2022 - Vaikuttavuuden talo","robots":{"index":"index","follow":"follow","max-snippet":"max-snippet:-1","max-image-preview":"max-image-preview:large","max-video-preview":"max-video-preview:-1"},"canonical":"https:\/\/sites.uef.fi\/vaikuttavuuden-talo\/ilmoittautuminen-vaikuttavuuden-tutkimuksen-paiville-2022\/","og_locale":"fi_FI","og_type":"article","og_title":"Ilmoittautuminen 2022 - Vaikuttavuuden talo","og_description":"Ilmoittautuminen Ilmoittaudu p\u00e4iville t\u00e4ll\u00e4 ilmoittautumislomakkeella. UEF henkil\u00f6kunta t\u00e4ll\u00e4 ilmoittautumislomakkeella. Hinnasto Hinta Veroton Osallistuminen tiistaina ja keskiviikkona 4.-5.10.2022 100,00 100,00 Osallistuminen konferenssiin vain tiistaina 4.10.2022 75,00 75,00 Osallistuminen konferenssiin vain keskiviikkona 5.10.2022 75,00 75,00 Perusopiskelijan osallistuminen konferenssiin tiistaina ja keskiviikkona 4.-5.10.2022 50,00 50,00 Perusopiskelijan osallistuminen konferenssiin vain tiistaina 4.10.2022 30,00 30,00 Perusopiskelijan osallistuminen konferenssiin vain keskiviikkona [&hellip;]","og_url":"https:\/\/sites.uef.fi\/vaikuttavuuden-talo\/ilmoittautuminen-vaikuttavuuden-tutkimuksen-paiville-2022\/","og_site_name":"Vaikuttavuuden talo","article_modified_time":"2022-06-03T12:51:08+00:00","twitter_card":"summary_large_image","schema":{"@context":"https:\/\/schema.org","@graph":[{"@type":"WebPage","@id":"https:\/\/sites.uef.fi\/vaikuttavuuden-talo\/ilmoittautuminen-vaikuttavuuden-tutkimuksen-paiville-2022\/","url":"https:\/\/sites.uef.fi\/vaikuttavuuden-talo\/ilmoittautuminen-vaikuttavuuden-tutkimuksen-paiville-2022\/","name":"Ilmoittautuminen 2022 - Vaikuttavuuden talo","isPartOf":{"@id":"https:\/\/sites.uef.fi\/vaikuttavuuden-talo\/#website"},"datePublished":"2022-06-03T12:49:56+00:00","dateModified":"2022-06-03T12:51:08+00:00","breadcrumb":{"@id":"https:\/\/sites.uef.fi\/vaikuttavuuden-talo\/ilmoittautuminen-vaikuttavuuden-tutkimuksen-paiville-2022\/#breadcrumb"},"inLanguage":"fi","potentialAction":[{"@type":"ReadAction","target":["https:\/\/sites.uef.fi\/vaikuttavuuden-talo\/ilmoittautuminen-vaikuttavuuden-tutkimuksen-paiville-2022\/"]}]},{"@type":"BreadcrumbList","@id":"https:\/\/sites.uef.fi\/vaikuttavuuden-talo\/ilmoittautuminen-vaikuttavuuden-tutkimuksen-paiville-2022\/#breadcrumb","itemListElement":[{"@type":"ListItem","position":1,"name":"Home","item":"https:\/\/sites.uef.fi\/vaikuttavuuden-talo\/"},{"@type":"ListItem","position":2,"name":"Ilmoittautuminen 2022"}]},{"@type":"WebSite","@id":"https:\/\/sites.uef.fi\/vaikuttavuuden-talo\/#website","url":"https:\/\/sites.uef.fi\/vaikuttavuuden-talo\/","name":"Vaikuttavuuden talo","description":"","potentialAction":[{"@type":"SearchAction","target":{"@type":"EntryPoint","urlTemplate":"https:\/\/sites.uef.fi\/vaikuttavuuden-talo\/?s={search_term_string}"},"query-input":{"@type":"PropertyValueSpecification","valueRequired":true,"valueName":"search_term_string"}}],"inLanguage":"fi"}]}},"_links":{"self":[{"href":"https:\/\/sites.uef.fi\/vaikuttavuuden-talo\/wp-json\/wp\/v2\/pages\/5299","targetHints":{"allow":["GET"]}}],"collection":[{"href":"https:\/\/sites.uef.fi\/vaikuttavuuden-talo\/wp-json\/wp\/v2\/pages"}],"about":[{"href":"https:\/\/sites.uef.fi\/vaikuttavuuden-talo\/wp-json\/wp\/v2\/types\/page"}],"author":[{"embeddable":true,"href":"https:\/\/sites.uef.fi\/vaikuttavuuden-talo\/wp-json\/wp\/v2\/users\/44"}],"replies":[{"embeddable":true,"href":"https:\/\/sites.uef.fi\/vaikuttavuuden-talo\/wp-json\/wp\/v2\/comments?post=5299"}],"version-history":[{"count":3,"href":"https:\/\/sites.uef.fi\/vaikuttavuuden-talo\/wp-json\/wp\/v2\/pages\/5299\/revisions"}],"predecessor-version":[{"id":5342,"href":"https:\/\/sites.uef.fi\/vaikuttavuuden-talo\/wp-json\/wp\/v2\/pages\/5299\/revisions\/5342"}],"wp:attachment":[{"href":"https:\/\/sites.uef.fi\/vaikuttavuuden-talo\/wp-json\/wp\/v2\/media?parent=5299"}],"curies":[{"name":"wp","href":"https:\/\/api.w.org\/{rel}","templated":true}]}}