{"id":534,"date":"2020-05-19T09:24:41","date_gmt":"2020-05-19T07:24:41","guid":{"rendered":"https:\/\/sites.uef.fi\/vaikuttavuuden-talo\/?page_id=534"},"modified":"2024-10-24T09:30:29","modified_gmt":"2024-10-24T07:30:29","slug":"vaikuttavuuden-talon-esittely","status":"publish","type":"page","link":"https:\/\/sites.uef.fi\/vaikuttavuuden-talo\/vaikuttavuuden-talon-esittely\/","title":{"rendered":"Vaikuttavuuden talon esittely"},"content":{"rendered":"\n<p>Vaikuttavuuden talo on hyvinvointiin ja terveyteen liittyv\u00e4n vaikuttavuuden tutkimuksen ja koulutuksen monitieteinen yhteisty\u00f6verkosto It\u00e4-Suomen yliopistossa. Verkosto kokoaa vaikuttavuuden tutkimuksen tietoa hyvinvointiin ja terveyteen liittyvien palvelujen kehitt\u00e4misen ja p\u00e4\u00e4t\u00f6ksenteon sek\u00e4 sosiaali- ja terveyspalvelujen integraation tueksi.<\/p>\n\n\n\n<p>Vaikuttavuuden talo on tutkijoiden ja tutkimushankkeiden, yhteisty\u00f6kumppanien ja tutkimustietoa hy\u00f6dynt\u00e4vien tahojen keskustelu- ja kohtaamisfoorumi, joka edist\u00e4\u00e4 alan yhteisty\u00f6t\u00e4 ja verkostoitumista kansallisesti ja kansainv\u00e4lisesti.<\/p>\n\n\n\n<h2 class=\"wp-block-heading\">Vaikuttavuuden talon missio ja p\u00e4\u00e4teht\u00e4v\u00e4t<\/h2>\n\n\n\n<ul class=\"wp-block-list\">\n<li>Edist\u00e4\u00e4 vaikuttavuuteen liittyv\u00e4\u00e4 tutkimustoimintaa ja yhteisty\u00f6t\u00e4 alan kansallisten ja kansainv\u00e4listen kumppaneiden kanssa.<\/li>\n\n\n\n<li>Tuottaa vaikuttavuuden tutkimukseen perustuvaa tietoa\n<ul class=\"wp-block-list\">\n<li>hyvinvointiin ja terveyteen liittyvien palvelujen kehitt\u00e4miseksi,<\/li>\n\n\n\n<li>hyvinvointiin ja terveyteen liittyv\u00e4n p\u00e4\u00e4t\u00f6ksen tueksi,<\/li>\n\n\n\n<li>sosiaali- ja terveyspalvelujen integraation tueksi.<\/li>\n<\/ul>\n<\/li>\n<\/ul>\n\n\n\n<h2 class=\"wp-block-heading\">Vaikuttavuuden talon esittelymateriaalit<\/h2>\n\n\n\n<ul class=\"wp-block-list\">\n<li><a href=\"https:\/\/studentuef.sharepoint.com\/:b:\/s\/www-documents\/EWnGhq4XCIVBiS_bNp1gewUBEoH7LRQ0XO0Squ3JkCTGfA?e=2lS9i8\">Vaikuttavuuden talon esittelydiat (PowerPoint)<\/a><\/li>\n\n\n\n<li><a href=\"https:\/\/studentuef.sharepoint.com\/:b:\/s\/www-documents\/EdEwPC4mNFtEug0IomolpnkB6ZYlaR1xiMr6Z_gaUi2IQg?e=6kqa5a\">Introduction of the House of Effectiveness (PowerPoint)<\/a><\/li>\n<\/ul>\n\n\n\n<h3 class=\"wp-block-heading\">Vaikuttavuuden j\u00e4ljill\u00e4 -podcast<\/h3>\n\n\n\n<p>Kuinka vaikuttavuutta mitataan? Haastateltavana professori Ismo Linnosmaa.<\/p>\n\n\n\n<iframe loading=\"lazy\" width=\"100%\" height=\"166\" scrolling=\"no\" frameborder=\"no\" allow=\"autoplay\" src=\"https:\/\/w.soundcloud.com\/player\/?url=https%3A\/\/api.soundcloud.com\/tracks\/539064357&color=ff5500\"><\/iframe><div style=\"font-size: 10px; color: #cccccc;line-break: anywhere;word-break: normal;overflow: hidden;white-space: nowrap;text-overflow: ellipsis; font-family: Interstate,Lucida Grande,Lucida Sans Unicode,Lucida Sans,Garuda,Verdana,Tahoma,sans-serif;font-weight: 100;\"><a href=\"https:\/\/soundcloud.com\/uniuef\" title=\"University of Eastern Finland\" target=\"_blank\" style=\"color: #cccccc; text-decoration: none;\">University of Eastern Finland<\/a> \u00b7 <a href=\"https:\/\/soundcloud.com\/uniuef\/akateeminen-vartti-vaikuttavuuden-jaljilla\" title=\"Akateeminen vartti: Vaikuttavuuden j\u00e4ljill\u00e4\" target=\"_blank\" style=\"color: #cccccc; text-decoration: none;\">Akateeminen vartti: Vaikuttavuuden j\u00e4ljill\u00e4<\/a><\/div>\n","protected":false},"excerpt":{"rendered":"<p>Vaikuttavuuden talo on hyvinvointiin ja terveyteen liittyv\u00e4n vaikuttavuuden tutkimuksen ja koulutuksen monitieteinen yhteisty\u00f6verkosto It\u00e4-Suomen yliopistossa. Verkosto kokoaa vaikuttavuuden tutkimuksen tietoa hyvinvointiin ja terveyteen liittyvien palvelujen kehitt\u00e4misen ja p\u00e4\u00e4t\u00f6ksenteon sek\u00e4 sosiaali- ja terveyspalvelujen integraation tueksi. Vaikuttavuuden talo on tutkijoiden ja tutkimushankkeiden, yhteisty\u00f6kumppanien ja tutkimustietoa hy\u00f6dynt\u00e4vien tahojen keskustelu- ja kohtaamisfoorumi, joka edist\u00e4\u00e4 alan yhteisty\u00f6t\u00e4 ja verkostoitumista kansallisesti [&hellip;]<\/p>\n","protected":false},"author":44,"featured_media":0,"parent":0,"menu_order":0,"comment_status":"closed","ping_status":"closed","template":"","meta":{"_acf_changed":false,"_monsterinsights_skip_tracking":false,"_monsterinsights_sitenote_active":false,"_monsterinsights_sitenote_note":"","_monsterinsights_sitenote_category":0,"footnotes":""},"class_list":["post-534","page","type-page","status-publish","hentry"],"acf":[],"yoast_head":"<!-- This site is optimized with the Yoast SEO plugin v27.3 - https:\/\/yoast.com\/product\/yoast-seo-wordpress\/ -->\n<title>Vaikuttavuuden talon esittely - Vaikuttavuuden talo<\/title>\n<meta name=\"robots\" content=\"index, follow, max-snippet:-1, max-image-preview:large, max-video-preview:-1\" \/>\n<link rel=\"canonical\" href=\"https:\/\/sites.uef.fi\/vaikuttavuuden-talo\/vaikuttavuuden-talon-esittely\/\" \/>\n<meta property=\"og:locale\" content=\"fi_FI\" \/>\n<meta property=\"og:type\" content=\"article\" \/>\n<meta property=\"og:title\" content=\"Vaikuttavuuden talon esittely - Vaikuttavuuden talo\" \/>\n<meta property=\"og:description\" content=\"Vaikuttavuuden talo on hyvinvointiin ja terveyteen liittyv\u00e4n vaikuttavuuden tutkimuksen ja koulutuksen monitieteinen yhteisty\u00f6verkosto It\u00e4-Suomen yliopistossa. Verkosto kokoaa vaikuttavuuden tutkimuksen tietoa hyvinvointiin ja terveyteen liittyvien palvelujen kehitt\u00e4misen ja p\u00e4\u00e4t\u00f6ksenteon sek\u00e4 sosiaali- ja terveyspalvelujen integraation tueksi. Vaikuttavuuden talo on tutkijoiden ja tutkimushankkeiden, yhteisty\u00f6kumppanien ja tutkimustietoa hy\u00f6dynt\u00e4vien tahojen keskustelu- ja kohtaamisfoorumi, joka edist\u00e4\u00e4 alan yhteisty\u00f6t\u00e4 ja verkostoitumista kansallisesti [&hellip;]\" \/>\n<meta property=\"og:url\" content=\"https:\/\/sites.uef.fi\/vaikuttavuuden-talo\/vaikuttavuuden-talon-esittely\/\" \/>\n<meta property=\"og:site_name\" content=\"Vaikuttavuuden talo\" \/>\n<meta property=\"article:modified_time\" content=\"2024-10-24T07:30:29+00:00\" \/>\n<meta name=\"twitter:card\" content=\"summary_large_image\" \/>\n<meta name=\"twitter:label1\" content=\"Arvioitu lukuaika\" \/>\n\t<meta name=\"twitter:data1\" content=\"1 minuutti\" \/>\n<script type=\"application\/ld+json\" class=\"yoast-schema-graph\">{\"@context\":\"https:\\\/\\\/schema.org\",\"@graph\":[{\"@type\":\"WebPage\",\"@id\":\"https:\\\/\\\/sites.uef.fi\\\/vaikuttavuuden-talo\\\/vaikuttavuuden-talon-esittely\\\/\",\"url\":\"https:\\\/\\\/sites.uef.fi\\\/vaikuttavuuden-talo\\\/vaikuttavuuden-talon-esittely\\\/\",\"name\":\"Vaikuttavuuden talon esittely - Vaikuttavuuden talo\",\"isPartOf\":{\"@id\":\"https:\\\/\\\/sites.uef.fi\\\/vaikuttavuuden-talo\\\/#website\"},\"datePublished\":\"2020-05-19T07:24:41+00:00\",\"dateModified\":\"2024-10-24T07:30:29+00:00\",\"breadcrumb\":{\"@id\":\"https:\\\/\\\/sites.uef.fi\\\/vaikuttavuuden-talo\\\/vaikuttavuuden-talon-esittely\\\/#breadcrumb\"},\"inLanguage\":\"fi\",\"potentialAction\":[{\"@type\":\"ReadAction\",\"target\":[\"https:\\\/\\\/sites.uef.fi\\\/vaikuttavuuden-talo\\\/vaikuttavuuden-talon-esittely\\\/\"]}]},{\"@type\":\"BreadcrumbList\",\"@id\":\"https:\\\/\\\/sites.uef.fi\\\/vaikuttavuuden-talo\\\/vaikuttavuuden-talon-esittely\\\/#breadcrumb\",\"itemListElement\":[{\"@type\":\"ListItem\",\"position\":1,\"name\":\"Home\",\"item\":\"https:\\\/\\\/sites.uef.fi\\\/vaikuttavuuden-talo\\\/\"},{\"@type\":\"ListItem\",\"position\":2,\"name\":\"Vaikuttavuuden talon esittely\"}]},{\"@type\":\"WebSite\",\"@id\":\"https:\\\/\\\/sites.uef.fi\\\/vaikuttavuuden-talo\\\/#website\",\"url\":\"https:\\\/\\\/sites.uef.fi\\\/vaikuttavuuden-talo\\\/\",\"name\":\"Vaikuttavuuden talo\",\"description\":\"\",\"potentialAction\":[{\"@type\":\"SearchAction\",\"target\":{\"@type\":\"EntryPoint\",\"urlTemplate\":\"https:\\\/\\\/sites.uef.fi\\\/vaikuttavuuden-talo\\\/?s={search_term_string}\"},\"query-input\":{\"@type\":\"PropertyValueSpecification\",\"valueRequired\":true,\"valueName\":\"search_term_string\"}}],\"inLanguage\":\"fi\"}]}<\/script>\n<!-- \/ Yoast SEO plugin. -->","yoast_head_json":{"title":"Vaikuttavuuden talon esittely - Vaikuttavuuden talo","robots":{"index":"index","follow":"follow","max-snippet":"max-snippet:-1","max-image-preview":"max-image-preview:large","max-video-preview":"max-video-preview:-1"},"canonical":"https:\/\/sites.uef.fi\/vaikuttavuuden-talo\/vaikuttavuuden-talon-esittely\/","og_locale":"fi_FI","og_type":"article","og_title":"Vaikuttavuuden talon esittely - Vaikuttavuuden talo","og_description":"Vaikuttavuuden talo on hyvinvointiin ja terveyteen liittyv\u00e4n vaikuttavuuden tutkimuksen ja koulutuksen monitieteinen yhteisty\u00f6verkosto It\u00e4-Suomen yliopistossa. Verkosto kokoaa vaikuttavuuden tutkimuksen tietoa hyvinvointiin ja terveyteen liittyvien palvelujen kehitt\u00e4misen ja p\u00e4\u00e4t\u00f6ksenteon sek\u00e4 sosiaali- ja terveyspalvelujen integraation tueksi. Vaikuttavuuden talo on tutkijoiden ja tutkimushankkeiden, yhteisty\u00f6kumppanien ja tutkimustietoa hy\u00f6dynt\u00e4vien tahojen keskustelu- ja kohtaamisfoorumi, joka edist\u00e4\u00e4 alan yhteisty\u00f6t\u00e4 ja verkostoitumista kansallisesti [&hellip;]","og_url":"https:\/\/sites.uef.fi\/vaikuttavuuden-talo\/vaikuttavuuden-talon-esittely\/","og_site_name":"Vaikuttavuuden talo","article_modified_time":"2024-10-24T07:30:29+00:00","twitter_card":"summary_large_image","twitter_misc":{"Arvioitu lukuaika":"1 minuutti"},"schema":{"@context":"https:\/\/schema.org","@graph":[{"@type":"WebPage","@id":"https:\/\/sites.uef.fi\/vaikuttavuuden-talo\/vaikuttavuuden-talon-esittely\/","url":"https:\/\/sites.uef.fi\/vaikuttavuuden-talo\/vaikuttavuuden-talon-esittely\/","name":"Vaikuttavuuden talon esittely - Vaikuttavuuden talo","isPartOf":{"@id":"https:\/\/sites.uef.fi\/vaikuttavuuden-talo\/#website"},"datePublished":"2020-05-19T07:24:41+00:00","dateModified":"2024-10-24T07:30:29+00:00","breadcrumb":{"@id":"https:\/\/sites.uef.fi\/vaikuttavuuden-talo\/vaikuttavuuden-talon-esittely\/#breadcrumb"},"inLanguage":"fi","potentialAction":[{"@type":"ReadAction","target":["https:\/\/sites.uef.fi\/vaikuttavuuden-talo\/vaikuttavuuden-talon-esittely\/"]}]},{"@type":"BreadcrumbList","@id":"https:\/\/sites.uef.fi\/vaikuttavuuden-talo\/vaikuttavuuden-talon-esittely\/#breadcrumb","itemListElement":[{"@type":"ListItem","position":1,"name":"Home","item":"https:\/\/sites.uef.fi\/vaikuttavuuden-talo\/"},{"@type":"ListItem","position":2,"name":"Vaikuttavuuden talon esittely"}]},{"@type":"WebSite","@id":"https:\/\/sites.uef.fi\/vaikuttavuuden-talo\/#website","url":"https:\/\/sites.uef.fi\/vaikuttavuuden-talo\/","name":"Vaikuttavuuden talo","description":"","potentialAction":[{"@type":"SearchAction","target":{"@type":"EntryPoint","urlTemplate":"https:\/\/sites.uef.fi\/vaikuttavuuden-talo\/?s={search_term_string}"},"query-input":{"@type":"PropertyValueSpecification","valueRequired":true,"valueName":"search_term_string"}}],"inLanguage":"fi"}]}},"_links":{"self":[{"href":"https:\/\/sites.uef.fi\/vaikuttavuuden-talo\/wp-json\/wp\/v2\/pages\/534","targetHints":{"allow":["GET"]}}],"collection":[{"href":"https:\/\/sites.uef.fi\/vaikuttavuuden-talo\/wp-json\/wp\/v2\/pages"}],"about":[{"href":"https:\/\/sites.uef.fi\/vaikuttavuuden-talo\/wp-json\/wp\/v2\/types\/page"}],"author":[{"embeddable":true,"href":"https:\/\/sites.uef.fi\/vaikuttavuuden-talo\/wp-json\/wp\/v2\/users\/44"}],"replies":[{"embeddable":true,"href":"https:\/\/sites.uef.fi\/vaikuttavuuden-talo\/wp-json\/wp\/v2\/comments?post=534"}],"version-history":[{"count":2,"href":"https:\/\/sites.uef.fi\/vaikuttavuuden-talo\/wp-json\/wp\/v2\/pages\/534\/revisions"}],"predecessor-version":[{"id":11177,"href":"https:\/\/sites.uef.fi\/vaikuttavuuden-talo\/wp-json\/wp\/v2\/pages\/534\/revisions\/11177"}],"wp:attachment":[{"href":"https:\/\/sites.uef.fi\/vaikuttavuuden-talo\/wp-json\/wp\/v2\/media?parent=534"}],"curies":[{"name":"wp","href":"https:\/\/api.w.org\/{rel}","templated":true}]}}