{"id":5420,"date":"2022-06-29T11:23:32","date_gmt":"2022-06-29T09:23:32","guid":{"rendered":"https:\/\/sites.uef.fi\/vaikuttavuuden-talo\/?page_id=5420"},"modified":"2022-10-03T13:08:08","modified_gmt":"2022-10-03T11:08:08","slug":"ohjelma-2022","status":"publish","type":"page","link":"https:\/\/sites.uef.fi\/vaikuttavuuden-talo\/ohjelma-2022\/","title":{"rendered":"Ohjelma 2022"},"content":{"rendered":"\n<h1 class=\"wp-block-heading\">Vaikuttavuuden tutkimuksen p\u00e4ivien 2022 ohjelma<\/h1>\n\n\n\n<p><strong>Seuraa Vaikuttavuuden tutkimuksen p\u00e4ivi\u00e4 Twitteriss\u00e4: @VAIKtaloUEF, tviittaa #VTpaivat2022, #vaikuttavuus, #effectiveness<\/strong><\/p>\n\n\n\n<h2 class=\"wp-block-heading\">Maanantai 3.10.<\/h2>\n\n\n\n<p><a href=\"https:\/\/vaikuttavuusseura.wordpress.com\/\">Vaikuttavuusseura ry<\/a> ja Vaikuttavuuden talo j\u00e4rjest\u00e4v\u00e4t yhteisty\u00f6ss\u00e4 <\/p>\n\n\n\n<p><strong>prekonferenssity\u00f6pajan:<\/strong> <strong>Tutkimuksesta k\u00e4yt\u00e4nt\u00f6\u00f6n<\/strong><\/p>\n\n\n\n<p>Paikka: Hotelli Scandic Atlas, Haapaniemenkatu 22, 70110 KUOPIO<\/p>\n\n\n\n<p><strong>18.00 &#8211; 18.20 Avauspuheenvuoro: Paulus Torkki<\/strong>,<strong> <\/strong>Vaikuttavuusseura ry ja <strong>Tomi M\u00e4ki-Opas<\/strong>, Vaikuttavuuden talo, UEF<\/p>\n\n\n\n<p><strong>18:20 &#8211; 19:30 Ty\u00f6ryhm\u00e4t teemoittain:<\/strong><\/p>\n\n\n\n<ol class=\"wp-block-list\"><li>Vammaisten henkil\u00f6iden palvelut,<\/li><li>Lasten ja nuorten palvelut,<\/li><li>Sote-j\u00e4rjestelm\u00e4 ja hyvinvointialue<\/li><\/ol>\n\n\n\n<p>Ryhmiss\u00e4 pohdittavat kysymykset:<\/p>\n\n\n\n<ul class=\"wp-block-list\"><li>Millaista tutkimusta jo l\u00f6ytyy? <\/li><li>Millainen tutkimustieto olisi hy\u00f6dyllist\u00e4 palveluiden kehitt\u00e4misess\u00e4?<\/li><li>Mik\u00e4 on pullonkaula tutkimustiedon hy\u00f6dynt\u00e4misess\u00e4?<\/li><\/ul>\n\n\n\n<p><strong>19:30- Coctail-tilaisuus<\/strong>, <strong>tervetuliaispuheenvuoro<\/strong>, Kuopion apulaiskaupunginjohtaja <strong>Jari Saarinen<\/strong><\/p>\n\n\n\n<p>Tilaisuus on vaikuttavuuden tutkimuksen p\u00e4ivien osallistujille maksuton.<\/p>\n\n\n\n<h2 class=\"wp-block-heading\">Tiistai 4.10.<\/h2>\n\n\n\n<p><strong>8.00 &#8211; 8.45<\/strong> <strong>Ilmoittautuminen <\/strong>Snellmanian 1. kerroksen aula <strong>ja aamukahvit<\/strong> 2. kerros<\/p>\n\n\n\n<p><strong>8.45 &#8211; 9.00<\/strong> <strong>Vaikuttavuuden tutkimuksen p\u00e4ivien avaaminen<\/strong>, hyvinvointaluejohtaja <strong>Marko Korhonen<\/strong>, PSHVA (SN100)<\/p>\n\n\n\n<p><strong>9.00 &#8211; 10.00 PLENARY <a href=\"http:\/\/sites.uef.fi\/vaikuttavuuden-talo\/paapuhujien-abstraktit-2022\/#Webber\">\u201cMethodological aspects of evaluating effectiveness of social interventions\u201d<\/a><\/strong>, Professor<strong> Martin Webber<\/strong>, International Centre for Mental Health Social Research, University of York (SN100)<\/p>\n\n\n\n<p><strong>10.15 &#8211; 11.45 TEMAATTISET RINNAKKAISSESSIOT<\/strong><\/p>\n\n\n\n<p><a href=\"https:\/\/sites.uef.fi\/vaikuttavuuden-talo\/abstraktikirja-2022\/#sessio1\">SESSIO 1: Effectiveness of Social Work and Social Services, pj Elisa Tiilikainen (UEF)<\/a> (SN100)<\/p>\n\n\n\n<ul class=\"wp-block-list\"><li>Evidencing Effective Social Work Intervention in Finnish Health Care, Janet Carter Anand, UEF &amp; Lynette Joubert, University of Melbourne<\/li><li>Evidencing Health and Mental Health Social Work: a comparative study, Lynette Joubert, University of Melbourne <\/li><li>Methodological Insights Sosty\u00f6-Terva and Transformative Research, Janet Carter Anand, UEF, Ulla-Maija Kauppinen-Perttula, TAYS, Riekkinen-Tuovinen Sointu, KYS &amp; M\u00e4nnist\u00f6 Leena, HUS<\/li><li>IPS Sijoita ja valmenna ty\u00f6h\u00f6nvalmennuksen arviointitutkimus \u2013 esimerkki monimenetelm\u00e4llisest\u00e4 interventiotutkimuksesta, Kaija Appelqvist-Schmidlechner &amp; Noora Sipil\u00e4, THL<\/li><\/ul>\n\n\n\n<p><a href=\"https:\/\/sites.uef.fi\/vaikuttavuuden-talo\/abstraktikirja-2022\/#sessio2\">SESSIO 2: Implementointitutkimus (osa 1), pj Mervi Rantsi (UEF)<\/a> (SN201)<\/p>\n\n\n\n<p>KEYNOTE: &#8221;Implementointitutkimuksen tarve syntyy implementoinnin haasteista&#8221;,<strong> Eila Kankaanp\u00e4\u00e4<\/strong>, UEF<\/p>\n\n\n\n<ul class=\"wp-block-list\"><li>Aivoterveyden edist\u00e4misen jalkauttamisen haasteet ja mahdollisuudet, Jenni Kulmala, Tampereen yliopisto ja THL<\/li><li>L\u00e4\u00e4ke75+-tietokannan implementoinnin vaikuttavuus Suomessa: Katkaistu aikasarja-analyysi, Virva Hyttinen, It\u00e4-Suomen yliopisto<\/li><li>Muistisairauksien K\u00e4yp\u00e4 hoito \u2013suosituksen julkaisun vaikutus k\u00e4yt\u00f6soireiden l\u00e4\u00e4kehoitoon, Mervi Rantsi, It\u00e4-Suomen yliopisto<\/li><\/ul>\n\n\n\n<p><strong>11.45 &#8211; 13.00 Lounastauko<\/strong><\/p>\n\n\n\n<p><strong>13.00 &#8211; 14.30 TEMAATTISET RINNAKKAISSESSIOT<\/strong><\/p>\n\n\n\n<p><a href=\"https:\/\/sites.uef.fi\/vaikuttavuuden-talo\/abstraktikirja-2022\/#sessio3\">SESSIO 3: Vaikuttavuus hyvinvoinnin ja terveyden edist\u00e4misess\u00e4, pj Tomi M\u00e4ki-Opas (UEF)<\/a> (SN100)<\/p>\n\n\n\n<ul class=\"wp-block-list\"><li>Osallistuvalla tutkimuskumppanuudella vaikuttavuutta hyvinvointiin, Salla Sipari &amp; Nea V\u00e4nsk\u00e4, Metropolia AMK<\/li><li>PERUUNTUNUT <s>Iteratiivinen ja monimenetelm\u00e4llinen osatutkimus Let\u2019s Move It -intervention prosessiarvioinnissa, Katri Kostamo, Tampereen yliopisto<\/s><\/li><li>SOLA Matrix \u2013 Social Quality Effectiveness Indicators and Their Impact, Andra Aldea-L\u00f6pp\u00f6nen, Central Finland Health Care District &amp; Natalie Joubert, UEF<\/li><li>Data-driven long-term glycaemic control clusters and their individualized predictors in patients with type 2 diabetes, Piia Lavikainen, UEF<\/li><\/ul>\n\n\n\n<p><a href=\"https:\/\/sites.uef.fi\/vaikuttavuuden-talo\/abstraktikirja-2022\/#sessio4\">SESSIO 4: Implementointitutkimus (osa 2), pj Virva Hyttinen (UEF)<\/a> (SN201)<\/p>\n\n\n\n<ul class=\"wp-block-list\"><li>Miten tutkia kuntoutuspalvelun toteutumista; viitekehysten, menetelmien ja aineistojen vuoropuhelua, Maarit Karhula, Kelan tutkimus ja Kaakkois-Suomen ammattikorkeakoulu<\/li><li>Asiakkaiden odotuksia ja toiveita kuntoutuksen alkuvaiheessa -Et\u00e4kuntoutuksen implementaatiotutkimus, Hennariikka Heinijoki, Kela<\/li><li>Kelan LAKU-perhekuntoutuksen toimeenpano ja toteutus ammattilaisten arvioimana, Tiina Lautamo, Lapin ammattikorkeakoulu<\/li><li>Kehitysvammaisen lapsen toimintakyky\u00e4 ja osallisuutta tukevien terapioiden toteuttaminen, Anu Kippola-P\u00e4\u00e4kk\u00f6nen, Lapin AMK<\/li><\/ul>\n\n\n\n<p><strong>14.30 &#8211; 15.30<\/strong> <strong>Kahvitauko &amp; <a href=\"https:\/\/sites.uef.fi\/vaikuttavuuden-talo\/abstraktikirja-2022\/#posterit\">posterisessio<\/a><\/strong>, Kahvitauolla <a href=\"https:\/\/sites.uef.fi\/vaikuttavuuden-talo\/implementointitutkimus\/\" data-type=\"URL\" data-id=\"https:\/\/sites.uef.fi\/vaikuttavuuden-talo\/implementointitutkimus\/\">Implementoinnin tutkimusverkoston<\/a> avoin tapaaminen. (ala-aula)<\/p>\n\n\n\n<p><strong>15.30 &#8211; 16.30 PLENARY \u201cKansallisten laaturekisterien rakentamisen tilannekuva ja suunnittelu\u201d<\/strong>, erikoisl\u00e4\u00e4k\u00e4ri <strong>Jonna Salonen<\/strong>, ylil\u00e4\u00e4k\u00e4ri, Terveyden ja hyvinvoinnin laitos (SN100)<\/p>\n\n\n\n<p><strong>19.00 Illallinen<\/strong>, Kummised\u00e4n aitta (Minna Canthin katu 44)<\/p>\n\n\n\n<h2 class=\"wp-block-heading\">Keskiviikko 5.10.<\/h2>\n\n\n\n<p><strong>8.00 &#8211; 9.00<\/strong> <strong>Aamukahvit<\/strong>, Snellmanian 2. kerros<\/p>\n\n\n\n<p><strong>9.00 &#8211; 10.00 PLENARY<\/strong> <strong>\u201cVaikuttavuuden mittaamisen ja tutkimuksen yhdist\u00e4minen\u201d<\/strong>, dosentti <strong>Sakari Kainulainen<\/strong>, erityisasiantuntija, DiakHub, Diakonia-ammattikorkeakoulu (SN100)<\/p>\n\n\n\n<p><strong>10.15 &#8211; 11.45 TEMAATTISET RINNAKKAISESSIOT<\/strong><\/p>\n\n\n\n<p><a href=\"https:\/\/sites.uef.fi\/vaikuttavuuden-talo\/abstraktikirja-2022\/#sessio5\">SESSIO 5: Vaikuttavuuden mittaaminen ja tutkimusasetelmat, pj Antti-Jussi Kouvo (UEF)<\/a> (SN100)<\/p>\n\n\n\n<p>KEYNOTE &#8221;Vaikuttavuuden mittaaminen: n\u00e4k\u00f6kulmia geneerisiin PROM-mittareihin&#8221;, <strong>Paulus Torkki<\/strong><\/p>\n\n\n\n<ul class=\"wp-block-list\"><li>Vaikuttavuus sek\u00e4 kustannusten ja palveluiden k\u00e4yt\u00f6n muutokset sote-integroiduilla alueilla. Tuloksia monisairaiden ja muiden potilasryhmien seurannoista, Miika Linna, UEF, Aalto yliopisto<\/li><li>Reittiopas vaikuttavuuteen 2.0: keskeisempi rooli vaikuttavuusestimaattien tarkastelulle, Neill Booth, Summaryx Oy<\/li><li>Kasvun tuen arviointij\u00e4rjestelm\u00e4 lapsille, nuorille ja perheille suunnatuille psykososiaalisille menetelmille, Lotta Heikkil\u00e4, Itla<\/li><li>Suomen Joutsen eli terveydenhuollon sosiaality\u00f6n arviointimalli (F-SWAN), Leena M\u00e4nnist\u00f6, PKS Sosiaalialan osaamiskeskus Socca, HUS<\/li><\/ul>\n\n\n\n<p><a href=\"https:\/\/sites.uef.fi\/vaikuttavuuden-talo\/abstraktikirja-2022\/#sessio6\">SESSIO 6: Sosiaality\u00f6n ja sosiaalipalveluiden vaikuttavuus, pj Hanna Ristolainen (UEF)<\/a> (SN201)<\/p>\n\n\n\n<ul class=\"wp-block-list\"><li>Lapsuuden k\u00e4yt\u00f6songelmiin tarjottavan vanhemmuuden tuen kustannusvaikuttavuus erityisen tuen palveluiden perheiss\u00e4, Elisa Rissanen, UEF ja THL<\/li><li>Taloussosiaality\u00f6n interventio talousvaikeuksissa olevien lapsiperheiden tukena, Henna Isoniemi &amp; Meri Moisio, Turun yliopisto<\/li><li>Vaikuttavuutta tutkimassa &#8211; p\u00e4ihteit\u00e4 ongelmallisesti k\u00e4ytt\u00e4vien asiakassegmentointi, Katja Kuusisto, Tampereen yliopisto<\/li><li>P\u00e4ihdepalvelujen saavutettavuus, Heidi Vanjusov, UEF<\/li><\/ul>\n\n\n\n<p><strong>11.45 &#8211; 12.45 Lounastauko<\/strong><\/p>\n\n\n\n<p><strong>12.45 &#8211; 13.45 PLENARY <a href=\"http:\/\/sites.uef.fi\/vaikuttavuuden-talo\/paapuhujien-abstraktit-2022\/#Adler\">\u201dMeasuring Social Welfare, with Priority for the Worse Off\u201d<\/a><\/strong>, Professor<strong> Matthew D. Adler<\/strong>, Duke Law School, Duke University (SN100)<\/p>\n\n\n\n<p><strong>13.45 &#8211; 14.15<\/strong> <strong>Yhteenveto tutkimusp\u00e4ivist\u00e4 ja kutsu vuoden 2023 Vaikuttavuuden tutkimuksen p\u00e4iville<\/strong>, tutkimusjohtaja <strong>Tomi M\u00e4ki-Opas<\/strong>, Vaikuttavuuden talo, UEF (SN100)<\/p>\n","protected":false},"excerpt":{"rendered":"<p>Vaikuttavuuden tutkimuksen p\u00e4ivien 2022 ohjelma Seuraa Vaikuttavuuden tutkimuksen p\u00e4ivi\u00e4 Twitteriss\u00e4: @VAIKtaloUEF, tviittaa #VTpaivat2022, #vaikuttavuus, #effectiveness Maanantai 3.10. Vaikuttavuusseura ry ja Vaikuttavuuden talo j\u00e4rjest\u00e4v\u00e4t yhteisty\u00f6ss\u00e4 prekonferenssity\u00f6pajan: Tutkimuksesta k\u00e4yt\u00e4nt\u00f6\u00f6n Paikka: Hotelli Scandic Atlas, Haapaniemenkatu 22, 70110 KUOPIO 18.00 &#8211; 18.20 Avauspuheenvuoro: Paulus Torkki, Vaikuttavuusseura ry ja Tomi M\u00e4ki-Opas, Vaikuttavuuden talo, UEF 18:20 &#8211; 19:30 Ty\u00f6ryhm\u00e4t teemoittain: Vammaisten [&hellip;]<\/p>\n","protected":false},"author":44,"featured_media":0,"parent":0,"menu_order":0,"comment_status":"closed","ping_status":"closed","template":"","meta":{"_acf_changed":false,"_monsterinsights_skip_tracking":false,"_monsterinsights_sitenote_active":false,"_monsterinsights_sitenote_note":"","_monsterinsights_sitenote_category":0,"footnotes":""},"class_list":["post-5420","page","type-page","status-publish","hentry"],"acf":[],"yoast_head":"<!-- This site is optimized with the Yoast SEO plugin v27.1.1 - https:\/\/yoast.com\/product\/yoast-seo-wordpress\/ -->\n<title>Ohjelma 2022 - Vaikuttavuuden talo<\/title>\n<meta name=\"robots\" content=\"index, follow, max-snippet:-1, max-image-preview:large, max-video-preview:-1\" \/>\n<link rel=\"canonical\" href=\"https:\/\/sites.uef.fi\/vaikuttavuuden-talo\/ohjelma-2022\/\" \/>\n<meta property=\"og:locale\" content=\"fi_FI\" \/>\n<meta property=\"og:type\" content=\"article\" \/>\n<meta property=\"og:title\" content=\"Ohjelma 2022 - Vaikuttavuuden talo\" \/>\n<meta property=\"og:description\" content=\"Vaikuttavuuden tutkimuksen p\u00e4ivien 2022 ohjelma Seuraa Vaikuttavuuden tutkimuksen p\u00e4ivi\u00e4 Twitteriss\u00e4: @VAIKtaloUEF, tviittaa #VTpaivat2022, #vaikuttavuus, #effectiveness Maanantai 3.10. Vaikuttavuusseura ry ja Vaikuttavuuden talo j\u00e4rjest\u00e4v\u00e4t yhteisty\u00f6ss\u00e4 prekonferenssity\u00f6pajan: Tutkimuksesta k\u00e4yt\u00e4nt\u00f6\u00f6n Paikka: Hotelli Scandic Atlas, Haapaniemenkatu 22, 70110 KUOPIO 18.00 &#8211; 18.20 Avauspuheenvuoro: Paulus Torkki, Vaikuttavuusseura ry ja Tomi M\u00e4ki-Opas, Vaikuttavuuden talo, UEF 18:20 &#8211; 19:30 Ty\u00f6ryhm\u00e4t teemoittain: Vammaisten [&hellip;]\" \/>\n<meta property=\"og:url\" content=\"https:\/\/sites.uef.fi\/vaikuttavuuden-talo\/ohjelma-2022\/\" \/>\n<meta property=\"og:site_name\" content=\"Vaikuttavuuden talo\" \/>\n<meta property=\"article:modified_time\" content=\"2022-10-03T11:08:08+00:00\" \/>\n<meta name=\"twitter:card\" content=\"summary_large_image\" \/>\n<meta name=\"twitter:label1\" content=\"Arvioitu lukuaika\" \/>\n\t<meta name=\"twitter:data1\" content=\"3 minuuttia\" \/>\n<script type=\"application\/ld+json\" class=\"yoast-schema-graph\">{\"@context\":\"https:\/\/schema.org\",\"@graph\":[{\"@type\":\"WebPage\",\"@id\":\"https:\/\/sites.uef.fi\/vaikuttavuuden-talo\/ohjelma-2022\/\",\"url\":\"https:\/\/sites.uef.fi\/vaikuttavuuden-talo\/ohjelma-2022\/\",\"name\":\"Ohjelma 2022 - Vaikuttavuuden talo\",\"isPartOf\":{\"@id\":\"https:\/\/sites.uef.fi\/vaikuttavuuden-talo\/#website\"},\"datePublished\":\"2022-06-29T09:23:32+00:00\",\"dateModified\":\"2022-10-03T11:08:08+00:00\",\"breadcrumb\":{\"@id\":\"https:\/\/sites.uef.fi\/vaikuttavuuden-talo\/ohjelma-2022\/#breadcrumb\"},\"inLanguage\":\"fi\",\"potentialAction\":[{\"@type\":\"ReadAction\",\"target\":[\"https:\/\/sites.uef.fi\/vaikuttavuuden-talo\/ohjelma-2022\/\"]}]},{\"@type\":\"BreadcrumbList\",\"@id\":\"https:\/\/sites.uef.fi\/vaikuttavuuden-talo\/ohjelma-2022\/#breadcrumb\",\"itemListElement\":[{\"@type\":\"ListItem\",\"position\":1,\"name\":\"Home\",\"item\":\"https:\/\/sites.uef.fi\/vaikuttavuuden-talo\/\"},{\"@type\":\"ListItem\",\"position\":2,\"name\":\"Ohjelma 2022\"}]},{\"@type\":\"WebSite\",\"@id\":\"https:\/\/sites.uef.fi\/vaikuttavuuden-talo\/#website\",\"url\":\"https:\/\/sites.uef.fi\/vaikuttavuuden-talo\/\",\"name\":\"Vaikuttavuuden talo\",\"description\":\"\",\"potentialAction\":[{\"@type\":\"SearchAction\",\"target\":{\"@type\":\"EntryPoint\",\"urlTemplate\":\"https:\/\/sites.uef.fi\/vaikuttavuuden-talo\/?s={search_term_string}\"},\"query-input\":{\"@type\":\"PropertyValueSpecification\",\"valueRequired\":true,\"valueName\":\"search_term_string\"}}],\"inLanguage\":\"fi\"}]}<\/script>\n<!-- \/ Yoast SEO plugin. -->","yoast_head_json":{"title":"Ohjelma 2022 - Vaikuttavuuden talo","robots":{"index":"index","follow":"follow","max-snippet":"max-snippet:-1","max-image-preview":"max-image-preview:large","max-video-preview":"max-video-preview:-1"},"canonical":"https:\/\/sites.uef.fi\/vaikuttavuuden-talo\/ohjelma-2022\/","og_locale":"fi_FI","og_type":"article","og_title":"Ohjelma 2022 - Vaikuttavuuden talo","og_description":"Vaikuttavuuden tutkimuksen p\u00e4ivien 2022 ohjelma Seuraa Vaikuttavuuden tutkimuksen p\u00e4ivi\u00e4 Twitteriss\u00e4: @VAIKtaloUEF, tviittaa #VTpaivat2022, #vaikuttavuus, #effectiveness Maanantai 3.10. Vaikuttavuusseura ry ja Vaikuttavuuden talo j\u00e4rjest\u00e4v\u00e4t yhteisty\u00f6ss\u00e4 prekonferenssity\u00f6pajan: Tutkimuksesta k\u00e4yt\u00e4nt\u00f6\u00f6n Paikka: Hotelli Scandic Atlas, Haapaniemenkatu 22, 70110 KUOPIO 18.00 &#8211; 18.20 Avauspuheenvuoro: Paulus Torkki, Vaikuttavuusseura ry ja Tomi M\u00e4ki-Opas, Vaikuttavuuden talo, UEF 18:20 &#8211; 19:30 Ty\u00f6ryhm\u00e4t teemoittain: Vammaisten [&hellip;]","og_url":"https:\/\/sites.uef.fi\/vaikuttavuuden-talo\/ohjelma-2022\/","og_site_name":"Vaikuttavuuden talo","article_modified_time":"2022-10-03T11:08:08+00:00","twitter_card":"summary_large_image","twitter_misc":{"Arvioitu lukuaika":"3 minuuttia"},"schema":{"@context":"https:\/\/schema.org","@graph":[{"@type":"WebPage","@id":"https:\/\/sites.uef.fi\/vaikuttavuuden-talo\/ohjelma-2022\/","url":"https:\/\/sites.uef.fi\/vaikuttavuuden-talo\/ohjelma-2022\/","name":"Ohjelma 2022 - Vaikuttavuuden talo","isPartOf":{"@id":"https:\/\/sites.uef.fi\/vaikuttavuuden-talo\/#website"},"datePublished":"2022-06-29T09:23:32+00:00","dateModified":"2022-10-03T11:08:08+00:00","breadcrumb":{"@id":"https:\/\/sites.uef.fi\/vaikuttavuuden-talo\/ohjelma-2022\/#breadcrumb"},"inLanguage":"fi","potentialAction":[{"@type":"ReadAction","target":["https:\/\/sites.uef.fi\/vaikuttavuuden-talo\/ohjelma-2022\/"]}]},{"@type":"BreadcrumbList","@id":"https:\/\/sites.uef.fi\/vaikuttavuuden-talo\/ohjelma-2022\/#breadcrumb","itemListElement":[{"@type":"ListItem","position":1,"name":"Home","item":"https:\/\/sites.uef.fi\/vaikuttavuuden-talo\/"},{"@type":"ListItem","position":2,"name":"Ohjelma 2022"}]},{"@type":"WebSite","@id":"https:\/\/sites.uef.fi\/vaikuttavuuden-talo\/#website","url":"https:\/\/sites.uef.fi\/vaikuttavuuden-talo\/","name":"Vaikuttavuuden talo","description":"","potentialAction":[{"@type":"SearchAction","target":{"@type":"EntryPoint","urlTemplate":"https:\/\/sites.uef.fi\/vaikuttavuuden-talo\/?s={search_term_string}"},"query-input":{"@type":"PropertyValueSpecification","valueRequired":true,"valueName":"search_term_string"}}],"inLanguage":"fi"}]}},"_links":{"self":[{"href":"https:\/\/sites.uef.fi\/vaikuttavuuden-talo\/wp-json\/wp\/v2\/pages\/5420","targetHints":{"allow":["GET"]}}],"collection":[{"href":"https:\/\/sites.uef.fi\/vaikuttavuuden-talo\/wp-json\/wp\/v2\/pages"}],"about":[{"href":"https:\/\/sites.uef.fi\/vaikuttavuuden-talo\/wp-json\/wp\/v2\/types\/page"}],"author":[{"embeddable":true,"href":"https:\/\/sites.uef.fi\/vaikuttavuuden-talo\/wp-json\/wp\/v2\/users\/44"}],"replies":[{"embeddable":true,"href":"https:\/\/sites.uef.fi\/vaikuttavuuden-talo\/wp-json\/wp\/v2\/comments?post=5420"}],"version-history":[{"count":3,"href":"https:\/\/sites.uef.fi\/vaikuttavuuden-talo\/wp-json\/wp\/v2\/pages\/5420\/revisions"}],"predecessor-version":[{"id":8029,"href":"https:\/\/sites.uef.fi\/vaikuttavuuden-talo\/wp-json\/wp\/v2\/pages\/5420\/revisions\/8029"}],"wp:attachment":[{"href":"https:\/\/sites.uef.fi\/vaikuttavuuden-talo\/wp-json\/wp\/v2\/media?parent=5420"}],"curies":[{"name":"wp","href":"https:\/\/api.w.org\/{rel}","templated":true}]}}