{"id":56,"date":"2020-04-29T13:49:27","date_gmt":"2020-04-29T11:49:27","guid":{"rendered":"https:\/\/sites.uef.fi\/vaikuttavuuden-talo\/?page_id=56"},"modified":"2024-01-24T09:44:36","modified_gmt":"2024-01-24T07:44:36","slug":"tutkimus","status":"publish","type":"page","link":"https:\/\/sites.uef.fi\/vaikuttavuuden-talo\/tutkimus\/","title":{"rendered":"Tutkimus"},"content":{"rendered":"\n<h2 class=\"wp-block-heading\" id=\"yui_patched_v3_11_0_1_1588235900317_539\">Vaikuttavuuden tutkimus It\u00e4-Suomen yliopistossa<\/h2>\n\n\n\n<p>Vaikuttavuustiedon merkitys kasvaa ik\u00e4\u00e4ntyv\u00e4ss\u00e4 Suomessa, Euroopassa ja maailmanlaajuisesti. Palveluj\u00e4rjestelm\u00e4lt\u00e4 kysyt\u00e4\u00e4n kyky\u00e4 uudistua kansalaisten tarpeiden mukaan.<\/p>\n\n\n\n<p id=\"yui_patched_v3_11_0_1_1588235900317_509\">Ihmisten el\u00e4m\u00e4ntilanteiden ja n\u00e4kemysten moninaisuus haastaa niin hoidon ja ennaltaehk\u00e4isyn kuin sosiaalipalvelutkin. Nykyisten ja uusien hoitojen ja palveluiden, hoito- ja palveluk\u00e4yt\u00e4nt\u00f6jen, ty\u00f6menetelmien ja ehk\u00e4isevien toimien vaikuttavuutta on tutkittava, jotta rajalliset resurssit osattaisiin kohdistaa ja k\u00e4ytt\u00e4\u00e4 mahdollisimman vaikuttavasti. Sosiaali- ja terveyspalvelujen uudistaminen edellytt\u00e4\u00e4 palveluilta hyv\u00e4\u00e4 saatavuutta, laatua ja joustavuutta sek\u00e4 haastaa siilomaiset ty\u00f6skentelytavat.<\/p>\n\n\n\n<p>Tutustu Vaikuttavuuden talon tutkimukseen nelj\u00e4ll\u00e4 eri osa-alueella<\/p>\n\n\n\n<ol class=\"wp-block-list\">\n<li><a href=\"https:\/\/sites.uef.fi\/vaikuttavuuden-talo\/vaikuttava-hyvinvoinnin-ja-terveyden-edistaminen\/\">Hyvinvoinnin ja terveyden edist\u00e4minen<\/a><\/li>\n\n\n\n<li><a href=\"https:\/\/sites.uef.fi\/vaikuttavuuden-talo\/vaikuttavuus-ja-kustannusvaikuttavuus\/\">Sosiaali- ja terveyspalvelut sek\u00e4 niiden integraatio<\/a><\/li>\n\n\n\n<li><a href=\"https:\/\/sites.uef.fi\/vaikuttavuuden-talo\/menetelmakehitys-ja-aineistolahtoiset-lahestymistavat\/\">Menetelm\u00e4kehitys ja aineistol\u00e4ht\u00f6iset l\u00e4hestymistavat<\/a><\/li>\n\n\n\n<li><a href=\"https:\/\/sites.uef.fi\/vaikuttavuuden-talo\/sote-johtaminen-paatoksenteko-ja-lainsaadanto\/\">SOTE-johtaminen, -p\u00e4\u00e4t\u00f6ksenteko ja -lains\u00e4\u00e4d\u00e4nt\u00f6<\/a><\/li>\n<\/ol>\n\n\n\n<h3 class=\"wp-block-heading\" id=\"yui_patched_v3_11_0_1_1588236547437_515\">Ehdota tutkimusideaa, opinn\u00e4ytett\u00e4 tai yhteisty\u00f6t\u00e4!<\/h3>\n\n\n\n<p>Vaikuttavuuden talo&nbsp;ottaa vastaan ehdotuksia tutkimusideoista, opinn\u00e4ytteist\u00e4 tai tutkimusyhteisty\u00f6ehdotuksia, jotka palvelisivat keskeisi\u00e4 sidosryhmi\u00e4 k\u00e4yt\u00e4nn\u00f6n ty\u00f6ss\u00e4 ja tukisivat p\u00e4\u00e4t\u00f6ksentekoa.<\/p>\n\n\n\n<p><strong>Voit ehdottaa tutkimusideaa joko opiskelijaty\u00f6n\u00e4 teht\u00e4v\u00e4ksi tai laajempaa tutkimusyhteisty\u00f6t\u00e4 varten <\/strong><a href=\"https:\/\/link.webropolsurveys.com\/Participation\/Public\/21392ed6-67ae-4324-9358-ccb3120cf9af?displayId=Fin2091297\" target=\"_blank\" rel=\"noreferrer noopener\"><strong>s\u00e4hk\u00f6isell\u00e4 lomakkeella<\/strong><\/a>.<\/p>\n\n\n\n<p>Tutkimusideat toteutetaan p\u00e4\u00e4osin opiskelijavoimin.<\/p>\n\n\n\n<p>Kaikki tutkimusideat k\u00e4yd\u00e4\u00e4n l\u00e4pi Vaikuttavuuden tutkimusyhteis\u00f6n (RC) johtoryhm\u00e4ss\u00e4, jossa arvioidaan tutkimusidean toteutettavuus opiskelijaty\u00f6n\u00e4 tai laajempana tutkimushankkeena sek\u00e4 mahdolliset rajaus- ja lis\u00e4resurssitarpeet.<\/p>\n\n\n\n<p id=\"yui_patched_v3_11_0_1_1588236547437_570\">K\u00e4sittelemme tulleet ideat kuukausittain (1krt\/kk) ja olemme aina yhteydess\u00e4 sen j\u00e4lkeen.<\/p>\n","protected":false},"excerpt":{"rendered":"<p>Vaikuttavuuden tutkimus It\u00e4-Suomen yliopistossa Vaikuttavuustiedon merkitys kasvaa ik\u00e4\u00e4ntyv\u00e4ss\u00e4 Suomessa, Euroopassa ja maailmanlaajuisesti. Palveluj\u00e4rjestelm\u00e4lt\u00e4 kysyt\u00e4\u00e4n kyky\u00e4 uudistua kansalaisten tarpeiden mukaan. Ihmisten el\u00e4m\u00e4ntilanteiden ja n\u00e4kemysten moninaisuus haastaa niin hoidon ja ennaltaehk\u00e4isyn kuin sosiaalipalvelutkin. Nykyisten ja uusien hoitojen ja palveluiden, hoito- ja palveluk\u00e4yt\u00e4nt\u00f6jen, ty\u00f6menetelmien ja ehk\u00e4isevien toimien vaikuttavuutta on tutkittava, jotta rajalliset resurssit osattaisiin kohdistaa ja k\u00e4ytt\u00e4\u00e4 mahdollisimman [&hellip;]<\/p>\n","protected":false},"author":44,"featured_media":0,"parent":0,"menu_order":0,"comment_status":"closed","ping_status":"closed","template":"","meta":{"_acf_changed":false,"_monsterinsights_skip_tracking":false,"_monsterinsights_sitenote_active":false,"_monsterinsights_sitenote_note":"","_monsterinsights_sitenote_category":0,"footnotes":""},"class_list":["post-56","page","type-page","status-publish","hentry"],"acf":[],"yoast_head":"<!-- This site is optimized with the Yoast SEO plugin v27.1.1 - https:\/\/yoast.com\/product\/yoast-seo-wordpress\/ -->\n<title>Tutkimus - Vaikuttavuuden talo<\/title>\n<meta name=\"robots\" content=\"index, follow, max-snippet:-1, max-image-preview:large, max-video-preview:-1\" \/>\n<link rel=\"canonical\" href=\"https:\/\/sites.uef.fi\/vaikuttavuuden-talo\/tutkimus\/\" \/>\n<meta property=\"og:locale\" content=\"fi_FI\" \/>\n<meta property=\"og:type\" content=\"article\" \/>\n<meta property=\"og:title\" content=\"Tutkimus - Vaikuttavuuden talo\" \/>\n<meta property=\"og:description\" content=\"Vaikuttavuuden tutkimus It\u00e4-Suomen yliopistossa Vaikuttavuustiedon merkitys kasvaa ik\u00e4\u00e4ntyv\u00e4ss\u00e4 Suomessa, Euroopassa ja maailmanlaajuisesti. Palveluj\u00e4rjestelm\u00e4lt\u00e4 kysyt\u00e4\u00e4n kyky\u00e4 uudistua kansalaisten tarpeiden mukaan. Ihmisten el\u00e4m\u00e4ntilanteiden ja n\u00e4kemysten moninaisuus haastaa niin hoidon ja ennaltaehk\u00e4isyn kuin sosiaalipalvelutkin. Nykyisten ja uusien hoitojen ja palveluiden, hoito- ja palveluk\u00e4yt\u00e4nt\u00f6jen, ty\u00f6menetelmien ja ehk\u00e4isevien toimien vaikuttavuutta on tutkittava, jotta rajalliset resurssit osattaisiin kohdistaa ja k\u00e4ytt\u00e4\u00e4 mahdollisimman [&hellip;]\" \/>\n<meta property=\"og:url\" content=\"https:\/\/sites.uef.fi\/vaikuttavuuden-talo\/tutkimus\/\" \/>\n<meta property=\"og:site_name\" content=\"Vaikuttavuuden talo\" \/>\n<meta property=\"article:modified_time\" content=\"2024-01-24T07:44:36+00:00\" \/>\n<meta name=\"twitter:card\" content=\"summary_large_image\" \/>\n<meta name=\"twitter:label1\" content=\"Arvioitu lukuaika\" \/>\n\t<meta name=\"twitter:data1\" content=\"2 minuuttia\" \/>\n<script type=\"application\/ld+json\" class=\"yoast-schema-graph\">{\"@context\":\"https:\/\/schema.org\",\"@graph\":[{\"@type\":\"WebPage\",\"@id\":\"https:\/\/sites.uef.fi\/vaikuttavuuden-talo\/tutkimus\/\",\"url\":\"https:\/\/sites.uef.fi\/vaikuttavuuden-talo\/tutkimus\/\",\"name\":\"Tutkimus - Vaikuttavuuden talo\",\"isPartOf\":{\"@id\":\"https:\/\/sites.uef.fi\/vaikuttavuuden-talo\/#website\"},\"datePublished\":\"2020-04-29T11:49:27+00:00\",\"dateModified\":\"2024-01-24T07:44:36+00:00\",\"breadcrumb\":{\"@id\":\"https:\/\/sites.uef.fi\/vaikuttavuuden-talo\/tutkimus\/#breadcrumb\"},\"inLanguage\":\"fi\",\"potentialAction\":[{\"@type\":\"ReadAction\",\"target\":[\"https:\/\/sites.uef.fi\/vaikuttavuuden-talo\/tutkimus\/\"]}]},{\"@type\":\"BreadcrumbList\",\"@id\":\"https:\/\/sites.uef.fi\/vaikuttavuuden-talo\/tutkimus\/#breadcrumb\",\"itemListElement\":[{\"@type\":\"ListItem\",\"position\":1,\"name\":\"Home\",\"item\":\"https:\/\/sites.uef.fi\/vaikuttavuuden-talo\/\"},{\"@type\":\"ListItem\",\"position\":2,\"name\":\"Tutkimus\"}]},{\"@type\":\"WebSite\",\"@id\":\"https:\/\/sites.uef.fi\/vaikuttavuuden-talo\/#website\",\"url\":\"https:\/\/sites.uef.fi\/vaikuttavuuden-talo\/\",\"name\":\"Vaikuttavuuden talo\",\"description\":\"\",\"potentialAction\":[{\"@type\":\"SearchAction\",\"target\":{\"@type\":\"EntryPoint\",\"urlTemplate\":\"https:\/\/sites.uef.fi\/vaikuttavuuden-talo\/?s={search_term_string}\"},\"query-input\":{\"@type\":\"PropertyValueSpecification\",\"valueRequired\":true,\"valueName\":\"search_term_string\"}}],\"inLanguage\":\"fi\"}]}<\/script>\n<!-- \/ Yoast SEO plugin. -->","yoast_head_json":{"title":"Tutkimus - Vaikuttavuuden talo","robots":{"index":"index","follow":"follow","max-snippet":"max-snippet:-1","max-image-preview":"max-image-preview:large","max-video-preview":"max-video-preview:-1"},"canonical":"https:\/\/sites.uef.fi\/vaikuttavuuden-talo\/tutkimus\/","og_locale":"fi_FI","og_type":"article","og_title":"Tutkimus - Vaikuttavuuden talo","og_description":"Vaikuttavuuden tutkimus It\u00e4-Suomen yliopistossa Vaikuttavuustiedon merkitys kasvaa ik\u00e4\u00e4ntyv\u00e4ss\u00e4 Suomessa, Euroopassa ja maailmanlaajuisesti. Palveluj\u00e4rjestelm\u00e4lt\u00e4 kysyt\u00e4\u00e4n kyky\u00e4 uudistua kansalaisten tarpeiden mukaan. Ihmisten el\u00e4m\u00e4ntilanteiden ja n\u00e4kemysten moninaisuus haastaa niin hoidon ja ennaltaehk\u00e4isyn kuin sosiaalipalvelutkin. Nykyisten ja uusien hoitojen ja palveluiden, hoito- ja palveluk\u00e4yt\u00e4nt\u00f6jen, ty\u00f6menetelmien ja ehk\u00e4isevien toimien vaikuttavuutta on tutkittava, jotta rajalliset resurssit osattaisiin kohdistaa ja k\u00e4ytt\u00e4\u00e4 mahdollisimman [&hellip;]","og_url":"https:\/\/sites.uef.fi\/vaikuttavuuden-talo\/tutkimus\/","og_site_name":"Vaikuttavuuden talo","article_modified_time":"2024-01-24T07:44:36+00:00","twitter_card":"summary_large_image","twitter_misc":{"Arvioitu lukuaika":"2 minuuttia"},"schema":{"@context":"https:\/\/schema.org","@graph":[{"@type":"WebPage","@id":"https:\/\/sites.uef.fi\/vaikuttavuuden-talo\/tutkimus\/","url":"https:\/\/sites.uef.fi\/vaikuttavuuden-talo\/tutkimus\/","name":"Tutkimus - Vaikuttavuuden talo","isPartOf":{"@id":"https:\/\/sites.uef.fi\/vaikuttavuuden-talo\/#website"},"datePublished":"2020-04-29T11:49:27+00:00","dateModified":"2024-01-24T07:44:36+00:00","breadcrumb":{"@id":"https:\/\/sites.uef.fi\/vaikuttavuuden-talo\/tutkimus\/#breadcrumb"},"inLanguage":"fi","potentialAction":[{"@type":"ReadAction","target":["https:\/\/sites.uef.fi\/vaikuttavuuden-talo\/tutkimus\/"]}]},{"@type":"BreadcrumbList","@id":"https:\/\/sites.uef.fi\/vaikuttavuuden-talo\/tutkimus\/#breadcrumb","itemListElement":[{"@type":"ListItem","position":1,"name":"Home","item":"https:\/\/sites.uef.fi\/vaikuttavuuden-talo\/"},{"@type":"ListItem","position":2,"name":"Tutkimus"}]},{"@type":"WebSite","@id":"https:\/\/sites.uef.fi\/vaikuttavuuden-talo\/#website","url":"https:\/\/sites.uef.fi\/vaikuttavuuden-talo\/","name":"Vaikuttavuuden talo","description":"","potentialAction":[{"@type":"SearchAction","target":{"@type":"EntryPoint","urlTemplate":"https:\/\/sites.uef.fi\/vaikuttavuuden-talo\/?s={search_term_string}"},"query-input":{"@type":"PropertyValueSpecification","valueRequired":true,"valueName":"search_term_string"}}],"inLanguage":"fi"}]}},"_links":{"self":[{"href":"https:\/\/sites.uef.fi\/vaikuttavuuden-talo\/wp-json\/wp\/v2\/pages\/56","targetHints":{"allow":["GET"]}}],"collection":[{"href":"https:\/\/sites.uef.fi\/vaikuttavuuden-talo\/wp-json\/wp\/v2\/pages"}],"about":[{"href":"https:\/\/sites.uef.fi\/vaikuttavuuden-talo\/wp-json\/wp\/v2\/types\/page"}],"author":[{"embeddable":true,"href":"https:\/\/sites.uef.fi\/vaikuttavuuden-talo\/wp-json\/wp\/v2\/users\/44"}],"replies":[{"embeddable":true,"href":"https:\/\/sites.uef.fi\/vaikuttavuuden-talo\/wp-json\/wp\/v2\/comments?post=56"}],"version-history":[{"count":2,"href":"https:\/\/sites.uef.fi\/vaikuttavuuden-talo\/wp-json\/wp\/v2\/pages\/56\/revisions"}],"predecessor-version":[{"id":9243,"href":"https:\/\/sites.uef.fi\/vaikuttavuuden-talo\/wp-json\/wp\/v2\/pages\/56\/revisions\/9243"}],"wp:attachment":[{"href":"https:\/\/sites.uef.fi\/vaikuttavuuden-talo\/wp-json\/wp\/v2\/media?parent=56"}],"curies":[{"name":"wp","href":"https:\/\/api.w.org\/{rel}","templated":true}]}}