{"id":6120,"date":"2022-08-26T09:07:44","date_gmt":"2022-08-26T07:07:44","guid":{"rendered":"https:\/\/sites.uef.fi\/vaikuttavuuden-talo\/?page_id=6120"},"modified":"2023-06-21T10:30:38","modified_gmt":"2023-06-21T08:30:38","slug":"implementointitutkimus","status":"publish","type":"page","link":"https:\/\/sites.uef.fi\/vaikuttavuuden-talo\/implementointitutkimus\/","title":{"rendered":"Vaikuttavien k\u00e4yt\u00e4nt\u00f6jen implementoinnin tutkimusverkosto"},"content":{"rendered":"\n<p>It\u00e4-Suomen yliopiston Vaikuttavuus sosiaali- ja terveyspalveluissa tutkimusyhteis\u00f6 (Vaikuttavuus RC) on perustanut monitieteisen tutkimusverkoston vaikuttavien k\u00e4yt\u00e4nt\u00f6jen implementointitutkimuksen tueksi.&nbsp;Monitieteisen tutkimusverkoston j\u00e4seni\u00e4 yhdist\u00e4\u00e4 kiinnostus n\u00e4ytt\u00f6\u00f6n perustuvan tiedon implementointiin sosiaali- ja terveydenhuollon sek\u00e4 hyvinvoinnin ja terveyden edist\u00e4misen konteksteissa. Tutkimusverkostossa on mukana muun muassa hoitotieteen, k\u00e4ytt\u00e4ytymistieteiden, l\u00e4\u00e4ketieteen, terveystaloustieteen, terveystieteen ja yhteiskuntatieteiden tutkijoita.<\/p>\n\n\n\n<p>Tutkimusverkostoon ovat tervetulleita kaikki tutkijat, tutkimusty\u00f6t\u00e4 aloittelevat sek\u00e4 muut vaikuttavien k\u00e4yt\u00e4nt\u00f6jen implementoinnista kiinnostuneet asiantuntijat.<\/p>\n\n\n\n<p>Tutkimusverkosto on avoin, ja se perustuu vapaaehtoiseen osallistumiseen.<\/p>\n\n\n\n<h2 class=\"wp-block-heading\">Kokonaisuuden tarkoitus ja tavoitteet<\/h2>\n\n\n\n<p>Vaikuttavuuden toteutumiseksi k\u00e4yt\u00e4nn\u00f6ss\u00e4 on tarve my\u00f6s vaikuttavien implementoinnin keinojen selvitt\u00e4miselle ja tutkimukselle. Implementointitutkimuksessa monitieteisyys korostuu ja on tunnistettu tarve kehitt\u00e4\u00e4 yliopistojen implementointitutkimusta koskevaa koulutusta riippumatta tieteenaloista. Verkoston perustamisen taustalla onkin tarve yhdist\u00e4\u00e4 implementointitutkimusta tekev\u00e4t tutkijat, jotka toimivat t\u00e4ll\u00e4 hetkell\u00e4 hajanaisesti eri organisaatioissa.<\/p>\n\n\n\n<p>Tutkimusverkoston tavoitteena on:<\/p>\n\n\n\n<ol class=\"wp-block-list\">\n<li>Luoda avoin verkosto vaikuttavien k\u00e4yt\u00e4nt\u00f6jen implementointia eri n\u00e4k\u00f6kulmista tarkasteleville tutkijoille ja tutkimuksesta kiinnostuneille.<\/li>\n\n\n\n<li>Tunnistaa olemassa olevia vaikuttavien k\u00e4yt\u00e4nt\u00f6jen implementointiin liittyvi\u00e4 tutkimusaukkoja.<\/li>\n\n\n\n<li>Implementointitutkimuksen monimuotoisuuden tukeminen ja osaamisen vahvistaminen.<\/li>\n\n\n\n<li>Yhteisty\u00f6n vahvistaminen tieteenalojen ja organisaatioiden v\u00e4lill\u00e4.<\/li>\n<\/ol>\n\n\n\n<p>Yhteyshenkil\u00f6: Mervi Rantsi (Sosiaali- ja terveysjohtamisen laitos, UEF) <a href=\"mailto:mervi.rantsi@uef.fi\">mervi.rantsi@uef.fi<\/a><\/p>\n","protected":false},"excerpt":{"rendered":"<p>It\u00e4-Suomen yliopiston Vaikuttavuus sosiaali- ja terveyspalveluissa tutkimusyhteis\u00f6 (Vaikuttavuus RC) on perustanut monitieteisen tutkimusverkoston vaikuttavien k\u00e4yt\u00e4nt\u00f6jen implementointitutkimuksen tueksi.&nbsp;Monitieteisen tutkimusverkoston j\u00e4seni\u00e4 yhdist\u00e4\u00e4 kiinnostus n\u00e4ytt\u00f6\u00f6n perustuvan tiedon implementointiin sosiaali- ja terveydenhuollon sek\u00e4 hyvinvoinnin ja terveyden edist\u00e4misen konteksteissa. Tutkimusverkostossa on mukana muun muassa hoitotieteen, k\u00e4ytt\u00e4ytymistieteiden, l\u00e4\u00e4ketieteen, terveystaloustieteen, terveystieteen ja yhteiskuntatieteiden tutkijoita. Tutkimusverkostoon ovat tervetulleita kaikki tutkijat, tutkimusty\u00f6t\u00e4 aloittelevat sek\u00e4 [&hellip;]<\/p>\n","protected":false},"author":44,"featured_media":0,"parent":0,"menu_order":0,"comment_status":"closed","ping_status":"closed","template":"","meta":{"_acf_changed":false,"_monsterinsights_skip_tracking":false,"_monsterinsights_sitenote_active":false,"_monsterinsights_sitenote_note":"","_monsterinsights_sitenote_category":0,"footnotes":""},"class_list":["post-6120","page","type-page","status-publish","hentry"],"acf":[],"yoast_head":"<!-- This site is optimized with the Yoast SEO plugin v27.1.1 - https:\/\/yoast.com\/product\/yoast-seo-wordpress\/ -->\n<title>Vaikuttavien k\u00e4yt\u00e4nt\u00f6jen implementoinnin tutkimusverkosto - Vaikuttavuuden talo<\/title>\n<meta name=\"robots\" content=\"index, follow, max-snippet:-1, max-image-preview:large, max-video-preview:-1\" \/>\n<link rel=\"canonical\" href=\"https:\/\/sites.uef.fi\/vaikuttavuuden-talo\/implementointitutkimus\/\" \/>\n<meta property=\"og:locale\" content=\"fi_FI\" \/>\n<meta property=\"og:type\" content=\"article\" \/>\n<meta property=\"og:title\" content=\"Vaikuttavien k\u00e4yt\u00e4nt\u00f6jen implementoinnin tutkimusverkosto - Vaikuttavuuden talo\" \/>\n<meta property=\"og:description\" content=\"It\u00e4-Suomen yliopiston Vaikuttavuus sosiaali- ja terveyspalveluissa tutkimusyhteis\u00f6 (Vaikuttavuus RC) on perustanut monitieteisen tutkimusverkoston vaikuttavien k\u00e4yt\u00e4nt\u00f6jen implementointitutkimuksen tueksi.&nbsp;Monitieteisen tutkimusverkoston j\u00e4seni\u00e4 yhdist\u00e4\u00e4 kiinnostus n\u00e4ytt\u00f6\u00f6n perustuvan tiedon implementointiin sosiaali- ja terveydenhuollon sek\u00e4 hyvinvoinnin ja terveyden edist\u00e4misen konteksteissa. Tutkimusverkostossa on mukana muun muassa hoitotieteen, k\u00e4ytt\u00e4ytymistieteiden, l\u00e4\u00e4ketieteen, terveystaloustieteen, terveystieteen ja yhteiskuntatieteiden tutkijoita. Tutkimusverkostoon ovat tervetulleita kaikki tutkijat, tutkimusty\u00f6t\u00e4 aloittelevat sek\u00e4 [&hellip;]\" \/>\n<meta property=\"og:url\" content=\"https:\/\/sites.uef.fi\/vaikuttavuuden-talo\/implementointitutkimus\/\" \/>\n<meta property=\"og:site_name\" content=\"Vaikuttavuuden talo\" \/>\n<meta property=\"article:modified_time\" content=\"2023-06-21T08:30:38+00:00\" \/>\n<meta name=\"twitter:card\" content=\"summary_large_image\" \/>\n<meta name=\"twitter:label1\" content=\"Arvioitu lukuaika\" \/>\n\t<meta name=\"twitter:data1\" content=\"1 minuutti\" \/>\n<script type=\"application\/ld+json\" class=\"yoast-schema-graph\">{\"@context\":\"https:\/\/schema.org\",\"@graph\":[{\"@type\":\"WebPage\",\"@id\":\"https:\/\/sites.uef.fi\/vaikuttavuuden-talo\/implementointitutkimus\/\",\"url\":\"https:\/\/sites.uef.fi\/vaikuttavuuden-talo\/implementointitutkimus\/\",\"name\":\"Vaikuttavien k\u00e4yt\u00e4nt\u00f6jen implementoinnin tutkimusverkosto - Vaikuttavuuden talo\",\"isPartOf\":{\"@id\":\"https:\/\/sites.uef.fi\/vaikuttavuuden-talo\/#website\"},\"datePublished\":\"2022-08-26T07:07:44+00:00\",\"dateModified\":\"2023-06-21T08:30:38+00:00\",\"breadcrumb\":{\"@id\":\"https:\/\/sites.uef.fi\/vaikuttavuuden-talo\/implementointitutkimus\/#breadcrumb\"},\"inLanguage\":\"fi\",\"potentialAction\":[{\"@type\":\"ReadAction\",\"target\":[\"https:\/\/sites.uef.fi\/vaikuttavuuden-talo\/implementointitutkimus\/\"]}]},{\"@type\":\"BreadcrumbList\",\"@id\":\"https:\/\/sites.uef.fi\/vaikuttavuuden-talo\/implementointitutkimus\/#breadcrumb\",\"itemListElement\":[{\"@type\":\"ListItem\",\"position\":1,\"name\":\"Home\",\"item\":\"https:\/\/sites.uef.fi\/vaikuttavuuden-talo\/\"},{\"@type\":\"ListItem\",\"position\":2,\"name\":\"Vaikuttavien k\u00e4yt\u00e4nt\u00f6jen implementoinnin tutkimusverkosto\"}]},{\"@type\":\"WebSite\",\"@id\":\"https:\/\/sites.uef.fi\/vaikuttavuuden-talo\/#website\",\"url\":\"https:\/\/sites.uef.fi\/vaikuttavuuden-talo\/\",\"name\":\"Vaikuttavuuden talo\",\"description\":\"\",\"potentialAction\":[{\"@type\":\"SearchAction\",\"target\":{\"@type\":\"EntryPoint\",\"urlTemplate\":\"https:\/\/sites.uef.fi\/vaikuttavuuden-talo\/?s={search_term_string}\"},\"query-input\":{\"@type\":\"PropertyValueSpecification\",\"valueRequired\":true,\"valueName\":\"search_term_string\"}}],\"inLanguage\":\"fi\"}]}<\/script>\n<!-- \/ Yoast SEO plugin. -->","yoast_head_json":{"title":"Vaikuttavien k\u00e4yt\u00e4nt\u00f6jen implementoinnin tutkimusverkosto - Vaikuttavuuden talo","robots":{"index":"index","follow":"follow","max-snippet":"max-snippet:-1","max-image-preview":"max-image-preview:large","max-video-preview":"max-video-preview:-1"},"canonical":"https:\/\/sites.uef.fi\/vaikuttavuuden-talo\/implementointitutkimus\/","og_locale":"fi_FI","og_type":"article","og_title":"Vaikuttavien k\u00e4yt\u00e4nt\u00f6jen implementoinnin tutkimusverkosto - Vaikuttavuuden talo","og_description":"It\u00e4-Suomen yliopiston Vaikuttavuus sosiaali- ja terveyspalveluissa tutkimusyhteis\u00f6 (Vaikuttavuus RC) on perustanut monitieteisen tutkimusverkoston vaikuttavien k\u00e4yt\u00e4nt\u00f6jen implementointitutkimuksen tueksi.&nbsp;Monitieteisen tutkimusverkoston j\u00e4seni\u00e4 yhdist\u00e4\u00e4 kiinnostus n\u00e4ytt\u00f6\u00f6n perustuvan tiedon implementointiin sosiaali- ja terveydenhuollon sek\u00e4 hyvinvoinnin ja terveyden edist\u00e4misen konteksteissa. Tutkimusverkostossa on mukana muun muassa hoitotieteen, k\u00e4ytt\u00e4ytymistieteiden, l\u00e4\u00e4ketieteen, terveystaloustieteen, terveystieteen ja yhteiskuntatieteiden tutkijoita. Tutkimusverkostoon ovat tervetulleita kaikki tutkijat, tutkimusty\u00f6t\u00e4 aloittelevat sek\u00e4 [&hellip;]","og_url":"https:\/\/sites.uef.fi\/vaikuttavuuden-talo\/implementointitutkimus\/","og_site_name":"Vaikuttavuuden talo","article_modified_time":"2023-06-21T08:30:38+00:00","twitter_card":"summary_large_image","twitter_misc":{"Arvioitu lukuaika":"1 minuutti"},"schema":{"@context":"https:\/\/schema.org","@graph":[{"@type":"WebPage","@id":"https:\/\/sites.uef.fi\/vaikuttavuuden-talo\/implementointitutkimus\/","url":"https:\/\/sites.uef.fi\/vaikuttavuuden-talo\/implementointitutkimus\/","name":"Vaikuttavien k\u00e4yt\u00e4nt\u00f6jen implementoinnin tutkimusverkosto - Vaikuttavuuden talo","isPartOf":{"@id":"https:\/\/sites.uef.fi\/vaikuttavuuden-talo\/#website"},"datePublished":"2022-08-26T07:07:44+00:00","dateModified":"2023-06-21T08:30:38+00:00","breadcrumb":{"@id":"https:\/\/sites.uef.fi\/vaikuttavuuden-talo\/implementointitutkimus\/#breadcrumb"},"inLanguage":"fi","potentialAction":[{"@type":"ReadAction","target":["https:\/\/sites.uef.fi\/vaikuttavuuden-talo\/implementointitutkimus\/"]}]},{"@type":"BreadcrumbList","@id":"https:\/\/sites.uef.fi\/vaikuttavuuden-talo\/implementointitutkimus\/#breadcrumb","itemListElement":[{"@type":"ListItem","position":1,"name":"Home","item":"https:\/\/sites.uef.fi\/vaikuttavuuden-talo\/"},{"@type":"ListItem","position":2,"name":"Vaikuttavien k\u00e4yt\u00e4nt\u00f6jen implementoinnin tutkimusverkosto"}]},{"@type":"WebSite","@id":"https:\/\/sites.uef.fi\/vaikuttavuuden-talo\/#website","url":"https:\/\/sites.uef.fi\/vaikuttavuuden-talo\/","name":"Vaikuttavuuden talo","description":"","potentialAction":[{"@type":"SearchAction","target":{"@type":"EntryPoint","urlTemplate":"https:\/\/sites.uef.fi\/vaikuttavuuden-talo\/?s={search_term_string}"},"query-input":{"@type":"PropertyValueSpecification","valueRequired":true,"valueName":"search_term_string"}}],"inLanguage":"fi"}]}},"_links":{"self":[{"href":"https:\/\/sites.uef.fi\/vaikuttavuuden-talo\/wp-json\/wp\/v2\/pages\/6120","targetHints":{"allow":["GET"]}}],"collection":[{"href":"https:\/\/sites.uef.fi\/vaikuttavuuden-talo\/wp-json\/wp\/v2\/pages"}],"about":[{"href":"https:\/\/sites.uef.fi\/vaikuttavuuden-talo\/wp-json\/wp\/v2\/types\/page"}],"author":[{"embeddable":true,"href":"https:\/\/sites.uef.fi\/vaikuttavuuden-talo\/wp-json\/wp\/v2\/users\/44"}],"replies":[{"embeddable":true,"href":"https:\/\/sites.uef.fi\/vaikuttavuuden-talo\/wp-json\/wp\/v2\/comments?post=6120"}],"version-history":[{"count":2,"href":"https:\/\/sites.uef.fi\/vaikuttavuuden-talo\/wp-json\/wp\/v2\/pages\/6120\/revisions"}],"predecessor-version":[{"id":7601,"href":"https:\/\/sites.uef.fi\/vaikuttavuuden-talo\/wp-json\/wp\/v2\/pages\/6120\/revisions\/7601"}],"wp:attachment":[{"href":"https:\/\/sites.uef.fi\/vaikuttavuuden-talo\/wp-json\/wp\/v2\/media?parent=6120"}],"curies":[{"name":"wp","href":"https:\/\/api.w.org\/{rel}","templated":true}]}}