{"id":6145,"date":"2022-08-31T14:15:47","date_gmt":"2022-08-31T12:15:47","guid":{"rendered":"https:\/\/sites.uef.fi\/vaikuttavuuden-talo\/?page_id=6145"},"modified":"2025-09-22T10:49:07","modified_gmt":"2025-09-22T08:49:07","slug":"ohjeita-osallistujille","status":"publish","type":"page","link":"https:\/\/sites.uef.fi\/vaikuttavuuden-talo\/vaikuttavuuden-tutkimuksen-paivat\/ohjeita-osallistujille\/","title":{"rendered":"Ohjeita osallistujille"},"content":{"rendered":"\n<p>Vaikuttavuuden tutkimuksen p\u00e4iv\u00e4t 2025 j\u00e4rjestet\u00e4\u00e4n Snellmania-rakennuksessa, It\u00e4-Suomen yliopiston Kuopion kampuksella, osoitteessa Yliopistonranta 8 E, 70210 Kuopio. T\u00e4lle sivulle on koottu yleist\u00e4 infoa liikkumisesta, majoittumisesta sek\u00e4 muusta Kuopion kaupungin tarjonnasta. Mik\u00e4li sinulla her\u00e4\u00e4 kysytt\u00e4v\u00e4\u00e4 tutkimusp\u00e4iviin liittyen, ole yhteydess\u00e4 <a data-type=\"URL\" data-id=\"https:\/\/sites.uef.fi\/vaikuttavuuden-talo\/jarjestelytoimikunta\/\" href=\"https:\/\/sites.uef.fi\/vaikuttavuuden-talo\/jarjestelytoimikunta\/\">j\u00e4rjestelytoimikuntaan <\/a>(etunimi.sukunimi@uef.fi).<\/p>\n\n\n\n<p><a href=\"https:\/\/www.uef.fi\/fi\/kuopion-kampus\">Tutustu saapumisohjeisiin ja pys\u00e4k\u00f6intiin Kuopion kampuksella.<\/a><\/p>\n\n\n\n<h2 class=\"wp-block-heading\">Liikenne<\/h2>\n\n\n\n<ul class=\"wp-block-list\">\n<li><a href=\"https:\/\/www.vr.fi\/rautatieasemat-ja-reitit\/kuopio?gclid=Cj0KCQjwjbyYBhCdARIsAArC6LKygXI_koNtooZpeXZ71fCbEKAO865DasisbuslKijPLD9he8MX5OAaAkrpEALw_wcB\" data-type=\"URL\" data-id=\"https:\/\/www.vr.fi\/rautatieasemat-ja-reitit\/kuopio?gclid=Cj0KCQjwjbyYBhCdARIsAArC6LKygXI_koNtooZpeXZ71fCbEKAO865DasisbuslKijPLD9he8MX5OAaAkrpEALw_wcB\">Kuopion rautatieasema<\/a>, osoite: Asemakatu 1, 70100 Kuopio<\/li>\n\n\n\n<li><a href=\"https:\/\/www.kuopiotahko.fi\/paikat\/kuopion-matkakeskus\/\" data-type=\"URL\" data-id=\"https:\/\/www.kuopiotahko.fi\/paikat\/kuopion-matkakeskus\/\">Kuopion linja-autoasema <\/a>(matkakeskus), osoite: Puutarhakatu 3, 70300 Kuopio<\/li>\n\n\n\n<li><a href=\"https:\/\/vilkku.kuopio.fi\/\" data-type=\"URL\" data-id=\"https:\/\/vilkku.kuopio.fi\/\">Kuopio paikallisliikenne <\/a> (vilkku.kuopio.fi) <a href=\"https:\/\/vilkku.kuopio.fi\/40-siilinjarvi-lentoasema-kuopio-savilahti\" data-type=\"URL\" data-id=\"https:\/\/vilkku.kuopio.fi\/40-siilinjarvi-lentoasema-kuopio-savilahti\">Bussi nro 40 <\/a>liikkuu Lentoaseman ja Savilahden v\u00e4lill\u00e4.<\/li>\n<\/ul>\n\n\n\n<p><strong>Taksit:<\/strong><\/p>\n\n\n\n<ul class=\"wp-block-list\">\n<li><a href=\"https:\/\/taksi1.fi\/\" data-type=\"URL\" data-id=\"https:\/\/taksi1.fi\/\">Taksi1 Kuopio <\/a>(taksi1.fi)<\/li>\n\n\n\n<li><a href=\"https:\/\/www.vievie.fi\/\" data-type=\"URL\" data-id=\"https:\/\/www.vievie.fi\/\">VieVie<\/a> (vievie.fi)<\/li>\n\n\n\n<li><a href=\"https:\/\/meneva.fi\/fi\/palvelualueet\/pohjois-savo\/kuopio\">Menev\u00e4<\/a> (meneva.fi)<\/li>\n<\/ul>\n\n\n\n<h2 class=\"wp-block-heading\">Kuopion kaupunki<\/h2>\n\n\n\n<ul class=\"wp-block-list\">\n<li><a href=\"https:\/\/www.kuopio.fi\/fi\/etusivu\" data-type=\"URL\" data-id=\"https:\/\/www.kuopio.fi\/fi\/etusivu\">Kuopion kaupunki<\/a> (kuopio.fi)<\/li>\n\n\n\n<li><a href=\"https:\/\/www.google.fi\/maps\/place\/Kuopio\/@62.9109586,27.66336,13.12z\/data=!4m15!1m8!3m7!1s0x4684b08aaffec4f3:0xe7b6f77d9edff6c0!2sKuopio!3b1!8m2!3d62.8965859!4d27.6785574!16zL20vMDFzaGt2!3m5!1s0x4684b08aaffec4f3:0xe7b6f77d9edff6c0!8m2!3d62.8965859!4d27.6785574!16zL20vMDFzaGt2?entry=ttu\">Kuopion kartta<\/a> (Google maps)<\/li>\n\n\n\n<li><a href=\"https:\/\/www.hellokuopio.fi\/\">Hello Kuopio<\/a> (hellokuopio.fi)<\/li>\n<\/ul>\n\n\n\n<h2 class=\"wp-block-heading\">Majoittuminen<\/h2>\n\n\n\n<ul class=\"wp-block-list\">\n<li><a href=\"https:\/\/www.scandichotels.fi\/varaa-hotelli\/select-rate?fromDate=2022-08-31&amp;toDate=2022-09-1&amp;room%5b0%5d.adults=1&amp;hotel=609&amp;tr=485ad0baa65f4a8eb772979c97a79245\" data-type=\"URL\" data-id=\"https:\/\/www.scandichotels.fi\/varaa-hotelli\/select-rate?fromDate=2022-08-31&amp;toDate=2022-09-1&amp;room%5b0%5d.adults=1&amp;hotel=609&amp;tr=485ad0baa65f4a8eb772979c97a79245\">Scandic Kuopio<\/a> osoite: Satamakatu 1, 70100 Kuopio, tel. +358 17 195111 | e-mail: kuopio@scandichotels.com <\/li>\n\n\n\n<li><a href=\"https:\/\/www.scandichotels.fi\/varaa-hotelli\/select-rate?fromDate=2022-08-31&amp;toDate=2022-09-1&amp;room%5b0%5d.adults=1&amp;hotel=689&amp;tr=485ad0baa65f4a8eb772979c97a79245\" data-type=\"URL\" data-id=\"https:\/\/www.scandichotels.fi\/varaa-hotelli\/select-rate?fromDate=2022-08-31&amp;toDate=2022-09-1&amp;room%5b0%5d.adults=1&amp;hotel=689&amp;tr=485ad0baa65f4a8eb772979c97a79245\">Scandic Atlas <\/a>osoite: Haapaniemenkatu 22, 70110 Kuopio, tel. +358&nbsp;300&nbsp;870&nbsp;423 | e-mail: atlas@scandichotels<\/li>\n\n\n\n<li><a href=\"https:\/\/www.sokoshotels.fi\/\" data-type=\"URL\" data-id=\"https:\/\/www.sokoshotels.fi\/\">Original Sokos Hotel Puijonsarvi<\/a> osoite: Minna Canthin katu 16, 70100 Kuopio, tel. +358 10 762 9500 | e-mail: &nbsp;sales.peeassa@sok.fi <\/li>\n<\/ul>\n\n\n\n<h2 class=\"wp-block-heading\">Ravintolat<\/h2>\n\n\n\n<ul class=\"wp-block-list\">\n<li><a data-type=\"URL\" data-id=\"https:\/\/eat.fi\/fi\/kuopio\" href=\"https:\/\/eat.fi\/fi\/kuopio\">Ravintola Kuopiossa<\/a> (eat.fi)<\/li>\n<\/ul>\n\n\n\n<h3 class=\"wp-block-heading\">Ravintolat kampuksella<\/h3>\n\n\n\n<ul class=\"wp-block-list\">\n<li><a href=\"https:\/\/www.compass-group.fi\/ravintolat-ja-ruokalistat\/foodco\/kaupungit\/kuopio\/ita-suomen-yliopisto-mediteknia\/\">Mediteknia<\/a><\/li>\n\n\n\n<li><a href=\"https:\/\/www.compass-group.fi\/ravintolat-ja-ruokalistat\/foodco\/kaupungit\/kuopio\/ita-suomen-yliopistocanthia\/\">Canthia<\/a><\/li>\n\n\n\n<li><a href=\"https:\/\/www.compass-group.fi\/ravintolat-ja-ruokalistat\/foodco\/kaupungit\/kuopio\/ita-suomen-yliopistosnellmania\/\">Snellmania<\/a><\/li>\n\n\n\n<li><a href=\"https:\/\/www.compass-group.fi\/ravintolat-ja-ruokalistat\/foodco\/kaupungit\/kuopio\/tietoteknia\/\">Tietoteknia<\/a><\/li>\n\n\n\n<li><a href=\"https:\/\/www.hyvahuomen.fi\/\">Ravintola Hyv\u00e4 Huomen<\/a> (Bioteknia)<\/li>\n\n\n\n<li><a href=\"https:\/\/menu.servica.fi\/ServicaAromieMenus\/FI\/Default\/_\/KaarreKYS\/Restaurant.aspx\">Lounasravintola Kaarre<\/a><a href=\"https:\/\/menu.servica.fi\/ServicaAromieMenus\/FI\/Default\/_\/KaarreKYS\/Restaurant.aspxhttps:\/\/menu.servica.fi\/ServicaAromieMenus\/FI\/Default\/_\/KaarreKYS\/Restaurant.aspx\"> <\/a>(KYS)<\/li>\n\n\n\n<li><a href=\"https:\/\/www.compass-group.fi\/ravintolat-ja-ruokalistat\/foodco\/kaupungit\/kuopio\/caari\/\">Caari<\/a> (Viestikatu)<\/li>\n\n\n\n<li><a href=\"https:\/\/www.antell.fi\/highway\/\">Antell HighWay<\/a> (Viestikatu)<\/li>\n<\/ul>\n\n\n\n<p><\/p>\n","protected":false},"excerpt":{"rendered":"<p>Vaikuttavuuden tutkimuksen p\u00e4iv\u00e4t 2025 j\u00e4rjestet\u00e4\u00e4n Snellmania-rakennuksessa, It\u00e4-Suomen yliopiston Kuopion kampuksella, osoitteessa Yliopistonranta 8 E, 70210 Kuopio. T\u00e4lle sivulle on koottu yleist\u00e4 infoa liikkumisesta, majoittumisesta sek\u00e4 muusta Kuopion kaupungin tarjonnasta. Mik\u00e4li sinulla her\u00e4\u00e4 kysytt\u00e4v\u00e4\u00e4 tutkimusp\u00e4iviin liittyen, ole yhteydess\u00e4 j\u00e4rjestelytoimikuntaan (etunimi.sukunimi@uef.fi). Tutustu saapumisohjeisiin ja pys\u00e4k\u00f6intiin Kuopion kampuksella. Liikenne Taksit: Kuopion kaupunki Majoittuminen Ravintolat Ravintolat kampuksella<\/p>\n","protected":false},"author":44,"featured_media":0,"parent":6813,"menu_order":0,"comment_status":"closed","ping_status":"closed","template":"","meta":{"_acf_changed":false,"_monsterinsights_skip_tracking":false,"_monsterinsights_sitenote_active":false,"_monsterinsights_sitenote_note":"","_monsterinsights_sitenote_category":0,"footnotes":""},"class_list":["post-6145","page","type-page","status-publish","hentry"],"acf":[],"yoast_head":"<!-- This site is optimized with the Yoast SEO plugin v27.1.1 - https:\/\/yoast.com\/product\/yoast-seo-wordpress\/ -->\n<title>Ohjeita osallistujille - Vaikuttavuuden talo<\/title>\n<meta name=\"robots\" content=\"index, follow, max-snippet:-1, max-image-preview:large, max-video-preview:-1\" \/>\n<link rel=\"canonical\" href=\"https:\/\/sites.uef.fi\/vaikuttavuuden-talo\/vaikuttavuuden-tutkimuksen-paivat\/ohjeita-osallistujille\/\" \/>\n<meta property=\"og:locale\" content=\"fi_FI\" \/>\n<meta property=\"og:type\" content=\"article\" \/>\n<meta property=\"og:title\" content=\"Ohjeita osallistujille - Vaikuttavuuden talo\" \/>\n<meta property=\"og:description\" content=\"Vaikuttavuuden tutkimuksen p\u00e4iv\u00e4t 2025 j\u00e4rjestet\u00e4\u00e4n Snellmania-rakennuksessa, It\u00e4-Suomen yliopiston Kuopion kampuksella, osoitteessa Yliopistonranta 8 E, 70210 Kuopio. T\u00e4lle sivulle on koottu yleist\u00e4 infoa liikkumisesta, majoittumisesta sek\u00e4 muusta Kuopion kaupungin tarjonnasta. Mik\u00e4li sinulla her\u00e4\u00e4 kysytt\u00e4v\u00e4\u00e4 tutkimusp\u00e4iviin liittyen, ole yhteydess\u00e4 j\u00e4rjestelytoimikuntaan (etunimi.sukunimi@uef.fi). Tutustu saapumisohjeisiin ja pys\u00e4k\u00f6intiin Kuopion kampuksella. Liikenne Taksit: Kuopion kaupunki Majoittuminen Ravintolat Ravintolat kampuksella\" \/>\n<meta property=\"og:url\" content=\"https:\/\/sites.uef.fi\/vaikuttavuuden-talo\/vaikuttavuuden-tutkimuksen-paivat\/ohjeita-osallistujille\/\" \/>\n<meta property=\"og:site_name\" content=\"Vaikuttavuuden talo\" \/>\n<meta property=\"article:modified_time\" content=\"2025-09-22T08:49:07+00:00\" \/>\n<meta name=\"twitter:card\" content=\"summary_large_image\" \/>\n<meta name=\"twitter:label1\" content=\"Arvioitu lukuaika\" \/>\n\t<meta name=\"twitter:data1\" content=\"2 minuuttia\" \/>\n<script type=\"application\/ld+json\" class=\"yoast-schema-graph\">{\"@context\":\"https:\/\/schema.org\",\"@graph\":[{\"@type\":\"WebPage\",\"@id\":\"https:\/\/sites.uef.fi\/vaikuttavuuden-talo\/vaikuttavuuden-tutkimuksen-paivat\/ohjeita-osallistujille\/\",\"url\":\"https:\/\/sites.uef.fi\/vaikuttavuuden-talo\/vaikuttavuuden-tutkimuksen-paivat\/ohjeita-osallistujille\/\",\"name\":\"Ohjeita osallistujille - Vaikuttavuuden talo\",\"isPartOf\":{\"@id\":\"https:\/\/sites.uef.fi\/vaikuttavuuden-talo\/#website\"},\"datePublished\":\"2022-08-31T12:15:47+00:00\",\"dateModified\":\"2025-09-22T08:49:07+00:00\",\"breadcrumb\":{\"@id\":\"https:\/\/sites.uef.fi\/vaikuttavuuden-talo\/vaikuttavuuden-tutkimuksen-paivat\/ohjeita-osallistujille\/#breadcrumb\"},\"inLanguage\":\"fi\",\"potentialAction\":[{\"@type\":\"ReadAction\",\"target\":[\"https:\/\/sites.uef.fi\/vaikuttavuuden-talo\/vaikuttavuuden-tutkimuksen-paivat\/ohjeita-osallistujille\/\"]}]},{\"@type\":\"BreadcrumbList\",\"@id\":\"https:\/\/sites.uef.fi\/vaikuttavuuden-talo\/vaikuttavuuden-tutkimuksen-paivat\/ohjeita-osallistujille\/#breadcrumb\",\"itemListElement\":[{\"@type\":\"ListItem\",\"position\":1,\"name\":\"Home\",\"item\":\"https:\/\/sites.uef.fi\/vaikuttavuuden-talo\/\"},{\"@type\":\"ListItem\",\"position\":2,\"name\":\"Vaikuttavuuden tutkimuksen p\u00e4iv\u00e4t 2026\",\"item\":\"https:\/\/sites.uef.fi\/vaikuttavuuden-talo\/vaikuttavuuden-tutkimuksen-paivat\/\"},{\"@type\":\"ListItem\",\"position\":3,\"name\":\"Ohjeita osallistujille\"}]},{\"@type\":\"WebSite\",\"@id\":\"https:\/\/sites.uef.fi\/vaikuttavuuden-talo\/#website\",\"url\":\"https:\/\/sites.uef.fi\/vaikuttavuuden-talo\/\",\"name\":\"Vaikuttavuuden talo\",\"description\":\"\",\"potentialAction\":[{\"@type\":\"SearchAction\",\"target\":{\"@type\":\"EntryPoint\",\"urlTemplate\":\"https:\/\/sites.uef.fi\/vaikuttavuuden-talo\/?s={search_term_string}\"},\"query-input\":{\"@type\":\"PropertyValueSpecification\",\"valueRequired\":true,\"valueName\":\"search_term_string\"}}],\"inLanguage\":\"fi\"}]}<\/script>\n<!-- \/ Yoast SEO plugin. -->","yoast_head_json":{"title":"Ohjeita osallistujille - Vaikuttavuuden talo","robots":{"index":"index","follow":"follow","max-snippet":"max-snippet:-1","max-image-preview":"max-image-preview:large","max-video-preview":"max-video-preview:-1"},"canonical":"https:\/\/sites.uef.fi\/vaikuttavuuden-talo\/vaikuttavuuden-tutkimuksen-paivat\/ohjeita-osallistujille\/","og_locale":"fi_FI","og_type":"article","og_title":"Ohjeita osallistujille - Vaikuttavuuden talo","og_description":"Vaikuttavuuden tutkimuksen p\u00e4iv\u00e4t 2025 j\u00e4rjestet\u00e4\u00e4n Snellmania-rakennuksessa, It\u00e4-Suomen yliopiston Kuopion kampuksella, osoitteessa Yliopistonranta 8 E, 70210 Kuopio. T\u00e4lle sivulle on koottu yleist\u00e4 infoa liikkumisesta, majoittumisesta sek\u00e4 muusta Kuopion kaupungin tarjonnasta. Mik\u00e4li sinulla her\u00e4\u00e4 kysytt\u00e4v\u00e4\u00e4 tutkimusp\u00e4iviin liittyen, ole yhteydess\u00e4 j\u00e4rjestelytoimikuntaan (etunimi.sukunimi@uef.fi). Tutustu saapumisohjeisiin ja pys\u00e4k\u00f6intiin Kuopion kampuksella. Liikenne Taksit: Kuopion kaupunki Majoittuminen Ravintolat Ravintolat kampuksella","og_url":"https:\/\/sites.uef.fi\/vaikuttavuuden-talo\/vaikuttavuuden-tutkimuksen-paivat\/ohjeita-osallistujille\/","og_site_name":"Vaikuttavuuden talo","article_modified_time":"2025-09-22T08:49:07+00:00","twitter_card":"summary_large_image","twitter_misc":{"Arvioitu lukuaika":"2 minuuttia"},"schema":{"@context":"https:\/\/schema.org","@graph":[{"@type":"WebPage","@id":"https:\/\/sites.uef.fi\/vaikuttavuuden-talo\/vaikuttavuuden-tutkimuksen-paivat\/ohjeita-osallistujille\/","url":"https:\/\/sites.uef.fi\/vaikuttavuuden-talo\/vaikuttavuuden-tutkimuksen-paivat\/ohjeita-osallistujille\/","name":"Ohjeita osallistujille - Vaikuttavuuden talo","isPartOf":{"@id":"https:\/\/sites.uef.fi\/vaikuttavuuden-talo\/#website"},"datePublished":"2022-08-31T12:15:47+00:00","dateModified":"2025-09-22T08:49:07+00:00","breadcrumb":{"@id":"https:\/\/sites.uef.fi\/vaikuttavuuden-talo\/vaikuttavuuden-tutkimuksen-paivat\/ohjeita-osallistujille\/#breadcrumb"},"inLanguage":"fi","potentialAction":[{"@type":"ReadAction","target":["https:\/\/sites.uef.fi\/vaikuttavuuden-talo\/vaikuttavuuden-tutkimuksen-paivat\/ohjeita-osallistujille\/"]}]},{"@type":"BreadcrumbList","@id":"https:\/\/sites.uef.fi\/vaikuttavuuden-talo\/vaikuttavuuden-tutkimuksen-paivat\/ohjeita-osallistujille\/#breadcrumb","itemListElement":[{"@type":"ListItem","position":1,"name":"Home","item":"https:\/\/sites.uef.fi\/vaikuttavuuden-talo\/"},{"@type":"ListItem","position":2,"name":"Vaikuttavuuden tutkimuksen p\u00e4iv\u00e4t 2026","item":"https:\/\/sites.uef.fi\/vaikuttavuuden-talo\/vaikuttavuuden-tutkimuksen-paivat\/"},{"@type":"ListItem","position":3,"name":"Ohjeita osallistujille"}]},{"@type":"WebSite","@id":"https:\/\/sites.uef.fi\/vaikuttavuuden-talo\/#website","url":"https:\/\/sites.uef.fi\/vaikuttavuuden-talo\/","name":"Vaikuttavuuden talo","description":"","potentialAction":[{"@type":"SearchAction","target":{"@type":"EntryPoint","urlTemplate":"https:\/\/sites.uef.fi\/vaikuttavuuden-talo\/?s={search_term_string}"},"query-input":{"@type":"PropertyValueSpecification","valueRequired":true,"valueName":"search_term_string"}}],"inLanguage":"fi"}]}},"_links":{"self":[{"href":"https:\/\/sites.uef.fi\/vaikuttavuuden-talo\/wp-json\/wp\/v2\/pages\/6145","targetHints":{"allow":["GET"]}}],"collection":[{"href":"https:\/\/sites.uef.fi\/vaikuttavuuden-talo\/wp-json\/wp\/v2\/pages"}],"about":[{"href":"https:\/\/sites.uef.fi\/vaikuttavuuden-talo\/wp-json\/wp\/v2\/types\/page"}],"author":[{"embeddable":true,"href":"https:\/\/sites.uef.fi\/vaikuttavuuden-talo\/wp-json\/wp\/v2\/users\/44"}],"replies":[{"embeddable":true,"href":"https:\/\/sites.uef.fi\/vaikuttavuuden-talo\/wp-json\/wp\/v2\/comments?post=6145"}],"version-history":[{"count":1,"href":"https:\/\/sites.uef.fi\/vaikuttavuuden-talo\/wp-json\/wp\/v2\/pages\/6145\/revisions"}],"predecessor-version":[{"id":12065,"href":"https:\/\/sites.uef.fi\/vaikuttavuuden-talo\/wp-json\/wp\/v2\/pages\/6145\/revisions\/12065"}],"up":[{"embeddable":true,"href":"https:\/\/sites.uef.fi\/vaikuttavuuden-talo\/wp-json\/wp\/v2\/pages\/6813"}],"wp:attachment":[{"href":"https:\/\/sites.uef.fi\/vaikuttavuuden-talo\/wp-json\/wp\/v2\/media?parent=6145"}],"curies":[{"name":"wp","href":"https:\/\/api.w.org\/{rel}","templated":true}]}}