{"id":65,"date":"2020-04-29T13:52:35","date_gmt":"2020-04-29T11:52:35","guid":{"rendered":"https:\/\/sites.uef.fi\/vaikuttavuuden-talo\/?page_id=65"},"modified":"2025-05-27T08:40:25","modified_gmt":"2025-05-27T06:40:25","slug":"koulutus","status":"publish","type":"page","link":"https:\/\/sites.uef.fi\/vaikuttavuuden-talo\/koulutus\/","title":{"rendered":"Koulutus"},"content":{"rendered":"\n<p>It\u00e4-Suomen yliopisto tuottaa laaja-alaisesti koulutusta sosiaali- ja terveydenhuollon ja niiden integraation vaikuttavuuteen Kuopion ja Joensuun kampuksilla. Koulutusta tarjotaan niin perus- ja jatkotutkinto-opiskelijoille kuin avoimessa yliopistossa ja t\u00e4ydennyskoulutuksessa.<\/p>\n\n\n\n<p>Terveystieteiden tiedekunta kouluttaa asiantuntijoita ja ammattilaisia useille keskeisille terveydenhuollon ja hyvinvoinnin aloille. Koulutusta annetaan l\u00e4\u00e4ketieteen, hammasl\u00e4\u00e4ketieteen, farmaseutin, proviisorin ja biol\u00e4\u00e4ketieteen koulutusohjelmissa sek\u00e4 hoitotieteen, ravitsemustieteen ja terveyden edist\u00e4misen (ergonomia, kansanterveystiede ja liikuntal\u00e4\u00e4ketiede) p\u00e4\u00e4aineissa.<\/p>\n\n\n\n<p>Yhteiskuntatieteiden ja kauppatieteiden tiedekunta kouluttaa muun muassa sosiaali- ja terveydenhuollon johtajia ja asiantuntijoita sek\u00e4 sosiaality\u00f6ntekij\u00f6it\u00e4 sosiaalialan vaativiin asiantuntijateht\u00e4viin. Tiedekunnassa voi opiskella muun muassa sosiaalipedagogiikan, sosiaalipsykologian, sosiaality\u00f6n, sosiologian ja yhteiskuntapolitiikan p\u00e4\u00e4aineita sek\u00e4 suorittaa terveystaloustieteen, sosiaali- ja terveyshallintotieteen sek\u00e4 sosiaali- ja terveydenhuollon tietohallinnon maisteriopintoja.<\/p>\n\n\n\n<p>Lis\u00e4ksi It\u00e4-Suomen yliopiston Jatkuvan oppimisen keskus tarjoaa terveyden ja hyvinvoinnin t\u00e4ydennyskoulutusta, avointa yliopisto-opetusta sek\u00e4 hanke- ja asiantuntijapalveluita moniin tarpeisiin.<\/p>\n\n\n\n<p>It\u00e4-Suomen yliopiston vaikuttavuuden tutkimuksesta kiinnostuneet opiskelijat ja tutkijat ovat tervetulleita mukaan Vaikuttavuustutkimuksen mentorointiverkostoon.<\/p>\n\n\n\n<h2 class=\"wp-block-heading\">Perus- ja jatkokoulutus<\/h2>\n\n\n\n<p>Perus- ja jatkokoulutuksessa sis\u00e4ll\u00f6llisesti korostuvat vaikuttavuutta koskevan tutkimustiedon ja sen metodologisen osaamisen vahvistaminen ja uudistaminen erilaisten l\u00e4hestymistapojen ja aineistojen n\u00e4k\u00f6kulmista. Opetuksessa painottuu tiedon luotettavuuden arviointi opintojen alusta asti. N\u00e4m\u00e4 painotukset heijastuvat my\u00f6s tohtoriohjelmien sis\u00e4ll\u00f6iss\u00e4.<\/p>\n\n\n\n<p><a href=\"https:\/\/kamu.uef.fi\/tietopankki\/opinto-oppaat\/\">Lis\u00e4tietoja perus- ja jatkokoulutuksen sis\u00e4ll\u00f6ist\u00e4 l\u00f6yd\u00e4t opinto-oppaista<\/a>.<\/p>\n\n\n\n<h2 class=\"wp-block-heading\">Tohtoriohjelmat<\/h2>\n\n\n\n<p>It\u00e4-Suomen yliopiston tohtorikoulu koordinoi yliopiston jatkokoulutusta ja tarjoaa yleisi\u00e4 valmiustaito-opintoja kaikille yliopiston jatko-opiskelijoille. Tohtoriohjelmien teht\u00e4v\u00e4n\u00e4 on antaa laadukasta ja systemaattista opetusta ja ohjausta jatko-opiskelijoille. Niiden toiminnan tavoitteena on huolehtia laadukkaasta tutkijakoulutuksesta ja kouluttaa korkeatasoisia tutkijoita ja asiantuntijoita.<\/p>\n\n\n\n<ul id=\"yui_patched_v3_11_0_1_1588233082193_534\" class=\"wp-block-list\">\n<li><a href=\"https:\/\/www.uef.fi\/fi\/koulutus\/yhteiskuntatieteiden-ja-kauppatieteiden-tiedekunnan-tohtoriohjelma\">Yhteiskuntatieteiden ja kauppatieteiden tiedekunnan tohtoriohjelma<\/a><\/li>\n\n\n\n<li><a href=\"http:\/\/www.uef.fi\/fi\/web\/dpcr\">Kliininen tohtoriohjelma ml. hammasl\u00e4\u00e4ketiede<\/a><\/li>\n\n\n\n<li><a href=\"http:\/\/www.uef.fi\/fi\/dpdrugresearch\">L\u00e4\u00e4ketutkimuksen tohtoriohjelma<\/a><\/li>\n\n\n\n<li><a href=\"http:\/\/www.uef.fi\/dpmm\">Molekulaarisen l\u00e4\u00e4ketieteen tohtoriohjelma<\/a><\/li>\n\n\n\n<li><a href=\"http:\/\/www.uef.fi\/fi\/web\/dphealthsci\/\">Terveystieteiden tohtoriohjelma<\/a><\/li>\n<\/ul>\n\n\n\n<h2 class=\"wp-block-heading\">Moniammatilliset sosiaali- ja terveydenhuollon sote-opinnot<\/h2>\n\n\n\n<p>It\u00e4-Suomen yliopistossa koulutetaan laajasti sosiaali- ja terveysalan osaajia terveystieteiden tiedekunnassa sek\u00e4 yhteiskuntatieteiden ja kauppatieteiden tiedekunnassa. Ty\u00f6el\u00e4m\u00e4n muutos ja osaamistarpeet vaativat alojen koulutuksen kehitt\u00e4mist\u00e4 moniammatillisen sosiaali- ja terveydenhuollon n\u00e4k\u00f6kulmasta. Tiedekuntien yhteinen kehitt\u00e4misryhm\u00e4 on suunnitellut ja kehitt\u00e4\u00e4 edelleen yhteisi\u00e4 sote-opintoja alan opiskelijoille.<\/p>\n\n\n\n<p><a href=\"https:\/\/www3.uef.fi\/fi\/web\/sosiaali-ja-terveysjohtaminen\/moniammatilliset-sote-opinnot\">Tutustu moniammatillisiin sote-opintoihin sosiaali- ja terveysjohtamisen laitoksen sivuilla.<\/a><\/p>\n\n\n\n<h2 class=\"wp-block-heading\">Hyvinvointioikeuden opintokokonaisuus<\/h2>\n\n\n\n<p>Oikeustieteiden laitoksen tarjoama hyvinvointioikeuden perusopintokokonaisuus (25 op) soveltuu erityisesti sosiaali- ja terveysalalla tai sosiaalivakuutuslaitoksissa ty\u00f6skenteleville, tai sellaisille, jotka ovat suuntautumassa kyseisiin teht\u00e4viin. Kokonaisuus ja sen yksitt\u00e4iset opintojaksot ovat vapaasti suoritettavissa kaikille yliopiston perustutkinto-opiskelijoille sek\u00e4 my\u00f6s avoimen yliopiston kautta.<\/p>\n\n\n\n<ul class=\"wp-block-list\">\n<li><a href=\"https:\/\/opintopolku.fi\/konfo\/fi\/koulutus\/1.2.246.562.13.00000000000000003498\">Tutustu hyvinvointioikeuden perusopintoihin Opintopolussa.<\/a><\/li>\n<\/ul>\n\n\n\n<h2 class=\"wp-block-heading\">T\u00e4ydennyskoulutus ja avoin yliopisto<\/h2>\n\n\n\n<p>Jatkuvan oppimisen keskus tarjoaa t\u00e4ydennyskoulutusta, avointa yliopisto-opetusta sek\u00e4 hanke- ja asiantuntijapalveluita.<\/p>\n\n\n\n<p>T\u00e4ydennyskoulutuksessa k\u00e4yt\u00e4nn\u00f6n tekeminen yhdistyy soveltavaan yliopistolliseen osaamiseen. Avoimen yliopiston tarjonta kattaa kaikki It\u00e4-Suomen yliopiston koulutusalat ja suurin osa opinnoista on joustavasti suoritettavissa verkko-opintoina.<\/p>\n\n\n\n<ul id=\"yui_patched_v3_11_0_1_1588233204905_513\" class=\"wp-block-list\">\n<li><a href=\"http:\/\/www.uef.fi\/fi\/web\/aducate\/taydennyskoulutus\">T\u00e4ydennyskoulutuksen tarjonta<\/a><\/li>\n\n\n\n<li><a href=\"http:\/\/www.uef.fi\/fi\/web\/aducate\/avoin-yliopisto\">Avoimen yliopisto-opetuksen tarjonta<\/a><\/li>\n<\/ul>\n\n\n\n<h2 class=\"wp-block-heading\">UEF MOOC Vaikuttavuus -verkkokurssi<\/h2>\n\n\n\n<p>Vaikuttavuuden verkkokurssi tarjoaa perusteet vaikuttavuustematiikkaan ja siihen liittyviin keskeisiin k\u00e4sitteisiin, m\u00e4\u00e4ritelmiin ja kokonaisvaltaiseen vaikuttavuuden arviointiin. Verkkokurssilla opastetaan eri mittausmenetelmien ja tutkimusasetelmien hy\u00f6dynt\u00e4misen perusteisiin vaikuttavuuden arvioinnissa. Lis\u00e4ksi esitell\u00e4\u00e4n eri tieteenalojen vaikuttavuustemaattisia l\u00e4hestymistapoja mm. sosiaali- ja terveyspalveluiden vaikuttavuuteen ja saavutettavuuteen, l\u00e4\u00e4kehoidon vaikuttavuuteen ja kustannusvaikuttavuuteen. Kurssilla esitell\u00e4\u00e4n my\u00f6s, miten vaikuttavuustietoa voidaan hy\u00f6dynt\u00e4\u00e4 sosiaali- ja terveyshuollon p\u00e4\u00e4t\u00f6ksenteossa ja priorisoinnissa sek\u00e4 tarkastellaan lains\u00e4\u00e4d\u00e4nn\u00f6n vaikuttavuutta.<\/p>\n\n\n\n<ul class=\"wp-block-list\">\n<li><a href=\"https:\/\/sites.uef.fi\/vaikuttavuuden-talo\/?page_id=1684\">Tutustu Vaikuttavuuden verkkokurssiin t\u00e4\u00e4ll\u00e4.<\/a><\/li>\n<\/ul>\n\n\n\n<h2 class=\"wp-block-heading\">UEF MOOC \u2013 Yhteiskunnallisen vaikuttavuuden arviointi<\/h2>\n\n\n\n<p>T\u00e4m\u00e4 avoin ja ilmainen verkkokurssi:<\/p>\n\n\n\n<ol class=\"wp-block-list\">\n<li>Esittelee sosiaalisen laadun puitteet ja sosiaalisen laadun keskeiset prosessit, jotka voivat edist\u00e4\u00e4 kest\u00e4v\u00e4\u00e4 hyvinvointia.<\/li>\n\n\n\n<li>Esittelee tutkimukseen perustuvan sosiaalisen laadun laskentaty\u00f6kalun ja n\u00e4yt\u00e4mme, miten ty\u00f6kalun avulla voidaan arvioida erilaisten hyvinvointia edist\u00e4vien toimenpiteiden ja politiikkojen s\u00e4\u00e4st\u00f6potentiaalia.<\/li>\n\n\n\n<li>Lis\u00e4ksi k\u00e4yd\u00e4\u00e4n l\u00e4pi, miten laskentaty\u00f6kalua voidaan k\u00e4ytt\u00e4\u00e4 n\u00e4ytt\u00f6\u00f6n perustuvan p\u00e4\u00e4t\u00f6ksenteon tukena.<\/li>\n<\/ol>\n\n\n\n<ul class=\"wp-block-list\">\n<li><a href=\"https:\/\/sites.uef.fi\/vaikuttavuuden-talo\/uef-mooc-yhteiskunnallinen-vaikuttavuuden-arviointi\/\">Tutustu Yhteiskunnallisen vaikuttavuuden arviointi verkkokurssiin t\u00e4\u00e4ll\u00e4.<\/a><\/li>\n<\/ul>\n\n\n\n<h2 class=\"wp-block-heading\">UEF MOOC \u2013 Yhteiskunnallisen vaikuttavuuden arviointi<\/h2>\n\n\n\n<p>T\u00e4m\u00e4 avoin ja ilmainen verkkokurssi:<\/p>\n\n\n\n<ol class=\"wp-block-list\">\n<li>Esittelee sosiaalisen laadun puitteet ja sosiaalisen laadun keskeiset prosessit, jotka voivat edist\u00e4\u00e4 kest\u00e4v\u00e4\u00e4 hyvinvointia.<\/li>\n\n\n\n<li>Esittelee tutkimukseen perustuvan sosiaalisen laadun laskentaty\u00f6kalun ja n\u00e4yt\u00e4mme, miten ty\u00f6kalun avulla voidaan arvioida erilaisten hyvinvointia edist\u00e4vien toimenpiteiden ja politiikkojen s\u00e4\u00e4st\u00f6potentiaalia.<\/li>\n\n\n\n<li>Lis\u00e4ksi k\u00e4yd\u00e4\u00e4n l\u00e4pi, miten laskentaty\u00f6kalua voidaan k\u00e4ytt\u00e4\u00e4 n\u00e4ytt\u00f6\u00f6n perustuvan p\u00e4\u00e4t\u00f6ksenteon tukena.<\/li>\n<\/ol>\n\n\n\n<ul class=\"wp-block-list\">\n<li><a href=\"https:\/\/sites.uef.fi\/vaikuttavuuden-talo\/uef-mooc-yhteiskunnallinen-vaikuttavuuden-arviointi\/\">Tutustu Yhteiskunnallisen vaikuttavuuden arviointi verkkokurssiin t\u00e4\u00e4ll\u00e4.<\/a><\/li>\n<\/ul>\n\n\n\n<p><\/p>\n","protected":false},"excerpt":{"rendered":"<p>It\u00e4-Suomen yliopisto tuottaa laaja-alaisesti koulutusta sosiaali- ja terveydenhuollon ja niiden integraation vaikuttavuuteen Kuopion ja Joensuun kampuksilla. Koulutusta tarjotaan niin perus- ja jatkotutkinto-opiskelijoille kuin avoimessa yliopistossa ja t\u00e4ydennyskoulutuksessa. Terveystieteiden tiedekunta kouluttaa asiantuntijoita ja ammattilaisia useille keskeisille terveydenhuollon ja hyvinvoinnin aloille. Koulutusta annetaan l\u00e4\u00e4ketieteen, hammasl\u00e4\u00e4ketieteen, farmaseutin, proviisorin ja biol\u00e4\u00e4ketieteen koulutusohjelmissa sek\u00e4 hoitotieteen, ravitsemustieteen ja terveyden edist\u00e4misen (ergonomia, [&hellip;]<\/p>\n","protected":false},"author":44,"featured_media":0,"parent":0,"menu_order":0,"comment_status":"closed","ping_status":"closed","template":"","meta":{"_acf_changed":false,"_monsterinsights_skip_tracking":false,"_monsterinsights_sitenote_active":false,"_monsterinsights_sitenote_note":"","_monsterinsights_sitenote_category":0,"footnotes":""},"class_list":["post-65","page","type-page","status-publish","hentry"],"acf":[],"yoast_head":"<!-- This site is optimized with the Yoast SEO plugin v27.3 - https:\/\/yoast.com\/product\/yoast-seo-wordpress\/ -->\n<title>Koulutus - Vaikuttavuuden talo<\/title>\n<meta name=\"robots\" content=\"index, follow, max-snippet:-1, max-image-preview:large, max-video-preview:-1\" \/>\n<link rel=\"canonical\" href=\"https:\/\/sites.uef.fi\/vaikuttavuuden-talo\/koulutus\/\" \/>\n<meta property=\"og:locale\" content=\"fi_FI\" \/>\n<meta property=\"og:type\" content=\"article\" \/>\n<meta property=\"og:title\" content=\"Koulutus - Vaikuttavuuden talo\" \/>\n<meta property=\"og:description\" content=\"It\u00e4-Suomen yliopisto tuottaa laaja-alaisesti koulutusta sosiaali- ja terveydenhuollon ja niiden integraation vaikuttavuuteen Kuopion ja Joensuun kampuksilla. Koulutusta tarjotaan niin perus- ja jatkotutkinto-opiskelijoille kuin avoimessa yliopistossa ja t\u00e4ydennyskoulutuksessa. Terveystieteiden tiedekunta kouluttaa asiantuntijoita ja ammattilaisia useille keskeisille terveydenhuollon ja hyvinvoinnin aloille. Koulutusta annetaan l\u00e4\u00e4ketieteen, hammasl\u00e4\u00e4ketieteen, farmaseutin, proviisorin ja biol\u00e4\u00e4ketieteen koulutusohjelmissa sek\u00e4 hoitotieteen, ravitsemustieteen ja terveyden edist\u00e4misen (ergonomia, [&hellip;]\" \/>\n<meta property=\"og:url\" content=\"https:\/\/sites.uef.fi\/vaikuttavuuden-talo\/koulutus\/\" \/>\n<meta property=\"og:site_name\" content=\"Vaikuttavuuden talo\" \/>\n<meta property=\"article:modified_time\" content=\"2025-05-27T06:40:25+00:00\" \/>\n<meta name=\"twitter:card\" content=\"summary_large_image\" \/>\n<meta name=\"twitter:label1\" content=\"Arvioitu lukuaika\" \/>\n\t<meta name=\"twitter:data1\" content=\"4 minuuttia\" \/>\n<script type=\"application\/ld+json\" class=\"yoast-schema-graph\">{\"@context\":\"https:\\\/\\\/schema.org\",\"@graph\":[{\"@type\":\"WebPage\",\"@id\":\"https:\\\/\\\/sites.uef.fi\\\/vaikuttavuuden-talo\\\/koulutus\\\/\",\"url\":\"https:\\\/\\\/sites.uef.fi\\\/vaikuttavuuden-talo\\\/koulutus\\\/\",\"name\":\"Koulutus - Vaikuttavuuden talo\",\"isPartOf\":{\"@id\":\"https:\\\/\\\/sites.uef.fi\\\/vaikuttavuuden-talo\\\/#website\"},\"datePublished\":\"2020-04-29T11:52:35+00:00\",\"dateModified\":\"2025-05-27T06:40:25+00:00\",\"breadcrumb\":{\"@id\":\"https:\\\/\\\/sites.uef.fi\\\/vaikuttavuuden-talo\\\/koulutus\\\/#breadcrumb\"},\"inLanguage\":\"fi\",\"potentialAction\":[{\"@type\":\"ReadAction\",\"target\":[\"https:\\\/\\\/sites.uef.fi\\\/vaikuttavuuden-talo\\\/koulutus\\\/\"]}]},{\"@type\":\"BreadcrumbList\",\"@id\":\"https:\\\/\\\/sites.uef.fi\\\/vaikuttavuuden-talo\\\/koulutus\\\/#breadcrumb\",\"itemListElement\":[{\"@type\":\"ListItem\",\"position\":1,\"name\":\"Home\",\"item\":\"https:\\\/\\\/sites.uef.fi\\\/vaikuttavuuden-talo\\\/\"},{\"@type\":\"ListItem\",\"position\":2,\"name\":\"Koulutus\"}]},{\"@type\":\"WebSite\",\"@id\":\"https:\\\/\\\/sites.uef.fi\\\/vaikuttavuuden-talo\\\/#website\",\"url\":\"https:\\\/\\\/sites.uef.fi\\\/vaikuttavuuden-talo\\\/\",\"name\":\"Vaikuttavuuden talo\",\"description\":\"\",\"potentialAction\":[{\"@type\":\"SearchAction\",\"target\":{\"@type\":\"EntryPoint\",\"urlTemplate\":\"https:\\\/\\\/sites.uef.fi\\\/vaikuttavuuden-talo\\\/?s={search_term_string}\"},\"query-input\":{\"@type\":\"PropertyValueSpecification\",\"valueRequired\":true,\"valueName\":\"search_term_string\"}}],\"inLanguage\":\"fi\"}]}<\/script>\n<!-- \/ Yoast SEO plugin. -->","yoast_head_json":{"title":"Koulutus - Vaikuttavuuden talo","robots":{"index":"index","follow":"follow","max-snippet":"max-snippet:-1","max-image-preview":"max-image-preview:large","max-video-preview":"max-video-preview:-1"},"canonical":"https:\/\/sites.uef.fi\/vaikuttavuuden-talo\/koulutus\/","og_locale":"fi_FI","og_type":"article","og_title":"Koulutus - Vaikuttavuuden talo","og_description":"It\u00e4-Suomen yliopisto tuottaa laaja-alaisesti koulutusta sosiaali- ja terveydenhuollon ja niiden integraation vaikuttavuuteen Kuopion ja Joensuun kampuksilla. Koulutusta tarjotaan niin perus- ja jatkotutkinto-opiskelijoille kuin avoimessa yliopistossa ja t\u00e4ydennyskoulutuksessa. Terveystieteiden tiedekunta kouluttaa asiantuntijoita ja ammattilaisia useille keskeisille terveydenhuollon ja hyvinvoinnin aloille. Koulutusta annetaan l\u00e4\u00e4ketieteen, hammasl\u00e4\u00e4ketieteen, farmaseutin, proviisorin ja biol\u00e4\u00e4ketieteen koulutusohjelmissa sek\u00e4 hoitotieteen, ravitsemustieteen ja terveyden edist\u00e4misen (ergonomia, [&hellip;]","og_url":"https:\/\/sites.uef.fi\/vaikuttavuuden-talo\/koulutus\/","og_site_name":"Vaikuttavuuden talo","article_modified_time":"2025-05-27T06:40:25+00:00","twitter_card":"summary_large_image","twitter_misc":{"Arvioitu lukuaika":"4 minuuttia"},"schema":{"@context":"https:\/\/schema.org","@graph":[{"@type":"WebPage","@id":"https:\/\/sites.uef.fi\/vaikuttavuuden-talo\/koulutus\/","url":"https:\/\/sites.uef.fi\/vaikuttavuuden-talo\/koulutus\/","name":"Koulutus - Vaikuttavuuden talo","isPartOf":{"@id":"https:\/\/sites.uef.fi\/vaikuttavuuden-talo\/#website"},"datePublished":"2020-04-29T11:52:35+00:00","dateModified":"2025-05-27T06:40:25+00:00","breadcrumb":{"@id":"https:\/\/sites.uef.fi\/vaikuttavuuden-talo\/koulutus\/#breadcrumb"},"inLanguage":"fi","potentialAction":[{"@type":"ReadAction","target":["https:\/\/sites.uef.fi\/vaikuttavuuden-talo\/koulutus\/"]}]},{"@type":"BreadcrumbList","@id":"https:\/\/sites.uef.fi\/vaikuttavuuden-talo\/koulutus\/#breadcrumb","itemListElement":[{"@type":"ListItem","position":1,"name":"Home","item":"https:\/\/sites.uef.fi\/vaikuttavuuden-talo\/"},{"@type":"ListItem","position":2,"name":"Koulutus"}]},{"@type":"WebSite","@id":"https:\/\/sites.uef.fi\/vaikuttavuuden-talo\/#website","url":"https:\/\/sites.uef.fi\/vaikuttavuuden-talo\/","name":"Vaikuttavuuden talo","description":"","potentialAction":[{"@type":"SearchAction","target":{"@type":"EntryPoint","urlTemplate":"https:\/\/sites.uef.fi\/vaikuttavuuden-talo\/?s={search_term_string}"},"query-input":{"@type":"PropertyValueSpecification","valueRequired":true,"valueName":"search_term_string"}}],"inLanguage":"fi"}]}},"_links":{"self":[{"href":"https:\/\/sites.uef.fi\/vaikuttavuuden-talo\/wp-json\/wp\/v2\/pages\/65","targetHints":{"allow":["GET"]}}],"collection":[{"href":"https:\/\/sites.uef.fi\/vaikuttavuuden-talo\/wp-json\/wp\/v2\/pages"}],"about":[{"href":"https:\/\/sites.uef.fi\/vaikuttavuuden-talo\/wp-json\/wp\/v2\/types\/page"}],"author":[{"embeddable":true,"href":"https:\/\/sites.uef.fi\/vaikuttavuuden-talo\/wp-json\/wp\/v2\/users\/44"}],"replies":[{"embeddable":true,"href":"https:\/\/sites.uef.fi\/vaikuttavuuden-talo\/wp-json\/wp\/v2\/comments?post=65"}],"version-history":[{"count":2,"href":"https:\/\/sites.uef.fi\/vaikuttavuuden-talo\/wp-json\/wp\/v2\/pages\/65\/revisions"}],"predecessor-version":[{"id":11807,"href":"https:\/\/sites.uef.fi\/vaikuttavuuden-talo\/wp-json\/wp\/v2\/pages\/65\/revisions\/11807"}],"wp:attachment":[{"href":"https:\/\/sites.uef.fi\/vaikuttavuuden-talo\/wp-json\/wp\/v2\/media?parent=65"}],"curies":[{"name":"wp","href":"https:\/\/api.w.org\/{rel}","templated":true}]}}