{"id":6765,"date":"2023-04-05T13:45:29","date_gmt":"2023-04-05T11:45:29","guid":{"rendered":"https:\/\/sites.uef.fi\/vaikuttavuuden-talo\/?page_id=6765"},"modified":"2023-10-27T09:38:48","modified_gmt":"2023-10-27T07:38:48","slug":"puhujat-2023","status":"publish","type":"page","link":"https:\/\/sites.uef.fi\/vaikuttavuuden-talo\/puhujat-2023\/","title":{"rendered":"Puhujat 2023"},"content":{"rendered":"\n<p>Vaikuttavuuden tutkimuksen p\u00e4ivien 2023 puhujaesittelyt.<\/p>\n\n\n\n<h2 class=\"wp-block-heading\">P\u00e4\u00e4puhujat<\/h2>\n\n\n\n<p>T\u00e4n\u00e4 vuonna p\u00e4\u00e4puhujina ovat Lars Sandman, Kaisa-Maria Kimmel, Petteri Niemi ja Paulus Torkki.<\/p>\n\n\n\n<p><a href=\"https:\/\/sites.uef.fi\/vaikuttavuuden-talo\/ennakkojutut-plenarypuhujista-2023\/\">Lue p\u00e4\u00e4puhujien ennakkohaastattelut t\u00e4\u00e4lt\u00e4.<\/a><\/p>\n\n\n\n<div class=\"wp-block-columns is-layout-flex wp-container-core-columns-is-layout-9d6595d7 wp-block-columns-is-layout-flex\">\n<div class=\"wp-block-column is-layout-flow wp-block-column-is-layout-flow\" style=\"flex-basis:33.33%\">\n<figure class=\"wp-block-image size-large\"><img loading=\"lazy\" decoding=\"async\" width=\"2433\" height=\"2433\" src=\"https:\/\/sites.uef.fi\/vaikuttavuuden-talo\/wp-content\/uploads\/sites\/28\/2023\/03\/larssandman-kopio-edited.jpg\" alt=\"Lars Sandman.\" class=\"wp-image-6786\" srcset=\"https:\/\/sites.uef.fi\/vaikuttavuuden-talo\/wp-content\/uploads\/sites\/28\/2023\/03\/larssandman-kopio-edited.jpg 2433w, https:\/\/sites.uef.fi\/vaikuttavuuden-talo\/wp-content\/uploads\/sites\/28\/2023\/03\/larssandman-kopio-edited-300x300.jpg 300w, https:\/\/sites.uef.fi\/vaikuttavuuden-talo\/wp-content\/uploads\/sites\/28\/2023\/03\/larssandman-kopio-edited-1024x1024.jpg 1024w, https:\/\/sites.uef.fi\/vaikuttavuuden-talo\/wp-content\/uploads\/sites\/28\/2023\/03\/larssandman-kopio-edited-150x150.jpg 150w, https:\/\/sites.uef.fi\/vaikuttavuuden-talo\/wp-content\/uploads\/sites\/28\/2023\/03\/larssandman-kopio-edited-768x768.jpg 768w, https:\/\/sites.uef.fi\/vaikuttavuuden-talo\/wp-content\/uploads\/sites\/28\/2023\/03\/larssandman-kopio-edited-1536x1536.jpg 1536w, https:\/\/sites.uef.fi\/vaikuttavuuden-talo\/wp-content\/uploads\/sites\/28\/2023\/03\/larssandman-kopio-edited-2048x2048.jpg 2048w, https:\/\/sites.uef.fi\/vaikuttavuuden-talo\/wp-content\/uploads\/sites\/28\/2023\/03\/larssandman-kopio-edited-100x100.jpg 100w\" sizes=\"auto, (max-width: 2433px) 100vw, 2433px\" \/><figcaption class=\"wp-element-caption\">Lars Sandman<\/figcaption><\/figure>\n<\/div>\n\n\n\n<div class=\"wp-block-column is-layout-flow wp-block-column-is-layout-flow\" style=\"flex-basis:66.66%\">\n<p><strong>PhD Lars Sandman<\/strong> is full Professor of Healthcare Ethics and Director of the National Centre for Priorities in Health, at Link\u00f6ping University, Sweden. His research concerns normative challenges in priority setting within healthcare (and to some extent social care) and assessment of new health technologies. He is also an ethics consultant to the Swedish National Board of Health and Welfare, part of national and regional bodies for priority setting and has been commissioned to develop national guidelines for priority setting for the healthcare system during the Covid-19 pandemic.<\/p>\n<\/div>\n<\/div>\n\n\n\n<div class=\"wp-block-columns is-layout-flex wp-container-core-columns-is-layout-9d6595d7 wp-block-columns-is-layout-flex\">\n<div class=\"wp-block-column is-layout-flow wp-block-column-is-layout-flow\" style=\"flex-basis:33.33%\">\n<figure class=\"wp-block-image size-large\"><img loading=\"lazy\" decoding=\"async\" width=\"2560\" height=\"2560\" src=\"https:\/\/sites.uef.fi\/vaikuttavuuden-talo\/wp-content\/uploads\/sites\/28\/2023\/03\/Kimmel-Kaisa-Maria-kopio-edited-scaled.jpg\" alt=\"Kaisa-Maria Kimmel.\" class=\"wp-image-6795\" srcset=\"https:\/\/sites.uef.fi\/vaikuttavuuden-talo\/wp-content\/uploads\/sites\/28\/2023\/03\/Kimmel-Kaisa-Maria-kopio-edited-scaled.jpg 2560w, https:\/\/sites.uef.fi\/vaikuttavuuden-talo\/wp-content\/uploads\/sites\/28\/2023\/03\/Kimmel-Kaisa-Maria-kopio-edited-300x300.jpg 300w, https:\/\/sites.uef.fi\/vaikuttavuuden-talo\/wp-content\/uploads\/sites\/28\/2023\/03\/Kimmel-Kaisa-Maria-kopio-edited-1024x1024.jpg 1024w, https:\/\/sites.uef.fi\/vaikuttavuuden-talo\/wp-content\/uploads\/sites\/28\/2023\/03\/Kimmel-Kaisa-Maria-kopio-edited-150x150.jpg 150w, https:\/\/sites.uef.fi\/vaikuttavuuden-talo\/wp-content\/uploads\/sites\/28\/2023\/03\/Kimmel-Kaisa-Maria-kopio-edited-768x768.jpg 768w, https:\/\/sites.uef.fi\/vaikuttavuuden-talo\/wp-content\/uploads\/sites\/28\/2023\/03\/Kimmel-Kaisa-Maria-kopio-edited-1536x1536.jpg 1536w, https:\/\/sites.uef.fi\/vaikuttavuuden-talo\/wp-content\/uploads\/sites\/28\/2023\/03\/Kimmel-Kaisa-Maria-kopio-edited-2048x2048.jpg 2048w, https:\/\/sites.uef.fi\/vaikuttavuuden-talo\/wp-content\/uploads\/sites\/28\/2023\/03\/Kimmel-Kaisa-Maria-kopio-edited-100x100.jpg 100w\" sizes=\"auto, (max-width: 2560px) 100vw, 2560px\" \/><figcaption class=\"wp-element-caption\">Kaisa-Maria Kimmel<\/figcaption><\/figure>\n<\/div>\n\n\n\n<div class=\"wp-block-column is-layout-flow wp-block-column-is-layout-flow\" style=\"flex-basis:66.66%\">\n<p><strong>Kaisa-Maria Kimmel<\/strong> on tamperelainen juristi ja v\u00e4it\u00f6skirjatutkija Lapin yliopiston oikeustieteiden tiedekunnassa. Kimmel tutkii v\u00e4it\u00f6skirjassaan terveydenhuollon priorisoinnin s\u00e4\u00e4ntely\u00e4 sek\u00e4 s\u00e4\u00e4ntelykeinojen merkityst\u00e4 erikoissairaanhoidossa ty\u00f6skentelevien l\u00e4\u00e4k\u00e4reiden priorisointia koskevassa harkinnassa. Kimmel on toiminut sote-juristina Kuntaliitossa vuodesta 2021 ja Hyvinvointialueyhti\u00f6 Hyvil Oy:ss\u00e4 vuoden 2023 alusta. Ty\u00f6ss\u00e4\u00e4n Kimmel tukee hyvinvointialueita sosiaali- ja terveydenhuollon juridiikkaa sek\u00e4 j\u00e4rjest\u00e4misvastuuta koskevissa kysymyksiss\u00e4 sek\u00e4 sote-lains\u00e4\u00e4d\u00e4nn\u00f6n valmisteluun, kehitt\u00e4miseen ja toimeenpanoon liittyviss\u00e4 asioissa. Kimmel toimii sosiaali- ja terveydenhuollon eettisen neuvottelukunnan ETENE:n varaj\u00e4senen\u00e4 kaudella 2023-2026.<\/p>\n<\/div>\n<\/div>\n\n\n\n<div class=\"wp-block-columns is-layout-flex wp-container-core-columns-is-layout-9d6595d7 wp-block-columns-is-layout-flex\">\n<div class=\"wp-block-column is-layout-flow wp-block-column-is-layout-flow\" style=\"flex-basis:33.33%\">\n<figure class=\"wp-block-image size-large\"><img loading=\"lazy\" decoding=\"async\" width=\"1024\" height=\"1024\" src=\"https:\/\/sites.uef.fi\/vaikuttavuuden-talo\/wp-content\/uploads\/sites\/28\/2023\/03\/NiemiPetteri_1x1-1024x1024.jpg\" alt=\"Petteri Niemi.\" class=\"wp-image-6955\" srcset=\"https:\/\/sites.uef.fi\/vaikuttavuuden-talo\/wp-content\/uploads\/sites\/28\/2023\/03\/NiemiPetteri_1x1-1024x1024.jpg 1024w, https:\/\/sites.uef.fi\/vaikuttavuuden-talo\/wp-content\/uploads\/sites\/28\/2023\/03\/NiemiPetteri_1x1-300x300.jpg 300w, https:\/\/sites.uef.fi\/vaikuttavuuden-talo\/wp-content\/uploads\/sites\/28\/2023\/03\/NiemiPetteri_1x1-150x150.jpg 150w, https:\/\/sites.uef.fi\/vaikuttavuuden-talo\/wp-content\/uploads\/sites\/28\/2023\/03\/NiemiPetteri_1x1-768x768.jpg 768w, https:\/\/sites.uef.fi\/vaikuttavuuden-talo\/wp-content\/uploads\/sites\/28\/2023\/03\/NiemiPetteri_1x1-1536x1536.jpg 1536w, https:\/\/sites.uef.fi\/vaikuttavuuden-talo\/wp-content\/uploads\/sites\/28\/2023\/03\/NiemiPetteri_1x1-2048x2048.jpg 2048w, https:\/\/sites.uef.fi\/vaikuttavuuden-talo\/wp-content\/uploads\/sites\/28\/2023\/03\/NiemiPetteri_1x1-100x100.jpg 100w\" sizes=\"auto, (max-width: 1024px) 100vw, 1024px\" \/><figcaption class=\"wp-element-caption\">Petteri Niemi<\/figcaption><\/figure>\n<\/div>\n\n\n\n<div class=\"wp-block-column is-layout-flow wp-block-column-is-layout-flow\" style=\"flex-basis:66.66%\">\n<p><strong>Petteri Niemi<\/strong> toimii yliopistonlehtorina Jyv\u00e4skyl\u00e4n yliopiston yhteiskuntatieteiden ja filosofian laitoksella sek\u00e4 Ihmistieteiden metodikeskuksessa. H\u00e4n opettaa p\u00e4\u00e4asiassa tutkimusetiikkaa ja tieteenteoriaa v\u00e4it\u00f6skirjantekij\u00f6ille. H\u00e4n on Jyv\u00e4skyl\u00e4n yliopiston eettisen toimikunnan varapuheenjohtaja ja sosiaalialan ammattij\u00e4rjest\u00f6n Talentian eettisen lautakunnan asiantuntijaj\u00e4sen. H\u00e4n toimii my\u00f6s sosiaalialan kest\u00e4v\u00e4\u00e4 kehityst\u00e4 tutkivan EU-rahoitteisen ASTRA-projektin eettisen\u00e4 neuvonantajana. H\u00e4nen viimeisimm\u00e4n tutkimusprojektinsa teemana on sosiaalihuollon priorisointi. Ty\u00f6n alla on kirja tuosta aiheesta, yhdess\u00e4 sosiaalialan k\u00e4yt\u00e4nn\u00f6n ammattilaisen, tutkijan ja opettajan Riikka Niemen kanssa.<\/p>\n<\/div>\n<\/div>\n\n\n\n<div class=\"wp-block-columns is-layout-flex wp-container-core-columns-is-layout-9d6595d7 wp-block-columns-is-layout-flex\">\n<div class=\"wp-block-column is-layout-flow wp-block-column-is-layout-flow\" style=\"flex-basis:33.33%\">\n<figure class=\"wp-block-image size-full\"><img loading=\"lazy\" decoding=\"async\" width=\"710\" height=\"710\" src=\"https:\/\/sites.uef.fi\/vaikuttavuuden-talo\/wp-content\/uploads\/sites\/28\/2022\/08\/Keynote_Paulus_Torkki_rajattu-1.jpg\" alt=\"Apulaisprofessori Paulus Torkin kasvokuva.\" class=\"wp-image-5683\" srcset=\"https:\/\/sites.uef.fi\/vaikuttavuuden-talo\/wp-content\/uploads\/sites\/28\/2022\/08\/Keynote_Paulus_Torkki_rajattu-1.jpg 710w, https:\/\/sites.uef.fi\/vaikuttavuuden-talo\/wp-content\/uploads\/sites\/28\/2022\/08\/Keynote_Paulus_Torkki_rajattu-1-300x300.jpg 300w, https:\/\/sites.uef.fi\/vaikuttavuuden-talo\/wp-content\/uploads\/sites\/28\/2022\/08\/Keynote_Paulus_Torkki_rajattu-1-150x150.jpg 150w, https:\/\/sites.uef.fi\/vaikuttavuuden-talo\/wp-content\/uploads\/sites\/28\/2022\/08\/Keynote_Paulus_Torkki_rajattu-1-100x100.jpg 100w\" sizes=\"auto, (max-width: 710px) 100vw, 710px\" \/><figcaption class=\"wp-element-caption\">Paulus Torkki<\/figcaption><\/figure>\n<\/div>\n\n\n\n<div class=\"wp-block-column is-layout-flow wp-block-column-is-layout-flow\" style=\"flex-basis:66.66%\">\n<p><strong>Paulus Torkki<\/strong> toimii terveydenhuollon tuotantotalouden apulaisprofessorina Helsingin yliopiston l\u00e4\u00e4ketieteellisess\u00e4 tiedekunnassa. Lis\u00e4ksi h\u00e4n on Vaikuttavuusseura ry:n hallituksen puheenjohtaja ja toimii muutamien sote-alan yhdistysten ja yritysten hallituksessa. Paulus on tutkinut ja kehitt\u00e4nyt sote-alaa 20 vuoden ajan keskittyen suorituskyvyn arviointiin ja parantamiseen j\u00e4rjestelm\u00e4n eri tasoilla. Paulus on julkaissut n 50 kansainv\u00e4list\u00e4 vertaisarvioitua artikkeleita ja lis\u00e4ksi ahkerasti erilaisissa ei-akateemisissa julkaisuissa. T\u00e4ll\u00e4 hetkell\u00e4 tutkimukset keskittyv\u00e4t arkivaikuttavuuden kehitt\u00e4miseen sote-j\u00e4rjestelm\u00e4ss\u00e4 erityisesti vaikuttavuuden mittaamisen, johtamisen ja tietojohtamisen n\u00e4k\u00f6kulmista.<strong>&nbsp;<\/strong><\/p>\n<\/div>\n<\/div>\n","protected":false},"excerpt":{"rendered":"<p>Vaikuttavuuden tutkimuksen p\u00e4ivien 2023 puhujaesittelyt. P\u00e4\u00e4puhujat T\u00e4n\u00e4 vuonna p\u00e4\u00e4puhujina ovat Lars Sandman, Kaisa-Maria Kimmel, Petteri Niemi ja Paulus Torkki. Lue p\u00e4\u00e4puhujien ennakkohaastattelut t\u00e4\u00e4lt\u00e4. PhD Lars Sandman is full Professor of Healthcare Ethics and Director of the National Centre for Priorities in Health, at Link\u00f6ping University, Sweden. His research concerns normative challenges in priority setting within [&hellip;]<\/p>\n","protected":false},"author":44,"featured_media":0,"parent":0,"menu_order":0,"comment_status":"closed","ping_status":"closed","template":"","meta":{"_acf_changed":false,"_monsterinsights_skip_tracking":false,"_monsterinsights_sitenote_active":false,"_monsterinsights_sitenote_note":"","_monsterinsights_sitenote_category":0,"footnotes":""},"class_list":["post-6765","page","type-page","status-publish","hentry"],"acf":[],"yoast_head":"<!-- This site is optimized with the Yoast SEO plugin v27.3 - https:\/\/yoast.com\/product\/yoast-seo-wordpress\/ -->\n<title>Puhujat 2023 - Vaikuttavuuden talo<\/title>\n<meta name=\"robots\" content=\"index, follow, max-snippet:-1, max-image-preview:large, max-video-preview:-1\" \/>\n<link rel=\"canonical\" href=\"https:\/\/sites.uef.fi\/vaikuttavuuden-talo\/puhujat-2023\/\" \/>\n<meta property=\"og:locale\" content=\"fi_FI\" \/>\n<meta property=\"og:type\" content=\"article\" \/>\n<meta property=\"og:title\" content=\"Puhujat 2023 - Vaikuttavuuden talo\" \/>\n<meta property=\"og:description\" content=\"Vaikuttavuuden tutkimuksen p\u00e4ivien 2023 puhujaesittelyt. P\u00e4\u00e4puhujat T\u00e4n\u00e4 vuonna p\u00e4\u00e4puhujina ovat Lars Sandman, Kaisa-Maria Kimmel, Petteri Niemi ja Paulus Torkki. Lue p\u00e4\u00e4puhujien ennakkohaastattelut t\u00e4\u00e4lt\u00e4. PhD Lars Sandman is full Professor of Healthcare Ethics and Director of the National Centre for Priorities in Health, at Link\u00f6ping University, Sweden. His research concerns normative challenges in priority setting within [&hellip;]\" \/>\n<meta property=\"og:url\" content=\"https:\/\/sites.uef.fi\/vaikuttavuuden-talo\/puhujat-2023\/\" \/>\n<meta property=\"og:site_name\" content=\"Vaikuttavuuden talo\" \/>\n<meta property=\"article:modified_time\" content=\"2023-10-27T07:38:48+00:00\" \/>\n<meta property=\"og:image\" content=\"https:\/\/sites.uef.fi\/vaikuttavuuden-talo\/wp-content\/uploads\/sites\/28\/2023\/03\/larssandman-kopio-edited.jpg\" \/>\n<meta name=\"twitter:card\" content=\"summary_large_image\" \/>\n<meta name=\"twitter:label1\" content=\"Arvioitu lukuaika\" \/>\n\t<meta name=\"twitter:data1\" content=\"3 minuuttia\" \/>\n<script type=\"application\/ld+json\" class=\"yoast-schema-graph\">{\"@context\":\"https:\\\/\\\/schema.org\",\"@graph\":[{\"@type\":\"WebPage\",\"@id\":\"https:\\\/\\\/sites.uef.fi\\\/vaikuttavuuden-talo\\\/puhujat-2023\\\/\",\"url\":\"https:\\\/\\\/sites.uef.fi\\\/vaikuttavuuden-talo\\\/puhujat-2023\\\/\",\"name\":\"Puhujat 2023 - Vaikuttavuuden talo\",\"isPartOf\":{\"@id\":\"https:\\\/\\\/sites.uef.fi\\\/vaikuttavuuden-talo\\\/#website\"},\"primaryImageOfPage\":{\"@id\":\"https:\\\/\\\/sites.uef.fi\\\/vaikuttavuuden-talo\\\/puhujat-2023\\\/#primaryimage\"},\"image\":{\"@id\":\"https:\\\/\\\/sites.uef.fi\\\/vaikuttavuuden-talo\\\/puhujat-2023\\\/#primaryimage\"},\"thumbnailUrl\":\"https:\\\/\\\/sites.uef.fi\\\/vaikuttavuuden-talo\\\/wp-content\\\/uploads\\\/sites\\\/28\\\/2023\\\/03\\\/larssandman-kopio-edited.jpg\",\"datePublished\":\"2023-04-05T11:45:29+00:00\",\"dateModified\":\"2023-10-27T07:38:48+00:00\",\"breadcrumb\":{\"@id\":\"https:\\\/\\\/sites.uef.fi\\\/vaikuttavuuden-talo\\\/puhujat-2023\\\/#breadcrumb\"},\"inLanguage\":\"fi\",\"potentialAction\":[{\"@type\":\"ReadAction\",\"target\":[\"https:\\\/\\\/sites.uef.fi\\\/vaikuttavuuden-talo\\\/puhujat-2023\\\/\"]}]},{\"@type\":\"ImageObject\",\"inLanguage\":\"fi\",\"@id\":\"https:\\\/\\\/sites.uef.fi\\\/vaikuttavuuden-talo\\\/puhujat-2023\\\/#primaryimage\",\"url\":\"https:\\\/\\\/sites.uef.fi\\\/vaikuttavuuden-talo\\\/wp-content\\\/uploads\\\/sites\\\/28\\\/2023\\\/03\\\/larssandman-kopio-edited.jpg\",\"contentUrl\":\"https:\\\/\\\/sites.uef.fi\\\/vaikuttavuuden-talo\\\/wp-content\\\/uploads\\\/sites\\\/28\\\/2023\\\/03\\\/larssandman-kopio-edited.jpg\",\"width\":2433,\"height\":2433,\"caption\":\"Lars Sandman.\"},{\"@type\":\"BreadcrumbList\",\"@id\":\"https:\\\/\\\/sites.uef.fi\\\/vaikuttavuuden-talo\\\/puhujat-2023\\\/#breadcrumb\",\"itemListElement\":[{\"@type\":\"ListItem\",\"position\":1,\"name\":\"Home\",\"item\":\"https:\\\/\\\/sites.uef.fi\\\/vaikuttavuuden-talo\\\/\"},{\"@type\":\"ListItem\",\"position\":2,\"name\":\"Puhujat 2023\"}]},{\"@type\":\"WebSite\",\"@id\":\"https:\\\/\\\/sites.uef.fi\\\/vaikuttavuuden-talo\\\/#website\",\"url\":\"https:\\\/\\\/sites.uef.fi\\\/vaikuttavuuden-talo\\\/\",\"name\":\"Vaikuttavuuden talo\",\"description\":\"\",\"potentialAction\":[{\"@type\":\"SearchAction\",\"target\":{\"@type\":\"EntryPoint\",\"urlTemplate\":\"https:\\\/\\\/sites.uef.fi\\\/vaikuttavuuden-talo\\\/?s={search_term_string}\"},\"query-input\":{\"@type\":\"PropertyValueSpecification\",\"valueRequired\":true,\"valueName\":\"search_term_string\"}}],\"inLanguage\":\"fi\"}]}<\/script>\n<!-- \/ Yoast SEO plugin. -->","yoast_head_json":{"title":"Puhujat 2023 - Vaikuttavuuden talo","robots":{"index":"index","follow":"follow","max-snippet":"max-snippet:-1","max-image-preview":"max-image-preview:large","max-video-preview":"max-video-preview:-1"},"canonical":"https:\/\/sites.uef.fi\/vaikuttavuuden-talo\/puhujat-2023\/","og_locale":"fi_FI","og_type":"article","og_title":"Puhujat 2023 - Vaikuttavuuden talo","og_description":"Vaikuttavuuden tutkimuksen p\u00e4ivien 2023 puhujaesittelyt. P\u00e4\u00e4puhujat T\u00e4n\u00e4 vuonna p\u00e4\u00e4puhujina ovat Lars Sandman, Kaisa-Maria Kimmel, Petteri Niemi ja Paulus Torkki. Lue p\u00e4\u00e4puhujien ennakkohaastattelut t\u00e4\u00e4lt\u00e4. PhD Lars Sandman is full Professor of Healthcare Ethics and Director of the National Centre for Priorities in Health, at Link\u00f6ping University, Sweden. His research concerns normative challenges in priority setting within [&hellip;]","og_url":"https:\/\/sites.uef.fi\/vaikuttavuuden-talo\/puhujat-2023\/","og_site_name":"Vaikuttavuuden talo","article_modified_time":"2023-10-27T07:38:48+00:00","og_image":[{"url":"https:\/\/sites.uef.fi\/vaikuttavuuden-talo\/wp-content\/uploads\/sites\/28\/2023\/03\/larssandman-kopio-edited.jpg","type":"","width":"","height":""}],"twitter_card":"summary_large_image","twitter_misc":{"Arvioitu lukuaika":"3 minuuttia"},"schema":{"@context":"https:\/\/schema.org","@graph":[{"@type":"WebPage","@id":"https:\/\/sites.uef.fi\/vaikuttavuuden-talo\/puhujat-2023\/","url":"https:\/\/sites.uef.fi\/vaikuttavuuden-talo\/puhujat-2023\/","name":"Puhujat 2023 - Vaikuttavuuden talo","isPartOf":{"@id":"https:\/\/sites.uef.fi\/vaikuttavuuden-talo\/#website"},"primaryImageOfPage":{"@id":"https:\/\/sites.uef.fi\/vaikuttavuuden-talo\/puhujat-2023\/#primaryimage"},"image":{"@id":"https:\/\/sites.uef.fi\/vaikuttavuuden-talo\/puhujat-2023\/#primaryimage"},"thumbnailUrl":"https:\/\/sites.uef.fi\/vaikuttavuuden-talo\/wp-content\/uploads\/sites\/28\/2023\/03\/larssandman-kopio-edited.jpg","datePublished":"2023-04-05T11:45:29+00:00","dateModified":"2023-10-27T07:38:48+00:00","breadcrumb":{"@id":"https:\/\/sites.uef.fi\/vaikuttavuuden-talo\/puhujat-2023\/#breadcrumb"},"inLanguage":"fi","potentialAction":[{"@type":"ReadAction","target":["https:\/\/sites.uef.fi\/vaikuttavuuden-talo\/puhujat-2023\/"]}]},{"@type":"ImageObject","inLanguage":"fi","@id":"https:\/\/sites.uef.fi\/vaikuttavuuden-talo\/puhujat-2023\/#primaryimage","url":"https:\/\/sites.uef.fi\/vaikuttavuuden-talo\/wp-content\/uploads\/sites\/28\/2023\/03\/larssandman-kopio-edited.jpg","contentUrl":"https:\/\/sites.uef.fi\/vaikuttavuuden-talo\/wp-content\/uploads\/sites\/28\/2023\/03\/larssandman-kopio-edited.jpg","width":2433,"height":2433,"caption":"Lars Sandman."},{"@type":"BreadcrumbList","@id":"https:\/\/sites.uef.fi\/vaikuttavuuden-talo\/puhujat-2023\/#breadcrumb","itemListElement":[{"@type":"ListItem","position":1,"name":"Home","item":"https:\/\/sites.uef.fi\/vaikuttavuuden-talo\/"},{"@type":"ListItem","position":2,"name":"Puhujat 2023"}]},{"@type":"WebSite","@id":"https:\/\/sites.uef.fi\/vaikuttavuuden-talo\/#website","url":"https:\/\/sites.uef.fi\/vaikuttavuuden-talo\/","name":"Vaikuttavuuden talo","description":"","potentialAction":[{"@type":"SearchAction","target":{"@type":"EntryPoint","urlTemplate":"https:\/\/sites.uef.fi\/vaikuttavuuden-talo\/?s={search_term_string}"},"query-input":{"@type":"PropertyValueSpecification","valueRequired":true,"valueName":"search_term_string"}}],"inLanguage":"fi"}]}},"_links":{"self":[{"href":"https:\/\/sites.uef.fi\/vaikuttavuuden-talo\/wp-json\/wp\/v2\/pages\/6765","targetHints":{"allow":["GET"]}}],"collection":[{"href":"https:\/\/sites.uef.fi\/vaikuttavuuden-talo\/wp-json\/wp\/v2\/pages"}],"about":[{"href":"https:\/\/sites.uef.fi\/vaikuttavuuden-talo\/wp-json\/wp\/v2\/types\/page"}],"author":[{"embeddable":true,"href":"https:\/\/sites.uef.fi\/vaikuttavuuden-talo\/wp-json\/wp\/v2\/users\/44"}],"replies":[{"embeddable":true,"href":"https:\/\/sites.uef.fi\/vaikuttavuuden-talo\/wp-json\/wp\/v2\/comments?post=6765"}],"version-history":[{"count":2,"href":"https:\/\/sites.uef.fi\/vaikuttavuuden-talo\/wp-json\/wp\/v2\/pages\/6765\/revisions"}],"predecessor-version":[{"id":8801,"href":"https:\/\/sites.uef.fi\/vaikuttavuuden-talo\/wp-json\/wp\/v2\/pages\/6765\/revisions\/8801"}],"wp:attachment":[{"href":"https:\/\/sites.uef.fi\/vaikuttavuuden-talo\/wp-json\/wp\/v2\/media?parent=6765"}],"curies":[{"name":"wp","href":"https:\/\/api.w.org\/{rel}","templated":true}]}}