{"id":6813,"date":"2023-03-21T14:58:44","date_gmt":"2023-03-21T12:58:44","guid":{"rendered":"https:\/\/sites.uef.fi\/vaikuttavuuden-talo\/?page_id=6813"},"modified":"2026-04-16T13:14:28","modified_gmt":"2026-04-16T11:14:28","slug":"vaikuttavuuden-tutkimuksen-paivat","status":"publish","type":"page","link":"https:\/\/sites.uef.fi\/vaikuttavuuden-talo\/vaikuttavuuden-tutkimuksen-paivat\/","title":{"rendered":"Vaikuttavuuden tutkimuksen p\u00e4iv\u00e4t 2026"},"content":{"rendered":"\n<figure data-wp-context=\"{&quot;imageId&quot;:&quot;69e890055fa4e&quot;}\" data-wp-interactive=\"core\/image\" data-wp-key=\"69e890055fa4e\" class=\"wp-block-image size-large wp-lightbox-container\"><img loading=\"lazy\" decoding=\"async\" width=\"1024\" height=\"576\" data-wp-class--hide=\"state.isContentHidden\" data-wp-class--show=\"state.isContentVisible\" data-wp-init=\"callbacks.setButtonStyles\" data-wp-on--click=\"actions.showLightbox\" data-wp-on--load=\"callbacks.setButtonStyles\" data-wp-on-window--resize=\"callbacks.setButtonStyles\" src=\"https:\/\/sites.uef.fi\/vaikuttavuuden-talo\/wp-content\/uploads\/sites\/28\/2026\/03\/VT_Paivat_26_Somebanneri_FI-1024x576.jpg\" alt=\"Vaikuttavuuden tutkimuksen p\u00e4iv\u00e4t 2026 somebannerikuva.\" class=\"wp-image-12459\" srcset=\"https:\/\/sites.uef.fi\/vaikuttavuuden-talo\/wp-content\/uploads\/sites\/28\/2026\/03\/VT_Paivat_26_Somebanneri_FI-1024x576.jpg 1024w, https:\/\/sites.uef.fi\/vaikuttavuuden-talo\/wp-content\/uploads\/sites\/28\/2026\/03\/VT_Paivat_26_Somebanneri_FI-300x169.jpg 300w, https:\/\/sites.uef.fi\/vaikuttavuuden-talo\/wp-content\/uploads\/sites\/28\/2026\/03\/VT_Paivat_26_Somebanneri_FI-768x432.jpg 768w, https:\/\/sites.uef.fi\/vaikuttavuuden-talo\/wp-content\/uploads\/sites\/28\/2026\/03\/VT_Paivat_26_Somebanneri_FI-1536x864.jpg 1536w, https:\/\/sites.uef.fi\/vaikuttavuuden-talo\/wp-content\/uploads\/sites\/28\/2026\/03\/VT_Paivat_26_Somebanneri_FI-992x558.jpg 992w, https:\/\/sites.uef.fi\/vaikuttavuuden-talo\/wp-content\/uploads\/sites\/28\/2026\/03\/VT_Paivat_26_Somebanneri_FI.jpg 1920w\" sizes=\"auto, (max-width: 1024px) 100vw, 1024px\" \/><button\n\t\t\tclass=\"lightbox-trigger\"\n\t\t\ttype=\"button\"\n\t\t\taria-haspopup=\"dialog\"\n\t\t\taria-label=\"Suurenna\"\n\t\t\tdata-wp-init=\"callbacks.initTriggerButton\"\n\t\t\tdata-wp-on--click=\"actions.showLightbox\"\n\t\t\tdata-wp-style--right=\"state.imageButtonRight\"\n\t\t\tdata-wp-style--top=\"state.imageButtonTop\"\n\t\t>\n\t\t\t<svg xmlns=\"http:\/\/www.w3.org\/2000\/svg\" width=\"12\" height=\"12\" fill=\"none\" viewBox=\"0 0 12 12\">\n\t\t\t\t<path fill=\"#fff\" d=\"M2 0a2 2 0 0 0-2 2v2h1.5V2a.5.5 0 0 1 .5-.5h2V0H2Zm2 10.5H2a.5.5 0 0 1-.5-.5V8H0v2a2 2 0 0 0 2 2h2v-1.5ZM8 12v-1.5h2a.5.5 0 0 0 .5-.5V8H12v2a2 2 0 0 1-2 2H8Zm2-12a2 2 0 0 1 2 2v2h-1.5V2a.5.5 0 0 0-.5-.5H8V0h2Z\" \/>\n\t\t\t<\/svg>\n\t\t<\/button><\/figure>\n\n\n\n<h2 class=\"wp-block-heading\">Vaikuttavuustutkimus ep\u00e4varmuuden aikana<\/h2>\n\n\n\n<p>Vuoden 2026 Vaikuttavuuden tutkimuksen p\u00e4iv\u00e4t j\u00e4rjestet\u00e4\u00e4n 6.\u20137.10. Kuopiossa. P\u00e4ivien teemana on Vaikuttavuustutkimus ep\u00e4varmuuden aikana. El\u00e4mme aikakautta, jossa yhteiskunnalliset, taloudelliset ja ekologiset muutokset tapahtuvat yht\u00e4 aikaa, nopeasti ja vaikeasti ennakoitavalla tavalla. <strong>Ep\u00e4varmuuden aikana<\/strong>&nbsp;tarvitaan erityisesti tutkimusperustaisia, riskit huomioivia ja arvoperustaisia ratkaisuja, jotka kest\u00e4v\u00e4t julkisen keskustelun, poliittisen paineen ja taloudelliset realiteetit. Tutkimus ei anna valmiita vastauksia, mutta se tarjoaa perusteet tehd\u00e4 perusteltuja ja&nbsp;vastuullisia valintoja.&nbsp;Juuri siksi&nbsp;<strong>vaikuttavuustutkimuksen rooli nousee keskeiseksi.<\/strong>&nbsp;Seuraa p\u00e4ivittyv\u00e4\u00e4 tietoa tapahtumasta Vaikuttavuuden talon verkkosivuilta ja <a data-type=\"URL\" data-id=\"https:\/\/www.linkedin.com\/groups\/9338204\" href=\"https:\/\/www.linkedin.com\/groups\/9338204\">LinkedInist\u00e4<\/a>.<\/p>\n\n\n\n<p>P\u00e4ivien p\u00e4\u00e4puhujina ovat professori <strong>Susie Sykes<\/strong> (London South Bank University, UK), professori <strong>Peter Groenewegen<\/strong> (Netherlands Institute for Health Services Research, NL), yliopistonlehtori <strong>Heidi Vanjusov<\/strong> (UEF) ja yliopistonlehtori <strong>Kimmo Elo<\/strong> (UEF).<\/p>\n\n\n\n<h3 class=\"wp-block-heading\">Abstraktihaku ja ilmoittautuminen aukeaa 17.4.<\/h3>\n\n\n\n<p>Voit j\u00e4tt\u00e4\u00e4 oman abstraktisi 17.4. alkaen. Lue tarkemmat ohjeet <a href=\"https:\/\/sites.uef.fi\/vaikuttavuuden-talo\/vaikuttavuuden-tutkimuksen-paivat\/abstraktihaku-2026\/\">t\u00e4\u00e4lt\u00e4<\/a>.<\/p>\n\n\n\n<p>Ilmoittaudu p\u00e4iville <a href=\"https:\/\/sites.uef.fi\/vaikuttavuuden-talo\/vaikuttavuuden-tutkimuksen-paivat\/ilmoittautuminen-2026\/\" id=\"https:\/\/sites.uef.fi\/vaikuttavuuden-talo\/vaikuttavuuden-tutkimuksen-paivat\/ilmoittautuminen-2026\/\">t\u00e4\u00e4ll\u00e4<\/a>.<\/p>\n\n\n\n<h4 class=\"wp-block-heading\"><strong>Vaikuttavuuden tutkimuksen p\u00e4iv\u00e4t<\/strong><\/h4>\n\n\n\n<p>on monitieteinen keskustelufoorumi hyvinvointiin ja terveyteen liittyv\u00e4n vaikuttavuuden tutkijoille ja asiantuntijoille sek\u00e4 jokaiselle, joka kokee tarvitsevansa ty\u00f6ss\u00e4\u00e4n uusinta tutkimustietoa vaikuttavuudesta.<\/p>\n\n\n\n<p>Tervetuloa mukaan keskustelemaan vaikuttavuudesta, kuulemaan ajankohtaista tutkimustietoa ja verkostoitumaan asiantuntijoiden kanssa!<\/p>\n\n\n\n<p><strong>Seuraa Vaikuttavuuden tutkimuksen p\u00e4ivi\u00e4 <a href=\"https:\/\/www.linkedin.com\/groups\/9338204\/\">LinkedIn:ss\u00e4<\/a>, k\u00e4yt\u00e4 tunnisteita #VTpaivat2026, #vaikuttavuus, #effectiveness<\/strong><\/p>\n\n\n\n<p><strong>Kysytt\u00e4v\u00e4\u00e4 tutkimusp\u00e4ivist\u00e4? Ota yhteytt\u00e4 <a href=\"https:\/\/sites.uef.fi\/vaikuttavuuden-talo\/jarjestelytoimikunta\/\">j\u00e4rjestelytoimikuntaan<\/a>.<\/strong><\/p>\n\n\n\n<p><\/p>\n","protected":false},"excerpt":{"rendered":"<p>Vaikuttavuustutkimus ep\u00e4varmuuden aikana Vuoden 2026 Vaikuttavuuden tutkimuksen p\u00e4iv\u00e4t j\u00e4rjestet\u00e4\u00e4n 6.\u20137.10. Kuopiossa. P\u00e4ivien teemana on Vaikuttavuustutkimus ep\u00e4varmuuden aikana. El\u00e4mme aikakautta, jossa yhteiskunnalliset, taloudelliset ja ekologiset muutokset tapahtuvat yht\u00e4 aikaa, nopeasti ja vaikeasti ennakoitavalla tavalla. Ep\u00e4varmuuden aikana&nbsp;tarvitaan erityisesti tutkimusperustaisia, riskit huomioivia ja arvoperustaisia ratkaisuja, jotka kest\u00e4v\u00e4t julkisen keskustelun, poliittisen paineen ja taloudelliset realiteetit. Tutkimus ei anna valmiita [&hellip;]<\/p>\n","protected":false},"author":44,"featured_media":0,"parent":0,"menu_order":0,"comment_status":"closed","ping_status":"closed","template":"","meta":{"_acf_changed":false,"_monsterinsights_skip_tracking":false,"_monsterinsights_sitenote_active":false,"_monsterinsights_sitenote_note":"","_monsterinsights_sitenote_category":0,"footnotes":""},"class_list":["post-6813","page","type-page","status-publish","hentry"],"acf":[],"yoast_head":"<!-- This site is optimized with the Yoast SEO plugin v27.3 - https:\/\/yoast.com\/product\/yoast-seo-wordpress\/ -->\n<title>Vaikuttavuuden tutkimuksen p\u00e4iv\u00e4t 2026 - Vaikuttavuuden talo<\/title>\n<meta name=\"robots\" content=\"index, follow, max-snippet:-1, max-image-preview:large, max-video-preview:-1\" \/>\n<link rel=\"canonical\" href=\"https:\/\/sites.uef.fi\/vaikuttavuuden-talo\/vaikuttavuuden-tutkimuksen-paivat\/\" \/>\n<meta property=\"og:locale\" content=\"fi_FI\" \/>\n<meta property=\"og:type\" content=\"article\" \/>\n<meta property=\"og:title\" content=\"Vaikuttavuuden tutkimuksen p\u00e4iv\u00e4t 2026 - Vaikuttavuuden talo\" \/>\n<meta property=\"og:description\" content=\"Vaikuttavuustutkimus ep\u00e4varmuuden aikana Vuoden 2026 Vaikuttavuuden tutkimuksen p\u00e4iv\u00e4t j\u00e4rjestet\u00e4\u00e4n 6.\u20137.10. Kuopiossa. P\u00e4ivien teemana on Vaikuttavuustutkimus ep\u00e4varmuuden aikana. El\u00e4mme aikakautta, jossa yhteiskunnalliset, taloudelliset ja ekologiset muutokset tapahtuvat yht\u00e4 aikaa, nopeasti ja vaikeasti ennakoitavalla tavalla. Ep\u00e4varmuuden aikana&nbsp;tarvitaan erityisesti tutkimusperustaisia, riskit huomioivia ja arvoperustaisia ratkaisuja, jotka kest\u00e4v\u00e4t julkisen keskustelun, poliittisen paineen ja taloudelliset realiteetit. Tutkimus ei anna valmiita [&hellip;]\" \/>\n<meta property=\"og:url\" content=\"https:\/\/sites.uef.fi\/vaikuttavuuden-talo\/vaikuttavuuden-tutkimuksen-paivat\/\" \/>\n<meta property=\"og:site_name\" content=\"Vaikuttavuuden talo\" \/>\n<meta property=\"article:modified_time\" content=\"2026-04-16T11:14:28+00:00\" \/>\n<meta property=\"og:image\" content=\"https:\/\/sites.uef.fi\/vaikuttavuuden-talo\/wp-content\/uploads\/sites\/28\/2026\/03\/VT_Paivat_26_Somebanneri_FI.jpg\" \/>\n\t<meta property=\"og:image:width\" content=\"1920\" \/>\n\t<meta property=\"og:image:height\" content=\"1080\" \/>\n\t<meta property=\"og:image:type\" content=\"image\/jpeg\" \/>\n<meta name=\"twitter:card\" content=\"summary_large_image\" \/>\n<meta name=\"twitter:label1\" content=\"Arvioitu lukuaika\" \/>\n\t<meta name=\"twitter:data1\" content=\"2 minuuttia\" \/>\n<script type=\"application\/ld+json\" class=\"yoast-schema-graph\">{\"@context\":\"https:\\\/\\\/schema.org\",\"@graph\":[{\"@type\":\"WebPage\",\"@id\":\"https:\\\/\\\/sites.uef.fi\\\/vaikuttavuuden-talo\\\/vaikuttavuuden-tutkimuksen-paivat\\\/\",\"url\":\"https:\\\/\\\/sites.uef.fi\\\/vaikuttavuuden-talo\\\/vaikuttavuuden-tutkimuksen-paivat\\\/\",\"name\":\"Vaikuttavuuden tutkimuksen p\u00e4iv\u00e4t 2026 - Vaikuttavuuden talo\",\"isPartOf\":{\"@id\":\"https:\\\/\\\/sites.uef.fi\\\/vaikuttavuuden-talo\\\/#website\"},\"primaryImageOfPage\":{\"@id\":\"https:\\\/\\\/sites.uef.fi\\\/vaikuttavuuden-talo\\\/vaikuttavuuden-tutkimuksen-paivat\\\/#primaryimage\"},\"image\":{\"@id\":\"https:\\\/\\\/sites.uef.fi\\\/vaikuttavuuden-talo\\\/vaikuttavuuden-tutkimuksen-paivat\\\/#primaryimage\"},\"thumbnailUrl\":\"https:\\\/\\\/sites.uef.fi\\\/vaikuttavuuden-talo\\\/wp-content\\\/uploads\\\/sites\\\/28\\\/2026\\\/03\\\/VT_Paivat_26_Somebanneri_FI-1024x576.jpg\",\"datePublished\":\"2023-03-21T12:58:44+00:00\",\"dateModified\":\"2026-04-16T11:14:28+00:00\",\"breadcrumb\":{\"@id\":\"https:\\\/\\\/sites.uef.fi\\\/vaikuttavuuden-talo\\\/vaikuttavuuden-tutkimuksen-paivat\\\/#breadcrumb\"},\"inLanguage\":\"fi\",\"potentialAction\":[{\"@type\":\"ReadAction\",\"target\":[\"https:\\\/\\\/sites.uef.fi\\\/vaikuttavuuden-talo\\\/vaikuttavuuden-tutkimuksen-paivat\\\/\"]}]},{\"@type\":\"ImageObject\",\"inLanguage\":\"fi\",\"@id\":\"https:\\\/\\\/sites.uef.fi\\\/vaikuttavuuden-talo\\\/vaikuttavuuden-tutkimuksen-paivat\\\/#primaryimage\",\"url\":\"https:\\\/\\\/sites.uef.fi\\\/vaikuttavuuden-talo\\\/wp-content\\\/uploads\\\/sites\\\/28\\\/2026\\\/03\\\/VT_Paivat_26_Somebanneri_FI.jpg\",\"contentUrl\":\"https:\\\/\\\/sites.uef.fi\\\/vaikuttavuuden-talo\\\/wp-content\\\/uploads\\\/sites\\\/28\\\/2026\\\/03\\\/VT_Paivat_26_Somebanneri_FI.jpg\",\"width\":1920,\"height\":1080,\"caption\":\"Vaikuttavuuden tutkimuksen p\u00e4iv\u00e4t 2026 somebannerikuva.\"},{\"@type\":\"BreadcrumbList\",\"@id\":\"https:\\\/\\\/sites.uef.fi\\\/vaikuttavuuden-talo\\\/vaikuttavuuden-tutkimuksen-paivat\\\/#breadcrumb\",\"itemListElement\":[{\"@type\":\"ListItem\",\"position\":1,\"name\":\"Home\",\"item\":\"https:\\\/\\\/sites.uef.fi\\\/vaikuttavuuden-talo\\\/\"},{\"@type\":\"ListItem\",\"position\":2,\"name\":\"Vaikuttavuuden tutkimuksen p\u00e4iv\u00e4t 2026\"}]},{\"@type\":\"WebSite\",\"@id\":\"https:\\\/\\\/sites.uef.fi\\\/vaikuttavuuden-talo\\\/#website\",\"url\":\"https:\\\/\\\/sites.uef.fi\\\/vaikuttavuuden-talo\\\/\",\"name\":\"Vaikuttavuuden talo\",\"description\":\"\",\"potentialAction\":[{\"@type\":\"SearchAction\",\"target\":{\"@type\":\"EntryPoint\",\"urlTemplate\":\"https:\\\/\\\/sites.uef.fi\\\/vaikuttavuuden-talo\\\/?s={search_term_string}\"},\"query-input\":{\"@type\":\"PropertyValueSpecification\",\"valueRequired\":true,\"valueName\":\"search_term_string\"}}],\"inLanguage\":\"fi\"}]}<\/script>\n<!-- \/ Yoast SEO plugin. -->","yoast_head_json":{"title":"Vaikuttavuuden tutkimuksen p\u00e4iv\u00e4t 2026 - Vaikuttavuuden talo","robots":{"index":"index","follow":"follow","max-snippet":"max-snippet:-1","max-image-preview":"max-image-preview:large","max-video-preview":"max-video-preview:-1"},"canonical":"https:\/\/sites.uef.fi\/vaikuttavuuden-talo\/vaikuttavuuden-tutkimuksen-paivat\/","og_locale":"fi_FI","og_type":"article","og_title":"Vaikuttavuuden tutkimuksen p\u00e4iv\u00e4t 2026 - Vaikuttavuuden talo","og_description":"Vaikuttavuustutkimus ep\u00e4varmuuden aikana Vuoden 2026 Vaikuttavuuden tutkimuksen p\u00e4iv\u00e4t j\u00e4rjestet\u00e4\u00e4n 6.\u20137.10. Kuopiossa. P\u00e4ivien teemana on Vaikuttavuustutkimus ep\u00e4varmuuden aikana. El\u00e4mme aikakautta, jossa yhteiskunnalliset, taloudelliset ja ekologiset muutokset tapahtuvat yht\u00e4 aikaa, nopeasti ja vaikeasti ennakoitavalla tavalla. Ep\u00e4varmuuden aikana&nbsp;tarvitaan erityisesti tutkimusperustaisia, riskit huomioivia ja arvoperustaisia ratkaisuja, jotka kest\u00e4v\u00e4t julkisen keskustelun, poliittisen paineen ja taloudelliset realiteetit. Tutkimus ei anna valmiita [&hellip;]","og_url":"https:\/\/sites.uef.fi\/vaikuttavuuden-talo\/vaikuttavuuden-tutkimuksen-paivat\/","og_site_name":"Vaikuttavuuden talo","article_modified_time":"2026-04-16T11:14:28+00:00","og_image":[{"width":1920,"height":1080,"url":"https:\/\/sites.uef.fi\/vaikuttavuuden-talo\/wp-content\/uploads\/sites\/28\/2026\/03\/VT_Paivat_26_Somebanneri_FI.jpg","type":"image\/jpeg"}],"twitter_card":"summary_large_image","twitter_misc":{"Arvioitu lukuaika":"2 minuuttia"},"schema":{"@context":"https:\/\/schema.org","@graph":[{"@type":"WebPage","@id":"https:\/\/sites.uef.fi\/vaikuttavuuden-talo\/vaikuttavuuden-tutkimuksen-paivat\/","url":"https:\/\/sites.uef.fi\/vaikuttavuuden-talo\/vaikuttavuuden-tutkimuksen-paivat\/","name":"Vaikuttavuuden tutkimuksen p\u00e4iv\u00e4t 2026 - Vaikuttavuuden talo","isPartOf":{"@id":"https:\/\/sites.uef.fi\/vaikuttavuuden-talo\/#website"},"primaryImageOfPage":{"@id":"https:\/\/sites.uef.fi\/vaikuttavuuden-talo\/vaikuttavuuden-tutkimuksen-paivat\/#primaryimage"},"image":{"@id":"https:\/\/sites.uef.fi\/vaikuttavuuden-talo\/vaikuttavuuden-tutkimuksen-paivat\/#primaryimage"},"thumbnailUrl":"https:\/\/sites.uef.fi\/vaikuttavuuden-talo\/wp-content\/uploads\/sites\/28\/2026\/03\/VT_Paivat_26_Somebanneri_FI-1024x576.jpg","datePublished":"2023-03-21T12:58:44+00:00","dateModified":"2026-04-16T11:14:28+00:00","breadcrumb":{"@id":"https:\/\/sites.uef.fi\/vaikuttavuuden-talo\/vaikuttavuuden-tutkimuksen-paivat\/#breadcrumb"},"inLanguage":"fi","potentialAction":[{"@type":"ReadAction","target":["https:\/\/sites.uef.fi\/vaikuttavuuden-talo\/vaikuttavuuden-tutkimuksen-paivat\/"]}]},{"@type":"ImageObject","inLanguage":"fi","@id":"https:\/\/sites.uef.fi\/vaikuttavuuden-talo\/vaikuttavuuden-tutkimuksen-paivat\/#primaryimage","url":"https:\/\/sites.uef.fi\/vaikuttavuuden-talo\/wp-content\/uploads\/sites\/28\/2026\/03\/VT_Paivat_26_Somebanneri_FI.jpg","contentUrl":"https:\/\/sites.uef.fi\/vaikuttavuuden-talo\/wp-content\/uploads\/sites\/28\/2026\/03\/VT_Paivat_26_Somebanneri_FI.jpg","width":1920,"height":1080,"caption":"Vaikuttavuuden tutkimuksen p\u00e4iv\u00e4t 2026 somebannerikuva."},{"@type":"BreadcrumbList","@id":"https:\/\/sites.uef.fi\/vaikuttavuuden-talo\/vaikuttavuuden-tutkimuksen-paivat\/#breadcrumb","itemListElement":[{"@type":"ListItem","position":1,"name":"Home","item":"https:\/\/sites.uef.fi\/vaikuttavuuden-talo\/"},{"@type":"ListItem","position":2,"name":"Vaikuttavuuden tutkimuksen p\u00e4iv\u00e4t 2026"}]},{"@type":"WebSite","@id":"https:\/\/sites.uef.fi\/vaikuttavuuden-talo\/#website","url":"https:\/\/sites.uef.fi\/vaikuttavuuden-talo\/","name":"Vaikuttavuuden talo","description":"","potentialAction":[{"@type":"SearchAction","target":{"@type":"EntryPoint","urlTemplate":"https:\/\/sites.uef.fi\/vaikuttavuuden-talo\/?s={search_term_string}"},"query-input":{"@type":"PropertyValueSpecification","valueRequired":true,"valueName":"search_term_string"}}],"inLanguage":"fi"}]}},"_links":{"self":[{"href":"https:\/\/sites.uef.fi\/vaikuttavuuden-talo\/wp-json\/wp\/v2\/pages\/6813","targetHints":{"allow":["GET"]}}],"collection":[{"href":"https:\/\/sites.uef.fi\/vaikuttavuuden-talo\/wp-json\/wp\/v2\/pages"}],"about":[{"href":"https:\/\/sites.uef.fi\/vaikuttavuuden-talo\/wp-json\/wp\/v2\/types\/page"}],"author":[{"embeddable":true,"href":"https:\/\/sites.uef.fi\/vaikuttavuuden-talo\/wp-json\/wp\/v2\/users\/44"}],"replies":[{"embeddable":true,"href":"https:\/\/sites.uef.fi\/vaikuttavuuden-talo\/wp-json\/wp\/v2\/comments?post=6813"}],"version-history":[{"count":1,"href":"https:\/\/sites.uef.fi\/vaikuttavuuden-talo\/wp-json\/wp\/v2\/pages\/6813\/revisions"}],"predecessor-version":[{"id":12616,"href":"https:\/\/sites.uef.fi\/vaikuttavuuden-talo\/wp-json\/wp\/v2\/pages\/6813\/revisions\/12616"}],"wp:attachment":[{"href":"https:\/\/sites.uef.fi\/vaikuttavuuden-talo\/wp-json\/wp\/v2\/media?parent=6813"}],"curies":[{"name":"wp","href":"https:\/\/api.w.org\/{rel}","templated":true}]}}