{"id":683,"date":"2020-06-25T08:08:08","date_gmt":"2020-06-25T06:08:08","guid":{"rendered":"https:\/\/sites.uef.fi\/vaikuttavuuden-talo\/?page_id=683"},"modified":"2026-02-26T09:52:07","modified_gmt":"2026-02-26T07:52:07","slug":"jarjestelytoimikunta","status":"publish","type":"page","link":"https:\/\/sites.uef.fi\/vaikuttavuuden-talo\/vaikuttavuuden-tutkimuksen-paivat\/jarjestelytoimikunta\/","title":{"rendered":"J\u00e4rjestelytoimikunta"},"content":{"rendered":"\n<p><strong>Tomi M\u00e4ki-Opas<\/strong>, professori, toimikunnan puheenjohtaja, yhteiskuntatieteiden ja kauppatieteiden tiedekunta (YHKA)<\/p>\n\n\n\n<p><strong>Anne Surakka<\/strong>, projektip\u00e4\u00e4llikk\u00f6, YHKA<\/p>\n\n\n\n<p><strong>Emma Aarnio<\/strong>, yliopistotutkija, TT<\/p>\n\n\n\n<p><strong>Terhi Auvinen<\/strong>, projektitutkija, YHKA<\/p>\n\n\n\n<p><strong>Kaisu Happonen<\/strong>, v\u00e4it\u00f6skirjatutkija, YHKA<\/p>\n\n\n\n<p><strong>Hanna Rekola<\/strong>, projektitutkija, YHKA<\/p>\n\n\n\n<p><strong>Elisa Rissanen<\/strong>, projektitutkija, YHKA<\/p>\n\n\n\n<p><strong>Eeva Saarelainen<\/strong>, v\u00e4it\u00f6skirjatutkija, TT<\/p>\n\n\n\n<p><strong>Hanna Viirret-Viljamaa<\/strong>, v\u00e4it\u00f6skirjatutkija, YHKA<\/p>\n\n\n\n<p><strong>Sari Eskelinen<\/strong>, viestint\u00e4, UEF<\/p>\n\n\n\n<p><\/p>\n","protected":false},"excerpt":{"rendered":"<p>Tomi M\u00e4ki-Opas, professori, toimikunnan puheenjohtaja, yhteiskuntatieteiden ja kauppatieteiden tiedekunta (YHKA) Anne Surakka, projektip\u00e4\u00e4llikk\u00f6, YHKA Emma Aarnio, yliopistotutkija, TT Terhi Auvinen, projektitutkija, YHKA Kaisu Happonen, v\u00e4it\u00f6skirjatutkija, YHKA Hanna Rekola, projektitutkija, YHKA Elisa Rissanen, projektitutkija, YHKA Eeva Saarelainen, v\u00e4it\u00f6skirjatutkija, TT Hanna Viirret-Viljamaa, v\u00e4it\u00f6skirjatutkija, YHKA Sari Eskelinen, viestint\u00e4, UEF<\/p>\n","protected":false},"author":44,"featured_media":0,"parent":6813,"menu_order":0,"comment_status":"closed","ping_status":"closed","template":"","meta":{"_acf_changed":false,"_monsterinsights_skip_tracking":false,"_monsterinsights_sitenote_active":false,"_monsterinsights_sitenote_note":"","_monsterinsights_sitenote_category":0,"footnotes":""},"class_list":["post-683","page","type-page","status-publish","hentry"],"acf":[],"yoast_head":"<!-- This site is optimized with the Yoast SEO plugin v27.1.1 - https:\/\/yoast.com\/product\/yoast-seo-wordpress\/ -->\n<title>J\u00e4rjestelytoimikunta - Vaikuttavuuden talo<\/title>\n<meta name=\"robots\" content=\"index, follow, max-snippet:-1, max-image-preview:large, max-video-preview:-1\" \/>\n<link rel=\"canonical\" href=\"https:\/\/sites.uef.fi\/vaikuttavuuden-talo\/vaikuttavuuden-tutkimuksen-paivat\/jarjestelytoimikunta\/\" \/>\n<meta property=\"og:locale\" content=\"fi_FI\" \/>\n<meta property=\"og:type\" content=\"article\" \/>\n<meta property=\"og:title\" content=\"J\u00e4rjestelytoimikunta - Vaikuttavuuden talo\" \/>\n<meta property=\"og:description\" content=\"Tomi M\u00e4ki-Opas, professori, toimikunnan puheenjohtaja, yhteiskuntatieteiden ja kauppatieteiden tiedekunta (YHKA) Anne Surakka, projektip\u00e4\u00e4llikk\u00f6, YHKA Emma Aarnio, yliopistotutkija, TT Terhi Auvinen, projektitutkija, YHKA Kaisu Happonen, v\u00e4it\u00f6skirjatutkija, YHKA Hanna Rekola, projektitutkija, YHKA Elisa Rissanen, projektitutkija, YHKA Eeva Saarelainen, v\u00e4it\u00f6skirjatutkija, TT Hanna Viirret-Viljamaa, v\u00e4it\u00f6skirjatutkija, YHKA Sari Eskelinen, viestint\u00e4, UEF\" \/>\n<meta property=\"og:url\" content=\"https:\/\/sites.uef.fi\/vaikuttavuuden-talo\/vaikuttavuuden-tutkimuksen-paivat\/jarjestelytoimikunta\/\" \/>\n<meta property=\"og:site_name\" content=\"Vaikuttavuuden talo\" \/>\n<meta property=\"article:modified_time\" content=\"2026-02-26T07:52:07+00:00\" \/>\n<meta name=\"twitter:card\" content=\"summary_large_image\" \/>\n<meta name=\"twitter:label1\" content=\"Arvioitu lukuaika\" \/>\n\t<meta name=\"twitter:data1\" content=\"1 minuutti\" \/>\n<script type=\"application\/ld+json\" class=\"yoast-schema-graph\">{\"@context\":\"https:\/\/schema.org\",\"@graph\":[{\"@type\":\"WebPage\",\"@id\":\"https:\/\/sites.uef.fi\/vaikuttavuuden-talo\/vaikuttavuuden-tutkimuksen-paivat\/jarjestelytoimikunta\/\",\"url\":\"https:\/\/sites.uef.fi\/vaikuttavuuden-talo\/vaikuttavuuden-tutkimuksen-paivat\/jarjestelytoimikunta\/\",\"name\":\"J\u00e4rjestelytoimikunta - Vaikuttavuuden talo\",\"isPartOf\":{\"@id\":\"https:\/\/sites.uef.fi\/vaikuttavuuden-talo\/#website\"},\"datePublished\":\"2020-06-25T06:08:08+00:00\",\"dateModified\":\"2026-02-26T07:52:07+00:00\",\"breadcrumb\":{\"@id\":\"https:\/\/sites.uef.fi\/vaikuttavuuden-talo\/vaikuttavuuden-tutkimuksen-paivat\/jarjestelytoimikunta\/#breadcrumb\"},\"inLanguage\":\"fi\",\"potentialAction\":[{\"@type\":\"ReadAction\",\"target\":[\"https:\/\/sites.uef.fi\/vaikuttavuuden-talo\/vaikuttavuuden-tutkimuksen-paivat\/jarjestelytoimikunta\/\"]}]},{\"@type\":\"BreadcrumbList\",\"@id\":\"https:\/\/sites.uef.fi\/vaikuttavuuden-talo\/vaikuttavuuden-tutkimuksen-paivat\/jarjestelytoimikunta\/#breadcrumb\",\"itemListElement\":[{\"@type\":\"ListItem\",\"position\":1,\"name\":\"Home\",\"item\":\"https:\/\/sites.uef.fi\/vaikuttavuuden-talo\/\"},{\"@type\":\"ListItem\",\"position\":2,\"name\":\"Vaikuttavuuden tutkimuksen p\u00e4iv\u00e4t 2026\",\"item\":\"https:\/\/sites.uef.fi\/vaikuttavuuden-talo\/vaikuttavuuden-tutkimuksen-paivat\/\"},{\"@type\":\"ListItem\",\"position\":3,\"name\":\"J\u00e4rjestelytoimikunta\"}]},{\"@type\":\"WebSite\",\"@id\":\"https:\/\/sites.uef.fi\/vaikuttavuuden-talo\/#website\",\"url\":\"https:\/\/sites.uef.fi\/vaikuttavuuden-talo\/\",\"name\":\"Vaikuttavuuden talo\",\"description\":\"\",\"potentialAction\":[{\"@type\":\"SearchAction\",\"target\":{\"@type\":\"EntryPoint\",\"urlTemplate\":\"https:\/\/sites.uef.fi\/vaikuttavuuden-talo\/?s={search_term_string}\"},\"query-input\":{\"@type\":\"PropertyValueSpecification\",\"valueRequired\":true,\"valueName\":\"search_term_string\"}}],\"inLanguage\":\"fi\"}]}<\/script>\n<!-- \/ Yoast SEO plugin. -->","yoast_head_json":{"title":"J\u00e4rjestelytoimikunta - Vaikuttavuuden talo","robots":{"index":"index","follow":"follow","max-snippet":"max-snippet:-1","max-image-preview":"max-image-preview:large","max-video-preview":"max-video-preview:-1"},"canonical":"https:\/\/sites.uef.fi\/vaikuttavuuden-talo\/vaikuttavuuden-tutkimuksen-paivat\/jarjestelytoimikunta\/","og_locale":"fi_FI","og_type":"article","og_title":"J\u00e4rjestelytoimikunta - Vaikuttavuuden talo","og_description":"Tomi M\u00e4ki-Opas, professori, toimikunnan puheenjohtaja, yhteiskuntatieteiden ja kauppatieteiden tiedekunta (YHKA) Anne Surakka, projektip\u00e4\u00e4llikk\u00f6, YHKA Emma Aarnio, yliopistotutkija, TT Terhi Auvinen, projektitutkija, YHKA Kaisu Happonen, v\u00e4it\u00f6skirjatutkija, YHKA Hanna Rekola, projektitutkija, YHKA Elisa Rissanen, projektitutkija, YHKA Eeva Saarelainen, v\u00e4it\u00f6skirjatutkija, TT Hanna Viirret-Viljamaa, v\u00e4it\u00f6skirjatutkija, YHKA Sari Eskelinen, viestint\u00e4, UEF","og_url":"https:\/\/sites.uef.fi\/vaikuttavuuden-talo\/vaikuttavuuden-tutkimuksen-paivat\/jarjestelytoimikunta\/","og_site_name":"Vaikuttavuuden talo","article_modified_time":"2026-02-26T07:52:07+00:00","twitter_card":"summary_large_image","twitter_misc":{"Arvioitu lukuaika":"1 minuutti"},"schema":{"@context":"https:\/\/schema.org","@graph":[{"@type":"WebPage","@id":"https:\/\/sites.uef.fi\/vaikuttavuuden-talo\/vaikuttavuuden-tutkimuksen-paivat\/jarjestelytoimikunta\/","url":"https:\/\/sites.uef.fi\/vaikuttavuuden-talo\/vaikuttavuuden-tutkimuksen-paivat\/jarjestelytoimikunta\/","name":"J\u00e4rjestelytoimikunta - Vaikuttavuuden talo","isPartOf":{"@id":"https:\/\/sites.uef.fi\/vaikuttavuuden-talo\/#website"},"datePublished":"2020-06-25T06:08:08+00:00","dateModified":"2026-02-26T07:52:07+00:00","breadcrumb":{"@id":"https:\/\/sites.uef.fi\/vaikuttavuuden-talo\/vaikuttavuuden-tutkimuksen-paivat\/jarjestelytoimikunta\/#breadcrumb"},"inLanguage":"fi","potentialAction":[{"@type":"ReadAction","target":["https:\/\/sites.uef.fi\/vaikuttavuuden-talo\/vaikuttavuuden-tutkimuksen-paivat\/jarjestelytoimikunta\/"]}]},{"@type":"BreadcrumbList","@id":"https:\/\/sites.uef.fi\/vaikuttavuuden-talo\/vaikuttavuuden-tutkimuksen-paivat\/jarjestelytoimikunta\/#breadcrumb","itemListElement":[{"@type":"ListItem","position":1,"name":"Home","item":"https:\/\/sites.uef.fi\/vaikuttavuuden-talo\/"},{"@type":"ListItem","position":2,"name":"Vaikuttavuuden tutkimuksen p\u00e4iv\u00e4t 2026","item":"https:\/\/sites.uef.fi\/vaikuttavuuden-talo\/vaikuttavuuden-tutkimuksen-paivat\/"},{"@type":"ListItem","position":3,"name":"J\u00e4rjestelytoimikunta"}]},{"@type":"WebSite","@id":"https:\/\/sites.uef.fi\/vaikuttavuuden-talo\/#website","url":"https:\/\/sites.uef.fi\/vaikuttavuuden-talo\/","name":"Vaikuttavuuden talo","description":"","potentialAction":[{"@type":"SearchAction","target":{"@type":"EntryPoint","urlTemplate":"https:\/\/sites.uef.fi\/vaikuttavuuden-talo\/?s={search_term_string}"},"query-input":{"@type":"PropertyValueSpecification","valueRequired":true,"valueName":"search_term_string"}}],"inLanguage":"fi"}]}},"_links":{"self":[{"href":"https:\/\/sites.uef.fi\/vaikuttavuuden-talo\/wp-json\/wp\/v2\/pages\/683","targetHints":{"allow":["GET"]}}],"collection":[{"href":"https:\/\/sites.uef.fi\/vaikuttavuuden-talo\/wp-json\/wp\/v2\/pages"}],"about":[{"href":"https:\/\/sites.uef.fi\/vaikuttavuuden-talo\/wp-json\/wp\/v2\/types\/page"}],"author":[{"embeddable":true,"href":"https:\/\/sites.uef.fi\/vaikuttavuuden-talo\/wp-json\/wp\/v2\/users\/44"}],"replies":[{"embeddable":true,"href":"https:\/\/sites.uef.fi\/vaikuttavuuden-talo\/wp-json\/wp\/v2\/comments?post=683"}],"version-history":[{"count":2,"href":"https:\/\/sites.uef.fi\/vaikuttavuuden-talo\/wp-json\/wp\/v2\/pages\/683\/revisions"}],"predecessor-version":[{"id":12452,"href":"https:\/\/sites.uef.fi\/vaikuttavuuden-talo\/wp-json\/wp\/v2\/pages\/683\/revisions\/12452"}],"up":[{"embeddable":true,"href":"https:\/\/sites.uef.fi\/vaikuttavuuden-talo\/wp-json\/wp\/v2\/pages\/6813"}],"wp:attachment":[{"href":"https:\/\/sites.uef.fi\/vaikuttavuuden-talo\/wp-json\/wp\/v2\/media?parent=683"}],"curies":[{"name":"wp","href":"https:\/\/api.w.org\/{rel}","templated":true}]}}