{"id":6834,"date":"2023-05-15T13:13:45","date_gmt":"2023-05-15T11:13:45","guid":{"rendered":"https:\/\/sites.uef.fi\/vaikuttavuuden-talo\/?page_id=6834"},"modified":"2023-06-20T14:35:56","modified_gmt":"2023-06-20T12:35:56","slug":"ilmoittautuminen-2023","status":"publish","type":"page","link":"https:\/\/sites.uef.fi\/vaikuttavuuden-talo\/ilmoittautuminen-2023\/","title":{"rendered":"Ilmoittautuminen 2023"},"content":{"rendered":"\n<p><a href=\"https:\/\/registration.contio.fi\/uef\/Registration\/Login?id=6166-T_6166-7208\" data-type=\"URL\" data-id=\"https:\/\/registration.contio.fi\/uef\/Registration\/Login?id=6166-T_6166-7208\">Ilmoittaudu p\u00e4iville t\u00e4ll\u00e4 ilmoittautumislomakkeella<\/a> (avautuu 1.6.)<\/p>\n\n\n\n<p><a href=\"https:\/\/registration.contio.fi\/uef\/Registration\/Login?id=6166-T_6166-7209\" data-type=\"URL\" data-id=\"https:\/\/registration.contio.fi\/uef\/Registration\/Login?id=6166-T_6166-7209\">UEF henkil\u00f6kunta ilmoittautuu t\u00e4ll\u00e4 ilmoittautumislomakkeella<\/a> (avautuu 1.6.)<\/p>\n\n\n\n<p>Huomioithan, ett\u00e4 t\u00e4n\u00e4 vuonna p\u00e4iv\u00e4t j\u00e4rjestet\u00e4\u00e4n t\u00e4ysin l\u00e4hitapahtumana ilman et\u00e4osallistumismahdollisuutta.<\/p>\n\n\n\n<figure class=\"wp-block-table is-style-stripes\"><table><tbody><tr><td><strong>Hinnasto<\/strong><\/td><td><strong>Hinta<\/strong><\/td><td><strong>Veroton<\/strong><\/td><\/tr><tr><td>Osallistuminen tiistaina ja keskiviikkona 3.-4.10.2023<\/td><td>110,00<\/td><td>110,00<\/td><\/tr><tr><td>Osallistuminen konferenssiin vain tiistaina 3.10.2023<\/td><td>80,00<\/td><td>80,00<\/td><\/tr><tr><td>Osallistuminen konferenssiin vain keskiviikkona 4.10.2023<\/td><td>80,00<\/td><td>80,00<\/td><\/tr><tr><td>Perusopiskelijan osallistuminen konferenssiin tiistaina ja keskiviikkona 3.-4.10.2023<\/td><td>55,00<\/td><td>55,00<\/td><\/tr><tr><td>Perusopiskelijan osallistuminen konferenssiin vain tiistaina 3.10.2023<\/td><td>35,00<\/td><td>35,00<\/td><\/tr><tr><td>Perusopiskelijan osallistuminen konferenssiin vain keskiviikkona 4.10.2023<\/td><td>35,00<\/td><td>35,00<\/td><\/tr><tr><td>Illalliskortti<\/td><td>55,00<\/td><td>55,00<\/td><\/tr><\/tbody><\/table><\/figure>\n","protected":false},"excerpt":{"rendered":"<p>Ilmoittaudu p\u00e4iville t\u00e4ll\u00e4 ilmoittautumislomakkeella (avautuu 1.6.) UEF henkil\u00f6kunta ilmoittautuu t\u00e4ll\u00e4 ilmoittautumislomakkeella (avautuu 1.6.) Huomioithan, ett\u00e4 t\u00e4n\u00e4 vuonna p\u00e4iv\u00e4t j\u00e4rjestet\u00e4\u00e4n t\u00e4ysin l\u00e4hitapahtumana ilman et\u00e4osallistumismahdollisuutta. Hinnasto Hinta Veroton Osallistuminen tiistaina ja keskiviikkona 3.-4.10.2023 110,00 110,00 Osallistuminen konferenssiin vain tiistaina 3.10.2023 80,00 80,00 Osallistuminen konferenssiin vain keskiviikkona 4.10.2023 80,00 80,00 Perusopiskelijan osallistuminen konferenssiin tiistaina ja keskiviikkona 3.-4.10.2023 55,00 [&hellip;]<\/p>\n","protected":false},"author":44,"featured_media":0,"parent":0,"menu_order":0,"comment_status":"closed","ping_status":"closed","template":"","meta":{"_acf_changed":false,"_monsterinsights_skip_tracking":false,"_monsterinsights_sitenote_active":false,"_monsterinsights_sitenote_note":"","_monsterinsights_sitenote_category":0,"footnotes":""},"class_list":["post-6834","page","type-page","status-publish","hentry"],"acf":[],"yoast_head":"<!-- This site is optimized with the Yoast SEO plugin v27.3 - https:\/\/yoast.com\/product\/yoast-seo-wordpress\/ -->\n<title>Ilmoittautuminen 2023 - Vaikuttavuuden talo<\/title>\n<meta name=\"robots\" content=\"index, follow, max-snippet:-1, max-image-preview:large, max-video-preview:-1\" \/>\n<link rel=\"canonical\" href=\"https:\/\/sites.uef.fi\/vaikuttavuuden-talo\/ilmoittautuminen-2023\/\" \/>\n<meta property=\"og:locale\" content=\"fi_FI\" \/>\n<meta property=\"og:type\" content=\"article\" \/>\n<meta property=\"og:title\" content=\"Ilmoittautuminen 2023 - Vaikuttavuuden talo\" \/>\n<meta property=\"og:description\" content=\"Ilmoittaudu p\u00e4iville t\u00e4ll\u00e4 ilmoittautumislomakkeella (avautuu 1.6.) UEF henkil\u00f6kunta ilmoittautuu t\u00e4ll\u00e4 ilmoittautumislomakkeella (avautuu 1.6.) Huomioithan, ett\u00e4 t\u00e4n\u00e4 vuonna p\u00e4iv\u00e4t j\u00e4rjestet\u00e4\u00e4n t\u00e4ysin l\u00e4hitapahtumana ilman et\u00e4osallistumismahdollisuutta. Hinnasto Hinta Veroton Osallistuminen tiistaina ja keskiviikkona 3.-4.10.2023 110,00 110,00 Osallistuminen konferenssiin vain tiistaina 3.10.2023 80,00 80,00 Osallistuminen konferenssiin vain keskiviikkona 4.10.2023 80,00 80,00 Perusopiskelijan osallistuminen konferenssiin tiistaina ja keskiviikkona 3.-4.10.2023 55,00 [&hellip;]\" \/>\n<meta property=\"og:url\" content=\"https:\/\/sites.uef.fi\/vaikuttavuuden-talo\/ilmoittautuminen-2023\/\" \/>\n<meta property=\"og:site_name\" content=\"Vaikuttavuuden talo\" \/>\n<meta property=\"article:modified_time\" content=\"2023-06-20T12:35:56+00:00\" \/>\n<meta name=\"twitter:card\" content=\"summary_large_image\" \/>\n<meta name=\"twitter:label1\" content=\"Arvioitu lukuaika\" \/>\n\t<meta name=\"twitter:data1\" content=\"1 minuutti\" \/>\n<script type=\"application\/ld+json\" class=\"yoast-schema-graph\">{\"@context\":\"https:\\\/\\\/schema.org\",\"@graph\":[{\"@type\":\"WebPage\",\"@id\":\"https:\\\/\\\/sites.uef.fi\\\/vaikuttavuuden-talo\\\/ilmoittautuminen-2023\\\/\",\"url\":\"https:\\\/\\\/sites.uef.fi\\\/vaikuttavuuden-talo\\\/ilmoittautuminen-2023\\\/\",\"name\":\"Ilmoittautuminen 2023 - Vaikuttavuuden talo\",\"isPartOf\":{\"@id\":\"https:\\\/\\\/sites.uef.fi\\\/vaikuttavuuden-talo\\\/#website\"},\"datePublished\":\"2023-05-15T11:13:45+00:00\",\"dateModified\":\"2023-06-20T12:35:56+00:00\",\"breadcrumb\":{\"@id\":\"https:\\\/\\\/sites.uef.fi\\\/vaikuttavuuden-talo\\\/ilmoittautuminen-2023\\\/#breadcrumb\"},\"inLanguage\":\"fi\",\"potentialAction\":[{\"@type\":\"ReadAction\",\"target\":[\"https:\\\/\\\/sites.uef.fi\\\/vaikuttavuuden-talo\\\/ilmoittautuminen-2023\\\/\"]}]},{\"@type\":\"BreadcrumbList\",\"@id\":\"https:\\\/\\\/sites.uef.fi\\\/vaikuttavuuden-talo\\\/ilmoittautuminen-2023\\\/#breadcrumb\",\"itemListElement\":[{\"@type\":\"ListItem\",\"position\":1,\"name\":\"Home\",\"item\":\"https:\\\/\\\/sites.uef.fi\\\/vaikuttavuuden-talo\\\/\"},{\"@type\":\"ListItem\",\"position\":2,\"name\":\"Ilmoittautuminen 2023\"}]},{\"@type\":\"WebSite\",\"@id\":\"https:\\\/\\\/sites.uef.fi\\\/vaikuttavuuden-talo\\\/#website\",\"url\":\"https:\\\/\\\/sites.uef.fi\\\/vaikuttavuuden-talo\\\/\",\"name\":\"Vaikuttavuuden talo\",\"description\":\"\",\"potentialAction\":[{\"@type\":\"SearchAction\",\"target\":{\"@type\":\"EntryPoint\",\"urlTemplate\":\"https:\\\/\\\/sites.uef.fi\\\/vaikuttavuuden-talo\\\/?s={search_term_string}\"},\"query-input\":{\"@type\":\"PropertyValueSpecification\",\"valueRequired\":true,\"valueName\":\"search_term_string\"}}],\"inLanguage\":\"fi\"}]}<\/script>\n<!-- \/ Yoast SEO plugin. -->","yoast_head_json":{"title":"Ilmoittautuminen 2023 - Vaikuttavuuden talo","robots":{"index":"index","follow":"follow","max-snippet":"max-snippet:-1","max-image-preview":"max-image-preview:large","max-video-preview":"max-video-preview:-1"},"canonical":"https:\/\/sites.uef.fi\/vaikuttavuuden-talo\/ilmoittautuminen-2023\/","og_locale":"fi_FI","og_type":"article","og_title":"Ilmoittautuminen 2023 - Vaikuttavuuden talo","og_description":"Ilmoittaudu p\u00e4iville t\u00e4ll\u00e4 ilmoittautumislomakkeella (avautuu 1.6.) UEF henkil\u00f6kunta ilmoittautuu t\u00e4ll\u00e4 ilmoittautumislomakkeella (avautuu 1.6.) Huomioithan, ett\u00e4 t\u00e4n\u00e4 vuonna p\u00e4iv\u00e4t j\u00e4rjestet\u00e4\u00e4n t\u00e4ysin l\u00e4hitapahtumana ilman et\u00e4osallistumismahdollisuutta. Hinnasto Hinta Veroton Osallistuminen tiistaina ja keskiviikkona 3.-4.10.2023 110,00 110,00 Osallistuminen konferenssiin vain tiistaina 3.10.2023 80,00 80,00 Osallistuminen konferenssiin vain keskiviikkona 4.10.2023 80,00 80,00 Perusopiskelijan osallistuminen konferenssiin tiistaina ja keskiviikkona 3.-4.10.2023 55,00 [&hellip;]","og_url":"https:\/\/sites.uef.fi\/vaikuttavuuden-talo\/ilmoittautuminen-2023\/","og_site_name":"Vaikuttavuuden talo","article_modified_time":"2023-06-20T12:35:56+00:00","twitter_card":"summary_large_image","twitter_misc":{"Arvioitu lukuaika":"1 minuutti"},"schema":{"@context":"https:\/\/schema.org","@graph":[{"@type":"WebPage","@id":"https:\/\/sites.uef.fi\/vaikuttavuuden-talo\/ilmoittautuminen-2023\/","url":"https:\/\/sites.uef.fi\/vaikuttavuuden-talo\/ilmoittautuminen-2023\/","name":"Ilmoittautuminen 2023 - Vaikuttavuuden talo","isPartOf":{"@id":"https:\/\/sites.uef.fi\/vaikuttavuuden-talo\/#website"},"datePublished":"2023-05-15T11:13:45+00:00","dateModified":"2023-06-20T12:35:56+00:00","breadcrumb":{"@id":"https:\/\/sites.uef.fi\/vaikuttavuuden-talo\/ilmoittautuminen-2023\/#breadcrumb"},"inLanguage":"fi","potentialAction":[{"@type":"ReadAction","target":["https:\/\/sites.uef.fi\/vaikuttavuuden-talo\/ilmoittautuminen-2023\/"]}]},{"@type":"BreadcrumbList","@id":"https:\/\/sites.uef.fi\/vaikuttavuuden-talo\/ilmoittautuminen-2023\/#breadcrumb","itemListElement":[{"@type":"ListItem","position":1,"name":"Home","item":"https:\/\/sites.uef.fi\/vaikuttavuuden-talo\/"},{"@type":"ListItem","position":2,"name":"Ilmoittautuminen 2023"}]},{"@type":"WebSite","@id":"https:\/\/sites.uef.fi\/vaikuttavuuden-talo\/#website","url":"https:\/\/sites.uef.fi\/vaikuttavuuden-talo\/","name":"Vaikuttavuuden talo","description":"","potentialAction":[{"@type":"SearchAction","target":{"@type":"EntryPoint","urlTemplate":"https:\/\/sites.uef.fi\/vaikuttavuuden-talo\/?s={search_term_string}"},"query-input":{"@type":"PropertyValueSpecification","valueRequired":true,"valueName":"search_term_string"}}],"inLanguage":"fi"}]}},"_links":{"self":[{"href":"https:\/\/sites.uef.fi\/vaikuttavuuden-talo\/wp-json\/wp\/v2\/pages\/6834","targetHints":{"allow":["GET"]}}],"collection":[{"href":"https:\/\/sites.uef.fi\/vaikuttavuuden-talo\/wp-json\/wp\/v2\/pages"}],"about":[{"href":"https:\/\/sites.uef.fi\/vaikuttavuuden-talo\/wp-json\/wp\/v2\/types\/page"}],"author":[{"embeddable":true,"href":"https:\/\/sites.uef.fi\/vaikuttavuuden-talo\/wp-json\/wp\/v2\/users\/44"}],"replies":[{"embeddable":true,"href":"https:\/\/sites.uef.fi\/vaikuttavuuden-talo\/wp-json\/wp\/v2\/comments?post=6834"}],"version-history":[{"count":3,"href":"https:\/\/sites.uef.fi\/vaikuttavuuden-talo\/wp-json\/wp\/v2\/pages\/6834\/revisions"}],"predecessor-version":[{"id":10122,"href":"https:\/\/sites.uef.fi\/vaikuttavuuden-talo\/wp-json\/wp\/v2\/pages\/6834\/revisions\/10122"}],"wp:attachment":[{"href":"https:\/\/sites.uef.fi\/vaikuttavuuden-talo\/wp-json\/wp\/v2\/media?parent=6834"}],"curies":[{"name":"wp","href":"https:\/\/api.w.org\/{rel}","templated":true}]}}