{"id":7029,"date":"2023-04-25T09:34:48","date_gmt":"2023-04-25T07:34:48","guid":{"rendered":"https:\/\/sites.uef.fi\/vaikuttavuuden-talo\/?page_id=7029"},"modified":"2023-10-03T10:16:34","modified_gmt":"2023-10-03T08:16:34","slug":"ohjelma-2023","status":"publish","type":"page","link":"https:\/\/sites.uef.fi\/vaikuttavuuden-talo\/ohjelma-2023\/","title":{"rendered":"Ohjelma 2023"},"content":{"rendered":"\n<h2 class=\"wp-block-heading\">Vaikuttavuuden tutkimuksen p\u00e4ivien ohjelma<\/h2>\n\n\n\n<p><strong>Seuraa Vaikuttavuuden tutkimuksen p\u00e4ivi\u00e4 Viestipalvelu X:ss\u00e4 (ent. Twitter): @VAIKtaloUEF, k\u00e4yt\u00e4 tunnisteita #VTpaivat2023, #vaikuttavuus, #effectiveness<\/strong><\/p>\n\n\n\n<h3 class=\"wp-block-heading\">Maanantai 2.10.<\/h3>\n\n\n\n<h4 class=\"wp-block-heading\">Kansallisen Vaikuttavuuskeskuksen ty\u00f6paja: Vaikuttavuustiedon arviointi ja soveltaminen \u2013 case liikkumattomuuden ja lihavuuden ennaltaehk\u00e4isy ja hoito<\/h4>\n\n\n\n<p><strong>Aika: 17.00\u201319.00<\/strong><\/p>\n\n\n\n<p><strong>Paikka: Medistudia MS300, Kuopion kampus<\/strong><\/p>\n\n\n\n<p>Ty\u00f6pajan tavoitteena on l\u00f6yt\u00e4\u00e4 vastauksia ja l\u00e4hestymistapoja intervention vaikuttavuuden arviointiin ja toisaalta vaikuttavuustiedon pohjalta tehtyyn intervention valintaan. Painopisteen ollessa liikkumattomuuden ja lihavuuden ehk\u00e4isyss\u00e4 ja hoidossa pyrimme l\u00f6yt\u00e4m\u00e4\u00e4n vastauksia my\u00f6s mm. seuraaviin kysymyksiin:<\/p>\n\n\n\n<ul class=\"wp-block-list\">\n<li>Miten olemassa olevien interventioiden vaikuttavuutta tulisi arvioida<\/li>\n\n\n\n<li>Tulisiko resurssien priorisointiperusteet olla pelk\u00e4st\u00e4\u00e4n vaikuttavuusperusteisia ja, miss\u00e4 m\u00e4\u00e4rin hyv\u00e4ksymme arvoperusteisen priorisoinnin?<\/li>\n\n\n\n<li>Mihin interventioihin yhteiskunnan tulisi priorisoida k\u00e4ytett\u00e4viss\u00e4 olevat resurssit?<\/li>\n\n\n\n<li>Mit\u00e4 tehd\u00e4, kun meill\u00e4 on runsaasti erilaisia vaikuttavuudeltaan ep\u00e4varmoja v\u00e4est\u00f6 ja yksil\u00f6tason interventiota ja pieni m\u00e4\u00e4r\u00e4 vaikuttaviksi todettuja yksil\u00f6tason ratkaisuja?<\/li>\n<\/ul>\n\n\n\n<p>Ty\u00f6pajaan toivotetaan tervetulleiksi aiheen parissa ty\u00f6skentelev\u00e4t sosiaali- ja terveydenhuollon sek\u00e4 HYTE:n ammattilaiset, kehitt\u00e4j\u00e4t ja tutkijat. Ty\u00f6pajassa aiheesta alustavat professori <strong>Tomi M\u00e4ki-Opas<\/strong> sek\u00e4 Kansallisen HTA-koordinaatioyksikk\u00f6 FinCCHTA:n arviointiylil\u00e4\u00e4k\u00e4ri <strong>Juuso Heikkinen<\/strong>.<\/p>\n\n\n\n<p><a href=\"https:\/\/forms.office.com\/e\/8tv4F6eMJw\">Ilmoittaudu mukaan 24.9.2023 menness\u00e4 t\u00e4ll\u00e4 lomakkeella<\/a><\/p>\n\n\n\n<h3 class=\"wp-block-heading\">Tiistai 3.10.<\/h3>\n\n\n\n<p><strong>9.00 &#8211; 9.45<\/strong> <strong>Ilmoittautuminen ja aamukahvit<\/strong> (Mediteknia)<\/p>\n\n\n\n<p><strong>9.45 &#8211; 10.00<\/strong>&nbsp;<strong>Vaikuttavuuden tutkimuksen p\u00e4ivien avaaminen<\/strong>, Kuopion kaupunginjohtaja <strong>Soile Lahti<\/strong> (MD100)&nbsp;<\/p>\n\n\n\n<p><strong>10.00 &#8211; 11.00<\/strong>&nbsp;<strong>PLENARY &#8221;Precision medicine and prioritarizarion challenge from the point of view uncertainty and ethics&#8221;<\/strong>, professori <strong>Lars Sandman<\/strong>, Link\u00f6ping University, Sweden (MD100)&nbsp;<\/p>\n\n\n\n<p><strong>11.00 &#8211; 12.00&nbsp;PLENARY &#8221;Osallistava priorisointi &#8211; mitk\u00e4 ovat soten priorisoinnin pullonkauloja?&#8221;<\/strong>, apulaisprofessori <strong>Paulus Torkki<\/strong>, Helsingin yliopisto (MD100)&nbsp;<\/p>\n\n\n\n<p><strong>12.00 &#8211; 13.30 Lounastauko&nbsp;<\/strong><\/p>\n\n\n\n<p><strong>13.30 &#8211; 15.00&nbsp;TEMAATTISET RINNAKKAISSESSIOT<\/strong> (Medistudia)&nbsp;<\/p>\n\n\n\n<p><a href=\"https:\/\/sites.uef.fi\/vaikuttavuuden-talo\/abstraktikirja-2023\/\">SESSIO 1: Hoidon ja terveyspalveluiden vaikuttavuus<\/a>, pj V\u00e4it\u00f6skirjatutkija Terhi Auvinen, UEF (MS300)<\/p>\n\n\n\n<ul class=\"wp-block-list\">\n<li>Liikuntaneuvonnan vaikutus perusterveydenhuollon ja erikoissairaanhoidon kontaktien m\u00e4\u00e4r\u00e4\u00e4n ja niihin liittyviin terveydenhuollon kustannuksiin tyypin 2 diabetesta sairastavilla potilailla, Tuula Martiskainen, It\u00e4-Suomen yliopisto<\/li>\n\n\n\n<li>Vaikuttavuuden ilmeneminen erikoissairaanhoidon l\u00e4hijohtajan ty\u00f6ss\u00e4, Tanja L\u00f6nnberg, Pirkanmaan hva, TAYS &amp; TAMK&nbsp;<\/li>\n\n\n\n<li>OYS Uniapnea digihoitopolun vaikutusten analyysi, Jari Haverinen, FinCCHTA &amp; Oulun yliopisto&nbsp;<\/li>\n\n\n\n<li>Digiosaamisen kehitt\u00e4minen ik\u00e4\u00e4ntyneiden palveluissa, Johanna Ikonen, It\u00e4-Suomen yliopisto&nbsp;<\/li>\n\n\n\n<li>Et\u00e4kuntoutusta sis\u00e4lt\u00e4v\u00e4ll\u00e4 kuntoutuskurssilla oli pient\u00e4 my\u00f6nteist\u00e4 vaikutusta omaishoitajien mielialaan ja el\u00e4m\u00e4nlaatuun, Johanna Nuojua &amp; Saija Karinkanta, Kela&nbsp;<\/li>\n\n\n\n<li>Synnytyskokemuksen yhteys syntyvyyteen, Johanna Joensuu, HUS &amp; Helsingin yliopisto&nbsp;<\/li>\n<\/ul>\n\n\n\n<p><a href=\"https:\/\/sites.uef.fi\/vaikuttavuuden-talo\/abstraktikirja-2023\/\">SESSIO 2: Implementointitutkimus<\/a>, pj Yliopisto-opettaja Mervi Rantsi, UEF&nbsp; (MS301)<\/p>\n\n\n\n<ul class=\"wp-block-list\">\n<li>Implementaation tarkastelu vaikuttavuustutkimuksessa: Tapaus nuorten pelastustaitokampanja NouH\u00e4t\u00e4!, Saana Rikkil\u00e4, Dan Sundblom &amp; Alisa Puustinen, Pelastusopisto&nbsp;<\/li>\n\n\n\n<li>Implementaatiotutkimusta palveluintegraation toimeenpanosta \u2013 mit\u00e4, miksi ja miten?, Anna-Mari Juutinen, It\u00e4-Suomen yliopisto&nbsp;<\/li>\n\n\n\n<li>Measuring determinants of implementation behavior in multiprofessional rehabilitation, Maija Paukkunen, Oulun yliopisto &amp; Link\u00f6pingin yliopisto&nbsp;<\/li>\n\n\n\n<li>Low-value psychotropics prescribing and physician peer influence related to publication of the Finnish clinical guideline of dementia, Mervi Rantsi, It\u00e4-Suomen yliopisto&nbsp;<\/li>\n\n\n\n<li>Tieto toimintana: hoitosuosituksen k\u00e4ytt\u00f6\u00f6notto ty\u00f6yhteis\u00f6n vuorovaikutuksena, Miia Marttinen, Tampereen yliopisto&nbsp;<\/li>\n\n\n\n<li>Factors determining implementation of guideline-oriented biopsychosocial low back pain management: perceptions of occupational health care professionals after a targeted educational intervention, Maija Paukkunen, Oulun yliopisto &amp; Link\u00f6pingin yliopisto&nbsp;<\/li>\n<\/ul>\n\n\n\n<p><strong>15.00 &#8211; 16.00 Kahvitauko, <a href=\"http:\/\/sites.uef.fi\/vaikuttavuuden-talo\/abstraktikirja-2023#posterit\">posterisessio<\/a> <\/strong>(Medistudia)<\/p>\n\n\n\n<p><strong>16.00 &#8211; 17.30 TEMAATTISET RINNAKKAISSESSIOT<\/strong> (Medistudia)&nbsp;<\/p>\n\n\n\n<p><a href=\"https:\/\/sites.uef.fi\/vaikuttavuuden-talo\/abstraktikirja-2023\/\">SESSIO 3: N\u00e4ytt\u00f6\u00f6n perustuva toiminta ja suositukset<\/a>, pj Tutkimusjohtaja Eila Kankaanp\u00e4\u00e4, UEF (MS300)<\/p>\n\n\n\n<ul class=\"wp-block-list\">\n<li>Laadullinen n\u00e4ytt\u00f6 terveydenhuollon suositusten kontekstissa &#8211; k\u00e4siteanalyyttinen tarkastelu, Maria Tapola-Haapala, Sosiaalialan osaamiskeskus Verso, P\u00e4ij\u00e4t-H\u00e4meen hva&nbsp;<\/li>\n\n\n\n<li>Taloudellisen tiedon sis\u00e4llytt\u00e4minen K\u00e4yp\u00e4 hoito -suosituksiin, Juha Ahonen, Suomalainen L\u00e4\u00e4k\u00e4riseura Duodecim&nbsp;<\/li>\n\n\n\n<li>PERUTTU <s>N\u00e4ytt\u00f6\u00f6n perustuva p\u00e4\u00e4t\u00f6ksenteko ty\u00f6terveyshuollossa (in English), Christina Tikka, It\u00e4-Suomen yliopisto\u00a0<\/s><\/li>\n\n\n\n<li>Digitaalisten palveluiden k\u00e4ytt\u00f6 ja vaikutukset sosiaali- ja terveyshuollon palveluissa -j\u00e4rjestelm\u00e4llinen katsaus katsauksista, Sanna Lakoma, Helsingin yliopisto&nbsp;<\/li>\n\n\n\n<li>Ulkoinen konteksti ja n\u00e4ytt\u00f6\u00f6n perustuvien k\u00e4yt\u00e4nt\u00f6jen toimeenpano: Kartoittava katsaus Individual Placement and Support -mallin toimeenpanotutkimuksiin, Jaakko Harkko, Helsingin yliopisto&nbsp;<\/li>\n\n\n\n<li>Ryhm\u00e4muotoinen et\u00e4kuntoutus nuorilla aikuisilla \u2013 kartoittava kirjallisuuskatsaus, Tuija Partanen, Kela&nbsp;<\/li>\n<\/ul>\n\n\n\n<p><a href=\"https:\/\/sites.uef.fi\/vaikuttavuuden-talo\/abstraktikirja-2023\/\">SESSIO 4: Menetelm\u00e4t ja asetelmat vaikuttavuustutkimuksessa<\/a>, pj Professori Ismo Linnosmaa, UEF &amp; THL (MS301)<\/p>\n\n\n\n<ul class=\"wp-block-list\">\n<li>Miksi hyvinvointimallien kehityksess\u00e4 on t\u00e4rke\u00e4\u00e4 ottaa mukaan my\u00f6s kansalaiset?, Krista Kauppi, Helsingin yliopisto&nbsp;<\/li>\n\n\n\n<li>HUS hoidon vaikuttavuustiedon tuottajana ja hy\u00f6dynt\u00e4j\u00e4n\u00e4, Jaana Isoj\u00e4rvi, HUS-yhtym\u00e4 Ulkoinen tarkastus&nbsp;<\/li>\n\n\n\n<li>P\u00e4ihdepalveluiden johdon vaikuttavuustiedon tarpeet sek\u00e4 n\u00e4kemykset vaikuttavuustiedon hy\u00f6dynt\u00e4misen esteist\u00e4 ja edellytyksist\u00e4, Reetta Kinnunen &amp; Ella Plaami, Tampereen yliopisto&nbsp;<\/li>\n\n\n\n<li>Kustannusten raportointi ja taloudelliset vaikutukset v\u00e4h\u00e4hy\u00f6tyisten hoitojen karsintatutkimuksissa: systemaattinen kuvaileva katsaus, Petra Falkenbach, FinCCHTA&nbsp;<\/li>\n\n\n\n<li>Ihmiskeskeinen vaikuttavuuslaskenta &#8211; miten voimme lis\u00e4t\u00e4 yht\u00e4aikaisesti hyvinvointia ja s\u00e4\u00e4st\u00f6j\u00e4, Pekka Lavila, Synesis Oy&nbsp;<\/li>\n<\/ul>\n\n\n\n<p><strong>18.00- Illallinen<\/strong>, Snellmania<strong> <\/strong>(Yliopistonranta 8)&nbsp;<\/p>\n\n\n\n<h3 class=\"wp-block-heading\">Keskiviikko 4.10.<\/h3>\n\n\n\n<p><strong>9.00 &#8211; 9.30 Aamukahvi <\/strong>(Mediteknia)&nbsp;<\/p>\n\n\n\n<p><strong>9.30 &#8211; 10.30&nbsp;PLENARY <strong>\u201dPriorisointi terveydenhuollossa \u2013 s\u00e4\u00e4ntelyn ja ohjauksen haasteet hyvinvointialueella\u201d<\/strong><\/strong>, juristi ja v\u00e4it\u00f6skirjatutkija <strong>Kaisa-Maria Kimmel<\/strong>, Lapin yliopisto (MD100)&nbsp;<\/p>\n\n\n\n<p><strong>10.30 &#8211; 11.30&nbsp;PLENARY &#8221;Sosiaalihuollon palvelujen priorisointi&#8221;<\/strong>, yliopistonlehtori <strong>Petteri Niemi<\/strong>, Jyv\u00e4skyl\u00e4n yliopisto (MD100)&nbsp;<\/p>\n\n\n\n<p><strong>11.30 &#8211; 12.30&nbsp;Lounastauko&nbsp;<\/strong><\/p>\n\n\n\n<p><strong>12.30 &#8211; 14.00&nbsp;TEMAATTISET RINNAKKAISESSIOT<\/strong> (Medistudia)&nbsp;<\/p>\n\n\n\n<p><a href=\"https:\/\/sites.uef.fi\/vaikuttavuuden-talo\/abstraktikirja-2023\/\">SESSIO 5: Sosiaality\u00f6n ja sosiaalipalveluiden vaikuttavuus<\/a>, pj Tutkijatohtori Hanna Ristolainen, UEF&nbsp;(MS300)<\/p>\n\n\n\n<ul class=\"wp-block-list\">\n<li>Vammaispalvelut 2022 &#8211; mit\u00e4 tulevaisuudessa, P\u00e4ivi H\u00f6mppi, THL&nbsp;<\/li>\n\n\n\n<li>AVAIN-mittarin koetun luotettavuuden arviointi (face-validity), Minna Kivipelto &amp; Joel H\u00e4m\u00e4l\u00e4inen, THL&nbsp;<\/li>\n\n\n\n<li>Suuntima-ty\u00f6kalun hy\u00f6dynt\u00e4minen p\u00e4ihteit\u00e4 ongelmallisesti k\u00e4ytt\u00e4vien asiakkaiden asiakkuussegmentoinnissa, Eeva Ekqvist, Tampereen yliopisto&nbsp;<\/li>\n\n\n\n<li>Tunnistava sosiaality\u00f6n asiantuntijuus vaikuttavana k\u00e4yt\u00e4nt\u00f6n\u00e4, Leena Tikkala, Lapin yliopisto&nbsp;<\/li>\n\n\n\n<li>Sosiaaliset riskit ja niihin reagointi psykiatrisessa erikoissairaanhoidossa, Essi Rovamo, It\u00e4-Suomen yliopisto&nbsp;<\/li>\n\n\n\n<li>Vakavaan mielenterveyden h\u00e4iri\u00f6\u00f6n sairastuneiden IPS Sijoita ja valmenna ty\u00f6h\u00f6nvalmennus \u2013 Mik\u00e4 muuttui asiakkaiden el\u00e4m\u00e4ss\u00e4?, Noora Sipil\u00e4 &amp; Kaija Appelqvist-Schmidlechner, THL&nbsp;<\/li>\n<\/ul>\n\n\n\n<p><a href=\"https:\/\/sites.uef.fi\/vaikuttavuuden-talo\/abstraktikirja-2023\/\">SESSIO 6: Mielenterveyspalvelujen organisointi ja vaikuttavuus<\/a>, pj Apulaisprofessori Paulus Torkki, Helsingin yliopisto (MS301)<\/p>\n\n\n\n<ul class=\"wp-block-list\">\n<li>Terapiat etulinjaan -toimintamalli, Samuli Saarni, Helsingin yliopisto&nbsp;<\/li>\n\n\n\n<li>Psykoosien hoidon kansallinen laaturekisteri, Jaana Suvisaari, THL&nbsp;<\/li>\n\n\n\n<li>Avoimen dialogin hoitomalli, Tomi Bergstr\u00f6m, Jyv\u00e4skyl\u00e4n yliopisto&nbsp;<\/li>\n<\/ul>\n\n\n\n<p><a href=\"https:\/\/sites.uef.fi\/vaikuttavuuden-talo\/abstraktikirja-2023\/\">SESSIO 7: Hyvinvoinnin edist\u00e4misen ja peruspalveluiden vaikuttavuuden parantaminen hyvinvointialueella<\/a>, pj Professori Tomi M\u00e4ki-Opas, UEF &amp; Pohjois-Savon hyvinvointialue (MS302)<\/p>\n\n\n\n<ul class=\"wp-block-list\">\n<li>Digitaaliset sovellukset mielenterveyden edist\u00e4misen vaikuttavuuden parantamiseksi, Hanna Rekola, It\u00e4-Suomen yliopisto&nbsp;<\/li>\n\n\n\n<li>Luokitteluun perustuva alaselk\u00e4kipupotilaan hoito perusterveydenhuollossa \u2013 vertaiskontrolloitu tutkimus, Anna-Sofia Simula, Etel\u00e4-Savon hva&nbsp;<\/li>\n\n\n\n<li>Fysioterapeutin suoravastaanotto tukemassa hoidon saatavuutta, Lotta-Sofia Kosonen, Etel\u00e4-Savon hva<\/li>\n\n\n\n<li>Potilaan p\u00e4rj\u00e4\u00e4misen tunne (PEI) -mittarin k\u00e4ytt\u00f6 potilaspalautteena terveyskeskusl\u00e4\u00e4k\u00e4rin vastaanotolla ja palautereflektion yhteys potilaan p\u00e4rj\u00e4\u00e4misen, Ida Tiihonen, Keski-Suomen hva<\/li>\n\n\n\n<li>Systemaattinen vertaiskehitt\u00e4minen ja vaikuttavuuden parantaminen avoterveydenhuollossa: Esimerkkein\u00e4 diabetes ja kohonnut verenpaine, Aapo Tahkola, Keski-Suomen hva &amp; THL&nbsp;<\/li>\n<\/ul>\n\n\n\n<p><strong>14.00 &#8211; 14.30 Kahvitauko<\/strong>, tauolla <a href=\"https:\/\/sites.uef.fi\/vaikuttavuuden-talo\/implementointitutkimus\/\">Implementoinnin tutkimusverkoston<\/a> avoin tapaaminen. (Mediteknia)&nbsp;<\/p>\n\n\n\n<p><strong>14.30 &#8211; 15.30 PANEELIKESKUSTELU &#8221;Priorisoimalla hyvinvointia \u2013 mit\u00e4, miksi ja miten?<\/strong>&#8221;(Plenary-puhujat), pj professori Tomi M\u00e4ki-Opas (MD100)<\/p>\n\n\n\n<p><strong>15.30 &#8211; 15.45  Yhteenveto tutkimusp\u00e4ivist\u00e4 ja kutsu vuoden 2024 Vaikuttavuuden tutkimuksen p\u00e4iville<\/strong>, professori <strong>Tomi M\u00e4ki-Opas<\/strong>, Vaikuttavuuden talo, UEF&nbsp;<\/p>\n","protected":false},"excerpt":{"rendered":"<p>Vaikuttavuuden tutkimuksen p\u00e4ivien ohjelma Seuraa Vaikuttavuuden tutkimuksen p\u00e4ivi\u00e4 Viestipalvelu X:ss\u00e4 (ent. Twitter): @VAIKtaloUEF, k\u00e4yt\u00e4 tunnisteita #VTpaivat2023, #vaikuttavuus, #effectiveness Maanantai 2.10. Kansallisen Vaikuttavuuskeskuksen ty\u00f6paja: Vaikuttavuustiedon arviointi ja soveltaminen \u2013 case liikkumattomuuden ja lihavuuden ennaltaehk\u00e4isy ja hoito Aika: 17.00\u201319.00 Paikka: Medistudia MS300, Kuopion kampus Ty\u00f6pajan tavoitteena on l\u00f6yt\u00e4\u00e4 vastauksia ja l\u00e4hestymistapoja intervention vaikuttavuuden arviointiin ja toisaalta vaikuttavuustiedon [&hellip;]<\/p>\n","protected":false},"author":44,"featured_media":0,"parent":0,"menu_order":0,"comment_status":"closed","ping_status":"closed","template":"","meta":{"_acf_changed":false,"_monsterinsights_skip_tracking":false,"_monsterinsights_sitenote_active":false,"_monsterinsights_sitenote_note":"","_monsterinsights_sitenote_category":0,"footnotes":""},"class_list":["post-7029","page","type-page","status-publish","hentry"],"acf":[],"yoast_head":"<!-- This site is optimized with the Yoast SEO plugin v27.3 - https:\/\/yoast.com\/product\/yoast-seo-wordpress\/ -->\n<title>Ohjelma 2023 - Vaikuttavuuden talo<\/title>\n<meta name=\"robots\" content=\"index, follow, max-snippet:-1, max-image-preview:large, max-video-preview:-1\" \/>\n<link rel=\"canonical\" href=\"https:\/\/sites.uef.fi\/vaikuttavuuden-talo\/ohjelma-2023\/\" \/>\n<meta property=\"og:locale\" content=\"fi_FI\" \/>\n<meta property=\"og:type\" content=\"article\" \/>\n<meta property=\"og:title\" content=\"Ohjelma 2023 - Vaikuttavuuden talo\" \/>\n<meta property=\"og:description\" content=\"Vaikuttavuuden tutkimuksen p\u00e4ivien ohjelma Seuraa Vaikuttavuuden tutkimuksen p\u00e4ivi\u00e4 Viestipalvelu X:ss\u00e4 (ent. Twitter): @VAIKtaloUEF, k\u00e4yt\u00e4 tunnisteita #VTpaivat2023, #vaikuttavuus, #effectiveness Maanantai 2.10. Kansallisen Vaikuttavuuskeskuksen ty\u00f6paja: Vaikuttavuustiedon arviointi ja soveltaminen \u2013 case liikkumattomuuden ja lihavuuden ennaltaehk\u00e4isy ja hoito Aika: 17.00\u201319.00 Paikka: Medistudia MS300, Kuopion kampus Ty\u00f6pajan tavoitteena on l\u00f6yt\u00e4\u00e4 vastauksia ja l\u00e4hestymistapoja intervention vaikuttavuuden arviointiin ja toisaalta vaikuttavuustiedon [&hellip;]\" \/>\n<meta property=\"og:url\" content=\"https:\/\/sites.uef.fi\/vaikuttavuuden-talo\/ohjelma-2023\/\" \/>\n<meta property=\"og:site_name\" content=\"Vaikuttavuuden talo\" \/>\n<meta property=\"article:modified_time\" content=\"2023-10-03T08:16:34+00:00\" \/>\n<meta name=\"twitter:card\" content=\"summary_large_image\" \/>\n<meta name=\"twitter:label1\" content=\"Arvioitu lukuaika\" \/>\n\t<meta name=\"twitter:data1\" content=\"6 minuuttia\" \/>\n<script type=\"application\/ld+json\" class=\"yoast-schema-graph\">{\"@context\":\"https:\\\/\\\/schema.org\",\"@graph\":[{\"@type\":\"WebPage\",\"@id\":\"https:\\\/\\\/sites.uef.fi\\\/vaikuttavuuden-talo\\\/ohjelma-2023\\\/\",\"url\":\"https:\\\/\\\/sites.uef.fi\\\/vaikuttavuuden-talo\\\/ohjelma-2023\\\/\",\"name\":\"Ohjelma 2023 - Vaikuttavuuden talo\",\"isPartOf\":{\"@id\":\"https:\\\/\\\/sites.uef.fi\\\/vaikuttavuuden-talo\\\/#website\"},\"datePublished\":\"2023-04-25T07:34:48+00:00\",\"dateModified\":\"2023-10-03T08:16:34+00:00\",\"breadcrumb\":{\"@id\":\"https:\\\/\\\/sites.uef.fi\\\/vaikuttavuuden-talo\\\/ohjelma-2023\\\/#breadcrumb\"},\"inLanguage\":\"fi\",\"potentialAction\":[{\"@type\":\"ReadAction\",\"target\":[\"https:\\\/\\\/sites.uef.fi\\\/vaikuttavuuden-talo\\\/ohjelma-2023\\\/\"]}]},{\"@type\":\"BreadcrumbList\",\"@id\":\"https:\\\/\\\/sites.uef.fi\\\/vaikuttavuuden-talo\\\/ohjelma-2023\\\/#breadcrumb\",\"itemListElement\":[{\"@type\":\"ListItem\",\"position\":1,\"name\":\"Home\",\"item\":\"https:\\\/\\\/sites.uef.fi\\\/vaikuttavuuden-talo\\\/\"},{\"@type\":\"ListItem\",\"position\":2,\"name\":\"Ohjelma 2023\"}]},{\"@type\":\"WebSite\",\"@id\":\"https:\\\/\\\/sites.uef.fi\\\/vaikuttavuuden-talo\\\/#website\",\"url\":\"https:\\\/\\\/sites.uef.fi\\\/vaikuttavuuden-talo\\\/\",\"name\":\"Vaikuttavuuden talo\",\"description\":\"\",\"potentialAction\":[{\"@type\":\"SearchAction\",\"target\":{\"@type\":\"EntryPoint\",\"urlTemplate\":\"https:\\\/\\\/sites.uef.fi\\\/vaikuttavuuden-talo\\\/?s={search_term_string}\"},\"query-input\":{\"@type\":\"PropertyValueSpecification\",\"valueRequired\":true,\"valueName\":\"search_term_string\"}}],\"inLanguage\":\"fi\"}]}<\/script>\n<!-- \/ Yoast SEO plugin. -->","yoast_head_json":{"title":"Ohjelma 2023 - Vaikuttavuuden talo","robots":{"index":"index","follow":"follow","max-snippet":"max-snippet:-1","max-image-preview":"max-image-preview:large","max-video-preview":"max-video-preview:-1"},"canonical":"https:\/\/sites.uef.fi\/vaikuttavuuden-talo\/ohjelma-2023\/","og_locale":"fi_FI","og_type":"article","og_title":"Ohjelma 2023 - Vaikuttavuuden talo","og_description":"Vaikuttavuuden tutkimuksen p\u00e4ivien ohjelma Seuraa Vaikuttavuuden tutkimuksen p\u00e4ivi\u00e4 Viestipalvelu X:ss\u00e4 (ent. Twitter): @VAIKtaloUEF, k\u00e4yt\u00e4 tunnisteita #VTpaivat2023, #vaikuttavuus, #effectiveness Maanantai 2.10. Kansallisen Vaikuttavuuskeskuksen ty\u00f6paja: Vaikuttavuustiedon arviointi ja soveltaminen \u2013 case liikkumattomuuden ja lihavuuden ennaltaehk\u00e4isy ja hoito Aika: 17.00\u201319.00 Paikka: Medistudia MS300, Kuopion kampus Ty\u00f6pajan tavoitteena on l\u00f6yt\u00e4\u00e4 vastauksia ja l\u00e4hestymistapoja intervention vaikuttavuuden arviointiin ja toisaalta vaikuttavuustiedon [&hellip;]","og_url":"https:\/\/sites.uef.fi\/vaikuttavuuden-talo\/ohjelma-2023\/","og_site_name":"Vaikuttavuuden talo","article_modified_time":"2023-10-03T08:16:34+00:00","twitter_card":"summary_large_image","twitter_misc":{"Arvioitu lukuaika":"6 minuuttia"},"schema":{"@context":"https:\/\/schema.org","@graph":[{"@type":"WebPage","@id":"https:\/\/sites.uef.fi\/vaikuttavuuden-talo\/ohjelma-2023\/","url":"https:\/\/sites.uef.fi\/vaikuttavuuden-talo\/ohjelma-2023\/","name":"Ohjelma 2023 - Vaikuttavuuden talo","isPartOf":{"@id":"https:\/\/sites.uef.fi\/vaikuttavuuden-talo\/#website"},"datePublished":"2023-04-25T07:34:48+00:00","dateModified":"2023-10-03T08:16:34+00:00","breadcrumb":{"@id":"https:\/\/sites.uef.fi\/vaikuttavuuden-talo\/ohjelma-2023\/#breadcrumb"},"inLanguage":"fi","potentialAction":[{"@type":"ReadAction","target":["https:\/\/sites.uef.fi\/vaikuttavuuden-talo\/ohjelma-2023\/"]}]},{"@type":"BreadcrumbList","@id":"https:\/\/sites.uef.fi\/vaikuttavuuden-talo\/ohjelma-2023\/#breadcrumb","itemListElement":[{"@type":"ListItem","position":1,"name":"Home","item":"https:\/\/sites.uef.fi\/vaikuttavuuden-talo\/"},{"@type":"ListItem","position":2,"name":"Ohjelma 2023"}]},{"@type":"WebSite","@id":"https:\/\/sites.uef.fi\/vaikuttavuuden-talo\/#website","url":"https:\/\/sites.uef.fi\/vaikuttavuuden-talo\/","name":"Vaikuttavuuden talo","description":"","potentialAction":[{"@type":"SearchAction","target":{"@type":"EntryPoint","urlTemplate":"https:\/\/sites.uef.fi\/vaikuttavuuden-talo\/?s={search_term_string}"},"query-input":{"@type":"PropertyValueSpecification","valueRequired":true,"valueName":"search_term_string"}}],"inLanguage":"fi"}]}},"_links":{"self":[{"href":"https:\/\/sites.uef.fi\/vaikuttavuuden-talo\/wp-json\/wp\/v2\/pages\/7029","targetHints":{"allow":["GET"]}}],"collection":[{"href":"https:\/\/sites.uef.fi\/vaikuttavuuden-talo\/wp-json\/wp\/v2\/pages"}],"about":[{"href":"https:\/\/sites.uef.fi\/vaikuttavuuden-talo\/wp-json\/wp\/v2\/types\/page"}],"author":[{"embeddable":true,"href":"https:\/\/sites.uef.fi\/vaikuttavuuden-talo\/wp-json\/wp\/v2\/users\/44"}],"replies":[{"embeddable":true,"href":"https:\/\/sites.uef.fi\/vaikuttavuuden-talo\/wp-json\/wp\/v2\/comments?post=7029"}],"version-history":[{"count":2,"href":"https:\/\/sites.uef.fi\/vaikuttavuuden-talo\/wp-json\/wp\/v2\/pages\/7029\/revisions"}],"predecessor-version":[{"id":8697,"href":"https:\/\/sites.uef.fi\/vaikuttavuuden-talo\/wp-json\/wp\/v2\/pages\/7029\/revisions\/8697"}],"wp:attachment":[{"href":"https:\/\/sites.uef.fi\/vaikuttavuuden-talo\/wp-json\/wp\/v2\/media?parent=7029"}],"curies":[{"name":"wp","href":"https:\/\/api.w.org\/{rel}","templated":true}]}}