{"id":8998,"date":"2023-11-20T08:54:31","date_gmt":"2023-11-20T06:54:31","guid":{"rendered":"https:\/\/sites.uef.fi\/vaikuttavuuden-talo\/?page_id=8998"},"modified":"2025-03-05T09:56:27","modified_gmt":"2025-03-05T07:56:27","slug":"uef-mooc-yhteiskunnallinen-vaikuttavuuden-arviointi","status":"publish","type":"page","link":"https:\/\/sites.uef.fi\/vaikuttavuuden-talo\/uef-mooc-yhteiskunnallinen-vaikuttavuuden-arviointi\/","title":{"rendered":"UEF MOOC \u2013 Yhteiskunnallisen vaikuttavuuden arviointi"},"content":{"rendered":"\n<p>Sosiaalinen laatu kuvaa niit\u00e4 keskeisi\u00e4 hyvinvoinnin prosesseja, jotka tuottavat hyvinvointia ihmisille tasa-arvoisesti ja kest\u00e4v\u00e4sti.<\/p>\n\n\n\n<figure class=\"wp-block-image size-large\"><img loading=\"lazy\" decoding=\"async\" width=\"1024\" height=\"576\" src=\"https:\/\/sites.uef.fi\/vaikuttavuuden-talo\/wp-content\/uploads\/sites\/28\/2023\/11\/UEF_MOOC_Yhteiskunnallinen_vaikuttavuuden_arviointi_kurssibanneri-1024x576.png\" alt=\"UEF MOOC Yhteiskunnallinen vaikuttavuuden arviointi kurssibanneri.\" class=\"wp-image-9037\" srcset=\"https:\/\/sites.uef.fi\/vaikuttavuuden-talo\/wp-content\/uploads\/sites\/28\/2023\/11\/UEF_MOOC_Yhteiskunnallinen_vaikuttavuuden_arviointi_kurssibanneri-1024x576.png 1024w, https:\/\/sites.uef.fi\/vaikuttavuuden-talo\/wp-content\/uploads\/sites\/28\/2023\/11\/UEF_MOOC_Yhteiskunnallinen_vaikuttavuuden_arviointi_kurssibanneri-300x169.png 300w, https:\/\/sites.uef.fi\/vaikuttavuuden-talo\/wp-content\/uploads\/sites\/28\/2023\/11\/UEF_MOOC_Yhteiskunnallinen_vaikuttavuuden_arviointi_kurssibanneri-768x432.png 768w, https:\/\/sites.uef.fi\/vaikuttavuuden-talo\/wp-content\/uploads\/sites\/28\/2023\/11\/UEF_MOOC_Yhteiskunnallinen_vaikuttavuuden_arviointi_kurssibanneri-1536x864.png 1536w, https:\/\/sites.uef.fi\/vaikuttavuuden-talo\/wp-content\/uploads\/sites\/28\/2023\/11\/UEF_MOOC_Yhteiskunnallinen_vaikuttavuuden_arviointi_kurssibanneri-2048x1152.png 2048w, https:\/\/sites.uef.fi\/vaikuttavuuden-talo\/wp-content\/uploads\/sites\/28\/2023\/11\/UEF_MOOC_Yhteiskunnallinen_vaikuttavuuden_arviointi_kurssibanneri-992x558.png 992w\" sizes=\"auto, (max-width: 1024px) 100vw, 1024px\" \/><\/figure>\n\n\n\n<p>T\u00e4m\u00e4 avoin ja ilmainen verkkokurssi:<\/p>\n\n\n\n<ol class=\"wp-block-list\">\n<li>Esittelee sosiaalisen laadun puitteet ja sosiaalisen laadun keskeiset prosessit, jotka voivat edist\u00e4\u00e4 kest\u00e4v\u00e4\u00e4 hyvinvointia.<\/li>\n\n\n\n<li>Esittelee tutkimukseen perustuvan sosiaalisen laadun laskentaty\u00f6kalun ja n\u00e4yt\u00e4mme, miten ty\u00f6kalun avulla voidaan arvioida erilaisten hyvinvointia edist\u00e4vien toimenpiteiden ja politiikkojen s\u00e4\u00e4st\u00f6potentiaalia.<\/li>\n\n\n\n<li>Lis\u00e4ksi k\u00e4yd\u00e4\u00e4n l\u00e4pi, miten laskentaty\u00f6kalua voidaan k\u00e4ytt\u00e4\u00e4 n\u00e4ytt\u00f6\u00f6n perustuvan p\u00e4\u00e4t\u00f6ksenteon tukena.<\/li>\n<\/ol>\n\n\n\n<p>Kuka tahansa verkkokurssista ja sen sis\u00e4ll\u00f6st\u00e4 kiinnostunut voi suorittaa sen ja saada ep\u00e4virallisen kurssitodistuksen It\u00e4-Suomen yliopistosta. Jos haluat suoritusmerkinn\u00e4n ja opintopisteit\u00e4 (5 op), sinun tulee ilmoittautua <a data-type=\"URL\" data-id=\"https:\/\/www.uef.fi\/fi\/ilmoittautuminen-opintomaksu-ja-opiskeluoikeus\" href=\"https:\/\/www.uef.fi\/fi\/ilmoittautuminen-opintomaksu-ja-opiskeluoikeus\">Avoimen yliopiston opiskelijaksi<\/a> It\u00e4-Suomen yliopistoon ja maksaa kurssimaksu (20 \u20ac\/opintopiste). Tutkinto-opiskelijoille kurssi on maksuton. Tutkinto-opiskelijat ilmoittautuvat opintojaksoille <a href=\"https:\/\/peppi.uef.fi\/\">Pepin<\/a> kautta.<\/p>\n\n\n\n<p><strong>P\u00e4\u00e4set kurssille DigiCampuksen verkkosivuille:<\/strong><\/p>\n\n\n\n<p><a href=\"https:\/\/digicampus.fi\/course\/view.php?id=4659\">Kurssi: Yhteiskunnallisen vaikuttavuuden mittaaminen ja arviointi | DigiCampus<\/a><\/p>\n\n\n\n<p>DigiCampuksen verkkosivuilla:<\/p>\n\n\n\n<ul class=\"wp-block-list\">\n<li>MOOC opiskelijat: Jos et halua kurssista virallisia opintopisteit\u00e4 niin toimi seuraavasti. Luo DigiCampuksen sivuilla oma k\u00e4ytt\u00e4j\u00e4tunnus, salasana ja anna tarvittavat tietosi. Kun olet luonut tilin, voit siirty\u00e4 suoraan kurssisivuille. Voit aloittaa kurssin suorittamisen. Saat kurssista ep\u00e4virallisen kurssitodistuksen kurssin suoritettuasi.<\/li>\n\n\n\n<li>UEF opiskelijat: jos haluat kurssin osaksi opintojasi UEF:ssa niin rekister\u00f6idy kurssille Pepiss\u00e4, l\u00f6yd\u00e4n kurssin kurssiavaimen kurssin sivuilta.<\/li>\n\n\n\n<li>Avoimen yliopiston opiskelijat: Jos haluat suorittaa kurssin avoimen yliopiston kautta niin sinun tulee ilmoittautua kurssin avoimen yliopiston kautta ja maksaa kurssimaksu. T\u00e4m\u00e4n j\u00e4lkeen saat ohjeet spostilla kuinka kirjautua kurssille. Kun olet suorittanut kurssin saa virallinen opintosuoritusotteen avoimesta ylipistosta.<\/li>\n<\/ul>\n\n\n\n<p><strong>Nauti Yhteiskunnallisen vaikuttavuuden arvioinnin -kurssistasi!<\/strong><\/p>\n","protected":false},"excerpt":{"rendered":"<p>Sosiaalinen laatu kuvaa niit\u00e4 keskeisi\u00e4 hyvinvoinnin prosesseja, jotka tuottavat hyvinvointia ihmisille tasa-arvoisesti ja kest\u00e4v\u00e4sti. T\u00e4m\u00e4 avoin ja ilmainen verkkokurssi: Kuka tahansa verkkokurssista ja sen sis\u00e4ll\u00f6st\u00e4 kiinnostunut voi suorittaa sen ja saada ep\u00e4virallisen kurssitodistuksen It\u00e4-Suomen yliopistosta. Jos haluat suoritusmerkinn\u00e4n ja opintopisteit\u00e4 (5 op), sinun tulee ilmoittautua Avoimen yliopiston opiskelijaksi It\u00e4-Suomen yliopistoon ja maksaa kurssimaksu (20 \u20ac\/opintopiste). [&hellip;]<\/p>\n","protected":false},"author":44,"featured_media":0,"parent":0,"menu_order":0,"comment_status":"closed","ping_status":"closed","template":"","meta":{"_acf_changed":false,"_monsterinsights_skip_tracking":false,"_monsterinsights_sitenote_active":false,"_monsterinsights_sitenote_note":"","_monsterinsights_sitenote_category":0,"footnotes":""},"class_list":["post-8998","page","type-page","status-publish","hentry"],"acf":[],"yoast_head":"<!-- This site is optimized with the Yoast SEO plugin v27.1.1 - https:\/\/yoast.com\/product\/yoast-seo-wordpress\/ -->\n<title>UEF MOOC \u2013 Yhteiskunnallisen vaikuttavuuden arviointi - Vaikuttavuuden talo<\/title>\n<meta name=\"robots\" content=\"index, follow, max-snippet:-1, max-image-preview:large, max-video-preview:-1\" \/>\n<link rel=\"canonical\" href=\"https:\/\/sites.uef.fi\/vaikuttavuuden-talo\/uef-mooc-yhteiskunnallinen-vaikuttavuuden-arviointi\/\" \/>\n<meta property=\"og:locale\" content=\"fi_FI\" \/>\n<meta property=\"og:type\" content=\"article\" \/>\n<meta property=\"og:title\" content=\"UEF MOOC \u2013 Yhteiskunnallisen vaikuttavuuden arviointi - Vaikuttavuuden talo\" \/>\n<meta property=\"og:description\" content=\"Sosiaalinen laatu kuvaa niit\u00e4 keskeisi\u00e4 hyvinvoinnin prosesseja, jotka tuottavat hyvinvointia ihmisille tasa-arvoisesti ja kest\u00e4v\u00e4sti. T\u00e4m\u00e4 avoin ja ilmainen verkkokurssi: Kuka tahansa verkkokurssista ja sen sis\u00e4ll\u00f6st\u00e4 kiinnostunut voi suorittaa sen ja saada ep\u00e4virallisen kurssitodistuksen It\u00e4-Suomen yliopistosta. Jos haluat suoritusmerkinn\u00e4n ja opintopisteit\u00e4 (5 op), sinun tulee ilmoittautua Avoimen yliopiston opiskelijaksi It\u00e4-Suomen yliopistoon ja maksaa kurssimaksu (20 \u20ac\/opintopiste). [&hellip;]\" \/>\n<meta property=\"og:url\" content=\"https:\/\/sites.uef.fi\/vaikuttavuuden-talo\/uef-mooc-yhteiskunnallinen-vaikuttavuuden-arviointi\/\" \/>\n<meta property=\"og:site_name\" content=\"Vaikuttavuuden talo\" \/>\n<meta property=\"article:modified_time\" content=\"2025-03-05T07:56:27+00:00\" \/>\n<meta property=\"og:image\" content=\"https:\/\/sites.uef.fi\/vaikuttavuuden-talo\/wp-content\/uploads\/sites\/28\/2023\/11\/UEF_MOOC_Yhteiskunnallinen_vaikuttavuuden_arviointi_kurssibanneri-1024x576.png\" \/>\n\t<meta property=\"og:image:width\" content=\"1024\" \/>\n\t<meta property=\"og:image:height\" content=\"576\" \/>\n\t<meta property=\"og:image:type\" content=\"image\/png\" \/>\n<meta name=\"twitter:card\" content=\"summary_large_image\" \/>\n<meta name=\"twitter:label1\" content=\"Arvioitu lukuaika\" \/>\n\t<meta name=\"twitter:data1\" content=\"2 minuuttia\" \/>\n<script type=\"application\/ld+json\" class=\"yoast-schema-graph\">{\"@context\":\"https:\/\/schema.org\",\"@graph\":[{\"@type\":\"WebPage\",\"@id\":\"https:\/\/sites.uef.fi\/vaikuttavuuden-talo\/uef-mooc-yhteiskunnallinen-vaikuttavuuden-arviointi\/\",\"url\":\"https:\/\/sites.uef.fi\/vaikuttavuuden-talo\/uef-mooc-yhteiskunnallinen-vaikuttavuuden-arviointi\/\",\"name\":\"UEF MOOC \u2013 Yhteiskunnallisen vaikuttavuuden arviointi - Vaikuttavuuden talo\",\"isPartOf\":{\"@id\":\"https:\/\/sites.uef.fi\/vaikuttavuuden-talo\/#website\"},\"primaryImageOfPage\":{\"@id\":\"https:\/\/sites.uef.fi\/vaikuttavuuden-talo\/uef-mooc-yhteiskunnallinen-vaikuttavuuden-arviointi\/#primaryimage\"},\"image\":{\"@id\":\"https:\/\/sites.uef.fi\/vaikuttavuuden-talo\/uef-mooc-yhteiskunnallinen-vaikuttavuuden-arviointi\/#primaryimage\"},\"thumbnailUrl\":\"https:\/\/sites.uef.fi\/vaikuttavuuden-talo\/wp-content\/uploads\/sites\/28\/2023\/11\/UEF_MOOC_Yhteiskunnallinen_vaikuttavuuden_arviointi_kurssibanneri-1024x576.png\",\"datePublished\":\"2023-11-20T06:54:31+00:00\",\"dateModified\":\"2025-03-05T07:56:27+00:00\",\"breadcrumb\":{\"@id\":\"https:\/\/sites.uef.fi\/vaikuttavuuden-talo\/uef-mooc-yhteiskunnallinen-vaikuttavuuden-arviointi\/#breadcrumb\"},\"inLanguage\":\"fi\",\"potentialAction\":[{\"@type\":\"ReadAction\",\"target\":[\"https:\/\/sites.uef.fi\/vaikuttavuuden-talo\/uef-mooc-yhteiskunnallinen-vaikuttavuuden-arviointi\/\"]}]},{\"@type\":\"ImageObject\",\"inLanguage\":\"fi\",\"@id\":\"https:\/\/sites.uef.fi\/vaikuttavuuden-talo\/uef-mooc-yhteiskunnallinen-vaikuttavuuden-arviointi\/#primaryimage\",\"url\":\"https:\/\/sites.uef.fi\/vaikuttavuuden-talo\/wp-content\/uploads\/sites\/28\/2023\/11\/UEF_MOOC_Yhteiskunnallinen_vaikuttavuuden_arviointi_kurssibanneri.png\",\"contentUrl\":\"https:\/\/sites.uef.fi\/vaikuttavuuden-talo\/wp-content\/uploads\/sites\/28\/2023\/11\/UEF_MOOC_Yhteiskunnallinen_vaikuttavuuden_arviointi_kurssibanneri.png\",\"width\":3840,\"height\":2160,\"caption\":\"UEF MOOC Yhteiskunnallinen vaikuttavuuden arviointi kurssibanneri.\"},{\"@type\":\"BreadcrumbList\",\"@id\":\"https:\/\/sites.uef.fi\/vaikuttavuuden-talo\/uef-mooc-yhteiskunnallinen-vaikuttavuuden-arviointi\/#breadcrumb\",\"itemListElement\":[{\"@type\":\"ListItem\",\"position\":1,\"name\":\"Home\",\"item\":\"https:\/\/sites.uef.fi\/vaikuttavuuden-talo\/\"},{\"@type\":\"ListItem\",\"position\":2,\"name\":\"UEF MOOC \u2013 Yhteiskunnallisen vaikuttavuuden arviointi\"}]},{\"@type\":\"WebSite\",\"@id\":\"https:\/\/sites.uef.fi\/vaikuttavuuden-talo\/#website\",\"url\":\"https:\/\/sites.uef.fi\/vaikuttavuuden-talo\/\",\"name\":\"Vaikuttavuuden talo\",\"description\":\"\",\"potentialAction\":[{\"@type\":\"SearchAction\",\"target\":{\"@type\":\"EntryPoint\",\"urlTemplate\":\"https:\/\/sites.uef.fi\/vaikuttavuuden-talo\/?s={search_term_string}\"},\"query-input\":{\"@type\":\"PropertyValueSpecification\",\"valueRequired\":true,\"valueName\":\"search_term_string\"}}],\"inLanguage\":\"fi\"}]}<\/script>\n<!-- \/ Yoast SEO plugin. -->","yoast_head_json":{"title":"UEF MOOC \u2013 Yhteiskunnallisen vaikuttavuuden arviointi - Vaikuttavuuden talo","robots":{"index":"index","follow":"follow","max-snippet":"max-snippet:-1","max-image-preview":"max-image-preview:large","max-video-preview":"max-video-preview:-1"},"canonical":"https:\/\/sites.uef.fi\/vaikuttavuuden-talo\/uef-mooc-yhteiskunnallinen-vaikuttavuuden-arviointi\/","og_locale":"fi_FI","og_type":"article","og_title":"UEF MOOC \u2013 Yhteiskunnallisen vaikuttavuuden arviointi - Vaikuttavuuden talo","og_description":"Sosiaalinen laatu kuvaa niit\u00e4 keskeisi\u00e4 hyvinvoinnin prosesseja, jotka tuottavat hyvinvointia ihmisille tasa-arvoisesti ja kest\u00e4v\u00e4sti. T\u00e4m\u00e4 avoin ja ilmainen verkkokurssi: Kuka tahansa verkkokurssista ja sen sis\u00e4ll\u00f6st\u00e4 kiinnostunut voi suorittaa sen ja saada ep\u00e4virallisen kurssitodistuksen It\u00e4-Suomen yliopistosta. Jos haluat suoritusmerkinn\u00e4n ja opintopisteit\u00e4 (5 op), sinun tulee ilmoittautua Avoimen yliopiston opiskelijaksi It\u00e4-Suomen yliopistoon ja maksaa kurssimaksu (20 \u20ac\/opintopiste). [&hellip;]","og_url":"https:\/\/sites.uef.fi\/vaikuttavuuden-talo\/uef-mooc-yhteiskunnallinen-vaikuttavuuden-arviointi\/","og_site_name":"Vaikuttavuuden talo","article_modified_time":"2025-03-05T07:56:27+00:00","og_image":[{"width":1024,"height":576,"url":"https:\/\/sites.uef.fi\/vaikuttavuuden-talo\/wp-content\/uploads\/sites\/28\/2023\/11\/UEF_MOOC_Yhteiskunnallinen_vaikuttavuuden_arviointi_kurssibanneri-1024x576.png","type":"image\/png"}],"twitter_card":"summary_large_image","twitter_misc":{"Arvioitu lukuaika":"2 minuuttia"},"schema":{"@context":"https:\/\/schema.org","@graph":[{"@type":"WebPage","@id":"https:\/\/sites.uef.fi\/vaikuttavuuden-talo\/uef-mooc-yhteiskunnallinen-vaikuttavuuden-arviointi\/","url":"https:\/\/sites.uef.fi\/vaikuttavuuden-talo\/uef-mooc-yhteiskunnallinen-vaikuttavuuden-arviointi\/","name":"UEF MOOC \u2013 Yhteiskunnallisen vaikuttavuuden arviointi - Vaikuttavuuden talo","isPartOf":{"@id":"https:\/\/sites.uef.fi\/vaikuttavuuden-talo\/#website"},"primaryImageOfPage":{"@id":"https:\/\/sites.uef.fi\/vaikuttavuuden-talo\/uef-mooc-yhteiskunnallinen-vaikuttavuuden-arviointi\/#primaryimage"},"image":{"@id":"https:\/\/sites.uef.fi\/vaikuttavuuden-talo\/uef-mooc-yhteiskunnallinen-vaikuttavuuden-arviointi\/#primaryimage"},"thumbnailUrl":"https:\/\/sites.uef.fi\/vaikuttavuuden-talo\/wp-content\/uploads\/sites\/28\/2023\/11\/UEF_MOOC_Yhteiskunnallinen_vaikuttavuuden_arviointi_kurssibanneri-1024x576.png","datePublished":"2023-11-20T06:54:31+00:00","dateModified":"2025-03-05T07:56:27+00:00","breadcrumb":{"@id":"https:\/\/sites.uef.fi\/vaikuttavuuden-talo\/uef-mooc-yhteiskunnallinen-vaikuttavuuden-arviointi\/#breadcrumb"},"inLanguage":"fi","potentialAction":[{"@type":"ReadAction","target":["https:\/\/sites.uef.fi\/vaikuttavuuden-talo\/uef-mooc-yhteiskunnallinen-vaikuttavuuden-arviointi\/"]}]},{"@type":"ImageObject","inLanguage":"fi","@id":"https:\/\/sites.uef.fi\/vaikuttavuuden-talo\/uef-mooc-yhteiskunnallinen-vaikuttavuuden-arviointi\/#primaryimage","url":"https:\/\/sites.uef.fi\/vaikuttavuuden-talo\/wp-content\/uploads\/sites\/28\/2023\/11\/UEF_MOOC_Yhteiskunnallinen_vaikuttavuuden_arviointi_kurssibanneri.png","contentUrl":"https:\/\/sites.uef.fi\/vaikuttavuuden-talo\/wp-content\/uploads\/sites\/28\/2023\/11\/UEF_MOOC_Yhteiskunnallinen_vaikuttavuuden_arviointi_kurssibanneri.png","width":3840,"height":2160,"caption":"UEF MOOC Yhteiskunnallinen vaikuttavuuden arviointi kurssibanneri."},{"@type":"BreadcrumbList","@id":"https:\/\/sites.uef.fi\/vaikuttavuuden-talo\/uef-mooc-yhteiskunnallinen-vaikuttavuuden-arviointi\/#breadcrumb","itemListElement":[{"@type":"ListItem","position":1,"name":"Home","item":"https:\/\/sites.uef.fi\/vaikuttavuuden-talo\/"},{"@type":"ListItem","position":2,"name":"UEF MOOC \u2013 Yhteiskunnallisen vaikuttavuuden arviointi"}]},{"@type":"WebSite","@id":"https:\/\/sites.uef.fi\/vaikuttavuuden-talo\/#website","url":"https:\/\/sites.uef.fi\/vaikuttavuuden-talo\/","name":"Vaikuttavuuden talo","description":"","potentialAction":[{"@type":"SearchAction","target":{"@type":"EntryPoint","urlTemplate":"https:\/\/sites.uef.fi\/vaikuttavuuden-talo\/?s={search_term_string}"},"query-input":{"@type":"PropertyValueSpecification","valueRequired":true,"valueName":"search_term_string"}}],"inLanguage":"fi"}]}},"_links":{"self":[{"href":"https:\/\/sites.uef.fi\/vaikuttavuuden-talo\/wp-json\/wp\/v2\/pages\/8998","targetHints":{"allow":["GET"]}}],"collection":[{"href":"https:\/\/sites.uef.fi\/vaikuttavuuden-talo\/wp-json\/wp\/v2\/pages"}],"about":[{"href":"https:\/\/sites.uef.fi\/vaikuttavuuden-talo\/wp-json\/wp\/v2\/types\/page"}],"author":[{"embeddable":true,"href":"https:\/\/sites.uef.fi\/vaikuttavuuden-talo\/wp-json\/wp\/v2\/users\/44"}],"replies":[{"embeddable":true,"href":"https:\/\/sites.uef.fi\/vaikuttavuuden-talo\/wp-json\/wp\/v2\/comments?post=8998"}],"version-history":[{"count":2,"href":"https:\/\/sites.uef.fi\/vaikuttavuuden-talo\/wp-json\/wp\/v2\/pages\/8998\/revisions"}],"predecessor-version":[{"id":11566,"href":"https:\/\/sites.uef.fi\/vaikuttavuuden-talo\/wp-json\/wp\/v2\/pages\/8998\/revisions\/11566"}],"wp:attachment":[{"href":"https:\/\/sites.uef.fi\/vaikuttavuuden-talo\/wp-json\/wp\/v2\/media?parent=8998"}],"curies":[{"name":"wp","href":"https:\/\/api.w.org\/{rel}","templated":true}]}}