{"id":9810,"date":"2024-05-20T08:21:10","date_gmt":"2024-05-20T06:21:10","guid":{"rendered":"https:\/\/sites.uef.fi\/vaikuttavuuden-talo\/?page_id=9810"},"modified":"2024-09-26T15:16:55","modified_gmt":"2024-09-26T13:16:55","slug":"ohjelma-2024","status":"publish","type":"page","link":"https:\/\/sites.uef.fi\/vaikuttavuuden-talo\/ohjelma-2024\/","title":{"rendered":"Ohjelma 2024"},"content":{"rendered":"\n<h2 class=\"wp-block-heading\">Vaikuttavuuden tutkimuksen p\u00e4ivien ohjelma<\/h2>\n\n\n\n<p><strong>Seuraa Vaikuttavuuden tutkimuksen p\u00e4ivi\u00e4 LinkedIn:ss\u00e4: UEF\/ Vaikuttavuuden talo (House of Effectiveness), k\u00e4yt\u00e4 tunnisteita #VTpaivat2024, #vaikuttavuus, #effectiveness<\/strong><\/p>\n\n\n\n<h3 class=\"wp-block-heading\">Maanantai 7.10.<\/h3>\n\n\n\n<h4 class=\"wp-block-heading\">Prekonferenssi: Systemaattiset kirjallisuuskatsaukset -ty\u00f6paja<\/h4>\n\n\n\n<p><strong>Aika: 16.30\u201318.30&nbsp;<\/strong><\/p>\n\n\n\n<p><strong>Paikka: It\u00e4-Suomen yliopisto, Kuopion kampus, Medistudia MS300<\/strong><\/p>\n\n\n\n<p>Ty\u00f6pajassa keskustellaan systemaattisten katsausten yleisist\u00e4 haasteista tutkimusn\u00e4yt\u00f6n hy\u00f6dynt\u00e4j\u00e4n, suositusten laatijan ja katsausten laatijan n\u00e4k\u00f6kulmista. Aiheista kuullaan ensin alustukset <a href=\"https:\/\/www.duodecim.fi\/\" target=\"_blank\" rel=\"noreferrer noopener\">Suomalainen l\u00e4\u00e4k\u00e4riseura Duodecimin<\/a>, <a href=\"https:\/\/hotus.fi\/\" target=\"_blank\" rel=\"noreferrer noopener\">Hoitoty\u00f6n tutkimuss\u00e4\u00e4ti\u00f6n<\/a> ja <a href=\"https:\/\/summaryx.eu\/\" target=\"_blank\" rel=\"noreferrer noopener\">Summaryx Oy:n<\/a> edustajilta, jonka j\u00e4lkeen pohditaan professori <a href=\"https:\/\/profiles.ucl.ac.uk\/48801-james-thomas\" target=\"_blank\" rel=\"noreferrer noopener\">James Thomasin<\/a> (University College London, UK) johdolla sit\u00e4, mik\u00e4 on keino\u00e4lyn rooli systemaattisten katsausten tekemisess\u00e4. Lopuksi ty\u00f6pajassa j\u00e4rjestet\u00e4\u00e4n paneelikeskustelu systemaattisten katsausten tarpeista, tavoitteista sek\u00e4 ratkaisuista havaittuihin haasteisiin.&nbsp;&nbsp;<\/p>\n\n\n\n<p>Ty\u00f6pajassa on luvassa innostavia puheenvuoroja ja keskusteluja sek\u00e4 alan kotimaisilta ett\u00e4 kansainv\u00e4lisilt\u00e4 huipuilta. Tilaisuuteen toivotetaan tervetulleiksi kaikki aiheesta kiinnostuneet tutkijat, kehitt\u00e4j\u00e4t sek\u00e4 sosiaali- ja terveydenhuollon ja HYTE:n ammattilaiset.&nbsp;&nbsp;&nbsp;<\/p>\n\n\n\n<p><strong>Ty\u00f6pajan ohjelma:<\/strong>&nbsp;<\/p>\n\n\n\n<p>16:30\u201317:00 Kahvi-\/teetarjoilu&nbsp;&amp; pient\u00e4 purtavaa<\/p>\n\n\n\n<p>17:00\u201317:30 Yleisi\u00e4 haasteita systemaattisten katsausten kanssa tutkimusn\u00e4yt\u00f6n hy\u00f6dynt\u00e4j\u00e4n, suositusten laatijan ja katsausten laatijan n\u00e4k\u00f6kulmista&nbsp;<\/p>\n\n\n\n<ol start=\"1\" class=\"wp-block-list\">\n<li>Duodecim (10 min)&nbsp;<\/li>\n\n\n\n<li>Hotus (10 min)<\/li>\n\n\n\n<li>Summaryx (10 min)<\/li>\n<\/ol>\n\n\n\n<p>17:30\u201318:00&nbsp;\u201cWhat AI can do for you now to help\/ease\/speed up evidence synthesis and what we might expect down the line\u201d&nbsp;, Professori <strong>James Thomas<\/strong>, University College London (et\u00e4n\u00e4)&nbsp;<\/p>\n\n\n\n<p>18:00\u201318:30 Paneelikeskustelu (Duodecim, Hotus, Summaryx): Systemaattisten katsausten tarpeet ja tavoitteet sek\u00e4 mahdollisia ratkaisuja havaittuihin haasteisiin&nbsp;<\/p>\n\n\n\n<h3 class=\"wp-block-heading\">Tiistai 8.10.<\/h3>\n\n\n\n<p><strong>9.00<strong><strong><strong>\u2013<\/strong><\/strong><\/strong>9.30<\/strong> <strong>Ilmoittautuminen ja aamukahvit<\/strong> (Mediteknia)<\/p>\n\n\n\n<p><strong>9.30<strong><strong><strong>\u2013<\/strong><\/strong><\/strong>9.50<\/strong>&nbsp;<strong>Vaikuttavuuden tutkimuksen p\u00e4ivien avaaminen<\/strong>, rehtori <strong>Jukka M\u00f6nkk\u00f6nen<\/strong>, UEF (MD100)<\/p>\n\n\n\n<p><strong>9.50<strong><strong><strong>\u2013<\/strong><\/strong><\/strong>10.50<\/strong>&nbsp;<strong>PLENARY &#8221;Bridging Divides: Pathways towards Integrated Health Services&#8221;<\/strong>, professori <strong>Axel Kaehne<\/strong>, Edge Hill University, UK (MD100)<\/p>\n\n\n\n<p><strong>10.50<strong><strong><strong>\u2013<\/strong><\/strong><\/strong>11.00&nbsp;Tauko<\/strong><\/p>\n\n\n\n<p><strong>11.00<strong><strong><strong>\u2013<\/strong><\/strong><\/strong>12.00&nbsp;PLENARY &#8221;Vaikuttavuustiedon tuottaminen uudistuvassa sote-ymp\u00e4rist\u00f6ss\u00e4&#8221;, <\/strong>ty\u00f6el\u00e4m\u00e4professori ja johtava tutkija <strong>Minna Kivipelto<\/strong>, Jyv\u00e4skyl\u00e4n yliopisto, THL&nbsp;(MD100) &nbsp;<\/p>\n\n\n\n<p><strong>12.00<strong><strong><strong>\u2013<\/strong><\/strong><\/strong>13.30 Lounastauko&nbsp;<\/strong><\/p>\n\n\n\n<p><strong>13.30<strong><strong><strong>\u2013<\/strong><\/strong><\/strong>15.00&nbsp;TEMAATTISET RINNAKKAISSESSIOT<\/strong> (Medistudia)<\/p>\n\n\n\n<p><a href=\"https:\/\/sites.uef.fi\/vaikuttavuuden-talo\/abstraktikirja-2024\/\">SESSIO 1: Alueellisia tutkimus- ja kehitt\u00e4mishankkeita<\/a>, pj: Tuuli Suomela, UEF (MS300)&nbsp;<\/p>\n\n\n\n<ul class=\"wp-block-list\">\n<li>Rakenteellisen vammaissosiaality\u00f6n tietoperusta ja -k\u00e4yt\u00e4nn\u00f6t hyvinvointialueilla, Merja Tarvainen, UEF&nbsp;<\/li>\n\n\n\n<li>Digi-HTA-arvioinnit osaksi hyvinvointialueiden vaikuttavuusperusteisia hankintaprosesseja, Jari Haverinen, FinCCHTA &amp; Oulun yliopisto&nbsp;<\/li>\n\n\n\n<li>Alueellisen elintapaohjauksen reaaliaikainen vaikutusten mittaaminen tiiviiss\u00e4 ammattikorkeakouluyhteisty\u00f6ss\u00e4, Mira H\u00e4yrinen, Kaakkois-Suomen ammattikorkeakoulu ja Maija Laukniemi, Etel\u00e4-Savon hyvinvointialue&nbsp;<\/li>\n\n\n\n<li>Kustannusty\u00f6kalun k\u00e4ytt\u00f6\u00f6notto ja vaikuttavuustiedon hy\u00f6dynt\u00e4misen vahvistaminen ik\u00e4\u00e4ntyneiden asiakasohjauksessa, Paula Andreasen, Kest\u00e4v\u00e4t- ja vaikuttavat sote-palvelut P\u00e4ij\u00e4t-H\u00e4meess\u00e4 -hanke&nbsp;<\/li>\n<\/ul>\n\n\n\n<p><a href=\"https:\/\/sites.uef.fi\/vaikuttavuuden-talo\/abstraktikirja-2024\/\">SESSIO 2: Potilaiden osallisuus tutkimushankkeissa &#8211; hy\u00f6tyj\u00e4 ja vaikuttavuutta?<\/a>, pj: Emma Aarnio, UEF (MS301)&nbsp;&nbsp;<\/p>\n\n\n\n<ul class=\"wp-block-list\">\n<li>Potilaat tutkimuskumppaneina vaikuttavuutta vahvistamassa, Salla Sipari ja Nea V\u00e4nsk\u00e4, Metropolia AMK&nbsp;<\/li>\n\n\n\n<li>HUS potilastutkimusraadin hy\u00f6dyt tutkijan n\u00e4k\u00f6kulmasta, Kirsi Kvarnstr\u00f6m, HUS Apteekki&nbsp;<\/li>\n\n\n\n<li>iCAN potilas- ja kansalaisvaikuttamisen neuvottelukunta, Anna-Liisa Valkama ja Tomi M\u00e4kel\u00e4&nbsp;<\/li>\n\n\n\n<li>Potilasj\u00e4senen merkitys UEF L\u00e4\u00e4kepolitiikan tutkimusryhm\u00e4n j\u00e4senen\u00e4, Aimo Str\u00f6mberg ja Katri H\u00e4meen-Anttila&nbsp;<\/li>\n<\/ul>\n\n\n\n<p><strong>15.00<strong><strong><strong>\u2013<\/strong><\/strong><\/strong>16.00 Kahvitauko, <a href=\"https:\/\/sites.uef.fi\/vaikuttavuuden-talo\/abstraktikirja-2024\/#posterit24\">posterisessio<\/a><\/strong> (Medistudia)<\/p>\n\n\n\n<p><strong>16.00<strong><strong><strong>\u2013<\/strong><\/strong><\/strong>17.30 TEMAATTISET RINNAKKAISSESSIOT<\/strong> (Medistudia)<\/p>\n\n\n\n<p><a href=\"https:\/\/sites.uef.fi\/vaikuttavuuden-talo\/abstraktikirja-2024\/\">SESSIO 3: Sosiaali- ja terveyspalveluiden vaikuttavuus<\/a>, pj: Virva Hyttinen-Huotari, UEF (MS300)&nbsp;<\/p>\n\n\n\n<ul class=\"wp-block-list\">\n<li>Turvapaikanhakijoiden, vastaanottokeskushoitajien ja viranomaisten n\u00e4k\u00f6kulmia alkuterveystarkastuksen tavoitteesta, Katri-Leena Mustonen, UEF &amp; THL&nbsp;<\/li>\n\n\n\n<li>Tiimimallin vaikutus hoitotasapainoon ja palveluiden k\u00e4ytt\u00f6\u00f6n tyypin 2 diabetesta sairastavilla, Marja-Leena Lamidi, UEF &amp; Pohjois-Karjalan hyvinvointialue (Siunsote)&nbsp;<\/li>\n\n\n\n<li>Trends of body mass index and its impact on glycemic control among Finnish patients with type 2 diabetes, Zhiting Wang, UEF<\/li>\n\n\n\n<li>Vuorovaikutustaitojen vaikuttavuus lapsi- ja perhesosiaality\u00f6ss\u00e4, Elina Aaltio, Kaisa Pasanen ja Maija J\u00e4ppinen, Helsingin yliopisto&nbsp;<\/li>\n<\/ul>\n\n\n\n<p><a href=\"https:\/\/sites.uef.fi\/vaikuttavuuden-talo\/abstraktikirja-2024\/\">SESSIO 4: Vaikuttavuustiedon integroiminen osaksi tiedolla johtamisen k\u00e4yt\u00e4nt\u00f6j\u00e4 hyvinvointialueella<\/a>, pj: Tomi M\u00e4ki-Opas, UEF &amp; PSHVA&nbsp;(MS301)&nbsp;<\/p>\n\n\n\n<ul class=\"wp-block-list\">\n<li>Digitaaliset sovellukset mielenterveyden edist\u00e4misen vaikuttavuuden parantamiseksi, Tomi M\u00e4ki-Opas, UEF &amp; PSHVA&nbsp;<\/li>\n\n\n\n<li>RWD-pohjainen vertaiskehitt\u00e4minen vaikuttavuusperustaisen toiminnan kehitt\u00e4misen tukena, Janne Martikainen, UEF&nbsp;<\/li>\n\n\n\n<li>Suppilokuvaajat tiedolla johtamisen ty\u00f6kaluna tyypin 2 diabeteksen lis\u00e4sairauksien ehk\u00e4isyss\u00e4, Piia Lavikainen, UEF&nbsp;<\/li>\n\n\n\n<li>Hyvinvointialueen toiminnan vaikuttavuuden arviointi: PROMS-kysely aikuisille, arviointiylil\u00e4\u00e4k\u00e4ri, Kati Kinnunen, PSHVA&nbsp;<\/li>\n\n\n\n<li>Vaikuttavuustiedolla johtaminen: katsaus HYPE:n osahankkeisiin ja niiden tuottamien tietojen sek\u00e4 kokemuksien hy\u00f6dynt\u00e4minen Pohjois-Savon hyvinvointialueella, arviointiylil\u00e4\u00e4k\u00e4ri, Kati Kinnunen, PSHVA&nbsp;<\/li>\n<\/ul>\n\n\n\n<p><strong>18.00<strong><strong><strong><strong><strong>\u2013<\/strong><\/strong><\/strong><\/strong><\/strong>21.00 Illallinen<\/strong><\/p>\n\n\n\n<h3 class=\"wp-block-heading\">Keskiviikko 9.10.<\/h3>\n\n\n\n<p><strong>8.50<strong><strong><strong>\u2013<\/strong><\/strong><\/strong>9.20 Aamukahvi <\/strong>(Mediteknia)<\/p>\n\n\n\n<p><strong>9.20<strong><strong><strong>\u2013<\/strong><\/strong><\/strong>10.20&nbsp;PLENARY &#8221;Otsikko ilmoitetaan my\u00f6hemmin&#8221;, Dr Jos\u00e9-Luis Fern\u00e1ndez<\/strong>, The London School of Economics and Political Science, UK (MD100)<\/p>\n\n\n\n<p><strong>10.20<strong><strong><strong>\u2013<\/strong><\/strong><\/strong>10.30 Tauko<\/strong><\/p>\n\n\n\n<p><strong>10.30<strong><strong><strong>\u2013<\/strong><\/strong><\/strong>11.30 <strong>PLENARY &#8221;Palveluintegraation horisontit \u2013 tieteellisyytt\u00e4, kokemuksellisuutta vai k\u00e4yt\u00e4nn\u00f6llisyytt\u00e4<\/strong><\/strong>,<strong><strong> <\/strong><\/strong>dosentti <strong><strong>Hanna Tiirinki<\/strong><\/strong>, Onnettomuustutkintakeskus (OTKES)\/Turun yliopisto (MD100)&nbsp;<\/p>\n\n\n\n<p><strong>11.30<strong><strong><strong>\u2013<\/strong><\/strong><\/strong>12.30&nbsp;Lounastauko&nbsp;<\/strong><\/p>\n\n\n\n<p><strong>12.30<strong><strong><strong>\u2013<\/strong><\/strong><\/strong>14.00&nbsp;TEMAATTISET RINNAKKAISESSIOT<\/strong> (Medistudia)<\/p>\n\n\n\n<p><a href=\"https:\/\/sites.uef.fi\/vaikuttavuuden-talo\/abstraktikirja-2024\/\">SESSIO 5: Implementointitutkimus<\/a>, pj: Mervi Rantsi, UEF (MS300)&nbsp;<\/p>\n\n\n\n<ul class=\"wp-block-list\">\n<li>Hei me uudistutaan, mutta kuuleeko kukaan? &#8211; Nuorten masennukseen k\u00e4ytett\u00e4v\u00e4n vuorovaikutusohjannan (IPC-N) implementointi kouluihin ty\u00f6ntekij\u00e4n n\u00e4k\u00f6kulmasta, Emma Salusj\u00e4rvi, THL &amp; Helsingin yliopisto&nbsp;<\/li>\n\n\n\n<li>Potilaan p\u00e4rj\u00e4\u00e4misen tunne -mittarin k\u00e4ytt\u00f6 potilaspalautteena terveyskeskusl\u00e4\u00e4k\u00e4rin vastaanotolla \u2013 huomioita implementointiin, Ida Tiihonen, Tampereen yliopisto &amp; Keski-Suomen hyvinvointialue&nbsp;<\/li>\n\n\n\n<li>\u201dTowards sustainable implementation of Adolescent Interpersonal Counseling in Finland\u201d -v\u00e4it\u00f6skirjatutkimuksen esittely, Sara Tani, Helsingin yliopisto&nbsp;<\/li>\n<\/ul>\n\n\n\n<p><a href=\"https:\/\/sites.uef.fi\/vaikuttavuuden-talo\/abstraktikirja-2024\/\">SESSIO 6: N\u00e4ytt\u00f6\u00f6n perustuva toiminta ja lains\u00e4\u00e4d\u00e4nt\u00f6<\/a>, pj: Terhi Auvinen, UEF (MS301)&nbsp;<\/p>\n\n\n\n<ul class=\"wp-block-list\">\n<li>Sosiaalihuollon asiantuntijoiden n\u00e4kemyksi\u00e4 tutkimusn\u00e4yt\u00f6n viemisest\u00e4 k\u00e4yt\u00e4nt\u00f6\u00f6n, Maria Tapola-Haapala, Sosiaalialan osaamiskeskus Verso, P\u00e4ij\u00e4t-H\u00e4meen hyvinvointialue&nbsp;<\/li>\n\n\n\n<li>Taloudellinen tieto osaksi HOTUS-hoitosuosituksia\u00ae, Vilma Westersund, FinCCHTA<\/li>\n\n\n\n<li>Mitk\u00e4 tekij\u00e4t selitt\u00e4v\u00e4t tiedon tuottamista lainvalmistelussa?, Anssi Kein\u00e4nen ja Niko Vartiainen, UEF&nbsp;&nbsp;<\/li>\n<\/ul>\n\n\n\n<p><a href=\"https:\/\/sites.uef.fi\/vaikuttavuuden-talo\/abstraktikirja-2024\/\">SESSIO 7: J\u00e4rjestelm\u00e4llinen katsaus ja kartoittava katsaus: kysymyksenasettelu ja k\u00e4ytt\u00f6kohteet sosiaali- ja terveydenhuollossa \u2013 ty\u00f6paja<\/a>, vet\u00e4j\u00e4t Virpi Jylh\u00e4, PSHVA &amp; Kristiina Heikkil\u00e4, Hotus&nbsp;(MS302)&nbsp;<\/p>\n\n\n\n<ul class=\"wp-block-list\">\n<li>J\u00e4rjestelm\u00e4llisen katsaukset ja kartoittava katsaus: menetelm\u00e4 ja sovelluskohteet&nbsp;<\/li>\n\n\n\n<li>Miten laadin j\u00e4rjestelm\u00e4llisen katsauksen ja kartoittavan katsauksen kysymyksen? PICO, PICo, CocoPop, PEO ja PCC-viitekehysten k\u00e4yt\u00e4nn\u00f6n harjoittelu pienryhmiss\u00e4&nbsp;<\/li>\n\n\n\n<li>Kansainv\u00e4liset menetelm\u00e4ohjeistukset ja verkostot&nbsp;<\/li>\n<\/ul>\n\n\n\n<p><strong>14.00<strong><strong><strong>\u2013<\/strong><\/strong><\/strong>14.30 Kahvitauko<\/strong> (Mediteknia)<\/p>\n\n\n\n<p><strong>14.30<strong><strong><strong>\u2013<\/strong><\/strong><\/strong>15.30 PANEELIKESKUSTELU: Hyvinvointialueiden integraation k\u00e4yt\u00e4nn\u00f6n vaikutukset ja haasteet sek\u00e4 vaikuttavuustutkimuksen rooli<\/strong>, keskustelijoina <strong>Marena Paahto<\/strong>, Sosiaalihuollon johtaja, Keski-Suomen hyvinvointialue, <strong>Kati Kinnunen<\/strong>, Arviointiylil\u00e4\u00e4k\u00e4ri, Pohjois-Savon hyvinvointialue, <strong>Tanja Tilles-Tirkkonen<\/strong>, Hyvinvointikoordinaattori, Kuopion kaupunki, <strong>Vesa-Pekka Tervo<\/strong>, Pelastuslaitosten kumppanuusverkoston kehitt\u00e4misp\u00e4\u00e4llikk\u00f6, Hyvil Oy\u00a0(MD100)<\/p>\n\n\n\n<p><strong>15.30<strong><strong><strong>\u2013<\/strong><\/strong><\/strong>15.45  Yhteenveto tutkimusp\u00e4ivist\u00e4 ja kutsu vuoden 2025 Vaikuttavuuden tutkimuksen p\u00e4iville<\/strong>, professori <strong>Tomi M\u00e4ki-Opas<\/strong>, Vaikuttavuuden talo, UEF&nbsp;(MD100)<\/p>\n","protected":false},"excerpt":{"rendered":"<p>Vaikuttavuuden tutkimuksen p\u00e4ivien ohjelma Seuraa Vaikuttavuuden tutkimuksen p\u00e4ivi\u00e4 LinkedIn:ss\u00e4: UEF\/ Vaikuttavuuden talo (House of Effectiveness), k\u00e4yt\u00e4 tunnisteita #VTpaivat2024, #vaikuttavuus, #effectiveness Maanantai 7.10. Prekonferenssi: Systemaattiset kirjallisuuskatsaukset -ty\u00f6paja Aika: 16.30\u201318.30&nbsp; Paikka: It\u00e4-Suomen yliopisto, Kuopion kampus, Medistudia MS300 Ty\u00f6pajassa keskustellaan systemaattisten katsausten yleisist\u00e4 haasteista tutkimusn\u00e4yt\u00f6n hy\u00f6dynt\u00e4j\u00e4n, suositusten laatijan ja katsausten laatijan n\u00e4k\u00f6kulmista. Aiheista kuullaan ensin alustukset Suomalainen l\u00e4\u00e4k\u00e4riseura [&hellip;]<\/p>\n","protected":false},"author":44,"featured_media":0,"parent":0,"menu_order":0,"comment_status":"closed","ping_status":"closed","template":"","meta":{"_acf_changed":false,"_monsterinsights_skip_tracking":false,"_monsterinsights_sitenote_active":false,"_monsterinsights_sitenote_note":"","_monsterinsights_sitenote_category":0,"footnotes":""},"class_list":["post-9810","page","type-page","status-publish","hentry"],"acf":[],"yoast_head":"<!-- This site is optimized with the Yoast SEO plugin v27.1.1 - https:\/\/yoast.com\/product\/yoast-seo-wordpress\/ -->\n<title>Ohjelma 2024 - Vaikuttavuuden talo<\/title>\n<meta name=\"robots\" content=\"index, follow, max-snippet:-1, max-image-preview:large, max-video-preview:-1\" \/>\n<link rel=\"canonical\" href=\"https:\/\/sites.uef.fi\/vaikuttavuuden-talo\/ohjelma-2024\/\" \/>\n<meta property=\"og:locale\" content=\"fi_FI\" \/>\n<meta property=\"og:type\" content=\"article\" \/>\n<meta property=\"og:title\" content=\"Ohjelma 2024 - Vaikuttavuuden talo\" \/>\n<meta property=\"og:description\" content=\"Vaikuttavuuden tutkimuksen p\u00e4ivien ohjelma Seuraa Vaikuttavuuden tutkimuksen p\u00e4ivi\u00e4 LinkedIn:ss\u00e4: UEF\/ Vaikuttavuuden talo (House of Effectiveness), k\u00e4yt\u00e4 tunnisteita #VTpaivat2024, #vaikuttavuus, #effectiveness Maanantai 7.10. Prekonferenssi: Systemaattiset kirjallisuuskatsaukset -ty\u00f6paja Aika: 16.30\u201318.30&nbsp; Paikka: It\u00e4-Suomen yliopisto, Kuopion kampus, Medistudia MS300 Ty\u00f6pajassa keskustellaan systemaattisten katsausten yleisist\u00e4 haasteista tutkimusn\u00e4yt\u00f6n hy\u00f6dynt\u00e4j\u00e4n, suositusten laatijan ja katsausten laatijan n\u00e4k\u00f6kulmista. Aiheista kuullaan ensin alustukset Suomalainen l\u00e4\u00e4k\u00e4riseura [&hellip;]\" \/>\n<meta property=\"og:url\" content=\"https:\/\/sites.uef.fi\/vaikuttavuuden-talo\/ohjelma-2024\/\" \/>\n<meta property=\"og:site_name\" content=\"Vaikuttavuuden talo\" \/>\n<meta property=\"article:modified_time\" content=\"2024-09-26T13:16:55+00:00\" \/>\n<meta name=\"twitter:card\" content=\"summary_large_image\" \/>\n<meta name=\"twitter:label1\" content=\"Arvioitu lukuaika\" \/>\n\t<meta name=\"twitter:data1\" content=\"5 minuuttia\" \/>\n<script type=\"application\/ld+json\" class=\"yoast-schema-graph\">{\"@context\":\"https:\/\/schema.org\",\"@graph\":[{\"@type\":\"WebPage\",\"@id\":\"https:\/\/sites.uef.fi\/vaikuttavuuden-talo\/ohjelma-2024\/\",\"url\":\"https:\/\/sites.uef.fi\/vaikuttavuuden-talo\/ohjelma-2024\/\",\"name\":\"Ohjelma 2024 - Vaikuttavuuden talo\",\"isPartOf\":{\"@id\":\"https:\/\/sites.uef.fi\/vaikuttavuuden-talo\/#website\"},\"datePublished\":\"2024-05-20T06:21:10+00:00\",\"dateModified\":\"2024-09-26T13:16:55+00:00\",\"breadcrumb\":{\"@id\":\"https:\/\/sites.uef.fi\/vaikuttavuuden-talo\/ohjelma-2024\/#breadcrumb\"},\"inLanguage\":\"fi\",\"potentialAction\":[{\"@type\":\"ReadAction\",\"target\":[\"https:\/\/sites.uef.fi\/vaikuttavuuden-talo\/ohjelma-2024\/\"]}]},{\"@type\":\"BreadcrumbList\",\"@id\":\"https:\/\/sites.uef.fi\/vaikuttavuuden-talo\/ohjelma-2024\/#breadcrumb\",\"itemListElement\":[{\"@type\":\"ListItem\",\"position\":1,\"name\":\"Home\",\"item\":\"https:\/\/sites.uef.fi\/vaikuttavuuden-talo\/\"},{\"@type\":\"ListItem\",\"position\":2,\"name\":\"Ohjelma 2024\"}]},{\"@type\":\"WebSite\",\"@id\":\"https:\/\/sites.uef.fi\/vaikuttavuuden-talo\/#website\",\"url\":\"https:\/\/sites.uef.fi\/vaikuttavuuden-talo\/\",\"name\":\"Vaikuttavuuden talo\",\"description\":\"\",\"potentialAction\":[{\"@type\":\"SearchAction\",\"target\":{\"@type\":\"EntryPoint\",\"urlTemplate\":\"https:\/\/sites.uef.fi\/vaikuttavuuden-talo\/?s={search_term_string}\"},\"query-input\":{\"@type\":\"PropertyValueSpecification\",\"valueRequired\":true,\"valueName\":\"search_term_string\"}}],\"inLanguage\":\"fi\"}]}<\/script>\n<!-- \/ Yoast SEO plugin. -->","yoast_head_json":{"title":"Ohjelma 2024 - Vaikuttavuuden talo","robots":{"index":"index","follow":"follow","max-snippet":"max-snippet:-1","max-image-preview":"max-image-preview:large","max-video-preview":"max-video-preview:-1"},"canonical":"https:\/\/sites.uef.fi\/vaikuttavuuden-talo\/ohjelma-2024\/","og_locale":"fi_FI","og_type":"article","og_title":"Ohjelma 2024 - Vaikuttavuuden talo","og_description":"Vaikuttavuuden tutkimuksen p\u00e4ivien ohjelma Seuraa Vaikuttavuuden tutkimuksen p\u00e4ivi\u00e4 LinkedIn:ss\u00e4: UEF\/ Vaikuttavuuden talo (House of Effectiveness), k\u00e4yt\u00e4 tunnisteita #VTpaivat2024, #vaikuttavuus, #effectiveness Maanantai 7.10. Prekonferenssi: Systemaattiset kirjallisuuskatsaukset -ty\u00f6paja Aika: 16.30\u201318.30&nbsp; Paikka: It\u00e4-Suomen yliopisto, Kuopion kampus, Medistudia MS300 Ty\u00f6pajassa keskustellaan systemaattisten katsausten yleisist\u00e4 haasteista tutkimusn\u00e4yt\u00f6n hy\u00f6dynt\u00e4j\u00e4n, suositusten laatijan ja katsausten laatijan n\u00e4k\u00f6kulmista. Aiheista kuullaan ensin alustukset Suomalainen l\u00e4\u00e4k\u00e4riseura [&hellip;]","og_url":"https:\/\/sites.uef.fi\/vaikuttavuuden-talo\/ohjelma-2024\/","og_site_name":"Vaikuttavuuden talo","article_modified_time":"2024-09-26T13:16:55+00:00","twitter_card":"summary_large_image","twitter_misc":{"Arvioitu lukuaika":"5 minuuttia"},"schema":{"@context":"https:\/\/schema.org","@graph":[{"@type":"WebPage","@id":"https:\/\/sites.uef.fi\/vaikuttavuuden-talo\/ohjelma-2024\/","url":"https:\/\/sites.uef.fi\/vaikuttavuuden-talo\/ohjelma-2024\/","name":"Ohjelma 2024 - Vaikuttavuuden talo","isPartOf":{"@id":"https:\/\/sites.uef.fi\/vaikuttavuuden-talo\/#website"},"datePublished":"2024-05-20T06:21:10+00:00","dateModified":"2024-09-26T13:16:55+00:00","breadcrumb":{"@id":"https:\/\/sites.uef.fi\/vaikuttavuuden-talo\/ohjelma-2024\/#breadcrumb"},"inLanguage":"fi","potentialAction":[{"@type":"ReadAction","target":["https:\/\/sites.uef.fi\/vaikuttavuuden-talo\/ohjelma-2024\/"]}]},{"@type":"BreadcrumbList","@id":"https:\/\/sites.uef.fi\/vaikuttavuuden-talo\/ohjelma-2024\/#breadcrumb","itemListElement":[{"@type":"ListItem","position":1,"name":"Home","item":"https:\/\/sites.uef.fi\/vaikuttavuuden-talo\/"},{"@type":"ListItem","position":2,"name":"Ohjelma 2024"}]},{"@type":"WebSite","@id":"https:\/\/sites.uef.fi\/vaikuttavuuden-talo\/#website","url":"https:\/\/sites.uef.fi\/vaikuttavuuden-talo\/","name":"Vaikuttavuuden talo","description":"","potentialAction":[{"@type":"SearchAction","target":{"@type":"EntryPoint","urlTemplate":"https:\/\/sites.uef.fi\/vaikuttavuuden-talo\/?s={search_term_string}"},"query-input":{"@type":"PropertyValueSpecification","valueRequired":true,"valueName":"search_term_string"}}],"inLanguage":"fi"}]}},"_links":{"self":[{"href":"https:\/\/sites.uef.fi\/vaikuttavuuden-talo\/wp-json\/wp\/v2\/pages\/9810","targetHints":{"allow":["GET"]}}],"collection":[{"href":"https:\/\/sites.uef.fi\/vaikuttavuuden-talo\/wp-json\/wp\/v2\/pages"}],"about":[{"href":"https:\/\/sites.uef.fi\/vaikuttavuuden-talo\/wp-json\/wp\/v2\/types\/page"}],"author":[{"embeddable":true,"href":"https:\/\/sites.uef.fi\/vaikuttavuuden-talo\/wp-json\/wp\/v2\/users\/44"}],"replies":[{"embeddable":true,"href":"https:\/\/sites.uef.fi\/vaikuttavuuden-talo\/wp-json\/wp\/v2\/comments?post=9810"}],"version-history":[{"count":2,"href":"https:\/\/sites.uef.fi\/vaikuttavuuden-talo\/wp-json\/wp\/v2\/pages\/9810\/revisions"}],"predecessor-version":[{"id":11009,"href":"https:\/\/sites.uef.fi\/vaikuttavuuden-talo\/wp-json\/wp\/v2\/pages\/9810\/revisions\/11009"}],"wp:attachment":[{"href":"https:\/\/sites.uef.fi\/vaikuttavuuden-talo\/wp-json\/wp\/v2\/media?parent=9810"}],"curies":[{"name":"wp","href":"https:\/\/api.w.org\/{rel}","templated":true}]}}