{"id":99,"date":"2020-04-30T08:58:50","date_gmt":"2020-04-30T06:58:50","guid":{"rendered":"https:\/\/sites.uef.fi\/vaikuttavuuden-talo\/?page_id=99"},"modified":"2025-05-27T09:58:53","modified_gmt":"2025-05-27T07:58:53","slug":"yhteystiedot","status":"publish","type":"page","link":"https:\/\/sites.uef.fi\/vaikuttavuuden-talo\/yhteystiedot\/","title":{"rendered":"Yhteystiedot"},"content":{"rendered":"\n<p>Vaikuttavuuden talo on hyvinvointiin ja terveyteen liittyv\u00e4n vaikuttavuuden tutkimuksen ja koulutuksen monitieteinen yhteisty\u00f6verkosto It\u00e4-Suomen yliopistossa. Verkosto toimii yliopiston Kuopion ja Joensuun kampuksilla.<\/p>\n\n\n\n<div class=\"person-card\">\n        <h2>Yhdyshenkil\u00f6t<\/h2>\n    \n                    <a href=\"https:\/\/uefconnect.uef.fi\/henkilo\/tomi.maki-opas\/\" class=\"person-card-link hover-scale-down\">\n                            <div class=\"person-card-item\">\n                    <div class=\"person-card-column-left\">\n                                                    <img decoding=\"async\" class=\"person-card-image\" src=\"https:\/\/sites.uef.fi\/vaikuttavuuden-talo\/wp-content\/uploads\/sites\/28\/2023\/11\/Tomi_Maki-Opas.jpg\" alt=\"Tomi M\u00e4ki-Opas.\" \/>\n                                            <\/div>\n\n                    <div class=\"person-card-column-right\">\n                                                <p class=\"person-card-name\">Tomi M\u00e4ki-Opas<\/p>\n                        \n                                                <p class=\"person-card-position\">Professori<\/p>\n                        \n                                                <p class=\"person-card-organisation\">It\u00e4-Suomen yliopisto<\/p>\n                        \n                                                <p class=\"person-card-text\">tomi.maki-opas@uef.fi, 050 323 4020\r\n<\/p>\n                        \n                                                    <div>\n\t\t\t\t\t\t\t<svg xmlns=\"http:\/\/www.w3.org\/2000\/svg\" height=\"25px\" viewBox=\"0 -960 960 960\" width=\"24px\" ><path fill=\"currentColor\" d=\"M200-120q-33 0-56.5-23.5T120-200v-560q0-33 23.5-56.5T200-840h280v80H200v560h560v-280h80v280q0 33-23.5 56.5T760-120H200Zm188-212-56-56 372-372H560v-80h280v280h-80v-144L388-332Z\"\/><\/svg>\t\t\t\t\t\t\t<\/div>\n                                            <\/div>\n                <\/div>\n                            <\/a>\n                                        <a href=\"https:\/\/uefconnect.uef.fi\/henkilo\/anne-maria.surakka\/\" class=\"person-card-link hover-scale-down\">\n                            <div class=\"person-card-item\">\n                    <div class=\"person-card-column-left\">\n                                                    <img decoding=\"async\" class=\"person-card-image\" src=\"https:\/\/sites.uef.fi\/vaikuttavuuden-talo\/wp-content\/uploads\/sites\/28\/2024\/01\/Anne_Surakka.jpg\" alt=\"Anne Surakka.\" \/>\n                                            <\/div>\n\n                    <div class=\"person-card-column-right\">\n                                                <p class=\"person-card-name\">Anne Surakka<\/p>\n                        \n                                                <p class=\"person-card-position\">Projektip\u00e4\u00e4llikk\u00f6, koordinaattori<\/p>\n                        \n                                                <p class=\"person-card-organisation\">It\u00e4-Suomen yliopisto<\/p>\n                        \n                                                <p class=\"person-card-text\">anne.surakka@uef.fi, 050 529 2553<\/p>\n                        \n                                                    <div>\n\t\t\t\t\t\t\t<svg xmlns=\"http:\/\/www.w3.org\/2000\/svg\" height=\"25px\" viewBox=\"0 -960 960 960\" width=\"24px\" ><path fill=\"currentColor\" d=\"M200-120q-33 0-56.5-23.5T120-200v-560q0-33 23.5-56.5T200-840h280v80H200v560h560v-280h80v280q0 33-23.5 56.5T760-120H200Zm188-212-56-56 372-372H560v-80h280v280h-80v-144L388-332Z\"\/><\/svg>\t\t\t\t\t\t\t<\/div>\n                                            <\/div>\n                <\/div>\n                            <\/a>\n                            <\/div>\n\n\n\n<div class=\"person-card\">\n        <h2>Vastuuprofessorit<\/h2>\n    \n                    <a href=\"https:\/\/uefconnect.uef.fi\/henkilo\/janne.martikainen\/\" class=\"person-card-link hover-scale-down\">\n                            <div class=\"person-card-item\">\n                    <div class=\"person-card-column-left\">\n                                                    <img decoding=\"async\" class=\"person-card-image\" src=\"https:\/\/sites.uef.fi\/vaikuttavuuden-talo\/wp-content\/uploads\/sites\/28\/2023\/11\/Janne_Martikainen.jpg\" alt=\"Janne Martikainen\" \/>\n                                            <\/div>\n\n                    <div class=\"person-card-column-right\">\n                                                <p class=\"person-card-name\">Janne Martikainen<\/p>\n                        \n                                                <p class=\"person-card-position\">Professori, farmasian laitos<\/p>\n                        \n                                                <p class=\"person-card-organisation\">It\u00e4-Suomen yliopisto<\/p>\n                        \n                                                <p class=\"person-card-text\">janne.martikainen@uef.fi<\/p>\n                        \n                                                    <div>\n\t\t\t\t\t\t\t<svg xmlns=\"http:\/\/www.w3.org\/2000\/svg\" height=\"25px\" viewBox=\"0 -960 960 960\" width=\"24px\" ><path fill=\"currentColor\" d=\"M200-120q-33 0-56.5-23.5T120-200v-560q0-33 23.5-56.5T200-840h280v80H200v560h560v-280h80v280q0 33-23.5 56.5T760-120H200Zm188-212-56-56 372-372H560v-80h280v280h-80v-144L388-332Z\"\/><\/svg>\t\t\t\t\t\t\t<\/div>\n                                            <\/div>\n                <\/div>\n                            <\/a>\n                                        <a href=\"https:\/\/uefconnect.uef.fi\/henkilo\/ismo.linnosmaa\/\" class=\"person-card-link hover-scale-down\">\n                            <div class=\"person-card-item\">\n                    <div class=\"person-card-column-left\">\n                                                    <img decoding=\"async\" class=\"person-card-image\" src=\"https:\/\/sites.uef.fi\/vaikuttavuuden-talo\/wp-content\/uploads\/sites\/28\/2023\/11\/Ismo_Linnosmaa.jpg\" alt=\"Ismo Linnosmaa\" \/>\n                                            <\/div>\n\n                    <div class=\"person-card-column-right\">\n                                                <p class=\"person-card-name\">Ismo Linnosmaa<\/p>\n                        \n                                                <p class=\"person-card-position\">Professori, sosiaali- ja terveysjohtamisen laitos<\/p>\n                        \n                                                <p class=\"person-card-organisation\">It\u00e4-Suomen yliopisto<\/p>\n                        \n                                                <p class=\"person-card-text\">ismo.linnosmaa@uef.fi<\/p>\n                        \n                                                    <div>\n\t\t\t\t\t\t\t<svg xmlns=\"http:\/\/www.w3.org\/2000\/svg\" height=\"25px\" viewBox=\"0 -960 960 960\" width=\"24px\" ><path fill=\"currentColor\" d=\"M200-120q-33 0-56.5-23.5T120-200v-560q0-33 23.5-56.5T200-840h280v80H200v560h560v-280h80v280q0 33-23.5 56.5T760-120H200Zm188-212-56-56 372-372H560v-80h280v280h-80v-144L388-332Z\"\/><\/svg>\t\t\t\t\t\t\t<\/div>\n                                            <\/div>\n                <\/div>\n                            <\/a>\n                            <\/div>\n\n\n\t<div id=\"accordion-block_86197461dc39f70f159ea0a797de13c6\" class=\"accordions\">\n\t\t\t\t\t<div class=\"accordion accordion-js\">\n\t\t\t\t<button class=\"accordion__button\" aria-controls=\"content-169\" aria-expanded=\"false\" id=\"accordion-control-169\">\n\t\t\t\t\t<h3 class=\"accordion__heading\" >\n\t\t\t\t\t\tOhjausryhm\u00e4\t\t\t\t\t<\/h3>\n\t\t\t\t<\/button>\n\t\t\t\t<div class=\"accordion__content\" role=\"region\" aria-labelledby=\"accordion-control-169\" aria-hidden=\"true\" id=\"content-169\">\n\t\t\t\t\t<h4>Puheenjohtajat<\/h4>\n<p>Puheenjohtaja, Jussi Pihlajam\u00e4ki, professori, vararehtori, terveystieteiden tiedekunta, It\u00e4-Suomen yliopisto<\/p>\n<p>Varapuheenjohtaja, Sari Rissanen, dekaani, yhteiskuntatieteiden ja kauppatieteiden tiedekunta, It\u00e4-Suomen yliopisto<\/p>\n<h4>J\u00e4senet<\/h4>\n<p>Tarja Kauppila, johtaja, It\u00e4-Suomen sosiaalialan osaamiskeskus<br \/>\nKati Kinnunen, arviointiylil\u00e4\u00e4k\u00e4ri, Pohjois-Savon hyvinvointialue<br \/>\nPetri Kivinen, hallintoylil\u00e4\u00e4k\u00e4ri, Siun sote<br \/>\nMinna Kivipelto, johtava tutkija, Terveyden ja hyvinvoinnin laitos \/ ty\u00f6el\u00e4m\u00e4professori, Jyv\u00e4skyl\u00e4n yliopisto<br \/>\nPetra Kokko, neuvotteleva virkamies, Sosiaali- ja terveysministeri\u00f6<br \/>\nJussi Lampi, strategiajohtaja, Pohjois-Savon hyvinvointialue<br \/>\nSointu M\u00f6ller, johtaja, Keski-Suomen sosiaalialan osaamiskeskus<br \/>\nMerja M\u00e4kisalo-Ropponen, aluevaltuuston puheenjohtaja, Siun sote<br \/>\nKari Ojala, aluevaltuutettu, Pohjois-Savon hyvinvointialue<br \/>\nAapo Tahkola, vaikuttavuusylil\u00e4\u00e4k\u00e4ri, Keski-Suomen hyvinvointialue<br \/>\nMari Teittinen, hankejohtaja, Etel\u00e4-Savon hyvinvointialue<\/p>\n\t\t\t\t<\/div>\n\t\t\t<\/div>\n\t\t\t<\/div>\n\t\n\n\n<h3 class=\"wp-block-heading\">Tutkijat ja tutkimusryhm\u00e4t<\/h3>\n\n\n\n<p id=\"yui_patched_v3_11_0_1_1588232254601_699\">Vaikuttavuuden talon It\u00e4-Suomen yliopiston tutkijoista ja tutkimusryhmist\u00e4 l\u00f6yd\u00e4t lis\u00e4tietoa <a href=\"https:\/\/uefconnect.uef.fi\/\" target=\"_blank\" rel=\"noopener noreferrer\">UEF Connect -asiantuntijahakupalvelusta<\/a> hakusanalla \u201dvaikuttavuus\u201d.<\/p>\n","protected":false},"excerpt":{"rendered":"<p>Vaikuttavuuden talo on hyvinvointiin ja terveyteen liittyv\u00e4n vaikuttavuuden tutkimuksen ja koulutuksen monitieteinen yhteisty\u00f6verkosto It\u00e4-Suomen yliopistossa. Verkosto toimii yliopiston Kuopion ja Joensuun kampuksilla. Tutkijat ja tutkimusryhm\u00e4t Vaikuttavuuden talon It\u00e4-Suomen yliopiston tutkijoista ja tutkimusryhmist\u00e4 l\u00f6yd\u00e4t lis\u00e4tietoa UEF Connect -asiantuntijahakupalvelusta hakusanalla \u201dvaikuttavuus\u201d.<\/p>\n","protected":false},"author":44,"featured_media":0,"parent":0,"menu_order":0,"comment_status":"closed","ping_status":"closed","template":"","meta":{"_acf_changed":false,"_monsterinsights_skip_tracking":false,"_monsterinsights_sitenote_active":false,"_monsterinsights_sitenote_note":"","_monsterinsights_sitenote_category":0,"footnotes":""},"class_list":["post-99","page","type-page","status-publish","hentry"],"acf":[],"yoast_head":"<!-- This site is optimized with the Yoast SEO plugin v27.1.1 - https:\/\/yoast.com\/product\/yoast-seo-wordpress\/ -->\n<title>Yhteystiedot - Vaikuttavuuden talo<\/title>\n<meta name=\"robots\" content=\"index, follow, max-snippet:-1, max-image-preview:large, max-video-preview:-1\" \/>\n<link rel=\"canonical\" href=\"https:\/\/sites.uef.fi\/vaikuttavuuden-talo\/yhteystiedot\/\" \/>\n<meta property=\"og:locale\" content=\"fi_FI\" \/>\n<meta property=\"og:type\" content=\"article\" \/>\n<meta property=\"og:title\" content=\"Yhteystiedot - Vaikuttavuuden talo\" \/>\n<meta property=\"og:description\" content=\"Vaikuttavuuden talo on hyvinvointiin ja terveyteen liittyv\u00e4n vaikuttavuuden tutkimuksen ja koulutuksen monitieteinen yhteisty\u00f6verkosto It\u00e4-Suomen yliopistossa. Verkosto toimii yliopiston Kuopion ja Joensuun kampuksilla. Tutkijat ja tutkimusryhm\u00e4t Vaikuttavuuden talon It\u00e4-Suomen yliopiston tutkijoista ja tutkimusryhmist\u00e4 l\u00f6yd\u00e4t lis\u00e4tietoa UEF Connect -asiantuntijahakupalvelusta hakusanalla \u201dvaikuttavuus\u201d.\" \/>\n<meta property=\"og:url\" content=\"https:\/\/sites.uef.fi\/vaikuttavuuden-talo\/yhteystiedot\/\" \/>\n<meta property=\"og:site_name\" content=\"Vaikuttavuuden talo\" \/>\n<meta property=\"article:modified_time\" content=\"2025-05-27T07:58:53+00:00\" \/>\n<meta name=\"twitter:card\" content=\"summary_large_image\" \/>\n<meta name=\"twitter:label1\" content=\"Arvioitu lukuaika\" \/>\n\t<meta name=\"twitter:data1\" content=\"1 minuutti\" \/>\n<script type=\"application\/ld+json\" class=\"yoast-schema-graph\">{\"@context\":\"https:\/\/schema.org\",\"@graph\":[{\"@type\":\"WebPage\",\"@id\":\"https:\/\/sites.uef.fi\/vaikuttavuuden-talo\/yhteystiedot\/\",\"url\":\"https:\/\/sites.uef.fi\/vaikuttavuuden-talo\/yhteystiedot\/\",\"name\":\"Yhteystiedot - Vaikuttavuuden talo\",\"isPartOf\":{\"@id\":\"https:\/\/sites.uef.fi\/vaikuttavuuden-talo\/#website\"},\"datePublished\":\"2020-04-30T06:58:50+00:00\",\"dateModified\":\"2025-05-27T07:58:53+00:00\",\"breadcrumb\":{\"@id\":\"https:\/\/sites.uef.fi\/vaikuttavuuden-talo\/yhteystiedot\/#breadcrumb\"},\"inLanguage\":\"fi\",\"potentialAction\":[{\"@type\":\"ReadAction\",\"target\":[\"https:\/\/sites.uef.fi\/vaikuttavuuden-talo\/yhteystiedot\/\"]}]},{\"@type\":\"BreadcrumbList\",\"@id\":\"https:\/\/sites.uef.fi\/vaikuttavuuden-talo\/yhteystiedot\/#breadcrumb\",\"itemListElement\":[{\"@type\":\"ListItem\",\"position\":1,\"name\":\"Home\",\"item\":\"https:\/\/sites.uef.fi\/vaikuttavuuden-talo\/\"},{\"@type\":\"ListItem\",\"position\":2,\"name\":\"Yhteystiedot\"}]},{\"@type\":\"WebSite\",\"@id\":\"https:\/\/sites.uef.fi\/vaikuttavuuden-talo\/#website\",\"url\":\"https:\/\/sites.uef.fi\/vaikuttavuuden-talo\/\",\"name\":\"Vaikuttavuuden talo\",\"description\":\"\",\"potentialAction\":[{\"@type\":\"SearchAction\",\"target\":{\"@type\":\"EntryPoint\",\"urlTemplate\":\"https:\/\/sites.uef.fi\/vaikuttavuuden-talo\/?s={search_term_string}\"},\"query-input\":{\"@type\":\"PropertyValueSpecification\",\"valueRequired\":true,\"valueName\":\"search_term_string\"}}],\"inLanguage\":\"fi\"}]}<\/script>\n<!-- \/ Yoast SEO plugin. -->","yoast_head_json":{"title":"Yhteystiedot - Vaikuttavuuden talo","robots":{"index":"index","follow":"follow","max-snippet":"max-snippet:-1","max-image-preview":"max-image-preview:large","max-video-preview":"max-video-preview:-1"},"canonical":"https:\/\/sites.uef.fi\/vaikuttavuuden-talo\/yhteystiedot\/","og_locale":"fi_FI","og_type":"article","og_title":"Yhteystiedot - Vaikuttavuuden talo","og_description":"Vaikuttavuuden talo on hyvinvointiin ja terveyteen liittyv\u00e4n vaikuttavuuden tutkimuksen ja koulutuksen monitieteinen yhteisty\u00f6verkosto It\u00e4-Suomen yliopistossa. Verkosto toimii yliopiston Kuopion ja Joensuun kampuksilla. Tutkijat ja tutkimusryhm\u00e4t Vaikuttavuuden talon It\u00e4-Suomen yliopiston tutkijoista ja tutkimusryhmist\u00e4 l\u00f6yd\u00e4t lis\u00e4tietoa UEF Connect -asiantuntijahakupalvelusta hakusanalla \u201dvaikuttavuus\u201d.","og_url":"https:\/\/sites.uef.fi\/vaikuttavuuden-talo\/yhteystiedot\/","og_site_name":"Vaikuttavuuden talo","article_modified_time":"2025-05-27T07:58:53+00:00","twitter_card":"summary_large_image","twitter_misc":{"Arvioitu lukuaika":"1 minuutti"},"schema":{"@context":"https:\/\/schema.org","@graph":[{"@type":"WebPage","@id":"https:\/\/sites.uef.fi\/vaikuttavuuden-talo\/yhteystiedot\/","url":"https:\/\/sites.uef.fi\/vaikuttavuuden-talo\/yhteystiedot\/","name":"Yhteystiedot - Vaikuttavuuden talo","isPartOf":{"@id":"https:\/\/sites.uef.fi\/vaikuttavuuden-talo\/#website"},"datePublished":"2020-04-30T06:58:50+00:00","dateModified":"2025-05-27T07:58:53+00:00","breadcrumb":{"@id":"https:\/\/sites.uef.fi\/vaikuttavuuden-talo\/yhteystiedot\/#breadcrumb"},"inLanguage":"fi","potentialAction":[{"@type":"ReadAction","target":["https:\/\/sites.uef.fi\/vaikuttavuuden-talo\/yhteystiedot\/"]}]},{"@type":"BreadcrumbList","@id":"https:\/\/sites.uef.fi\/vaikuttavuuden-talo\/yhteystiedot\/#breadcrumb","itemListElement":[{"@type":"ListItem","position":1,"name":"Home","item":"https:\/\/sites.uef.fi\/vaikuttavuuden-talo\/"},{"@type":"ListItem","position":2,"name":"Yhteystiedot"}]},{"@type":"WebSite","@id":"https:\/\/sites.uef.fi\/vaikuttavuuden-talo\/#website","url":"https:\/\/sites.uef.fi\/vaikuttavuuden-talo\/","name":"Vaikuttavuuden talo","description":"","potentialAction":[{"@type":"SearchAction","target":{"@type":"EntryPoint","urlTemplate":"https:\/\/sites.uef.fi\/vaikuttavuuden-talo\/?s={search_term_string}"},"query-input":{"@type":"PropertyValueSpecification","valueRequired":true,"valueName":"search_term_string"}}],"inLanguage":"fi"}]}},"_links":{"self":[{"href":"https:\/\/sites.uef.fi\/vaikuttavuuden-talo\/wp-json\/wp\/v2\/pages\/99","targetHints":{"allow":["GET"]}}],"collection":[{"href":"https:\/\/sites.uef.fi\/vaikuttavuuden-talo\/wp-json\/wp\/v2\/pages"}],"about":[{"href":"https:\/\/sites.uef.fi\/vaikuttavuuden-talo\/wp-json\/wp\/v2\/types\/page"}],"author":[{"embeddable":true,"href":"https:\/\/sites.uef.fi\/vaikuttavuuden-talo\/wp-json\/wp\/v2\/users\/44"}],"replies":[{"embeddable":true,"href":"https:\/\/sites.uef.fi\/vaikuttavuuden-talo\/wp-json\/wp\/v2\/comments?post=99"}],"version-history":[{"count":1,"href":"https:\/\/sites.uef.fi\/vaikuttavuuden-talo\/wp-json\/wp\/v2\/pages\/99\/revisions"}],"predecessor-version":[{"id":11812,"href":"https:\/\/sites.uef.fi\/vaikuttavuuden-talo\/wp-json\/wp\/v2\/pages\/99\/revisions\/11812"}],"wp:attachment":[{"href":"https:\/\/sites.uef.fi\/vaikuttavuuden-talo\/wp-json\/wp\/v2\/media?parent=99"}],"curies":[{"name":"wp","href":"https:\/\/api.w.org\/{rel}","templated":true}]}}