{"id":9993,"date":"2024-04-16T10:26:34","date_gmt":"2024-04-16T08:26:34","guid":{"rendered":"https:\/\/sites.uef.fi\/vaikuttavuuden-talo\/?page_id=9993"},"modified":"2024-06-19T14:01:05","modified_gmt":"2024-06-19T12:01:05","slug":"speakers-2024","status":"publish","type":"page","link":"https:\/\/sites.uef.fi\/vaikuttavuuden-talo\/speakers-2024\/?lang=en","title":{"rendered":"Speakers 2024"},"content":{"rendered":"\n<div class=\"person-card\">\n        <h2>Plenary speakers of the year are Axel Kaehne, Minna Kivipelto, Jos\u00e9 Luis Fern\u00e1ndez and Hanna Tiirinki<\/h2>\n    \n                    <div class=\"person-card-item\">\n                    <div class=\"person-card-column-left\">\n                                                    <img decoding=\"async\" class=\"person-card-image\" src=\"https:\/\/sites.uef.fi\/vaikuttavuuden-talo\/wp-content\/uploads\/sites\/28\/2024\/06\/EHU878-AxelKaehne003-e1718798321849.jpg\" alt=\"Axel Kaehne.\" \/>\n                                            <\/div>\n\n                    <div class=\"person-card-column-right\">\n                                                <p class=\"person-card-name\">Axel Kaehne<\/p>\n                        \n                                                <p class=\"person-card-position\">Professor<\/p>\n                        \n                                                <p class=\"person-card-organisation\">Edge Hill University, UK<\/p>\n                        \n                                                <p class=\"person-card-text\">PhD Axel Kaehne was born in Berlin (Germany) and educated at Free University and Humboldt University. He subsequently studied at Aberdeen University and the University of Wales. He settled in South Wales in 1996 and currently lives in Liverpool. He is Professor of Health Services Research at Edge Hill University Medical School and Editor-in-Chief of the Journal of Integrated Care and the Journal of Health Organization and Management. Axel is also a member of the Advisory Panel of the Leadership Observatory NHS England and a member of the Bevan Funding Committee of Health Service Delivery Research at the National Institute for Health Research (NIHR).<\/p>\n                        \n                                            <\/div>\n                <\/div>\n                                        <div class=\"person-card-item\">\n                    <div class=\"person-card-column-left\">\n                                                    <img decoding=\"async\" class=\"person-card-image\" src=\"https:\/\/sites.uef.fi\/vaikuttavuuden-talo\/wp-content\/uploads\/sites\/28\/2024\/04\/Kuva_Kivipelto._2.pg_.jpg\" alt=\"Minna Kivipelto.\" \/>\n                                            <\/div>\n\n                    <div class=\"person-card-column-right\">\n                                                <p class=\"person-card-name\">Minna Kivipelto<\/p>\n                        \n                                                <p class=\"person-card-position\">Professor of Practice, Chief Researcher <\/p>\n                        \n                                                <p class=\"person-card-organisation\">University of Jyv\u00e4skyl\u00e4, THL (National Institute for Health and Welfare)   <\/p>\n                        \n                                                <p class=\"person-card-text\">Minna Kivipelto on ty\u00f6el\u00e4m\u00e4professori Jyv\u00e4skyl\u00e4n yliopistossa ja johtava tutkija Terveyden ja hyvinvoinnin laitoksella. H\u00e4n on tutkinut sosiaality\u00f6n vaikuttavuutta, sosiaaliturvaa ja ollut mukana kehitt\u00e4m\u00e4ss\u00e4 aikuissosiaality\u00f6n vaikuttavuuden arviointimittaria (AVAIN). H\u00e4n on kiinnostunut siit\u00e4, miten vaikuttavuustietoa voidaan hy\u00f6dynt\u00e4\u00e4 hyvinvointialueilla palvelujen kehitt\u00e4misess\u00e4 ja johtamisessa. Kivipelto on European Social Services (ESN) Social Services Index (SSI) ty\u00f6ryhm\u00e4n j\u00e4sen, jossa tehd\u00e4\u00e4n vuosittain maakohtaiset, sosiaaliturvaa koskevat suositukset Euroopan komissiolle.<\/p>\n                        \n                                            <\/div>\n                <\/div>\n                                        <div class=\"person-card-item\">\n                    <div class=\"person-card-column-left\">\n                                                    <img decoding=\"async\" class=\"person-card-image\" src=\"https:\/\/sites.uef.fi\/vaikuttavuuden-talo\/wp-content\/uploads\/sites\/28\/2024\/05\/Jose_Luis_Fernandez-e1716292273733.jpg\" alt=\"Jos\u00e9 Luis Fern\u00e1ndez.\" \/>\n                                            <\/div>\n\n                    <div class=\"person-card-column-right\">\n                                                <p class=\"person-card-name\">Jos\u00e9 Luis Fern\u00e1ndez<\/p>\n                        \n                                                <p class=\"person-card-position\">Dr, Associate Professorial Research Fellow<\/p>\n                        \n                                                <p class=\"person-card-organisation\">London School of Economics and Political Science (LSE), UK<\/p>\n                        \n                                                <p class=\"person-card-text\">Dr. Jos\u00e9 Luis Fern\u00e1ndez is a prominent researcher and academic affiliated with the London School of Economics and Political Science (LSE). He holds the position of Associate Professorial Research Fellow and serves as the Director of the Care Policy and Evaluation Centre (CPEC) at LSE. Additionally, he is the Director of the NIHR Policy Research Unit in Adult Social Care (ASCRU).\u2028\u2028 Dr. Fern\u00e1ndez&#8217;s research expertise lies in the fields of health and social care economics, with a particular focus on long-term care, ageing-related policies, and the integration of health and social care systems. He has extensively studied and evaluated funding systems and service productivities in these areas. His work often involves economic evaluation and the use of simulation modeling to analyze the impacts of various policies and practices.\u2028\u2028 In 2010, Dr. Fern\u00e1ndez co-founded the International Long-term Care Policy Network (ILPN), which aims to foster collaboration between academics and policymakers in the field of long-term care. His influence extends beyond academia, having advised key organizations such as the English Department of Health and Social Care, the UK Treasury, the European Commission, and the World Health Organization. \u2028\u2028Throughout his career, Dr. Fern\u00e1ndez has contributed to numerous high-profile reviews and policy inquiries, including serving as a specialist adviser to the House of Commons Health Select Committee\u2019s Inquiry on social care. His work is widely recognized for its impact on shaping policies and improving the understanding of care systems both in the UK and internationally.<\/p>\n                        \n                                            <\/div>\n                <\/div>\n                                        <div class=\"person-card-item\">\n                    <div class=\"person-card-column-left\">\n                                                    <img decoding=\"async\" class=\"person-card-image\" src=\"https:\/\/sites.uef.fi\/vaikuttavuuden-talo\/wp-content\/uploads\/sites\/28\/2024\/04\/Hanna-Tiirinki-e1713177605259.jpg\" alt=\"Hanna Tiirinki.\" \/>\n                                            <\/div>\n\n                    <div class=\"person-card-column-right\">\n                                                <p class=\"person-card-name\">Hanna Tiirinki<\/p>\n                        \n                                                <p class=\"person-card-position\">Adjunct Professor, Chief Researcher<\/p>\n                        \n                                                <p class=\"person-card-organisation\">Safety Investigation Authority, Finland (OTKES), University of Turku  <\/p>\n                        \n                                                <p class=\"person-card-text\">Hanna Tiirinki on terveystieteiden tohtori ja hyvinvointipalveluj\u00e4rjestelm\u00e4n dosentti. H\u00e4n ty\u00f6skentelee sosiaali- ja terveydenhuollon turvallisuustutkinnan johtavana tutkijana Onnettomuustutkintakeskuksessa (OTKES) sek\u00e4 ty\u00f6el\u00e4m\u00e4professorina Turun yliopiston sosiaalitieteiden laitoksella. H\u00e4nell\u00e4 on pitk\u00e4 kokemus sosiaali- ja terveydenhuollon palveluj\u00e4rjestelm\u00e4n k\u00e4yt\u00e4nn\u00f6n kehitt\u00e4misest\u00e4 ja arvioinnista sek\u00e4 alan tieteellisest\u00e4 tutkimuksesta painottuen palveluj\u00e4rjestelm\u00e4n integraatioon, asiakasl\u00e4ht\u00f6isyyteen, laatuun sek\u00e4 asiakas- ja potilasturvallisuuteen. Erityisen kiinnostuksen kohteen ovat palveluj\u00e4rjestelm\u00e4n erityisominaisuudet, johtaminen, toimintamallit sek\u00e4 turvallisuuspoikkeamista oppiminen.<\/p>\n                        \n                                            <\/div>\n                <\/div>\n                            <\/div>\n","protected":false},"excerpt":{"rendered":"","protected":false},"author":44,"featured_media":0,"parent":0,"menu_order":0,"comment_status":"closed","ping_status":"closed","template":"","meta":{"_acf_changed":false,"_monsterinsights_skip_tracking":false,"_monsterinsights_sitenote_active":false,"_monsterinsights_sitenote_note":"","_monsterinsights_sitenote_category":0,"footnotes":""},"class_list":["post-9993","page","type-page","status-publish","hentry"],"acf":[],"yoast_head":"<!-- This site is optimized with the Yoast SEO plugin v27.1.1 - https:\/\/yoast.com\/product\/yoast-seo-wordpress\/ -->\n<title>Speakers 2024 - Vaikuttavuuden talo<\/title>\n<meta name=\"robots\" content=\"index, follow, max-snippet:-1, max-image-preview:large, max-video-preview:-1\" \/>\n<link rel=\"canonical\" href=\"https:\/\/sites.uef.fi\/vaikuttavuuden-talo\/speakers-2024\/?lang=en\" \/>\n<meta property=\"og:locale\" content=\"fi_FI\" \/>\n<meta property=\"og:type\" content=\"article\" \/>\n<meta property=\"og:title\" content=\"Speakers 2024 - Vaikuttavuuden talo\" \/>\n<meta property=\"og:url\" content=\"https:\/\/sites.uef.fi\/vaikuttavuuden-talo\/speakers-2024\/?lang=en\" \/>\n<meta property=\"og:site_name\" content=\"Vaikuttavuuden talo\" \/>\n<meta property=\"article:modified_time\" content=\"2024-06-19T12:01:05+00:00\" \/>\n<meta name=\"twitter:card\" content=\"summary_large_image\" \/>\n<script type=\"application\/ld+json\" class=\"yoast-schema-graph\">{\"@context\":\"https:\/\/schema.org\",\"@graph\":[{\"@type\":\"WebPage\",\"@id\":\"https:\/\/sites.uef.fi\/vaikuttavuuden-talo\/speakers-2024\/?lang=en\",\"url\":\"https:\/\/sites.uef.fi\/vaikuttavuuden-talo\/speakers-2024\/?lang=en\",\"name\":\"Speakers 2024 - Vaikuttavuuden talo\",\"isPartOf\":{\"@id\":\"https:\/\/sites.uef.fi\/vaikuttavuuden-talo\/#website\"},\"datePublished\":\"2024-04-16T08:26:34+00:00\",\"dateModified\":\"2024-06-19T12:01:05+00:00\",\"breadcrumb\":{\"@id\":\"https:\/\/sites.uef.fi\/vaikuttavuuden-talo\/speakers-2024\/?lang=en#breadcrumb\"},\"inLanguage\":\"fi\",\"potentialAction\":[{\"@type\":\"ReadAction\",\"target\":[\"https:\/\/sites.uef.fi\/vaikuttavuuden-talo\/speakers-2024\/?lang=en\"]}]},{\"@type\":\"BreadcrumbList\",\"@id\":\"https:\/\/sites.uef.fi\/vaikuttavuuden-talo\/speakers-2024\/?lang=en#breadcrumb\",\"itemListElement\":[{\"@type\":\"ListItem\",\"position\":1,\"name\":\"Home\",\"item\":\"https:\/\/sites.uef.fi\/vaikuttavuuden-talo\/\"},{\"@type\":\"ListItem\",\"position\":2,\"name\":\"Speakers 2024\"}]},{\"@type\":\"WebSite\",\"@id\":\"https:\/\/sites.uef.fi\/vaikuttavuuden-talo\/#website\",\"url\":\"https:\/\/sites.uef.fi\/vaikuttavuuden-talo\/\",\"name\":\"Vaikuttavuuden talo\",\"description\":\"\",\"potentialAction\":[{\"@type\":\"SearchAction\",\"target\":{\"@type\":\"EntryPoint\",\"urlTemplate\":\"https:\/\/sites.uef.fi\/vaikuttavuuden-talo\/?s={search_term_string}\"},\"query-input\":{\"@type\":\"PropertyValueSpecification\",\"valueRequired\":true,\"valueName\":\"search_term_string\"}}],\"inLanguage\":\"fi\"}]}<\/script>\n<!-- \/ Yoast SEO plugin. -->","yoast_head_json":{"title":"Speakers 2024 - Vaikuttavuuden talo","robots":{"index":"index","follow":"follow","max-snippet":"max-snippet:-1","max-image-preview":"max-image-preview:large","max-video-preview":"max-video-preview:-1"},"canonical":"https:\/\/sites.uef.fi\/vaikuttavuuden-talo\/speakers-2024\/?lang=en","og_locale":"fi_FI","og_type":"article","og_title":"Speakers 2024 - Vaikuttavuuden talo","og_url":"https:\/\/sites.uef.fi\/vaikuttavuuden-talo\/speakers-2024\/?lang=en","og_site_name":"Vaikuttavuuden talo","article_modified_time":"2024-06-19T12:01:05+00:00","twitter_card":"summary_large_image","schema":{"@context":"https:\/\/schema.org","@graph":[{"@type":"WebPage","@id":"https:\/\/sites.uef.fi\/vaikuttavuuden-talo\/speakers-2024\/?lang=en","url":"https:\/\/sites.uef.fi\/vaikuttavuuden-talo\/speakers-2024\/?lang=en","name":"Speakers 2024 - Vaikuttavuuden talo","isPartOf":{"@id":"https:\/\/sites.uef.fi\/vaikuttavuuden-talo\/#website"},"datePublished":"2024-04-16T08:26:34+00:00","dateModified":"2024-06-19T12:01:05+00:00","breadcrumb":{"@id":"https:\/\/sites.uef.fi\/vaikuttavuuden-talo\/speakers-2024\/?lang=en#breadcrumb"},"inLanguage":"fi","potentialAction":[{"@type":"ReadAction","target":["https:\/\/sites.uef.fi\/vaikuttavuuden-talo\/speakers-2024\/?lang=en"]}]},{"@type":"BreadcrumbList","@id":"https:\/\/sites.uef.fi\/vaikuttavuuden-talo\/speakers-2024\/?lang=en#breadcrumb","itemListElement":[{"@type":"ListItem","position":1,"name":"Home","item":"https:\/\/sites.uef.fi\/vaikuttavuuden-talo\/"},{"@type":"ListItem","position":2,"name":"Speakers 2024"}]},{"@type":"WebSite","@id":"https:\/\/sites.uef.fi\/vaikuttavuuden-talo\/#website","url":"https:\/\/sites.uef.fi\/vaikuttavuuden-talo\/","name":"Vaikuttavuuden talo","description":"","potentialAction":[{"@type":"SearchAction","target":{"@type":"EntryPoint","urlTemplate":"https:\/\/sites.uef.fi\/vaikuttavuuden-talo\/?s={search_term_string}"},"query-input":{"@type":"PropertyValueSpecification","valueRequired":true,"valueName":"search_term_string"}}],"inLanguage":"fi"}]}},"_links":{"self":[{"href":"https:\/\/sites.uef.fi\/vaikuttavuuden-talo\/wp-json\/wp\/v2\/pages\/9993","targetHints":{"allow":["GET"]}}],"collection":[{"href":"https:\/\/sites.uef.fi\/vaikuttavuuden-talo\/wp-json\/wp\/v2\/pages"}],"about":[{"href":"https:\/\/sites.uef.fi\/vaikuttavuuden-talo\/wp-json\/wp\/v2\/types\/page"}],"author":[{"embeddable":true,"href":"https:\/\/sites.uef.fi\/vaikuttavuuden-talo\/wp-json\/wp\/v2\/users\/44"}],"replies":[{"embeddable":true,"href":"https:\/\/sites.uef.fi\/vaikuttavuuden-talo\/wp-json\/wp\/v2\/comments?post=9993"}],"version-history":[{"count":2,"href":"https:\/\/sites.uef.fi\/vaikuttavuuden-talo\/wp-json\/wp\/v2\/pages\/9993\/revisions"}],"predecessor-version":[{"id":11597,"href":"https:\/\/sites.uef.fi\/vaikuttavuuden-talo\/wp-json\/wp\/v2\/pages\/9993\/revisions\/11597"}],"wp:attachment":[{"href":"https:\/\/sites.uef.fi\/vaikuttavuuden-talo\/wp-json\/wp\/v2\/media?parent=9993"}],"curies":[{"name":"wp","href":"https:\/\/api.w.org\/{rel}","templated":true}]}}