{"id":108,"date":"2026-03-04T14:40:07","date_gmt":"2026-03-04T12:40:07","guid":{"rendered":"https:\/\/sites.uef.fi\/vera-conference-2026\/?page_id=108"},"modified":"2026-04-20T15:40:05","modified_gmt":"2026-04-20T12:40:05","slug":"registration","status":"publish","type":"page","link":"https:\/\/sites.uef.fi\/vera-conference-2026\/registration\/","title":{"rendered":"Registration"},"content":{"rendered":"\n<p>The conference programme is free of charge. The conference includes coffee and light refreshments. We will also arrange a voluntary dinner and get\u2011together on 26 May for a small additional fee that can be paid upon registration.<\/p>\n\n\n\n<p>Please submit your registration by <strong>10 May 2026<\/strong> using <em><span style=\"text-decoration: underline\"><a href=\"https:\/\/registration.contio.fi\/uef\/Registration\/Login?id=10372-T_10372-11929\">this link<\/a><\/span><\/em>. (will open soon!)<\/p>\n\n\n\n<p>Venue for the dinner and get-together is <strong><em>Bear Hall<\/em><\/strong> located upstairs at the <em><a href=\"https:\/\/www.joensuunjaakarhut.fi\/in-english\/\">Winter Swimming Centre Joensuu Polar Bears<\/a>&nbsp;<\/em>Club (Joensuun J\u00e4\u00e4karhut), M\u00e4ntyniementie 1, Joensuu. Before the dinner, there will be an opportunity to enjoy a sauna and take a dip in the lake for a fee of 7.5 euros (the wristband can be purchased on site). As the sauna is unisex, please remember to bring your swimsuit or swim trunks! &#8212; With 3,501 members and 204,200 visits in 2025, the Polar Bears is one of the most popular recreational sites in Joensuu.<\/p>\n\n\n\n<p><\/p>\n\n\n\n<figure class=\"wp-block-image aligncenter size-large is-resized\"><img loading=\"lazy\" decoding=\"async\" width=\"1024\" height=\"576\" src=\"https:\/\/sites.uef.fi\/vera-conference-2026\/wp-content\/uploads\/sites\/578\/2026\/03\/IMG_2905-1024x576.jpeg\" alt=\"\" class=\"wp-image-191\" style=\"width:680px;height:auto\" srcset=\"https:\/\/sites.uef.fi\/vera-conference-2026\/wp-content\/uploads\/sites\/578\/2026\/03\/IMG_2905-1024x576.jpeg 1024w, https:\/\/sites.uef.fi\/vera-conference-2026\/wp-content\/uploads\/sites\/578\/2026\/03\/IMG_2905-300x169.jpeg 300w, https:\/\/sites.uef.fi\/vera-conference-2026\/wp-content\/uploads\/sites\/578\/2026\/03\/IMG_2905-768x432.jpeg 768w, https:\/\/sites.uef.fi\/vera-conference-2026\/wp-content\/uploads\/sites\/578\/2026\/03\/IMG_2905-1536x864.jpeg 1536w, https:\/\/sites.uef.fi\/vera-conference-2026\/wp-content\/uploads\/sites\/578\/2026\/03\/IMG_2905-2048x1152.jpeg 2048w, https:\/\/sites.uef.fi\/vera-conference-2026\/wp-content\/uploads\/sites\/578\/2026\/03\/IMG_2905-992x558.jpeg 992w\" sizes=\"auto, (max-width: 1024px) 100vw, 1024px\" \/><\/figure>\n\n\n\n<p><\/p>\n","protected":false},"excerpt":{"rendered":"<p>The conference programme is free of charge. The conference includes coffee and light refreshments. We will also arrange a voluntary dinner and get\u2011together on 26 May for a small additional fee that can be paid upon registration. Please submit your registration by 10 May 2026 using this link. (will open soon!) Venue for the dinner [&hellip;]<\/p>\n","protected":false},"author":1371,"featured_media":0,"parent":0,"menu_order":0,"comment_status":"closed","ping_status":"closed","template":"","meta":{"_acf_changed":false,"footnotes":""},"class_list":["post-108","page","type-page","status-publish","hentry"],"acf":[],"yoast_head":"<!-- This site is optimized with the Yoast SEO plugin v27.3 - https:\/\/yoast.com\/product\/yoast-seo-wordpress\/ -->\n<title>Registration - VERA Conference 2026: Art, Culture, and Power. Negotiating Creativity, Conflict, and Defiance<\/title>\n<meta name=\"robots\" content=\"index, follow, max-snippet:-1, max-image-preview:large, max-video-preview:-1\" \/>\n<link rel=\"canonical\" href=\"https:\/\/sites.uef.fi\/vera-conference-2026\/registration\/\" \/>\n<meta property=\"og:locale\" content=\"en_US\" \/>\n<meta property=\"og:type\" content=\"article\" \/>\n<meta property=\"og:title\" content=\"Registration - VERA Conference 2026: Art, Culture, and Power. Negotiating Creativity, Conflict, and Defiance\" \/>\n<meta property=\"og:description\" content=\"The conference programme is free of charge. The conference includes coffee and light refreshments. We will also arrange a voluntary dinner and get\u2011together on 26 May for a small additional fee that can be paid upon registration. Please submit your registration by 10 May 2026 using this link. (will open soon!) Venue for the dinner [&hellip;]\" \/>\n<meta property=\"og:url\" content=\"https:\/\/sites.uef.fi\/vera-conference-2026\/registration\/\" \/>\n<meta property=\"og:site_name\" content=\"VERA Conference 2026: Art, Culture, and Power. Negotiating Creativity, Conflict, and Defiance\" \/>\n<meta property=\"article:modified_time\" content=\"2026-04-20T12:40:05+00:00\" \/>\n<meta property=\"og:image\" content=\"https:\/\/sites.uef.fi\/vera-conference-2026\/wp-content\/uploads\/sites\/578\/2026\/03\/IMG_2905.jpeg\" \/>\n\t<meta property=\"og:image:width\" content=\"2365\" \/>\n\t<meta property=\"og:image:height\" content=\"1330\" \/>\n\t<meta property=\"og:image:type\" content=\"image\/jpeg\" \/>\n<meta name=\"twitter:card\" content=\"summary_large_image\" \/>\n<meta name=\"twitter:label1\" content=\"Est. reading time\" \/>\n\t<meta name=\"twitter:data1\" content=\"1 minute\" \/>\n<script type=\"application\/ld+json\" class=\"yoast-schema-graph\">{\"@context\":\"https:\\\/\\\/schema.org\",\"@graph\":[{\"@type\":\"WebPage\",\"@id\":\"https:\\\/\\\/sites.uef.fi\\\/vera-conference-2026\\\/registration\\\/\",\"url\":\"https:\\\/\\\/sites.uef.fi\\\/vera-conference-2026\\\/registration\\\/\",\"name\":\"Registration - VERA Conference 2026: Art, Culture, and Power. Negotiating Creativity, Conflict, and Defiance\",\"isPartOf\":{\"@id\":\"https:\\\/\\\/sites.uef.fi\\\/vera-conference-2026\\\/#website\"},\"primaryImageOfPage\":{\"@id\":\"https:\\\/\\\/sites.uef.fi\\\/vera-conference-2026\\\/registration\\\/#primaryimage\"},\"image\":{\"@id\":\"https:\\\/\\\/sites.uef.fi\\\/vera-conference-2026\\\/registration\\\/#primaryimage\"},\"thumbnailUrl\":\"https:\\\/\\\/sites.uef.fi\\\/vera-conference-2026\\\/wp-content\\\/uploads\\\/sites\\\/578\\\/2026\\\/03\\\/IMG_2905-1024x576.jpeg\",\"datePublished\":\"2026-03-04T12:40:07+00:00\",\"dateModified\":\"2026-04-20T12:40:05+00:00\",\"breadcrumb\":{\"@id\":\"https:\\\/\\\/sites.uef.fi\\\/vera-conference-2026\\\/registration\\\/#breadcrumb\"},\"inLanguage\":\"en-US\",\"potentialAction\":[{\"@type\":\"ReadAction\",\"target\":[\"https:\\\/\\\/sites.uef.fi\\\/vera-conference-2026\\\/registration\\\/\"]}]},{\"@type\":\"ImageObject\",\"inLanguage\":\"en-US\",\"@id\":\"https:\\\/\\\/sites.uef.fi\\\/vera-conference-2026\\\/registration\\\/#primaryimage\",\"url\":\"https:\\\/\\\/sites.uef.fi\\\/vera-conference-2026\\\/wp-content\\\/uploads\\\/sites\\\/578\\\/2026\\\/03\\\/IMG_2905.jpeg\",\"contentUrl\":\"https:\\\/\\\/sites.uef.fi\\\/vera-conference-2026\\\/wp-content\\\/uploads\\\/sites\\\/578\\\/2026\\\/03\\\/IMG_2905.jpeg\",\"width\":2365,\"height\":1330},{\"@type\":\"BreadcrumbList\",\"@id\":\"https:\\\/\\\/sites.uef.fi\\\/vera-conference-2026\\\/registration\\\/#breadcrumb\",\"itemListElement\":[{\"@type\":\"ListItem\",\"position\":1,\"name\":\"Etusivu\",\"item\":\"https:\\\/\\\/sites.uef.fi\\\/vera-conference-2026\\\/\"},{\"@type\":\"ListItem\",\"position\":2,\"name\":\"Registration\"}]},{\"@type\":\"WebSite\",\"@id\":\"https:\\\/\\\/sites.uef.fi\\\/vera-conference-2026\\\/#website\",\"url\":\"https:\\\/\\\/sites.uef.fi\\\/vera-conference-2026\\\/\",\"name\":\"VERA Conference 2026: Art, Culture, and Power. Negotiating Creativity, Conflict, and Defiance\",\"description\":\"\",\"potentialAction\":[{\"@type\":\"SearchAction\",\"target\":{\"@type\":\"EntryPoint\",\"urlTemplate\":\"https:\\\/\\\/sites.uef.fi\\\/vera-conference-2026\\\/?s={search_term_string}\"},\"query-input\":{\"@type\":\"PropertyValueSpecification\",\"valueRequired\":true,\"valueName\":\"search_term_string\"}}],\"inLanguage\":\"en-US\"}]}<\/script>\n<!-- \/ Yoast SEO plugin. -->","yoast_head_json":{"title":"Registration - VERA Conference 2026: Art, Culture, and Power. Negotiating Creativity, Conflict, and Defiance","robots":{"index":"index","follow":"follow","max-snippet":"max-snippet:-1","max-image-preview":"max-image-preview:large","max-video-preview":"max-video-preview:-1"},"canonical":"https:\/\/sites.uef.fi\/vera-conference-2026\/registration\/","og_locale":"en_US","og_type":"article","og_title":"Registration - VERA Conference 2026: Art, Culture, and Power. Negotiating Creativity, Conflict, and Defiance","og_description":"The conference programme is free of charge. The conference includes coffee and light refreshments. We will also arrange a voluntary dinner and get\u2011together on 26 May for a small additional fee that can be paid upon registration. Please submit your registration by 10 May 2026 using this link. (will open soon!) Venue for the dinner [&hellip;]","og_url":"https:\/\/sites.uef.fi\/vera-conference-2026\/registration\/","og_site_name":"VERA Conference 2026: Art, Culture, and Power. Negotiating Creativity, Conflict, and Defiance","article_modified_time":"2026-04-20T12:40:05+00:00","og_image":[{"width":2365,"height":1330,"url":"https:\/\/sites.uef.fi\/vera-conference-2026\/wp-content\/uploads\/sites\/578\/2026\/03\/IMG_2905.jpeg","type":"image\/jpeg"}],"twitter_card":"summary_large_image","twitter_misc":{"Est. reading time":"1 minute"},"schema":{"@context":"https:\/\/schema.org","@graph":[{"@type":"WebPage","@id":"https:\/\/sites.uef.fi\/vera-conference-2026\/registration\/","url":"https:\/\/sites.uef.fi\/vera-conference-2026\/registration\/","name":"Registration - VERA Conference 2026: Art, Culture, and Power. Negotiating Creativity, Conflict, and Defiance","isPartOf":{"@id":"https:\/\/sites.uef.fi\/vera-conference-2026\/#website"},"primaryImageOfPage":{"@id":"https:\/\/sites.uef.fi\/vera-conference-2026\/registration\/#primaryimage"},"image":{"@id":"https:\/\/sites.uef.fi\/vera-conference-2026\/registration\/#primaryimage"},"thumbnailUrl":"https:\/\/sites.uef.fi\/vera-conference-2026\/wp-content\/uploads\/sites\/578\/2026\/03\/IMG_2905-1024x576.jpeg","datePublished":"2026-03-04T12:40:07+00:00","dateModified":"2026-04-20T12:40:05+00:00","breadcrumb":{"@id":"https:\/\/sites.uef.fi\/vera-conference-2026\/registration\/#breadcrumb"},"inLanguage":"en-US","potentialAction":[{"@type":"ReadAction","target":["https:\/\/sites.uef.fi\/vera-conference-2026\/registration\/"]}]},{"@type":"ImageObject","inLanguage":"en-US","@id":"https:\/\/sites.uef.fi\/vera-conference-2026\/registration\/#primaryimage","url":"https:\/\/sites.uef.fi\/vera-conference-2026\/wp-content\/uploads\/sites\/578\/2026\/03\/IMG_2905.jpeg","contentUrl":"https:\/\/sites.uef.fi\/vera-conference-2026\/wp-content\/uploads\/sites\/578\/2026\/03\/IMG_2905.jpeg","width":2365,"height":1330},{"@type":"BreadcrumbList","@id":"https:\/\/sites.uef.fi\/vera-conference-2026\/registration\/#breadcrumb","itemListElement":[{"@type":"ListItem","position":1,"name":"Etusivu","item":"https:\/\/sites.uef.fi\/vera-conference-2026\/"},{"@type":"ListItem","position":2,"name":"Registration"}]},{"@type":"WebSite","@id":"https:\/\/sites.uef.fi\/vera-conference-2026\/#website","url":"https:\/\/sites.uef.fi\/vera-conference-2026\/","name":"VERA Conference 2026: Art, Culture, and Power. Negotiating Creativity, Conflict, and Defiance","description":"","potentialAction":[{"@type":"SearchAction","target":{"@type":"EntryPoint","urlTemplate":"https:\/\/sites.uef.fi\/vera-conference-2026\/?s={search_term_string}"},"query-input":{"@type":"PropertyValueSpecification","valueRequired":true,"valueName":"search_term_string"}}],"inLanguage":"en-US"}]}},"_links":{"self":[{"href":"https:\/\/sites.uef.fi\/vera-conference-2026\/wp-json\/wp\/v2\/pages\/108","targetHints":{"allow":["GET"]}}],"collection":[{"href":"https:\/\/sites.uef.fi\/vera-conference-2026\/wp-json\/wp\/v2\/pages"}],"about":[{"href":"https:\/\/sites.uef.fi\/vera-conference-2026\/wp-json\/wp\/v2\/types\/page"}],"author":[{"embeddable":true,"href":"https:\/\/sites.uef.fi\/vera-conference-2026\/wp-json\/wp\/v2\/users\/1371"}],"replies":[{"embeddable":true,"href":"https:\/\/sites.uef.fi\/vera-conference-2026\/wp-json\/wp\/v2\/comments?post=108"}],"version-history":[{"count":2,"href":"https:\/\/sites.uef.fi\/vera-conference-2026\/wp-json\/wp\/v2\/pages\/108\/revisions"}],"predecessor-version":[{"id":251,"href":"https:\/\/sites.uef.fi\/vera-conference-2026\/wp-json\/wp\/v2\/pages\/108\/revisions\/251"}],"wp:attachment":[{"href":"https:\/\/sites.uef.fi\/vera-conference-2026\/wp-json\/wp\/v2\/media?parent=108"}],"curies":[{"name":"wp","href":"https:\/\/api.w.org\/{rel}","templated":true}]}}