{"id":101,"date":"2020-11-13T12:52:07","date_gmt":"2020-11-13T10:52:07","guid":{"rendered":"https:\/\/sites.uef.fi\/verkko-ja-monimuotopedagogiikka\/?page_id=101"},"modified":"2022-01-19T16:07:23","modified_gmt":"2022-01-19T14:07:23","slug":"ajankohtaista","status":"publish","type":"page","link":"https:\/\/sites.uef.fi\/verkko-ja-monimuotopedagogiikka\/ajankohtaista\/","title":{"rendered":"Ajankohtaista"},"content":{"rendered":"\n<h1 class=\"wp-block-heading\">Ajankohtaista<\/h1>\n\n\n\n<h2 class=\"wp-block-heading\">Avoin webinaarisarja: Pedagogiset min\u00e4t<\/h2>\n\n\n\n<p>Millainen opetuksen kehitt\u00e4j\u00e4 olen? Miten koko yliopistoyhteis\u00f6 voi osallistua opiskelijoitten ohjaukseen? Millaisin eri keinoin voimme tukea oppimista?<\/p>\n\n\n\n<p>N\u00e4it\u00e4 aiheita puntaroidaan It\u00e4-Suomen yliopiston kaikille avoimessa webinaarisarjassa <strong>Pedagogiset min\u00e4t.<\/strong> Tavoitteena on tukea korkeakoulujen henkil\u00f6kuntaa ammatillisessa kehittymisess\u00e4 niin l\u00e4hi- kuin et\u00e4- ja monimuoto-opetuksessa.<\/p>\n\n\n\n<p>Sarja k\u00e4ynnistyi 15.12.2021, kun kuulimme digipedagogiikan kansainv\u00e4lisesti tunnettuja asiantuntijoita. Sean Michael Morris (Digital Pedagogy Lab, University of Colorado Denver), Laura L. Summers (University of Colorado Denver) ja Lucy Rai (The Open University) pohtivat kanssamme koronan aikana tutuksi tullutta hybridiel\u00e4m\u00e4\u00e4. Tapahtuman tallenteet ovat saatavilla<a href=\"https:\/\/sites.uef.fi\/verkko-ja-monimuotopedagogiikka\/koulutukset\/\"> Koulutusten tallenteet<\/a> -osiossa.<\/p>\n\n\n\n<p>Avoimiin webinaareihin ei ennakkoilmoittautumista. Tervetuloa mukaan kaikkiin <a href=\"https:\/\/uef.zoom.us\/j\/64698713478?pwd=bmdwdStiNTZNR0lCRm8xSHJueVQ5Zz09\">t\u00e4st\u00e4 samasta Zoom-linkist\u00e4<\/a>.<\/p>\n\n\n\n<p><strong>Tiistaina 18.1.2022 klo 13.15\u201315 <\/strong>professorit Laura Hirsto ja Erkko Sointu ja yliopistonlehtori Sini Kontkanen It\u00e4-Suomen yliopistosta k\u00e4yv\u00e4t dialogia aiheesta &#8221;Min\u00e4 opetuksen kehitt\u00e4j\u00e4n\u00e4&#8221;.<\/p>\n\n\n\n<p><strong>Perjantaina 25.2.2022 klo 13.15\u201315<\/strong> aiheena on &#8221;Min\u00e4 verkko-opettajan vertaistukena&#8221;. Miten korkeakouluyhteis\u00f6 voi tukea verkko- ja monimuotopedagogiikan kehitt\u00e4mist\u00e4 opettajien vertaisverkoston avulla? Aiheesta alustavat It\u00e4-Suomen yliopiston fasilitaattorit Kati Kasanen, Piia Siitonen, Susanna Kohonen, Vesa Paajanen ja Helena Kantanen.<\/p>\n\n\n\n<p><strong>Torstaina 17.3.2022 klo 13.15\u201315<\/strong> mietit\u00e4\u00e4n teemaa &#8221;Min\u00e4 ohjaajana ja vuorovaikutuksen tukijana&#8221;. Asiantuntijoina kuullaan yliopisto-opettaja P\u00e4ivi Roseniusta ja professori Sanna Vehvil\u00e4ist\u00e4. Aihe on eritt\u00e4in ajankohtainen, sill\u00e4 It\u00e4-Suomen yliopistossa on rakenteilla Kaikki ohjaavat -malli.<\/p>\n\n\n\n<p><strong>Maanantaina 28.3.2022 klo 13.15\u201315<\/strong> syvennyt\u00e4\u00e4n oppimisen tukemiseen. Aiheesta &#8221;Min\u00e4 oppimisen tukijana&#8221; alustavat yliopistonlehtorit Virpi Vellonen, Aino \u00c4ik\u00e4s ja Katariina Waltzer.<\/p>\n\n\n\n<p><strong>Webinaarisarjaan liittyv\u00e4t klinikat It\u00e4-Suomen yliopiston henkil\u00f6st\u00f6lle<\/strong>:<\/p>\n\n\n\n<p>Pedagogiset min\u00e4t -luentosarjaan kytkeytyv\u00e4t lis\u00e4ksi It\u00e4-Suomen yliopiston henkil\u00f6st\u00f6lle tarkoitetut klinikat &#8221;Oppimisen ja osaamisen arviointi&#8221; ja &#8221;Palaute&#8221;. Klinikoille ilmoittaudutaan <a href=\"https:\/\/event.contio.fi\/uef\/calendar\">Kongressi-j\u00e4rjestelm\u00e4ss\u00e4<\/a> (alla linkit ilmoittautumisiin p\u00e4iv\u00e4m\u00e4\u00e4rien kohdilla).<\/p>\n\n\n\n<p><strong>Arviointiklinikoilla<\/strong> <a href=\"https:\/\/event.contio.fi\/uef\/calendar?d=d0InC6j%252fl6o%253d\">15.2.2022<\/a> klo 9-10.30, <a href=\"https:\/\/event.contio.fi\/uef\/calendar?d=EL6iM3IT4Hk%253d\">23.2.2022<\/a> klo 9-10.30 ja <a href=\"https:\/\/event.contio.fi\/uef\/calendar?d=vDB0kWIf4Dg%253d\">1.3.2022<\/a> klo 9-10.30 UEF-fasilitaattorit esittelev\u00e4t oppimisen ja osaamisen arvioinnin parhaita k\u00e4yt\u00e4nteit\u00e4\u00e4n. Et\u00e4n\u00e4 toteutuvilla klinikoilla hy\u00f6dynnet\u00e4\u00e4n Moodle-ymp\u00e4rist\u00f6\u00e4.<\/p>\n\n\n\n<p><strong>Palauteklinikalla<\/strong> <a href=\"https:\/\/event.contio.fi\/uef\/calendar?d=mgbgUPU0MrU%253d\">31.3.2022<\/a> klo 9-11 tai <a href=\"https:\/\/event.contio.fi\/uef\/calendar?d=xEHSOLQ2RQk%253d\">5.4.2022<\/a> klo 13-15 yliopisto-opettaja Iija den Herder ja vanhempi yliopistonlehtori Kati Kasanen alustavat palautteen antamisen kysymyksist\u00e4 ja askarrutuksista ja viritt\u00e4v\u00e4t keskustelua Moodle-ymp\u00e4rist\u00f6n ennakkoaineistojen teemoista. Aihepiirin asiantuntijat professori Sanna Vehvil\u00e4inen,<strong> <\/strong>Assistant Professor Juuso Nieminen<strong> <\/strong>ja tutkija, yliopisto-opettaja Laura Ketonen esittelev\u00e4t Moodlessa lyhyill\u00e4 tallenteilla erilaisia n\u00e4k\u00f6kulmia palautteen antamiseen ja palautek\u00e4yt\u00e4nt\u00f6ihin. Klinikka toteutetaan kahteen kertaan samansis\u00e4lt\u00f6isen\u00e4 (toteutukset I ja II).<\/p>\n\n\n\n<p>Luentosarjan j\u00e4rjest\u00e4v\u00e4t <a href=\"https:\/\/www.uef.fi\/en\/research-community\/learning-in-digitalized-society-digs\">UEF DigS \u2013 Learning in Digitalized Society<\/a> -tutkimusyhteis\u00f6 ja UEF-fasilitaattorit. Tavoitteena on tukea It\u00e4-Suomen yliopiston opetuksen ja oppimisen monitieteist\u00e4, tutkimusperustaista kehitt\u00e4mist\u00e4.<\/p>\n\n\n\n<p>Lis\u00e4tietoja: vanhempi yliopistonlehtori Kati Kasanen, <a href=\"mailto:kati.kasanen@uef.fi\">kati.kasanen@uef.fi<\/a>, puh. +358505731582<\/p>\n\n\n\n<h2 class=\"wp-block-heading\">Fasilitaattoreiden vierailut<\/h2>\n\n\n\n<p>Fasilitaattorit vierailivat tiedekunnissa ja eri yksik\u00f6iss\u00e4 tammi- helmikuussa 2021 keskustelemassa toiminnastaan ja yhteisty\u00f6st\u00e4. <\/p>\n\n\n\n<p>Ota rohkeasti yhteytt\u00e4 ja kutsu fasilitaattorit keskustelemaan!<\/p>\n\n\n\n<h2 class=\"wp-block-heading\">Tapahtumia englanniksi\/\/ Events in English &#8211; Recommended by Susanna<\/h2>\n\n\n\n<h2 class=\"wp-block-heading\"><a href=\"https:\/\/bigquestions.institute\/\">The Big Questions Institute<\/a>: A Free Webinar on Designing for Care<\/h2>\n\n\n\n<p>November 1, 2021, at 12 pm EDT (6 PM Finnish time), <a href=\"https:\/\/www.jessestommel.com\/\">Jesse Stommel<\/a> will explore how we can begin to put the well-being of students and teachers at the centre of everything we do in education. <a href=\"https:\/\/app.acuityscheduling.com\/schedule.php?owner=19721098&amp;appointmentType=27487978\">Register to attend<\/a> via Zoom or to get the recording of the event.<\/p>\n\n\n\n<p>1.11.2021, klo 12.00 EDT (klo 18 Suomen aikaa), <a href=\"https:\/\/www.jessestommel.com\/\">Jesse Stommel<\/a> k\u00e4sittelee sit\u00e4, kuinka opiskelijoiden ja opettajien hyvinvointi on kaiken koulutustoiminnan ytimess\u00e4 ja miten t\u00e4t\u00e4 periaatetta voi edist\u00e4\u00e4 k\u00e4yt\u00e4nn\u00f6ss\u00e4. <a href=\"https:\/\/app.acuityscheduling.com\/schedule.php?owner=19721098&amp;appointmentType=27487978\">Ilmoittaudu osallistuaksesi<\/a> Zoomitse tai saadaksesi tallenteen tapahtumasta.<\/p>\n\n\n\n<h2 class=\"wp-block-heading\">The Big Questions Institute: A Free Webinar on Assessment and Ungrading<\/h2>\n\n\n\n<p>Kaikki arvioinnista ja arviointimenetelmien kirjosta kiinnostuneet &#8211; kannattaa olla kuulolla 11.6. Suomen aikaa illansuussa, klo 19. The Big Questions Institute tarjoaa ilmaisen webinaarin sarjasta, joka muutoin on maksullinen. Webinaarin <a href=\"https:\/\/app.acuityscheduling.com\/schedule.php?owner=19721098&amp;appointmentType=22164584\">ilmoittautumislinkki.<\/a><\/p>\n\n\n\n<p>Aiheena on <em><a href=\"https:\/\/bigquestions.institute\/ungrading\/\">How to &#8221;Ungrade&#8221; &#8211; Imagining Assessments that Encourage Discovery<\/a><\/em>. Vieraana <a href=\"https:\/\/www.jessestommel.com\/\">Jesse Stommel<\/a>, joka on kriittisen digitaalisen pedagogiikan puolestapuhuja sek\u00e4 verkko- ja monimuotopedagogiikan asiantuntija.<\/p>\n\n\n\n<p>If you are interested in assessment and alternative assessment methods, this is for you. The Big Questions Institute is offering a free webinar in a series that otherwise has a participation fee. Register for the webinar <a href=\"https:\/\/app.acuityscheduling.com\/schedule.php?owner=19721098&amp;appointmentType=22164584\">here<\/a>.<\/p>\n\n\n\n<p>On June 11, at 7 PM Finnish time, the topic is<em> <a href=\"https:\/\/bigquestions.institute\/ungrading\/\">How to &#8221;Ungrade&#8221; &#8211; Imagining Assessments that Encourage Discovery<\/a>, <\/em>with <a href=\"https:\/\/www.jessestommel.com\/\">Jesse Stommel<\/a>, an expert in digital pedagogy and critical digital pedagogy.<\/p>\n\n\n\n<h2 class=\"wp-block-heading\">Compassion and the New Normal<\/h2>\n\n\n\n<p>Kansainv\u00e4liselt\u00e4 areenalta taas mainioita ja tarpeellisia, reflektoivia paneelikeskusteluwebinaareja tarjolla, t\u00e4ll\u00e4 kertaa Australiasta:<\/p>\n\n\n\n<p><a href=\"https:\/\/medicine.uq.edu.au\/event\/23425\/compassion-and-new-normal\">Compassion and the New Normal.<\/a><\/p>\n\n\n\n<p>Edelliset paneelikeskustelut tallenteina katsottavissa.<\/p>\n\n\n\n<p>Ajan hermolla siin\u00e4, miten valmistautua &#8221;uuteen normaaliin&#8221;.<\/p>\n\n\n\n<p>&#8221;As 2021 begins, we present a series of international, online discussions hosted by the award-winning ABC\/SBS journalist Sana Qadar. Each expert panel will explore the important role of compassion in shaping the new normal: in our communities, in society and globally. Panellists include the celebrated philosopher, Peter Singer; the co-founder of Compassion in Politics, Jennifer Nadel; the CEO of Youngcare, Anthony Ryan; author of \u2018How Compassion Made Us Human\u2019, Penny Spikins; and the president of the Compassionate Mind Foundation, Paul Gilbert. These panels are presented free of charge, please register to receive the webcast streaming link.&#8221;<\/p>\n\n\n\n<p><a href=\"https:\/\/www.youtube.com\/playlist?list=PLzipc4a4ykFOo6Ssi8UrbZ9ydAebtKRix\">Tallenteet<\/a>\/ <a href=\"https:\/\/www.youtube.com\/playlist?list=PLzipc4a4ykFOo6Ssi8UrbZ9ydAebtKRix\">Recordings of the sessions<\/a><\/p>\n\n\n\n<h2 class=\"wp-block-heading\">Digital Pedagogy Webinar Series, hosted by the Teaching and Learning Commons at Kwantlen Polytechnic University.<\/h2>\n\n\n\n<p>The remaining live-streamed webinars:<\/p>\n\n\n\n<p>February 23, 2021\u202f| Activism Outside and Inside the Institution\u202fwith\u202f Tara Robertson<\/p>\n\n\n\n<p>March 23, 2021\u202f| Digital Sanctuary: Caring for Our Students\u2019 Data\u202fwith\u202f Dr. Amy Collier<\/p>\n\n\n\n<p>May 18, 2021\u202f|\u202fInclusive Digital Pedagogy in Exclusionary Times with\u202f Dr. Kevin Gannon<\/p>\n\n\n\n<p>The past webinars are available as recordings on the website.<\/p>\n\n\n\n<p>For more information about the <a href=\"http:\/\/www.kpu.ca\/dpws\">Digital Pedagogy Webinar Series<\/a>\u202f.<\/p>\n\n\n\n<p>&#8221;The Teaching &amp; Learning Commons is proud to host KPU&#8217;s inaugural Digital Pedagogy Webinar Series, featuring six exceptional and internationally-renowned speakers who each bring deep expertise and a unique perspective on pedagogy in this digital age. Digital Pedagogy is not about teaching online as much as it is about using digital tools from a critical pedagogical perspective. Accordingly, through this year\u2019s series we will critically explore topics including digital literacies, creativity, privacy perils, and inclusion.&#8221;<\/p>\n\n\n\n<p><\/p>\n\n\n\n<p><\/p>\n\n\n\n<h2 class=\"wp-block-heading\">March 3, 2021: Facilitating Learning in the Times of Uncertainty<\/h2>\n\n\n\n<p>&#8221;University of Eastern Finland and Tampere University warmly welcome you to a free webinar. The webinar is intended for educational experts such as teachers and university lecturers interested in learning about teacher well-being and student support in times of uncertainty. The webinar is open to all interested. Participants are also able to ask questions via an online chat. Link to participation will be sent by email to all registered.&#8221;<\/p>\n\n\n\n<p><a href=\"https:\/\/www.uef.fi\/fi\/tapahtuma\/facilitating-learning-in-the-times-of-uncertainty\">https:\/\/www.uef.fi\/fi\/tapahtuma\/facilitating-learning-in-the-times-of-uncertainty<\/a><\/p>\n\n\n\n<p><\/p>\n\n\n\n<h2 class=\"wp-block-heading\">Educa verkossa -tapahtuma<\/h2>\n\n\n\n<p>29.\u201330.1. toteutettiin historian ensimm\u00e4inen Educa verkossa -tapahtuma. Livel\u00e4hetyksi\u00e4 ja tallenteita seurasi viikonlopun aikana l\u00e4hes 16 000 katsojaa. Kansainv\u00e4list\u00e4 ohjelmaa seurattiin 83 eri maasta l\u00e4hes 1 500 katsojan voimin. <\/p>\n\n\n\n<h2 class=\"wp-block-heading\">Uutisia koulutuksesta ja oppimisymp\u00e4rist\u00f6ist\u00e4:<\/h2>\n\n\n<ul class=\"wp-block-rss\"><li class='wp-block-rss__item'><div class='wp-block-rss__item-title'><a href='https:\/\/www.uef.fi\/fi\/artikkeli\/km-anu-liljestrom-vaitos-1742026-tutkimus-syventaa-ymmarrysta-ilmiokeskeisesta-ja'>KM Anu Liljestr\u00f6m, v\u00e4it\u00f6s 17.4.2026: Tutkimus syvent\u00e4\u00e4 ymm\u00e4rryst\u00e4 ilmi\u00f6keskeisest\u00e4 ja kokonaisvaltaisesta oppimisesta<\/a><\/div><\/li><li class='wp-block-rss__item'><div class='wp-block-rss__item-title'><a href='https:\/\/www.uef.fi\/fi\/artikkeli\/tyo-ja-organisaatiopsykologian-asiantuntijakoulutus-alkaa-ita-suomen-yliopistossa-syksylla-2027'>Ty\u00f6- ja organisaatiopsykologian asiantuntijakoulutus alkaa It\u00e4-Suomen yliopistossa syksyll\u00e4 2027<\/a><\/div><\/li><li class='wp-block-rss__item'><div class='wp-block-rss__item-title'><a href='https:\/\/www.uef.fi\/fi\/artikkeli\/taydennyskoulutuksesta-varmuutta-tietosuoja-asiantuntijan-rooliin'>T\u00e4ydennyskoulutuksesta varmuutta tietosuoja-asiantuntijan rooliin<\/a><\/div><\/li><li class='wp-block-rss__item'><div class='wp-block-rss__item-title'><a href='https:\/\/www.uef.fi\/fi\/artikkeli\/ita-suomen-yliopiston-ohjauksen-koulutusta-pidetaan-ainutlaatuisena-ajantasaisena-ja-vahvasti'>It\u00e4-Suomen yliopiston ohjauksen koulutusta pidet\u00e4\u00e4n ainutlaatuisena, ajantasaisena ja vahvasti tutkimukseen nojaavana huippuyksikk\u00f6n\u00e4<\/a><\/div><\/li><li class='wp-block-rss__item'><div class='wp-block-rss__item-title'><a href='https:\/\/www.uef.fi\/fi\/artikkeli\/ita-suomen-yliopistoon-hakijaennatys-28121-hakijaa-kevaan-toisessa-yhteishaussa'>It\u00e4-Suomen yliopistoon hakijaenn\u00e4tys \u2013 28121 hakijaa kev\u00e4\u00e4n toisessa yhteishaussa<\/a><\/div><\/li><\/ul>\n\n\n<figure class=\"wp-block-image size-large\"><img loading=\"lazy\" decoding=\"async\" width=\"1024\" height=\"683\" src=\"https:\/\/sites.uef.fi\/verkko-ja-monimuotopedagogiikka\/wp-content\/uploads\/sites\/245\/2020\/12\/DSC6032-1024x683.jpg\" alt=\"Kolme opiskelijaa. Taustalla teksti Never stop Learning.\" class=\"wp-image-625\" srcset=\"https:\/\/sites.uef.fi\/verkko-ja-monimuotopedagogiikka\/wp-content\/uploads\/sites\/245\/2020\/12\/DSC6032-1024x683.jpg 1024w, https:\/\/sites.uef.fi\/verkko-ja-monimuotopedagogiikka\/wp-content\/uploads\/sites\/245\/2020\/12\/DSC6032-300x200.jpg 300w, https:\/\/sites.uef.fi\/verkko-ja-monimuotopedagogiikka\/wp-content\/uploads\/sites\/245\/2020\/12\/DSC6032-768x512.jpg 768w, https:\/\/sites.uef.fi\/verkko-ja-monimuotopedagogiikka\/wp-content\/uploads\/sites\/245\/2020\/12\/DSC6032-1536x1024.jpg 1536w, https:\/\/sites.uef.fi\/verkko-ja-monimuotopedagogiikka\/wp-content\/uploads\/sites\/245\/2020\/12\/DSC6032-2048x1366.jpg 2048w\" sizes=\"auto, (max-width: 767px) 89vw, (max-width: 1000px) 54vw, (max-width: 1071px) 543px, 580px\" \/><\/figure>\n","protected":false},"excerpt":{"rendered":"<p>Ajankohtaista Avoin webinaarisarja: Pedagogiset min\u00e4t Millainen opetuksen kehitt\u00e4j\u00e4 olen? Miten koko yliopistoyhteis\u00f6 voi osallistua opiskelijoitten ohjaukseen? Millaisin eri keinoin voimme tukea oppimista? N\u00e4it\u00e4 aiheita puntaroidaan It\u00e4-Suomen yliopiston kaikille avoimessa webinaarisarjassa Pedagogiset min\u00e4t. Tavoitteena on tukea korkeakoulujen henkil\u00f6kuntaa ammatillisessa kehittymisess\u00e4 niin l\u00e4hi- kuin et\u00e4- ja monimuoto-opetuksessa. Sarja k\u00e4ynnistyi 15.12.2021, kun kuulimme digipedagogiikan kansainv\u00e4lisesti tunnettuja asiantuntijoita. Sean &hellip; <\/p>\n<p class=\"link-more\"><a href=\"https:\/\/sites.uef.fi\/verkko-ja-monimuotopedagogiikka\/ajankohtaista\/\" class=\"more-link\">Jatka lukemista<span class=\"screen-reader-text\"> &#8221;Ajankohtaista&#8221;<\/span><\/a><\/p>\n","protected":false},"author":392,"featured_media":0,"parent":0,"menu_order":0,"comment_status":"closed","ping_status":"closed","template":"","meta":{"_acf_changed":false,"footnotes":""},"class_list":["post-101","page","type-page","status-publish","hentry"],"acf":[],"_links":{"self":[{"href":"https:\/\/sites.uef.fi\/verkko-ja-monimuotopedagogiikka\/wp-json\/wp\/v2\/pages\/101","targetHints":{"allow":["GET"]}}],"collection":[{"href":"https:\/\/sites.uef.fi\/verkko-ja-monimuotopedagogiikka\/wp-json\/wp\/v2\/pages"}],"about":[{"href":"https:\/\/sites.uef.fi\/verkko-ja-monimuotopedagogiikka\/wp-json\/wp\/v2\/types\/page"}],"author":[{"embeddable":true,"href":"https:\/\/sites.uef.fi\/verkko-ja-monimuotopedagogiikka\/wp-json\/wp\/v2\/users\/392"}],"replies":[{"embeddable":true,"href":"https:\/\/sites.uef.fi\/verkko-ja-monimuotopedagogiikka\/wp-json\/wp\/v2\/comments?post=101"}],"version-history":[{"count":2,"href":"https:\/\/sites.uef.fi\/verkko-ja-monimuotopedagogiikka\/wp-json\/wp\/v2\/pages\/101\/revisions"}],"predecessor-version":[{"id":3176,"href":"https:\/\/sites.uef.fi\/verkko-ja-monimuotopedagogiikka\/wp-json\/wp\/v2\/pages\/101\/revisions\/3176"}],"wp:attachment":[{"href":"https:\/\/sites.uef.fi\/verkko-ja-monimuotopedagogiikka\/wp-json\/wp\/v2\/media?parent=101"}],"curies":[{"name":"wp","href":"https:\/\/api.w.org\/{rel}","templated":true}]}}