{"id":1187,"date":"2021-01-26T17:27:05","date_gmt":"2021-01-26T15:27:05","guid":{"rendered":"https:\/\/sites.uef.fi\/verkko-ja-monimuotopedagogiikka\/?page_id=1187"},"modified":"2021-01-31T17:37:35","modified_gmt":"2021-01-31T15:37:35","slug":"facilitators","status":"publish","type":"page","link":"https:\/\/sites.uef.fi\/verkko-ja-monimuotopedagogiikka\/facilitators\/?lang=en","title":{"rendered":"Facilitators"},"content":{"rendered":"<h1><a href=\"https:\/\/sites.uef.fi\/verkko-ja-monimuotopedagogiikka\/wp-content\/uploads\/sites\/245\/2020\/12\/Word-Art.jpeg\"><img loading=\"lazy\" decoding=\"async\" class=\"aligncenter wp-image-483 size-full\" src=\"https:\/\/sites.uef.fi\/verkko-ja-monimuotopedagogiikka\/wp-content\/uploads\/sites\/245\/2020\/12\/Word-Art.jpeg\" alt=\"Kaksi k\u00e4tt\u00e4, joissa sanapilvi fasilitaattoreiden nimikkeist\u00e4.\" width=\"1042\" height=\"479\" srcset=\"https:\/\/sites.uef.fi\/verkko-ja-monimuotopedagogiikka\/wp-content\/uploads\/sites\/245\/2020\/12\/Word-Art.jpeg 1042w, https:\/\/sites.uef.fi\/verkko-ja-monimuotopedagogiikka\/wp-content\/uploads\/sites\/245\/2020\/12\/Word-Art-300x138.jpeg 300w, https:\/\/sites.uef.fi\/verkko-ja-monimuotopedagogiikka\/wp-content\/uploads\/sites\/245\/2020\/12\/Word-Art-1024x471.jpeg 1024w, https:\/\/sites.uef.fi\/verkko-ja-monimuotopedagogiikka\/wp-content\/uploads\/sites\/245\/2020\/12\/Word-Art-768x353.jpeg 768w\" sizes=\"auto, (max-width: 767px) 89vw, (max-width: 1000px) 54vw, (max-width: 1071px) 543px, 580px\" \/><\/a><\/h1>\n<h1>Work of the Facilitators<\/h1>\n<p>Besides working for their own unit (i.e., a faculty or the Language Centre), the Facilitators also work in networks across faculty boundaries. They are working to reform the teaching of their unit and the university as a whole, seeking to make it increasingly blended and flexible. Pedagogical research stands at the core of all development and measures to be taken in practice.<\/p>\n<p>The Facilitators\u2019 personal interests and skills are diverse. They support the everyday work of their colleagues by collaborating with them in the search for technological-pedagogical solutions to suit different contents and different needs. The Facilitators also promote the sharing of best practices, and they help in finding words to describe challenges experienced within the academic community.<\/p>\n<p>You can contact the Facilitator appointed for your faculty when you need assistance with, or wish to develop something new in, online and blended learning pedagogy. The Facilitator network will also organise training sessions as needed and requested.<\/p>\n<p>The Facilitators develop university, online and blended learning pedagogy in collaboration with the university&#8217;s education and supporting services, and with pedagogical experts and researchers. The Facilitators also participate in the work of the university\u2019s Learning Environment Working Group.<\/p>\n<p>Let&#8217;s work together to learn, experiment with, and develop new things!<\/p>\n\n\n<figure class=\"wp-block-image size-large\"><img loading=\"lazy\" decoding=\"async\" width=\"720\" height=\"233\" src=\"https:\/\/sites.uef.fi\/verkko-ja-monimuotopedagogiikka\/wp-content\/uploads\/sites\/245\/2021\/01\/Fasilitaattorit-logo.jpg\" alt=\"Fasilitaattorilogo\" class=\"wp-image-1717\" srcset=\"https:\/\/sites.uef.fi\/verkko-ja-monimuotopedagogiikka\/wp-content\/uploads\/sites\/245\/2021\/01\/Fasilitaattorit-logo.jpg 720w, https:\/\/sites.uef.fi\/verkko-ja-monimuotopedagogiikka\/wp-content\/uploads\/sites\/245\/2021\/01\/Fasilitaattorit-logo-300x97.jpg 300w\" sizes=\"auto, (max-width: 720px) 100vw, 720px\" \/><\/figure>\n\n\n\n<h2 class=\"wp-block-heading\">Facilitators &#8211; UEF faculties and Language Centre<\/h2>\n\n\n\n<p>Philosophical Faculty: University Lecturer <a href=\"https:\/\/uefconnect.uef.fi\/en\/person\/kati.kasanen\/\"><strong>Kati Kasanen<\/strong><\/a><\/p>\n\n\n\n<p>Faculty of Science and Forestry: University Lecturer <a href=\"https:\/\/uefconnect.uef.fi\/en\/person\/vesa.paajanen\/\"><strong>Vesa Paajanen<\/strong><\/a><\/p>\n\n\n\n<p>Faculty of Health Sciences: University Lecturer <a href=\"https:\/\/uefconnect.uef.fi\/en\/person\/piia.siitonen\/\"><strong>Piia Siitonen<\/strong><\/a><\/p>\n\n\n\n<p>Faculty of Social Sciences and Business Studies: University Lecturer <a href=\"https:\/\/uefconnect.uef.fi\/en\/person\/helena.kantanen\/\"><strong>Helena Kantanen<\/strong><\/a><\/p>\n\n\n\n<p>Language Centre: University Lecturer <a href=\"https:\/\/uefconnect.uef.fi\/en\/person\/susanna.kohonen\/\"><strong>Susanna Kohonen<\/strong><\/a><\/p>\n\n\n\n<figure class=\"wp-block-image size-large\"><img loading=\"lazy\" decoding=\"async\" width=\"1024\" height=\"681\" src=\"https:\/\/sites.uef.fi\/verkko-ja-monimuotopedagogiikka\/wp-content\/uploads\/sites\/245\/2021\/01\/fasilitaattorit-8049-1024x681.jpg\" alt=\"Facilitator Piia Siitonen\" class=\"wp-image-1672\" srcset=\"https:\/\/sites.uef.fi\/verkko-ja-monimuotopedagogiikka\/wp-content\/uploads\/sites\/245\/2021\/01\/fasilitaattorit-8049-1024x681.jpg 1024w, https:\/\/sites.uef.fi\/verkko-ja-monimuotopedagogiikka\/wp-content\/uploads\/sites\/245\/2021\/01\/fasilitaattorit-8049-300x200.jpg 300w, https:\/\/sites.uef.fi\/verkko-ja-monimuotopedagogiikka\/wp-content\/uploads\/sites\/245\/2021\/01\/fasilitaattorit-8049-768x511.jpg 768w, https:\/\/sites.uef.fi\/verkko-ja-monimuotopedagogiikka\/wp-content\/uploads\/sites\/245\/2021\/01\/fasilitaattorit-8049-1536x1022.jpg 1536w, https:\/\/sites.uef.fi\/verkko-ja-monimuotopedagogiikka\/wp-content\/uploads\/sites\/245\/2021\/01\/fasilitaattorit-8049.jpg 2000w\" sizes=\"auto, (max-width: 767px) 89vw, (max-width: 1000px) 54vw, (max-width: 1071px) 543px, 580px\" \/><\/figure>\n","protected":false},"excerpt":{"rendered":"<p>Work of the Facilitators Besides working for their own unit (i.e., a faculty or the Language Centre), the Facilitators also work in networks across faculty boundaries. They are working to reform the teaching of their unit and the university as a whole, seeking to make it increasingly blended and flexible. Pedagogical research stands at the &hellip; <\/p>\n<p class=\"link-more\"><a href=\"https:\/\/sites.uef.fi\/verkko-ja-monimuotopedagogiikka\/facilitators\/?lang=en\" class=\"more-link\">Jatka lukemista<span class=\"screen-reader-text\"> &#8221;Facilitators&#8221;<\/span><\/a><\/p>\n","protected":false},"author":392,"featured_media":0,"parent":0,"menu_order":0,"comment_status":"closed","ping_status":"closed","template":"","meta":{"_acf_changed":false,"footnotes":""},"class_list":["post-1187","page","type-page","status-publish","hentry"],"acf":[],"_links":{"self":[{"href":"https:\/\/sites.uef.fi\/verkko-ja-monimuotopedagogiikka\/wp-json\/wp\/v2\/pages\/1187","targetHints":{"allow":["GET"]}}],"collection":[{"href":"https:\/\/sites.uef.fi\/verkko-ja-monimuotopedagogiikka\/wp-json\/wp\/v2\/pages"}],"about":[{"href":"https:\/\/sites.uef.fi\/verkko-ja-monimuotopedagogiikka\/wp-json\/wp\/v2\/types\/page"}],"author":[{"embeddable":true,"href":"https:\/\/sites.uef.fi\/verkko-ja-monimuotopedagogiikka\/wp-json\/wp\/v2\/users\/392"}],"replies":[{"embeddable":true,"href":"https:\/\/sites.uef.fi\/verkko-ja-monimuotopedagogiikka\/wp-json\/wp\/v2\/comments?post=1187"}],"version-history":[{"count":2,"href":"https:\/\/sites.uef.fi\/verkko-ja-monimuotopedagogiikka\/wp-json\/wp\/v2\/pages\/1187\/revisions"}],"predecessor-version":[{"id":1744,"href":"https:\/\/sites.uef.fi\/verkko-ja-monimuotopedagogiikka\/wp-json\/wp\/v2\/pages\/1187\/revisions\/1744"}],"wp:attachment":[{"href":"https:\/\/sites.uef.fi\/verkko-ja-monimuotopedagogiikka\/wp-json\/wp\/v2\/media?parent=1187"}],"curies":[{"name":"wp","href":"https:\/\/api.w.org\/{rel}","templated":true}]}}