{"id":169,"date":"2020-11-13T14:06:59","date_gmt":"2020-11-13T12:06:59","guid":{"rendered":"https:\/\/sites.uef.fi\/verkko-ja-monimuotopedagogiikka\/?page_id=169"},"modified":"2021-01-31T18:39:38","modified_gmt":"2021-01-31T16:39:38","slug":"tutustu-piiaan","status":"publish","type":"page","link":"https:\/\/sites.uef.fi\/verkko-ja-monimuotopedagogiikka\/tutustu-piiaan\/","title":{"rendered":"Tutustu Piiaan"},"content":{"rendered":"<h1>Yliopistonlehtori Piia Siitonen<\/h1>\n<p>Moi,<\/p>\n<p>Olen Piia ja toimin yliopistonlehtorina farmasiassa. Olen toiminut erin\u00e4isiss\u00e4 opetusteht\u00e4viss\u00e4 jo pitk\u00e4n p\u00e4tk\u00e4n \u2013 kohta kaksikymment\u00e4 vuotta \u2013 aina kemian ja l\u00e4\u00e4kkeenvalmistuksen laboratorioty\u00f6skentelyst\u00e4 asiakasneuvonnan simulaatioasiakasharjoituksiin. T\u00e4ll\u00e4 hetkell\u00e4 opetan l\u00e4\u00e4kehoitoa, asiakaspalvelua ja -neuvontaa flippaamalla. Vuorovaikutus ja vuorovaikutustaitojen harjoitteleminen onnistuu vallan mainiosti my\u00f6s verkkov\u00e4litteisesti!<\/p>\n<p>Olen helposti innostuva luonne ja olenkin monessa mukana. Opetuksen ja oppimisymp\u00e4rist\u00f6jen kehitt\u00e4minen on l\u00e4hell\u00e4 syd\u00e4nt\u00e4ni ja koen sen olevan merkityksellinen osa ty\u00f6t\u00e4ni. Kehitt\u00e4misty\u00f6ss\u00e4 on se j\u00e4nn\u00e4 piirre, ett\u00e4 se ei tule koskaan valmiiksi. Aina voi tehd\u00e4 viel\u00e4 paremmin. Tosin aina ei tarvitse h\u00f6tkyill\u00e4, ja v\u00e4hemm\u00e4n on joskus enemm\u00e4n. Ytimess\u00e4 tuleekin aina olla oppimisen mahdollistaminen ja opiskelijoidemme osaamisen ja ammattitaidon kehittyminen. Kuinka saamme opiskelijamme oppimaan parhaalla mahdollisella tavalla? Mit\u00e4 opetusmenetelmi\u00e4 kannattaa k\u00e4ytt\u00e4\u00e4, jotta t\u00e4m\u00e4 tavoite toteutuu?<\/p>\n<p>Olen aidosti kiinnostunut toimimaan yli oppiaine-, laitos- ja tiedekuntarajojen opetuksen kehitt\u00e4misess\u00e4. Onko sinulla kytem\u00e4ss\u00e4 jokin ajatus opetuksesi toteuttamiseen tai sen kehitt\u00e4miseen? Voisinko auttaa sinua ajatuksesi ty\u00f6st\u00e4misess\u00e4 ja toteuttamisessa? Toivottavasti p\u00e4\u00e4sen tutustumaan opetukseesi ja miettim\u00e4\u00e4n asioita kanssasi \u2013 kuullaan ja n\u00e4hd\u00e4\u00e4n!<\/p>\n<p><a href=\"https:\/\/uefconnect.uef.fi\/henkilo\/piia.siitonen\/\">Piia Siitonen UEF Connect<\/a><\/p>\n\n\n<figure class=\"wp-block-image size-large\"><img loading=\"lazy\" decoding=\"async\" width=\"1024\" height=\"576\" src=\"https:\/\/sites.uef.fi\/verkko-ja-monimuotopedagogiikka\/wp-content\/uploads\/sites\/245\/2021\/01\/Piia-Siitonen-1024x576.jpg\" alt=\"Kuva Piia Siitosesta\" class=\"wp-image-1100\" srcset=\"https:\/\/sites.uef.fi\/verkko-ja-monimuotopedagogiikka\/wp-content\/uploads\/sites\/245\/2021\/01\/Piia-Siitonen-1024x576.jpg 1024w, https:\/\/sites.uef.fi\/verkko-ja-monimuotopedagogiikka\/wp-content\/uploads\/sites\/245\/2021\/01\/Piia-Siitonen-300x169.jpg 300w, https:\/\/sites.uef.fi\/verkko-ja-monimuotopedagogiikka\/wp-content\/uploads\/sites\/245\/2021\/01\/Piia-Siitonen-768x432.jpg 768w, https:\/\/sites.uef.fi\/verkko-ja-monimuotopedagogiikka\/wp-content\/uploads\/sites\/245\/2021\/01\/Piia-Siitonen.jpg 1280w\" sizes=\"auto, (max-width: 767px) 89vw, (max-width: 1000px) 54vw, (max-width: 1071px) 543px, 580px\" \/><\/figure>\n","protected":false},"excerpt":{"rendered":"<p>Yliopistonlehtori Piia Siitonen Moi, Olen Piia ja toimin yliopistonlehtorina farmasiassa. Olen toiminut erin\u00e4isiss\u00e4 opetusteht\u00e4viss\u00e4 jo pitk\u00e4n p\u00e4tk\u00e4n \u2013 kohta kaksikymment\u00e4 vuotta \u2013 aina kemian ja l\u00e4\u00e4kkeenvalmistuksen laboratorioty\u00f6skentelyst\u00e4 asiakasneuvonnan simulaatioasiakasharjoituksiin. T\u00e4ll\u00e4 hetkell\u00e4 opetan l\u00e4\u00e4kehoitoa, asiakaspalvelua ja -neuvontaa flippaamalla. Vuorovaikutus ja vuorovaikutustaitojen harjoitteleminen onnistuu vallan mainiosti my\u00f6s verkkov\u00e4litteisesti! Olen helposti innostuva luonne ja olenkin monessa mukana. Opetuksen &hellip; <\/p>\n<p class=\"link-more\"><a href=\"https:\/\/sites.uef.fi\/verkko-ja-monimuotopedagogiikka\/tutustu-piiaan\/\" class=\"more-link\">Jatka lukemista<span class=\"screen-reader-text\"> &#8221;Tutustu Piiaan&#8221;<\/span><\/a><\/p>\n","protected":false},"author":392,"featured_media":0,"parent":0,"menu_order":0,"comment_status":"closed","ping_status":"closed","template":"","meta":{"_acf_changed":false,"footnotes":""},"class_list":["post-169","page","type-page","status-publish","hentry"],"acf":[],"_links":{"self":[{"href":"https:\/\/sites.uef.fi\/verkko-ja-monimuotopedagogiikka\/wp-json\/wp\/v2\/pages\/169","targetHints":{"allow":["GET"]}}],"collection":[{"href":"https:\/\/sites.uef.fi\/verkko-ja-monimuotopedagogiikka\/wp-json\/wp\/v2\/pages"}],"about":[{"href":"https:\/\/sites.uef.fi\/verkko-ja-monimuotopedagogiikka\/wp-json\/wp\/v2\/types\/page"}],"author":[{"embeddable":true,"href":"https:\/\/sites.uef.fi\/verkko-ja-monimuotopedagogiikka\/wp-json\/wp\/v2\/users\/392"}],"replies":[{"embeddable":true,"href":"https:\/\/sites.uef.fi\/verkko-ja-monimuotopedagogiikka\/wp-json\/wp\/v2\/comments?post=169"}],"version-history":[{"count":2,"href":"https:\/\/sites.uef.fi\/verkko-ja-monimuotopedagogiikka\/wp-json\/wp\/v2\/pages\/169\/revisions"}],"predecessor-version":[{"id":1436,"href":"https:\/\/sites.uef.fi\/verkko-ja-monimuotopedagogiikka\/wp-json\/wp\/v2\/pages\/169\/revisions\/1436"}],"wp:attachment":[{"href":"https:\/\/sites.uef.fi\/verkko-ja-monimuotopedagogiikka\/wp-json\/wp\/v2\/media?parent=169"}],"curies":[{"name":"wp","href":"https:\/\/api.w.org\/{rel}","templated":true}]}}