{"id":181,"date":"2020-11-13T14:07:39","date_gmt":"2020-11-13T12:07:39","guid":{"rendered":"https:\/\/sites.uef.fi\/verkko-ja-monimuotopedagogiikka\/?page_id=181"},"modified":"2021-02-08T15:34:04","modified_gmt":"2021-02-08T13:34:04","slug":"tutustu-susannaan","status":"publish","type":"page","link":"https:\/\/sites.uef.fi\/verkko-ja-monimuotopedagogiikka\/tutustu-susannaan\/","title":{"rendered":"Tutustu Susannaan"},"content":{"rendered":"<h1>Yliopistonlehtori Susanna Kohonen<\/h1>\n<p>Olen Susanna ja ty\u00f6skentelen englannin lehtorina kielikeskuksella. Opettajan pedagogisten opintojen lis\u00e4ksi minulla on my\u00f6s draamapedagogiikan ja kulttuurienv\u00e4lisen viestinn\u00e4n taustaa.\u00a0<\/p>\n<p>Useita vuosia sitten ymm\u00e4rsin ja hyv\u00e4ksyin, ett\u00e4 opettajan ty\u00f6ni ei en\u00e4\u00e4 koskaan olisi samankaltaista kuin aiemmin.\u00a0Nimitt\u00e4in noin 80% opetusty\u00f6st\u00e4ni muuntui et\u00e4- ja monimuoto-opetukseksi jo kauan ennen koronaa. Minulta, joka uskon vuorovaikutukseen, kokemukselliseen oppimiseen, toiminnallisiin ty\u00f6muotoihin &#8211; toisin sanoen ihmisten v\u00e4lille muodostuvaan yhteyteen ja sen taikaan. Se ei mitenk\u00e4\u00e4n voi onnistua, niin ajattelin, virtuaalisissa ja digitaalisissa ymp\u00e4rist\u00f6iss\u00e4. Halusin olla holistinen.\u00a0<\/p>\n<p>Opetusty\u00f6 muuttui yksin\u00e4\u00e4n tietokoneen ruudun \u00e4\u00e4ress\u00e4 puurtamiseksi. Niska ja hartiat jumittivat, rannekanavat eiv\u00e4t tyk\u00e4nneet, iskiaskin iski. Ennen kaikkea mielenmaisemani saivat synkki\u00e4 s\u00e4vyj\u00e4.\u00a0<\/p>\n<p>Ett\u00e4 t\u00e4mm\u00f6ist\u00e4k\u00f6 kehollisuus ja vuorovaikutteisuus olisi opetusteht\u00e4viss\u00e4ni t\u00e4st\u00e4 l\u00e4htien, mietin. T\u00e4mm\u00f6ist\u00e4k\u00f6 tarjoan my\u00f6s opiskelijoille \u2013 ruutuun tuijottamista, niskajumeja, rannekipuja.\u00a0<\/p>\n<p>Harkitsin jopa sit\u00e4kin, halusinko viel\u00e4 jatkaa opetusalalla. Koska halusin, pohdin, kuinka tekisin ty\u00f6ni j\u00e4lleen niin itselleni kuin opiskelijoillekin mielekk\u00e4\u00e4ksi.\u00a0\u00a0<\/p>\n<p>Kaikessa digitaalisuudessakaan emme voi emmek\u00e4 saa j\u00e4tt\u00e4\u00e4 huomiotta ihmist\u00e4. Ihmisen yhteytt\u00e4 toiseen ihmiseen. T\u00e4st\u00e4 olen saanut voimaannuttavia kokemuksia niin l\u00e4hikollegoiden avulla kuin Twitterist\u00e4 l\u00f6yt\u00e4mieni kollegaverkostojen kautta. Osallistuin hein\u00e4- elokuussa 2020\u00a0<a href=\"https:\/\/www.seanmichaelmorris.com\/\">Sean Michael Morrisin<\/a>\u00a0ja\u00a0<a href=\"https:\/\/www.jessestommel.com\/\">Jesse Stommelin<\/a>\u00a0alun perin perustamaan<a href=\"https:\/\/digitalpedagogylab.com\/\">\u00a0Digital Pedagogy Lab<\/a>\u00a0-koulutukseen. Siell\u00e4 kokemistani\u00a0ajatustenvaihdosta ja verkostoitumisesta, jotka oli j\u00e4rjestetty niin synkronisesti kuin asynkronisestikin, sek\u00e4 ty\u00f6pajojen ja kurssien\u00a0vuorovaikutustavoista ja l\u00e4hdemateriaaleista l\u00f6ysin vastakaikua etsim\u00e4\u00e4ni: Miten voidaan kokonaisvaltaisesti ottaa ihminen huomioon verkkov\u00e4litteisess\u00e4 opetuksessa, ohjauksessa ja vuorovaikutuksessa.\u00a0<\/p>\n<p>Visioni ja tavoitteistani paradoksisimmalta vaikuttava\u00a0on digitaalisuuden, osallistavuuden ja kokemuksellisuuden yhteensovittaminen\u00a0siten, ett\u00e4 sek\u00e4 opiskelijat ett\u00e4 min\u00e4 olemme osallisina\u00a0aidoissa ja merkityksellisiss\u00e4 kohtaamisissa, jotka oppimisprosesseissamme muovautuvat kokonaisuuden kokemuksiksi.\u00a0\u00a0<\/p>\n<p>Ilman aitoja ja merkityksellisi\u00e4 kohtaamisia sek\u00e4 v\u00e4litt\u00e4misen ja empatian ilmapiiri\u00e4\u00a0 en\u00a0jaksaisi itsek\u00e4\u00e4n jatkaa t\u00e4ysin verkkov\u00e4litteisiss\u00e4 ymp\u00e4rist\u00f6iss\u00e4 \u2013 miten voisin siis muuta edellytt\u00e4\u00e4 opiskelijoiltakaan.\u00a0<\/p>\n<p>Voimaannuttavin opiskelijapalaute, jonka olen saanut, on:\u00a0<em>\u201dKurssin aikana opiskellut teemat, el\u00e4m\u00e4 ja ty\u00f6el\u00e4m\u00e4 eiv\u00e4t olleet irrallaan toisistaan\u201d.\u00a0<\/em>Taidan tehd\u00e4 siit\u00e4 ristipistotaulun ty\u00f6pisteeni viereiselle sein\u00e4lle. Sitten jaksan itsekin eteenp\u00e4in. Tuntuu silt\u00e4, ett\u00e4 ep\u00e4onnistun usein, mutta joskus sent\u00e4\u00e4n onnistunkin.\u00a0<\/p>\n<p><a href=\"https:\/\/loimuavatiikeri.blogspot.com\/\">Susannan blogi (et\u00e4)opettajuudesta<\/a>\u00a0<\/p>\n<p><a href=\"https:\/\/uefconnect.uef.fi\/henkilo\/susanna.kohonen\/\">Susanna Kohonen UEF Connect<\/a><\/p>\n\n\n<figure class=\"wp-block-image size-large\"><img loading=\"lazy\" decoding=\"async\" width=\"1024\" height=\"768\" src=\"https:\/\/sites.uef.fi\/verkko-ja-monimuotopedagogiikka\/wp-content\/uploads\/sites\/245\/2021\/02\/Susanna-selfie-2021-6-4-1024x768.jpg\" alt=\"Kuva Susanna Kohosesta\" class=\"wp-image-2162\" srcset=\"https:\/\/sites.uef.fi\/verkko-ja-monimuotopedagogiikka\/wp-content\/uploads\/sites\/245\/2021\/02\/Susanna-selfie-2021-6-4-1024x768.jpg 1024w, https:\/\/sites.uef.fi\/verkko-ja-monimuotopedagogiikka\/wp-content\/uploads\/sites\/245\/2021\/02\/Susanna-selfie-2021-6-4-300x225.jpg 300w, https:\/\/sites.uef.fi\/verkko-ja-monimuotopedagogiikka\/wp-content\/uploads\/sites\/245\/2021\/02\/Susanna-selfie-2021-6-4-768x576.jpg 768w, https:\/\/sites.uef.fi\/verkko-ja-monimuotopedagogiikka\/wp-content\/uploads\/sites\/245\/2021\/02\/Susanna-selfie-2021-6-4-1536x1152.jpg 1536w, https:\/\/sites.uef.fi\/verkko-ja-monimuotopedagogiikka\/wp-content\/uploads\/sites\/245\/2021\/02\/Susanna-selfie-2021-6-4-2048x1536.jpg 2048w\" sizes=\"auto, (max-width: 767px) 89vw, (max-width: 1000px) 54vw, (max-width: 1071px) 543px, 580px\" \/><\/figure>\n","protected":false},"excerpt":{"rendered":"<p>Yliopistonlehtori Susanna Kohonen Olen Susanna ja ty\u00f6skentelen englannin lehtorina kielikeskuksella. Opettajan pedagogisten opintojen lis\u00e4ksi minulla on my\u00f6s draamapedagogiikan ja kulttuurienv\u00e4lisen viestinn\u00e4n taustaa.\u00a0 Useita vuosia sitten ymm\u00e4rsin ja hyv\u00e4ksyin, ett\u00e4 opettajan ty\u00f6ni ei en\u00e4\u00e4 koskaan olisi samankaltaista kuin aiemmin.\u00a0Nimitt\u00e4in noin 80% opetusty\u00f6st\u00e4ni muuntui et\u00e4- ja monimuoto-opetukseksi jo kauan ennen koronaa. Minulta, joka uskon vuorovaikutukseen, kokemukselliseen oppimiseen, &hellip; <\/p>\n<p class=\"link-more\"><a href=\"https:\/\/sites.uef.fi\/verkko-ja-monimuotopedagogiikka\/tutustu-susannaan\/\" class=\"more-link\">Jatka lukemista<span class=\"screen-reader-text\"> &#8221;Tutustu Susannaan&#8221;<\/span><\/a><\/p>\n","protected":false},"author":392,"featured_media":0,"parent":0,"menu_order":0,"comment_status":"closed","ping_status":"closed","template":"","meta":{"_acf_changed":false,"footnotes":""},"class_list":["post-181","page","type-page","status-publish","hentry"],"acf":[],"_links":{"self":[{"href":"https:\/\/sites.uef.fi\/verkko-ja-monimuotopedagogiikka\/wp-json\/wp\/v2\/pages\/181","targetHints":{"allow":["GET"]}}],"collection":[{"href":"https:\/\/sites.uef.fi\/verkko-ja-monimuotopedagogiikka\/wp-json\/wp\/v2\/pages"}],"about":[{"href":"https:\/\/sites.uef.fi\/verkko-ja-monimuotopedagogiikka\/wp-json\/wp\/v2\/types\/page"}],"author":[{"embeddable":true,"href":"https:\/\/sites.uef.fi\/verkko-ja-monimuotopedagogiikka\/wp-json\/wp\/v2\/users\/392"}],"replies":[{"embeddable":true,"href":"https:\/\/sites.uef.fi\/verkko-ja-monimuotopedagogiikka\/wp-json\/wp\/v2\/comments?post=181"}],"version-history":[{"count":2,"href":"https:\/\/sites.uef.fi\/verkko-ja-monimuotopedagogiikka\/wp-json\/wp\/v2\/pages\/181\/revisions"}],"predecessor-version":[{"id":2168,"href":"https:\/\/sites.uef.fi\/verkko-ja-monimuotopedagogiikka\/wp-json\/wp\/v2\/pages\/181\/revisions\/2168"}],"wp:attachment":[{"href":"https:\/\/sites.uef.fi\/verkko-ja-monimuotopedagogiikka\/wp-json\/wp\/v2\/media?parent=181"}],"curies":[{"name":"wp","href":"https:\/\/api.w.org\/{rel}","templated":true}]}}