{"id":187,"date":"2020-11-13T14:08:39","date_gmt":"2020-11-13T12:08:39","guid":{"rendered":"https:\/\/sites.uef.fi\/verkko-ja-monimuotopedagogiikka\/?page_id=187"},"modified":"2023-01-24T10:38:49","modified_gmt":"2023-01-24T08:38:49","slug":"tutustu-helenaan","status":"publish","type":"page","link":"https:\/\/sites.uef.fi\/verkko-ja-monimuotopedagogiikka\/tutustu-helenaan\/","title":{"rendered":"Tutustu Helenaan"},"content":{"rendered":"<h1>Yliopistonlehtori Helena Kantanen\u00a0<\/h1>\n<p>Helena toimi YHKA:n fasilitaattorina kaudella 2021-2022.<\/p>\n<p>Hei!<\/p>\n<p>Olen Kantasen Helena kauppatieteiden laitokselta ja takuuvarmasti fasilitaattoriporukan vanhin. Se tarkoittaa sit\u00e4, ett\u00e4 en ole mik\u00e4\u00e4n diginatiivi vaan jo mustavalkotelevision aikaan syntynyt.<\/p>\n<p>Verkkomaailmaan loikkasin vauhdikkaasti entisess\u00e4 el\u00e4m\u00e4ss\u00e4ni, kun tiedottajan ty\u00f6ss\u00e4ni palasin yhdelt\u00e4 pitk\u00e4lt\u00e4 vanhempainvapaalta v. 1997 ja sill\u00e4 v\u00e4lin oli tullut Internet. Se oli siis aikaa, kun verkkosivuja tehd\u00e4kseen piti osata HTML-koodia. Yritin, mutta en oikein oppinut. Onneksi nykyiset ty\u00f6kalut ovat helppoja!<\/p>\n<p>Siirryin k\u00e4yt\u00e4nn\u00f6n viestint\u00e4ty\u00f6st\u00e4 pikkuhiljaa opetus- ja tutkimusrintamalle jatko-opintojen my\u00f6t\u00e4. V\u00e4it\u00f6kseni j\u00e4lkeen ty\u00f6skentelin pari vuotta viestinn\u00e4n kehitt\u00e4j\u00e4n\u00e4 Yl\u00e4-Savon seurakunnissa. Yhten\u00e4 teht\u00e4v\u00e4n\u00e4ni oli opastaa ty\u00f6ntekij\u00f6it\u00e4 moderniin verkkoviestint\u00e4\u00e4n ja some-maailmaan. Se oli siis v\u00e4h\u00e4n samaa kuin mit\u00e4 nyt fasilitaattorina teen: neuvomista, rohkaisemista, ty\u00f6ntekij\u00e4n omien vahvuuksien l\u00f6yt\u00e4mist\u00e4 ja niiden hy\u00f6dynt\u00e4mist\u00e4 uudessa toimintaymp\u00e4rist\u00f6ss\u00e4.<\/p>\n<p>Vuodesta 2010 olen ty\u00f6skennellyt yliopistonlehtorina kauppatieteiden laitoksella. Opetan erilaisia markkinoinnin ja johtamisen kursseja. Jo alkuvuosina tein opettajan pedagogiset opinnot (60 op), mit\u00e4 t\u00e4ydensi hyvin oman yliopistomme tarjoama Verkko-opetuksen asiantuntijavalmiudet (10 op). Vuodesta 2015 olen vet\u00e4nyt laitoksemme Pedatiimi\u00e4, joten tunnen melko hyvin opettajien arkiset ja ajankohtaiset huolenaiheet.<\/p>\n<p>Yliopiston ensimm\u00e4iseen flippariryhm\u00e4\u00e4n p\u00e4\u00e4seminen oli ratkaisevaa oman verkko-opetuksen kehitt\u00e4misen kannalta. Olin vierastanut ajatusta luentojeni tallentamisesta. No ei tarvitse, kun voi tehd\u00e4 luentovideoita verkkoon ihan oman ty\u00f6p\u00f6yd\u00e4n \u00e4\u00e4rell\u00e4. Olen pit\u00e4nyt t\u00e4st\u00e4 systeemist\u00e4 kovasti: aineistot verkkoon ennalta ja luokkatilanteissa asiantuntijuuden jakamista ja oppimisen syvent\u00e4mist\u00e4. Markkinoinnin peruskurssiakin luennoin isossa auditoriossa kahdeksan vuotta mutta flipattuani sen olemme syttyneet siit\u00e4 ihan eri tavalla, sek\u00e4 min\u00e4 ett\u00e4 opiskelijat.<\/p>\n<p>Minulle on t\u00e4rke\u00e4\u00e4, ett\u00e4 opetusta kehitet\u00e4\u00e4n kasvatustieteellisen tutkimustiedon pohjalta, ja ett\u00e4 kehitt\u00e4mishankkeet tuottavat my\u00f6s akateemista tutkimusta, kun nyt yliopistossa ollaan. Minulla on jo jonkin verran kokemusta erinomaisesta tutkimusyhteisty\u00f6st\u00e4 kasvatustieteilij\u00f6iden kanssa, se jatkukoon!<\/p>\n<p>Lis\u00e4\u00e4 minusta <a href=\"https:\/\/kurssiakaantamassa.blogspot.com\/\">blogissani<\/a>.<\/p>\n<p>\u00a0<\/p>\n<p><a href=\"https:\/\/uefconnect.uef.fi\/henkilo\/helena.kantanen\/\">Helena Kantanen UEF Connect<\/a><\/p>\n\n\n<figure class=\"wp-block-image size-large\"><img loading=\"lazy\" decoding=\"async\" width=\"1024\" height=\"683\" src=\"https:\/\/sites.uef.fi\/verkko-ja-monimuotopedagogiikka\/wp-content\/uploads\/sites\/245\/2021\/01\/Helena_Kantanen-1024x683.jpg\" alt=\"Kuva Helena Kantasesta\" class=\"wp-image-1106\" srcset=\"https:\/\/sites.uef.fi\/verkko-ja-monimuotopedagogiikka\/wp-content\/uploads\/sites\/245\/2021\/01\/Helena_Kantanen-1024x683.jpg 1024w, https:\/\/sites.uef.fi\/verkko-ja-monimuotopedagogiikka\/wp-content\/uploads\/sites\/245\/2021\/01\/Helena_Kantanen-300x200.jpg 300w, https:\/\/sites.uef.fi\/verkko-ja-monimuotopedagogiikka\/wp-content\/uploads\/sites\/245\/2021\/01\/Helena_Kantanen-768x512.jpg 768w, https:\/\/sites.uef.fi\/verkko-ja-monimuotopedagogiikka\/wp-content\/uploads\/sites\/245\/2021\/01\/Helena_Kantanen.jpg 1080w\" sizes=\"auto, (max-width: 767px) 89vw, (max-width: 1000px) 54vw, (max-width: 1071px) 543px, 580px\" \/><\/figure>\n","protected":false},"excerpt":{"rendered":"<p>Yliopistonlehtori Helena Kantanen\u00a0 Helena toimi YHKA:n fasilitaattorina kaudella 2021-2022. Hei! Olen Kantasen Helena kauppatieteiden laitokselta ja takuuvarmasti fasilitaattoriporukan vanhin. Se tarkoittaa sit\u00e4, ett\u00e4 en ole mik\u00e4\u00e4n diginatiivi vaan jo mustavalkotelevision aikaan syntynyt. Verkkomaailmaan loikkasin vauhdikkaasti entisess\u00e4 el\u00e4m\u00e4ss\u00e4ni, kun tiedottajan ty\u00f6ss\u00e4ni palasin yhdelt\u00e4 pitk\u00e4lt\u00e4 vanhempainvapaalta v. 1997 ja sill\u00e4 v\u00e4lin oli tullut Internet. Se oli siis &hellip; <\/p>\n<p class=\"link-more\"><a href=\"https:\/\/sites.uef.fi\/verkko-ja-monimuotopedagogiikka\/tutustu-helenaan\/\" class=\"more-link\">Jatka lukemista<span class=\"screen-reader-text\"> &#8221;Tutustu Helenaan&#8221;<\/span><\/a><\/p>\n","protected":false},"author":392,"featured_media":0,"parent":0,"menu_order":0,"comment_status":"closed","ping_status":"closed","template":"","meta":{"_acf_changed":false,"footnotes":""},"class_list":["post-187","page","type-page","status-publish","hentry"],"acf":[],"_links":{"self":[{"href":"https:\/\/sites.uef.fi\/verkko-ja-monimuotopedagogiikka\/wp-json\/wp\/v2\/pages\/187","targetHints":{"allow":["GET"]}}],"collection":[{"href":"https:\/\/sites.uef.fi\/verkko-ja-monimuotopedagogiikka\/wp-json\/wp\/v2\/pages"}],"about":[{"href":"https:\/\/sites.uef.fi\/verkko-ja-monimuotopedagogiikka\/wp-json\/wp\/v2\/types\/page"}],"author":[{"embeddable":true,"href":"https:\/\/sites.uef.fi\/verkko-ja-monimuotopedagogiikka\/wp-json\/wp\/v2\/users\/392"}],"replies":[{"embeddable":true,"href":"https:\/\/sites.uef.fi\/verkko-ja-monimuotopedagogiikka\/wp-json\/wp\/v2\/comments?post=187"}],"version-history":[{"count":2,"href":"https:\/\/sites.uef.fi\/verkko-ja-monimuotopedagogiikka\/wp-json\/wp\/v2\/pages\/187\/revisions"}],"predecessor-version":[{"id":4137,"href":"https:\/\/sites.uef.fi\/verkko-ja-monimuotopedagogiikka\/wp-json\/wp\/v2\/pages\/187\/revisions\/4137"}],"wp:attachment":[{"href":"https:\/\/sites.uef.fi\/verkko-ja-monimuotopedagogiikka\/wp-json\/wp\/v2\/media?parent=187"}],"curies":[{"name":"wp","href":"https:\/\/api.w.org\/{rel}","templated":true}]}}