{"id":214,"date":"2020-11-16T14:44:47","date_gmt":"2020-11-16T12:44:47","guid":{"rendered":"https:\/\/sites.uef.fi\/verkko-ja-monimuotopedagogiikka\/?page_id=214"},"modified":"2021-02-03T07:53:43","modified_gmt":"2021-02-03T05:53:43","slug":"oppimisymparistotyoryhma","status":"publish","type":"page","link":"https:\/\/sites.uef.fi\/verkko-ja-monimuotopedagogiikka\/oppimisymparistotyoryhma\/","title":{"rendered":"Oppimisymp\u00e4rist\u00f6- ty\u00f6ryhm\u00e4"},"content":{"rendered":"<h1>Oppimisymp\u00e4rist\u00f6ty\u00f6ryhm\u00e4<\/h1>\n<p>Fasilitaattorit osallistuvat yliopistomme oppimisymp\u00e4rist\u00f6ty\u00f6ryhm\u00e4n toimintaan. Oppimisymp\u00e4rist\u00f6ty\u00f6ryhm\u00e4 kokoontuu 2-3 kertaa lukukaudessa.<\/p>\n<h2>Oppimisymp\u00e4rist\u00f6ty\u00f6ryhm\u00e4n teht\u00e4v\u00e4kentt\u00e4:<\/h2>\n<ul>\n<li>linjausten, asioiden ja esitysten valmistelu<\/li>\n<li>uusien pedagogisten koulutusten taustoitus\/ kartoitus\/ esitykset<\/li>\n<li>opetusta edist\u00e4vien k\u00e4yt\u00e4nteiden testaus ja laajamittaisen jalkauttamisen edist\u00e4minen<\/li>\n<li>uusien ohjelmistojen ja opetuksessa yleisesti k\u00e4ytett\u00e4vien teknisten<\/li>\n<li>ratkaisujen ja laitteiden testaus, koulutusten pohdinta ja esitestaus yksik\u00f6iss\u00e4<\/li>\n<li>tiedon v\u00e4litys oppimisymp\u00e4rist\u00f6jen kehitt\u00e4misasioista eri osapuolten ja yksik\u00f6iden v\u00e4lill\u00e4<\/li>\n<li>oppimisymp\u00e4rist\u00f6asioiden tiedotuksen kehitt\u00e4minen<\/li>\n<li>koulutuskalenterin suunnittelu ja koulutusten koordinointi<\/li>\n<li>koulutussis\u00e4lt\u00f6jen ideointi, erityisesti matalan kynnyksen koulutukset<\/li>\n<li>uusiin pedagogisiin ja fyysiseen oppimisymp\u00e4rist\u00f6ratkaisuihin perehtyminen \u2013 eri tieteenalojen k\u00e4yt\u00e4nteisiin tutustuminen<\/li>\n<li>oppimisymp\u00e4rist\u00f6seminaarin sis\u00e4lt\u00f6jen ideointi ja kehitt\u00e4minen<\/li>\n<li>ajankohtaisen toiminnan ja uudistusten esittely<\/li>\n<li>oppimisymp\u00e4rist\u00f6ty\u00f6ryhm\u00e4 kokoontuu p\u00e4\u00e4s\u00e4\u00e4nt\u00f6isesti kahden kuukauden v\u00e4lein<\/li>\n<\/ul>\n<h2>Oppimisymp\u00e4rist\u00f6ty\u00f6ryhm\u00e4n j\u00e4senet 2020-2021:<\/h2>\n<p>Forsstr\u00f6m Sampo Filo\/norssi<br \/>\nHaapaniemi Tommi Opi<br \/>\nHarjula Tarja Topa<br \/>\nHeide Tuula Opi<br \/>\nJylh\u00e4 Virpi Yhka<br \/>\nKantanen Helena Yhka<br \/>\nKasanen Kati Filo<br \/>\nKohonen Susanna Kielikeskus<br \/>\nKorhonen Kari Opi, ty\u00f6ryhm\u00e4n puheenjohtaja<br \/>\nKorhonen Jenni TT<br \/>\nKorhonen Katja Kielikeskus<br \/>\nKouki Satu Opi<br \/>\nKukkonen Jari Filo<br \/>\nLaine Krista TT<br \/>\nManninen Jyri Filo<br \/>\nMielityinen Sampo Yhka<br \/>\nNiemi Marja-Liisa Aducate<br \/>\nNiiranen Simo Tipa<br \/>\nPaajanen vesa Lumet<br \/>\nPaldanius Ari Tipa<br \/>\nPalo-Oja Outi-Maaria Yhka<br \/>\nParikka Laura Kirjasto<br \/>\nPesonen Erkki Lumet<br \/>\nRavattinen Markku Tipa<br \/>\nRissanen Tiina TT<br \/>\nRitvanen Ulla Opi<br \/>\nRonkainen Antti Filo<br \/>\nR\u00e4s\u00e4nen Tarja Topa<br \/>\nSaaranen Terhi TT<br \/>\nSiitonen Piia TT<br \/>\nSointu Erkko Filo<br \/>\nSoppela Sanna Aducate<br \/>\nTervonen Sari Opi<br \/>\nTiihonen Kati Opi<br \/>\nTikkanen Outi Opi, ty\u00f6ryhm\u00e4n sihteeri<br \/>\nTolkki Lauri Kielikeskus<br \/>\nTuominen Seija Aducate<br \/>\nTurkka Satu Opi<br \/>\nVahimaa Pasi Lumet<br \/>\nValkonen Ville Aducate<br \/>\nV\u00e4liahde Anni opiskelijaj\u00e4sen<br \/>\nWidgren-Sallinen Erja Opi<br \/>\n\u00c5gren Jyrki TT<\/p>\n","protected":false},"excerpt":{"rendered":"<p>Oppimisymp\u00e4rist\u00f6ty\u00f6ryhm\u00e4 Fasilitaattorit osallistuvat yliopistomme oppimisymp\u00e4rist\u00f6ty\u00f6ryhm\u00e4n toimintaan. Oppimisymp\u00e4rist\u00f6ty\u00f6ryhm\u00e4 kokoontuu 2-3 kertaa lukukaudessa. Oppimisymp\u00e4rist\u00f6ty\u00f6ryhm\u00e4n teht\u00e4v\u00e4kentt\u00e4: linjausten, asioiden ja esitysten valmistelu uusien pedagogisten koulutusten taustoitus\/ kartoitus\/ esitykset opetusta edist\u00e4vien k\u00e4yt\u00e4nteiden testaus ja laajamittaisen jalkauttamisen edist\u00e4minen uusien ohjelmistojen ja opetuksessa yleisesti k\u00e4ytett\u00e4vien teknisten ratkaisujen ja laitteiden testaus, koulutusten pohdinta ja esitestaus yksik\u00f6iss\u00e4 tiedon v\u00e4litys oppimisymp\u00e4rist\u00f6jen kehitt\u00e4misasioista eri osapuolten ja &hellip; <\/p>\n<p class=\"link-more\"><a href=\"https:\/\/sites.uef.fi\/verkko-ja-monimuotopedagogiikka\/oppimisymparistotyoryhma\/\" class=\"more-link\">Jatka lukemista<span class=\"screen-reader-text\"> &#8221;Oppimisymp\u00e4rist\u00f6- ty\u00f6ryhm\u00e4&#8221;<\/span><\/a><\/p>\n","protected":false},"author":392,"featured_media":0,"parent":0,"menu_order":0,"comment_status":"closed","ping_status":"closed","template":"","meta":{"_acf_changed":false,"footnotes":""},"class_list":["post-214","page","type-page","status-publish","hentry"],"acf":[],"_links":{"self":[{"href":"https:\/\/sites.uef.fi\/verkko-ja-monimuotopedagogiikka\/wp-json\/wp\/v2\/pages\/214","targetHints":{"allow":["GET"]}}],"collection":[{"href":"https:\/\/sites.uef.fi\/verkko-ja-monimuotopedagogiikka\/wp-json\/wp\/v2\/pages"}],"about":[{"href":"https:\/\/sites.uef.fi\/verkko-ja-monimuotopedagogiikka\/wp-json\/wp\/v2\/types\/page"}],"author":[{"embeddable":true,"href":"https:\/\/sites.uef.fi\/verkko-ja-monimuotopedagogiikka\/wp-json\/wp\/v2\/users\/392"}],"replies":[{"embeddable":true,"href":"https:\/\/sites.uef.fi\/verkko-ja-monimuotopedagogiikka\/wp-json\/wp\/v2\/comments?post=214"}],"version-history":[{"count":2,"href":"https:\/\/sites.uef.fi\/verkko-ja-monimuotopedagogiikka\/wp-json\/wp\/v2\/pages\/214\/revisions"}],"predecessor-version":[{"id":2006,"href":"https:\/\/sites.uef.fi\/verkko-ja-monimuotopedagogiikka\/wp-json\/wp\/v2\/pages\/214\/revisions\/2006"}],"wp:attachment":[{"href":"https:\/\/sites.uef.fi\/verkko-ja-monimuotopedagogiikka\/wp-json\/wp\/v2\/media?parent=214"}],"curies":[{"name":"wp","href":"https:\/\/api.w.org\/{rel}","templated":true}]}}