{"id":3188,"date":"2022-01-21T11:41:41","date_gmt":"2022-01-21T09:41:41","guid":{"rendered":"https:\/\/sites.uef.fi\/verkko-ja-monimuotopedagogiikka\/?page_id=3188"},"modified":"2023-01-24T10:47:46","modified_gmt":"2023-01-24T08:47:46","slug":"digiopettajan-starttipaketti","status":"publish","type":"page","link":"https:\/\/sites.uef.fi\/verkko-ja-monimuotopedagogiikka\/digiopettajan-starttipaketti\/","title":{"rendered":"Digiopettajan starttipaketti"},"content":{"rendered":"\n<h2 class=\"wp-block-heading\">Tervetuloa tutustumaan Digiopettajan Starttipakettiin!<\/h2>\n\n\n\n<p>Digiopettajan starttipaketti on tarkoitettu opettajalle, joka on suunnittelemassa opetustaan verkko- ja monimuotopedagogiikkaa hy\u00f6dynt\u00e4v\u00e4ksi. Olitpa sitten vasta taloon tullut tai konkari, ota k\u00e4ytt\u00f6\u00f6n sinulle hy\u00f6dylliset vinkit, ideat ja v\u00e4lineet, vaikka yksi kerrallaan.<\/p>\n\n\n\n<p>Materiaali n\u00e4kyy koko n\u00e4yt\u00f6ll\u00e4si, kun klikkaat oikeassa yl\u00e4laidassa olevaa kuvaketta.  Sis\u00e4llysluettelon puolestaan saat n\u00e4kyviin klikkaamalla oikeassa alalaidassa olevaa kuvaketta. <a href=\"https:\/\/sway.office.com\/67iC51eHV9xBemOY?ref=Link\" target=\"_blank\" rel=\"noreferrer noopener\">P\u00e4\u00e4set tutustumaan starttipakettiin my\u00f6s suoraan t\u00e4st\u00e4 linkist\u00e4.<\/a><\/p>\n\n\n\n<iframe loading=\"lazy\" aria-label=\"sway digiopettajan starttipaketti\" width=\"910px\" height=\"500px\" src=\"https:\/\/sway.office.com\/s\/67iC51eHV9xBemOY\/embed\" frameborder=\"0\" marginheight=\"0\" marginwidth=\"0\" max-width=\"100%\" sandbox=\"allow-forms allow-modals allow-orientation-lock allow-popups allow-same-origin allow-scripts\" scrolling=\"no\" style=\"border: none; max-width: 100%; max-height: 100vh\" allowfullscreen mozallowfullscreen msallowfullscreen webkitallowfullscreen><\/iframe>\n","protected":false},"excerpt":{"rendered":"<p>Tervetuloa tutustumaan Digiopettajan Starttipakettiin! Digiopettajan starttipaketti on tarkoitettu opettajalle, joka on suunnittelemassa opetustaan verkko- ja monimuotopedagogiikkaa hy\u00f6dynt\u00e4v\u00e4ksi. Olitpa sitten vasta taloon tullut tai konkari, ota k\u00e4ytt\u00f6\u00f6n sinulle hy\u00f6dylliset vinkit, ideat ja v\u00e4lineet, vaikka yksi kerrallaan. Materiaali n\u00e4kyy koko n\u00e4yt\u00f6ll\u00e4si, kun klikkaat oikeassa yl\u00e4laidassa olevaa kuvaketta. Sis\u00e4llysluettelon puolestaan saat n\u00e4kyviin klikkaamalla oikeassa alalaidassa olevaa kuvaketta. P\u00e4\u00e4set &hellip; <\/p>\n<p class=\"link-more\"><a href=\"https:\/\/sites.uef.fi\/verkko-ja-monimuotopedagogiikka\/digiopettajan-starttipaketti\/\" class=\"more-link\">Jatka lukemista<span class=\"screen-reader-text\"> &#8221;Digiopettajan starttipaketti&#8221;<\/span><\/a><\/p>\n","protected":false},"author":447,"featured_media":0,"parent":0,"menu_order":0,"comment_status":"closed","ping_status":"closed","template":"","meta":{"_acf_changed":false,"footnotes":""},"class_list":["post-3188","page","type-page","status-publish","hentry"],"acf":[],"_links":{"self":[{"href":"https:\/\/sites.uef.fi\/verkko-ja-monimuotopedagogiikka\/wp-json\/wp\/v2\/pages\/3188","targetHints":{"allow":["GET"]}}],"collection":[{"href":"https:\/\/sites.uef.fi\/verkko-ja-monimuotopedagogiikka\/wp-json\/wp\/v2\/pages"}],"about":[{"href":"https:\/\/sites.uef.fi\/verkko-ja-monimuotopedagogiikka\/wp-json\/wp\/v2\/types\/page"}],"author":[{"embeddable":true,"href":"https:\/\/sites.uef.fi\/verkko-ja-monimuotopedagogiikka\/wp-json\/wp\/v2\/users\/447"}],"replies":[{"embeddable":true,"href":"https:\/\/sites.uef.fi\/verkko-ja-monimuotopedagogiikka\/wp-json\/wp\/v2\/comments?post=3188"}],"version-history":[{"count":1,"href":"https:\/\/sites.uef.fi\/verkko-ja-monimuotopedagogiikka\/wp-json\/wp\/v2\/pages\/3188\/revisions"}],"predecessor-version":[{"id":4155,"href":"https:\/\/sites.uef.fi\/verkko-ja-monimuotopedagogiikka\/wp-json\/wp\/v2\/pages\/3188\/revisions\/4155"}],"wp:attachment":[{"href":"https:\/\/sites.uef.fi\/verkko-ja-monimuotopedagogiikka\/wp-json\/wp\/v2\/media?parent=3188"}],"curies":[{"name":"wp","href":"https:\/\/api.w.org\/{rel}","templated":true}]}}