{"id":32,"date":"2020-11-11T06:13:44","date_gmt":"2020-11-11T04:13:44","guid":{"rendered":"https:\/\/sites.uef.fi\/verkko-ja-monimuotopedagogiikka\/?page_id=32"},"modified":"2023-01-24T12:18:32","modified_gmt":"2023-01-24T10:18:32","slug":"etusivu","status":"publish","type":"page","link":"https:\/\/sites.uef.fi\/verkko-ja-monimuotopedagogiikka\/","title":{"rendered":"Etusivu"},"content":{"rendered":"<h1>Verkko- ja monimuotopedagogiikka It\u00e4-Suomen yliopistossa<\/h1>\n<p>Millaista on laadukas verkko-opetus? Millaista pedagogista ja teknist\u00e4 osaamista tarvitaan ja miten ne yhdistet\u00e4\u00e4n?\u00a0<\/p>\n<p>Uudet, joustavat opetuksen ja opiskelun tavat edellytt\u00e4v\u00e4t my\u00f6s uudenlaista osaamista. Kehit\u00e4mme yhdess\u00e4 digivalmiuksiamme ja etsimme oppimista tukevia ja vuorovaikutteisia opetus- ja ohjausmenetelmi\u00e4.<\/p>\n<p>It\u00e4-Suomen yliopisto panostaa verkko-ja monimuotopedagogiikkaan palkkaamalla viisi kokenutta opettajaa fasilitaattoriksi. Fasilitaattoreina toimivat ensimm\u00e4isell\u00e4 toimikaudella yliopistonlehtorit <a href=\"https:\/\/sites.uef.fi\/verkko-ja-monimuotopedagogiikka\/tutustu-katiin\/\">Kati Kasanen<\/a>, <a href=\"https:\/\/sites.uef.fi\/verkko-ja-monimuotopedagogiikka\/tutustu-vesaan\/\">Vesa Paajanen<\/a>, <a href=\"https:\/\/sites.uef.fi\/verkko-ja-monimuotopedagogiikka\/tutustu-piiaan\/\">Piia Siitonen<\/a>, <a href=\"https:\/\/sites.uef.fi\/verkko-ja-monimuotopedagogiikka\/tutustu-helenaan\/\">Helena Kantanen<\/a> ja <a href=\"https:\/\/sites.uef.fi\/verkko-ja-monimuotopedagogiikka\/tutustu-susannaan\/\">Susanna Kohonen<\/a>.<\/p>\n<p>Fasilitaattorit tukevat opettajan arkea muutostilanteessa. He rohkaisevat kokeilemaan uutta ja uudistamaan opetusta.\u00a0<\/p>\n<p>Kehitt\u00e4misty\u00f6t\u00e4 yhdess\u00e4 fasilitaattoreiden kanssa toteuttavat:<\/p>\n<ul>\n<li style=\"list-style-type: none\">\n<ul>\n<li>Opintopalvelut\/ Koulutuspalvelut ja eOppimisen tukipalvelut\u00a0<\/li>\n<li>Tietotekniikkapalvelut\u00a0<\/li>\n<li>Toimitilapalvelut<\/li>\n<li>UEF Kirjasto<\/li>\n<li><a href=\"https:\/\/www.uef.fi\/fi\/jatkuvan-oppimisen-keskus\">Jatkuvan oppimisen keskus<\/a><\/li>\n<li><a href=\"https:\/\/www.uef.fi\/fi\/tutkimusyhteiso\/oppiminen-digitalisoituneessa-yhteiskunnassa\">Oppiminen digitalisoituneessa yhteiskunnassa (DIGS) -tutkimusyhteis\u00f6<\/a><\/li>\n<li>Muut pedagogista tutkimusta tekev\u00e4t tutkimusryhm\u00e4t<\/li>\n<li><a href=\"https:\/\/sites.uef.fi\/verkko-ja-monimuotopedagogiikka\/oppimisymparistotyoryhma\/\">Oppimisymp\u00e4rist\u00f6ty\u00f6ryhm\u00e4<\/a><\/li>\n<li>Yksik\u00f6iden muut verkko- ja monimuotopedagogiikan kehittymist\u00e4 edist\u00e4v\u00e4t toimijat<\/li>\n<\/ul>\n<\/li>\n<\/ul>\n<p>Kehitt\u00e4misohjelmaa johtaa <a href=\"https:\/\/uefconnect.uef.fi\/henkilo\/tapio.maatta\/\">akateeminen rehtori Tapio M\u00e4\u00e4tt\u00e4<\/a>.<\/p>\n\n\n<figure class=\"wp-block-image size-large\"><img loading=\"lazy\" decoding=\"async\" width=\"960\" height=\"720\" src=\"https:\/\/sites.uef.fi\/verkko-ja-monimuotopedagogiikka\/wp-content\/uploads\/sites\/245\/2021\/01\/Verkko-ja-monimuotopedagogiikan-toimijoiden-organisoituminen_ilman-linkkeja.jpg\" alt=\"Kuva verkko- ja monimuotopedagogiikan toimijoista\" class=\"wp-image-1325\" srcset=\"https:\/\/sites.uef.fi\/verkko-ja-monimuotopedagogiikka\/wp-content\/uploads\/sites\/245\/2021\/01\/Verkko-ja-monimuotopedagogiikan-toimijoiden-organisoituminen_ilman-linkkeja.jpg 960w, https:\/\/sites.uef.fi\/verkko-ja-monimuotopedagogiikka\/wp-content\/uploads\/sites\/245\/2021\/01\/Verkko-ja-monimuotopedagogiikan-toimijoiden-organisoituminen_ilman-linkkeja-300x225.jpg 300w, https:\/\/sites.uef.fi\/verkko-ja-monimuotopedagogiikka\/wp-content\/uploads\/sites\/245\/2021\/01\/Verkko-ja-monimuotopedagogiikan-toimijoiden-organisoituminen_ilman-linkkeja-768x576.jpg 768w\" sizes=\"auto, (max-width: 767px) 89vw, (max-width: 1000px) 54vw, (max-width: 1071px) 543px, 580px\" \/><figcaption class=\"wp-element-caption\">Verkko- ja monimuotopedagogiikan kehitt\u00e4j\u00e4verkosto. Tutustu tarkemmin <a href=\"https:\/\/sites.uef.fi\/verkko-ja-monimuotopedagogiikka\/yhteistyotahot\/\">Yhteisty\u00f6tahot -sivulta<\/a>.<\/figcaption><\/figure>\n","protected":false},"excerpt":{"rendered":"<p>Verkko- ja monimuotopedagogiikka It\u00e4-Suomen yliopistossa Millaista on laadukas verkko-opetus? Millaista pedagogista ja teknist\u00e4 osaamista tarvitaan ja miten ne yhdistet\u00e4\u00e4n?\u00a0 Uudet, joustavat opetuksen ja opiskelun tavat edellytt\u00e4v\u00e4t my\u00f6s uudenlaista osaamista. Kehit\u00e4mme yhdess\u00e4 digivalmiuksiamme ja etsimme oppimista tukevia ja vuorovaikutteisia opetus- ja ohjausmenetelmi\u00e4. It\u00e4-Suomen yliopisto panostaa verkko-ja monimuotopedagogiikkaan palkkaamalla viisi kokenutta opettajaa fasilitaattoriksi. Fasilitaattoreina toimivat ensimm\u00e4isell\u00e4 toimikaudella &hellip; <\/p>\n<p class=\"link-more\"><a href=\"https:\/\/sites.uef.fi\/verkko-ja-monimuotopedagogiikka\/\" class=\"more-link\">Jatka lukemista<span class=\"screen-reader-text\"> &#8221;Etusivu&#8221;<\/span><\/a><\/p>\n","protected":false},"author":392,"featured_media":0,"parent":0,"menu_order":0,"comment_status":"closed","ping_status":"closed","template":"","meta":{"_acf_changed":false,"footnotes":""},"class_list":["post-32","page","type-page","status-publish","hentry"],"acf":[],"_links":{"self":[{"href":"https:\/\/sites.uef.fi\/verkko-ja-monimuotopedagogiikka\/wp-json\/wp\/v2\/pages\/32","targetHints":{"allow":["GET"]}}],"collection":[{"href":"https:\/\/sites.uef.fi\/verkko-ja-monimuotopedagogiikka\/wp-json\/wp\/v2\/pages"}],"about":[{"href":"https:\/\/sites.uef.fi\/verkko-ja-monimuotopedagogiikka\/wp-json\/wp\/v2\/types\/page"}],"author":[{"embeddable":true,"href":"https:\/\/sites.uef.fi\/verkko-ja-monimuotopedagogiikka\/wp-json\/wp\/v2\/users\/392"}],"replies":[{"embeddable":true,"href":"https:\/\/sites.uef.fi\/verkko-ja-monimuotopedagogiikka\/wp-json\/wp\/v2\/comments?post=32"}],"version-history":[{"count":3,"href":"https:\/\/sites.uef.fi\/verkko-ja-monimuotopedagogiikka\/wp-json\/wp\/v2\/pages\/32\/revisions"}],"predecessor-version":[{"id":4204,"href":"https:\/\/sites.uef.fi\/verkko-ja-monimuotopedagogiikka\/wp-json\/wp\/v2\/pages\/32\/revisions\/4204"}],"wp:attachment":[{"href":"https:\/\/sites.uef.fi\/verkko-ja-monimuotopedagogiikka\/wp-json\/wp\/v2\/media?parent=32"}],"curies":[{"name":"wp","href":"https:\/\/api.w.org\/{rel}","templated":true}]}}