{"id":3328,"date":"2022-02-04T10:11:24","date_gmt":"2022-02-04T08:11:24","guid":{"rendered":"https:\/\/sites.uef.fi\/verkko-ja-monimuotopedagogiikka\/?page_id=3328"},"modified":"2022-02-04T10:11:25","modified_gmt":"2022-02-04T08:11:25","slug":"koulutusten-tallenteet-ueflaisille","status":"publish","type":"page","link":"https:\/\/sites.uef.fi\/verkko-ja-monimuotopedagogiikka\/koulutusten-tallenteet-ueflaisille\/","title":{"rendered":"Koulutusten tallenteet UEFlaisille"},"content":{"rendered":"\n<h2 class=\"wp-block-heading\">Pedagogiset min\u00e4t -webinaarisarja<\/h2>\n\n\n\n<p>Min\u00e4 koulutuksen kehitt\u00e4j\u00e4n\u00e4 18.1.2022<\/p>\n\n\n\n<p>Professorit Laura Hirsto ja Erkko Sointu ja yliopistonlehtori Sini Kontkanen It\u00e4-Suomen yliopistosta<\/p>\n\n\n<iframe loading=\"lazy\" allow=\"autoplay; fullscreen\" height=\"270\" width=\"500\" src=\"https:\/\/media.uef.fi\/Embed.aspx?id=80358&amp;code=dH~auT8LRKyEZUQHoJHJ9GAxOJoIgdNKq\" frameborder=\"0\" allowfullscreen><\/iframe>\n\n\n\n<p><\/p>\n","protected":false},"excerpt":{"rendered":"<p>Pedagogiset min\u00e4t -webinaarisarja Min\u00e4 koulutuksen kehitt\u00e4j\u00e4n\u00e4 18.1.2022 Professorit Laura Hirsto ja Erkko Sointu ja yliopistonlehtori Sini Kontkanen It\u00e4-Suomen yliopistosta<\/p>\n","protected":false},"author":447,"featured_media":0,"parent":0,"menu_order":0,"comment_status":"closed","ping_status":"closed","template":"","meta":{"_acf_changed":false,"footnotes":""},"class_list":["post-3328","page","type-page","status-publish","hentry"],"acf":[],"_links":{"self":[{"href":"https:\/\/sites.uef.fi\/verkko-ja-monimuotopedagogiikka\/wp-json\/wp\/v2\/pages\/3328","targetHints":{"allow":["GET"]}}],"collection":[{"href":"https:\/\/sites.uef.fi\/verkko-ja-monimuotopedagogiikka\/wp-json\/wp\/v2\/pages"}],"about":[{"href":"https:\/\/sites.uef.fi\/verkko-ja-monimuotopedagogiikka\/wp-json\/wp\/v2\/types\/page"}],"author":[{"embeddable":true,"href":"https:\/\/sites.uef.fi\/verkko-ja-monimuotopedagogiikka\/wp-json\/wp\/v2\/users\/447"}],"replies":[{"embeddable":true,"href":"https:\/\/sites.uef.fi\/verkko-ja-monimuotopedagogiikka\/wp-json\/wp\/v2\/comments?post=3328"}],"version-history":[{"count":1,"href":"https:\/\/sites.uef.fi\/verkko-ja-monimuotopedagogiikka\/wp-json\/wp\/v2\/pages\/3328\/revisions"}],"predecessor-version":[{"id":3331,"href":"https:\/\/sites.uef.fi\/verkko-ja-monimuotopedagogiikka\/wp-json\/wp\/v2\/pages\/3328\/revisions\/3331"}],"wp:attachment":[{"href":"https:\/\/sites.uef.fi\/verkko-ja-monimuotopedagogiikka\/wp-json\/wp\/v2\/media?parent=3328"}],"curies":[{"name":"wp","href":"https:\/\/api.w.org\/{rel}","templated":true}]}}