{"id":3839,"date":"2022-11-28T09:59:38","date_gmt":"2022-11-28T07:59:38","guid":{"rendered":"https:\/\/sites.uef.fi\/verkko-ja-monimuotopedagogiikka\/?page_id=3839"},"modified":"2023-01-24T10:48:39","modified_gmt":"2023-01-24T08:48:39","slug":"digiopettajat-jatkopaketti","status":"publish","type":"page","link":"https:\/\/sites.uef.fi\/verkko-ja-monimuotopedagogiikka\/digiopettajat-jatkopaketti\/","title":{"rendered":"Digiopettajat jatkopaketti"},"content":{"rendered":"\n<h2 class=\"wp-block-heading\">Tervetuloa Digiopettajan jatkopaketin pariin!<\/h2>\n\n\n\n<p>Digiopettajan jatkopaketti on tarkoitettu opettajalle, joka osaa jo k\u00e4ytt\u00e4\u00e4 verkko- ja monimuotopedagogiikkaa opetuksessaan, ja on lis\u00e4ksi kiinnostunut monipuolistamaan opetustaan erilaisilla pedagogisilla ratkaisuilla, oppimisymp\u00e4rist\u00f6ill\u00e4 ja digitaalisilla v\u00e4lineill\u00e4.<\/p>\n\n\n\n<p>Materiaali n\u00e4kyy koko n\u00e4yt\u00f6ll\u00e4si, kun klikkaat oikeassa yl\u00e4laidassa olevaa kuvaketta. Sis\u00e4llysluettelon puolestaan saat n\u00e4kyviin klikkaamalla oikeassa alalaidassa olevaa kuvaketta. <a href=\"https:\/\/sway.office.com\/JFC414mT4NEmDDYf?ref=Link\" target=\"_blank\" rel=\"noreferrer noopener\">P\u00e4\u00e4set tutustumaan jatkopakettiin my\u00f6s suoraan t\u00e4st\u00e4 linkist\u00e4.<\/a><\/p>\n\n\n<iframe loading=\"lazy\" aria-label=\"sway digiopettajan jatkopaketti\" width=\"760px\" height=\"500px\" src=\"https:\/\/sway.office.com\/s\/JFC414mT4NEmDDYf\/embed\" frameborder=\"0\" marginheight=\"0\" marginwidth=\"0\" max-width=\"100%\" sandbox=\"allow-forms allow-modals allow-orientation-lock allow-popups allow-same-origin allow-scripts\" scrolling=\"no\" style=\"border: none; max-width: 100%; max-height: 100vh\" allowfullscreen mozallowfullscreen msallowfullscreen webkitallowfullscreen><\/iframe>\n","protected":false},"excerpt":{"rendered":"<p>Tervetuloa Digiopettajan jatkopaketin pariin! Digiopettajan jatkopaketti on tarkoitettu opettajalle, joka osaa jo k\u00e4ytt\u00e4\u00e4 verkko- ja monimuotopedagogiikkaa opetuksessaan, ja on lis\u00e4ksi kiinnostunut monipuolistamaan opetustaan erilaisilla pedagogisilla ratkaisuilla, oppimisymp\u00e4rist\u00f6ill\u00e4 ja digitaalisilla v\u00e4lineill\u00e4. Materiaali n\u00e4kyy koko n\u00e4yt\u00f6ll\u00e4si, kun klikkaat oikeassa yl\u00e4laidassa olevaa kuvaketta. Sis\u00e4llysluettelon puolestaan saat n\u00e4kyviin klikkaamalla oikeassa alalaidassa olevaa kuvaketta. P\u00e4\u00e4set tutustumaan jatkopakettiin my\u00f6s suoraan t\u00e4st\u00e4 &hellip; <\/p>\n<p class=\"link-more\"><a href=\"https:\/\/sites.uef.fi\/verkko-ja-monimuotopedagogiikka\/digiopettajat-jatkopaketti\/\" class=\"more-link\">Jatka lukemista<span class=\"screen-reader-text\"> &#8221;Digiopettajat jatkopaketti&#8221;<\/span><\/a><\/p>\n","protected":false},"author":447,"featured_media":0,"parent":0,"menu_order":0,"comment_status":"closed","ping_status":"closed","template":"","meta":{"_acf_changed":false,"footnotes":""},"class_list":["post-3839","page","type-page","status-publish","hentry"],"acf":[],"_links":{"self":[{"href":"https:\/\/sites.uef.fi\/verkko-ja-monimuotopedagogiikka\/wp-json\/wp\/v2\/pages\/3839","targetHints":{"allow":["GET"]}}],"collection":[{"href":"https:\/\/sites.uef.fi\/verkko-ja-monimuotopedagogiikka\/wp-json\/wp\/v2\/pages"}],"about":[{"href":"https:\/\/sites.uef.fi\/verkko-ja-monimuotopedagogiikka\/wp-json\/wp\/v2\/types\/page"}],"author":[{"embeddable":true,"href":"https:\/\/sites.uef.fi\/verkko-ja-monimuotopedagogiikka\/wp-json\/wp\/v2\/users\/447"}],"replies":[{"embeddable":true,"href":"https:\/\/sites.uef.fi\/verkko-ja-monimuotopedagogiikka\/wp-json\/wp\/v2\/comments?post=3839"}],"version-history":[{"count":2,"href":"https:\/\/sites.uef.fi\/verkko-ja-monimuotopedagogiikka\/wp-json\/wp\/v2\/pages\/3839\/revisions"}],"predecessor-version":[{"id":4158,"href":"https:\/\/sites.uef.fi\/verkko-ja-monimuotopedagogiikka\/wp-json\/wp\/v2\/pages\/3839\/revisions\/4158"}],"wp:attachment":[{"href":"https:\/\/sites.uef.fi\/verkko-ja-monimuotopedagogiikka\/wp-json\/wp\/v2\/media?parent=3839"}],"curies":[{"name":"wp","href":"https:\/\/api.w.org\/{rel}","templated":true}]}}