{"id":4044,"date":"2023-01-18T08:30:16","date_gmt":"2023-01-18T06:30:16","guid":{"rendered":"https:\/\/sites.uef.fi\/verkko-ja-monimuotopedagogiikka\/?page_id=4044"},"modified":"2023-08-31T12:00:30","modified_gmt":"2023-08-31T09:00:30","slug":"toimintasuunnitelma","status":"publish","type":"page","link":"https:\/\/sites.uef.fi\/verkko-ja-monimuotopedagogiikka\/toimintasuunnitelma\/","title":{"rendered":"Toimintasuunnitelma"},"content":{"rendered":"\n<h2 class=\"wp-block-heading\">Toimintasuunnitelma kaudelle 2023-2024:<\/h2>\n\n\n\n<div data-wp-interactive=\"core\/file\" class=\"wp-block-file\"><object data-wp-bind--hidden=\"!state.hasPdfPreview\" hidden class=\"wp-block-file__embed\" data=\"https:\/\/sites.uef.fi\/verkko-ja-monimuotopedagogiikka\/wp-content\/uploads\/sites\/245\/2023\/08\/Visio_missio_ja_tavoitteet_toiselle_kaudelle.pdf\" type=\"application\/pdf\" style=\"width:100%;height:600px\" aria-label=\"Tiedoston Visio_missio_ja_tavoitteet_toiselle_kaudelle upotus.\"><\/object><a id=\"wp-block-file--media-ceaa09f7-f959-4d90-8569-64888ebeace5\" href=\"https:\/\/sites.uef.fi\/verkko-ja-monimuotopedagogiikka\/wp-content\/uploads\/sites\/245\/2023\/08\/Visio_missio_ja_tavoitteet_toiselle_kaudelle.pdf\">Visio_missio_ja_tavoitteet_toiselle_kaudelle<\/a><a href=\"https:\/\/sites.uef.fi\/verkko-ja-monimuotopedagogiikka\/wp-content\/uploads\/sites\/245\/2023\/08\/Visio_missio_ja_tavoitteet_toiselle_kaudelle.pdf\" class=\"wp-block-file__button wp-element-button\" download aria-describedby=\"wp-block-file--media-ceaa09f7-f959-4d90-8569-64888ebeace5\">Lataa<\/a><\/div>\n\n\n\n<p><\/p>\n\n\n\n<h2 class=\"wp-block-heading\">Ensimm\u00e4isen toimintakauden (2021-2022) toimintasuunnitelma:<\/h2>\n\n\n\n<p>Materiaali n\u00e4kyy koko n\u00e4yt\u00f6ll\u00e4si, kun klikkaat oikeassa yl\u00e4laidassa olevaa kuvaketta. Sis\u00e4llysluettelon puolestaan saat n\u00e4kyviin klikkaamalla oikeassa alalaidassa olevaa kuvaketta. <a href=\"https:\/\/sway.office.com\/ISSMbtFAK8A0kTii?ref=Link\" target=\"_blank\" rel=\"noreferrer noopener\">P\u00e4\u00e4set tutustumaan toimintasuunnitelmaan my\u00f6s suoraan t\u00e4st\u00e4 linkist\u00e4.<\/a><\/p>\n\n\n<iframe width=\"760px\" height=\"500px\" src=https:\/\/sway.office.com\/s\/ISSMbtFAK8A0kTii\/embed frameborder=\"0\" marginheight=\"0\" marginwidth=\"0\" max-width=\"100%\" sandbox=\"allow-forms allow-modals allow-orientation-lock allow-popups allow-same-origin allow-scripts\" scrolling=\"no\" style=\"border: none; max-width: 100%; max-height: 100vh\" allowfullscreen mozallowfullscreen msallowfullscreen webkitallowfullscreen><\/iframe>\n","protected":false},"excerpt":{"rendered":"<p>Toimintasuunnitelma kaudelle 2023-2024: Ensimm\u00e4isen toimintakauden (2021-2022) toimintasuunnitelma: Materiaali n\u00e4kyy koko n\u00e4yt\u00f6ll\u00e4si, kun klikkaat oikeassa yl\u00e4laidassa olevaa kuvaketta. Sis\u00e4llysluettelon puolestaan saat n\u00e4kyviin klikkaamalla oikeassa alalaidassa olevaa kuvaketta. P\u00e4\u00e4set tutustumaan toimintasuunnitelmaan my\u00f6s suoraan t\u00e4st\u00e4 linkist\u00e4.<\/p>\n","protected":false},"author":447,"featured_media":0,"parent":0,"menu_order":0,"comment_status":"closed","ping_status":"closed","template":"","meta":{"_acf_changed":false,"footnotes":""},"class_list":["post-4044","page","type-page","status-publish","hentry"],"acf":[],"_links":{"self":[{"href":"https:\/\/sites.uef.fi\/verkko-ja-monimuotopedagogiikka\/wp-json\/wp\/v2\/pages\/4044","targetHints":{"allow":["GET"]}}],"collection":[{"href":"https:\/\/sites.uef.fi\/verkko-ja-monimuotopedagogiikka\/wp-json\/wp\/v2\/pages"}],"about":[{"href":"https:\/\/sites.uef.fi\/verkko-ja-monimuotopedagogiikka\/wp-json\/wp\/v2\/types\/page"}],"author":[{"embeddable":true,"href":"https:\/\/sites.uef.fi\/verkko-ja-monimuotopedagogiikka\/wp-json\/wp\/v2\/users\/447"}],"replies":[{"embeddable":true,"href":"https:\/\/sites.uef.fi\/verkko-ja-monimuotopedagogiikka\/wp-json\/wp\/v2\/comments?post=4044"}],"version-history":[{"count":1,"href":"https:\/\/sites.uef.fi\/verkko-ja-monimuotopedagogiikka\/wp-json\/wp\/v2\/pages\/4044\/revisions"}],"predecessor-version":[{"id":4760,"href":"https:\/\/sites.uef.fi\/verkko-ja-monimuotopedagogiikka\/wp-json\/wp\/v2\/pages\/4044\/revisions\/4760"}],"wp:attachment":[{"href":"https:\/\/sites.uef.fi\/verkko-ja-monimuotopedagogiikka\/wp-json\/wp\/v2\/media?parent=4044"}],"curies":[{"name":"wp","href":"https:\/\/api.w.org\/{rel}","templated":true}]}}