{"id":4053,"date":"2023-01-18T08:31:58","date_gmt":"2023-01-18T06:31:58","guid":{"rendered":"https:\/\/sites.uef.fi\/verkko-ja-monimuotopedagogiikka\/?page_id=4053"},"modified":"2023-01-25T10:33:57","modified_gmt":"2023-01-25T08:33:57","slug":"toimintakertomus","status":"publish","type":"page","link":"https:\/\/sites.uef.fi\/verkko-ja-monimuotopedagogiikka\/toimintakertomus\/","title":{"rendered":"Toimintakertomus"},"content":{"rendered":"\n<p>Materiaali n\u00e4kyy koko n\u00e4yt\u00f6ll\u00e4si, kun klikkaat oikeassa yl\u00e4laidassa olevaa kuvaketta. Sis\u00e4llysluettelon puolestaan saat n\u00e4kyviin klikkaamalla oikeassa alalaidassa olevaa kuvaketta.<a href=\"https:\/\/sway.office.com\/UaIfppjs5aXVkukL?ref=Link\" target=\"_blank\" rel=\"noreferrer noopener\"> P\u00e4\u00e4set tutustumaan toimintakertomukseen my\u00f6s suoraan t\u00e4st\u00e4 linkist\u00e4.<\/a><\/p>\n\n\n<iframe width=\"760px\" height=\"500px\" src=https:\/\/sway.office.com\/s\/UaIfppjs5aXVkukL\/embed frameborder=\"0\" marginheight=\"0\" marginwidth=\"0\" max-width=\"100%\" sandbox=\"allow-forms allow-modals allow-orientation-lock allow-popups allow-same-origin allow-scripts\" scrolling=\"no\" style=\"border: none; max-width: 100%; max-height: 100vh\" allowfullscreen mozallowfullscreen msallowfullscreen webkitallowfullscreen><\/iframe>\n","protected":false},"excerpt":{"rendered":"<p>Materiaali n\u00e4kyy koko n\u00e4yt\u00f6ll\u00e4si, kun klikkaat oikeassa yl\u00e4laidassa olevaa kuvaketta. Sis\u00e4llysluettelon puolestaan saat n\u00e4kyviin klikkaamalla oikeassa alalaidassa olevaa kuvaketta. P\u00e4\u00e4set tutustumaan toimintakertomukseen my\u00f6s suoraan t\u00e4st\u00e4 linkist\u00e4.<\/p>\n","protected":false},"author":447,"featured_media":0,"parent":0,"menu_order":0,"comment_status":"closed","ping_status":"closed","template":"","meta":{"_acf_changed":false,"footnotes":""},"class_list":["post-4053","page","type-page","status-publish","hentry"],"acf":[],"_links":{"self":[{"href":"https:\/\/sites.uef.fi\/verkko-ja-monimuotopedagogiikka\/wp-json\/wp\/v2\/pages\/4053","targetHints":{"allow":["GET"]}}],"collection":[{"href":"https:\/\/sites.uef.fi\/verkko-ja-monimuotopedagogiikka\/wp-json\/wp\/v2\/pages"}],"about":[{"href":"https:\/\/sites.uef.fi\/verkko-ja-monimuotopedagogiikka\/wp-json\/wp\/v2\/types\/page"}],"author":[{"embeddable":true,"href":"https:\/\/sites.uef.fi\/verkko-ja-monimuotopedagogiikka\/wp-json\/wp\/v2\/users\/447"}],"replies":[{"embeddable":true,"href":"https:\/\/sites.uef.fi\/verkko-ja-monimuotopedagogiikka\/wp-json\/wp\/v2\/comments?post=4053"}],"version-history":[{"count":2,"href":"https:\/\/sites.uef.fi\/verkko-ja-monimuotopedagogiikka\/wp-json\/wp\/v2\/pages\/4053\/revisions"}],"predecessor-version":[{"id":4748,"href":"https:\/\/sites.uef.fi\/verkko-ja-monimuotopedagogiikka\/wp-json\/wp\/v2\/pages\/4053\/revisions\/4748"}],"wp:attachment":[{"href":"https:\/\/sites.uef.fi\/verkko-ja-monimuotopedagogiikka\/wp-json\/wp\/v2\/media?parent=4053"}],"curies":[{"name":"wp","href":"https:\/\/api.w.org\/{rel}","templated":true}]}}