{"id":4110,"date":"2023-01-24T10:33:58","date_gmt":"2023-01-24T08:33:58","guid":{"rendered":"https:\/\/sites.uef.fi\/verkko-ja-monimuotopedagogiikka\/?page_id=4110"},"modified":"2023-01-24T10:43:08","modified_gmt":"2023-01-24T08:43:08","slug":"tutustu-sanniin","status":"publish","type":"page","link":"https:\/\/sites.uef.fi\/verkko-ja-monimuotopedagogiikka\/tutustu-sanniin\/","title":{"rendered":"Tutustu Sanniin"},"content":{"rendered":"\n<h1 class=\"wp-block-heading\">Yliopisto-opettaja Sanni Pirttil\u00e4<\/h1>\n\n\n\n<p>Sanni toimii YHKA:n fasilitaattorina kaudella 2023-2024.<\/p>\n\n\n\n<p>Hei,<\/p>\n\n\n\n<p>Olen Sanni Pirttil\u00e4, Historia- ja maantieteiden laitokselta, Yhteiskuntatieteiden ja kauppatieteiden tiedekunnan fasilitaattori. Taustaltani olen maantieteilij\u00e4 sek\u00e4 maantieteen ja biologian aineenopettaja.<\/p>\n\n\n\n<p><br>Jo omien yliopisto-opintojeni aikana olen kasvanut tiiviisti verkko- ja monimuotopedagogiikan sek\u00e4 monenlaisen opetusteknologian maailmaan. L\u00e4hes koko opintojeni ajan suoritin tenttej\u00e4 s\u00e4hk\u00f6isesti, tuotin oppimisportfolioita blogimuodossa, vietin aikaa videoluentojen parissa, tein karttoja paikkatieto-ohjelmilla ja niin edelleen.<\/p>\n\n\n\n<p><br>Opintojen j\u00e4lkeen siirryin projektitutkijan ty\u00f6teht\u00e4viin yliopistoon ja siit\u00e4 l\u00e4htien p\u00e4ivitt\u00e4iseen arkeeni on l\u00e4heisesti sis\u00e4ltynyt opetuksen kehitt\u00e4miseen ja verkko-opetukseen liittyv\u00e4t haasteet ja mahdollisuudet. Siirtym\u00e4 ja toimintatavat tuntuivat luonnolliselle askeleelle eteenp\u00e4in ja p\u00e4\u00e4sin heti hy\u00f6dynt\u00e4m\u00e4\u00e4n ty\u00f6ss\u00e4ni monia opintojeni aikana oppimiani tietoja ja taitoja.<\/p>\n\n\n\n<p>Viimeisimm\u00e4ksi olen puuhannut maisema-aiheisen MOOC:n rakentamisen ja koordinoinnin parissa. Opetan p\u00e4\u00e4osin aineenopettajille suunnatuilla opintojaksoilla, ja opettajan roolissa kaikkeen kokemukseeni sis\u00e4ltyy jollain tapaa verkko- ja monimuotopedagogiikkaa. Toki \u201cperinteist\u00e4kin\u201d l\u00e4hiopetusta p\u00e4\u00e4sen toteuttamaan, mutta aina jollain tapaa l\u00e4sn\u00e4 on my\u00f6s monipuoliset toimintatavat &#8211; sek\u00e4 teknisest\u00e4 ett\u00e4 pedagogisesta vinkkelist\u00e4 katsottuna.<br><\/p>\n\n\n\n<p>Kaikenlaista opetusteknologiaa kohtaan olen utelias ja kokeilunhaluinen, mutta t\u00e4rkeimp\u00e4n\u00e4 kuitenkin n\u00e4en teknologian tarkoituksenmukaisen k\u00e4yt\u00f6n. Joskus yksinkertaisempi vaihtoehto on se parempi vaihtoehto. Verkko- ja monimuotopedagogiikka mahdollistaa joustavuutta molempiin suuntiin \u2013 opettajalle sek\u00e4 opiskelijalle.<\/p>\n\n\n\n<p><br>On ilo olla mukana fasilitaattoriporukassa, hyv\u00e4ksi todettujen k\u00e4yt\u00e4nteiden jakamisessa ja uuden kehitt\u00e4misess\u00e4, kannustaen ja yhdess\u00e4 oppien!<\/p>\n\n\n\n<figure class=\"wp-block-image size-full\"><img loading=\"lazy\" decoding=\"async\" width=\"501\" height=\"501\" src=\"https:\/\/sites.uef.fi\/verkko-ja-monimuotopedagogiikka\/wp-content\/uploads\/sites\/245\/2023\/01\/Sanni-Pirttila-kuva-mv.jpg\" alt=\"\" class=\"wp-image-4113\" srcset=\"https:\/\/sites.uef.fi\/verkko-ja-monimuotopedagogiikka\/wp-content\/uploads\/sites\/245\/2023\/01\/Sanni-Pirttila-kuva-mv.jpg 501w, https:\/\/sites.uef.fi\/verkko-ja-monimuotopedagogiikka\/wp-content\/uploads\/sites\/245\/2023\/01\/Sanni-Pirttila-kuva-mv-300x300.jpg 300w, https:\/\/sites.uef.fi\/verkko-ja-monimuotopedagogiikka\/wp-content\/uploads\/sites\/245\/2023\/01\/Sanni-Pirttila-kuva-mv-150x150.jpg 150w, https:\/\/sites.uef.fi\/verkko-ja-monimuotopedagogiikka\/wp-content\/uploads\/sites\/245\/2023\/01\/Sanni-Pirttila-kuva-mv-100x100.jpg 100w\" sizes=\"auto, (max-width: 501px) 100vw, 501px\" \/><\/figure>\n","protected":false},"excerpt":{"rendered":"<p>Yliopisto-opettaja Sanni Pirttil\u00e4 Sanni toimii YHKA:n fasilitaattorina kaudella 2023-2024. Hei, Olen Sanni Pirttil\u00e4, Historia- ja maantieteiden laitokselta, Yhteiskuntatieteiden ja kauppatieteiden tiedekunnan fasilitaattori. Taustaltani olen maantieteilij\u00e4 sek\u00e4 maantieteen ja biologian aineenopettaja. Jo omien yliopisto-opintojeni aikana olen kasvanut tiiviisti verkko- ja monimuotopedagogiikan sek\u00e4 monenlaisen opetusteknologian maailmaan. L\u00e4hes koko opintojeni ajan suoritin tenttej\u00e4 s\u00e4hk\u00f6isesti, tuotin oppimisportfolioita blogimuodossa, vietin &hellip; <\/p>\n<p class=\"link-more\"><a href=\"https:\/\/sites.uef.fi\/verkko-ja-monimuotopedagogiikka\/tutustu-sanniin\/\" class=\"more-link\">Jatka lukemista<span class=\"screen-reader-text\"> &#8221;Tutustu Sanniin&#8221;<\/span><\/a><\/p>\n","protected":false},"author":447,"featured_media":0,"parent":0,"menu_order":0,"comment_status":"closed","ping_status":"closed","template":"","meta":{"_acf_changed":false,"footnotes":""},"class_list":["post-4110","page","type-page","status-publish","hentry"],"acf":[],"_links":{"self":[{"href":"https:\/\/sites.uef.fi\/verkko-ja-monimuotopedagogiikka\/wp-json\/wp\/v2\/pages\/4110","targetHints":{"allow":["GET"]}}],"collection":[{"href":"https:\/\/sites.uef.fi\/verkko-ja-monimuotopedagogiikka\/wp-json\/wp\/v2\/pages"}],"about":[{"href":"https:\/\/sites.uef.fi\/verkko-ja-monimuotopedagogiikka\/wp-json\/wp\/v2\/types\/page"}],"author":[{"embeddable":true,"href":"https:\/\/sites.uef.fi\/verkko-ja-monimuotopedagogiikka\/wp-json\/wp\/v2\/users\/447"}],"replies":[{"embeddable":true,"href":"https:\/\/sites.uef.fi\/verkko-ja-monimuotopedagogiikka\/wp-json\/wp\/v2\/comments?post=4110"}],"version-history":[{"count":1,"href":"https:\/\/sites.uef.fi\/verkko-ja-monimuotopedagogiikka\/wp-json\/wp\/v2\/pages\/4110\/revisions"}],"predecessor-version":[{"id":4149,"href":"https:\/\/sites.uef.fi\/verkko-ja-monimuotopedagogiikka\/wp-json\/wp\/v2\/pages\/4110\/revisions\/4149"}],"wp:attachment":[{"href":"https:\/\/sites.uef.fi\/verkko-ja-monimuotopedagogiikka\/wp-json\/wp\/v2\/media?parent=4110"}],"curies":[{"name":"wp","href":"https:\/\/api.w.org\/{rel}","templated":true}]}}