{"id":5653,"date":"2024-09-06T12:14:45","date_gmt":"2024-09-06T09:14:45","guid":{"rendered":"https:\/\/sites.uef.fi\/verkko-ja-monimuotopedagogiikka\/?page_id=5653"},"modified":"2024-09-12T13:06:00","modified_gmt":"2024-09-12T10:06:00","slug":"opiskelijan-tukeminen-digitaidoissa","status":"publish","type":"page","link":"https:\/\/sites.uef.fi\/verkko-ja-monimuotopedagogiikka\/opiskelijan-tukeminen-digitaidoissa\/","title":{"rendered":"Opiskelijan digitaitojen tukeminen"},"content":{"rendered":"\n<p>Miten opettaja voi tukea opiskelijaa digitaidoissa? T\u00e4ss\u00e4 materiaalissa avataan UEFin tarjoamaa digiosaamisen tukea, itseohjautuvuuden teemaa ja vinkkej\u00e4 hyv\u00e4\u00e4n opiskeluun. <\/p>\n\n\n\n<p>Materiaali n\u00e4kyy koko n\u00e4yt\u00f6ll\u00e4si, kun klikkaat oikeassa yl\u00e4laidassa olevaa kuvaketta. Sis\u00e4llysluettelon puolestaan saat n\u00e4kyviin klikkaamalla oikeassa alalaidassa olevaa kuvaketta. <a href=\"https:\/\/sway.cloud.microsoft\/hmiOndhwejW6tUoD?ref=Link\">P\u00e4\u00e4set tutustumaan pakettiin my\u00f6s suoraan t\u00e4st\u00e4 linkist\u00e4.<\/a><\/p>\n\n\n<iframe loading=\"lazy\" width=\"760px\" height=\"500px\" src=\"https:\/\/sway.cloud.microsoft\/s\/hmiOndhwejW6tUoD\/embed\"&nbsp;frameborder=\"0\" marginheight=\"0\" marginwidth=\"0\" max-width=\"100%\" sandbox=\"allow-forms allow-modals allow-orientation-lock allow-popups allow-same-origin allow-scripts\" scrolling=\"no\" style=\"border: none; max-width: 100%; max-height: 100vh\" allowfullscreen mozallowfullscreen msallowfullscreen webkitallowfullscreen><\/iframe>\n","protected":false},"excerpt":{"rendered":"<p>Miten opettaja voi tukea opiskelijaa digitaidoissa? T\u00e4ss\u00e4 materiaalissa avataan UEFin tarjoamaa digiosaamisen tukea, itseohjautuvuuden teemaa ja vinkkej\u00e4 hyv\u00e4\u00e4n opiskeluun. Materiaali n\u00e4kyy koko n\u00e4yt\u00f6ll\u00e4si, kun klikkaat oikeassa yl\u00e4laidassa olevaa kuvaketta. Sis\u00e4llysluettelon puolestaan saat n\u00e4kyviin klikkaamalla oikeassa alalaidassa olevaa kuvaketta. P\u00e4\u00e4set tutustumaan pakettiin my\u00f6s suoraan t\u00e4st\u00e4 linkist\u00e4.<\/p>\n","protected":false},"author":940,"featured_media":0,"parent":0,"menu_order":0,"comment_status":"closed","ping_status":"closed","template":"","meta":{"_acf_changed":false,"footnotes":""},"class_list":["post-5653","page","type-page","status-publish","hentry"],"acf":[],"_links":{"self":[{"href":"https:\/\/sites.uef.fi\/verkko-ja-monimuotopedagogiikka\/wp-json\/wp\/v2\/pages\/5653","targetHints":{"allow":["GET"]}}],"collection":[{"href":"https:\/\/sites.uef.fi\/verkko-ja-monimuotopedagogiikka\/wp-json\/wp\/v2\/pages"}],"about":[{"href":"https:\/\/sites.uef.fi\/verkko-ja-monimuotopedagogiikka\/wp-json\/wp\/v2\/types\/page"}],"author":[{"embeddable":true,"href":"https:\/\/sites.uef.fi\/verkko-ja-monimuotopedagogiikka\/wp-json\/wp\/v2\/users\/940"}],"replies":[{"embeddable":true,"href":"https:\/\/sites.uef.fi\/verkko-ja-monimuotopedagogiikka\/wp-json\/wp\/v2\/comments?post=5653"}],"version-history":[{"count":2,"href":"https:\/\/sites.uef.fi\/verkko-ja-monimuotopedagogiikka\/wp-json\/wp\/v2\/pages\/5653\/revisions"}],"predecessor-version":[{"id":5683,"href":"https:\/\/sites.uef.fi\/verkko-ja-monimuotopedagogiikka\/wp-json\/wp\/v2\/pages\/5653\/revisions\/5683"}],"wp:attachment":[{"href":"https:\/\/sites.uef.fi\/verkko-ja-monimuotopedagogiikka\/wp-json\/wp\/v2\/media?parent=5653"}],"curies":[{"name":"wp","href":"https:\/\/api.w.org\/{rel}","templated":true}]}}