{"id":66,"date":"2020-11-12T15:31:57","date_gmt":"2020-11-12T13:31:57","guid":{"rendered":"https:\/\/sites.uef.fi\/verkko-ja-monimuotopedagogiikka\/?page_id=66"},"modified":"2023-01-24T12:17:04","modified_gmt":"2023-01-24T10:17:04","slug":"miksi-ja-mita","status":"publish","type":"page","link":"https:\/\/sites.uef.fi\/verkko-ja-monimuotopedagogiikka\/miksi-ja-mita\/","title":{"rendered":"Miksi ja mit\u00e4?"},"content":{"rendered":"<h1>Miksi ja mit\u00e4?<\/h1>\n<p>\u00a0<\/p>\n<p>It\u00e4-Suomen yliopisto on kirjannut yhdeksi tavoitteekseen verkko- ja monimuotopedagogiikan kehitt\u00e4misen. Vuoden 2020 pandemia pakotti useimmat meist\u00e4 yll\u00e4tt\u00e4en verkko-opettajiksi ja -opiskelijoiksi. Opimme paljon uutta verkko-opetuksesta.<\/p>\n<p>Poikkeuksellinen tilanne nopeutti korkeakoulujen digiloikkaa ennenn\u00e4kem\u00e4tt\u00f6m\u00e4ll\u00e4 tavalla. Korkeakoulujen yhteisen <a href=\"https:\/\/digivisio2030.fi\/\">Digivisio 2030 -hankkeen<\/a> pitk\u00e4j\u00e4nteinen kehitt\u00e4minen on nyt entist\u00e4kin t\u00e4rke\u00e4mp\u00e4\u00e4. Aihe puhuttaa nyt koko Suomessa, esimerkiksi Turun yliopistoon on juuri perustettu uusi, monitieteinen yliopistopedagogiikan keskus.\u00a0 Siell\u00e4kin pyrit\u00e4\u00e4n opettajien pedagogisten taitojen tukemiseen ja entist\u00e4 parempaan digitaalisuuden hy\u00f6dynt\u00e4miseen (<a href=\"https:\/\/blogit.utu.fi\/utu\/2021\/01\/12\/miten-teemme-turun-yliopistossa-opettamiskokemuksesta-suomen-parhaan\/\">Mari Murtosen blogipostaus<\/a>).<\/p>\n<p>Fasilitaattoritoiminnan tarkoituksena on tukea hyv\u00e4ksi havaittujen ty\u00f6kalujen ja k\u00e4yt\u00e4nteiden s\u00e4ilymist\u00e4 ja kehitt\u00e4\u00e4 niit\u00e4 edelleen. N\u00e4in monipuolistuu ja syventyy pedagoginen osaaminen koko yliopistossa. Vastaamme my\u00f6s opiskelijoiden toiveeseen opiskella joustavasti miss\u00e4 vain. Samalla opimme uusia, ty\u00f6el\u00e4m\u00e4ss\u00e4 yh\u00e4 keskeisempi\u00e4 et\u00e4ty\u00f6taitoja.<\/p>\n<p>Yhden m\u00e4\u00e4ritelm\u00e4n mukaan (Karl\u00f6f &amp; L\u00f6vingsson, 2004) fasilitaattori on<\/p>\n<ul>\n<li>prosessin ohjaaja<\/li>\n<li>keskustelukumppani<\/li>\n<li>kysymysten esitt\u00e4j\u00e4<\/li>\n<li>konseptien etsij\u00e4<\/li>\n<li>laadun varmistaja.<\/li>\n<\/ul>\n<p>Fasilitaattorit ovat kokeneita opettajia, jotka jakavat osaamistaan ja testaavat ratkaisuja yhdess\u00e4 opettajakollegojen kanssa. Eik\u00e4 ole tarkoitus keksi\u00e4 py\u00f6r\u00e4\u00e4 uudelleen vaan rakennetaan sen hienon ty\u00f6n p\u00e4\u00e4lle, mit\u00e4 yliopistossa on verkko-opetuksen kehitt\u00e4miseksi jo tehty.<\/p>\n<p>Me yliopistolaiset olemme verkko-opettajina ja k\u00e4yt\u00e4nt\u00f6jen soveltajina hyvin erilaisia. Jotkut ovat suorastaan innovaattoreita, kun taas toiset ottavat vasta ensimm\u00e4isi\u00e4 varovaisia askelia verkko-opetuksessa. My\u00f6s koulutusaloille asettuu erilaisia vaatimuksia. Jokainen voi kuitenkin olla innovaattori omassa ty\u00f6ss\u00e4\u00e4n ja kehitt\u00e4\u00e4 sit\u00e4 pienin, itselleen ja alalleen soveltuvin askelin.<\/p>\n<p>Fasilitaattorista saat kehitt\u00e4j\u00e4- ja keskustelukumppanin, mik\u00e4 haasteesi sitten onkin.<\/p>\n<p>T\u00e4ss\u00e4 kev\u00e4\u00e4ll\u00e4 2021 laadittu toimintasuunnitelma fasilitaattoritoiminnalle.<\/p>\n<p>\u00a0<\/p>\n\n\n<div class=\"wp-block-file\"><a href=\"https:\/\/sites.uef.fi\/verkko-ja-monimuotopedagogiikka\/wp-content\/uploads\/sites\/245\/2022\/02\/UEF-fasilitaattorit-visio-missio-ja-tavoitteet-17.5.2021.pdf\">UEF-fasilitaattorit-visio-missio-ja-tavoitteet-17.5.2021<\/a><a href=\"https:\/\/sites.uef.fi\/verkko-ja-monimuotopedagogiikka\/wp-content\/uploads\/sites\/245\/2022\/02\/UEF-fasilitaattorit-visio-missio-ja-tavoitteet-17.5.2021.pdf\" class=\"wp-block-file__button\" download>Lataa<\/a><\/div>\n\n\n\n<figure class=\"wp-block-image size-large\"><img loading=\"lazy\" decoding=\"async\" width=\"1024\" height=\"426\" src=\"https:\/\/sites.uef.fi\/verkko-ja-monimuotopedagogiikka\/wp-content\/uploads\/sites\/245\/2021\/01\/fasilitaattorit_hero-7989-1024x426.jpg\" alt=\"Fasilitaattori Piia Siitonen\" class=\"wp-image-1687\" srcset=\"https:\/\/sites.uef.fi\/verkko-ja-monimuotopedagogiikka\/wp-content\/uploads\/sites\/245\/2021\/01\/fasilitaattorit_hero-7989-1024x426.jpg 1024w, https:\/\/sites.uef.fi\/verkko-ja-monimuotopedagogiikka\/wp-content\/uploads\/sites\/245\/2021\/01\/fasilitaattorit_hero-7989-300x125.jpg 300w, https:\/\/sites.uef.fi\/verkko-ja-monimuotopedagogiikka\/wp-content\/uploads\/sites\/245\/2021\/01\/fasilitaattorit_hero-7989-768x320.jpg 768w, https:\/\/sites.uef.fi\/verkko-ja-monimuotopedagogiikka\/wp-content\/uploads\/sites\/245\/2021\/01\/fasilitaattorit_hero-7989-1536x640.jpg 1536w, https:\/\/sites.uef.fi\/verkko-ja-monimuotopedagogiikka\/wp-content\/uploads\/sites\/245\/2021\/01\/fasilitaattorit_hero-7989.jpg 2000w\" sizes=\"auto, (max-width: 767px) 89vw, (max-width: 1000px) 54vw, (max-width: 1071px) 543px, 580px\" \/><\/figure>\n","protected":false},"excerpt":{"rendered":"<p>Miksi ja mit\u00e4? \u00a0 It\u00e4-Suomen yliopisto on kirjannut yhdeksi tavoitteekseen verkko- ja monimuotopedagogiikan kehitt\u00e4misen. Vuoden 2020 pandemia pakotti useimmat meist\u00e4 yll\u00e4tt\u00e4en verkko-opettajiksi ja -opiskelijoiksi. Opimme paljon uutta verkko-opetuksesta. Poikkeuksellinen tilanne nopeutti korkeakoulujen digiloikkaa ennenn\u00e4kem\u00e4tt\u00f6m\u00e4ll\u00e4 tavalla. Korkeakoulujen yhteisen Digivisio 2030 -hankkeen pitk\u00e4j\u00e4nteinen kehitt\u00e4minen on nyt entist\u00e4kin t\u00e4rke\u00e4mp\u00e4\u00e4. Aihe puhuttaa nyt koko Suomessa, esimerkiksi Turun yliopistoon on &hellip; <\/p>\n<p class=\"link-more\"><a href=\"https:\/\/sites.uef.fi\/verkko-ja-monimuotopedagogiikka\/miksi-ja-mita\/\" class=\"more-link\">Jatka lukemista<span class=\"screen-reader-text\"> &#8221;Miksi ja mit\u00e4?&#8221;<\/span><\/a><\/p>\n","protected":false},"author":392,"featured_media":0,"parent":0,"menu_order":0,"comment_status":"closed","ping_status":"closed","template":"","meta":{"_acf_changed":false,"footnotes":""},"class_list":["post-66","page","type-page","status-publish","hentry"],"acf":[],"_links":{"self":[{"href":"https:\/\/sites.uef.fi\/verkko-ja-monimuotopedagogiikka\/wp-json\/wp\/v2\/pages\/66","targetHints":{"allow":["GET"]}}],"collection":[{"href":"https:\/\/sites.uef.fi\/verkko-ja-monimuotopedagogiikka\/wp-json\/wp\/v2\/pages"}],"about":[{"href":"https:\/\/sites.uef.fi\/verkko-ja-monimuotopedagogiikka\/wp-json\/wp\/v2\/types\/page"}],"author":[{"embeddable":true,"href":"https:\/\/sites.uef.fi\/verkko-ja-monimuotopedagogiikka\/wp-json\/wp\/v2\/users\/392"}],"replies":[{"embeddable":true,"href":"https:\/\/sites.uef.fi\/verkko-ja-monimuotopedagogiikka\/wp-json\/wp\/v2\/comments?post=66"}],"version-history":[{"count":3,"href":"https:\/\/sites.uef.fi\/verkko-ja-monimuotopedagogiikka\/wp-json\/wp\/v2\/pages\/66\/revisions"}],"predecessor-version":[{"id":4198,"href":"https:\/\/sites.uef.fi\/verkko-ja-monimuotopedagogiikka\/wp-json\/wp\/v2\/pages\/66\/revisions\/4198"}],"wp:attachment":[{"href":"https:\/\/sites.uef.fi\/verkko-ja-monimuotopedagogiikka\/wp-json\/wp\/v2\/media?parent=66"}],"curies":[{"name":"wp","href":"https:\/\/api.w.org\/{rel}","templated":true}]}}