{"id":84,"date":"2020-11-12T15:53:18","date_gmt":"2020-11-12T13:53:18","guid":{"rendered":"https:\/\/sites.uef.fi\/verkko-ja-monimuotopedagogiikka\/?page_id=84"},"modified":"2023-01-26T07:16:56","modified_gmt":"2023-01-26T05:16:56","slug":"fasilitaattorit","status":"publish","type":"page","link":"https:\/\/sites.uef.fi\/verkko-ja-monimuotopedagogiikka\/fasilitaattorit\/","title":{"rendered":"Fasilitaattorit"},"content":{"rendered":"<h1><a href=\"https:\/\/sites.uef.fi\/verkko-ja-monimuotopedagogiikka\/wp-content\/uploads\/sites\/245\/2020\/12\/Word-Art.jpeg\"><img loading=\"lazy\" decoding=\"async\" class=\"aligncenter wp-image-483 size-full\" src=\"https:\/\/sites.uef.fi\/verkko-ja-monimuotopedagogiikka\/wp-content\/uploads\/sites\/245\/2020\/12\/Word-Art.jpeg\" alt=\"Kaksi k\u00e4tt\u00e4, joissa sanapilvi fasilitaattoreiden nimikkeist\u00e4.\" width=\"1042\" height=\"479\" srcset=\"https:\/\/sites.uef.fi\/verkko-ja-monimuotopedagogiikka\/wp-content\/uploads\/sites\/245\/2020\/12\/Word-Art.jpeg 1042w, https:\/\/sites.uef.fi\/verkko-ja-monimuotopedagogiikka\/wp-content\/uploads\/sites\/245\/2020\/12\/Word-Art-300x138.jpeg 300w, https:\/\/sites.uef.fi\/verkko-ja-monimuotopedagogiikka\/wp-content\/uploads\/sites\/245\/2020\/12\/Word-Art-1024x471.jpeg 1024w, https:\/\/sites.uef.fi\/verkko-ja-monimuotopedagogiikka\/wp-content\/uploads\/sites\/245\/2020\/12\/Word-Art-768x353.jpeg 768w\" sizes=\"auto, (max-width: 767px) 89vw, (max-width: 1000px) 54vw, (max-width: 1071px) 543px, 580px\" \/><\/a><\/h1>\n<h1>Fasilitaattoreiden toiminta<\/h1>\n<p>Fasilitaattorit ty\u00f6skentelev\u00e4t oman yksikk\u00f6ns\u00e4 (tiedekunnan tai kielikeskuksen) lis\u00e4ksi verkostomaisesti yli tiedekuntarajojen. He uudistavat yksikk\u00f6ns\u00e4 ja koko yliopiston opetusta monimuotoisemmaksi ja joustavammaksi. Kehitt\u00e4misen ja k\u00e4yt\u00e4nn\u00f6n toimien l\u00e4ht\u00f6kohtana on pedagoginen tutkimus.<\/p>\n<p>Fasilitaattoreilla on laaja omien kiinnostusten ja osaamisten kirjo. He tukevat kollegoitaan arkisessa ty\u00f6ss\u00e4 etsien yhteisty\u00f6ss\u00e4 erilaisiin sis\u00e4lt\u00f6ihin ja tarpeisiin sopivia teknis-pedagogisia ratkaisuja. Fasilitaattorit edist\u00e4v\u00e4t hyvien k\u00e4yt\u00e4nteiden jakamista ja my\u00f6s koettujen haasteiden sanoittamista yliopistoyhteis\u00f6ss\u00e4.<\/p>\n<p>Voit ottaa yhteytt\u00e4 tiedekuntasi fasilitaattoriin verkko- ja monimuotopedagogiikkaan liittyviss\u00e4 asioissa niin pyyt\u00e4\u00e4ksesi apua kuin halutessasi kehitt\u00e4\u00e4 jotakin uutta. Fasilitaattoriverkosto j\u00e4rjest\u00e4\u00e4 tarpeen ja toiveiden mukaan my\u00f6s koulutusta.<\/p>\n<p>Fasilitaattorit kehitt\u00e4v\u00e4t yliopisto- ja verkko- ja monimuotopedagogiikkaa yhdess\u00e4 yliopistomme koulutus- ja tukipalveluiden sek\u00e4 pedagogisten asiantuntijoiden ja tutkijoiden kanssa. He osallistuvat my\u00f6s yliopistomme oppimisymp\u00e4rist\u00f6ty\u00f6ryhm\u00e4n ty\u00f6skentelyyn.<\/p>\n<p>Opitaan, kokeillaan ja kehitet\u00e4\u00e4n yhdess\u00e4.<\/p>\n\n\n<figure class=\"wp-block-image size-large\"><img loading=\"lazy\" decoding=\"async\" width=\"720\" height=\"233\" src=\"https:\/\/sites.uef.fi\/verkko-ja-monimuotopedagogiikka\/wp-content\/uploads\/sites\/245\/2021\/01\/Fasilitaattorit-logo.jpg\" alt=\"Fasilitaattorilogo\" class=\"wp-image-1714\" srcset=\"https:\/\/sites.uef.fi\/verkko-ja-monimuotopedagogiikka\/wp-content\/uploads\/sites\/245\/2021\/01\/Fasilitaattorit-logo.jpg 720w, https:\/\/sites.uef.fi\/verkko-ja-monimuotopedagogiikka\/wp-content\/uploads\/sites\/245\/2021\/01\/Fasilitaattorit-logo-300x97.jpg 300w\" sizes=\"auto, (max-width: 720px) 100vw, 720px\" \/><\/figure>\n\n\n\n<h2 class=\"wp-block-heading\">Tiedekuntien ja kielikeskuksen fasilitaattorit<\/h2>\n\n\n\n<p>Filosofinen tiedekunta: yliopistonlehtori <strong>Kati Kasanen<\/strong><\/p>\n\n\n\n<p>Luonnontieteiden ja mets\u00e4tieteiden tiedekunta: yliopistonlehtori <strong>Vesa Paajanen<\/strong><\/p>\n\n\n\n<p>Terveystieteiden tiedekunta: yliopistonlehtori <strong>Piia Siitonen<\/strong><\/p>\n\n\n\n<p>Yhteiskuntatieteiden ja kauppatieteiden tiedekunta: yliopistonlehtori <strong>Helena Kantanen<\/strong> (kausi 2021-2022), yliopisto-opettaja <strong>Sanni Pirttil\u00e4<\/strong> (kausi 2023-2024)<\/p>\n\n\n\n<p>Kielikeskus: yliopistonlehtori <strong>Susanna Kohonen<\/strong><\/p>\n\n\n\n<p><\/p>\n\n\n\n<p><\/p>\n\n\n\n<figure class=\"wp-block-image size-large\"><img loading=\"lazy\" decoding=\"async\" width=\"1024\" height=\"681\" src=\"https:\/\/sites.uef.fi\/verkko-ja-monimuotopedagogiikka\/wp-content\/uploads\/sites\/245\/2021\/01\/fasilitaattorit-8049-1024x681.jpg\" alt=\"Fasilitaattori Piia Siitonen ohjaustilanteessa\" class=\"wp-image-1675\" srcset=\"https:\/\/sites.uef.fi\/verkko-ja-monimuotopedagogiikka\/wp-content\/uploads\/sites\/245\/2021\/01\/fasilitaattorit-8049-1024x681.jpg 1024w, https:\/\/sites.uef.fi\/verkko-ja-monimuotopedagogiikka\/wp-content\/uploads\/sites\/245\/2021\/01\/fasilitaattorit-8049-300x200.jpg 300w, https:\/\/sites.uef.fi\/verkko-ja-monimuotopedagogiikka\/wp-content\/uploads\/sites\/245\/2021\/01\/fasilitaattorit-8049-768x511.jpg 768w, https:\/\/sites.uef.fi\/verkko-ja-monimuotopedagogiikka\/wp-content\/uploads\/sites\/245\/2021\/01\/fasilitaattorit-8049-1536x1022.jpg 1536w, https:\/\/sites.uef.fi\/verkko-ja-monimuotopedagogiikka\/wp-content\/uploads\/sites\/245\/2021\/01\/fasilitaattorit-8049.jpg 2000w\" sizes=\"auto, (max-width: 767px) 89vw, (max-width: 1000px) 54vw, (max-width: 1071px) 543px, 580px\" \/><\/figure>\n","protected":false},"excerpt":{"rendered":"<p>Fasilitaattoreiden toiminta Fasilitaattorit ty\u00f6skentelev\u00e4t oman yksikk\u00f6ns\u00e4 (tiedekunnan tai kielikeskuksen) lis\u00e4ksi verkostomaisesti yli tiedekuntarajojen. He uudistavat yksikk\u00f6ns\u00e4 ja koko yliopiston opetusta monimuotoisemmaksi ja joustavammaksi. Kehitt\u00e4misen ja k\u00e4yt\u00e4nn\u00f6n toimien l\u00e4ht\u00f6kohtana on pedagoginen tutkimus. Fasilitaattoreilla on laaja omien kiinnostusten ja osaamisten kirjo. He tukevat kollegoitaan arkisessa ty\u00f6ss\u00e4 etsien yhteisty\u00f6ss\u00e4 erilaisiin sis\u00e4lt\u00f6ihin ja tarpeisiin sopivia teknis-pedagogisia ratkaisuja. Fasilitaattorit edist\u00e4v\u00e4t &hellip; <\/p>\n<p class=\"link-more\"><a href=\"https:\/\/sites.uef.fi\/verkko-ja-monimuotopedagogiikka\/fasilitaattorit\/\" class=\"more-link\">Jatka lukemista<span class=\"screen-reader-text\"> &#8221;Fasilitaattorit&#8221;<\/span><\/a><\/p>\n","protected":false},"author":392,"featured_media":0,"parent":0,"menu_order":0,"comment_status":"closed","ping_status":"closed","template":"","meta":{"_acf_changed":false,"footnotes":""},"class_list":["post-84","page","type-page","status-publish","hentry"],"acf":[],"_links":{"self":[{"href":"https:\/\/sites.uef.fi\/verkko-ja-monimuotopedagogiikka\/wp-json\/wp\/v2\/pages\/84","targetHints":{"allow":["GET"]}}],"collection":[{"href":"https:\/\/sites.uef.fi\/verkko-ja-monimuotopedagogiikka\/wp-json\/wp\/v2\/pages"}],"about":[{"href":"https:\/\/sites.uef.fi\/verkko-ja-monimuotopedagogiikka\/wp-json\/wp\/v2\/types\/page"}],"author":[{"embeddable":true,"href":"https:\/\/sites.uef.fi\/verkko-ja-monimuotopedagogiikka\/wp-json\/wp\/v2\/users\/392"}],"replies":[{"embeddable":true,"href":"https:\/\/sites.uef.fi\/verkko-ja-monimuotopedagogiikka\/wp-json\/wp\/v2\/comments?post=84"}],"version-history":[{"count":2,"href":"https:\/\/sites.uef.fi\/verkko-ja-monimuotopedagogiikka\/wp-json\/wp\/v2\/pages\/84\/revisions"}],"predecessor-version":[{"id":4224,"href":"https:\/\/sites.uef.fi\/verkko-ja-monimuotopedagogiikka\/wp-json\/wp\/v2\/pages\/84\/revisions\/4224"}],"wp:attachment":[{"href":"https:\/\/sites.uef.fi\/verkko-ja-monimuotopedagogiikka\/wp-json\/wp\/v2\/media?parent=84"}],"curies":[{"name":"wp","href":"https:\/\/api.w.org\/{rel}","templated":true}]}}