{"id":92,"date":"2020-11-13T12:50:24","date_gmt":"2020-11-13T10:50:24","guid":{"rendered":"https:\/\/sites.uef.fi\/verkko-ja-monimuotopedagogiikka\/?page_id=92"},"modified":"2023-01-24T12:19:47","modified_gmt":"2023-01-24T10:19:47","slug":"yhteystiedot","status":"publish","type":"page","link":"https:\/\/sites.uef.fi\/verkko-ja-monimuotopedagogiikka\/yhteystiedot\/","title":{"rendered":"Yhteystiedot"},"content":{"rendered":"\n<figure class=\"wp-block-image size-large\"><img loading=\"lazy\" decoding=\"async\" width=\"720\" height=\"233\" src=\"https:\/\/sites.uef.fi\/verkko-ja-monimuotopedagogiikka\/wp-content\/uploads\/sites\/245\/2021\/01\/Fasilitaattorit-logo.jpg\" alt=\"Fasilitaattorilogo\" class=\"wp-image-1714\" srcset=\"https:\/\/sites.uef.fi\/verkko-ja-monimuotopedagogiikka\/wp-content\/uploads\/sites\/245\/2021\/01\/Fasilitaattorit-logo.jpg 720w, https:\/\/sites.uef.fi\/verkko-ja-monimuotopedagogiikka\/wp-content\/uploads\/sites\/245\/2021\/01\/Fasilitaattorit-logo-300x97.jpg 300w\" sizes=\"auto, (max-width: 720px) 100vw, 720px\" \/><\/figure>\n\n\n<h1>Tiedekuntien ja kielikeskuksen fasilitaattorit<\/h1>\n<p>Filosofinen tiedekunta: vanhempi yliopistonlehtori <a href=\"https:\/\/uefconnect.uef.fi\/henkilo\/kati.kasanen\/\"><strong>Kati Kasanen<\/strong><\/a><\/p>\n<p>Luonnontieteiden ja mets\u00e4tieteiden tiedekunta: yliopistonlehtori <a href=\"https:\/\/uefconnect.uef.fi\/henkilo\/vesa.paajanen\/\"><strong>Vesa Paajanen<\/strong><\/a><\/p>\n<p>Terveystieteiden tiedekunta: yliopistonlehtori <a href=\"https:\/\/uefconnect.uef.fi\/henkilo\/piia.siitonen\/\"><strong>Piia Siitonen<\/strong><\/a><\/p>\n<p>Yhteiskuntatieteiden ja kauppatieteiden tiedekunta: vanhempi yliopistonlehtori <a href=\"https:\/\/uefconnect.uef.fi\/henkilo\/helena.kantanen\/\"><strong>Helena Kantanen,<\/strong><\/a> yliopisto-opettaja <a href=\"https:\/\/uefconnect.uef.fi\/henkilo\/sanni.pirttila\"><strong>Sanni Pirttil\u00e4<\/strong><\/a><\/p>\n<p>Kielikeskus: yliopistonlehtori<a href=\"https:\/\/uefconnect.uef.fi\/henkilo\/susanna.kohonen\/\"> <strong>Susanna Kohonen<\/strong><\/a><\/p>\n<h2>Fasilitaattoriverkoston koordinaatio<\/h2>\n<p>oppimisymp\u00e4rist\u00f6jen kehitt\u00e4misjohtaja<a href=\"https:\/\/uefconnect.uef.fi\/henkilo\/kari.korhonen\/\"> <strong>Kari Korhonen<\/strong><\/a><\/p>","protected":false},"excerpt":{"rendered":"<p>Tiedekuntien ja kielikeskuksen fasilitaattorit Filosofinen tiedekunta: vanhempi yliopistonlehtori Kati Kasanen Luonnontieteiden ja mets\u00e4tieteiden tiedekunta: yliopistonlehtori Vesa Paajanen Terveystieteiden tiedekunta: yliopistonlehtori Piia Siitonen Yhteiskuntatieteiden ja kauppatieteiden tiedekunta: vanhempi yliopistonlehtori Helena Kantanen, yliopisto-opettaja Sanni Pirttil\u00e4 Kielikeskus: yliopistonlehtori Susanna Kohonen Fasilitaattoriverkoston koordinaatio oppimisymp\u00e4rist\u00f6jen kehitt\u00e4misjohtaja Kari Korhonen<\/p>\n","protected":false},"author":392,"featured_media":0,"parent":0,"menu_order":0,"comment_status":"closed","ping_status":"closed","template":"","meta":{"_acf_changed":false,"footnotes":""},"class_list":["post-92","page","type-page","status-publish","hentry"],"acf":[],"_links":{"self":[{"href":"https:\/\/sites.uef.fi\/verkko-ja-monimuotopedagogiikka\/wp-json\/wp\/v2\/pages\/92","targetHints":{"allow":["GET"]}}],"collection":[{"href":"https:\/\/sites.uef.fi\/verkko-ja-monimuotopedagogiikka\/wp-json\/wp\/v2\/pages"}],"about":[{"href":"https:\/\/sites.uef.fi\/verkko-ja-monimuotopedagogiikka\/wp-json\/wp\/v2\/types\/page"}],"author":[{"embeddable":true,"href":"https:\/\/sites.uef.fi\/verkko-ja-monimuotopedagogiikka\/wp-json\/wp\/v2\/users\/392"}],"replies":[{"embeddable":true,"href":"https:\/\/sites.uef.fi\/verkko-ja-monimuotopedagogiikka\/wp-json\/wp\/v2\/comments?post=92"}],"version-history":[{"count":1,"href":"https:\/\/sites.uef.fi\/verkko-ja-monimuotopedagogiikka\/wp-json\/wp\/v2\/pages\/92\/revisions"}],"predecessor-version":[{"id":4207,"href":"https:\/\/sites.uef.fi\/verkko-ja-monimuotopedagogiikka\/wp-json\/wp\/v2\/pages\/92\/revisions\/4207"}],"wp:attachment":[{"href":"https:\/\/sites.uef.fi\/verkko-ja-monimuotopedagogiikka\/wp-json\/wp\/v2\/media?parent=92"}],"curies":[{"name":"wp","href":"https:\/\/api.w.org\/{rel}","templated":true}]}}