{"id":1218,"date":"2022-06-28T13:27:41","date_gmt":"2022-06-28T13:27:41","guid":{"rendered":"https:\/\/sites.uef.fi\/weltech\/?page_id=1218"},"modified":"2025-04-28T11:07:39","modified_gmt":"2025-04-28T11:07:39","slug":"scientific-committe","status":"publish","type":"page","link":"https:\/\/sites.uef.fi\/weltech\/scientific-committe\/","title":{"rendered":"Scientific Committee"},"content":{"rendered":"\n<p>(in alphabetic order)<\/p>\n\n\n\n<div class=\"person-card\">\n    \n                    <a href=\"https:\/\/uefconnect.uef.fi\/en\/person\/olli.grohn\/\" class=\"person-card-link hover-scale-down\">\n                            <div class=\"person-card-item\">\n                    <div class=\"person-card-column-left\">\n                                                    <img decoding=\"async\" class=\"person-card-image\" src=\"https:\/\/sites.uef.fi\/weltech\/wp-content\/uploads\/sites\/376\/2022\/06\/olli-grohn-photo.jpg\" alt=\"Image of person\" \/>\n                                            <\/div>\n\n                    <div class=\"person-card-column-right\">\n                                                <p class=\"person-card-name\">Dr. Olli Gr\u00f6hn<\/p>\n                        \n                                                <p class=\"person-card-position\">Professor<\/p>\n                        \n                                                <p class=\"person-card-organisation\">University of Eastern Finland, Finland<\/p>\n                        \n                                                <p class=\"person-card-text\">Professor, Faculty of Health Sciences, A.I. Virtanen Institute for Molecular Sciences\r\nDirector of Biomedical Imaging Unit \r\n<\/p>\n                        \n                                                    <div>\n\t\t\t\t\t\t\t<svg xmlns=\"http:\/\/www.w3.org\/2000\/svg\" height=\"25px\" viewBox=\"0 -960 960 960\" width=\"24px\" ><path fill=\"currentColor\" d=\"M200-120q-33 0-56.5-23.5T120-200v-560q0-33 23.5-56.5T200-840h280v80H200v560h560v-280h80v280q0 33-23.5 56.5T760-120H200Zm188-212-56-56 372-372H560v-80h280v280h-80v-144L388-332Z\"\/><\/svg>\t\t\t\t\t\t\t<\/div>\n                                            <\/div>\n                <\/div>\n                            <\/a>\n                            <\/div>\n\n\n\n<div class=\"person-card\">\n    \n                    <a href=\"https:\/\/uefconnect.uef.fi\/en\/person\/eija.karna\/\" class=\"person-card-link hover-scale-down\">\n                            <div class=\"person-card-item\">\n                    <div class=\"person-card-column-left\">\n                                                    <img decoding=\"async\" class=\"person-card-image\" src=\"https:\/\/sites.uef.fi\/weltech\/wp-content\/uploads\/sites\/376\/2022\/06\/Eija-Karna.jpg\" alt=\"Image of person\" \/>\n                                            <\/div>\n\n                    <div class=\"person-card-column-right\">\n                                                <p class=\"person-card-name\">Dr. Eija K\u00e4rn\u00e4<\/p>\n                        \n                                                <p class=\"person-card-position\">Professor<\/p>\n                        \n                                                <p class=\"person-card-organisation\">University of Eastern Finland, Finland<\/p>\n                        \n                                                <p class=\"person-card-text\">Professor, School of Educational Sciences and Psychology, Special Education\r\n<\/p>\n                        \n                                                    <div>\n\t\t\t\t\t\t\t<svg xmlns=\"http:\/\/www.w3.org\/2000\/svg\" height=\"25px\" viewBox=\"0 -960 960 960\" width=\"24px\" ><path fill=\"currentColor\" d=\"M200-120q-33 0-56.5-23.5T120-200v-560q0-33 23.5-56.5T200-840h280v80H200v560h560v-280h80v280q0 33-23.5 56.5T760-120H200Zm188-212-56-56 372-372H560v-80h280v280h-80v-144L388-332Z\"\/><\/svg>\t\t\t\t\t\t\t<\/div>\n                                            <\/div>\n                <\/div>\n                            <\/a>\n                            <\/div>\n\n\n\n<div class=\"person-card\">\n    \n                    <a href=\"https:\/\/uefconnect.uef.fi\/en\/person\/anna.maki-petaja-leinonen\/\" class=\"person-card-link hover-scale-down\">\n                            <div class=\"person-card-item\">\n                    <div class=\"person-card-column-left\">\n                                                    <img decoding=\"async\" class=\"person-card-image\" src=\"https:\/\/sites.uef.fi\/weltech\/wp-content\/uploads\/sites\/376\/2022\/06\/Anna-Maki-Petaja.jpg\" alt=\"Image of person\" \/>\n                                            <\/div>\n\n                    <div class=\"person-card-column-right\">\n                                                <p class=\"person-card-name\">Dr. Anna M\u00e4ki-Pet\u00e4j\u00e4-Leinonen<\/p>\n                        \n                                                <p class=\"person-card-position\">Professor<\/p>\n                        \n                                                <p class=\"person-card-organisation\">University of Eastern Finland<\/p>\n                        \n                                                <p class=\"person-card-text\">Professor of Law and Ageing Her research has focused on Elder Law combining jurisprudence (Civil Law and Social- and Medical Law) with social and medical sciences\r\n\r\n\r\n\r\n<\/p>\n                        \n                                                    <div>\n\t\t\t\t\t\t\t<svg xmlns=\"http:\/\/www.w3.org\/2000\/svg\" height=\"25px\" viewBox=\"0 -960 960 960\" width=\"24px\" ><path fill=\"currentColor\" d=\"M200-120q-33 0-56.5-23.5T120-200v-560q0-33 23.5-56.5T200-840h280v80H200v560h560v-280h80v280q0 33-23.5 56.5T760-120H200Zm188-212-56-56 372-372H560v-80h280v280h-80v-144L388-332Z\"\/><\/svg>\t\t\t\t\t\t\t<\/div>\n                                            <\/div>\n                <\/div>\n                            <\/a>\n                            <\/div>\n\n\n\n<div class=\"person-card\">\n    \n                    <a href=\"https:\/\/uefconnect.uef.fi\/en\/person\/jyrki.saarinen\/\" class=\"person-card-link hover-scale-down\">\n                            <div class=\"person-card-item\">\n                    <div class=\"person-card-column-left\">\n                                                    <img decoding=\"async\" class=\"person-card-image\" src=\"https:\/\/sites.uef.fi\/weltech\/wp-content\/uploads\/sites\/376\/2024\/08\/Jyrki-Saarinen.jpg\" alt=\"Image of person\" \/>\n                                            <\/div>\n\n                    <div class=\"person-card-column-right\">\n                                                <p class=\"person-card-name\">Dr. Jyrki Saarinen<\/p>\n                        \n                                                <p class=\"person-card-position\">Professor<\/p>\n                        \n                                                <p class=\"person-card-organisation\">University of Eastern Finland, Finland<\/p>\n                        \n                                                <p class=\"person-card-text\">Professor, Head of the Department of Physics and Mathematics <\/p>\n                        \n                                                    <div>\n\t\t\t\t\t\t\t<svg xmlns=\"http:\/\/www.w3.org\/2000\/svg\" height=\"25px\" viewBox=\"0 -960 960 960\" width=\"24px\" ><path fill=\"currentColor\" d=\"M200-120q-33 0-56.5-23.5T120-200v-560q0-33 23.5-56.5T200-840h280v80H200v560h560v-280h80v280q0 33-23.5 56.5T760-120H200Zm188-212-56-56 372-372H560v-80h280v280h-80v-144L388-332Z\"\/><\/svg>\t\t\t\t\t\t\t<\/div>\n                                            <\/div>\n                <\/div>\n                            <\/a>\n                            <\/div>\n\n\n\n<div class=\"person-card\">\n    \n                    <a href=\"https:\/\/uefconnect.uef.fi\/en\/person\/elisa.tiilikainen\/\" class=\"person-card-link hover-scale-down\">\n                            <div class=\"person-card-item\">\n                    <div class=\"person-card-column-left\">\n                                                    <img decoding=\"async\" class=\"person-card-image\" src=\"https:\/\/sites.uef.fi\/weltech\/wp-content\/uploads\/sites\/376\/2022\/06\/Elisa.jpg\" alt=\"Image of person\" \/>\n                                            <\/div>\n\n                    <div class=\"person-card-column-right\">\n                                                <p class=\"person-card-name\">Dr. Elisa Tiilikainen<\/p>\n                        \n                                                <p class=\"person-card-position\">Associate Professor<\/p>\n                        \n                                                <p class=\"person-card-organisation\">University of Eastern Finland<\/p>\n                        \n                                                <p class=\"person-card-text\">Associate Professor, Department of Social Sciences\r\n<\/p>\n                        \n                                                    <div>\n\t\t\t\t\t\t\t<svg xmlns=\"http:\/\/www.w3.org\/2000\/svg\" height=\"25px\" viewBox=\"0 -960 960 960\" width=\"24px\" ><path fill=\"currentColor\" d=\"M200-120q-33 0-56.5-23.5T120-200v-560q0-33 23.5-56.5T200-840h280v80H200v560h560v-280h80v280q0 33-23.5 56.5T760-120H200Zm188-212-56-56 372-372H560v-80h280v280h-80v-144L388-332Z\"\/><\/svg>\t\t\t\t\t\t\t<\/div>\n                                            <\/div>\n                <\/div>\n                            <\/a>\n                            <\/div>\n\n\n\n<div class=\"person-card\">\n    \n                    <a href=\"https:\/\/www.jyu.fi\/en\/people\/heli-valokivi\" class=\"person-card-link hover-scale-down\">\n                            <div class=\"person-card-item\">\n                    <div class=\"person-card-column-left\">\n                                                    <img decoding=\"async\" class=\"person-card-image\" src=\"https:\/\/sites.uef.fi\/weltech\/wp-content\/uploads\/sites\/376\/2022\/06\/Valokivi.jpg\" alt=\"Image of person\" \/>\n                                            <\/div>\n\n                    <div class=\"person-card-column-right\">\n                                                <p class=\"person-card-name\">Dr. Heli Valokivi<\/p>\n                        \n                                                <p class=\"person-card-position\">Professor<\/p>\n                        \n                                                <p class=\"person-card-organisation\">University of Jyv\u00e4skyl\u00e4<\/p>\n                        \n                                                <p class=\"person-card-text\">Professor, Humanities and Social Sciences <\/p>\n                        \n                                                    <div>\n\t\t\t\t\t\t\t<svg xmlns=\"http:\/\/www.w3.org\/2000\/svg\" height=\"25px\" viewBox=\"0 -960 960 960\" width=\"24px\" ><path fill=\"currentColor\" d=\"M200-120q-33 0-56.5-23.5T120-200v-560q0-33 23.5-56.5T200-840h280v80H200v560h560v-280h80v280q0 33-23.5 56.5T760-120H200Zm188-212-56-56 372-372H560v-80h280v280h-80v-144L388-332Z\"\/><\/svg>\t\t\t\t\t\t\t<\/div>\n                                            <\/div>\n                <\/div>\n                            <\/a>\n                            <\/div>\n\n\n\n<div class=\"person-card\">\n    \n                    <a href=\"https:\/\/www.utu.fi\/en\/people\/pasi-karjalainen\" class=\"person-card-link hover-scale-down\">\n                            <div class=\"person-card-item\">\n                    <div class=\"person-card-column-left\">\n                                                    <img decoding=\"async\" class=\"person-card-image\" src=\"https:\/\/sites.uef.fi\/weltech\/wp-content\/uploads\/sites\/376\/2024\/08\/pasi.jpg\" alt=\"Image of person\" \/>\n                                            <\/div>\n\n                    <div class=\"person-card-column-right\">\n                                                <p class=\"person-card-name\">Dr. Pasi Karjalainen<\/p>\n                        \n                                                <p class=\"person-card-position\">Professor<\/p>\n                        \n                                                <p class=\"person-card-organisation\">University of Eastern Finland<\/p>\n                        \n                                                <p class=\"person-card-text\">Professor, Department of Technical Physics<\/p>\n                        \n                                                    <div>\n\t\t\t\t\t\t\t<svg xmlns=\"http:\/\/www.w3.org\/2000\/svg\" height=\"25px\" viewBox=\"0 -960 960 960\" width=\"24px\" ><path fill=\"currentColor\" d=\"M200-120q-33 0-56.5-23.5T120-200v-560q0-33 23.5-56.5T200-840h280v80H200v560h560v-280h80v280q0 33-23.5 56.5T760-120H200Zm188-212-56-56 372-372H560v-80h280v280h-80v-144L388-332Z\"\/><\/svg>\t\t\t\t\t\t\t<\/div>\n                                            <\/div>\n                <\/div>\n                            <\/a>\n                            <\/div>\n\n\n\n<p><\/p>\n","protected":false},"excerpt":{"rendered":"<p>(in alphabetic order)<\/p>\n","protected":false},"author":824,"featured_media":0,"parent":0,"menu_order":0,"comment_status":"closed","ping_status":"closed","template":"","meta":{"_acf_changed":false,"footnotes":""},"class_list":["post-1218","page","type-page","status-publish","hentry"],"acf":[],"yoast_head":"<!-- This site is optimized with the Yoast SEO plugin v27.1.1 - https:\/\/yoast.com\/product\/yoast-seo-wordpress\/ -->\n<title>Scientific Committee - Social Research Center for Welfare Technology<\/title>\n<meta name=\"robots\" content=\"index, follow, max-snippet:-1, max-image-preview:large, max-video-preview:-1\" \/>\n<link rel=\"canonical\" href=\"https:\/\/sites.uef.fi\/weltech\/scientific-committe\/\" \/>\n<meta property=\"og:locale\" content=\"en_US\" \/>\n<meta property=\"og:type\" content=\"article\" \/>\n<meta property=\"og:title\" content=\"Scientific Committee - Social Research Center for Welfare Technology\" \/>\n<meta property=\"og:description\" content=\"(in alphabetic order)\" \/>\n<meta property=\"og:url\" content=\"https:\/\/sites.uef.fi\/weltech\/scientific-committe\/\" \/>\n<meta property=\"og:site_name\" content=\"Social Research Center for Welfare Technology\" \/>\n<meta property=\"article:modified_time\" content=\"2025-04-28T11:07:39+00:00\" \/>\n<meta name=\"twitter:card\" content=\"summary_large_image\" \/>\n<meta name=\"twitter:label1\" content=\"Est. reading time\" \/>\n\t<meta name=\"twitter:data1\" content=\"1 minute\" \/>\n<script type=\"application\/ld+json\" class=\"yoast-schema-graph\">{\"@context\":\"https:\/\/schema.org\",\"@graph\":[{\"@type\":\"WebPage\",\"@id\":\"https:\/\/sites.uef.fi\/weltech\/scientific-committe\/\",\"url\":\"https:\/\/sites.uef.fi\/weltech\/scientific-committe\/\",\"name\":\"Scientific Committee - Social Research Center for Welfare Technology\",\"isPartOf\":{\"@id\":\"https:\/\/sites.uef.fi\/weltech\/#website\"},\"datePublished\":\"2022-06-28T13:27:41+00:00\",\"dateModified\":\"2025-04-28T11:07:39+00:00\",\"breadcrumb\":{\"@id\":\"https:\/\/sites.uef.fi\/weltech\/scientific-committe\/#breadcrumb\"},\"inLanguage\":\"en-US\",\"potentialAction\":[{\"@type\":\"ReadAction\",\"target\":[\"https:\/\/sites.uef.fi\/weltech\/scientific-committe\/\"]}]},{\"@type\":\"BreadcrumbList\",\"@id\":\"https:\/\/sites.uef.fi\/weltech\/scientific-committe\/#breadcrumb\",\"itemListElement\":[{\"@type\":\"ListItem\",\"position\":1,\"name\":\"Home\",\"item\":\"https:\/\/sites.uef.fi\/weltech\/\"},{\"@type\":\"ListItem\",\"position\":2,\"name\":\"Scientific Committee\"}]},{\"@type\":\"WebSite\",\"@id\":\"https:\/\/sites.uef.fi\/weltech\/#website\",\"url\":\"https:\/\/sites.uef.fi\/weltech\/\",\"name\":\"Social Research Center for Welfare Technology\",\"description\":\"\",\"publisher\":{\"@id\":\"https:\/\/sites.uef.fi\/weltech\/#organization\"},\"potentialAction\":[{\"@type\":\"SearchAction\",\"target\":{\"@type\":\"EntryPoint\",\"urlTemplate\":\"https:\/\/sites.uef.fi\/weltech\/?s={search_term_string}\"},\"query-input\":{\"@type\":\"PropertyValueSpecification\",\"valueRequired\":true,\"valueName\":\"search_term_string\"}}],\"inLanguage\":\"en-US\"},{\"@type\":\"Organization\",\"@id\":\"https:\/\/sites.uef.fi\/weltech\/#organization\",\"name\":\"Social Research Center for Welfare Technology\",\"url\":\"https:\/\/sites.uef.fi\/weltech\/\",\"logo\":{\"@type\":\"ImageObject\",\"inLanguage\":\"en-US\",\"@id\":\"https:\/\/sites.uef.fi\/weltech\/#\/schema\/logo\/image\/\",\"url\":\"\",\"contentUrl\":\"\",\"caption\":\"Social Research Center for Welfare Technology\"},\"image\":{\"@id\":\"https:\/\/sites.uef.fi\/weltech\/#\/schema\/logo\/image\/\"}}]}<\/script>\n<!-- \/ Yoast SEO plugin. -->","yoast_head_json":{"title":"Scientific Committee - Social Research Center for Welfare Technology","robots":{"index":"index","follow":"follow","max-snippet":"max-snippet:-1","max-image-preview":"max-image-preview:large","max-video-preview":"max-video-preview:-1"},"canonical":"https:\/\/sites.uef.fi\/weltech\/scientific-committe\/","og_locale":"en_US","og_type":"article","og_title":"Scientific Committee - Social Research Center for Welfare Technology","og_description":"(in alphabetic order)","og_url":"https:\/\/sites.uef.fi\/weltech\/scientific-committe\/","og_site_name":"Social Research Center for Welfare Technology","article_modified_time":"2025-04-28T11:07:39+00:00","twitter_card":"summary_large_image","twitter_misc":{"Est. reading time":"1 minute"},"schema":{"@context":"https:\/\/schema.org","@graph":[{"@type":"WebPage","@id":"https:\/\/sites.uef.fi\/weltech\/scientific-committe\/","url":"https:\/\/sites.uef.fi\/weltech\/scientific-committe\/","name":"Scientific Committee - Social Research Center for Welfare Technology","isPartOf":{"@id":"https:\/\/sites.uef.fi\/weltech\/#website"},"datePublished":"2022-06-28T13:27:41+00:00","dateModified":"2025-04-28T11:07:39+00:00","breadcrumb":{"@id":"https:\/\/sites.uef.fi\/weltech\/scientific-committe\/#breadcrumb"},"inLanguage":"en-US","potentialAction":[{"@type":"ReadAction","target":["https:\/\/sites.uef.fi\/weltech\/scientific-committe\/"]}]},{"@type":"BreadcrumbList","@id":"https:\/\/sites.uef.fi\/weltech\/scientific-committe\/#breadcrumb","itemListElement":[{"@type":"ListItem","position":1,"name":"Home","item":"https:\/\/sites.uef.fi\/weltech\/"},{"@type":"ListItem","position":2,"name":"Scientific Committee"}]},{"@type":"WebSite","@id":"https:\/\/sites.uef.fi\/weltech\/#website","url":"https:\/\/sites.uef.fi\/weltech\/","name":"Social Research Center for Welfare Technology","description":"","publisher":{"@id":"https:\/\/sites.uef.fi\/weltech\/#organization"},"potentialAction":[{"@type":"SearchAction","target":{"@type":"EntryPoint","urlTemplate":"https:\/\/sites.uef.fi\/weltech\/?s={search_term_string}"},"query-input":{"@type":"PropertyValueSpecification","valueRequired":true,"valueName":"search_term_string"}}],"inLanguage":"en-US"},{"@type":"Organization","@id":"https:\/\/sites.uef.fi\/weltech\/#organization","name":"Social Research Center for Welfare Technology","url":"https:\/\/sites.uef.fi\/weltech\/","logo":{"@type":"ImageObject","inLanguage":"en-US","@id":"https:\/\/sites.uef.fi\/weltech\/#\/schema\/logo\/image\/","url":"","contentUrl":"","caption":"Social Research Center for Welfare Technology"},"image":{"@id":"https:\/\/sites.uef.fi\/weltech\/#\/schema\/logo\/image\/"}}]}},"_links":{"self":[{"href":"https:\/\/sites.uef.fi\/weltech\/wp-json\/wp\/v2\/pages\/1218","targetHints":{"allow":["GET"]}}],"collection":[{"href":"https:\/\/sites.uef.fi\/weltech\/wp-json\/wp\/v2\/pages"}],"about":[{"href":"https:\/\/sites.uef.fi\/weltech\/wp-json\/wp\/v2\/types\/page"}],"author":[{"embeddable":true,"href":"https:\/\/sites.uef.fi\/weltech\/wp-json\/wp\/v2\/users\/824"}],"replies":[{"embeddable":true,"href":"https:\/\/sites.uef.fi\/weltech\/wp-json\/wp\/v2\/comments?post=1218"}],"version-history":[{"count":2,"href":"https:\/\/sites.uef.fi\/weltech\/wp-json\/wp\/v2\/pages\/1218\/revisions"}],"predecessor-version":[{"id":3168,"href":"https:\/\/sites.uef.fi\/weltech\/wp-json\/wp\/v2\/pages\/1218\/revisions\/3168"}],"wp:attachment":[{"href":"https:\/\/sites.uef.fi\/weltech\/wp-json\/wp\/v2\/media?parent=1218"}],"curies":[{"name":"wp","href":"https:\/\/api.w.org\/{rel}","templated":true}]}}