{"id":1205,"date":"2025-03-13T14:17:07","date_gmt":"2025-03-13T11:17:07","guid":{"rendered":"https:\/\/sites.uef.fi\/ycafin\/?page_id=1205"},"modified":"2025-03-13T14:38:42","modified_gmt":"2025-03-13T11:38:42","slug":"tietoa-ja-tukea-nuorelle-hoivaajalle","status":"publish","type":"page","link":"https:\/\/sites.uef.fi\/ycafin\/tietoa-ja-tukea-nuorelle-hoivaajalle\/","title":{"rendered":"Tietoa ja tukea nuorelle hoivaajalle"},"content":{"rendered":"\n<p>Oman hoivaroolin hahmottaminen ja&nbsp;tunnistaminen sek\u00e4 tiedon lukeminen saattaa nostattaa monenlaisia tunteita ja ajatuksia. T\u00e4lt\u00e4 sivustolta l\u00f6yd\u00e4t erilaisia tahoja, joiden kautta voit saada tietoa nuorista hoivaajista. L\u00f6yd\u00e4t sivuilta my\u00f6s tahoja, joihin ottaa yhteytt\u00e4, jos tilanne painaa mielt\u00e4si. &nbsp;<\/p>\n\n\n\n<h2 class=\"wp-block-heading\">Alisa-projekti \u00a0<\/h2>\n\n\n\n<p>Alisa-projekti kokoaa tietoa nuorille hoivaajille, heid\u00e4n vanhemmilleen sek\u00e4 ammattilaisille, jotka kohtaavat nuoria hoivaajia. Tietopakettien lis\u00e4ksi Alisa-projekti j\u00e4rjest\u00e4\u00e4 my\u00f6s nuorille hoivaajille sek\u00e4 heid\u00e4n perheilleen suunnattua toimintaa Pohjois-Karjalassa. \u00a0<\/p>\n\n\n\n<div class=\"links-block\">\n\n    \n    <ul class=\"link-list\">\n        \n            \n            <li class=\"link-list-item\">\n                <a href=\"https:\/\/www.alisaprojekti.fi\/\" class=\"link-reset link hover-scale-down\">\n                    <svg\n        width=\"43\" height=\"25\"\n        viewBox=\"0 0 43 25\"\n        xmlns=\"http:\/\/www.w3.org\/2000\/svg\">\n    <path\n        d=\"M30.027 0 43 12.5 30.027 25 27 22.083 34.351 15H0v-5h34.351L27 2.917z\"\n        fill=\"currentColor\"\n        fill-rule=\"evenodd\"\/>\n<\/svg>                    <div>Alisa-projekti<\/div>\n                <\/a>\n                <div class=\"link-info\">\n                                    <\/div>\n            <\/li>\n\n        \n            <li class=\"link-list-item\">\n                <a href=\"https:\/\/www.alisaprojekti.fi\/tietoa-nuorelle\/\" class=\"link-reset link hover-scale-down\">\n                    <svg\n        width=\"43\" height=\"25\"\n        viewBox=\"0 0 43 25\"\n        xmlns=\"http:\/\/www.w3.org\/2000\/svg\">\n    <path\n        d=\"M30.027 0 43 12.5 30.027 25 27 22.083 34.351 15H0v-5h34.351L27 2.917z\"\n        fill=\"currentColor\"\n        fill-rule=\"evenodd\"\/>\n<\/svg>                    <div>Tietoa nuorelle<\/div>\n                <\/a>\n                <div class=\"link-info\">\n                                    <\/div>\n            <\/li>\n\n                <\/ul>\n<\/div>\n\n\n<h2 class=\"wp-block-heading\">Muistiliitto, Kun is\u00e4 unohti<\/h2>\n\n\n\n<p>Vertaistukea ja erilaista toimintaa, jota muistiliitto j\u00e4rjest\u00e4\u00e4 muistisairaille, heid\u00e4n l\u00e4heisilleen sek\u00e4 muististaan huolestuneille. Sivustolla linkki Kun is\u00e4 unohti -vertaisryhm\u00e4\u00e4n, joka on tarkoitettu 13-35-vuotiaille, joiden l\u00e4heisell\u00e4 on muistisairaus.<\/p>\n\n\n\n<div class=\"links-block\">\n\n    \n    <ul class=\"link-list\">\n        \n            \n            <li class=\"link-list-item\">\n                <a href=\"https:\/\/muistiliitto.fi\/apua-ja-tukea\/tukea-arkeen\/\" class=\"link-reset link hover-scale-down\">\n                    <svg\n        width=\"43\" height=\"25\"\n        viewBox=\"0 0 43 25\"\n        xmlns=\"http:\/\/www.w3.org\/2000\/svg\">\n    <path\n        d=\"M30.027 0 43 12.5 30.027 25 27 22.083 34.351 15H0v-5h34.351L27 2.917z\"\n        fill=\"currentColor\"\n        fill-rule=\"evenodd\"\/>\n<\/svg>                    <div>Tukea arkeen<\/div>\n                <\/a>\n                <div class=\"link-info\">\n                                    <\/div>\n            <\/li>\n\n                <\/ul>\n<\/div>\n\n\n<h2 class=\"wp-block-heading\">Kehitysvammaisten tukiliitto, Erityinen sisaruus<\/h2>\n\n\n\n<p>Erityinen sisaruus \u2013toiminta keskittyy henkil\u00f6ihin, joiden sisaruksella on jokin sairaus tai vamma. Tietoa erityisest\u00e4 sisaruudesta, tukimateriaaleja sek\u00e4 vertaistukea.<\/p>\n\n\n\n<div class=\"links-block\">\n\n    \n    <ul class=\"link-list\">\n        \n            \n            <li class=\"link-list-item\">\n                <a href=\"https:\/\/www.tukiliitto.fi\/toiminta\/erityinen-sisaruus\/\" class=\"link-reset link hover-scale-down\">\n                    <svg\n        width=\"43\" height=\"25\"\n        viewBox=\"0 0 43 25\"\n        xmlns=\"http:\/\/www.w3.org\/2000\/svg\">\n    <path\n        d=\"M30.027 0 43 12.5 30.027 25 27 22.083 34.351 15H0v-5h34.351L27 2.917z\"\n        fill=\"currentColor\"\n        fill-rule=\"evenodd\"\/>\n<\/svg>                    <div>Erityinen sisaruus<\/div>\n                <\/a>\n                <div class=\"link-info\">\n                                    <\/div>\n            <\/li>\n\n                <\/ul>\n<\/div>\n\n\n<h2 class=\"wp-block-heading\">Mielenterveysomaisten keskusliitto &#8211; FinFami ry, Huolenkantajat<\/h2>\n\n\n\n<p>Huolenkantajat-k\u00e4sitteell\u00e4 kuvataan nuoria tai nuoria aikuisia, joilla on huoli l\u00e4heisest\u00e4, joka oireilee psyykkisesti tai k\u00e4ytt\u00e4\u00e4 p\u00e4ihteit\u00e4 v\u00e4\u00e4rin. Tarjolla vertaistukea ja ammattilaisten tarjoamaa tukea sek\u00e4 esimerkiksi Discord-kanava (@Huolenkantajat), Kuule mua -chatti Snapchatissa torstaisin klo 18-20 (@Huolenkantajat)\u00a0ja aiheesta tehtyj\u00e4 podcasteja.\u00a0<\/p>\n\n\n\n<div class=\"links-block\">\n\n    \n    <ul class=\"link-list\">\n        \n            \n            <li class=\"link-list-item\">\n                <a href=\"https:\/\/www.vsfinfami.fi\/huolenkantajat\/\" class=\"link-reset link hover-scale-down\">\n                    <svg\n        width=\"43\" height=\"25\"\n        viewBox=\"0 0 43 25\"\n        xmlns=\"http:\/\/www.w3.org\/2000\/svg\">\n    <path\n        d=\"M30.027 0 43 12.5 30.027 25 27 22.083 34.351 15H0v-5h34.351L27 2.917z\"\n        fill=\"currentColor\"\n        fill-rule=\"evenodd\"\/>\n<\/svg>                    <div>Huolenkantajat, Varsinais-Suomen mielenterveysomaiset<\/div>\n                <\/a>\n                <div class=\"link-info\">\n                                    <\/div>\n            <\/li>\n\n                <\/ul>\n<\/div>\n\n\n<p>My\u00f6s FinFami Pohjanmaa tarjoaa tietoa ja tukea niille, jotka ovat huolissaan vanhemman tai muun l\u00e4heisen mielenterveydest\u00e4 ja\/tai p\u00e4ihteiden k\u00e4yt\u00f6st\u00e4.\u00a0<\/p>\n\n\n\n<div class=\"links-block\">\n\n    \n    <ul class=\"link-list\">\n        \n            \n            <li class=\"link-list-item\">\n                <a href=\"https:\/\/www.finfamipohjanmaa.fi\/tietoa-nuorille\/\" class=\"link-reset link hover-scale-down\">\n                    <svg\n        width=\"43\" height=\"25\"\n        viewBox=\"0 0 43 25\"\n        xmlns=\"http:\/\/www.w3.org\/2000\/svg\">\n    <path\n        d=\"M30.027 0 43 12.5 30.027 25 27 22.083 34.351 15H0v-5h34.351L27 2.917z\"\n        fill=\"currentColor\"\n        fill-rule=\"evenodd\"\/>\n<\/svg>                    <div>Tietoa nuorille, Pohjanmaan mielenterveysomaiset <\/div>\n                <\/a>\n                <div class=\"link-info\">\n                                    <\/div>\n            <\/li>\n\n                <\/ul>\n<\/div>\n\n\n<h2 class=\"wp-block-heading\">A-klinikkas\u00e4\u00e4ti\u00f6, Lasinen lapsuus<\/h2>\n\n\n\n<p>Tietoa ja vertaistukea heille, joita mietitytt\u00e4\u00e4 vanhempien alkoholin k\u00e4ytt\u00f6. Vertaistukea esimerkiksi teemachatin ja Discord-kanavan muodossa sek\u00e4 tietoa ammattilaisille.\u00a0<\/p>\n\n\n\n<div class=\"links-block\">\n\n    \n    <ul class=\"link-list\">\n        \n            \n            <li class=\"link-list-item\">\n                <a href=\"https:\/\/lasinenlapsuus.fi\/#\" class=\"link-reset link hover-scale-down\">\n                    <svg\n        width=\"43\" height=\"25\"\n        viewBox=\"0 0 43 25\"\n        xmlns=\"http:\/\/www.w3.org\/2000\/svg\">\n    <path\n        d=\"M30.027 0 43 12.5 30.027 25 27 22.083 34.351 15H0v-5h34.351L27 2.917z\"\n        fill=\"currentColor\"\n        fill-rule=\"evenodd\"\/>\n<\/svg>                    <div>Lasinen lapsuus<\/div>\n                <\/a>\n                <div class=\"link-info\">\n                                    <\/div>\n            <\/li>\n\n                <\/ul>\n<\/div>\n\n\n<h2 class=\"wp-block-heading\">Omaishoitajaliitto ryn Jangsterit \u2013 Nuoret hoivaajat meill\u00e4 ja muualla \u2013hanke<strong>\u00a0<\/strong><\/h2>\n\n\n\n<p>Omaishoitajaliiton Jangsterit-hanke toimi vuosina 2016-2023. Hankkeen sivuilta l\u00f6yd\u00e4t esimerkiksi opasvihkon nuorille hoivaajille sek\u00e4 Youtube-videoita joissa nuoret hoivaajat kertovat kokemuksistaan. Omaishoitajaliiton neuvontachat palvelee ti-to klo 9-12.<\/p>\n\n\n\n<div class=\"links-block\">\n\n    \n    <ul class=\"link-list\">\n        \n            \n            <li class=\"link-list-item\">\n                <a href=\"https:\/\/omaishoitajat.fi\/omaishoitajaliitto\/toimintamme\/hankkeet\/jangsterit-nuoret-hoivaajat\/\" class=\"link-reset link hover-scale-down\">\n                    <svg\n        width=\"43\" height=\"25\"\n        viewBox=\"0 0 43 25\"\n        xmlns=\"http:\/\/www.w3.org\/2000\/svg\">\n    <path\n        d=\"M30.027 0 43 12.5 30.027 25 27 22.083 34.351 15H0v-5h34.351L27 2.917z\"\n        fill=\"currentColor\"\n        fill-rule=\"evenodd\"\/>\n<\/svg>                    <div>Jangsterit &#8211; Nuoret hoivaajat meill\u00e4 ja muualla<\/div>\n                <\/a>\n                <div class=\"link-info\">\n                                    <\/div>\n            <\/li>\n\n                <\/ul>\n<\/div>\n\n\n<h2 class=\"wp-block-heading\">Muuta matalan kynnyksen tukea: <\/h2>\n\n\n\n<h3 class=\"wp-block-heading\">Mieli ry<\/h3>\n\n\n\n<p>Kriisipuhelin, chat, kriisikeskusten ajanvaraus<\/p>\n\n\n\n<div class=\"links-block\">\n\n    \n    <ul class=\"link-list\">\n        \n            \n            <li class=\"link-list-item\">\n                <a href=\"https:\/\/mieli.fi\/tukea-ja-apua\/\" class=\"link-reset link hover-scale-down\">\n                    <svg\n        width=\"43\" height=\"25\"\n        viewBox=\"0 0 43 25\"\n        xmlns=\"http:\/\/www.w3.org\/2000\/svg\">\n    <path\n        d=\"M30.027 0 43 12.5 30.027 25 27 22.083 34.351 15H0v-5h34.351L27 2.917z\"\n        fill=\"currentColor\"\n        fill-rule=\"evenodd\"\/>\n<\/svg>                    <div>Mieli ry, tukea ja apua<\/div>\n                <\/a>\n                <div class=\"link-info\">\n                                    <\/div>\n            <\/li>\n\n                <\/ul>\n<\/div>\n\n\n<h3 class=\"wp-block-heading\">Apuu-chat, SOS Lapsikyl\u00e4<\/h3>\n\n\n\n<p>Suunnattu 7-15-vuotiaille. Jos tunnet olosi turvattomaksi tai uhatuksi, saat tukea oikeanlaisen avun l\u00f6yt\u00e4miseen. \u00a0<\/p>\n\n\n\n<div class=\"links-block\">\n\n    \n    <ul class=\"link-list\">\n        \n            \n            <li class=\"link-list-item\">\n                <a href=\"https:\/\/apuu.fi\/\" class=\"link-reset link hover-scale-down\">\n                    <svg\n        width=\"43\" height=\"25\"\n        viewBox=\"0 0 43 25\"\n        xmlns=\"http:\/\/www.w3.org\/2000\/svg\">\n    <path\n        d=\"M30.027 0 43 12.5 30.027 25 27 22.083 34.351 15H0v-5h34.351L27 2.917z\"\n        fill=\"currentColor\"\n        fill-rule=\"evenodd\"\/>\n<\/svg>                    <div>Apuu-chat<\/div>\n                <\/a>\n                <div class=\"link-info\">\n                                    <\/div>\n            <\/li>\n\n                <\/ul>\n<\/div>\n\n\n<h3 class=\"wp-block-heading\">Sekasin-chat<\/h3>\n\n\n\n<p>Suunnattu 12-29-vuotiaille. \u00a0<\/p>\n\n\n\n<div class=\"links-block\">\n\n    \n    <ul class=\"link-list\">\n        \n            \n            <li class=\"link-list-item\">\n                <a href=\"https:\/\/www.sekasin.fi\/\" class=\"link-reset link hover-scale-down\">\n                    <svg\n        width=\"43\" height=\"25\"\n        viewBox=\"0 0 43 25\"\n        xmlns=\"http:\/\/www.w3.org\/2000\/svg\">\n    <path\n        d=\"M30.027 0 43 12.5 30.027 25 27 22.083 34.351 15H0v-5h34.351L27 2.917z\"\n        fill=\"currentColor\"\n        fill-rule=\"evenodd\"\/>\n<\/svg>                    <div>Sekasin-chat<\/div>\n                <\/a>\n                <div class=\"link-info\">\n                                    <\/div>\n            <\/li>\n\n                <\/ul>\n<\/div>\n\n\n<h3 class=\"wp-block-heading\">Poikien puhelin, V\u00e4est\u00f6liitto<\/h3>\n\n\n\n<p>Puhelinpalvelu,\u00a0chat ja Discord-yhteis\u00f6 pojille ja nuorille miehille. \u00a0<\/p>\n\n\n\n<div class=\"links-block\">\n\n    \n    <ul class=\"link-list\">\n        \n            \n            <li class=\"link-list-item\">\n                <a href=\"https:\/\/www.vaestoliitto.fi\/poikien-puhelin\/\" class=\"link-reset link hover-scale-down\">\n                    <svg\n        width=\"43\" height=\"25\"\n        viewBox=\"0 0 43 25\"\n        xmlns=\"http:\/\/www.w3.org\/2000\/svg\">\n    <path\n        d=\"M30.027 0 43 12.5 30.027 25 27 22.083 34.351 15H0v-5h34.351L27 2.917z\"\n        fill=\"currentColor\"\n        fill-rule=\"evenodd\"\/>\n<\/svg>                    <div>Poikien puhelin<\/div>\n                <\/a>\n                <div class=\"link-info\">\n                                    <\/div>\n            <\/li>\n\n                <\/ul>\n<\/div>\n\n\n<p><\/p>\n","protected":false},"excerpt":{"rendered":"<p>Oman hoivaroolin hahmottaminen ja&nbsp;tunnistaminen sek\u00e4 tiedon lukeminen saattaa nostattaa monenlaisia tunteita ja ajatuksia. T\u00e4lt\u00e4 sivustolta l\u00f6yd\u00e4t erilaisia tahoja, joiden kautta voit saada tietoa nuorista hoivaajista. L\u00f6yd\u00e4t sivuilta my\u00f6s tahoja, joihin ottaa yhteytt\u00e4, jos tilanne painaa mielt\u00e4si. &nbsp; Alisa-projekti \u00a0 Alisa-projekti kokoaa tietoa nuorille hoivaajille, heid\u00e4n vanhemmilleen sek\u00e4 ammattilaisille, jotka kohtaavat nuoria hoivaajia. Tietopakettien lis\u00e4ksi Alisa-projekti [&hellip;]<\/p>\n","protected":false},"author":1205,"featured_media":0,"parent":0,"menu_order":5,"comment_status":"closed","ping_status":"closed","template":"","meta":{"_acf_changed":false,"footnotes":""},"class_list":["post-1205","page","type-page","status-publish","hentry"],"acf":[],"yoast_head":"<!-- This site is optimized with the Yoast SEO plugin v27.1.1 - https:\/\/yoast.com\/product\/yoast-seo-wordpress\/ -->\n<title>Tietoa ja tukea nuorelle hoivaajalle - Nuoret hoivaajat Suomessa<\/title>\n<meta name=\"description\" content=\"T\u00e4lt\u00e4 sivustolta l\u00f6yd\u00e4t erilaisia tahoja, joiden kautta voit saada tietoa nuorista hoivaajista. L\u00f6yd\u00e4t sivuilta my\u00f6s tahoja, joihin ottaa yhteytt\u00e4, jos tilanne painaa mielt\u00e4si. \u00a0\" \/>\n<meta name=\"robots\" content=\"index, follow, max-snippet:-1, max-image-preview:large, max-video-preview:-1\" \/>\n<link rel=\"canonical\" href=\"https:\/\/sites.uef.fi\/ycafin\/tietoa-ja-tukea-nuorelle-hoivaajalle\/\" \/>\n<meta property=\"og:locale\" content=\"fi_FI\" \/>\n<meta property=\"og:type\" content=\"article\" \/>\n<meta property=\"og:title\" content=\"Tietoa ja tukea nuorelle hoivaajalle - Nuoret hoivaajat Suomessa\" \/>\n<meta property=\"og:description\" content=\"T\u00e4lt\u00e4 sivustolta l\u00f6yd\u00e4t erilaisia tahoja, joiden kautta voit saada tietoa nuorista hoivaajista. L\u00f6yd\u00e4t sivuilta my\u00f6s tahoja, joihin ottaa yhteytt\u00e4, jos tilanne painaa mielt\u00e4si. \u00a0\" \/>\n<meta property=\"og:url\" content=\"https:\/\/sites.uef.fi\/ycafin\/tietoa-ja-tukea-nuorelle-hoivaajalle\/\" \/>\n<meta property=\"og:site_name\" content=\"Nuoret hoivaajat Suomessa\" \/>\n<meta property=\"article:modified_time\" content=\"2025-03-13T11:38:42+00:00\" \/>\n<meta name=\"twitter:card\" content=\"summary_large_image\" \/>\n<meta name=\"twitter:label1\" content=\"Arvioitu lukuaika\" \/>\n\t<meta name=\"twitter:data1\" content=\"2 minuuttia\" \/>\n<script type=\"application\/ld+json\" class=\"yoast-schema-graph\">{\"@context\":\"https:\/\/schema.org\",\"@graph\":[{\"@type\":\"WebPage\",\"@id\":\"https:\/\/sites.uef.fi\/ycafin\/tietoa-ja-tukea-nuorelle-hoivaajalle\/\",\"url\":\"https:\/\/sites.uef.fi\/ycafin\/tietoa-ja-tukea-nuorelle-hoivaajalle\/\",\"name\":\"Tietoa ja tukea nuorelle hoivaajalle - Nuoret hoivaajat Suomessa\",\"isPartOf\":{\"@id\":\"https:\/\/sites.uef.fi\/ycafin\/#website\"},\"datePublished\":\"2025-03-13T11:17:07+00:00\",\"dateModified\":\"2025-03-13T11:38:42+00:00\",\"description\":\"T\u00e4lt\u00e4 sivustolta l\u00f6yd\u00e4t erilaisia tahoja, joiden kautta voit saada tietoa nuorista hoivaajista. L\u00f6yd\u00e4t sivuilta my\u00f6s tahoja, joihin ottaa yhteytt\u00e4, jos tilanne painaa mielt\u00e4si. \u00a0\",\"breadcrumb\":{\"@id\":\"https:\/\/sites.uef.fi\/ycafin\/tietoa-ja-tukea-nuorelle-hoivaajalle\/#breadcrumb\"},\"inLanguage\":\"fi\",\"potentialAction\":[{\"@type\":\"ReadAction\",\"target\":[\"https:\/\/sites.uef.fi\/ycafin\/tietoa-ja-tukea-nuorelle-hoivaajalle\/\"]}]},{\"@type\":\"BreadcrumbList\",\"@id\":\"https:\/\/sites.uef.fi\/ycafin\/tietoa-ja-tukea-nuorelle-hoivaajalle\/#breadcrumb\",\"itemListElement\":[{\"@type\":\"ListItem\",\"position\":1,\"name\":\"Home\",\"item\":\"https:\/\/sites.uef.fi\/ycafin\/\"},{\"@type\":\"ListItem\",\"position\":2,\"name\":\"Tietoa ja tukea nuorelle hoivaajalle\"}]},{\"@type\":\"WebSite\",\"@id\":\"https:\/\/sites.uef.fi\/ycafin\/#website\",\"url\":\"https:\/\/sites.uef.fi\/ycafin\/\",\"name\":\"Nuoret hoivaajat Suomessa\",\"description\":\"\",\"potentialAction\":[{\"@type\":\"SearchAction\",\"target\":{\"@type\":\"EntryPoint\",\"urlTemplate\":\"https:\/\/sites.uef.fi\/ycafin\/?s={search_term_string}\"},\"query-input\":{\"@type\":\"PropertyValueSpecification\",\"valueRequired\":true,\"valueName\":\"search_term_string\"}}],\"inLanguage\":\"fi\"}]}<\/script>\n<!-- \/ Yoast SEO plugin. -->","yoast_head_json":{"title":"Tietoa ja tukea nuorelle hoivaajalle - Nuoret hoivaajat Suomessa","description":"T\u00e4lt\u00e4 sivustolta l\u00f6yd\u00e4t erilaisia tahoja, joiden kautta voit saada tietoa nuorista hoivaajista. L\u00f6yd\u00e4t sivuilta my\u00f6s tahoja, joihin ottaa yhteytt\u00e4, jos tilanne painaa mielt\u00e4si. \u00a0","robots":{"index":"index","follow":"follow","max-snippet":"max-snippet:-1","max-image-preview":"max-image-preview:large","max-video-preview":"max-video-preview:-1"},"canonical":"https:\/\/sites.uef.fi\/ycafin\/tietoa-ja-tukea-nuorelle-hoivaajalle\/","og_locale":"fi_FI","og_type":"article","og_title":"Tietoa ja tukea nuorelle hoivaajalle - Nuoret hoivaajat Suomessa","og_description":"T\u00e4lt\u00e4 sivustolta l\u00f6yd\u00e4t erilaisia tahoja, joiden kautta voit saada tietoa nuorista hoivaajista. L\u00f6yd\u00e4t sivuilta my\u00f6s tahoja, joihin ottaa yhteytt\u00e4, jos tilanne painaa mielt\u00e4si. \u00a0","og_url":"https:\/\/sites.uef.fi\/ycafin\/tietoa-ja-tukea-nuorelle-hoivaajalle\/","og_site_name":"Nuoret hoivaajat Suomessa","article_modified_time":"2025-03-13T11:38:42+00:00","twitter_card":"summary_large_image","twitter_misc":{"Arvioitu lukuaika":"2 minuuttia"},"schema":{"@context":"https:\/\/schema.org","@graph":[{"@type":"WebPage","@id":"https:\/\/sites.uef.fi\/ycafin\/tietoa-ja-tukea-nuorelle-hoivaajalle\/","url":"https:\/\/sites.uef.fi\/ycafin\/tietoa-ja-tukea-nuorelle-hoivaajalle\/","name":"Tietoa ja tukea nuorelle hoivaajalle - Nuoret hoivaajat Suomessa","isPartOf":{"@id":"https:\/\/sites.uef.fi\/ycafin\/#website"},"datePublished":"2025-03-13T11:17:07+00:00","dateModified":"2025-03-13T11:38:42+00:00","description":"T\u00e4lt\u00e4 sivustolta l\u00f6yd\u00e4t erilaisia tahoja, joiden kautta voit saada tietoa nuorista hoivaajista. L\u00f6yd\u00e4t sivuilta my\u00f6s tahoja, joihin ottaa yhteytt\u00e4, jos tilanne painaa mielt\u00e4si. \u00a0","breadcrumb":{"@id":"https:\/\/sites.uef.fi\/ycafin\/tietoa-ja-tukea-nuorelle-hoivaajalle\/#breadcrumb"},"inLanguage":"fi","potentialAction":[{"@type":"ReadAction","target":["https:\/\/sites.uef.fi\/ycafin\/tietoa-ja-tukea-nuorelle-hoivaajalle\/"]}]},{"@type":"BreadcrumbList","@id":"https:\/\/sites.uef.fi\/ycafin\/tietoa-ja-tukea-nuorelle-hoivaajalle\/#breadcrumb","itemListElement":[{"@type":"ListItem","position":1,"name":"Home","item":"https:\/\/sites.uef.fi\/ycafin\/"},{"@type":"ListItem","position":2,"name":"Tietoa ja tukea nuorelle hoivaajalle"}]},{"@type":"WebSite","@id":"https:\/\/sites.uef.fi\/ycafin\/#website","url":"https:\/\/sites.uef.fi\/ycafin\/","name":"Nuoret hoivaajat Suomessa","description":"","potentialAction":[{"@type":"SearchAction","target":{"@type":"EntryPoint","urlTemplate":"https:\/\/sites.uef.fi\/ycafin\/?s={search_term_string}"},"query-input":{"@type":"PropertyValueSpecification","valueRequired":true,"valueName":"search_term_string"}}],"inLanguage":"fi"}]}},"_links":{"self":[{"href":"https:\/\/sites.uef.fi\/ycafin\/wp-json\/wp\/v2\/pages\/1205","targetHints":{"allow":["GET"]}}],"collection":[{"href":"https:\/\/sites.uef.fi\/ycafin\/wp-json\/wp\/v2\/pages"}],"about":[{"href":"https:\/\/sites.uef.fi\/ycafin\/wp-json\/wp\/v2\/types\/page"}],"author":[{"embeddable":true,"href":"https:\/\/sites.uef.fi\/ycafin\/wp-json\/wp\/v2\/users\/1205"}],"replies":[{"embeddable":true,"href":"https:\/\/sites.uef.fi\/ycafin\/wp-json\/wp\/v2\/comments?post=1205"}],"version-history":[{"count":1,"href":"https:\/\/sites.uef.fi\/ycafin\/wp-json\/wp\/v2\/pages\/1205\/revisions"}],"predecessor-version":[{"id":1218,"href":"https:\/\/sites.uef.fi\/ycafin\/wp-json\/wp\/v2\/pages\/1205\/revisions\/1218"}],"wp:attachment":[{"href":"https:\/\/sites.uef.fi\/ycafin\/wp-json\/wp\/v2\/media?parent=1205"}],"curies":[{"name":"wp","href":"https:\/\/api.w.org\/{rel}","templated":true}]}}