{"id":231,"date":"2024-09-19T09:16:52","date_gmt":"2024-09-19T09:16:52","guid":{"rendered":"https:\/\/sites.uef.fi\/ycafin\/?page_id=231"},"modified":"2024-12-16T11:08:54","modified_gmt":"2024-12-16T08:08:54","slug":"etusivu","status":"publish","type":"page","link":"https:\/\/sites.uef.fi\/ycafin\/","title":{"rendered":"etusivu"},"content":{"rendered":"\n<h2 class=\"wp-block-heading\"><\/h2>\n\n\n\n<p><em>Nuoret hoivaajat Suomessa<\/em> -tutkimushankkeessa (YCaFin, 2024\u20132028) tarkastelemme 15\u201324-vuotiaiden nuorten ja nuorten aikuisten kokemuksia perheenj\u00e4senen tai muun l\u00e4heisen hoivaamisesta.<\/p>\n\n\n\n<p>Analysoimme projektissa sit\u00e4, miten nuorten hoivaajien el\u00e4m\u00e4ss\u00e4 hoiva kietoutuu ik\u00e4vaiheelle tyypillisin\u00e4 pidettyihin el\u00e4m\u00e4nkulun siirtymiin, kuten itsen\u00e4istymiseen lapsuuden kasvuymp\u00e4rist\u00f6st\u00e4 sek\u00e4 siirtymiseen koulutusasteelta toiselle ja ty\u00f6el\u00e4m\u00e4\u00e4n. T\u00e4m\u00e4n lis\u00e4ksi tutkimme sit\u00e4, miten nuorten hoivarooli muokkaa hoivan j\u00e4rjestymist\u00e4 perheiden ja l\u00e4heissuhteiden sis\u00e4ll\u00e4, sek\u00e4 sit\u00e4, millaista tukea nuoret saavat hoivalle.<\/p>\n\n\n    <div class=\"funders grid\">\n                        <a href=\"https:\/\/tiedejatutkimus.fi\/fi\/results\/funding\/81431\" class=\"funders__link grid__item hover-scale-down\" title=\"Tutkimusta rahoittaa Suomen Akatemia\">\n                            <div class=\"funders__image\">\n                    <img decoding=\"async\" src=\"https:\/\/sites.uef.fi\/ycafin\/wp-content\/uploads\/sites\/504\/2024\/10\/AKA_FI_vaaka_musta_RGB.jpg\" alt=\"Suomen Akatemian logo\" \/>\n                <\/div>\n                                    <p class=\"funders__description\">Tutkimusta rahoittaa Suomen Akatemia<\/p>\n                                                    <div class=\"funders__arrow\">\n                    <svg xmlns=\"http:\/\/www.w3.org\/2000\/svg\" height=\"25px\" viewBox=\"0 -960 960 960\" width=\"24px\" ><path fill=\"currentColor\" d=\"M200-120q-33 0-56.5-23.5T120-200v-560q0-33 23.5-56.5T200-840h280v80H200v560h560v-280h80v280q0 33-23.5 56.5T760-120H200Zm188-212-56-56 372-372H560v-80h280v280h-80v-144L388-332Z\"\/><\/svg>                    <\/div>\n                <\/a>\n                            \n            <\/div>\n","protected":false},"excerpt":{"rendered":"<p>Nuoret hoivaajat Suomessa -tutkimushankkeessa (YCaFin, 2024\u20132028) tarkastelemme 15\u201324-vuotiaiden nuorten ja nuorten aikuisten kokemuksia perheenj\u00e4senen tai muun l\u00e4heisen hoivaamisesta. Analysoimme projektissa sit\u00e4, miten nuorten hoivaajien el\u00e4m\u00e4ss\u00e4 hoiva kietoutuu ik\u00e4vaiheelle tyypillisin\u00e4 pidettyihin el\u00e4m\u00e4nkulun siirtymiin, kuten itsen\u00e4istymiseen lapsuuden kasvuymp\u00e4rist\u00f6st\u00e4 sek\u00e4 siirtymiseen koulutusasteelta toiselle ja ty\u00f6el\u00e4m\u00e4\u00e4n. T\u00e4m\u00e4n lis\u00e4ksi tutkimme sit\u00e4, miten nuorten hoivarooli muokkaa hoivan j\u00e4rjestymist\u00e4 perheiden ja l\u00e4heissuhteiden [&hellip;]<\/p>\n","protected":false},"author":2,"featured_media":243,"parent":0,"menu_order":0,"comment_status":"closed","ping_status":"closed","template":"","meta":{"_acf_changed":false,"footnotes":""},"class_list":["post-231","page","type-page","status-publish","has-post-thumbnail","hentry"],"acf":[],"yoast_head":"<!-- This site is optimized with the Yoast SEO plugin v27.1.1 - https:\/\/yoast.com\/product\/yoast-seo-wordpress\/ -->\n<title>etusivu - Nuoret hoivaajat Suomessa<\/title>\n<meta name=\"robots\" content=\"index, follow, max-snippet:-1, max-image-preview:large, max-video-preview:-1\" \/>\n<link rel=\"canonical\" href=\"https:\/\/sites.uef.fi\/ycafin\/\" \/>\n<meta property=\"og:locale\" content=\"fi_FI\" \/>\n<meta property=\"og:type\" content=\"article\" \/>\n<meta property=\"og:title\" content=\"etusivu - Nuoret hoivaajat Suomessa\" \/>\n<meta property=\"og:description\" content=\"Nuoret hoivaajat Suomessa -tutkimushankkeessa (YCaFin, 2024\u20132028) tarkastelemme 15\u201324-vuotiaiden nuorten ja nuorten aikuisten kokemuksia perheenj\u00e4senen tai muun l\u00e4heisen hoivaamisesta. Analysoimme projektissa sit\u00e4, miten nuorten hoivaajien el\u00e4m\u00e4ss\u00e4 hoiva kietoutuu ik\u00e4vaiheelle tyypillisin\u00e4 pidettyihin el\u00e4m\u00e4nkulun siirtymiin, kuten itsen\u00e4istymiseen lapsuuden kasvuymp\u00e4rist\u00f6st\u00e4 sek\u00e4 siirtymiseen koulutusasteelta toiselle ja ty\u00f6el\u00e4m\u00e4\u00e4n. T\u00e4m\u00e4n lis\u00e4ksi tutkimme sit\u00e4, miten nuorten hoivarooli muokkaa hoivan j\u00e4rjestymist\u00e4 perheiden ja l\u00e4heissuhteiden [&hellip;]\" \/>\n<meta property=\"og:url\" content=\"https:\/\/sites.uef.fi\/ycafin\/\" \/>\n<meta property=\"og:site_name\" content=\"Nuoret hoivaajat Suomessa\" \/>\n<meta property=\"article:modified_time\" content=\"2024-12-16T08:08:54+00:00\" \/>\n<meta property=\"og:image\" content=\"https:\/\/sites.uef.fi\/ycafin\/wp-content\/uploads\/sites\/504\/2024\/09\/Nuoret_hoivaajat_Suomessa_WP_7113045_MP.jpg\" \/>\n\t<meta property=\"og:image:width\" content=\"1920\" \/>\n\t<meta property=\"og:image:height\" content=\"1080\" \/>\n\t<meta property=\"og:image:type\" content=\"image\/jpeg\" \/>\n<meta name=\"twitter:card\" content=\"summary_large_image\" \/>\n<meta name=\"twitter:label1\" content=\"Arvioitu lukuaika\" \/>\n\t<meta name=\"twitter:data1\" content=\"1 minuutti\" \/>\n<script type=\"application\/ld+json\" class=\"yoast-schema-graph\">{\"@context\":\"https:\/\/schema.org\",\"@graph\":[{\"@type\":\"WebPage\",\"@id\":\"https:\/\/sites.uef.fi\/ycafin\/\",\"url\":\"https:\/\/sites.uef.fi\/ycafin\/\",\"name\":\"etusivu - Nuoret hoivaajat Suomessa\",\"isPartOf\":{\"@id\":\"https:\/\/sites.uef.fi\/ycafin\/#website\"},\"primaryImageOfPage\":{\"@id\":\"https:\/\/sites.uef.fi\/ycafin\/#primaryimage\"},\"image\":{\"@id\":\"https:\/\/sites.uef.fi\/ycafin\/#primaryimage\"},\"thumbnailUrl\":\"https:\/\/sites.uef.fi\/ycafin\/wp-content\/uploads\/sites\/504\/2024\/09\/Nuoret_hoivaajat_Suomessa_WP_7113045_MP.jpg\",\"datePublished\":\"2024-09-19T09:16:52+00:00\",\"dateModified\":\"2024-12-16T08:08:54+00:00\",\"breadcrumb\":{\"@id\":\"https:\/\/sites.uef.fi\/ycafin\/#breadcrumb\"},\"inLanguage\":\"fi\",\"potentialAction\":[{\"@type\":\"ReadAction\",\"target\":[\"https:\/\/sites.uef.fi\/ycafin\/\"]}]},{\"@type\":\"ImageObject\",\"inLanguage\":\"fi\",\"@id\":\"https:\/\/sites.uef.fi\/ycafin\/#primaryimage\",\"url\":\"https:\/\/sites.uef.fi\/ycafin\/wp-content\/uploads\/sites\/504\/2024\/09\/Nuoret_hoivaajat_Suomessa_WP_7113045_MP.jpg\",\"contentUrl\":\"https:\/\/sites.uef.fi\/ycafin\/wp-content\/uploads\/sites\/504\/2024\/09\/Nuoret_hoivaajat_Suomessa_WP_7113045_MP.jpg\",\"width\":1920,\"height\":1080,\"caption\":\"paint textures - impasto - hand painted on canvas\"},{\"@type\":\"BreadcrumbList\",\"@id\":\"https:\/\/sites.uef.fi\/ycafin\/#breadcrumb\",\"itemListElement\":[{\"@type\":\"ListItem\",\"position\":1,\"name\":\"Home\",\"item\":\"https:\/\/sites.uef.fi\/ycafin\/\"},{\"@type\":\"ListItem\",\"position\":2,\"name\":\"etusivu\"}]},{\"@type\":\"WebSite\",\"@id\":\"https:\/\/sites.uef.fi\/ycafin\/#website\",\"url\":\"https:\/\/sites.uef.fi\/ycafin\/\",\"name\":\"Nuoret hoivaajat Suomessa\",\"description\":\"\",\"potentialAction\":[{\"@type\":\"SearchAction\",\"target\":{\"@type\":\"EntryPoint\",\"urlTemplate\":\"https:\/\/sites.uef.fi\/ycafin\/?s={search_term_string}\"},\"query-input\":{\"@type\":\"PropertyValueSpecification\",\"valueRequired\":true,\"valueName\":\"search_term_string\"}}],\"inLanguage\":\"fi\"}]}<\/script>\n<!-- \/ Yoast SEO plugin. -->","yoast_head_json":{"title":"etusivu - Nuoret hoivaajat Suomessa","robots":{"index":"index","follow":"follow","max-snippet":"max-snippet:-1","max-image-preview":"max-image-preview:large","max-video-preview":"max-video-preview:-1"},"canonical":"https:\/\/sites.uef.fi\/ycafin\/","og_locale":"fi_FI","og_type":"article","og_title":"etusivu - Nuoret hoivaajat Suomessa","og_description":"Nuoret hoivaajat Suomessa -tutkimushankkeessa (YCaFin, 2024\u20132028) tarkastelemme 15\u201324-vuotiaiden nuorten ja nuorten aikuisten kokemuksia perheenj\u00e4senen tai muun l\u00e4heisen hoivaamisesta. Analysoimme projektissa sit\u00e4, miten nuorten hoivaajien el\u00e4m\u00e4ss\u00e4 hoiva kietoutuu ik\u00e4vaiheelle tyypillisin\u00e4 pidettyihin el\u00e4m\u00e4nkulun siirtymiin, kuten itsen\u00e4istymiseen lapsuuden kasvuymp\u00e4rist\u00f6st\u00e4 sek\u00e4 siirtymiseen koulutusasteelta toiselle ja ty\u00f6el\u00e4m\u00e4\u00e4n. T\u00e4m\u00e4n lis\u00e4ksi tutkimme sit\u00e4, miten nuorten hoivarooli muokkaa hoivan j\u00e4rjestymist\u00e4 perheiden ja l\u00e4heissuhteiden [&hellip;]","og_url":"https:\/\/sites.uef.fi\/ycafin\/","og_site_name":"Nuoret hoivaajat Suomessa","article_modified_time":"2024-12-16T08:08:54+00:00","og_image":[{"width":1920,"height":1080,"url":"https:\/\/sites.uef.fi\/ycafin\/wp-content\/uploads\/sites\/504\/2024\/09\/Nuoret_hoivaajat_Suomessa_WP_7113045_MP.jpg","type":"image\/jpeg"}],"twitter_card":"summary_large_image","twitter_misc":{"Arvioitu lukuaika":"1 minuutti"},"schema":{"@context":"https:\/\/schema.org","@graph":[{"@type":"WebPage","@id":"https:\/\/sites.uef.fi\/ycafin\/","url":"https:\/\/sites.uef.fi\/ycafin\/","name":"etusivu - Nuoret hoivaajat Suomessa","isPartOf":{"@id":"https:\/\/sites.uef.fi\/ycafin\/#website"},"primaryImageOfPage":{"@id":"https:\/\/sites.uef.fi\/ycafin\/#primaryimage"},"image":{"@id":"https:\/\/sites.uef.fi\/ycafin\/#primaryimage"},"thumbnailUrl":"https:\/\/sites.uef.fi\/ycafin\/wp-content\/uploads\/sites\/504\/2024\/09\/Nuoret_hoivaajat_Suomessa_WP_7113045_MP.jpg","datePublished":"2024-09-19T09:16:52+00:00","dateModified":"2024-12-16T08:08:54+00:00","breadcrumb":{"@id":"https:\/\/sites.uef.fi\/ycafin\/#breadcrumb"},"inLanguage":"fi","potentialAction":[{"@type":"ReadAction","target":["https:\/\/sites.uef.fi\/ycafin\/"]}]},{"@type":"ImageObject","inLanguage":"fi","@id":"https:\/\/sites.uef.fi\/ycafin\/#primaryimage","url":"https:\/\/sites.uef.fi\/ycafin\/wp-content\/uploads\/sites\/504\/2024\/09\/Nuoret_hoivaajat_Suomessa_WP_7113045_MP.jpg","contentUrl":"https:\/\/sites.uef.fi\/ycafin\/wp-content\/uploads\/sites\/504\/2024\/09\/Nuoret_hoivaajat_Suomessa_WP_7113045_MP.jpg","width":1920,"height":1080,"caption":"paint textures - impasto - hand painted on canvas"},{"@type":"BreadcrumbList","@id":"https:\/\/sites.uef.fi\/ycafin\/#breadcrumb","itemListElement":[{"@type":"ListItem","position":1,"name":"Home","item":"https:\/\/sites.uef.fi\/ycafin\/"},{"@type":"ListItem","position":2,"name":"etusivu"}]},{"@type":"WebSite","@id":"https:\/\/sites.uef.fi\/ycafin\/#website","url":"https:\/\/sites.uef.fi\/ycafin\/","name":"Nuoret hoivaajat Suomessa","description":"","potentialAction":[{"@type":"SearchAction","target":{"@type":"EntryPoint","urlTemplate":"https:\/\/sites.uef.fi\/ycafin\/?s={search_term_string}"},"query-input":{"@type":"PropertyValueSpecification","valueRequired":true,"valueName":"search_term_string"}}],"inLanguage":"fi"}]}},"_links":{"self":[{"href":"https:\/\/sites.uef.fi\/ycafin\/wp-json\/wp\/v2\/pages\/231","targetHints":{"allow":["GET"]}}],"collection":[{"href":"https:\/\/sites.uef.fi\/ycafin\/wp-json\/wp\/v2\/pages"}],"about":[{"href":"https:\/\/sites.uef.fi\/ycafin\/wp-json\/wp\/v2\/types\/page"}],"author":[{"embeddable":true,"href":"https:\/\/sites.uef.fi\/ycafin\/wp-json\/wp\/v2\/users\/2"}],"replies":[{"embeddable":true,"href":"https:\/\/sites.uef.fi\/ycafin\/wp-json\/wp\/v2\/comments?post=231"}],"version-history":[{"count":2,"href":"https:\/\/sites.uef.fi\/ycafin\/wp-json\/wp\/v2\/pages\/231\/revisions"}],"predecessor-version":[{"id":533,"href":"https:\/\/sites.uef.fi\/ycafin\/wp-json\/wp\/v2\/pages\/231\/revisions\/533"}],"wp:featuredmedia":[{"embeddable":true,"href":"https:\/\/sites.uef.fi\/ycafin\/wp-json\/wp\/v2\/media\/243"}],"wp:attachment":[{"href":"https:\/\/sites.uef.fi\/ycafin\/wp-json\/wp\/v2\/media?parent=231"}],"curies":[{"name":"wp","href":"https:\/\/api.w.org\/{rel}","templated":true}]}}