{"id":271,"date":"2024-09-23T12:50:01","date_gmt":"2024-09-23T09:50:01","guid":{"rendered":"https:\/\/sites.uef.fi\/ycafin\/?page_id=271"},"modified":"2026-01-14T15:05:10","modified_gmt":"2026-01-14T12:05:10","slug":"tutkimuksen-tuotokset","status":"publish","type":"page","link":"https:\/\/sites.uef.fi\/ycafin\/tutkimuksen-tuotokset\/","title":{"rendered":"Tutkimuksen tuotokset"},"content":{"rendered":"\n<p><strong>Yleistajuiset julkaisut:<\/strong><\/p>\n\n\n\n<p>Sihto, Tiina, Haverinen, Susanna &amp; J\u00e4rnstr\u00f6m, Sini (2025) <a href=\"https:\/\/anhoriga.se\/globalassets\/media\/dokument\/publicerat\/publikationer-barn-som-anhoriga\/antologi-bsa-2025.-for-publicering-digitalt-251216.pdf\">Unga omsorgsgivare i Finland. <\/a>Teoksessa: Brolin, Rosita, Gough, Ritva, Magnusson, Lennart &amp; Hanson, Elizabeth (toim.) Barn \u00e4r anh\u00f6riga \u2013 v\u00e5gar vi lyssna p\u00e5 dem? Kalmar: Nationellt kompetenscentrum anh\u00f6riga. 761\u2013772.<\/p>\n\n\n\n<p>Helenius, Jenni, Sihto, Tiina, Hokkila, Kirsi &amp; Nummelin, Pilvi (2025) <a href=\"https:\/\/blogi.thl.fi\/laheistaan-hoivaavien-nuorten-tilanne-on-huomioitava-kouluissa-ja-sote-palveluissa\/\">L\u00e4heist\u00e4\u00e4n hoivaavien nuorten tilanne on huomioitava kouluissa ja sote-palveluissa<\/a>. THL-blogi 4.2.2025.<\/p>\n\n\n\n<p>Sihto, Tiina (2024) <a href=\"https:\/\/www.tuni.fi\/alustalehti\/2024\/10\/08\/voiko-alle-18-vuotias-olla-omaishoitaja\/\">Voiko alle 18-vuotias olla omaishoitaja?<\/a> Alusta! 8.10.2024.<\/p>\n\n\n\n<p>Sihto, Tiina (2022) <a href=\"https:\/\/www.sustageable.fi\/nuorten-hoivarooli-haastaa-olemassa-olevan-sukupolvisopimuksen\/\">Nuorten hoivarooli haastaa olemassa olevan sukupolvisopimuksen.<\/a> SustAgeable-tutkimusprojektin blogi. <\/p>\n\n\n\n<p><strong>Tieteelliset julkaisut:<\/strong><\/p>\n\n\n\n<p>Sihto, Tiina &amp; Hokkila, Kirsi (2025). <a href=\"https:\/\/doi.org\/10.1080\/13676261.2025.2597808\">Retrospective meaning-making of multifaceted care among Finnish former young carers<\/a>.\u00a0<em>Journal of Youth Studies<\/em>, 1\u201317.<\/p>\n\n\n\n<p>Helenius, Jenni, Sihto, Tiina, Hokkila, Kirsi, Ervasti, Eetu, Nummelin<br>Pilvi &amp; Kivim\u00e4ki, Hanne (2024). <a href=\"https:\/\/urn.fi\/URN:ISBN:978-952-408-437-6\">L\u00e4heist\u00e4\u00e4n hoivaavien 8.- ja 9.-luokkalaisten hyvinvointi \u2013 Kouluterveyskyselyn 2023 tuloksia. <\/a>Tutkimuksesta tiiviisti 56\/2024, Suomen sosiaalinen tila 9\/2024. Terveyden ja hyvinvoinnin laitos, Helsinki<\/p>\n\n\n\n<p>Haverinen, Susanna (2024) <a href=\"https:\/\/erepo.uef.fi\/bitstream\/handle\/123456789\/32089\/urn_nbn_fi_uef-20240663.pdf?sequence=1\">Nuorten aikuisten kokemuksia l\u00e4heishoivasta<\/a>. Yhteiskuntapolitiikan pro gradu -tutkielma. It\u00e4-Suomen yliopisto, yhteiskuntatieteiden ja kauppatieteiden tiedekunta.<\/p>\n\n\n\n<p>Sihto, Tiina &amp; Hokkila, Kirsi (2023) <a href=\"https:\/\/helda.helsinki.fi\/server\/api\/core\/bitstreams\/da00d49a-6df2-4ee9-92ee-da64ba3eb259\/content\">Lapset ja nuoret sairaan vanhempansa hoivaajina<\/a>. Teoksessa: Sihto, Tiina &amp; Vasara, Paula (toim.) Hoivan pime\u00e4 puoli. Helsinki: Gaudeamus. 59\u201380.<\/p>\n\n\n\n<p>Sihto, Tiina &amp; Hokkila, Kirsi (2021) <a href=\"https:\/\/www.julkari.fi\/bitstream\/handle\/10024\/141177\/YP2102_Sihto%26Hokkila.pdf?sequ\">Nuoret hoivaajat \u2013 n\u00e4kym\u00e4tt\u00f6m\u00e4st\u00e4 n\u00e4kyv\u00e4ksi? <\/a>Yhteiskuntapolitiikka 86 (2), 218\u2013223.<\/p>\n\n\n\n<figure class=\"wp-block-image size-large\"><img loading=\"lazy\" decoding=\"async\" width=\"1024\" height=\"405\" src=\"https:\/\/sites.uef.fi\/ycafin\/wp-content\/uploads\/sites\/504\/2024\/11\/Banneri-1024x405.jpg\" alt=\"Ihmisi\u00e4 arkisissa touhuissa.\" class=\"wp-image-951\" srcset=\"https:\/\/sites.uef.fi\/ycafin\/wp-content\/uploads\/sites\/504\/2024\/11\/Banneri-1024x405.jpg 1024w, https:\/\/sites.uef.fi\/ycafin\/wp-content\/uploads\/sites\/504\/2024\/11\/Banneri-300x119.jpg 300w, https:\/\/sites.uef.fi\/ycafin\/wp-content\/uploads\/sites\/504\/2024\/11\/Banneri-768x304.jpg 768w, https:\/\/sites.uef.fi\/ycafin\/wp-content\/uploads\/sites\/504\/2024\/11\/Banneri.jpg 1440w\" sizes=\"auto, (max-width: 1024px) 100vw, 1024px\" \/><\/figure>\n\n\n\n<p><\/p>\n","protected":false},"excerpt":{"rendered":"<p>Yleistajuiset julkaisut: Sihto, Tiina, Haverinen, Susanna &amp; J\u00e4rnstr\u00f6m, Sini (2025) Unga omsorgsgivare i Finland. Teoksessa: Brolin, Rosita, Gough, Ritva, Magnusson, Lennart &amp; Hanson, Elizabeth (toim.) Barn \u00e4r anh\u00f6riga \u2013 v\u00e5gar vi lyssna p\u00e5 dem? Kalmar: Nationellt kompetenscentrum anh\u00f6riga. 761\u2013772. Helenius, Jenni, Sihto, Tiina, Hokkila, Kirsi &amp; Nummelin, Pilvi (2025) L\u00e4heist\u00e4\u00e4n hoivaavien nuorten tilanne on huomioitava [&hellip;]<\/p>\n","protected":false},"author":1201,"featured_media":0,"parent":0,"menu_order":0,"comment_status":"closed","ping_status":"closed","template":"","meta":{"_acf_changed":false,"footnotes":""},"class_list":["post-271","page","type-page","status-publish","hentry"],"acf":[],"yoast_head":"<!-- This site is optimized with the Yoast SEO plugin v27.1.1 - https:\/\/yoast.com\/product\/yoast-seo-wordpress\/ -->\n<title>Tutkimuksen tuotokset - Nuoret hoivaajat Suomessa<\/title>\n<meta name=\"robots\" content=\"index, follow, max-snippet:-1, max-image-preview:large, max-video-preview:-1\" \/>\n<link rel=\"canonical\" href=\"https:\/\/sites.uef.fi\/ycafin\/tutkimuksen-tuotokset\/\" \/>\n<meta property=\"og:locale\" content=\"fi_FI\" \/>\n<meta property=\"og:type\" content=\"article\" \/>\n<meta property=\"og:title\" content=\"Tutkimuksen tuotokset - Nuoret hoivaajat Suomessa\" \/>\n<meta property=\"og:description\" content=\"Yleistajuiset julkaisut: Sihto, Tiina, Haverinen, Susanna &amp; J\u00e4rnstr\u00f6m, Sini (2025) Unga omsorgsgivare i Finland. Teoksessa: Brolin, Rosita, Gough, Ritva, Magnusson, Lennart &amp; Hanson, Elizabeth (toim.) Barn \u00e4r anh\u00f6riga \u2013 v\u00e5gar vi lyssna p\u00e5 dem? Kalmar: Nationellt kompetenscentrum anh\u00f6riga. 761\u2013772. Helenius, Jenni, Sihto, Tiina, Hokkila, Kirsi &amp; Nummelin, Pilvi (2025) L\u00e4heist\u00e4\u00e4n hoivaavien nuorten tilanne on huomioitava [&hellip;]\" \/>\n<meta property=\"og:url\" content=\"https:\/\/sites.uef.fi\/ycafin\/tutkimuksen-tuotokset\/\" \/>\n<meta property=\"og:site_name\" content=\"Nuoret hoivaajat Suomessa\" \/>\n<meta property=\"article:modified_time\" content=\"2026-01-14T12:05:10+00:00\" \/>\n<meta property=\"og:image\" content=\"https:\/\/sites.uef.fi\/ycafin\/wp-content\/uploads\/sites\/504\/2024\/11\/Banneri.jpg\" \/>\n\t<meta property=\"og:image:width\" content=\"1440\" \/>\n\t<meta property=\"og:image:height\" content=\"570\" \/>\n\t<meta property=\"og:image:type\" content=\"image\/jpeg\" \/>\n<meta name=\"twitter:card\" content=\"summary_large_image\" \/>\n<meta name=\"twitter:label1\" content=\"Arvioitu lukuaika\" \/>\n\t<meta name=\"twitter:data1\" content=\"2 minuuttia\" \/>\n<script type=\"application\/ld+json\" class=\"yoast-schema-graph\">{\"@context\":\"https:\/\/schema.org\",\"@graph\":[{\"@type\":\"WebPage\",\"@id\":\"https:\/\/sites.uef.fi\/ycafin\/tutkimuksen-tuotokset\/\",\"url\":\"https:\/\/sites.uef.fi\/ycafin\/tutkimuksen-tuotokset\/\",\"name\":\"Tutkimuksen tuotokset - Nuoret hoivaajat Suomessa\",\"isPartOf\":{\"@id\":\"https:\/\/sites.uef.fi\/ycafin\/#website\"},\"primaryImageOfPage\":{\"@id\":\"https:\/\/sites.uef.fi\/ycafin\/tutkimuksen-tuotokset\/#primaryimage\"},\"image\":{\"@id\":\"https:\/\/sites.uef.fi\/ycafin\/tutkimuksen-tuotokset\/#primaryimage\"},\"thumbnailUrl\":\"https:\/\/sites.uef.fi\/ycafin\/wp-content\/uploads\/sites\/504\/2024\/11\/Banneri-1024x405.jpg\",\"datePublished\":\"2024-09-23T09:50:01+00:00\",\"dateModified\":\"2026-01-14T12:05:10+00:00\",\"breadcrumb\":{\"@id\":\"https:\/\/sites.uef.fi\/ycafin\/tutkimuksen-tuotokset\/#breadcrumb\"},\"inLanguage\":\"fi\",\"potentialAction\":[{\"@type\":\"ReadAction\",\"target\":[\"https:\/\/sites.uef.fi\/ycafin\/tutkimuksen-tuotokset\/\"]}]},{\"@type\":\"ImageObject\",\"inLanguage\":\"fi\",\"@id\":\"https:\/\/sites.uef.fi\/ycafin\/tutkimuksen-tuotokset\/#primaryimage\",\"url\":\"https:\/\/sites.uef.fi\/ycafin\/wp-content\/uploads\/sites\/504\/2024\/11\/Banneri.jpg\",\"contentUrl\":\"https:\/\/sites.uef.fi\/ycafin\/wp-content\/uploads\/sites\/504\/2024\/11\/Banneri.jpg\",\"width\":1440,\"height\":570,\"caption\":\"Ihmisi\u00e4 arkisissa touhuissa.\"},{\"@type\":\"BreadcrumbList\",\"@id\":\"https:\/\/sites.uef.fi\/ycafin\/tutkimuksen-tuotokset\/#breadcrumb\",\"itemListElement\":[{\"@type\":\"ListItem\",\"position\":1,\"name\":\"Home\",\"item\":\"https:\/\/sites.uef.fi\/ycafin\/\"},{\"@type\":\"ListItem\",\"position\":2,\"name\":\"Tutkimuksen tuotokset\"}]},{\"@type\":\"WebSite\",\"@id\":\"https:\/\/sites.uef.fi\/ycafin\/#website\",\"url\":\"https:\/\/sites.uef.fi\/ycafin\/\",\"name\":\"Nuoret hoivaajat Suomessa\",\"description\":\"\",\"potentialAction\":[{\"@type\":\"SearchAction\",\"target\":{\"@type\":\"EntryPoint\",\"urlTemplate\":\"https:\/\/sites.uef.fi\/ycafin\/?s={search_term_string}\"},\"query-input\":{\"@type\":\"PropertyValueSpecification\",\"valueRequired\":true,\"valueName\":\"search_term_string\"}}],\"inLanguage\":\"fi\"}]}<\/script>\n<!-- \/ Yoast SEO plugin. -->","yoast_head_json":{"title":"Tutkimuksen tuotokset - Nuoret hoivaajat Suomessa","robots":{"index":"index","follow":"follow","max-snippet":"max-snippet:-1","max-image-preview":"max-image-preview:large","max-video-preview":"max-video-preview:-1"},"canonical":"https:\/\/sites.uef.fi\/ycafin\/tutkimuksen-tuotokset\/","og_locale":"fi_FI","og_type":"article","og_title":"Tutkimuksen tuotokset - Nuoret hoivaajat Suomessa","og_description":"Yleistajuiset julkaisut: Sihto, Tiina, Haverinen, Susanna &amp; J\u00e4rnstr\u00f6m, Sini (2025) Unga omsorgsgivare i Finland. Teoksessa: Brolin, Rosita, Gough, Ritva, Magnusson, Lennart &amp; Hanson, Elizabeth (toim.) Barn \u00e4r anh\u00f6riga \u2013 v\u00e5gar vi lyssna p\u00e5 dem? Kalmar: Nationellt kompetenscentrum anh\u00f6riga. 761\u2013772. Helenius, Jenni, Sihto, Tiina, Hokkila, Kirsi &amp; Nummelin, Pilvi (2025) L\u00e4heist\u00e4\u00e4n hoivaavien nuorten tilanne on huomioitava [&hellip;]","og_url":"https:\/\/sites.uef.fi\/ycafin\/tutkimuksen-tuotokset\/","og_site_name":"Nuoret hoivaajat Suomessa","article_modified_time":"2026-01-14T12:05:10+00:00","og_image":[{"width":1440,"height":570,"url":"https:\/\/sites.uef.fi\/ycafin\/wp-content\/uploads\/sites\/504\/2024\/11\/Banneri.jpg","type":"image\/jpeg"}],"twitter_card":"summary_large_image","twitter_misc":{"Arvioitu lukuaika":"2 minuuttia"},"schema":{"@context":"https:\/\/schema.org","@graph":[{"@type":"WebPage","@id":"https:\/\/sites.uef.fi\/ycafin\/tutkimuksen-tuotokset\/","url":"https:\/\/sites.uef.fi\/ycafin\/tutkimuksen-tuotokset\/","name":"Tutkimuksen tuotokset - Nuoret hoivaajat Suomessa","isPartOf":{"@id":"https:\/\/sites.uef.fi\/ycafin\/#website"},"primaryImageOfPage":{"@id":"https:\/\/sites.uef.fi\/ycafin\/tutkimuksen-tuotokset\/#primaryimage"},"image":{"@id":"https:\/\/sites.uef.fi\/ycafin\/tutkimuksen-tuotokset\/#primaryimage"},"thumbnailUrl":"https:\/\/sites.uef.fi\/ycafin\/wp-content\/uploads\/sites\/504\/2024\/11\/Banneri-1024x405.jpg","datePublished":"2024-09-23T09:50:01+00:00","dateModified":"2026-01-14T12:05:10+00:00","breadcrumb":{"@id":"https:\/\/sites.uef.fi\/ycafin\/tutkimuksen-tuotokset\/#breadcrumb"},"inLanguage":"fi","potentialAction":[{"@type":"ReadAction","target":["https:\/\/sites.uef.fi\/ycafin\/tutkimuksen-tuotokset\/"]}]},{"@type":"ImageObject","inLanguage":"fi","@id":"https:\/\/sites.uef.fi\/ycafin\/tutkimuksen-tuotokset\/#primaryimage","url":"https:\/\/sites.uef.fi\/ycafin\/wp-content\/uploads\/sites\/504\/2024\/11\/Banneri.jpg","contentUrl":"https:\/\/sites.uef.fi\/ycafin\/wp-content\/uploads\/sites\/504\/2024\/11\/Banneri.jpg","width":1440,"height":570,"caption":"Ihmisi\u00e4 arkisissa touhuissa."},{"@type":"BreadcrumbList","@id":"https:\/\/sites.uef.fi\/ycafin\/tutkimuksen-tuotokset\/#breadcrumb","itemListElement":[{"@type":"ListItem","position":1,"name":"Home","item":"https:\/\/sites.uef.fi\/ycafin\/"},{"@type":"ListItem","position":2,"name":"Tutkimuksen tuotokset"}]},{"@type":"WebSite","@id":"https:\/\/sites.uef.fi\/ycafin\/#website","url":"https:\/\/sites.uef.fi\/ycafin\/","name":"Nuoret hoivaajat Suomessa","description":"","potentialAction":[{"@type":"SearchAction","target":{"@type":"EntryPoint","urlTemplate":"https:\/\/sites.uef.fi\/ycafin\/?s={search_term_string}"},"query-input":{"@type":"PropertyValueSpecification","valueRequired":true,"valueName":"search_term_string"}}],"inLanguage":"fi"}]}},"_links":{"self":[{"href":"https:\/\/sites.uef.fi\/ycafin\/wp-json\/wp\/v2\/pages\/271","targetHints":{"allow":["GET"]}}],"collection":[{"href":"https:\/\/sites.uef.fi\/ycafin\/wp-json\/wp\/v2\/pages"}],"about":[{"href":"https:\/\/sites.uef.fi\/ycafin\/wp-json\/wp\/v2\/types\/page"}],"author":[{"embeddable":true,"href":"https:\/\/sites.uef.fi\/ycafin\/wp-json\/wp\/v2\/users\/1201"}],"replies":[{"embeddable":true,"href":"https:\/\/sites.uef.fi\/ycafin\/wp-json\/wp\/v2\/comments?post=271"}],"version-history":[{"count":1,"href":"https:\/\/sites.uef.fi\/ycafin\/wp-json\/wp\/v2\/pages\/271\/revisions"}],"predecessor-version":[{"id":1227,"href":"https:\/\/sites.uef.fi\/ycafin\/wp-json\/wp\/v2\/pages\/271\/revisions\/1227"}],"wp:attachment":[{"href":"https:\/\/sites.uef.fi\/ycafin\/wp-json\/wp\/v2\/media?parent=271"}],"curies":[{"name":"wp","href":"https:\/\/api.w.org\/{rel}","templated":true}]}}