{"id":298,"date":"2024-09-23T12:51:38","date_gmt":"2024-09-23T09:51:38","guid":{"rendered":"https:\/\/sites.uef.fi\/ycafin\/?page_id=298"},"modified":"2025-03-04T13:42:27","modified_gmt":"2025-03-04T10:42:27","slug":"osallistu-tutkimukseen","status":"publish","type":"page","link":"https:\/\/sites.uef.fi\/ycafin\/osallistu-tutkimukseen\/","title":{"rendered":"Osallistu tutkimukseen"},"content":{"rendered":"\n<p>Voit soveltua tutkimukseen, mik\u00e4li:<\/p>\n\n\n\n<ul class=\"wp-block-list\">\n<li>Autat, hoidat tai tuet perheenj\u00e4sent\u00e4si tai muuta l\u00e4heist\u00e4 ihmist\u00e4, jolla on esimerkiksi vakava sairaus, vamma, mielenterveyden h\u00e4iri\u00f6, p\u00e4ihdeongelma tai joka on hyvin vanha<\/li>\n\n\n\n<li>Olet 15\u201324-vuotias nuori tai nuori aikuinen<\/li>\n<\/ul>\n\n\n\n<p>Tutkimuksessa ker\u00e4t\u00e4\u00e4n laadullista aineistoa nelj\u00e4n vuoden ajan. Kerran vuodessa haastattelemme tutkimukseen osallistuvia sek\u00e4 pyyd\u00e4mme heit\u00e4 ker\u00e4\u00e4m\u00e4\u00e4n osallistavaa aineistoa. Osallistava aineisto voi olla kirjallinen tai \u00e4\u00e4niviestipohjainen hoivap\u00e4iv\u00e4kirja, el\u00e4m\u00e4nkulkujana, sosiaalisen verkoston kartta tai valokuvia. Tutkimukseen osallistumiseen kuluu aikaa vuosittain noin 3\u20135 tuntia. Tutkimukseen osallistumisesta maksetaan 60 \u20ac ty\u00f6korvaus jokaisena osallistumisvuotena.<\/p>\n\n\n\n<p>Vastaamme mielell\u00e4mme lis\u00e4kysymyksiin tutkimuksen toteutuksesta. Voit olla yhteydess\u00e4 projektin vastuulliseen johtajaan <a href=\"https:\/\/uefconnect.uef.fi\/henkilo\/tiina.sihto\/\">Tiina Sihtoon.<\/a><\/p>\n\n\n\n<p>Jos kiinnostuit tutkimukseen osallistumisesta, voit j\u00e4tt\u00e4\u00e4 tutkimusryhm\u00e4lle yhteystietosi It\u00e4-Suomen yliopiston tietoturvallisessa REDCap-ymp\u00e4rist\u00f6ss\u00e4, ja otamme sinuun yhteytt\u00e4. Yhteystietosi tulevat vain tutkimusryhm\u00e4n k\u00e4ytt\u00f6\u00f6n. Annamme tutkimukseen osallistumisesta tarkemman ohjeistuksen, kun olemme sinuun yhteydess\u00e4.<\/p>\n\n\n\n<p>Kun olemme tavoittaneet toivomamme osallistujam\u00e4\u00e4r\u00e4n, suljemme allaolevan ilmoittautumislomakkeen. Niin pitk\u00e4\u00e4n kun lomake on auki, on tutkimukseen ilmoittautuminen siis mahdollista. <\/p>\n\n\n\n<div class=\"links-block\">\n\n    \n    <ul class=\"link-list\">\n        \n            \n            <li class=\"link-list-item\">\n                <a href=\"https:\/\/rc.uef.fi\/redcap\/surveys\/?s=AJ7JCJAMD934A7PL\" class=\"link-reset link hover-scale-down\">\n                    <svg\n        width=\"43\" height=\"25\"\n        viewBox=\"0 0 43 25\"\n        xmlns=\"http:\/\/www.w3.org\/2000\/svg\">\n    <path\n        d=\"M30.027 0 43 12.5 30.027 25 27 22.083 34.351 15H0v-5h34.351L27 2.917z\"\n        fill=\"currentColor\"\n        fill-rule=\"evenodd\"\/>\n<\/svg>                    <div>Osallistu tutkimukseen<\/div>\n                <\/a>\n                <div class=\"link-info\">\n                                    <\/div>\n            <\/li>\n\n        \n            <li class=\"link-list-item\">\n                <a href=\"https:\/\/sites.uef.fi\/ycafin\/wp-content\/uploads\/sites\/504\/2024\/11\/Tietosuojaseloste_paivitetty.docx\" class=\"link-reset link hover-scale-down\">\n                    <svg\n        width=\"43\" height=\"25\"\n        viewBox=\"0 0 43 25\"\n        xmlns=\"http:\/\/www.w3.org\/2000\/svg\">\n    <path\n        d=\"M30.027 0 43 12.5 30.027 25 27 22.083 34.351 15H0v-5h34.351L27 2.917z\"\n        fill=\"currentColor\"\n        fill-rule=\"evenodd\"\/>\n<\/svg>                    <div>Tietosuojaseloste<\/div>\n                <\/a>\n                <div class=\"link-info\">\n                                    <\/div>\n            <\/li>\n\n                <\/ul>\n<\/div>\n\n\n<figure class=\"wp-block-image size-large\"><img loading=\"lazy\" decoding=\"async\" width=\"1024\" height=\"682\" src=\"https:\/\/sites.uef.fi\/ycafin\/wp-content\/uploads\/sites\/504\/2024\/11\/kolme-ihmista-2000x1333-1-1024x682.jpg\" alt=\"Piirros, jossa kaksi aikuista ja lapsi keskustelevat kesken\u00e4n\u00e4\u00e4n.\" class=\"wp-image-1062\" srcset=\"https:\/\/sites.uef.fi\/ycafin\/wp-content\/uploads\/sites\/504\/2024\/11\/kolme-ihmista-2000x1333-1-1024x682.jpg 1024w, https:\/\/sites.uef.fi\/ycafin\/wp-content\/uploads\/sites\/504\/2024\/11\/kolme-ihmista-2000x1333-1-300x200.jpg 300w, https:\/\/sites.uef.fi\/ycafin\/wp-content\/uploads\/sites\/504\/2024\/11\/kolme-ihmista-2000x1333-1-768x512.jpg 768w, https:\/\/sites.uef.fi\/ycafin\/wp-content\/uploads\/sites\/504\/2024\/11\/kolme-ihmista-2000x1333-1-1536x1024.jpg 1536w, https:\/\/sites.uef.fi\/ycafin\/wp-content\/uploads\/sites\/504\/2024\/11\/kolme-ihmista-2000x1333-1.jpg 2000w\" sizes=\"auto, (max-width: 1024px) 100vw, 1024px\" \/><\/figure>\n","protected":false},"excerpt":{"rendered":"<p>Voit soveltua tutkimukseen, mik\u00e4li: Tutkimuksessa ker\u00e4t\u00e4\u00e4n laadullista aineistoa nelj\u00e4n vuoden ajan. Kerran vuodessa haastattelemme tutkimukseen osallistuvia sek\u00e4 pyyd\u00e4mme heit\u00e4 ker\u00e4\u00e4m\u00e4\u00e4n osallistavaa aineistoa. Osallistava aineisto voi olla kirjallinen tai \u00e4\u00e4niviestipohjainen hoivap\u00e4iv\u00e4kirja, el\u00e4m\u00e4nkulkujana, sosiaalisen verkoston kartta tai valokuvia. Tutkimukseen osallistumiseen kuluu aikaa vuosittain noin 3\u20135 tuntia. Tutkimukseen osallistumisesta maksetaan 60 \u20ac ty\u00f6korvaus jokaisena osallistumisvuotena. Vastaamme mielell\u00e4mme lis\u00e4kysymyksiin [&hellip;]<\/p>\n","protected":false},"author":1201,"featured_media":0,"parent":0,"menu_order":0,"comment_status":"closed","ping_status":"closed","template":"","meta":{"_acf_changed":false,"footnotes":""},"class_list":["post-298","page","type-page","status-publish","hentry"],"acf":[],"yoast_head":"<!-- This site is optimized with the Yoast SEO plugin v27.1.1 - https:\/\/yoast.com\/product\/yoast-seo-wordpress\/ -->\n<title>Osallistu tutkimukseen - Nuoret hoivaajat Suomessa<\/title>\n<meta name=\"robots\" content=\"index, follow, max-snippet:-1, max-image-preview:large, max-video-preview:-1\" \/>\n<link rel=\"canonical\" href=\"https:\/\/sites.uef.fi\/ycafin\/osallistu-tutkimukseen\/\" \/>\n<meta property=\"og:locale\" content=\"fi_FI\" \/>\n<meta property=\"og:type\" content=\"article\" \/>\n<meta property=\"og:title\" content=\"Osallistu tutkimukseen - Nuoret hoivaajat Suomessa\" \/>\n<meta property=\"og:description\" content=\"Voit soveltua tutkimukseen, mik\u00e4li: Tutkimuksessa ker\u00e4t\u00e4\u00e4n laadullista aineistoa nelj\u00e4n vuoden ajan. Kerran vuodessa haastattelemme tutkimukseen osallistuvia sek\u00e4 pyyd\u00e4mme heit\u00e4 ker\u00e4\u00e4m\u00e4\u00e4n osallistavaa aineistoa. Osallistava aineisto voi olla kirjallinen tai \u00e4\u00e4niviestipohjainen hoivap\u00e4iv\u00e4kirja, el\u00e4m\u00e4nkulkujana, sosiaalisen verkoston kartta tai valokuvia. Tutkimukseen osallistumiseen kuluu aikaa vuosittain noin 3\u20135 tuntia. Tutkimukseen osallistumisesta maksetaan 60 \u20ac ty\u00f6korvaus jokaisena osallistumisvuotena. Vastaamme mielell\u00e4mme lis\u00e4kysymyksiin [&hellip;]\" \/>\n<meta property=\"og:url\" content=\"https:\/\/sites.uef.fi\/ycafin\/osallistu-tutkimukseen\/\" \/>\n<meta property=\"og:site_name\" content=\"Nuoret hoivaajat Suomessa\" \/>\n<meta property=\"article:modified_time\" content=\"2025-03-04T10:42:27+00:00\" \/>\n<meta property=\"og:image\" content=\"https:\/\/sites.uef.fi\/ycafin\/wp-content\/uploads\/sites\/504\/2024\/11\/kolme-ihmista-2000x1333-1.jpg\" \/>\n\t<meta property=\"og:image:width\" content=\"2000\" \/>\n\t<meta property=\"og:image:height\" content=\"1333\" \/>\n\t<meta property=\"og:image:type\" content=\"image\/jpeg\" \/>\n<meta name=\"twitter:card\" content=\"summary_large_image\" \/>\n<meta name=\"twitter:label1\" content=\"Arvioitu lukuaika\" \/>\n\t<meta name=\"twitter:data1\" content=\"1 minuutti\" \/>\n<script type=\"application\/ld+json\" class=\"yoast-schema-graph\">{\"@context\":\"https:\/\/schema.org\",\"@graph\":[{\"@type\":\"WebPage\",\"@id\":\"https:\/\/sites.uef.fi\/ycafin\/osallistu-tutkimukseen\/\",\"url\":\"https:\/\/sites.uef.fi\/ycafin\/osallistu-tutkimukseen\/\",\"name\":\"Osallistu tutkimukseen - Nuoret hoivaajat Suomessa\",\"isPartOf\":{\"@id\":\"https:\/\/sites.uef.fi\/ycafin\/#website\"},\"primaryImageOfPage\":{\"@id\":\"https:\/\/sites.uef.fi\/ycafin\/osallistu-tutkimukseen\/#primaryimage\"},\"image\":{\"@id\":\"https:\/\/sites.uef.fi\/ycafin\/osallistu-tutkimukseen\/#primaryimage\"},\"thumbnailUrl\":\"https:\/\/sites.uef.fi\/ycafin\/wp-content\/uploads\/sites\/504\/2024\/11\/kolme-ihmista-2000x1333-1-1024x682.jpg\",\"datePublished\":\"2024-09-23T09:51:38+00:00\",\"dateModified\":\"2025-03-04T10:42:27+00:00\",\"breadcrumb\":{\"@id\":\"https:\/\/sites.uef.fi\/ycafin\/osallistu-tutkimukseen\/#breadcrumb\"},\"inLanguage\":\"fi\",\"potentialAction\":[{\"@type\":\"ReadAction\",\"target\":[\"https:\/\/sites.uef.fi\/ycafin\/osallistu-tutkimukseen\/\"]}]},{\"@type\":\"ImageObject\",\"inLanguage\":\"fi\",\"@id\":\"https:\/\/sites.uef.fi\/ycafin\/osallistu-tutkimukseen\/#primaryimage\",\"url\":\"https:\/\/sites.uef.fi\/ycafin\/wp-content\/uploads\/sites\/504\/2024\/11\/kolme-ihmista-2000x1333-1.jpg\",\"contentUrl\":\"https:\/\/sites.uef.fi\/ycafin\/wp-content\/uploads\/sites\/504\/2024\/11\/kolme-ihmista-2000x1333-1.jpg\",\"width\":2000,\"height\":1333,\"caption\":\"Piirros, jossa kaksi aikuista ja lapsi keskustelevat kesken\u00e4n\u00e4\u00e4n.\"},{\"@type\":\"BreadcrumbList\",\"@id\":\"https:\/\/sites.uef.fi\/ycafin\/osallistu-tutkimukseen\/#breadcrumb\",\"itemListElement\":[{\"@type\":\"ListItem\",\"position\":1,\"name\":\"Home\",\"item\":\"https:\/\/sites.uef.fi\/ycafin\/\"},{\"@type\":\"ListItem\",\"position\":2,\"name\":\"Osallistu tutkimukseen\"}]},{\"@type\":\"WebSite\",\"@id\":\"https:\/\/sites.uef.fi\/ycafin\/#website\",\"url\":\"https:\/\/sites.uef.fi\/ycafin\/\",\"name\":\"Nuoret hoivaajat Suomessa\",\"description\":\"\",\"potentialAction\":[{\"@type\":\"SearchAction\",\"target\":{\"@type\":\"EntryPoint\",\"urlTemplate\":\"https:\/\/sites.uef.fi\/ycafin\/?s={search_term_string}\"},\"query-input\":{\"@type\":\"PropertyValueSpecification\",\"valueRequired\":true,\"valueName\":\"search_term_string\"}}],\"inLanguage\":\"fi\"}]}<\/script>\n<!-- \/ Yoast SEO plugin. -->","yoast_head_json":{"title":"Osallistu tutkimukseen - Nuoret hoivaajat Suomessa","robots":{"index":"index","follow":"follow","max-snippet":"max-snippet:-1","max-image-preview":"max-image-preview:large","max-video-preview":"max-video-preview:-1"},"canonical":"https:\/\/sites.uef.fi\/ycafin\/osallistu-tutkimukseen\/","og_locale":"fi_FI","og_type":"article","og_title":"Osallistu tutkimukseen - Nuoret hoivaajat Suomessa","og_description":"Voit soveltua tutkimukseen, mik\u00e4li: Tutkimuksessa ker\u00e4t\u00e4\u00e4n laadullista aineistoa nelj\u00e4n vuoden ajan. Kerran vuodessa haastattelemme tutkimukseen osallistuvia sek\u00e4 pyyd\u00e4mme heit\u00e4 ker\u00e4\u00e4m\u00e4\u00e4n osallistavaa aineistoa. Osallistava aineisto voi olla kirjallinen tai \u00e4\u00e4niviestipohjainen hoivap\u00e4iv\u00e4kirja, el\u00e4m\u00e4nkulkujana, sosiaalisen verkoston kartta tai valokuvia. Tutkimukseen osallistumiseen kuluu aikaa vuosittain noin 3\u20135 tuntia. Tutkimukseen osallistumisesta maksetaan 60 \u20ac ty\u00f6korvaus jokaisena osallistumisvuotena. Vastaamme mielell\u00e4mme lis\u00e4kysymyksiin [&hellip;]","og_url":"https:\/\/sites.uef.fi\/ycafin\/osallistu-tutkimukseen\/","og_site_name":"Nuoret hoivaajat Suomessa","article_modified_time":"2025-03-04T10:42:27+00:00","og_image":[{"width":2000,"height":1333,"url":"https:\/\/sites.uef.fi\/ycafin\/wp-content\/uploads\/sites\/504\/2024\/11\/kolme-ihmista-2000x1333-1.jpg","type":"image\/jpeg"}],"twitter_card":"summary_large_image","twitter_misc":{"Arvioitu lukuaika":"1 minuutti"},"schema":{"@context":"https:\/\/schema.org","@graph":[{"@type":"WebPage","@id":"https:\/\/sites.uef.fi\/ycafin\/osallistu-tutkimukseen\/","url":"https:\/\/sites.uef.fi\/ycafin\/osallistu-tutkimukseen\/","name":"Osallistu tutkimukseen - Nuoret hoivaajat Suomessa","isPartOf":{"@id":"https:\/\/sites.uef.fi\/ycafin\/#website"},"primaryImageOfPage":{"@id":"https:\/\/sites.uef.fi\/ycafin\/osallistu-tutkimukseen\/#primaryimage"},"image":{"@id":"https:\/\/sites.uef.fi\/ycafin\/osallistu-tutkimukseen\/#primaryimage"},"thumbnailUrl":"https:\/\/sites.uef.fi\/ycafin\/wp-content\/uploads\/sites\/504\/2024\/11\/kolme-ihmista-2000x1333-1-1024x682.jpg","datePublished":"2024-09-23T09:51:38+00:00","dateModified":"2025-03-04T10:42:27+00:00","breadcrumb":{"@id":"https:\/\/sites.uef.fi\/ycafin\/osallistu-tutkimukseen\/#breadcrumb"},"inLanguage":"fi","potentialAction":[{"@type":"ReadAction","target":["https:\/\/sites.uef.fi\/ycafin\/osallistu-tutkimukseen\/"]}]},{"@type":"ImageObject","inLanguage":"fi","@id":"https:\/\/sites.uef.fi\/ycafin\/osallistu-tutkimukseen\/#primaryimage","url":"https:\/\/sites.uef.fi\/ycafin\/wp-content\/uploads\/sites\/504\/2024\/11\/kolme-ihmista-2000x1333-1.jpg","contentUrl":"https:\/\/sites.uef.fi\/ycafin\/wp-content\/uploads\/sites\/504\/2024\/11\/kolme-ihmista-2000x1333-1.jpg","width":2000,"height":1333,"caption":"Piirros, jossa kaksi aikuista ja lapsi keskustelevat kesken\u00e4n\u00e4\u00e4n."},{"@type":"BreadcrumbList","@id":"https:\/\/sites.uef.fi\/ycafin\/osallistu-tutkimukseen\/#breadcrumb","itemListElement":[{"@type":"ListItem","position":1,"name":"Home","item":"https:\/\/sites.uef.fi\/ycafin\/"},{"@type":"ListItem","position":2,"name":"Osallistu tutkimukseen"}]},{"@type":"WebSite","@id":"https:\/\/sites.uef.fi\/ycafin\/#website","url":"https:\/\/sites.uef.fi\/ycafin\/","name":"Nuoret hoivaajat Suomessa","description":"","potentialAction":[{"@type":"SearchAction","target":{"@type":"EntryPoint","urlTemplate":"https:\/\/sites.uef.fi\/ycafin\/?s={search_term_string}"},"query-input":{"@type":"PropertyValueSpecification","valueRequired":true,"valueName":"search_term_string"}}],"inLanguage":"fi"}]}},"_links":{"self":[{"href":"https:\/\/sites.uef.fi\/ycafin\/wp-json\/wp\/v2\/pages\/298","targetHints":{"allow":["GET"]}}],"collection":[{"href":"https:\/\/sites.uef.fi\/ycafin\/wp-json\/wp\/v2\/pages"}],"about":[{"href":"https:\/\/sites.uef.fi\/ycafin\/wp-json\/wp\/v2\/types\/page"}],"author":[{"embeddable":true,"href":"https:\/\/sites.uef.fi\/ycafin\/wp-json\/wp\/v2\/users\/1201"}],"replies":[{"embeddable":true,"href":"https:\/\/sites.uef.fi\/ycafin\/wp-json\/wp\/v2\/comments?post=298"}],"version-history":[{"count":1,"href":"https:\/\/sites.uef.fi\/ycafin\/wp-json\/wp\/v2\/pages\/298\/revisions"}],"predecessor-version":[{"id":1192,"href":"https:\/\/sites.uef.fi\/ycafin\/wp-json\/wp\/v2\/pages\/298\/revisions\/1192"}],"wp:attachment":[{"href":"https:\/\/sites.uef.fi\/ycafin\/wp-json\/wp\/v2\/media?parent=298"}],"curies":[{"name":"wp","href":"https:\/\/api.w.org\/{rel}","templated":true}]}}