{"id":542,"date":"2024-09-23T12:51:38","date_gmt":"2024-09-23T09:51:38","guid":{"rendered":"https:\/\/sites.uef.fi\/ycafin\/take-part-in-research\/"},"modified":"2025-03-04T13:37:46","modified_gmt":"2025-03-04T10:37:46","slug":"take-part-in-research","status":"publish","type":"page","link":"https:\/\/sites.uef.fi\/ycafin\/take-part-in-research\/?lang=en","title":{"rendered":"Take part in research"},"content":{"rendered":"\n<p>You may be eligible for this research if:<\/p>\n\n<ul class=\"wp-block-list\">\n<li>You are helping, caring for or supporting a family member or other close person with, for example, a serious illness, disability, mental health or substance abuse problem or who is very old.<\/li>\n\n\n\n<li>You are an adolescent or young adult aged 15-24<\/li>\n<\/ul>\n\n<p>The study will collect qualitative data over four years. Once a year, we will interview participants and ask them to collect participatory data. The participatory data can be a written or audio diary, a life story, a social network map or photographs. It takes about 3-5 hours per year to participate in the research. A 60 \u20ac work allowance will be paid for each year of participation.    <\/p>\n\n<p>We are happy to answer any further questions about our research. You can contact the project leader <a href=\"https:\/\/uefconnect.uef.fi\/henkilo\/tiina.sihto\/\">Tiina Sihto. <\/a>  <\/p>\n\n<p>If you are interested in participating in the study, you can leave your contact details with the research team in the secure REDCap environment at the University of Eastern Finland and we will contact you. Your contact details will only be used by the research team. We will provide you with more detailed instructions on how to participate in the study when we contact you.  <\/p>\n\n<div class=\"links-block\">\n\n    \n    <ul class=\"link-list\">\n        \n            \n            <li class=\"link-list-item\">\n                <a href=\"https:\/\/rc.uef.fi\/redcap\/surveys\/?s=AJ7JCJAMD934A7PL\" class=\"link-reset link hover-scale-down\">\n                    <svg\n        width=\"43\" height=\"25\"\n        viewBox=\"0 0 43 25\"\n        xmlns=\"http:\/\/www.w3.org\/2000\/svg\">\n    <path\n        d=\"M30.027 0 43 12.5 30.027 25 27 22.083 34.351 15H0v-5h34.351L27 2.917z\"\n        fill=\"currentColor\"\n        fill-rule=\"evenodd\"\/>\n<\/svg>                    <div>Osallistu tutkimukseen<\/div>\n                <\/a>\n                <div class=\"link-info\">\n                                    <\/div>\n            <\/li>\n\n        \n            <li class=\"link-list-item\">\n                <a href=\"https:\/\/sites.uef.fi\/ycafin\/wp-content\/uploads\/sites\/504\/2024\/11\/Tietosuojaseloste_paivitetty.docx\" class=\"link-reset link hover-scale-down\">\n                    <svg\n        width=\"43\" height=\"25\"\n        viewBox=\"0 0 43 25\"\n        xmlns=\"http:\/\/www.w3.org\/2000\/svg\">\n    <path\n        d=\"M30.027 0 43 12.5 30.027 25 27 22.083 34.351 15H0v-5h34.351L27 2.917z\"\n        fill=\"currentColor\"\n        fill-rule=\"evenodd\"\/>\n<\/svg>                    <div>Tietosuojaseloste<\/div>\n                <\/a>\n                <div class=\"link-info\">\n                                    <\/div>\n            <\/li>\n\n                <\/ul>\n<\/div>\n<figure class=\"wp-block-image size-large\"><img loading=\"lazy\" decoding=\"async\" width=\"1024\" height=\"682\" src=\"https:\/\/sites.uef.fi\/ycafin\/wp-content\/uploads\/sites\/504\/2024\/11\/kolme-ihmista-2000x1333-1-1024x682.jpg\" alt=\"A drawing of two adults and a child talking to each other.\" class=\"wp-image-1062\" srcset=\"https:\/\/sites.uef.fi\/ycafin\/wp-content\/uploads\/sites\/504\/2024\/11\/kolme-ihmista-2000x1333-1-1024x682.jpg 1024w, https:\/\/sites.uef.fi\/ycafin\/wp-content\/uploads\/sites\/504\/2024\/11\/kolme-ihmista-2000x1333-1-300x200.jpg 300w, https:\/\/sites.uef.fi\/ycafin\/wp-content\/uploads\/sites\/504\/2024\/11\/kolme-ihmista-2000x1333-1-768x512.jpg 768w, https:\/\/sites.uef.fi\/ycafin\/wp-content\/uploads\/sites\/504\/2024\/11\/kolme-ihmista-2000x1333-1-1536x1024.jpg 1536w, https:\/\/sites.uef.fi\/ycafin\/wp-content\/uploads\/sites\/504\/2024\/11\/kolme-ihmista-2000x1333-1.jpg 2000w\" sizes=\"auto, (max-width: 1024px) 100vw, 1024px\" \/><\/figure>\n","protected":false},"excerpt":{"rendered":"<p>You may be eligible for this research if: The study will collect qualitative data over four years. Once a year, we will interview participants and ask them to collect participatory data. The participatory data can be a written or audio diary, a life story, a social network map or photographs. It takes about 3-5 hours [&hellip;]<\/p>\n","protected":false},"author":1201,"featured_media":0,"parent":0,"menu_order":0,"comment_status":"closed","ping_status":"closed","template":"","meta":{"_acf_changed":false,"footnotes":""},"class_list":["post-542","page","type-page","status-publish","hentry"],"acf":[],"yoast_head":"<!-- This site is optimized with the Yoast SEO plugin v27.1.1 - https:\/\/yoast.com\/product\/yoast-seo-wordpress\/ -->\n<title>Take part in research - Nuoret hoivaajat Suomessa<\/title>\n<meta name=\"robots\" content=\"index, follow, max-snippet:-1, max-image-preview:large, max-video-preview:-1\" \/>\n<link rel=\"canonical\" href=\"https:\/\/sites.uef.fi\/ycafin\/take-part-in-research\/\" \/>\n<meta property=\"og:locale\" content=\"fi_FI\" \/>\n<meta property=\"og:type\" content=\"article\" \/>\n<meta property=\"og:title\" content=\"Take part in research - Nuoret hoivaajat Suomessa\" \/>\n<meta property=\"og:description\" content=\"You may be eligible for this research if: The study will collect qualitative data over four years. Once a year, we will interview participants and ask them to collect participatory data. The participatory data can be a written or audio diary, a life story, a social network map or photographs. It takes about 3-5 hours [&hellip;]\" \/>\n<meta property=\"og:url\" content=\"https:\/\/sites.uef.fi\/ycafin\/take-part-in-research\/?lang=en\" \/>\n<meta property=\"og:site_name\" content=\"Nuoret hoivaajat Suomessa\" \/>\n<meta property=\"article:modified_time\" content=\"2025-03-04T10:37:46+00:00\" \/>\n<meta property=\"og:image\" content=\"https:\/\/sites.uef.fi\/ycafin\/wp-content\/uploads\/sites\/504\/2024\/11\/kolme-ihmista-2000x1333-1.jpg\" \/>\n\t<meta property=\"og:image:width\" content=\"2000\" \/>\n\t<meta property=\"og:image:height\" content=\"1333\" \/>\n\t<meta property=\"og:image:type\" content=\"image\/jpeg\" \/>\n<meta name=\"twitter:card\" content=\"summary_large_image\" \/>\n<meta name=\"twitter:label1\" content=\"Arvioitu lukuaika\" \/>\n\t<meta name=\"twitter:data1\" content=\"2 minuuttia\" \/>\n<script type=\"application\/ld+json\" class=\"yoast-schema-graph\">{\"@context\":\"https:\/\/schema.org\",\"@graph\":[{\"@type\":\"WebPage\",\"@id\":\"https:\/\/sites.uef.fi\/ycafin\/take-part-in-research\/?lang=en\",\"url\":\"https:\/\/sites.uef.fi\/ycafin\/take-part-in-research\/?lang=en\",\"name\":\"Take part in research - Nuoret hoivaajat Suomessa\",\"isPartOf\":{\"@id\":\"https:\/\/sites.uef.fi\/ycafin\/#website\"},\"primaryImageOfPage\":{\"@id\":\"https:\/\/sites.uef.fi\/ycafin\/take-part-in-research\/?lang=en#primaryimage\"},\"image\":{\"@id\":\"https:\/\/sites.uef.fi\/ycafin\/take-part-in-research\/?lang=en#primaryimage\"},\"thumbnailUrl\":\"https:\/\/sites.uef.fi\/ycafin\/wp-content\/uploads\/sites\/504\/2024\/11\/kolme-ihmista-2000x1333-1-1024x682.jpg\",\"datePublished\":\"2024-09-23T09:51:38+00:00\",\"dateModified\":\"2025-03-04T10:37:46+00:00\",\"breadcrumb\":{\"@id\":\"https:\/\/sites.uef.fi\/ycafin\/take-part-in-research\/?lang=en#breadcrumb\"},\"inLanguage\":\"fi\",\"potentialAction\":[{\"@type\":\"ReadAction\",\"target\":[\"https:\/\/sites.uef.fi\/ycafin\/take-part-in-research\/?lang=en\"]}]},{\"@type\":\"ImageObject\",\"inLanguage\":\"fi\",\"@id\":\"https:\/\/sites.uef.fi\/ycafin\/take-part-in-research\/?lang=en#primaryimage\",\"url\":\"https:\/\/sites.uef.fi\/ycafin\/wp-content\/uploads\/sites\/504\/2024\/11\/kolme-ihmista-2000x1333-1.jpg\",\"contentUrl\":\"https:\/\/sites.uef.fi\/ycafin\/wp-content\/uploads\/sites\/504\/2024\/11\/kolme-ihmista-2000x1333-1.jpg\",\"width\":2000,\"height\":1333,\"caption\":\"Piirros, jossa kaksi aikuista ja lapsi keskustelevat kesken\u00e4n\u00e4\u00e4n.\"},{\"@type\":\"BreadcrumbList\",\"@id\":\"https:\/\/sites.uef.fi\/ycafin\/take-part-in-research\/?lang=en#breadcrumb\",\"itemListElement\":[{\"@type\":\"ListItem\",\"position\":1,\"name\":\"Home\",\"item\":\"https:\/\/sites.uef.fi\/ycafin\/\"},{\"@type\":\"ListItem\",\"position\":2,\"name\":\"Take part in research\"}]},{\"@type\":\"WebSite\",\"@id\":\"https:\/\/sites.uef.fi\/ycafin\/#website\",\"url\":\"https:\/\/sites.uef.fi\/ycafin\/\",\"name\":\"Nuoret hoivaajat Suomessa\",\"description\":\"\",\"potentialAction\":[{\"@type\":\"SearchAction\",\"target\":{\"@type\":\"EntryPoint\",\"urlTemplate\":\"https:\/\/sites.uef.fi\/ycafin\/?s={search_term_string}\"},\"query-input\":{\"@type\":\"PropertyValueSpecification\",\"valueRequired\":true,\"valueName\":\"search_term_string\"}}],\"inLanguage\":\"fi\"}]}<\/script>\n<!-- \/ Yoast SEO plugin. -->","yoast_head_json":{"title":"Take part in research - Nuoret hoivaajat Suomessa","robots":{"index":"index","follow":"follow","max-snippet":"max-snippet:-1","max-image-preview":"max-image-preview:large","max-video-preview":"max-video-preview:-1"},"canonical":"https:\/\/sites.uef.fi\/ycafin\/take-part-in-research\/","og_locale":"fi_FI","og_type":"article","og_title":"Take part in research - Nuoret hoivaajat Suomessa","og_description":"You may be eligible for this research if: The study will collect qualitative data over four years. Once a year, we will interview participants and ask them to collect participatory data. The participatory data can be a written or audio diary, a life story, a social network map or photographs. It takes about 3-5 hours [&hellip;]","og_url":"https:\/\/sites.uef.fi\/ycafin\/take-part-in-research\/?lang=en","og_site_name":"Nuoret hoivaajat Suomessa","article_modified_time":"2025-03-04T10:37:46+00:00","og_image":[{"width":2000,"height":1333,"url":"https:\/\/sites.uef.fi\/ycafin\/wp-content\/uploads\/sites\/504\/2024\/11\/kolme-ihmista-2000x1333-1.jpg","type":"image\/jpeg"}],"twitter_card":"summary_large_image","twitter_misc":{"Arvioitu lukuaika":"2 minuuttia"},"schema":{"@context":"https:\/\/schema.org","@graph":[{"@type":"WebPage","@id":"https:\/\/sites.uef.fi\/ycafin\/take-part-in-research\/?lang=en","url":"https:\/\/sites.uef.fi\/ycafin\/take-part-in-research\/?lang=en","name":"Take part in research - Nuoret hoivaajat Suomessa","isPartOf":{"@id":"https:\/\/sites.uef.fi\/ycafin\/#website"},"primaryImageOfPage":{"@id":"https:\/\/sites.uef.fi\/ycafin\/take-part-in-research\/?lang=en#primaryimage"},"image":{"@id":"https:\/\/sites.uef.fi\/ycafin\/take-part-in-research\/?lang=en#primaryimage"},"thumbnailUrl":"https:\/\/sites.uef.fi\/ycafin\/wp-content\/uploads\/sites\/504\/2024\/11\/kolme-ihmista-2000x1333-1-1024x682.jpg","datePublished":"2024-09-23T09:51:38+00:00","dateModified":"2025-03-04T10:37:46+00:00","breadcrumb":{"@id":"https:\/\/sites.uef.fi\/ycafin\/take-part-in-research\/?lang=en#breadcrumb"},"inLanguage":"fi","potentialAction":[{"@type":"ReadAction","target":["https:\/\/sites.uef.fi\/ycafin\/take-part-in-research\/?lang=en"]}]},{"@type":"ImageObject","inLanguage":"fi","@id":"https:\/\/sites.uef.fi\/ycafin\/take-part-in-research\/?lang=en#primaryimage","url":"https:\/\/sites.uef.fi\/ycafin\/wp-content\/uploads\/sites\/504\/2024\/11\/kolme-ihmista-2000x1333-1.jpg","contentUrl":"https:\/\/sites.uef.fi\/ycafin\/wp-content\/uploads\/sites\/504\/2024\/11\/kolme-ihmista-2000x1333-1.jpg","width":2000,"height":1333,"caption":"Piirros, jossa kaksi aikuista ja lapsi keskustelevat kesken\u00e4n\u00e4\u00e4n."},{"@type":"BreadcrumbList","@id":"https:\/\/sites.uef.fi\/ycafin\/take-part-in-research\/?lang=en#breadcrumb","itemListElement":[{"@type":"ListItem","position":1,"name":"Home","item":"https:\/\/sites.uef.fi\/ycafin\/"},{"@type":"ListItem","position":2,"name":"Take part in research"}]},{"@type":"WebSite","@id":"https:\/\/sites.uef.fi\/ycafin\/#website","url":"https:\/\/sites.uef.fi\/ycafin\/","name":"Nuoret hoivaajat Suomessa","description":"","potentialAction":[{"@type":"SearchAction","target":{"@type":"EntryPoint","urlTemplate":"https:\/\/sites.uef.fi\/ycafin\/?s={search_term_string}"},"query-input":{"@type":"PropertyValueSpecification","valueRequired":true,"valueName":"search_term_string"}}],"inLanguage":"fi"}]}},"_links":{"self":[{"href":"https:\/\/sites.uef.fi\/ycafin\/wp-json\/wp\/v2\/pages\/542","targetHints":{"allow":["GET"]}}],"collection":[{"href":"https:\/\/sites.uef.fi\/ycafin\/wp-json\/wp\/v2\/pages"}],"about":[{"href":"https:\/\/sites.uef.fi\/ycafin\/wp-json\/wp\/v2\/types\/page"}],"author":[{"embeddable":true,"href":"https:\/\/sites.uef.fi\/ycafin\/wp-json\/wp\/v2\/users\/1201"}],"replies":[{"embeddable":true,"href":"https:\/\/sites.uef.fi\/ycafin\/wp-json\/wp\/v2\/comments?post=542"}],"version-history":[{"count":2,"href":"https:\/\/sites.uef.fi\/ycafin\/wp-json\/wp\/v2\/pages\/542\/revisions"}],"predecessor-version":[{"id":1190,"href":"https:\/\/sites.uef.fi\/ycafin\/wp-json\/wp\/v2\/pages\/542\/revisions\/1190"}],"wp:attachment":[{"href":"https:\/\/sites.uef.fi\/ycafin\/wp-json\/wp\/v2\/media?parent=542"}],"curies":[{"name":"wp","href":"https:\/\/api.w.org\/{rel}","templated":true}]}}