{"id":154,"date":"2020-08-20T14:19:22","date_gmt":"2020-08-20T11:19:22","guid":{"rendered":"https:\/\/sites.uef.fi\/yritystaoppimisymparistoihin\/?page_id=154"},"modified":"2024-02-08T08:57:37","modified_gmt":"2024-02-08T06:57:37","slug":"hankkeessa-toteutuneet-pilottiprojektit","status":"publish","type":"page","link":"https:\/\/sites.uef.fi\/yritystaoppimisymparistoihin\/hankkeessa-toteutuneet-pilottiprojektit\/","title":{"rendered":"Hankkeessa toteutuneet pilottiprojektit"},"content":{"rendered":"\n<p>Valikosta ja sivun alalaidasta l\u00f6yd\u00e4t hankkeemme puitteissa toteutetut yhteisty\u00f6projektit toteutumisj\u00e4rjestyksess\u00e4. Jokaisen projektin sivulla on kuvaus projektista sek\u00e4 projektissa mukana olleet toimijat. Projektien kuvaukset p\u00e4ivittyv\u00e4t projektien edetess\u00e4, joten voit seurata toteutusta suunnitelmasta valmistumiseen!<\/p>\n\n\n\n<ul class=\"wp-block-list\">\n<li>Oletko toimijana miss\u00e4 tahansa Pohjois-Karjalan maakunnan koulutusorganisaatiossa?<\/li>\n\n\n\n<li>Oletko Pohjois-Karjalainen yritt\u00e4j\u00e4 tai vaikutatko jossain maakuntamme pk-yrityksess\u00e4?<\/li>\n<\/ul>\n\n\n\n<p>Jos vastasit edes toiseen yll\u00e4 olevista kysymyksist\u00e4 &#8220;kyll\u00e4&#8221; tai jos sinulla on idea yritysten ja koulutusorganisaatioiden yhteisty\u00f6ss\u00e4 teht\u00e4v\u00e4st\u00e4 kokeilusta tai projektista, meill\u00e4 on mahdollisuus yhteisty\u00f6h\u00f6n!<\/p>\n\n\n\n<p>Ota meihin yhteytt\u00e4 s\u00e4hk\u00f6postilla yritystaoppimisymparistoihin (\u00e4t) uef.fi ja kerro ajatuksistasi niin keskustellaan ja suunnitellaan lis\u00e4\u00e4!<\/p>\n\n\n\n<h3 class=\"wp-block-heading\">Valikosta l\u00f6ytyv\u00e4t linkit hankkeessa toteutuneiden pilottiporojektien kuvauksiin l\u00f6yd\u00e4t my\u00f6s t\u00e4st\u00e4:<\/h3>\n\n\n\n<ul class=\"wp-block-list\">\n<li><a href=\"https:\/\/sites.uef.fi\/yritystaoppimisymparistoihin\/hankkeessa-toteutuneet-pilottiprojektit\/seksuaalikasvatus\/\">Seksuaalikasvatus<\/a><\/li>\n\n\n\n<li><a href=\"https:\/\/sites.uef.fi\/yritystaoppimisymparistoihin\/hankkeessa-toteutuneet-pilottiprojektit\/talvipuutarha-ja-tutkimushuone\/\">Talvipuutarha ja tutkimushuone<\/a><\/li>\n\n\n\n<li><a href=\"https:\/\/sites.uef.fi\/yritystaoppimisymparistoihin\/hankkeessa-toteutuneet-pilottiprojektit\/lapset-ammateissa\/\">Lapset ammateissa<\/a><\/li>\n\n\n\n<li><a href=\"https:\/\/sites.uef.fi\/yritystaoppimisymparistoihin\/hankkeessa-toteutuneet-pilottiprojektit\/aanimaisema\/\">\u00c4\u00e4nimaisema<\/a><\/li>\n\n\n\n<li><a href=\"https:\/\/sites.uef.fi\/yritystaoppimisymparistoihin\/hankkeessa-toteutuneet-pilottiprojektit\/metsahuone\/\">Mets\u00e4huone<\/a><\/li>\n\n\n\n<li><a href=\"https:\/\/sites.uef.fi\/yritystaoppimisymparistoihin\/hankkeessa-toteutuneet-pilottiprojektit\/akustiikkaa-eskariin\/\">Akustiikkaa eskariin!<\/a><\/li>\n\n\n\n<li><a href=\"https:\/\/sites.uef.fi\/yritystaoppimisymparistoihin\/hankkeessa-toteutuneet-pilottiprojektit\/kirja\/\">Hyv\u00e4n tahdon tarina<\/a><\/li>\n\n\n\n<li><a href=\"https:\/\/sites.uef.fi\/yritystaoppimisymparistoihin\/hankkeessa-toteutuneet-pilottiprojektit\/kierratyskaynti\/\">Kierr\u00e4tysk\u00e4ynti<\/a><\/li>\n<\/ul>\n","protected":false},"excerpt":{"rendered":"<p>Valikosta ja sivun alalaidasta l\u00f6yd\u00e4t hankkeemme puitteissa toteutetut yhteisty\u00f6projektit toteutumisj\u00e4rjestyksess\u00e4. Jokaisen projektin sivulla on kuvaus projektista sek\u00e4 projektissa mukana olleet toimijat. Projektien kuvaukset p\u00e4ivittyv\u00e4t projektien edetess\u00e4, joten voit seurata toteutusta suunnitelmasta valmistumiseen! Jos vastasit edes toiseen yll\u00e4 olevista kysymyksist\u00e4 &#8220;kyll\u00e4&#8221; tai jos sinulla on idea yritysten ja koulutusorganisaatioiden yhteisty\u00f6ss\u00e4 teht\u00e4v\u00e4st\u00e4 kokeilusta tai projektista, meill\u00e4 on [&hellip;]<\/p>\n","protected":false},"author":98,"featured_media":0,"parent":0,"menu_order":0,"comment_status":"closed","ping_status":"closed","template":"","meta":{"_acf_changed":false,"_monsterinsights_skip_tracking":false,"_monsterinsights_sitenote_active":false,"_monsterinsights_sitenote_note":"","_monsterinsights_sitenote_category":0,"footnotes":""},"class_list":["post-154","page","type-page","status-publish","hentry"],"acf":[],"yoast_head":"<!-- This site is optimized with the Yoast SEO plugin v27.3 - https:\/\/yoast.com\/product\/yoast-seo-wordpress\/ -->\n<title>Hankkeessa toteutuneet pilottiprojektit - Yrityst\u00e4 oppimisymp\u00e4rist\u00f6ihin<\/title>\n<meta name=\"robots\" content=\"index, follow, max-snippet:-1, max-image-preview:large, max-video-preview:-1\" \/>\n<link rel=\"canonical\" href=\"https:\/\/sites.uef.fi\/yritystaoppimisymparistoihin\/hankkeessa-toteutuneet-pilottiprojektit\/\" \/>\n<meta property=\"og:locale\" content=\"en_US\" \/>\n<meta property=\"og:type\" content=\"article\" \/>\n<meta property=\"og:title\" content=\"Hankkeessa toteutuneet pilottiprojektit - Yrityst\u00e4 oppimisymp\u00e4rist\u00f6ihin\" \/>\n<meta property=\"og:description\" content=\"Valikosta ja sivun alalaidasta l\u00f6yd\u00e4t hankkeemme puitteissa toteutetut yhteisty\u00f6projektit toteutumisj\u00e4rjestyksess\u00e4. Jokaisen projektin sivulla on kuvaus projektista sek\u00e4 projektissa mukana olleet toimijat. Projektien kuvaukset p\u00e4ivittyv\u00e4t projektien edetess\u00e4, joten voit seurata toteutusta suunnitelmasta valmistumiseen! Jos vastasit edes toiseen yll\u00e4 olevista kysymyksist\u00e4 &#8220;kyll\u00e4&#8221; tai jos sinulla on idea yritysten ja koulutusorganisaatioiden yhteisty\u00f6ss\u00e4 teht\u00e4v\u00e4st\u00e4 kokeilusta tai projektista, meill\u00e4 on [&hellip;]\" \/>\n<meta property=\"og:url\" content=\"https:\/\/sites.uef.fi\/yritystaoppimisymparistoihin\/hankkeessa-toteutuneet-pilottiprojektit\/\" \/>\n<meta property=\"og:site_name\" content=\"Yrityst\u00e4 oppimisymp\u00e4rist\u00f6ihin\" \/>\n<meta property=\"article:modified_time\" content=\"2024-02-08T06:57:37+00:00\" \/>\n<meta name=\"twitter:card\" content=\"summary_large_image\" \/>\n<meta name=\"twitter:label1\" content=\"Est. reading time\" \/>\n\t<meta name=\"twitter:data1\" content=\"1 minute\" \/>\n<script type=\"application\/ld+json\" class=\"yoast-schema-graph\">{\"@context\":\"https:\\\/\\\/schema.org\",\"@graph\":[{\"@type\":\"WebPage\",\"@id\":\"https:\\\/\\\/sites.uef.fi\\\/yritystaoppimisymparistoihin\\\/hankkeessa-toteutuneet-pilottiprojektit\\\/\",\"url\":\"https:\\\/\\\/sites.uef.fi\\\/yritystaoppimisymparistoihin\\\/hankkeessa-toteutuneet-pilottiprojektit\\\/\",\"name\":\"Hankkeessa toteutuneet pilottiprojektit - Yrityst\u00e4 oppimisymp\u00e4rist\u00f6ihin\",\"isPartOf\":{\"@id\":\"https:\\\/\\\/sites.uef.fi\\\/yritystaoppimisymparistoihin\\\/#website\"},\"datePublished\":\"2020-08-20T11:19:22+00:00\",\"dateModified\":\"2024-02-08T06:57:37+00:00\",\"breadcrumb\":{\"@id\":\"https:\\\/\\\/sites.uef.fi\\\/yritystaoppimisymparistoihin\\\/hankkeessa-toteutuneet-pilottiprojektit\\\/#breadcrumb\"},\"inLanguage\":\"en-US\",\"potentialAction\":[{\"@type\":\"ReadAction\",\"target\":[\"https:\\\/\\\/sites.uef.fi\\\/yritystaoppimisymparistoihin\\\/hankkeessa-toteutuneet-pilottiprojektit\\\/\"]}]},{\"@type\":\"BreadcrumbList\",\"@id\":\"https:\\\/\\\/sites.uef.fi\\\/yritystaoppimisymparistoihin\\\/hankkeessa-toteutuneet-pilottiprojektit\\\/#breadcrumb\",\"itemListElement\":[{\"@type\":\"ListItem\",\"position\":1,\"name\":\"Home\",\"item\":\"https:\\\/\\\/sites.uef.fi\\\/yritystaoppimisymparistoihin\\\/\"},{\"@type\":\"ListItem\",\"position\":2,\"name\":\"Hankkeessa toteutuneet pilottiprojektit\"}]},{\"@type\":\"WebSite\",\"@id\":\"https:\\\/\\\/sites.uef.fi\\\/yritystaoppimisymparistoihin\\\/#website\",\"url\":\"https:\\\/\\\/sites.uef.fi\\\/yritystaoppimisymparistoihin\\\/\",\"name\":\"Yrityst\u00e4 oppimisymp\u00e4rist\u00f6ihin\",\"description\":\"\",\"potentialAction\":[{\"@type\":\"SearchAction\",\"target\":{\"@type\":\"EntryPoint\",\"urlTemplate\":\"https:\\\/\\\/sites.uef.fi\\\/yritystaoppimisymparistoihin\\\/?s={search_term_string}\"},\"query-input\":{\"@type\":\"PropertyValueSpecification\",\"valueRequired\":true,\"valueName\":\"search_term_string\"}}],\"inLanguage\":\"en-US\"}]}<\/script>\n<!-- \/ Yoast SEO plugin. -->","yoast_head_json":{"title":"Hankkeessa toteutuneet pilottiprojektit - Yrityst\u00e4 oppimisymp\u00e4rist\u00f6ihin","robots":{"index":"index","follow":"follow","max-snippet":"max-snippet:-1","max-image-preview":"max-image-preview:large","max-video-preview":"max-video-preview:-1"},"canonical":"https:\/\/sites.uef.fi\/yritystaoppimisymparistoihin\/hankkeessa-toteutuneet-pilottiprojektit\/","og_locale":"en_US","og_type":"article","og_title":"Hankkeessa toteutuneet pilottiprojektit - Yrityst\u00e4 oppimisymp\u00e4rist\u00f6ihin","og_description":"Valikosta ja sivun alalaidasta l\u00f6yd\u00e4t hankkeemme puitteissa toteutetut yhteisty\u00f6projektit toteutumisj\u00e4rjestyksess\u00e4. Jokaisen projektin sivulla on kuvaus projektista sek\u00e4 projektissa mukana olleet toimijat. Projektien kuvaukset p\u00e4ivittyv\u00e4t projektien edetess\u00e4, joten voit seurata toteutusta suunnitelmasta valmistumiseen! Jos vastasit edes toiseen yll\u00e4 olevista kysymyksist\u00e4 &#8220;kyll\u00e4&#8221; tai jos sinulla on idea yritysten ja koulutusorganisaatioiden yhteisty\u00f6ss\u00e4 teht\u00e4v\u00e4st\u00e4 kokeilusta tai projektista, meill\u00e4 on [&hellip;]","og_url":"https:\/\/sites.uef.fi\/yritystaoppimisymparistoihin\/hankkeessa-toteutuneet-pilottiprojektit\/","og_site_name":"Yrityst\u00e4 oppimisymp\u00e4rist\u00f6ihin","article_modified_time":"2024-02-08T06:57:37+00:00","twitter_card":"summary_large_image","twitter_misc":{"Est. reading time":"1 minute"},"schema":{"@context":"https:\/\/schema.org","@graph":[{"@type":"WebPage","@id":"https:\/\/sites.uef.fi\/yritystaoppimisymparistoihin\/hankkeessa-toteutuneet-pilottiprojektit\/","url":"https:\/\/sites.uef.fi\/yritystaoppimisymparistoihin\/hankkeessa-toteutuneet-pilottiprojektit\/","name":"Hankkeessa toteutuneet pilottiprojektit - Yrityst\u00e4 oppimisymp\u00e4rist\u00f6ihin","isPartOf":{"@id":"https:\/\/sites.uef.fi\/yritystaoppimisymparistoihin\/#website"},"datePublished":"2020-08-20T11:19:22+00:00","dateModified":"2024-02-08T06:57:37+00:00","breadcrumb":{"@id":"https:\/\/sites.uef.fi\/yritystaoppimisymparistoihin\/hankkeessa-toteutuneet-pilottiprojektit\/#breadcrumb"},"inLanguage":"en-US","potentialAction":[{"@type":"ReadAction","target":["https:\/\/sites.uef.fi\/yritystaoppimisymparistoihin\/hankkeessa-toteutuneet-pilottiprojektit\/"]}]},{"@type":"BreadcrumbList","@id":"https:\/\/sites.uef.fi\/yritystaoppimisymparistoihin\/hankkeessa-toteutuneet-pilottiprojektit\/#breadcrumb","itemListElement":[{"@type":"ListItem","position":1,"name":"Home","item":"https:\/\/sites.uef.fi\/yritystaoppimisymparistoihin\/"},{"@type":"ListItem","position":2,"name":"Hankkeessa toteutuneet pilottiprojektit"}]},{"@type":"WebSite","@id":"https:\/\/sites.uef.fi\/yritystaoppimisymparistoihin\/#website","url":"https:\/\/sites.uef.fi\/yritystaoppimisymparistoihin\/","name":"Yrityst\u00e4 oppimisymp\u00e4rist\u00f6ihin","description":"","potentialAction":[{"@type":"SearchAction","target":{"@type":"EntryPoint","urlTemplate":"https:\/\/sites.uef.fi\/yritystaoppimisymparistoihin\/?s={search_term_string}"},"query-input":{"@type":"PropertyValueSpecification","valueRequired":true,"valueName":"search_term_string"}}],"inLanguage":"en-US"}]}},"_links":{"self":[{"href":"https:\/\/sites.uef.fi\/yritystaoppimisymparistoihin\/wp-json\/wp\/v2\/pages\/154","targetHints":{"allow":["GET"]}}],"collection":[{"href":"https:\/\/sites.uef.fi\/yritystaoppimisymparistoihin\/wp-json\/wp\/v2\/pages"}],"about":[{"href":"https:\/\/sites.uef.fi\/yritystaoppimisymparistoihin\/wp-json\/wp\/v2\/types\/page"}],"author":[{"embeddable":true,"href":"https:\/\/sites.uef.fi\/yritystaoppimisymparistoihin\/wp-json\/wp\/v2\/users\/98"}],"replies":[{"embeddable":true,"href":"https:\/\/sites.uef.fi\/yritystaoppimisymparistoihin\/wp-json\/wp\/v2\/comments?post=154"}],"version-history":[{"count":1,"href":"https:\/\/sites.uef.fi\/yritystaoppimisymparistoihin\/wp-json\/wp\/v2\/pages\/154\/revisions"}],"predecessor-version":[{"id":1144,"href":"https:\/\/sites.uef.fi\/yritystaoppimisymparistoihin\/wp-json\/wp\/v2\/pages\/154\/revisions\/1144"}],"wp:attachment":[{"href":"https:\/\/sites.uef.fi\/yritystaoppimisymparistoihin\/wp-json\/wp\/v2\/media?parent=154"}],"curies":[{"name":"wp","href":"https:\/\/api.w.org\/{rel}","templated":true}]}}