{"id":163,"date":"2020-08-20T14:22:40","date_gmt":"2020-08-20T11:22:40","guid":{"rendered":"https:\/\/sites.uef.fi\/yritystaoppimisymparistoihin\/?page_id=163"},"modified":"2024-02-08T09:18:11","modified_gmt":"2024-02-08T07:18:11","slug":"seksuaalikasvatus","status":"publish","type":"page","link":"https:\/\/sites.uef.fi\/yritystaoppimisymparistoihin\/hankkeessa-toteutuneet-pilottiprojektit\/seksuaalikasvatus\/","title":{"rendered":"Seksuaalikasvatus"},"content":{"rendered":"\n<h2 class=\"wp-block-heading\">Projektissa mukana:<\/h2>\n\n\n\n<p><strong>Yritys<\/strong>: <a href=\"https:\/\/sites.uef.fi\/yritystaoppimisymparistoihin\/yhteistyossa\/yritykset\/kasvukaruselli\/\">Kasvukaruselli<\/a><\/p>\n\n\n\n<p><strong>Koulutusorganisaatio:<\/strong> <a href=\"https:\/\/sites.uef.fi\/yritystaoppimisymparistoihin\/yhteistyossa\/koulutusorganisaatiot\/skope\/\">It\u00e4-Suomen yliopiston Soveltavan kasvatustieteen ja opettajankoulutuksen osaston opettajaopiskelijat.<\/a><\/p>\n\n\n<div class=\"embed-container\">\n    <iframe loading=\"lazy\" title=\"Seksuaalikasvatus\" width=\"640\" height=\"360\" src=\"https:\/\/www.youtube.com\/embed\/7lsKmndZ8TQ?feature=oembed&#038;controls=1&#038;hd=1&#038;autohide=1\" frameborder=\"0\" allow=\"accelerometer; autoplay; clipboard-write; encrypted-media; gyroscope; picture-in-picture; web-share\" referrerpolicy=\"strict-origin-when-cross-origin\" allowfullscreen frameborder=\"0\"><\/iframe><\/div>\n\n\n<p>Seksuaalikasvattaja, KM Saara Sahlst\u00e9n Kasvukaruselli-yrityksest\u00e4 pilotoi valmistelemiaan seksuaalikasvatuksen opetuskokonaisuuksia It\u00e4-Suomen yliopiston soveltavan kasvatustieteen ja opettajankoulutuksen osastossa marraskuussa 2018 opintojaksoilla \u201dOpetuksellisia l\u00e4hestymistapoja ihmisen biologiaan\u201d sek\u00e4 \u201dMatematiikan ja luonnontieteen opetus, oppiminen ja tutkimus\u201d<\/p>\n\n\n\n<p>Opintojakson \u201dOpetuksellisia l\u00e4hestymistapoja ihmisen biologiaan \u201d seksuaalikasvatuksen opetuskokonaisuus oli suunnattu kolmannen tai nelj\u00e4nnen vuoden luokanopettaja-, aineenopettaja- ja erityisopettajaopiskelijoille.<\/p>\n\n\n\n<p>Seksuaalikasvatuksen opetuskokonaisuus (nelj\u00e4 45 minuutin opetuskertaa) koostui nelj\u00e4st\u00e4 eri teemasta:<\/p>\n\n\n\n<p>Seksuaalikasvatus minun nuoruudessani<br>Seksuaalioikeudet<br>Eurooppalaiset seksuaalikasvatuksen standardit<br>Viisi vinkki\u00e4 omaan ty\u00f6h\u00f6n \u2013 Hyv\u00e4 muistaa seksuaalikasvattajana<\/p>\n\n\n\n<p>Opintojaksolla \u201dMatematiikan ja luonnontieteen opetus, oppiminen ja tutkimus\u201d Saara johdatti luokanopettajaopiskelijat teemaan, mit\u00e4 seksuaalikasvatus on alkuopetuksessa. Seksuaalikasvatuksen opetuskokonaisuus koostui nelj\u00e4st\u00e4 45 minuutin opetustuokiosta ja aiheina olivat seksuaalikasvatuksen sis\u00e4ll\u00f6t opetussuunnitelmassa, eurooppalaiset seksuaalikasvatuksen standardit sek\u00e4 materiaalin esittely.<\/p>\n\n\n\n<p>Opetuskokonaisuuksiin sis\u00e4ltyi teoriaa, keskustelua sek\u00e4 materiaalipankki. Opetuskokonaisuus sai kiitosta kaikilta opiskelijoilta. Aihe koettiin eritt\u00e4in hy\u00f6dylliseksi, mielenkiintoiseksi ja t\u00e4rke\u00e4ksi. Opettajaopiskelijat kuvailivat opetuskokonaisuutta seuraavasti:<\/p>\n\n\n\n<p>\u201d T\u00e4rke\u00e4 ja innostava aihe. Hyv\u00e4 ja tiivis kokonaisuus.\u201d<\/p>\n\n\n\n<p>\u201dSeksuaalikasvatus on v\u00e4ltt\u00e4m\u00e4t\u00f6nt\u00e4 opettajaopiskelijoille. Helpotti tulevaa ty\u00f6el\u00e4m\u00e4\u00e4.\u201d<\/p>\n\n\n\n<p>\u201dOli kiva kokonaisuus ja siit\u00e4 on varmasti hy\u00f6ty\u00e4. Sain rohkeutta k\u00e4sitell\u00e4 seksuaalikasvatuksen aiheita.\u201d<\/p>\n\n\n\n<p>Opetuskokonaisuuden j\u00e4lkeen opiskelijat aloittivat seksuaalikasvatuksen projektin, jossa tuotettiin Saaran alustuksen pohjalta verkko-opetusmateriaalia perusopetuksen vuosiluokille 1-9. Verkko-opetusmateriaalien tavoitteena on tehd\u00e4 seksuaalikasvatusta tietoisemmaksi koulussa ja auttaa opettajia k\u00e4sittelem\u00e4\u00e4n aihetta perusopetuksessa. Opiskelijoiden laatimat opetusmateriaalit tulevat n\u00e4kyville projektin edetess\u00e4.<\/p>\n","protected":false},"excerpt":{"rendered":"<p>Projektissa mukana: Yritys: Kasvukaruselli Koulutusorganisaatio: It\u00e4-Suomen yliopiston Soveltavan kasvatustieteen ja opettajankoulutuksen osaston opettajaopiskelijat. Seksuaalikasvattaja, KM Saara Sahlst\u00e9n Kasvukaruselli-yrityksest\u00e4 pilotoi valmistelemiaan seksuaalikasvatuksen opetuskokonaisuuksia It\u00e4-Suomen yliopiston soveltavan kasvatustieteen ja opettajankoulutuksen osastossa marraskuussa 2018 opintojaksoilla \u201dOpetuksellisia l\u00e4hestymistapoja ihmisen biologiaan\u201d sek\u00e4 \u201dMatematiikan ja luonnontieteen opetus, oppiminen ja tutkimus\u201d Opintojakson \u201dOpetuksellisia l\u00e4hestymistapoja ihmisen biologiaan \u201d seksuaalikasvatuksen opetuskokonaisuus oli suunnattu kolmannen [&hellip;]<\/p>\n","protected":false},"author":98,"featured_media":0,"parent":154,"menu_order":1,"comment_status":"closed","ping_status":"closed","template":"","meta":{"_acf_changed":false,"_monsterinsights_skip_tracking":false,"_monsterinsights_sitenote_active":false,"_monsterinsights_sitenote_note":"","_monsterinsights_sitenote_category":0,"footnotes":""},"class_list":["post-163","page","type-page","status-publish","hentry"],"acf":[],"yoast_head":"<!-- This site is optimized with the Yoast SEO plugin v27.3 - https:\/\/yoast.com\/product\/yoast-seo-wordpress\/ -->\n<title>Seksuaalikasvatus - Yrityst\u00e4 oppimisymp\u00e4rist\u00f6ihin<\/title>\n<meta name=\"robots\" content=\"index, follow, max-snippet:-1, max-image-preview:large, max-video-preview:-1\" \/>\n<link rel=\"canonical\" href=\"https:\/\/sites.uef.fi\/yritystaoppimisymparistoihin\/hankkeessa-toteutuneet-pilottiprojektit\/seksuaalikasvatus\/\" \/>\n<meta property=\"og:locale\" content=\"en_US\" \/>\n<meta property=\"og:type\" content=\"article\" \/>\n<meta property=\"og:title\" content=\"Seksuaalikasvatus - Yrityst\u00e4 oppimisymp\u00e4rist\u00f6ihin\" \/>\n<meta property=\"og:description\" content=\"Projektissa mukana: Yritys: Kasvukaruselli Koulutusorganisaatio: It\u00e4-Suomen yliopiston Soveltavan kasvatustieteen ja opettajankoulutuksen osaston opettajaopiskelijat. Seksuaalikasvattaja, KM Saara Sahlst\u00e9n Kasvukaruselli-yrityksest\u00e4 pilotoi valmistelemiaan seksuaalikasvatuksen opetuskokonaisuuksia It\u00e4-Suomen yliopiston soveltavan kasvatustieteen ja opettajankoulutuksen osastossa marraskuussa 2018 opintojaksoilla \u201dOpetuksellisia l\u00e4hestymistapoja ihmisen biologiaan\u201d sek\u00e4 \u201dMatematiikan ja luonnontieteen opetus, oppiminen ja tutkimus\u201d Opintojakson \u201dOpetuksellisia l\u00e4hestymistapoja ihmisen biologiaan \u201d seksuaalikasvatuksen opetuskokonaisuus oli suunnattu kolmannen [&hellip;]\" \/>\n<meta property=\"og:url\" content=\"https:\/\/sites.uef.fi\/yritystaoppimisymparistoihin\/hankkeessa-toteutuneet-pilottiprojektit\/seksuaalikasvatus\/\" \/>\n<meta property=\"og:site_name\" content=\"Yrityst\u00e4 oppimisymp\u00e4rist\u00f6ihin\" \/>\n<meta property=\"article:modified_time\" content=\"2024-02-08T07:18:11+00:00\" \/>\n<meta name=\"twitter:card\" content=\"summary_large_image\" \/>\n<meta name=\"twitter:label1\" content=\"Est. reading time\" \/>\n\t<meta name=\"twitter:data1\" content=\"1 minute\" \/>\n<script type=\"application\/ld+json\" class=\"yoast-schema-graph\">{\"@context\":\"https:\\\/\\\/schema.org\",\"@graph\":[{\"@type\":\"WebPage\",\"@id\":\"https:\\\/\\\/sites.uef.fi\\\/yritystaoppimisymparistoihin\\\/hankkeessa-toteutuneet-pilottiprojektit\\\/seksuaalikasvatus\\\/\",\"url\":\"https:\\\/\\\/sites.uef.fi\\\/yritystaoppimisymparistoihin\\\/hankkeessa-toteutuneet-pilottiprojektit\\\/seksuaalikasvatus\\\/\",\"name\":\"Seksuaalikasvatus - Yrityst\u00e4 oppimisymp\u00e4rist\u00f6ihin\",\"isPartOf\":{\"@id\":\"https:\\\/\\\/sites.uef.fi\\\/yritystaoppimisymparistoihin\\\/#website\"},\"datePublished\":\"2020-08-20T11:22:40+00:00\",\"dateModified\":\"2024-02-08T07:18:11+00:00\",\"breadcrumb\":{\"@id\":\"https:\\\/\\\/sites.uef.fi\\\/yritystaoppimisymparistoihin\\\/hankkeessa-toteutuneet-pilottiprojektit\\\/seksuaalikasvatus\\\/#breadcrumb\"},\"inLanguage\":\"en-US\",\"potentialAction\":[{\"@type\":\"ReadAction\",\"target\":[\"https:\\\/\\\/sites.uef.fi\\\/yritystaoppimisymparistoihin\\\/hankkeessa-toteutuneet-pilottiprojektit\\\/seksuaalikasvatus\\\/\"]}]},{\"@type\":\"BreadcrumbList\",\"@id\":\"https:\\\/\\\/sites.uef.fi\\\/yritystaoppimisymparistoihin\\\/hankkeessa-toteutuneet-pilottiprojektit\\\/seksuaalikasvatus\\\/#breadcrumb\",\"itemListElement\":[{\"@type\":\"ListItem\",\"position\":1,\"name\":\"Home\",\"item\":\"https:\\\/\\\/sites.uef.fi\\\/yritystaoppimisymparistoihin\\\/\"},{\"@type\":\"ListItem\",\"position\":2,\"name\":\"Hankkeessa toteutuneet pilottiprojektit\",\"item\":\"https:\\\/\\\/sites.uef.fi\\\/yritystaoppimisymparistoihin\\\/hankkeessa-toteutuneet-pilottiprojektit\\\/\"},{\"@type\":\"ListItem\",\"position\":3,\"name\":\"Seksuaalikasvatus\"}]},{\"@type\":\"WebSite\",\"@id\":\"https:\\\/\\\/sites.uef.fi\\\/yritystaoppimisymparistoihin\\\/#website\",\"url\":\"https:\\\/\\\/sites.uef.fi\\\/yritystaoppimisymparistoihin\\\/\",\"name\":\"Yrityst\u00e4 oppimisymp\u00e4rist\u00f6ihin\",\"description\":\"\",\"potentialAction\":[{\"@type\":\"SearchAction\",\"target\":{\"@type\":\"EntryPoint\",\"urlTemplate\":\"https:\\\/\\\/sites.uef.fi\\\/yritystaoppimisymparistoihin\\\/?s={search_term_string}\"},\"query-input\":{\"@type\":\"PropertyValueSpecification\",\"valueRequired\":true,\"valueName\":\"search_term_string\"}}],\"inLanguage\":\"en-US\"}]}<\/script>\n<!-- \/ Yoast SEO plugin. -->","yoast_head_json":{"title":"Seksuaalikasvatus - Yrityst\u00e4 oppimisymp\u00e4rist\u00f6ihin","robots":{"index":"index","follow":"follow","max-snippet":"max-snippet:-1","max-image-preview":"max-image-preview:large","max-video-preview":"max-video-preview:-1"},"canonical":"https:\/\/sites.uef.fi\/yritystaoppimisymparistoihin\/hankkeessa-toteutuneet-pilottiprojektit\/seksuaalikasvatus\/","og_locale":"en_US","og_type":"article","og_title":"Seksuaalikasvatus - Yrityst\u00e4 oppimisymp\u00e4rist\u00f6ihin","og_description":"Projektissa mukana: Yritys: Kasvukaruselli Koulutusorganisaatio: It\u00e4-Suomen yliopiston Soveltavan kasvatustieteen ja opettajankoulutuksen osaston opettajaopiskelijat. Seksuaalikasvattaja, KM Saara Sahlst\u00e9n Kasvukaruselli-yrityksest\u00e4 pilotoi valmistelemiaan seksuaalikasvatuksen opetuskokonaisuuksia It\u00e4-Suomen yliopiston soveltavan kasvatustieteen ja opettajankoulutuksen osastossa marraskuussa 2018 opintojaksoilla \u201dOpetuksellisia l\u00e4hestymistapoja ihmisen biologiaan\u201d sek\u00e4 \u201dMatematiikan ja luonnontieteen opetus, oppiminen ja tutkimus\u201d Opintojakson \u201dOpetuksellisia l\u00e4hestymistapoja ihmisen biologiaan \u201d seksuaalikasvatuksen opetuskokonaisuus oli suunnattu kolmannen [&hellip;]","og_url":"https:\/\/sites.uef.fi\/yritystaoppimisymparistoihin\/hankkeessa-toteutuneet-pilottiprojektit\/seksuaalikasvatus\/","og_site_name":"Yrityst\u00e4 oppimisymp\u00e4rist\u00f6ihin","article_modified_time":"2024-02-08T07:18:11+00:00","twitter_card":"summary_large_image","twitter_misc":{"Est. reading time":"1 minute"},"schema":{"@context":"https:\/\/schema.org","@graph":[{"@type":"WebPage","@id":"https:\/\/sites.uef.fi\/yritystaoppimisymparistoihin\/hankkeessa-toteutuneet-pilottiprojektit\/seksuaalikasvatus\/","url":"https:\/\/sites.uef.fi\/yritystaoppimisymparistoihin\/hankkeessa-toteutuneet-pilottiprojektit\/seksuaalikasvatus\/","name":"Seksuaalikasvatus - Yrityst\u00e4 oppimisymp\u00e4rist\u00f6ihin","isPartOf":{"@id":"https:\/\/sites.uef.fi\/yritystaoppimisymparistoihin\/#website"},"datePublished":"2020-08-20T11:22:40+00:00","dateModified":"2024-02-08T07:18:11+00:00","breadcrumb":{"@id":"https:\/\/sites.uef.fi\/yritystaoppimisymparistoihin\/hankkeessa-toteutuneet-pilottiprojektit\/seksuaalikasvatus\/#breadcrumb"},"inLanguage":"en-US","potentialAction":[{"@type":"ReadAction","target":["https:\/\/sites.uef.fi\/yritystaoppimisymparistoihin\/hankkeessa-toteutuneet-pilottiprojektit\/seksuaalikasvatus\/"]}]},{"@type":"BreadcrumbList","@id":"https:\/\/sites.uef.fi\/yritystaoppimisymparistoihin\/hankkeessa-toteutuneet-pilottiprojektit\/seksuaalikasvatus\/#breadcrumb","itemListElement":[{"@type":"ListItem","position":1,"name":"Home","item":"https:\/\/sites.uef.fi\/yritystaoppimisymparistoihin\/"},{"@type":"ListItem","position":2,"name":"Hankkeessa toteutuneet pilottiprojektit","item":"https:\/\/sites.uef.fi\/yritystaoppimisymparistoihin\/hankkeessa-toteutuneet-pilottiprojektit\/"},{"@type":"ListItem","position":3,"name":"Seksuaalikasvatus"}]},{"@type":"WebSite","@id":"https:\/\/sites.uef.fi\/yritystaoppimisymparistoihin\/#website","url":"https:\/\/sites.uef.fi\/yritystaoppimisymparistoihin\/","name":"Yrityst\u00e4 oppimisymp\u00e4rist\u00f6ihin","description":"","potentialAction":[{"@type":"SearchAction","target":{"@type":"EntryPoint","urlTemplate":"https:\/\/sites.uef.fi\/yritystaoppimisymparistoihin\/?s={search_term_string}"},"query-input":{"@type":"PropertyValueSpecification","valueRequired":true,"valueName":"search_term_string"}}],"inLanguage":"en-US"}]}},"_links":{"self":[{"href":"https:\/\/sites.uef.fi\/yritystaoppimisymparistoihin\/wp-json\/wp\/v2\/pages\/163","targetHints":{"allow":["GET"]}}],"collection":[{"href":"https:\/\/sites.uef.fi\/yritystaoppimisymparistoihin\/wp-json\/wp\/v2\/pages"}],"about":[{"href":"https:\/\/sites.uef.fi\/yritystaoppimisymparistoihin\/wp-json\/wp\/v2\/types\/page"}],"author":[{"embeddable":true,"href":"https:\/\/sites.uef.fi\/yritystaoppimisymparistoihin\/wp-json\/wp\/v2\/users\/98"}],"replies":[{"embeddable":true,"href":"https:\/\/sites.uef.fi\/yritystaoppimisymparistoihin\/wp-json\/wp\/v2\/comments?post=163"}],"version-history":[{"count":2,"href":"https:\/\/sites.uef.fi\/yritystaoppimisymparistoihin\/wp-json\/wp\/v2\/pages\/163\/revisions"}],"predecessor-version":[{"id":1213,"href":"https:\/\/sites.uef.fi\/yritystaoppimisymparistoihin\/wp-json\/wp\/v2\/pages\/163\/revisions\/1213"}],"up":[{"embeddable":true,"href":"https:\/\/sites.uef.fi\/yritystaoppimisymparistoihin\/wp-json\/wp\/v2\/pages\/154"}],"wp:attachment":[{"href":"https:\/\/sites.uef.fi\/yritystaoppimisymparistoihin\/wp-json\/wp\/v2\/media?parent=163"}],"curies":[{"name":"wp","href":"https:\/\/api.w.org\/{rel}","templated":true}]}}