{"id":169,"date":"2020-08-20T14:23:45","date_gmt":"2020-08-20T11:23:45","guid":{"rendered":"https:\/\/sites.uef.fi\/yritystaoppimisymparistoihin\/?page_id=169"},"modified":"2024-02-08T09:19:34","modified_gmt":"2024-02-08T07:19:34","slug":"talvipuutarha-ja-tutkimushuone","status":"publish","type":"page","link":"https:\/\/sites.uef.fi\/yritystaoppimisymparistoihin\/hankkeessa-toteutuneet-pilottiprojektit\/talvipuutarha-ja-tutkimushuone\/","title":{"rendered":"Talvipuutarha ja tutkimushuone"},"content":{"rendered":"\n<h2 class=\"wp-block-heading\">Projektissa mukana:<\/h2>\n\n\n\n<p><strong>Yritys<\/strong>: <a href=\"https:\/\/sites.uef.fi\/yritystaoppimisymparistoihin\/yhteistyossa\/yritykset\/puutarha-auringontahti\/\">Puutarha auringont\u00e4hti<\/a><\/p>\n\n\n\n<p><strong>Koulutusorganisaatio:<\/strong> <a href=\"https:\/\/sites.uef.fi\/yritystaoppimisymparistoihin\/yhteistyossa\/koulutusorganisaatiot\/puolivalin-paivakoti\/\">Puoliv\u00e4lin p\u00e4iv\u00e4kot<\/a>i.<\/p>\n\n\n<div class=\"embed-container\">\n    <iframe loading=\"lazy\" title=\"Talvipuutarha ja tutkimushuone\" width=\"640\" height=\"360\" src=\"https:\/\/www.youtube.com\/embed\/eX1C22Ka9Lk?feature=oembed&#038;controls=1&#038;hd=1&#038;autohide=1\" frameborder=\"0\" allow=\"accelerometer; autoplay; clipboard-write; encrypted-media; gyroscope; picture-in-picture; web-share\" referrerpolicy=\"strict-origin-when-cross-origin\" allowfullscreen frameborder=\"0\"><\/iframe><\/div>\n\n\n<p>Projektissa suunnitellaan ja toteutetaan P\u00e4iv\u00e4kodin tarpeista l\u00e4htev\u00e4 tutkimushuone liittyen talvipuutarhaan. Projektiin osallistuu puutarhayritys, p\u00e4iv\u00e4kodin ja kunnan henkil\u00f6it\u00e4, hankkeemme henkil\u00f6it\u00e4 sek\u00e4 opettajaopiskelija.<\/p>\n\n\n\n<p>Hankkeen ty\u00f6ntekij\u00f6iden ja p\u00e4iv\u00e4kodin ty\u00f6skentely k\u00e4ynnistyi viikolla 44. Liperin Puoliv\u00e4lin p\u00e4iv\u00e4kodin sek\u00e4 yritt\u00e4j\u00e4n toiveesta mukaan on otettu kehitt\u00e4misty\u00f6t\u00e4 havainnoimaan sek\u00e4 raportoimaan luokanopettajaopiskelija. Puoliv\u00e4lin p\u00e4iv\u00e4kodin ja yritt\u00e4j\u00e4n v\u00e4linen toiminta jatkui kes\u00e4n ja syksyn 2019 aikana niin, ett\u00e4 Puutarha Auringont\u00e4hden yritt\u00e4j\u00e4 Anna Saarikoski-T\u00e4htel\u00e4 tarjosi asiantuntemusta kompostoinnissa.<\/p>\n\n\n\n<p>Puoliv\u00e4lin p\u00e4iv\u00e4koti osti Bokashi-kompostorit puutarhalta ja niiden k\u00e4ytt\u00f6\u00e4 opeteltiin toukokuussa. Kompostoreita hankittiin kaikkiin Liperin p\u00e4iv\u00e4koteihin esimerkiksi Paloaukean ja Lautasuon p\u00e4iv\u00e4koteihin. My\u00f6s lasten vanhemmat innostuvat asiasta ja ottivat yhteytt\u00e4 hankekoordinaattoriin.<\/p>\n\n\n\n<p>Lapset innostuivat asiasta kovasti ja oppivat menetelm\u00e4n hyvin. Hankekoordinaattorin Taru Koskisen mukaan kasvattajilla oli enemm\u00e4n kysymyksi\u00e4 ja ep\u00e4luuloja. Kompostorien k\u00e4ytt\u00f6 kuitenkin hiipui kes\u00e4ll\u00e4 kaiken muun tohinan alta, mutta Liperin luonto-ohjaaja Elina Tarvainen on viritellyt sen k\u00e4ytt\u00f6\u00e4 uudestaan loppukes\u00e4st\u00e4 ja syksyll\u00e4. Sen sijaan Puoliv\u00e4lin p\u00e4iv\u00e4kodin suunnitelmat vierailuista puutarhalle eiv\u00e4t onnistuneet. P\u00e4iv\u00e4koti valmisteli vierailua puutarhalle, mutta aika tuli esteeksi. Kun p\u00e4iv\u00e4koti olisi ollut valmis vierailuun, niin puutarhalla oli viel\u00e4 liikaa lunta. T\u00e4m\u00e4n yhteisty\u00f6n kehittely jatkuu.<\/p>\n\n\n\n<p>Hankehenkil\u00f6st\u00f6 haastatteli p\u00e4iv\u00e4kodin ty\u00f6ntekij\u00f6it\u00e4 ja lapsia syyskuussa. Lasten mielest\u00e4 kompostori \u201coli ihan kiva\u201d. P\u00e4iv\u00e4kodin henkil\u00f6kunnan mielest\u00e4 tarvitaan enemm\u00e4n ohjeistusta kompostorin k\u00e4ytt\u00f6\u00f6n: \u201cTuolla k\u00e4yt\u00e4v\u00e4ss\u00e4 se komposti on ollut, mutta en tied\u00e4 ett\u00e4 mit\u00e4 sille nyt pit\u00e4isi tehd\u00e4\u201d Haastattelujen perusteella hankehenkil\u00f6st\u00f6 teki ehdotuksen yritt\u00e4j\u00e4lle kompostin ohjeistuksen tarkentamiseksi.<\/p>\n","protected":false},"excerpt":{"rendered":"<p>Projektissa mukana: Yritys: Puutarha auringont\u00e4hti Koulutusorganisaatio: Puoliv\u00e4lin p\u00e4iv\u00e4koti. Projektissa suunnitellaan ja toteutetaan P\u00e4iv\u00e4kodin tarpeista l\u00e4htev\u00e4 tutkimushuone liittyen talvipuutarhaan. Projektiin osallistuu puutarhayritys, p\u00e4iv\u00e4kodin ja kunnan henkil\u00f6it\u00e4, hankkeemme henkil\u00f6it\u00e4 sek\u00e4 opettajaopiskelija. Hankkeen ty\u00f6ntekij\u00f6iden ja p\u00e4iv\u00e4kodin ty\u00f6skentely k\u00e4ynnistyi viikolla 44. Liperin Puoliv\u00e4lin p\u00e4iv\u00e4kodin sek\u00e4 yritt\u00e4j\u00e4n toiveesta mukaan on otettu kehitt\u00e4misty\u00f6t\u00e4 havainnoimaan sek\u00e4 raportoimaan luokanopettajaopiskelija. Puoliv\u00e4lin p\u00e4iv\u00e4kodin ja yritt\u00e4j\u00e4n [&hellip;]<\/p>\n","protected":false},"author":98,"featured_media":0,"parent":154,"menu_order":2,"comment_status":"closed","ping_status":"closed","template":"","meta":{"_acf_changed":false,"_monsterinsights_skip_tracking":false,"_monsterinsights_sitenote_active":false,"_monsterinsights_sitenote_note":"","_monsterinsights_sitenote_category":0,"footnotes":""},"class_list":["post-169","page","type-page","status-publish","hentry"],"acf":[],"yoast_head":"<!-- This site is optimized with the Yoast SEO plugin v27.3 - https:\/\/yoast.com\/product\/yoast-seo-wordpress\/ -->\n<title>Talvipuutarha ja tutkimushuone - Yrityst\u00e4 oppimisymp\u00e4rist\u00f6ihin<\/title>\n<meta name=\"robots\" content=\"index, follow, max-snippet:-1, max-image-preview:large, max-video-preview:-1\" \/>\n<link rel=\"canonical\" href=\"https:\/\/sites.uef.fi\/yritystaoppimisymparistoihin\/hankkeessa-toteutuneet-pilottiprojektit\/talvipuutarha-ja-tutkimushuone\/\" \/>\n<meta property=\"og:locale\" content=\"en_US\" \/>\n<meta property=\"og:type\" content=\"article\" \/>\n<meta property=\"og:title\" content=\"Talvipuutarha ja tutkimushuone - Yrityst\u00e4 oppimisymp\u00e4rist\u00f6ihin\" \/>\n<meta property=\"og:description\" content=\"Projektissa mukana: Yritys: Puutarha auringont\u00e4hti Koulutusorganisaatio: Puoliv\u00e4lin p\u00e4iv\u00e4koti. Projektissa suunnitellaan ja toteutetaan P\u00e4iv\u00e4kodin tarpeista l\u00e4htev\u00e4 tutkimushuone liittyen talvipuutarhaan. Projektiin osallistuu puutarhayritys, p\u00e4iv\u00e4kodin ja kunnan henkil\u00f6it\u00e4, hankkeemme henkil\u00f6it\u00e4 sek\u00e4 opettajaopiskelija. Hankkeen ty\u00f6ntekij\u00f6iden ja p\u00e4iv\u00e4kodin ty\u00f6skentely k\u00e4ynnistyi viikolla 44. Liperin Puoliv\u00e4lin p\u00e4iv\u00e4kodin sek\u00e4 yritt\u00e4j\u00e4n toiveesta mukaan on otettu kehitt\u00e4misty\u00f6t\u00e4 havainnoimaan sek\u00e4 raportoimaan luokanopettajaopiskelija. Puoliv\u00e4lin p\u00e4iv\u00e4kodin ja yritt\u00e4j\u00e4n [&hellip;]\" \/>\n<meta property=\"og:url\" content=\"https:\/\/sites.uef.fi\/yritystaoppimisymparistoihin\/hankkeessa-toteutuneet-pilottiprojektit\/talvipuutarha-ja-tutkimushuone\/\" \/>\n<meta property=\"og:site_name\" content=\"Yrityst\u00e4 oppimisymp\u00e4rist\u00f6ihin\" \/>\n<meta property=\"article:modified_time\" content=\"2024-02-08T07:19:34+00:00\" \/>\n<meta name=\"twitter:card\" content=\"summary_large_image\" \/>\n<meta name=\"twitter:label1\" content=\"Est. reading time\" \/>\n\t<meta name=\"twitter:data1\" content=\"1 minute\" \/>\n<script type=\"application\/ld+json\" class=\"yoast-schema-graph\">{\"@context\":\"https:\\\/\\\/schema.org\",\"@graph\":[{\"@type\":\"WebPage\",\"@id\":\"https:\\\/\\\/sites.uef.fi\\\/yritystaoppimisymparistoihin\\\/hankkeessa-toteutuneet-pilottiprojektit\\\/talvipuutarha-ja-tutkimushuone\\\/\",\"url\":\"https:\\\/\\\/sites.uef.fi\\\/yritystaoppimisymparistoihin\\\/hankkeessa-toteutuneet-pilottiprojektit\\\/talvipuutarha-ja-tutkimushuone\\\/\",\"name\":\"Talvipuutarha ja tutkimushuone - Yrityst\u00e4 oppimisymp\u00e4rist\u00f6ihin\",\"isPartOf\":{\"@id\":\"https:\\\/\\\/sites.uef.fi\\\/yritystaoppimisymparistoihin\\\/#website\"},\"datePublished\":\"2020-08-20T11:23:45+00:00\",\"dateModified\":\"2024-02-08T07:19:34+00:00\",\"breadcrumb\":{\"@id\":\"https:\\\/\\\/sites.uef.fi\\\/yritystaoppimisymparistoihin\\\/hankkeessa-toteutuneet-pilottiprojektit\\\/talvipuutarha-ja-tutkimushuone\\\/#breadcrumb\"},\"inLanguage\":\"en-US\",\"potentialAction\":[{\"@type\":\"ReadAction\",\"target\":[\"https:\\\/\\\/sites.uef.fi\\\/yritystaoppimisymparistoihin\\\/hankkeessa-toteutuneet-pilottiprojektit\\\/talvipuutarha-ja-tutkimushuone\\\/\"]}]},{\"@type\":\"BreadcrumbList\",\"@id\":\"https:\\\/\\\/sites.uef.fi\\\/yritystaoppimisymparistoihin\\\/hankkeessa-toteutuneet-pilottiprojektit\\\/talvipuutarha-ja-tutkimushuone\\\/#breadcrumb\",\"itemListElement\":[{\"@type\":\"ListItem\",\"position\":1,\"name\":\"Home\",\"item\":\"https:\\\/\\\/sites.uef.fi\\\/yritystaoppimisymparistoihin\\\/\"},{\"@type\":\"ListItem\",\"position\":2,\"name\":\"Hankkeessa toteutuneet pilottiprojektit\",\"item\":\"https:\\\/\\\/sites.uef.fi\\\/yritystaoppimisymparistoihin\\\/hankkeessa-toteutuneet-pilottiprojektit\\\/\"},{\"@type\":\"ListItem\",\"position\":3,\"name\":\"Talvipuutarha ja tutkimushuone\"}]},{\"@type\":\"WebSite\",\"@id\":\"https:\\\/\\\/sites.uef.fi\\\/yritystaoppimisymparistoihin\\\/#website\",\"url\":\"https:\\\/\\\/sites.uef.fi\\\/yritystaoppimisymparistoihin\\\/\",\"name\":\"Yrityst\u00e4 oppimisymp\u00e4rist\u00f6ihin\",\"description\":\"\",\"potentialAction\":[{\"@type\":\"SearchAction\",\"target\":{\"@type\":\"EntryPoint\",\"urlTemplate\":\"https:\\\/\\\/sites.uef.fi\\\/yritystaoppimisymparistoihin\\\/?s={search_term_string}\"},\"query-input\":{\"@type\":\"PropertyValueSpecification\",\"valueRequired\":true,\"valueName\":\"search_term_string\"}}],\"inLanguage\":\"en-US\"}]}<\/script>\n<!-- \/ Yoast SEO plugin. -->","yoast_head_json":{"title":"Talvipuutarha ja tutkimushuone - Yrityst\u00e4 oppimisymp\u00e4rist\u00f6ihin","robots":{"index":"index","follow":"follow","max-snippet":"max-snippet:-1","max-image-preview":"max-image-preview:large","max-video-preview":"max-video-preview:-1"},"canonical":"https:\/\/sites.uef.fi\/yritystaoppimisymparistoihin\/hankkeessa-toteutuneet-pilottiprojektit\/talvipuutarha-ja-tutkimushuone\/","og_locale":"en_US","og_type":"article","og_title":"Talvipuutarha ja tutkimushuone - Yrityst\u00e4 oppimisymp\u00e4rist\u00f6ihin","og_description":"Projektissa mukana: Yritys: Puutarha auringont\u00e4hti Koulutusorganisaatio: Puoliv\u00e4lin p\u00e4iv\u00e4koti. Projektissa suunnitellaan ja toteutetaan P\u00e4iv\u00e4kodin tarpeista l\u00e4htev\u00e4 tutkimushuone liittyen talvipuutarhaan. Projektiin osallistuu puutarhayritys, p\u00e4iv\u00e4kodin ja kunnan henkil\u00f6it\u00e4, hankkeemme henkil\u00f6it\u00e4 sek\u00e4 opettajaopiskelija. Hankkeen ty\u00f6ntekij\u00f6iden ja p\u00e4iv\u00e4kodin ty\u00f6skentely k\u00e4ynnistyi viikolla 44. Liperin Puoliv\u00e4lin p\u00e4iv\u00e4kodin sek\u00e4 yritt\u00e4j\u00e4n toiveesta mukaan on otettu kehitt\u00e4misty\u00f6t\u00e4 havainnoimaan sek\u00e4 raportoimaan luokanopettajaopiskelija. Puoliv\u00e4lin p\u00e4iv\u00e4kodin ja yritt\u00e4j\u00e4n [&hellip;]","og_url":"https:\/\/sites.uef.fi\/yritystaoppimisymparistoihin\/hankkeessa-toteutuneet-pilottiprojektit\/talvipuutarha-ja-tutkimushuone\/","og_site_name":"Yrityst\u00e4 oppimisymp\u00e4rist\u00f6ihin","article_modified_time":"2024-02-08T07:19:34+00:00","twitter_card":"summary_large_image","twitter_misc":{"Est. reading time":"1 minute"},"schema":{"@context":"https:\/\/schema.org","@graph":[{"@type":"WebPage","@id":"https:\/\/sites.uef.fi\/yritystaoppimisymparistoihin\/hankkeessa-toteutuneet-pilottiprojektit\/talvipuutarha-ja-tutkimushuone\/","url":"https:\/\/sites.uef.fi\/yritystaoppimisymparistoihin\/hankkeessa-toteutuneet-pilottiprojektit\/talvipuutarha-ja-tutkimushuone\/","name":"Talvipuutarha ja tutkimushuone - Yrityst\u00e4 oppimisymp\u00e4rist\u00f6ihin","isPartOf":{"@id":"https:\/\/sites.uef.fi\/yritystaoppimisymparistoihin\/#website"},"datePublished":"2020-08-20T11:23:45+00:00","dateModified":"2024-02-08T07:19:34+00:00","breadcrumb":{"@id":"https:\/\/sites.uef.fi\/yritystaoppimisymparistoihin\/hankkeessa-toteutuneet-pilottiprojektit\/talvipuutarha-ja-tutkimushuone\/#breadcrumb"},"inLanguage":"en-US","potentialAction":[{"@type":"ReadAction","target":["https:\/\/sites.uef.fi\/yritystaoppimisymparistoihin\/hankkeessa-toteutuneet-pilottiprojektit\/talvipuutarha-ja-tutkimushuone\/"]}]},{"@type":"BreadcrumbList","@id":"https:\/\/sites.uef.fi\/yritystaoppimisymparistoihin\/hankkeessa-toteutuneet-pilottiprojektit\/talvipuutarha-ja-tutkimushuone\/#breadcrumb","itemListElement":[{"@type":"ListItem","position":1,"name":"Home","item":"https:\/\/sites.uef.fi\/yritystaoppimisymparistoihin\/"},{"@type":"ListItem","position":2,"name":"Hankkeessa toteutuneet pilottiprojektit","item":"https:\/\/sites.uef.fi\/yritystaoppimisymparistoihin\/hankkeessa-toteutuneet-pilottiprojektit\/"},{"@type":"ListItem","position":3,"name":"Talvipuutarha ja tutkimushuone"}]},{"@type":"WebSite","@id":"https:\/\/sites.uef.fi\/yritystaoppimisymparistoihin\/#website","url":"https:\/\/sites.uef.fi\/yritystaoppimisymparistoihin\/","name":"Yrityst\u00e4 oppimisymp\u00e4rist\u00f6ihin","description":"","potentialAction":[{"@type":"SearchAction","target":{"@type":"EntryPoint","urlTemplate":"https:\/\/sites.uef.fi\/yritystaoppimisymparistoihin\/?s={search_term_string}"},"query-input":{"@type":"PropertyValueSpecification","valueRequired":true,"valueName":"search_term_string"}}],"inLanguage":"en-US"}]}},"_links":{"self":[{"href":"https:\/\/sites.uef.fi\/yritystaoppimisymparistoihin\/wp-json\/wp\/v2\/pages\/169","targetHints":{"allow":["GET"]}}],"collection":[{"href":"https:\/\/sites.uef.fi\/yritystaoppimisymparistoihin\/wp-json\/wp\/v2\/pages"}],"about":[{"href":"https:\/\/sites.uef.fi\/yritystaoppimisymparistoihin\/wp-json\/wp\/v2\/types\/page"}],"author":[{"embeddable":true,"href":"https:\/\/sites.uef.fi\/yritystaoppimisymparistoihin\/wp-json\/wp\/v2\/users\/98"}],"replies":[{"embeddable":true,"href":"https:\/\/sites.uef.fi\/yritystaoppimisymparistoihin\/wp-json\/wp\/v2\/comments?post=169"}],"version-history":[{"count":2,"href":"https:\/\/sites.uef.fi\/yritystaoppimisymparistoihin\/wp-json\/wp\/v2\/pages\/169\/revisions"}],"predecessor-version":[{"id":1219,"href":"https:\/\/sites.uef.fi\/yritystaoppimisymparistoihin\/wp-json\/wp\/v2\/pages\/169\/revisions\/1219"}],"up":[{"embeddable":true,"href":"https:\/\/sites.uef.fi\/yritystaoppimisymparistoihin\/wp-json\/wp\/v2\/pages\/154"}],"wp:attachment":[{"href":"https:\/\/sites.uef.fi\/yritystaoppimisymparistoihin\/wp-json\/wp\/v2\/media?parent=169"}],"curies":[{"name":"wp","href":"https:\/\/api.w.org\/{rel}","templated":true}]}}