{"id":199,"date":"2020-08-20T14:31:17","date_gmt":"2020-08-20T11:31:17","guid":{"rendered":"https:\/\/sites.uef.fi\/yritystaoppimisymparistoihin\/?page_id=199"},"modified":"2024-02-08T09:22:44","modified_gmt":"2024-02-08T07:22:44","slug":"metsahuone","status":"publish","type":"page","link":"https:\/\/sites.uef.fi\/yritystaoppimisymparistoihin\/hankkeessa-toteutuneet-pilottiprojektit\/metsahuone\/","title":{"rendered":"Mets\u00e4huone"},"content":{"rendered":"\n<h2 class=\"wp-block-heading\">Projektissa mukana:<\/h2>\n\n\n\n<p><strong>Yritys<\/strong>: <a href=\"https:\/\/sites.uef.fi\/yritystaoppimisymparistoihin\/yhteistyossa\/yritykset\/decoradora\/\">DecoraDora-sisustusmaalaus<\/a><\/p>\n\n\n\n<p><strong>Koulutusorganisaatio:<\/strong> <a href=\"https:\/\/sites.uef.fi\/yritystaoppimisymparistoihin\/yhteistyossa\/koulutusorganisaatiot\/liperin-paivakoti\/\">Liperin p\u00e4iv\u00e4kot<\/a>i.<\/p>\n\n\n<div class=\"embed-container\">\n    <iframe loading=\"lazy\" title=\"Mets\u00e4huone\" width=\"640\" height=\"360\" src=\"https:\/\/www.youtube.com\/embed\/p6yhXK563aI?feature=oembed&#038;controls=1&#038;hd=1&#038;autohide=1\" frameborder=\"0\" allow=\"accelerometer; autoplay; clipboard-write; encrypted-media; gyroscope; picture-in-picture; web-share\" referrerpolicy=\"strict-origin-when-cross-origin\" allowfullscreen frameborder=\"0\"><\/iframe><\/div>\n\n\n<p>Liperin p\u00e4iv\u00e4kodissa k\u00e4ynnistyi loppukev\u00e4\u00e4st\u00e4 2019 Mets\u00e4huone-projekti.&nbsp; Yhteisty\u00f6ss\u00e4 Mets\u00e4huone-projektissa toimivat artesaani Tuija-Inkeri Laatikainen Outokummmusta sek\u00e4 Katja Kouvalainen Decoradorasta. Mets\u00e4huoneen on tarkoitus olla valmis syksyll\u00e4 2019. Lapset ovat osallistuneet Mets\u00e4huoneen suunnitteluun piirt\u00e4m\u00e4ll\u00e4&nbsp; ja kertomalla omia toiveita Mets\u00e4huoneesta. T\u00e4ll\u00e4 hetkell\u00e4 Mets\u00e4huone on maalattu ja odottaa m\u00e4kiluolaa. Kuvia Mets\u00e4huoneesta on sivun lopussa.<\/p>\n\n\n\n<p>Lapset osallistuivat Mets\u00e4huoneen suunnitteluun piirt\u00e4m\u00e4ll\u00e4 ja kertomalla toiveita esimerkiksi v\u00e4reist\u00e4, kasveista ja el\u00e4imist\u00e4. P\u00e4iv\u00e4kodin henkil\u00f6kunta osallistui yritt\u00e4jien kanssa suunnittelutilaisuuteen ja mukana oli my\u00f6s hankekoordinaattori Taru Koskinen. Lapset toivoivat el\u00e4imist\u00e4 karhuja, kissoja, koiria, k\u00e4\u00e4rmeit\u00e4, pupuja, krokotiilej\u00e4, lintuja, kettuja, haukkoja, dinosauruksia ja perhosia.<br>V\u00e4ritoiveita olivat pinkki, vihre\u00e4 ja ruskea.<br>Lis\u00e4ksi lapset toivoivat aurinkoa, j\u00e4tski\u00e4, rantaa ja puroa<\/p>\n\n\n\n<p>Hankehenkil\u00f6st\u00f6 haastatteli lapsia ja p\u00e4iv\u00e4kodin henkil\u00f6kuntaa syyskuussa. Koko p\u00e4iv\u00e4kodin henkil\u00f6kunta on tyytyv\u00e4inen Mets\u00e4huoneeseen. Siell\u00e4 on j\u00e4rjestetty satutuokioita. Lapset ovat innostuneet jatkamaan satuja ja kertomaan niit\u00e4 toisille.<br>Tytt\u00f6 (5v) kertoi, ett\u00e4 tykk\u00e4\u00e4 eniten el\u00e4imist\u00e4. Siell\u00e4 on karhu, ilves, kettu ja haukka. Ja kaksi pupua.<br>Toinen tytt\u00f6 kertoi, ett\u00e4 siell\u00e4 on Taika-auto. Kysytt\u00e4ess\u00e4 miksi se on taika-auto, niin h\u00e4n vastasi ett\u00e4 se ajaa itsekseen.<\/p>\n\n\n\n<p>Pojat ja tyt\u00f6t kertoivat, ett\u00e4 huoneessa on kiva kiipeill\u00e4. Yksi lapsi kertoi, ett\u00e4 tykk\u00e4\u00e4 enemm\u00e4n vihre\u00e4st\u00e4 kivest\u00e4 kuin harmaasta kivest\u00e4 (tajusimme vasta yliopistolla kun katsoimme valokuvaa, ett\u00e4 ylempi kivi n\u00e4ytt\u00e4\u00e4 vihre\u00e4lt\u00e4). Ilmeisesti j\u00e4nnitt\u00e4v\u00e4mp\u00e4\u00e4 olla siin\u00e4 korkeammalla.<br>Satusienest\u00e4 tyk\u00e4ttiin my\u00f6s ja siin\u00e4 sieness\u00e4 oli ovi. Ja sitten on linna, jossa on pinkki\u00e4.<\/p>\n\n\n\n<p>Kuvia mets\u00e4huoneesta ja yksityiskohdista:<\/p>\n\n\n\n<p>Kiipeilysein\u00e4:<\/p>\n\n\n\n<figure class=\"wp-block-image aligncenter\"><img loading=\"lazy\" decoding=\"async\" width=\"768\" height=\"1024\" src=\"https:\/\/sites.uef.fi\/yritystaoppimisymparistoihin\/wp-content\/uploads\/sites\/50\/2021\/04\/metsa11-768x1024.jpg\" alt=\"kiipeilysein\u00e4\" class=\"wp-image-774\" srcset=\"https:\/\/sites.uef.fi\/yritystaoppimisymparistoihin\/wp-content\/uploads\/sites\/50\/2021\/04\/metsa11-768x1024.jpg 768w, https:\/\/sites.uef.fi\/yritystaoppimisymparistoihin\/wp-content\/uploads\/sites\/50\/2021\/04\/metsa11-225x300.jpg 225w, https:\/\/sites.uef.fi\/yritystaoppimisymparistoihin\/wp-content\/uploads\/sites\/50\/2021\/04\/metsa11-1152x1536.jpg 1152w, https:\/\/sites.uef.fi\/yritystaoppimisymparistoihin\/wp-content\/uploads\/sites\/50\/2021\/04\/metsa11-1536x2048.jpg 1536w, https:\/\/sites.uef.fi\/yritystaoppimisymparistoihin\/wp-content\/uploads\/sites\/50\/2021\/04\/metsa11-scaled.jpg 1920w\" sizes=\"auto, (max-width: 768px) 100vw, 768px\" \/><\/figure>\n\n\n\n<p>Ovi ja mets\u00e4\u00e4<\/p>\n\n\n\n<figure class=\"wp-block-image aligncenter\"><img loading=\"lazy\" decoding=\"async\" width=\"1024\" height=\"768\" src=\"https:\/\/sites.uef.fi\/yritystaoppimisymparistoihin\/wp-content\/uploads\/sites\/50\/2021\/04\/metsa2-1024x768.jpg\" alt=\"kuva mets\u00e4huoneesta\" class=\"wp-image-765\" srcset=\"https:\/\/sites.uef.fi\/yritystaoppimisymparistoihin\/wp-content\/uploads\/sites\/50\/2021\/04\/metsa2-1024x768.jpg 1024w, https:\/\/sites.uef.fi\/yritystaoppimisymparistoihin\/wp-content\/uploads\/sites\/50\/2021\/04\/metsa2-300x225.jpg 300w, https:\/\/sites.uef.fi\/yritystaoppimisymparistoihin\/wp-content\/uploads\/sites\/50\/2021\/04\/metsa2-768x576.jpg 768w, https:\/\/sites.uef.fi\/yritystaoppimisymparistoihin\/wp-content\/uploads\/sites\/50\/2021\/04\/metsa2-1536x1152.jpg 1536w, https:\/\/sites.uef.fi\/yritystaoppimisymparistoihin\/wp-content\/uploads\/sites\/50\/2021\/04\/metsa2-2048x1536.jpg 2048w\" sizes=\"auto, (max-width: 1024px) 100vw, 1024px\" \/><\/figure>\n\n\n\n<p>Auto mets\u00e4ss\u00e4<\/p>\n\n\n\n<figure class=\"wp-block-image aligncenter\"><img loading=\"lazy\" decoding=\"async\" width=\"1024\" height=\"768\" src=\"https:\/\/sites.uef.fi\/yritystaoppimisymparistoihin\/wp-content\/uploads\/sites\/50\/2021\/04\/metsa3-1024x768.jpg\" alt=\"kuva mets\u00e4huoneesta\" class=\"wp-image-768\" srcset=\"https:\/\/sites.uef.fi\/yritystaoppimisymparistoihin\/wp-content\/uploads\/sites\/50\/2021\/04\/metsa3-1024x768.jpg 1024w, https:\/\/sites.uef.fi\/yritystaoppimisymparistoihin\/wp-content\/uploads\/sites\/50\/2021\/04\/metsa3-300x225.jpg 300w, https:\/\/sites.uef.fi\/yritystaoppimisymparistoihin\/wp-content\/uploads\/sites\/50\/2021\/04\/metsa3-768x576.jpg 768w, https:\/\/sites.uef.fi\/yritystaoppimisymparistoihin\/wp-content\/uploads\/sites\/50\/2021\/04\/metsa3-1536x1152.jpg 1536w, https:\/\/sites.uef.fi\/yritystaoppimisymparistoihin\/wp-content\/uploads\/sites\/50\/2021\/04\/metsa3-2048x1536.jpg 2048w\" sizes=\"auto, (max-width: 1024px) 100vw, 1024px\" \/><\/figure>\n\n\n\n<p>Mets\u00e4 ikkunanrajassa<\/p>\n\n\n\n<figure class=\"wp-block-image aligncenter\"><img loading=\"lazy\" decoding=\"async\" width=\"1024\" height=\"768\" src=\"https:\/\/sites.uef.fi\/yritystaoppimisymparistoihin\/wp-content\/uploads\/sites\/50\/2021\/04\/metsa4-1024x768.jpg\" alt=\"kuva mets\u00e4huoneesta\" class=\"wp-image-771\" srcset=\"https:\/\/sites.uef.fi\/yritystaoppimisymparistoihin\/wp-content\/uploads\/sites\/50\/2021\/04\/metsa4-1024x768.jpg 1024w, https:\/\/sites.uef.fi\/yritystaoppimisymparistoihin\/wp-content\/uploads\/sites\/50\/2021\/04\/metsa4-300x225.jpg 300w, https:\/\/sites.uef.fi\/yritystaoppimisymparistoihin\/wp-content\/uploads\/sites\/50\/2021\/04\/metsa4-768x576.jpg 768w, https:\/\/sites.uef.fi\/yritystaoppimisymparistoihin\/wp-content\/uploads\/sites\/50\/2021\/04\/metsa4-1536x1152.jpg 1536w, https:\/\/sites.uef.fi\/yritystaoppimisymparistoihin\/wp-content\/uploads\/sites\/50\/2021\/04\/metsa4-2048x1536.jpg 2048w\" sizes=\"auto, (max-width: 1024px) 100vw, 1024px\" \/><\/figure>\n\n\n\n<p>Kissa ja kettu<\/p>\n\n\n\n<figure class=\"wp-block-image aligncenter\"><img loading=\"lazy\" decoding=\"async\" width=\"1024\" height=\"768\" src=\"https:\/\/sites.uef.fi\/yritystaoppimisymparistoihin\/wp-content\/uploads\/sites\/50\/2021\/04\/IMG_1246.JPG-1024x768.jpg\" alt=\"kettu ja kissa mets\u00e4ss\u00e4\" class=\"wp-image-744\" srcset=\"https:\/\/sites.uef.fi\/yritystaoppimisymparistoihin\/wp-content\/uploads\/sites\/50\/2021\/04\/IMG_1246.JPG-1024x768.jpg 1024w, https:\/\/sites.uef.fi\/yritystaoppimisymparistoihin\/wp-content\/uploads\/sites\/50\/2021\/04\/IMG_1246.JPG-300x225.jpg 300w, https:\/\/sites.uef.fi\/yritystaoppimisymparistoihin\/wp-content\/uploads\/sites\/50\/2021\/04\/IMG_1246.JPG-768x576.jpg 768w, https:\/\/sites.uef.fi\/yritystaoppimisymparistoihin\/wp-content\/uploads\/sites\/50\/2021\/04\/IMG_1246.JPG-1536x1152.jpg 1536w, https:\/\/sites.uef.fi\/yritystaoppimisymparistoihin\/wp-content\/uploads\/sites\/50\/2021\/04\/IMG_1246.JPG-2048x1536.jpg 2048w\" sizes=\"auto, (max-width: 1024px) 100vw, 1024px\" \/><\/figure>\n\n\n\n<p>Karhu<\/p>\n\n\n\n<figure class=\"wp-block-image aligncenter\"><img loading=\"lazy\" decoding=\"async\" width=\"1024\" height=\"768\" src=\"https:\/\/sites.uef.fi\/yritystaoppimisymparistoihin\/wp-content\/uploads\/sites\/50\/2021\/04\/IMG_1247.JPG-1024x768.jpg\" alt=\"karhu mets\u00e4ss\u00e4\" class=\"wp-image-747\" srcset=\"https:\/\/sites.uef.fi\/yritystaoppimisymparistoihin\/wp-content\/uploads\/sites\/50\/2021\/04\/IMG_1247.JPG-1024x768.jpg 1024w, https:\/\/sites.uef.fi\/yritystaoppimisymparistoihin\/wp-content\/uploads\/sites\/50\/2021\/04\/IMG_1247.JPG-300x225.jpg 300w, https:\/\/sites.uef.fi\/yritystaoppimisymparistoihin\/wp-content\/uploads\/sites\/50\/2021\/04\/IMG_1247.JPG-768x576.jpg 768w, https:\/\/sites.uef.fi\/yritystaoppimisymparistoihin\/wp-content\/uploads\/sites\/50\/2021\/04\/IMG_1247.JPG-1536x1152.jpg 1536w, https:\/\/sites.uef.fi\/yritystaoppimisymparistoihin\/wp-content\/uploads\/sites\/50\/2021\/04\/IMG_1247.JPG-2048x1536.jpg 2048w\" sizes=\"auto, (max-width: 1024px) 100vw, 1024px\" \/><\/figure>\n\n\n\n<p>Satulinna<\/p>\n\n\n\n<figure class=\"wp-block-image aligncenter\"><img loading=\"lazy\" decoding=\"async\" width=\"1024\" height=\"768\" src=\"https:\/\/sites.uef.fi\/yritystaoppimisymparistoihin\/wp-content\/uploads\/sites\/50\/2021\/04\/IMG_1248.JPG-1024x768.jpg\" alt=\"mets\u00e4n yksityiskohtia\" class=\"wp-image-750\" srcset=\"https:\/\/sites.uef.fi\/yritystaoppimisymparistoihin\/wp-content\/uploads\/sites\/50\/2021\/04\/IMG_1248.JPG-1024x768.jpg 1024w, https:\/\/sites.uef.fi\/yritystaoppimisymparistoihin\/wp-content\/uploads\/sites\/50\/2021\/04\/IMG_1248.JPG-300x225.jpg 300w, https:\/\/sites.uef.fi\/yritystaoppimisymparistoihin\/wp-content\/uploads\/sites\/50\/2021\/04\/IMG_1248.JPG-768x576.jpg 768w, https:\/\/sites.uef.fi\/yritystaoppimisymparistoihin\/wp-content\/uploads\/sites\/50\/2021\/04\/IMG_1248.JPG-1536x1152.jpg 1536w, https:\/\/sites.uef.fi\/yritystaoppimisymparistoihin\/wp-content\/uploads\/sites\/50\/2021\/04\/IMG_1248.JPG-2048x1536.jpg 2048w\" sizes=\"auto, (max-width: 1024px) 100vw, 1024px\" \/><\/figure>\n\n\n\n<p>&#8220;Taika-auto&#8221;<\/p>\n\n\n\n<figure class=\"wp-block-image aligncenter\"><img loading=\"lazy\" decoding=\"async\" width=\"1024\" height=\"768\" src=\"https:\/\/sites.uef.fi\/yritystaoppimisymparistoihin\/wp-content\/uploads\/sites\/50\/2021\/04\/IMG_1249.JPG-1024x768.jpg\" alt=\"taika-auto\" class=\"wp-image-753\" srcset=\"https:\/\/sites.uef.fi\/yritystaoppimisymparistoihin\/wp-content\/uploads\/sites\/50\/2021\/04\/IMG_1249.JPG-1024x768.jpg 1024w, https:\/\/sites.uef.fi\/yritystaoppimisymparistoihin\/wp-content\/uploads\/sites\/50\/2021\/04\/IMG_1249.JPG-300x225.jpg 300w, https:\/\/sites.uef.fi\/yritystaoppimisymparistoihin\/wp-content\/uploads\/sites\/50\/2021\/04\/IMG_1249.JPG-768x576.jpg 768w, https:\/\/sites.uef.fi\/yritystaoppimisymparistoihin\/wp-content\/uploads\/sites\/50\/2021\/04\/IMG_1249.JPG-1536x1152.jpg 1536w, https:\/\/sites.uef.fi\/yritystaoppimisymparistoihin\/wp-content\/uploads\/sites\/50\/2021\/04\/IMG_1249.JPG-2048x1536.jpg 2048w\" sizes=\"auto, (max-width: 1024px) 100vw, 1024px\" \/><\/figure>\n\n\n\n<p>Sienim\u00f6kki<\/p>\n\n\n\n<figure class=\"wp-block-image aligncenter\"><img loading=\"lazy\" decoding=\"async\" width=\"1024\" height=\"768\" src=\"https:\/\/sites.uef.fi\/yritystaoppimisymparistoihin\/wp-content\/uploads\/sites\/50\/2021\/04\/IMG_1251.JPG-1024x768.jpg\" alt=\"sieni mets\u00e4ss\u00e4\" class=\"wp-image-756\" srcset=\"https:\/\/sites.uef.fi\/yritystaoppimisymparistoihin\/wp-content\/uploads\/sites\/50\/2021\/04\/IMG_1251.JPG-1024x768.jpg 1024w, https:\/\/sites.uef.fi\/yritystaoppimisymparistoihin\/wp-content\/uploads\/sites\/50\/2021\/04\/IMG_1251.JPG-300x225.jpg 300w, https:\/\/sites.uef.fi\/yritystaoppimisymparistoihin\/wp-content\/uploads\/sites\/50\/2021\/04\/IMG_1251.JPG-768x576.jpg 768w, https:\/\/sites.uef.fi\/yritystaoppimisymparistoihin\/wp-content\/uploads\/sites\/50\/2021\/04\/IMG_1251.JPG-1536x1152.jpg 1536w, https:\/\/sites.uef.fi\/yritystaoppimisymparistoihin\/wp-content\/uploads\/sites\/50\/2021\/04\/IMG_1251.JPG-2048x1536.jpg 2048w\" sizes=\"auto, (max-width: 1024px) 100vw, 1024px\" \/><\/figure>\n\n\n\n<p>Lintuja<\/p>\n\n\n\n<figure class=\"wp-block-image aligncenter\"><img loading=\"lazy\" decoding=\"async\" width=\"1024\" height=\"768\" src=\"https:\/\/sites.uef.fi\/yritystaoppimisymparistoihin\/wp-content\/uploads\/sites\/50\/2021\/04\/IMG_1252.JPG-1024x768.jpg\" alt=\"Lintuja mets\u00e4ss\u00e4\" class=\"wp-image-759\" srcset=\"https:\/\/sites.uef.fi\/yritystaoppimisymparistoihin\/wp-content\/uploads\/sites\/50\/2021\/04\/IMG_1252.JPG-1024x768.jpg 1024w, https:\/\/sites.uef.fi\/yritystaoppimisymparistoihin\/wp-content\/uploads\/sites\/50\/2021\/04\/IMG_1252.JPG-300x225.jpg 300w, https:\/\/sites.uef.fi\/yritystaoppimisymparistoihin\/wp-content\/uploads\/sites\/50\/2021\/04\/IMG_1252.JPG-768x576.jpg 768w, https:\/\/sites.uef.fi\/yritystaoppimisymparistoihin\/wp-content\/uploads\/sites\/50\/2021\/04\/IMG_1252.JPG-1536x1152.jpg 1536w, https:\/\/sites.uef.fi\/yritystaoppimisymparistoihin\/wp-content\/uploads\/sites\/50\/2021\/04\/IMG_1252.JPG-2048x1536.jpg 2048w\" sizes=\"auto, (max-width: 1024px) 100vw, 1024px\" \/><\/figure>\n\n\n\n<p>Dinosaurus<\/p>\n\n\n\n<figure class=\"wp-block-image aligncenter\"><img loading=\"lazy\" decoding=\"async\" width=\"1024\" height=\"768\" src=\"https:\/\/sites.uef.fi\/yritystaoppimisymparistoihin\/wp-content\/uploads\/sites\/50\/2021\/04\/IMG_1254.JPG-1024x768.jpg\" alt=\"raptori mets\u00e4ss\u00e4\" class=\"wp-image-762\" srcset=\"https:\/\/sites.uef.fi\/yritystaoppimisymparistoihin\/wp-content\/uploads\/sites\/50\/2021\/04\/IMG_1254.JPG-1024x768.jpg 1024w, https:\/\/sites.uef.fi\/yritystaoppimisymparistoihin\/wp-content\/uploads\/sites\/50\/2021\/04\/IMG_1254.JPG-300x225.jpg 300w, https:\/\/sites.uef.fi\/yritystaoppimisymparistoihin\/wp-content\/uploads\/sites\/50\/2021\/04\/IMG_1254.JPG-768x576.jpg 768w, https:\/\/sites.uef.fi\/yritystaoppimisymparistoihin\/wp-content\/uploads\/sites\/50\/2021\/04\/IMG_1254.JPG-1536x1152.jpg 1536w, https:\/\/sites.uef.fi\/yritystaoppimisymparistoihin\/wp-content\/uploads\/sites\/50\/2021\/04\/IMG_1254.JPG-2048x1536.jpg 2048w\" sizes=\"auto, (max-width: 1024px) 100vw, 1024px\" \/><\/figure>\n","protected":false},"excerpt":{"rendered":"<p>Projektissa mukana: Yritys: DecoraDora-sisustusmaalaus Koulutusorganisaatio: Liperin p\u00e4iv\u00e4koti. Liperin p\u00e4iv\u00e4kodissa k\u00e4ynnistyi loppukev\u00e4\u00e4st\u00e4 2019 Mets\u00e4huone-projekti.&nbsp; Yhteisty\u00f6ss\u00e4 Mets\u00e4huone-projektissa toimivat artesaani Tuija-Inkeri Laatikainen Outokummmusta sek\u00e4 Katja Kouvalainen Decoradorasta. Mets\u00e4huoneen on tarkoitus olla valmis syksyll\u00e4 2019. Lapset ovat osallistuneet Mets\u00e4huoneen suunnitteluun piirt\u00e4m\u00e4ll\u00e4&nbsp; ja kertomalla omia toiveita Mets\u00e4huoneesta. T\u00e4ll\u00e4 hetkell\u00e4 Mets\u00e4huone on maalattu ja odottaa m\u00e4kiluolaa. Kuvia Mets\u00e4huoneesta on sivun lopussa. [&hellip;]<\/p>\n","protected":false},"author":98,"featured_media":0,"parent":154,"menu_order":5,"comment_status":"closed","ping_status":"closed","template":"","meta":{"_acf_changed":false,"_monsterinsights_skip_tracking":false,"_monsterinsights_sitenote_active":false,"_monsterinsights_sitenote_note":"","_monsterinsights_sitenote_category":0,"footnotes":""},"class_list":["post-199","page","type-page","status-publish","hentry"],"acf":[],"yoast_head":"<!-- This site is optimized with the Yoast SEO plugin v27.3 - https:\/\/yoast.com\/product\/yoast-seo-wordpress\/ -->\n<title>Mets\u00e4huone - Yrityst\u00e4 oppimisymp\u00e4rist\u00f6ihin<\/title>\n<meta name=\"robots\" content=\"index, follow, max-snippet:-1, max-image-preview:large, max-video-preview:-1\" \/>\n<link rel=\"canonical\" href=\"https:\/\/sites.uef.fi\/yritystaoppimisymparistoihin\/hankkeessa-toteutuneet-pilottiprojektit\/metsahuone\/\" \/>\n<meta property=\"og:locale\" content=\"en_US\" \/>\n<meta property=\"og:type\" content=\"article\" \/>\n<meta property=\"og:title\" content=\"Mets\u00e4huone - Yrityst\u00e4 oppimisymp\u00e4rist\u00f6ihin\" \/>\n<meta property=\"og:description\" content=\"Projektissa mukana: Yritys: DecoraDora-sisustusmaalaus Koulutusorganisaatio: Liperin p\u00e4iv\u00e4koti. Liperin p\u00e4iv\u00e4kodissa k\u00e4ynnistyi loppukev\u00e4\u00e4st\u00e4 2019 Mets\u00e4huone-projekti.&nbsp; Yhteisty\u00f6ss\u00e4 Mets\u00e4huone-projektissa toimivat artesaani Tuija-Inkeri Laatikainen Outokummmusta sek\u00e4 Katja Kouvalainen Decoradorasta. Mets\u00e4huoneen on tarkoitus olla valmis syksyll\u00e4 2019. Lapset ovat osallistuneet Mets\u00e4huoneen suunnitteluun piirt\u00e4m\u00e4ll\u00e4&nbsp; ja kertomalla omia toiveita Mets\u00e4huoneesta. T\u00e4ll\u00e4 hetkell\u00e4 Mets\u00e4huone on maalattu ja odottaa m\u00e4kiluolaa. Kuvia Mets\u00e4huoneesta on sivun lopussa. [&hellip;]\" \/>\n<meta property=\"og:url\" content=\"https:\/\/sites.uef.fi\/yritystaoppimisymparistoihin\/hankkeessa-toteutuneet-pilottiprojektit\/metsahuone\/\" \/>\n<meta property=\"og:site_name\" content=\"Yrityst\u00e4 oppimisymp\u00e4rist\u00f6ihin\" \/>\n<meta property=\"article:modified_time\" content=\"2024-02-08T07:22:44+00:00\" \/>\n<meta property=\"og:image\" content=\"https:\/\/sites.uef.fi\/yritystaoppimisymparistoihin\/wp-content\/uploads\/sites\/50\/2021\/04\/metsa11-768x1024.jpg\" \/>\n<meta name=\"twitter:card\" content=\"summary_large_image\" \/>\n<meta name=\"twitter:label1\" content=\"Est. reading time\" \/>\n\t<meta name=\"twitter:data1\" content=\"4 minutes\" \/>\n<script type=\"application\/ld+json\" class=\"yoast-schema-graph\">{\"@context\":\"https:\\\/\\\/schema.org\",\"@graph\":[{\"@type\":\"WebPage\",\"@id\":\"https:\\\/\\\/sites.uef.fi\\\/yritystaoppimisymparistoihin\\\/hankkeessa-toteutuneet-pilottiprojektit\\\/metsahuone\\\/\",\"url\":\"https:\\\/\\\/sites.uef.fi\\\/yritystaoppimisymparistoihin\\\/hankkeessa-toteutuneet-pilottiprojektit\\\/metsahuone\\\/\",\"name\":\"Mets\u00e4huone - Yrityst\u00e4 oppimisymp\u00e4rist\u00f6ihin\",\"isPartOf\":{\"@id\":\"https:\\\/\\\/sites.uef.fi\\\/yritystaoppimisymparistoihin\\\/#website\"},\"primaryImageOfPage\":{\"@id\":\"https:\\\/\\\/sites.uef.fi\\\/yritystaoppimisymparistoihin\\\/hankkeessa-toteutuneet-pilottiprojektit\\\/metsahuone\\\/#primaryimage\"},\"image\":{\"@id\":\"https:\\\/\\\/sites.uef.fi\\\/yritystaoppimisymparistoihin\\\/hankkeessa-toteutuneet-pilottiprojektit\\\/metsahuone\\\/#primaryimage\"},\"thumbnailUrl\":\"https:\\\/\\\/sites.uef.fi\\\/yritystaoppimisymparistoihin\\\/wp-content\\\/uploads\\\/sites\\\/50\\\/2021\\\/04\\\/metsa11-768x1024.jpg\",\"datePublished\":\"2020-08-20T11:31:17+00:00\",\"dateModified\":\"2024-02-08T07:22:44+00:00\",\"breadcrumb\":{\"@id\":\"https:\\\/\\\/sites.uef.fi\\\/yritystaoppimisymparistoihin\\\/hankkeessa-toteutuneet-pilottiprojektit\\\/metsahuone\\\/#breadcrumb\"},\"inLanguage\":\"en-US\",\"potentialAction\":[{\"@type\":\"ReadAction\",\"target\":[\"https:\\\/\\\/sites.uef.fi\\\/yritystaoppimisymparistoihin\\\/hankkeessa-toteutuneet-pilottiprojektit\\\/metsahuone\\\/\"]}]},{\"@type\":\"ImageObject\",\"inLanguage\":\"en-US\",\"@id\":\"https:\\\/\\\/sites.uef.fi\\\/yritystaoppimisymparistoihin\\\/hankkeessa-toteutuneet-pilottiprojektit\\\/metsahuone\\\/#primaryimage\",\"url\":\"https:\\\/\\\/sites.uef.fi\\\/yritystaoppimisymparistoihin\\\/wp-content\\\/uploads\\\/sites\\\/50\\\/2021\\\/04\\\/metsa11-scaled.jpg\",\"contentUrl\":\"https:\\\/\\\/sites.uef.fi\\\/yritystaoppimisymparistoihin\\\/wp-content\\\/uploads\\\/sites\\\/50\\\/2021\\\/04\\\/metsa11-scaled.jpg\",\"width\":1920,\"height\":2560,\"caption\":\"kiipeilysein\u00e4\"},{\"@type\":\"BreadcrumbList\",\"@id\":\"https:\\\/\\\/sites.uef.fi\\\/yritystaoppimisymparistoihin\\\/hankkeessa-toteutuneet-pilottiprojektit\\\/metsahuone\\\/#breadcrumb\",\"itemListElement\":[{\"@type\":\"ListItem\",\"position\":1,\"name\":\"Home\",\"item\":\"https:\\\/\\\/sites.uef.fi\\\/yritystaoppimisymparistoihin\\\/\"},{\"@type\":\"ListItem\",\"position\":2,\"name\":\"Hankkeessa toteutuneet pilottiprojektit\",\"item\":\"https:\\\/\\\/sites.uef.fi\\\/yritystaoppimisymparistoihin\\\/hankkeessa-toteutuneet-pilottiprojektit\\\/\"},{\"@type\":\"ListItem\",\"position\":3,\"name\":\"Mets\u00e4huone\"}]},{\"@type\":\"WebSite\",\"@id\":\"https:\\\/\\\/sites.uef.fi\\\/yritystaoppimisymparistoihin\\\/#website\",\"url\":\"https:\\\/\\\/sites.uef.fi\\\/yritystaoppimisymparistoihin\\\/\",\"name\":\"Yrityst\u00e4 oppimisymp\u00e4rist\u00f6ihin\",\"description\":\"\",\"potentialAction\":[{\"@type\":\"SearchAction\",\"target\":{\"@type\":\"EntryPoint\",\"urlTemplate\":\"https:\\\/\\\/sites.uef.fi\\\/yritystaoppimisymparistoihin\\\/?s={search_term_string}\"},\"query-input\":{\"@type\":\"PropertyValueSpecification\",\"valueRequired\":true,\"valueName\":\"search_term_string\"}}],\"inLanguage\":\"en-US\"}]}<\/script>\n<!-- \/ Yoast SEO plugin. -->","yoast_head_json":{"title":"Mets\u00e4huone - Yrityst\u00e4 oppimisymp\u00e4rist\u00f6ihin","robots":{"index":"index","follow":"follow","max-snippet":"max-snippet:-1","max-image-preview":"max-image-preview:large","max-video-preview":"max-video-preview:-1"},"canonical":"https:\/\/sites.uef.fi\/yritystaoppimisymparistoihin\/hankkeessa-toteutuneet-pilottiprojektit\/metsahuone\/","og_locale":"en_US","og_type":"article","og_title":"Mets\u00e4huone - Yrityst\u00e4 oppimisymp\u00e4rist\u00f6ihin","og_description":"Projektissa mukana: Yritys: DecoraDora-sisustusmaalaus Koulutusorganisaatio: Liperin p\u00e4iv\u00e4koti. Liperin p\u00e4iv\u00e4kodissa k\u00e4ynnistyi loppukev\u00e4\u00e4st\u00e4 2019 Mets\u00e4huone-projekti.&nbsp; Yhteisty\u00f6ss\u00e4 Mets\u00e4huone-projektissa toimivat artesaani Tuija-Inkeri Laatikainen Outokummmusta sek\u00e4 Katja Kouvalainen Decoradorasta. Mets\u00e4huoneen on tarkoitus olla valmis syksyll\u00e4 2019. Lapset ovat osallistuneet Mets\u00e4huoneen suunnitteluun piirt\u00e4m\u00e4ll\u00e4&nbsp; ja kertomalla omia toiveita Mets\u00e4huoneesta. T\u00e4ll\u00e4 hetkell\u00e4 Mets\u00e4huone on maalattu ja odottaa m\u00e4kiluolaa. Kuvia Mets\u00e4huoneesta on sivun lopussa. [&hellip;]","og_url":"https:\/\/sites.uef.fi\/yritystaoppimisymparistoihin\/hankkeessa-toteutuneet-pilottiprojektit\/metsahuone\/","og_site_name":"Yrityst\u00e4 oppimisymp\u00e4rist\u00f6ihin","article_modified_time":"2024-02-08T07:22:44+00:00","og_image":[{"url":"https:\/\/sites.uef.fi\/yritystaoppimisymparistoihin\/wp-content\/uploads\/sites\/50\/2021\/04\/metsa11-768x1024.jpg","type":"","width":"","height":""}],"twitter_card":"summary_large_image","twitter_misc":{"Est. reading time":"4 minutes"},"schema":{"@context":"https:\/\/schema.org","@graph":[{"@type":"WebPage","@id":"https:\/\/sites.uef.fi\/yritystaoppimisymparistoihin\/hankkeessa-toteutuneet-pilottiprojektit\/metsahuone\/","url":"https:\/\/sites.uef.fi\/yritystaoppimisymparistoihin\/hankkeessa-toteutuneet-pilottiprojektit\/metsahuone\/","name":"Mets\u00e4huone - Yrityst\u00e4 oppimisymp\u00e4rist\u00f6ihin","isPartOf":{"@id":"https:\/\/sites.uef.fi\/yritystaoppimisymparistoihin\/#website"},"primaryImageOfPage":{"@id":"https:\/\/sites.uef.fi\/yritystaoppimisymparistoihin\/hankkeessa-toteutuneet-pilottiprojektit\/metsahuone\/#primaryimage"},"image":{"@id":"https:\/\/sites.uef.fi\/yritystaoppimisymparistoihin\/hankkeessa-toteutuneet-pilottiprojektit\/metsahuone\/#primaryimage"},"thumbnailUrl":"https:\/\/sites.uef.fi\/yritystaoppimisymparistoihin\/wp-content\/uploads\/sites\/50\/2021\/04\/metsa11-768x1024.jpg","datePublished":"2020-08-20T11:31:17+00:00","dateModified":"2024-02-08T07:22:44+00:00","breadcrumb":{"@id":"https:\/\/sites.uef.fi\/yritystaoppimisymparistoihin\/hankkeessa-toteutuneet-pilottiprojektit\/metsahuone\/#breadcrumb"},"inLanguage":"en-US","potentialAction":[{"@type":"ReadAction","target":["https:\/\/sites.uef.fi\/yritystaoppimisymparistoihin\/hankkeessa-toteutuneet-pilottiprojektit\/metsahuone\/"]}]},{"@type":"ImageObject","inLanguage":"en-US","@id":"https:\/\/sites.uef.fi\/yritystaoppimisymparistoihin\/hankkeessa-toteutuneet-pilottiprojektit\/metsahuone\/#primaryimage","url":"https:\/\/sites.uef.fi\/yritystaoppimisymparistoihin\/wp-content\/uploads\/sites\/50\/2021\/04\/metsa11-scaled.jpg","contentUrl":"https:\/\/sites.uef.fi\/yritystaoppimisymparistoihin\/wp-content\/uploads\/sites\/50\/2021\/04\/metsa11-scaled.jpg","width":1920,"height":2560,"caption":"kiipeilysein\u00e4"},{"@type":"BreadcrumbList","@id":"https:\/\/sites.uef.fi\/yritystaoppimisymparistoihin\/hankkeessa-toteutuneet-pilottiprojektit\/metsahuone\/#breadcrumb","itemListElement":[{"@type":"ListItem","position":1,"name":"Home","item":"https:\/\/sites.uef.fi\/yritystaoppimisymparistoihin\/"},{"@type":"ListItem","position":2,"name":"Hankkeessa toteutuneet pilottiprojektit","item":"https:\/\/sites.uef.fi\/yritystaoppimisymparistoihin\/hankkeessa-toteutuneet-pilottiprojektit\/"},{"@type":"ListItem","position":3,"name":"Mets\u00e4huone"}]},{"@type":"WebSite","@id":"https:\/\/sites.uef.fi\/yritystaoppimisymparistoihin\/#website","url":"https:\/\/sites.uef.fi\/yritystaoppimisymparistoihin\/","name":"Yrityst\u00e4 oppimisymp\u00e4rist\u00f6ihin","description":"","potentialAction":[{"@type":"SearchAction","target":{"@type":"EntryPoint","urlTemplate":"https:\/\/sites.uef.fi\/yritystaoppimisymparistoihin\/?s={search_term_string}"},"query-input":{"@type":"PropertyValueSpecification","valueRequired":true,"valueName":"search_term_string"}}],"inLanguage":"en-US"}]}},"_links":{"self":[{"href":"https:\/\/sites.uef.fi\/yritystaoppimisymparistoihin\/wp-json\/wp\/v2\/pages\/199","targetHints":{"allow":["GET"]}}],"collection":[{"href":"https:\/\/sites.uef.fi\/yritystaoppimisymparistoihin\/wp-json\/wp\/v2\/pages"}],"about":[{"href":"https:\/\/sites.uef.fi\/yritystaoppimisymparistoihin\/wp-json\/wp\/v2\/types\/page"}],"author":[{"embeddable":true,"href":"https:\/\/sites.uef.fi\/yritystaoppimisymparistoihin\/wp-json\/wp\/v2\/users\/98"}],"replies":[{"embeddable":true,"href":"https:\/\/sites.uef.fi\/yritystaoppimisymparistoihin\/wp-json\/wp\/v2\/comments?post=199"}],"version-history":[{"count":2,"href":"https:\/\/sites.uef.fi\/yritystaoppimisymparistoihin\/wp-json\/wp\/v2\/pages\/199\/revisions"}],"predecessor-version":[{"id":1234,"href":"https:\/\/sites.uef.fi\/yritystaoppimisymparistoihin\/wp-json\/wp\/v2\/pages\/199\/revisions\/1234"}],"up":[{"embeddable":true,"href":"https:\/\/sites.uef.fi\/yritystaoppimisymparistoihin\/wp-json\/wp\/v2\/pages\/154"}],"wp:attachment":[{"href":"https:\/\/sites.uef.fi\/yritystaoppimisymparistoihin\/wp-json\/wp\/v2\/media?parent=199"}],"curies":[{"name":"wp","href":"https:\/\/api.w.org\/{rel}","templated":true}]}}