{"id":250,"date":"2020-08-20T14:37:00","date_gmt":"2020-08-20T11:37:00","guid":{"rendered":"https:\/\/sites.uef.fi\/yritystaoppimisymparistoihin\/?page_id=250"},"modified":"2024-02-08T08:52:16","modified_gmt":"2024-02-08T06:52:16","slug":"yritykset","status":"publish","type":"page","link":"https:\/\/sites.uef.fi\/yritystaoppimisymparistoihin\/yhteistyossa\/yritykset\/","title":{"rendered":"Yritykset"},"content":{"rendered":"\n<p>Alta l\u00f6yd\u00e4t hankkeemme kanssa yhteisty\u00f6t\u00e4 tehneet yritykset.<\/p>\n\n\n\n<ul class=\"wp-block-list\">\n<li><a href=\"https:\/\/sites.uef.fi\/yritystaoppimisymparistoihin\/yhteistyossa\/yritykset\/hanhi-design\/\">Ha\u00f1hi Design<\/a><\/li>\n\n\n\n<li><a href=\"https:\/\/sites.uef.fi\/yritystaoppimisymparistoihin\/yhteistyossa\/yritykset\/joensuun-tiedekasvatuspalvelut\/\">Joensuun tiedekasvatuspalvelut<\/a><\/li>\n\n\n\n<li><a href=\"https:\/\/sites.uef.fi\/yritystaoppimisymparistoihin\/yhteistyossa\/yritykset\/kasvukaruselli\/\">Kasvukaruselli<\/a><\/li>\n\n\n\n<li><a href=\"https:\/\/sites.uef.fi\/yritystaoppimisymparistoihin\/yhteistyossa\/yritykset\/puutarha-auringontahti\/\">Puutarha Auringont\u00e4hti<\/a><\/li>\n\n\n\n<li><a href=\"https:\/\/sites.uef.fi\/yritystaoppimisymparistoihin\/yhteistyossa\/yritykset\/sf-sound-oy\/\">SF-Sound Oy<\/a><\/li>\n\n\n\n<li><a href=\"https:\/\/sites.uef.fi\/yritystaoppimisymparistoihin\/yhteistyossa\/yritykset\/tiedekasvatus-hannu-partanen\/\">Tiedekasvatus Hannu Partanen<\/a><\/li>\n\n\n\n<li><a href=\"https:\/\/sites.uef.fi\/yritystaoppimisymparistoihin\/yhteistyossa\/yritykset\/decoradora\/\">DecoraDora<\/a><\/li>\n\n\n\n<li><a href=\"https:\/\/sites.uef.fi\/yritystaoppimisymparistoihin\/yhteistyossa\/yritykset\/puhas-oy\/\">Puhas Oy<\/a><\/li>\n\n\n\n<li><a href=\"https:\/\/sites.uef.fi\/yritystaoppimisymparistoihin\/yhteistyossa\/yritykset\/esko-pekka-tiitinen\/\">Esko-Pekka Tiitinen<\/a><\/li>\n<\/ul>\n\n\n\n<p>Haluatteko yrityksenne listalle? Ottakaa meihin rohkeasti yhteytt\u00e4 s\u00e4hk\u00f6postilla yritystaoppimisymparistoihin (\u00e4t) uef.fi niin keskustellaan ja suunnitellaan lis\u00e4\u00e4!<\/p>\n","protected":false},"excerpt":{"rendered":"<p>Alta l\u00f6yd\u00e4t hankkeemme kanssa yhteisty\u00f6t\u00e4 tehneet yritykset. Haluatteko yrityksenne listalle? Ottakaa meihin rohkeasti yhteytt\u00e4 s\u00e4hk\u00f6postilla yritystaoppimisymparistoihin (\u00e4t) uef.fi niin keskustellaan ja suunnitellaan lis\u00e4\u00e4!<\/p>\n","protected":false},"author":98,"featured_media":0,"parent":84,"menu_order":3,"comment_status":"closed","ping_status":"closed","template":"","meta":{"_acf_changed":false,"_monsterinsights_skip_tracking":false,"_monsterinsights_sitenote_active":false,"_monsterinsights_sitenote_note":"","_monsterinsights_sitenote_category":0,"footnotes":""},"class_list":["post-250","page","type-page","status-publish","hentry"],"acf":[],"yoast_head":"<!-- This site is optimized with the Yoast SEO plugin v27.3 - https:\/\/yoast.com\/product\/yoast-seo-wordpress\/ -->\n<title>Yritykset - Yrityst\u00e4 oppimisymp\u00e4rist\u00f6ihin<\/title>\n<meta name=\"robots\" content=\"index, follow, max-snippet:-1, max-image-preview:large, max-video-preview:-1\" \/>\n<link rel=\"canonical\" href=\"https:\/\/sites.uef.fi\/yritystaoppimisymparistoihin\/yhteistyossa\/yritykset\/\" \/>\n<meta property=\"og:locale\" content=\"en_US\" \/>\n<meta property=\"og:type\" content=\"article\" \/>\n<meta property=\"og:title\" content=\"Yritykset - Yrityst\u00e4 oppimisymp\u00e4rist\u00f6ihin\" \/>\n<meta property=\"og:description\" content=\"Alta l\u00f6yd\u00e4t hankkeemme kanssa yhteisty\u00f6t\u00e4 tehneet yritykset. Haluatteko yrityksenne listalle? Ottakaa meihin rohkeasti yhteytt\u00e4 s\u00e4hk\u00f6postilla yritystaoppimisymparistoihin (\u00e4t) uef.fi niin keskustellaan ja suunnitellaan lis\u00e4\u00e4!\" \/>\n<meta property=\"og:url\" content=\"https:\/\/sites.uef.fi\/yritystaoppimisymparistoihin\/yhteistyossa\/yritykset\/\" \/>\n<meta property=\"og:site_name\" content=\"Yrityst\u00e4 oppimisymp\u00e4rist\u00f6ihin\" \/>\n<meta property=\"article:modified_time\" content=\"2024-02-08T06:52:16+00:00\" \/>\n<meta name=\"twitter:card\" content=\"summary_large_image\" \/>\n<meta name=\"twitter:label1\" content=\"Est. reading time\" \/>\n\t<meta name=\"twitter:data1\" content=\"1 minute\" \/>\n<script type=\"application\/ld+json\" class=\"yoast-schema-graph\">{\"@context\":\"https:\\\/\\\/schema.org\",\"@graph\":[{\"@type\":\"WebPage\",\"@id\":\"https:\\\/\\\/sites.uef.fi\\\/yritystaoppimisymparistoihin\\\/yhteistyossa\\\/yritykset\\\/\",\"url\":\"https:\\\/\\\/sites.uef.fi\\\/yritystaoppimisymparistoihin\\\/yhteistyossa\\\/yritykset\\\/\",\"name\":\"Yritykset - Yrityst\u00e4 oppimisymp\u00e4rist\u00f6ihin\",\"isPartOf\":{\"@id\":\"https:\\\/\\\/sites.uef.fi\\\/yritystaoppimisymparistoihin\\\/#website\"},\"datePublished\":\"2020-08-20T11:37:00+00:00\",\"dateModified\":\"2024-02-08T06:52:16+00:00\",\"breadcrumb\":{\"@id\":\"https:\\\/\\\/sites.uef.fi\\\/yritystaoppimisymparistoihin\\\/yhteistyossa\\\/yritykset\\\/#breadcrumb\"},\"inLanguage\":\"en-US\",\"potentialAction\":[{\"@type\":\"ReadAction\",\"target\":[\"https:\\\/\\\/sites.uef.fi\\\/yritystaoppimisymparistoihin\\\/yhteistyossa\\\/yritykset\\\/\"]}]},{\"@type\":\"BreadcrumbList\",\"@id\":\"https:\\\/\\\/sites.uef.fi\\\/yritystaoppimisymparistoihin\\\/yhteistyossa\\\/yritykset\\\/#breadcrumb\",\"itemListElement\":[{\"@type\":\"ListItem\",\"position\":1,\"name\":\"Home\",\"item\":\"https:\\\/\\\/sites.uef.fi\\\/yritystaoppimisymparistoihin\\\/\"},{\"@type\":\"ListItem\",\"position\":2,\"name\":\"Yhteisty\u00f6ss\u00e4\",\"item\":\"https:\\\/\\\/sites.uef.fi\\\/yritystaoppimisymparistoihin\\\/yhteistyossa\\\/\"},{\"@type\":\"ListItem\",\"position\":3,\"name\":\"Yritykset\"}]},{\"@type\":\"WebSite\",\"@id\":\"https:\\\/\\\/sites.uef.fi\\\/yritystaoppimisymparistoihin\\\/#website\",\"url\":\"https:\\\/\\\/sites.uef.fi\\\/yritystaoppimisymparistoihin\\\/\",\"name\":\"Yrityst\u00e4 oppimisymp\u00e4rist\u00f6ihin\",\"description\":\"\",\"potentialAction\":[{\"@type\":\"SearchAction\",\"target\":{\"@type\":\"EntryPoint\",\"urlTemplate\":\"https:\\\/\\\/sites.uef.fi\\\/yritystaoppimisymparistoihin\\\/?s={search_term_string}\"},\"query-input\":{\"@type\":\"PropertyValueSpecification\",\"valueRequired\":true,\"valueName\":\"search_term_string\"}}],\"inLanguage\":\"en-US\"}]}<\/script>\n<!-- \/ Yoast SEO plugin. -->","yoast_head_json":{"title":"Yritykset - Yrityst\u00e4 oppimisymp\u00e4rist\u00f6ihin","robots":{"index":"index","follow":"follow","max-snippet":"max-snippet:-1","max-image-preview":"max-image-preview:large","max-video-preview":"max-video-preview:-1"},"canonical":"https:\/\/sites.uef.fi\/yritystaoppimisymparistoihin\/yhteistyossa\/yritykset\/","og_locale":"en_US","og_type":"article","og_title":"Yritykset - Yrityst\u00e4 oppimisymp\u00e4rist\u00f6ihin","og_description":"Alta l\u00f6yd\u00e4t hankkeemme kanssa yhteisty\u00f6t\u00e4 tehneet yritykset. Haluatteko yrityksenne listalle? Ottakaa meihin rohkeasti yhteytt\u00e4 s\u00e4hk\u00f6postilla yritystaoppimisymparistoihin (\u00e4t) uef.fi niin keskustellaan ja suunnitellaan lis\u00e4\u00e4!","og_url":"https:\/\/sites.uef.fi\/yritystaoppimisymparistoihin\/yhteistyossa\/yritykset\/","og_site_name":"Yrityst\u00e4 oppimisymp\u00e4rist\u00f6ihin","article_modified_time":"2024-02-08T06:52:16+00:00","twitter_card":"summary_large_image","twitter_misc":{"Est. reading time":"1 minute"},"schema":{"@context":"https:\/\/schema.org","@graph":[{"@type":"WebPage","@id":"https:\/\/sites.uef.fi\/yritystaoppimisymparistoihin\/yhteistyossa\/yritykset\/","url":"https:\/\/sites.uef.fi\/yritystaoppimisymparistoihin\/yhteistyossa\/yritykset\/","name":"Yritykset - Yrityst\u00e4 oppimisymp\u00e4rist\u00f6ihin","isPartOf":{"@id":"https:\/\/sites.uef.fi\/yritystaoppimisymparistoihin\/#website"},"datePublished":"2020-08-20T11:37:00+00:00","dateModified":"2024-02-08T06:52:16+00:00","breadcrumb":{"@id":"https:\/\/sites.uef.fi\/yritystaoppimisymparistoihin\/yhteistyossa\/yritykset\/#breadcrumb"},"inLanguage":"en-US","potentialAction":[{"@type":"ReadAction","target":["https:\/\/sites.uef.fi\/yritystaoppimisymparistoihin\/yhteistyossa\/yritykset\/"]}]},{"@type":"BreadcrumbList","@id":"https:\/\/sites.uef.fi\/yritystaoppimisymparistoihin\/yhteistyossa\/yritykset\/#breadcrumb","itemListElement":[{"@type":"ListItem","position":1,"name":"Home","item":"https:\/\/sites.uef.fi\/yritystaoppimisymparistoihin\/"},{"@type":"ListItem","position":2,"name":"Yhteisty\u00f6ss\u00e4","item":"https:\/\/sites.uef.fi\/yritystaoppimisymparistoihin\/yhteistyossa\/"},{"@type":"ListItem","position":3,"name":"Yritykset"}]},{"@type":"WebSite","@id":"https:\/\/sites.uef.fi\/yritystaoppimisymparistoihin\/#website","url":"https:\/\/sites.uef.fi\/yritystaoppimisymparistoihin\/","name":"Yrityst\u00e4 oppimisymp\u00e4rist\u00f6ihin","description":"","potentialAction":[{"@type":"SearchAction","target":{"@type":"EntryPoint","urlTemplate":"https:\/\/sites.uef.fi\/yritystaoppimisymparistoihin\/?s={search_term_string}"},"query-input":{"@type":"PropertyValueSpecification","valueRequired":true,"valueName":"search_term_string"}}],"inLanguage":"en-US"}]}},"_links":{"self":[{"href":"https:\/\/sites.uef.fi\/yritystaoppimisymparistoihin\/wp-json\/wp\/v2\/pages\/250","targetHints":{"allow":["GET"]}}],"collection":[{"href":"https:\/\/sites.uef.fi\/yritystaoppimisymparistoihin\/wp-json\/wp\/v2\/pages"}],"about":[{"href":"https:\/\/sites.uef.fi\/yritystaoppimisymparistoihin\/wp-json\/wp\/v2\/types\/page"}],"author":[{"embeddable":true,"href":"https:\/\/sites.uef.fi\/yritystaoppimisymparistoihin\/wp-json\/wp\/v2\/users\/98"}],"replies":[{"embeddable":true,"href":"https:\/\/sites.uef.fi\/yritystaoppimisymparistoihin\/wp-json\/wp\/v2\/comments?post=250"}],"version-history":[{"count":1,"href":"https:\/\/sites.uef.fi\/yritystaoppimisymparistoihin\/wp-json\/wp\/v2\/pages\/250\/revisions"}],"predecessor-version":[{"id":1138,"href":"https:\/\/sites.uef.fi\/yritystaoppimisymparistoihin\/wp-json\/wp\/v2\/pages\/250\/revisions\/1138"}],"up":[{"embeddable":true,"href":"https:\/\/sites.uef.fi\/yritystaoppimisymparistoihin\/wp-json\/wp\/v2\/pages\/84"}],"wp:attachment":[{"href":"https:\/\/sites.uef.fi\/yritystaoppimisymparistoihin\/wp-json\/wp\/v2\/media?parent=250"}],"curies":[{"name":"wp","href":"https:\/\/api.w.org\/{rel}","templated":true}]}}