{"id":256,"date":"2020-08-20T14:37:43","date_gmt":"2020-08-20T11:37:43","guid":{"rendered":"https:\/\/sites.uef.fi\/yritystaoppimisymparistoihin\/?page_id=256"},"modified":"2024-02-08T09:02:11","modified_gmt":"2024-02-08T07:02:11","slug":"studio-360","status":"publish","type":"page","link":"https:\/\/sites.uef.fi\/yritystaoppimisymparistoihin\/yhteistyossa\/hankkeet\/studio-360\/","title":{"rendered":"Studio 360"},"content":{"rendered":"\n<h2 class=\"wp-block-heading\">Studio360 -investointihanke<\/h2>\n\n\n\n<p>Varusteluhankkeessa rakennetaan Suomen ensimm\u00e4inen studiomuotoinen oppimisymp\u00e4rist\u00f6, jossa voidaan tuottaa, testata ja tutkia el\u00e4myksellisyyteen sek\u00e4 osallisuuteen perustuvia digitaalisia oppimateriaaleja sek\u00e4 sis\u00e4lt\u00f6j\u00e4. Oppimisymp\u00e4rist\u00f6 mahdollistaa virtuaalitodellisuuden ja 360-\u00e4\u00e4niratkaisujen tarjoamien mahdollisuuksien tutkimisen ja hy\u00f6dynt\u00e4misen erilaisiin, eri k\u00e4ytt\u00e4j\u00e4ryhmi\u00e4 palveleviin sovelluskohteisiin. Tilan optimoitu \u00e4\u00e4nentoistoj\u00e4rjestelm\u00e4 palvelee my\u00f6s \u00e4\u00e4nimaisematutkimuksen jatkumoa mahdollistaen nykyist\u00e4 monimuotoisemman akustisen ekologian ja \u00e4\u00e4nimaiseman tutkimuksen. Studio tarjoaa tilan ja teknologiat osaamisrajat ylitt\u00e4v\u00e4lle opetus, tutkimus ja &#8211; kehitystoiminnalle sek\u00e4 niihin perustuvan uuden tiedon, osaamisen ja toimintamallien yhteiskehittelylle. Tavoitteena on vahvistaa maakunnan osaamista tarjoamalla yrityksille It\u00e4-Suomen yliopiston oppimisymp\u00e4rist\u00f6osaamista sek\u00e4 yhteisty\u00f6t\u00e4 digitaalisen studion kehittelyss\u00e4. Lis\u00e4ksi pyrkimyksen\u00e4 on edist\u00e4\u00e4 yliopiston, yritysten ja oppilaitosten maakunnallista yhteisty\u00f6t\u00e4 virtuaalitodellisuuteen ja 360-\u00e4\u00e4niratkaisuihin perustuvien palveluiden ja sis\u00e4lt\u00f6jen tuottamisessa.<\/p>\n\n\n\n<p>Hankkeen kohderyhm\u00e4n\u00e4 on It\u00e4-Suomen alueella toimivat yritykset, kuntien opettajat ja varhaiskasvattajat sek\u00e4 maakunnan koulutusorganisaatiot. Lis\u00e4ksi kohderyhm\u00e4\u00e4n kuuluvat It\u00e4-Suomen yliopiston opiskelijat ja tutkijat. Studio palvelee erityisesti organisaatiorajat ylitt\u00e4vi\u00e4 yhteis\u00f6llisi\u00e4 projekteja, joiden kautta mukaan tulevat v\u00e4lillisesti esimerkiksi maakunnan lapset ja nuoret, yritysten ja julkisorganisaatioiden ty\u00f6ntekij\u00e4t sek\u00e4 yhteiskunnalliset p\u00e4\u00e4tt\u00e4j\u00e4t ja vaikuttajat. Yhteisty\u00f6 eri oppilaitosten ja yritysten kanssa tarjoaa my\u00f6s uudenlaisia mahdollisuuksia tuotekehitys- ja testaustoimintaan.<\/p>\n\n\n\n<p><a href=\"https:\/\/www.uef.fi\/fi\/web\/hankkeet\/eu-rakennerahastohankkeet\/-\/asset_publisher\/ZiYi0ZaEpXY1\/content\/studio360-investointihanke?inheritRedirect=false&amp;redirect=http%3A%2F%2Fwww.uef.fi%2Ffi%2Fweb%2Fhankkeet%2Feu-rakennerahastohankkeet%3Fp_p_id%3D101_INSTANCE_ZiYi0ZaEpXY1%26p_p_lifecycle%3D0%26p_p_state%3Dnormal%26p_p_mode%3Dview%26p_p_col_id%3Dcolumn-3%26p_p_col_pos%3D1%26p_p_col_count%3D2%26_101_INSTANCE_ZiYi0ZaEpXY1_advancedSearch%3Dfalse%26_101_INSTANCE_ZiYi0ZaEpXY1_keywords%3D%26_101_INSTANCE_ZiYi0ZaEpXY1_delta%3D75%26p_r_p_564233524_resetCur%3Dfalse%26_101_INSTANCE_ZiYi0ZaEpXY1_cur%3D2%26_101_INSTANCE_ZiYi0ZaEpXY1_andOperator%3Dtrue\">Lis\u00e4tietoa hankkeesta.<\/a><\/p>\n\n\n\n<p>Hankkeen yhteyshenkil\u00f6t:<br>FT Henriikka Vartiainen<br>henriikka.vartiainen (\u00e4t) uef.fi<br>Akatemiatutkija Teemu Valtonen<br>teemu-valtonen (\u00e4t) uef.fi<\/p>\n","protected":false},"excerpt":{"rendered":"<p>Studio360 -investointihanke Varusteluhankkeessa rakennetaan Suomen ensimm\u00e4inen studiomuotoinen oppimisymp\u00e4rist\u00f6, jossa voidaan tuottaa, testata ja tutkia el\u00e4myksellisyyteen sek\u00e4 osallisuuteen perustuvia digitaalisia oppimateriaaleja sek\u00e4 sis\u00e4lt\u00f6j\u00e4. Oppimisymp\u00e4rist\u00f6 mahdollistaa virtuaalitodellisuuden ja 360-\u00e4\u00e4niratkaisujen tarjoamien mahdollisuuksien tutkimisen ja hy\u00f6dynt\u00e4misen erilaisiin, eri k\u00e4ytt\u00e4j\u00e4ryhmi\u00e4 palveleviin sovelluskohteisiin. Tilan optimoitu \u00e4\u00e4nentoistoj\u00e4rjestelm\u00e4 palvelee my\u00f6s \u00e4\u00e4nimaisematutkimuksen jatkumoa mahdollistaen nykyist\u00e4 monimuotoisemman akustisen ekologian ja \u00e4\u00e4nimaiseman tutkimuksen. Studio tarjoaa tilan [&hellip;]<\/p>\n","protected":false},"author":98,"featured_media":0,"parent":238,"menu_order":1,"comment_status":"closed","ping_status":"closed","template":"","meta":{"_acf_changed":false,"_monsterinsights_skip_tracking":false,"_monsterinsights_sitenote_active":false,"_monsterinsights_sitenote_note":"","_monsterinsights_sitenote_category":0,"footnotes":""},"class_list":["post-256","page","type-page","status-publish","hentry"],"acf":[],"yoast_head":"<!-- This site is optimized with the Yoast SEO plugin v27.3 - https:\/\/yoast.com\/product\/yoast-seo-wordpress\/ -->\n<title>Studio 360 - Yrityst\u00e4 oppimisymp\u00e4rist\u00f6ihin<\/title>\n<meta name=\"robots\" content=\"index, follow, max-snippet:-1, max-image-preview:large, max-video-preview:-1\" \/>\n<link rel=\"canonical\" href=\"https:\/\/sites.uef.fi\/yritystaoppimisymparistoihin\/yhteistyossa\/hankkeet\/studio-360\/\" \/>\n<meta property=\"og:locale\" content=\"en_US\" \/>\n<meta property=\"og:type\" content=\"article\" \/>\n<meta property=\"og:title\" content=\"Studio 360 - Yrityst\u00e4 oppimisymp\u00e4rist\u00f6ihin\" \/>\n<meta property=\"og:description\" content=\"Studio360 -investointihanke Varusteluhankkeessa rakennetaan Suomen ensimm\u00e4inen studiomuotoinen oppimisymp\u00e4rist\u00f6, jossa voidaan tuottaa, testata ja tutkia el\u00e4myksellisyyteen sek\u00e4 osallisuuteen perustuvia digitaalisia oppimateriaaleja sek\u00e4 sis\u00e4lt\u00f6j\u00e4. Oppimisymp\u00e4rist\u00f6 mahdollistaa virtuaalitodellisuuden ja 360-\u00e4\u00e4niratkaisujen tarjoamien mahdollisuuksien tutkimisen ja hy\u00f6dynt\u00e4misen erilaisiin, eri k\u00e4ytt\u00e4j\u00e4ryhmi\u00e4 palveleviin sovelluskohteisiin. Tilan optimoitu \u00e4\u00e4nentoistoj\u00e4rjestelm\u00e4 palvelee my\u00f6s \u00e4\u00e4nimaisematutkimuksen jatkumoa mahdollistaen nykyist\u00e4 monimuotoisemman akustisen ekologian ja \u00e4\u00e4nimaiseman tutkimuksen. Studio tarjoaa tilan [&hellip;]\" \/>\n<meta property=\"og:url\" content=\"https:\/\/sites.uef.fi\/yritystaoppimisymparistoihin\/yhteistyossa\/hankkeet\/studio-360\/\" \/>\n<meta property=\"og:site_name\" content=\"Yrityst\u00e4 oppimisymp\u00e4rist\u00f6ihin\" \/>\n<meta property=\"article:modified_time\" content=\"2024-02-08T07:02:11+00:00\" \/>\n<meta name=\"twitter:card\" content=\"summary_large_image\" \/>\n<meta name=\"twitter:label1\" content=\"Est. reading time\" \/>\n\t<meta name=\"twitter:data1\" content=\"1 minute\" \/>\n<script type=\"application\/ld+json\" class=\"yoast-schema-graph\">{\"@context\":\"https:\\\/\\\/schema.org\",\"@graph\":[{\"@type\":\"WebPage\",\"@id\":\"https:\\\/\\\/sites.uef.fi\\\/yritystaoppimisymparistoihin\\\/yhteistyossa\\\/hankkeet\\\/studio-360\\\/\",\"url\":\"https:\\\/\\\/sites.uef.fi\\\/yritystaoppimisymparistoihin\\\/yhteistyossa\\\/hankkeet\\\/studio-360\\\/\",\"name\":\"Studio 360 - Yrityst\u00e4 oppimisymp\u00e4rist\u00f6ihin\",\"isPartOf\":{\"@id\":\"https:\\\/\\\/sites.uef.fi\\\/yritystaoppimisymparistoihin\\\/#website\"},\"datePublished\":\"2020-08-20T11:37:43+00:00\",\"dateModified\":\"2024-02-08T07:02:11+00:00\",\"breadcrumb\":{\"@id\":\"https:\\\/\\\/sites.uef.fi\\\/yritystaoppimisymparistoihin\\\/yhteistyossa\\\/hankkeet\\\/studio-360\\\/#breadcrumb\"},\"inLanguage\":\"en-US\",\"potentialAction\":[{\"@type\":\"ReadAction\",\"target\":[\"https:\\\/\\\/sites.uef.fi\\\/yritystaoppimisymparistoihin\\\/yhteistyossa\\\/hankkeet\\\/studio-360\\\/\"]}]},{\"@type\":\"BreadcrumbList\",\"@id\":\"https:\\\/\\\/sites.uef.fi\\\/yritystaoppimisymparistoihin\\\/yhteistyossa\\\/hankkeet\\\/studio-360\\\/#breadcrumb\",\"itemListElement\":[{\"@type\":\"ListItem\",\"position\":1,\"name\":\"Home\",\"item\":\"https:\\\/\\\/sites.uef.fi\\\/yritystaoppimisymparistoihin\\\/\"},{\"@type\":\"ListItem\",\"position\":2,\"name\":\"Yhteisty\u00f6ss\u00e4\",\"item\":\"https:\\\/\\\/sites.uef.fi\\\/yritystaoppimisymparistoihin\\\/yhteistyossa\\\/\"},{\"@type\":\"ListItem\",\"position\":3,\"name\":\"Hankkeemme kanssa yhteisty\u00f6t\u00e4 tehneet hankkeet\",\"item\":\"https:\\\/\\\/sites.uef.fi\\\/yritystaoppimisymparistoihin\\\/yhteistyossa\\\/hankkeet\\\/\"},{\"@type\":\"ListItem\",\"position\":4,\"name\":\"Studio 360\"}]},{\"@type\":\"WebSite\",\"@id\":\"https:\\\/\\\/sites.uef.fi\\\/yritystaoppimisymparistoihin\\\/#website\",\"url\":\"https:\\\/\\\/sites.uef.fi\\\/yritystaoppimisymparistoihin\\\/\",\"name\":\"Yrityst\u00e4 oppimisymp\u00e4rist\u00f6ihin\",\"description\":\"\",\"potentialAction\":[{\"@type\":\"SearchAction\",\"target\":{\"@type\":\"EntryPoint\",\"urlTemplate\":\"https:\\\/\\\/sites.uef.fi\\\/yritystaoppimisymparistoihin\\\/?s={search_term_string}\"},\"query-input\":{\"@type\":\"PropertyValueSpecification\",\"valueRequired\":true,\"valueName\":\"search_term_string\"}}],\"inLanguage\":\"en-US\"}]}<\/script>\n<!-- \/ Yoast SEO plugin. -->","yoast_head_json":{"title":"Studio 360 - Yrityst\u00e4 oppimisymp\u00e4rist\u00f6ihin","robots":{"index":"index","follow":"follow","max-snippet":"max-snippet:-1","max-image-preview":"max-image-preview:large","max-video-preview":"max-video-preview:-1"},"canonical":"https:\/\/sites.uef.fi\/yritystaoppimisymparistoihin\/yhteistyossa\/hankkeet\/studio-360\/","og_locale":"en_US","og_type":"article","og_title":"Studio 360 - Yrityst\u00e4 oppimisymp\u00e4rist\u00f6ihin","og_description":"Studio360 -investointihanke Varusteluhankkeessa rakennetaan Suomen ensimm\u00e4inen studiomuotoinen oppimisymp\u00e4rist\u00f6, jossa voidaan tuottaa, testata ja tutkia el\u00e4myksellisyyteen sek\u00e4 osallisuuteen perustuvia digitaalisia oppimateriaaleja sek\u00e4 sis\u00e4lt\u00f6j\u00e4. Oppimisymp\u00e4rist\u00f6 mahdollistaa virtuaalitodellisuuden ja 360-\u00e4\u00e4niratkaisujen tarjoamien mahdollisuuksien tutkimisen ja hy\u00f6dynt\u00e4misen erilaisiin, eri k\u00e4ytt\u00e4j\u00e4ryhmi\u00e4 palveleviin sovelluskohteisiin. Tilan optimoitu \u00e4\u00e4nentoistoj\u00e4rjestelm\u00e4 palvelee my\u00f6s \u00e4\u00e4nimaisematutkimuksen jatkumoa mahdollistaen nykyist\u00e4 monimuotoisemman akustisen ekologian ja \u00e4\u00e4nimaiseman tutkimuksen. Studio tarjoaa tilan [&hellip;]","og_url":"https:\/\/sites.uef.fi\/yritystaoppimisymparistoihin\/yhteistyossa\/hankkeet\/studio-360\/","og_site_name":"Yrityst\u00e4 oppimisymp\u00e4rist\u00f6ihin","article_modified_time":"2024-02-08T07:02:11+00:00","twitter_card":"summary_large_image","twitter_misc":{"Est. reading time":"1 minute"},"schema":{"@context":"https:\/\/schema.org","@graph":[{"@type":"WebPage","@id":"https:\/\/sites.uef.fi\/yritystaoppimisymparistoihin\/yhteistyossa\/hankkeet\/studio-360\/","url":"https:\/\/sites.uef.fi\/yritystaoppimisymparistoihin\/yhteistyossa\/hankkeet\/studio-360\/","name":"Studio 360 - Yrityst\u00e4 oppimisymp\u00e4rist\u00f6ihin","isPartOf":{"@id":"https:\/\/sites.uef.fi\/yritystaoppimisymparistoihin\/#website"},"datePublished":"2020-08-20T11:37:43+00:00","dateModified":"2024-02-08T07:02:11+00:00","breadcrumb":{"@id":"https:\/\/sites.uef.fi\/yritystaoppimisymparistoihin\/yhteistyossa\/hankkeet\/studio-360\/#breadcrumb"},"inLanguage":"en-US","potentialAction":[{"@type":"ReadAction","target":["https:\/\/sites.uef.fi\/yritystaoppimisymparistoihin\/yhteistyossa\/hankkeet\/studio-360\/"]}]},{"@type":"BreadcrumbList","@id":"https:\/\/sites.uef.fi\/yritystaoppimisymparistoihin\/yhteistyossa\/hankkeet\/studio-360\/#breadcrumb","itemListElement":[{"@type":"ListItem","position":1,"name":"Home","item":"https:\/\/sites.uef.fi\/yritystaoppimisymparistoihin\/"},{"@type":"ListItem","position":2,"name":"Yhteisty\u00f6ss\u00e4","item":"https:\/\/sites.uef.fi\/yritystaoppimisymparistoihin\/yhteistyossa\/"},{"@type":"ListItem","position":3,"name":"Hankkeemme kanssa yhteisty\u00f6t\u00e4 tehneet hankkeet","item":"https:\/\/sites.uef.fi\/yritystaoppimisymparistoihin\/yhteistyossa\/hankkeet\/"},{"@type":"ListItem","position":4,"name":"Studio 360"}]},{"@type":"WebSite","@id":"https:\/\/sites.uef.fi\/yritystaoppimisymparistoihin\/#website","url":"https:\/\/sites.uef.fi\/yritystaoppimisymparistoihin\/","name":"Yrityst\u00e4 oppimisymp\u00e4rist\u00f6ihin","description":"","potentialAction":[{"@type":"SearchAction","target":{"@type":"EntryPoint","urlTemplate":"https:\/\/sites.uef.fi\/yritystaoppimisymparistoihin\/?s={search_term_string}"},"query-input":{"@type":"PropertyValueSpecification","valueRequired":true,"valueName":"search_term_string"}}],"inLanguage":"en-US"}]}},"_links":{"self":[{"href":"https:\/\/sites.uef.fi\/yritystaoppimisymparistoihin\/wp-json\/wp\/v2\/pages\/256","targetHints":{"allow":["GET"]}}],"collection":[{"href":"https:\/\/sites.uef.fi\/yritystaoppimisymparistoihin\/wp-json\/wp\/v2\/pages"}],"about":[{"href":"https:\/\/sites.uef.fi\/yritystaoppimisymparistoihin\/wp-json\/wp\/v2\/types\/page"}],"author":[{"embeddable":true,"href":"https:\/\/sites.uef.fi\/yritystaoppimisymparistoihin\/wp-json\/wp\/v2\/users\/98"}],"replies":[{"embeddable":true,"href":"https:\/\/sites.uef.fi\/yritystaoppimisymparistoihin\/wp-json\/wp\/v2\/comments?post=256"}],"version-history":[{"count":2,"href":"https:\/\/sites.uef.fi\/yritystaoppimisymparistoihin\/wp-json\/wp\/v2\/pages\/256\/revisions"}],"predecessor-version":[{"id":1150,"href":"https:\/\/sites.uef.fi\/yritystaoppimisymparistoihin\/wp-json\/wp\/v2\/pages\/256\/revisions\/1150"}],"up":[{"embeddable":true,"href":"https:\/\/sites.uef.fi\/yritystaoppimisymparistoihin\/wp-json\/wp\/v2\/pages\/238"}],"wp:attachment":[{"href":"https:\/\/sites.uef.fi\/yritystaoppimisymparistoihin\/wp-json\/wp\/v2\/media?parent=256"}],"curies":[{"name":"wp","href":"https:\/\/api.w.org\/{rel}","templated":true}]}}