{"id":262,"date":"2020-08-20T14:38:32","date_gmt":"2020-08-20T11:38:32","guid":{"rendered":"https:\/\/sites.uef.fi\/yritystaoppimisymparistoihin\/?page_id=262"},"modified":"2024-02-08T09:02:47","modified_gmt":"2024-02-08T07:02:47","slug":"hack4society-lieksa","status":"publish","type":"page","link":"https:\/\/sites.uef.fi\/yritystaoppimisymparistoihin\/yhteistyossa\/hankkeet\/hack4society-lieksa\/","title":{"rendered":"Hack4Society Lieksa"},"content":{"rendered":"\n<p>Pohjois-Karjalan maakuntaliiton rahoittaman Hack4Society -hankkeen tavoitteena on kehitt\u00e4\u00e4 parempaa dialogia lieksalaisten kuntap\u00e4\u00e4tt\u00e4jien ja It\u00e4-Suomen yliopiston tutkijoiden v\u00e4lille. It\u00e4-Suomen yliopistosta hankkeessa ovat mukana soveltavan kasvatustieteen ja opettajankoulutuksen osasto sek\u00e4 yhteiskuntatieteiden laitos. Hankkeen toimintakausi on 15.11.2018 \u2013 30.4.2019, jonka aikana Lieksassa j\u00e4rjestet\u00e4\u00e4n kouluprojekteja ja ty\u00f6pajoja. Toimintamalli on Sitran kehitt\u00e4m\u00e4 ja t\u00e4ht\u00e4\u00e4 tutkimuksen ja politiikan v\u00e4lisen vuorovaikutuksen kehitt\u00e4miseen tuottamalla erilaisten asiantuntijuuksien ja tutkimustiedon kohtaamisten kautta konkreettisia ratkaisuehdotuksia alueen yhteiskunnallisiin haasteisiin.<\/p>\n\n\n\n<p>Joustavien oppimisymp\u00e4rist\u00f6jen suunnittelu ja kehitt\u00e4minen -hanke teki yhteisty\u00f6t\u00e4 Hack or Society \u2013hankkeen kanssa tammi-huhtikuussa 2019. Lieksasta toimintaan osallistuivat Rantalan koulu (2 opettajaa ja 2 luokkaa) sek\u00e4 Keskuskoulu (2 opettajaa ja 2 luokkaa). Hankehenkil\u00f6st\u00f6 haastatteli hankkeeseen osallistuneet opettajat. My\u00f6s oppilailta ker\u00e4ttiin palautetta hankkeen lopussa.<\/p>\n\n\n\n<p>Opettajien haastattelussa nousi esille paljon k\u00e4yt\u00e4nt\u00f6\u00f6n liittyvi\u00e4 parannusehdotuksia.<\/p>\n\n\n\n<p>Opettajien havaintojen mukaan oppilaat olivat motivoituneita, tosin v\u00e4lill\u00e4 my\u00f6s turhautumista oli havaittavissa. Oppilaat tarvitsevat&nbsp; erityisesti ohjausta tiedon kriittiseen etsimiseen. Lieksassa j\u00e4rjestetty yrityskierros oli hyv\u00e4. Opettajien kokemusten mukaan projektissa tuli hyvin esille sosiaalinen puoli oppimisesta, ty\u00f6el\u00e4m\u00e4ss\u00e4 tarvitsevat n\u00e4it\u00e4 taitoja<\/p>\n\n\n\n<p>Haastateltujen opettajien mukaan <strong>joustava oppimisymp\u00e4rist\u00f6 on<\/strong> seuraava: luokassa ja luokan ulkopuolella, ei tarvita kaikkialle digitaalisia v\u00e4lineit\u00e4, itseohjautuvuus\/omatoimisuus t\u00e4rke\u00e4\u00e4, puolet nykyisist\u00e4 ammateista h\u00e4vi\u00e4\u00e4 tulevaisuudessa ja t\u00e4ss\u00e4 projektissa opittiin sellaisia taitoja, joita tarvitaan tulevaisuudessakin, oppilaan oman vastuun korostuminen.<\/p>\n\n\n\n<p>Opettajien oma ideointi toimi eritt\u00e4in hyvin ja opettajat ottivat mukaan my\u00f6s vanhemmat. Oppilaiden vanhemmat (8 kpl) k\u00e4viv\u00e4t puhumassa koulussa omasta ammatistaan. Se rikastutti projektia. Opettajat suunnittelivat itse oppilaiden esitysten vertaisarvioinnin ja oppilaat harjoittelivat jo koulussa esityksi\u00e4 (ennen loppuseminaaria). Opettajien mukaan projekti oli mielenkiintoinen kokemus, yhteisty\u00f6 yliopiston kanssa ok. Projekti sopii hyvin perusopetuksen opetussuunnitelman perusteisiin.<\/p>\n\n\n\n<p>Opettajien mukaan <strong>joustava oppimisymp\u00e4rist\u00f6 = joustaa tilanteen mukaan.<\/strong> Ratkaistaan eri ongelmia, muutetaan tavoitteita, menetelmi\u00e4 jne., opettajien keskin\u00e4inen yhteisty\u00f6<\/p>\n\n\n\n<p>Lis\u00e4tietoja:<br><a href=\"https:\/\/www.uef.fi\/documents\/2055481\/0\/H4S_tiedote.pdf\/1466ea19-2e47-492a-9340-4f6f04a2d41f\">Hankkeen esite<\/a><\/p>\n","protected":false},"excerpt":{"rendered":"<p>Pohjois-Karjalan maakuntaliiton rahoittaman Hack4Society -hankkeen tavoitteena on kehitt\u00e4\u00e4 parempaa dialogia lieksalaisten kuntap\u00e4\u00e4tt\u00e4jien ja It\u00e4-Suomen yliopiston tutkijoiden v\u00e4lille. It\u00e4-Suomen yliopistosta hankkeessa ovat mukana soveltavan kasvatustieteen ja opettajankoulutuksen osasto sek\u00e4 yhteiskuntatieteiden laitos. Hankkeen toimintakausi on 15.11.2018 \u2013 30.4.2019, jonka aikana Lieksassa j\u00e4rjestet\u00e4\u00e4n kouluprojekteja ja ty\u00f6pajoja. Toimintamalli on Sitran kehitt\u00e4m\u00e4 ja t\u00e4ht\u00e4\u00e4 tutkimuksen ja politiikan v\u00e4lisen vuorovaikutuksen kehitt\u00e4miseen [&hellip;]<\/p>\n","protected":false},"author":98,"featured_media":0,"parent":238,"menu_order":2,"comment_status":"closed","ping_status":"closed","template":"","meta":{"_acf_changed":false,"_monsterinsights_skip_tracking":false,"_monsterinsights_sitenote_active":false,"_monsterinsights_sitenote_note":"","_monsterinsights_sitenote_category":0,"footnotes":""},"class_list":["post-262","page","type-page","status-publish","hentry"],"acf":[],"yoast_head":"<!-- This site is optimized with the Yoast SEO plugin v27.3 - https:\/\/yoast.com\/product\/yoast-seo-wordpress\/ -->\n<title>Hack4Society Lieksa - Yrityst\u00e4 oppimisymp\u00e4rist\u00f6ihin<\/title>\n<meta name=\"robots\" content=\"index, follow, max-snippet:-1, max-image-preview:large, max-video-preview:-1\" \/>\n<link rel=\"canonical\" href=\"https:\/\/sites.uef.fi\/yritystaoppimisymparistoihin\/yhteistyossa\/hankkeet\/hack4society-lieksa\/\" \/>\n<meta property=\"og:locale\" content=\"en_US\" \/>\n<meta property=\"og:type\" content=\"article\" \/>\n<meta property=\"og:title\" content=\"Hack4Society Lieksa - Yrityst\u00e4 oppimisymp\u00e4rist\u00f6ihin\" \/>\n<meta property=\"og:description\" content=\"Pohjois-Karjalan maakuntaliiton rahoittaman Hack4Society -hankkeen tavoitteena on kehitt\u00e4\u00e4 parempaa dialogia lieksalaisten kuntap\u00e4\u00e4tt\u00e4jien ja It\u00e4-Suomen yliopiston tutkijoiden v\u00e4lille. It\u00e4-Suomen yliopistosta hankkeessa ovat mukana soveltavan kasvatustieteen ja opettajankoulutuksen osasto sek\u00e4 yhteiskuntatieteiden laitos. Hankkeen toimintakausi on 15.11.2018 \u2013 30.4.2019, jonka aikana Lieksassa j\u00e4rjestet\u00e4\u00e4n kouluprojekteja ja ty\u00f6pajoja. Toimintamalli on Sitran kehitt\u00e4m\u00e4 ja t\u00e4ht\u00e4\u00e4 tutkimuksen ja politiikan v\u00e4lisen vuorovaikutuksen kehitt\u00e4miseen [&hellip;]\" \/>\n<meta property=\"og:url\" content=\"https:\/\/sites.uef.fi\/yritystaoppimisymparistoihin\/yhteistyossa\/hankkeet\/hack4society-lieksa\/\" \/>\n<meta property=\"og:site_name\" content=\"Yrityst\u00e4 oppimisymp\u00e4rist\u00f6ihin\" \/>\n<meta property=\"article:modified_time\" content=\"2024-02-08T07:02:47+00:00\" \/>\n<meta name=\"twitter:card\" content=\"summary_large_image\" \/>\n<meta name=\"twitter:label1\" content=\"Est. reading time\" \/>\n\t<meta name=\"twitter:data1\" content=\"2 minutes\" \/>\n<script type=\"application\/ld+json\" class=\"yoast-schema-graph\">{\"@context\":\"https:\\\/\\\/schema.org\",\"@graph\":[{\"@type\":\"WebPage\",\"@id\":\"https:\\\/\\\/sites.uef.fi\\\/yritystaoppimisymparistoihin\\\/yhteistyossa\\\/hankkeet\\\/hack4society-lieksa\\\/\",\"url\":\"https:\\\/\\\/sites.uef.fi\\\/yritystaoppimisymparistoihin\\\/yhteistyossa\\\/hankkeet\\\/hack4society-lieksa\\\/\",\"name\":\"Hack4Society Lieksa - Yrityst\u00e4 oppimisymp\u00e4rist\u00f6ihin\",\"isPartOf\":{\"@id\":\"https:\\\/\\\/sites.uef.fi\\\/yritystaoppimisymparistoihin\\\/#website\"},\"datePublished\":\"2020-08-20T11:38:32+00:00\",\"dateModified\":\"2024-02-08T07:02:47+00:00\",\"breadcrumb\":{\"@id\":\"https:\\\/\\\/sites.uef.fi\\\/yritystaoppimisymparistoihin\\\/yhteistyossa\\\/hankkeet\\\/hack4society-lieksa\\\/#breadcrumb\"},\"inLanguage\":\"en-US\",\"potentialAction\":[{\"@type\":\"ReadAction\",\"target\":[\"https:\\\/\\\/sites.uef.fi\\\/yritystaoppimisymparistoihin\\\/yhteistyossa\\\/hankkeet\\\/hack4society-lieksa\\\/\"]}]},{\"@type\":\"BreadcrumbList\",\"@id\":\"https:\\\/\\\/sites.uef.fi\\\/yritystaoppimisymparistoihin\\\/yhteistyossa\\\/hankkeet\\\/hack4society-lieksa\\\/#breadcrumb\",\"itemListElement\":[{\"@type\":\"ListItem\",\"position\":1,\"name\":\"Home\",\"item\":\"https:\\\/\\\/sites.uef.fi\\\/yritystaoppimisymparistoihin\\\/\"},{\"@type\":\"ListItem\",\"position\":2,\"name\":\"Yhteisty\u00f6ss\u00e4\",\"item\":\"https:\\\/\\\/sites.uef.fi\\\/yritystaoppimisymparistoihin\\\/yhteistyossa\\\/\"},{\"@type\":\"ListItem\",\"position\":3,\"name\":\"Hankkeemme kanssa yhteisty\u00f6t\u00e4 tehneet hankkeet\",\"item\":\"https:\\\/\\\/sites.uef.fi\\\/yritystaoppimisymparistoihin\\\/yhteistyossa\\\/hankkeet\\\/\"},{\"@type\":\"ListItem\",\"position\":4,\"name\":\"Hack4Society Lieksa\"}]},{\"@type\":\"WebSite\",\"@id\":\"https:\\\/\\\/sites.uef.fi\\\/yritystaoppimisymparistoihin\\\/#website\",\"url\":\"https:\\\/\\\/sites.uef.fi\\\/yritystaoppimisymparistoihin\\\/\",\"name\":\"Yrityst\u00e4 oppimisymp\u00e4rist\u00f6ihin\",\"description\":\"\",\"potentialAction\":[{\"@type\":\"SearchAction\",\"target\":{\"@type\":\"EntryPoint\",\"urlTemplate\":\"https:\\\/\\\/sites.uef.fi\\\/yritystaoppimisymparistoihin\\\/?s={search_term_string}\"},\"query-input\":{\"@type\":\"PropertyValueSpecification\",\"valueRequired\":true,\"valueName\":\"search_term_string\"}}],\"inLanguage\":\"en-US\"}]}<\/script>\n<!-- \/ Yoast SEO plugin. -->","yoast_head_json":{"title":"Hack4Society Lieksa - Yrityst\u00e4 oppimisymp\u00e4rist\u00f6ihin","robots":{"index":"index","follow":"follow","max-snippet":"max-snippet:-1","max-image-preview":"max-image-preview:large","max-video-preview":"max-video-preview:-1"},"canonical":"https:\/\/sites.uef.fi\/yritystaoppimisymparistoihin\/yhteistyossa\/hankkeet\/hack4society-lieksa\/","og_locale":"en_US","og_type":"article","og_title":"Hack4Society Lieksa - Yrityst\u00e4 oppimisymp\u00e4rist\u00f6ihin","og_description":"Pohjois-Karjalan maakuntaliiton rahoittaman Hack4Society -hankkeen tavoitteena on kehitt\u00e4\u00e4 parempaa dialogia lieksalaisten kuntap\u00e4\u00e4tt\u00e4jien ja It\u00e4-Suomen yliopiston tutkijoiden v\u00e4lille. It\u00e4-Suomen yliopistosta hankkeessa ovat mukana soveltavan kasvatustieteen ja opettajankoulutuksen osasto sek\u00e4 yhteiskuntatieteiden laitos. Hankkeen toimintakausi on 15.11.2018 \u2013 30.4.2019, jonka aikana Lieksassa j\u00e4rjestet\u00e4\u00e4n kouluprojekteja ja ty\u00f6pajoja. Toimintamalli on Sitran kehitt\u00e4m\u00e4 ja t\u00e4ht\u00e4\u00e4 tutkimuksen ja politiikan v\u00e4lisen vuorovaikutuksen kehitt\u00e4miseen [&hellip;]","og_url":"https:\/\/sites.uef.fi\/yritystaoppimisymparistoihin\/yhteistyossa\/hankkeet\/hack4society-lieksa\/","og_site_name":"Yrityst\u00e4 oppimisymp\u00e4rist\u00f6ihin","article_modified_time":"2024-02-08T07:02:47+00:00","twitter_card":"summary_large_image","twitter_misc":{"Est. reading time":"2 minutes"},"schema":{"@context":"https:\/\/schema.org","@graph":[{"@type":"WebPage","@id":"https:\/\/sites.uef.fi\/yritystaoppimisymparistoihin\/yhteistyossa\/hankkeet\/hack4society-lieksa\/","url":"https:\/\/sites.uef.fi\/yritystaoppimisymparistoihin\/yhteistyossa\/hankkeet\/hack4society-lieksa\/","name":"Hack4Society Lieksa - Yrityst\u00e4 oppimisymp\u00e4rist\u00f6ihin","isPartOf":{"@id":"https:\/\/sites.uef.fi\/yritystaoppimisymparistoihin\/#website"},"datePublished":"2020-08-20T11:38:32+00:00","dateModified":"2024-02-08T07:02:47+00:00","breadcrumb":{"@id":"https:\/\/sites.uef.fi\/yritystaoppimisymparistoihin\/yhteistyossa\/hankkeet\/hack4society-lieksa\/#breadcrumb"},"inLanguage":"en-US","potentialAction":[{"@type":"ReadAction","target":["https:\/\/sites.uef.fi\/yritystaoppimisymparistoihin\/yhteistyossa\/hankkeet\/hack4society-lieksa\/"]}]},{"@type":"BreadcrumbList","@id":"https:\/\/sites.uef.fi\/yritystaoppimisymparistoihin\/yhteistyossa\/hankkeet\/hack4society-lieksa\/#breadcrumb","itemListElement":[{"@type":"ListItem","position":1,"name":"Home","item":"https:\/\/sites.uef.fi\/yritystaoppimisymparistoihin\/"},{"@type":"ListItem","position":2,"name":"Yhteisty\u00f6ss\u00e4","item":"https:\/\/sites.uef.fi\/yritystaoppimisymparistoihin\/yhteistyossa\/"},{"@type":"ListItem","position":3,"name":"Hankkeemme kanssa yhteisty\u00f6t\u00e4 tehneet hankkeet","item":"https:\/\/sites.uef.fi\/yritystaoppimisymparistoihin\/yhteistyossa\/hankkeet\/"},{"@type":"ListItem","position":4,"name":"Hack4Society Lieksa"}]},{"@type":"WebSite","@id":"https:\/\/sites.uef.fi\/yritystaoppimisymparistoihin\/#website","url":"https:\/\/sites.uef.fi\/yritystaoppimisymparistoihin\/","name":"Yrityst\u00e4 oppimisymp\u00e4rist\u00f6ihin","description":"","potentialAction":[{"@type":"SearchAction","target":{"@type":"EntryPoint","urlTemplate":"https:\/\/sites.uef.fi\/yritystaoppimisymparistoihin\/?s={search_term_string}"},"query-input":{"@type":"PropertyValueSpecification","valueRequired":true,"valueName":"search_term_string"}}],"inLanguage":"en-US"}]}},"_links":{"self":[{"href":"https:\/\/sites.uef.fi\/yritystaoppimisymparistoihin\/wp-json\/wp\/v2\/pages\/262","targetHints":{"allow":["GET"]}}],"collection":[{"href":"https:\/\/sites.uef.fi\/yritystaoppimisymparistoihin\/wp-json\/wp\/v2\/pages"}],"about":[{"href":"https:\/\/sites.uef.fi\/yritystaoppimisymparistoihin\/wp-json\/wp\/v2\/types\/page"}],"author":[{"embeddable":true,"href":"https:\/\/sites.uef.fi\/yritystaoppimisymparistoihin\/wp-json\/wp\/v2\/users\/98"}],"replies":[{"embeddable":true,"href":"https:\/\/sites.uef.fi\/yritystaoppimisymparistoihin\/wp-json\/wp\/v2\/comments?post=262"}],"version-history":[{"count":2,"href":"https:\/\/sites.uef.fi\/yritystaoppimisymparistoihin\/wp-json\/wp\/v2\/pages\/262\/revisions"}],"predecessor-version":[{"id":1153,"href":"https:\/\/sites.uef.fi\/yritystaoppimisymparistoihin\/wp-json\/wp\/v2\/pages\/262\/revisions\/1153"}],"up":[{"embeddable":true,"href":"https:\/\/sites.uef.fi\/yritystaoppimisymparistoihin\/wp-json\/wp\/v2\/pages\/238"}],"wp:attachment":[{"href":"https:\/\/sites.uef.fi\/yritystaoppimisymparistoihin\/wp-json\/wp\/v2\/media?parent=262"}],"curies":[{"name":"wp","href":"https:\/\/api.w.org\/{rel}","templated":true}]}}