{"id":304,"date":"2020-08-20T14:41:47","date_gmt":"2020-08-20T11:41:47","guid":{"rendered":"https:\/\/sites.uef.fi\/yritystaoppimisymparistoihin\/?page_id=304"},"modified":"2024-02-08T09:08:44","modified_gmt":"2024-02-08T07:08:44","slug":"puolivalin-paivakoti","status":"publish","type":"page","link":"https:\/\/sites.uef.fi\/yritystaoppimisymparistoihin\/yhteistyossa\/koulutusorganisaatiot\/puolivalin-paivakoti\/","title":{"rendered":"Puoliv\u00e4lin p\u00e4iv\u00e4koti"},"content":{"rendered":"\n<p>Puoliv\u00e4lin p\u00e4iv\u00e4koti Yl\u00e4myllyll\u00e4 on vuorop\u00e4iv\u00e4koti, joka on avoinna tarpeen mukaan my\u00f6s iltaisin ja viikonloppuisin. Kannustamme aktiiviseen oppimiseen, ja tilat on rakennettu sit\u00e4 ajatellen: p\u00e4iv\u00e4kodissa on taide-, liikunta-, rakentelu- ja kotileikkialue.<\/p>\n\n\n\n<p><em>&#8220;Meill\u00e4 lapset voivat tutkia ja nikkaroida, ja uimaan he p\u00e4\u00e4sev\u00e4t p\u00e4iv\u00e4kodin omaan uima-altaaseen. L\u00e4hell\u00e4 on my\u00f6s hyv\u00e4t maastot monipuoliseen liikkumiseen. Huomioimme lapsen yksil\u00f6llisen unen tarpeen, ruokailurytmin ja muut p\u00e4ivitt\u00e4iseen hoitoon liittyv\u00e4t asiat, ja hoidon suunnittelemme aina yhteisty\u00f6ss\u00e4 vanhempien kanssa. Lasten ja perheiden hyvinvointi on meille t\u00e4rke\u00e4\u00e4.<\/em><\/p>\n\n\n\n<p><em>Voit tuoda lapsesi hoitoon kaikkina vuorokaudenaikoina. Y\u00f6hoidon j\u00e4rjest\u00e4mme p\u00e4\u00e4s\u00e4\u00e4nt\u00f6isesti&nbsp; lapsen kotona. Juhlapyhin\u00e4 p\u00e4iv\u00e4koti on suljettu.<\/em><\/p>\n\n\n\n<p><em>Ryhm\u00e4mme ovat sisarusryhmi\u00e4, joissa turvataan hyvien sisarussuhteiden syntyminen. Lapset leikkiv\u00e4t ja toimivat erilaisissa pienryhmiss\u00e4, jotka muodostuvat lasten oman mielenkiinnon ja toiveiden perusteella.&#8221;<\/em><\/p>\n\n\n\n<p>Lis\u00e4tietoja:<br><a href=\"http:\/\/www.liperi.fi\/puolivalin-paivakoti\">P\u00e4iv\u00e4kodin kotisivut<\/a><\/p>\n","protected":false},"excerpt":{"rendered":"<p>Puoliv\u00e4lin p\u00e4iv\u00e4koti Yl\u00e4myllyll\u00e4 on vuorop\u00e4iv\u00e4koti, joka on avoinna tarpeen mukaan my\u00f6s iltaisin ja viikonloppuisin. Kannustamme aktiiviseen oppimiseen, ja tilat on rakennettu sit\u00e4 ajatellen: p\u00e4iv\u00e4kodissa on taide-, liikunta-, rakentelu- ja kotileikkialue. &#8220;Meill\u00e4 lapset voivat tutkia ja nikkaroida, ja uimaan he p\u00e4\u00e4sev\u00e4t p\u00e4iv\u00e4kodin omaan uima-altaaseen. L\u00e4hell\u00e4 on my\u00f6s hyv\u00e4t maastot monipuoliseen liikkumiseen. Huomioimme lapsen yksil\u00f6llisen unen tarpeen, [&hellip;]<\/p>\n","protected":false},"author":98,"featured_media":0,"parent":244,"menu_order":6,"comment_status":"closed","ping_status":"closed","template":"","meta":{"_acf_changed":false,"_monsterinsights_skip_tracking":false,"_monsterinsights_sitenote_active":false,"_monsterinsights_sitenote_note":"","_monsterinsights_sitenote_category":0,"footnotes":""},"class_list":["post-304","page","type-page","status-publish","hentry"],"acf":[],"yoast_head":"<!-- This site is optimized with the Yoast SEO plugin v27.3 - https:\/\/yoast.com\/product\/yoast-seo-wordpress\/ -->\n<title>Puoliv\u00e4lin p\u00e4iv\u00e4koti - Yrityst\u00e4 oppimisymp\u00e4rist\u00f6ihin<\/title>\n<meta name=\"robots\" content=\"index, follow, max-snippet:-1, max-image-preview:large, max-video-preview:-1\" \/>\n<link rel=\"canonical\" href=\"https:\/\/sites.uef.fi\/yritystaoppimisymparistoihin\/yhteistyossa\/koulutusorganisaatiot\/puolivalin-paivakoti\/\" \/>\n<meta property=\"og:locale\" content=\"en_US\" \/>\n<meta property=\"og:type\" content=\"article\" \/>\n<meta property=\"og:title\" content=\"Puoliv\u00e4lin p\u00e4iv\u00e4koti - Yrityst\u00e4 oppimisymp\u00e4rist\u00f6ihin\" \/>\n<meta property=\"og:description\" content=\"Puoliv\u00e4lin p\u00e4iv\u00e4koti Yl\u00e4myllyll\u00e4 on vuorop\u00e4iv\u00e4koti, joka on avoinna tarpeen mukaan my\u00f6s iltaisin ja viikonloppuisin. Kannustamme aktiiviseen oppimiseen, ja tilat on rakennettu sit\u00e4 ajatellen: p\u00e4iv\u00e4kodissa on taide-, liikunta-, rakentelu- ja kotileikkialue. &#8220;Meill\u00e4 lapset voivat tutkia ja nikkaroida, ja uimaan he p\u00e4\u00e4sev\u00e4t p\u00e4iv\u00e4kodin omaan uima-altaaseen. L\u00e4hell\u00e4 on my\u00f6s hyv\u00e4t maastot monipuoliseen liikkumiseen. Huomioimme lapsen yksil\u00f6llisen unen tarpeen, [&hellip;]\" \/>\n<meta property=\"og:url\" content=\"https:\/\/sites.uef.fi\/yritystaoppimisymparistoihin\/yhteistyossa\/koulutusorganisaatiot\/puolivalin-paivakoti\/\" \/>\n<meta property=\"og:site_name\" content=\"Yrityst\u00e4 oppimisymp\u00e4rist\u00f6ihin\" \/>\n<meta property=\"article:modified_time\" content=\"2024-02-08T07:08:44+00:00\" \/>\n<meta name=\"twitter:card\" content=\"summary_large_image\" \/>\n<meta name=\"twitter:label1\" content=\"Est. reading time\" \/>\n\t<meta name=\"twitter:data1\" content=\"1 minute\" \/>\n<script type=\"application\/ld+json\" class=\"yoast-schema-graph\">{\"@context\":\"https:\\\/\\\/schema.org\",\"@graph\":[{\"@type\":\"WebPage\",\"@id\":\"https:\\\/\\\/sites.uef.fi\\\/yritystaoppimisymparistoihin\\\/yhteistyossa\\\/koulutusorganisaatiot\\\/puolivalin-paivakoti\\\/\",\"url\":\"https:\\\/\\\/sites.uef.fi\\\/yritystaoppimisymparistoihin\\\/yhteistyossa\\\/koulutusorganisaatiot\\\/puolivalin-paivakoti\\\/\",\"name\":\"Puoliv\u00e4lin p\u00e4iv\u00e4koti - Yrityst\u00e4 oppimisymp\u00e4rist\u00f6ihin\",\"isPartOf\":{\"@id\":\"https:\\\/\\\/sites.uef.fi\\\/yritystaoppimisymparistoihin\\\/#website\"},\"datePublished\":\"2020-08-20T11:41:47+00:00\",\"dateModified\":\"2024-02-08T07:08:44+00:00\",\"breadcrumb\":{\"@id\":\"https:\\\/\\\/sites.uef.fi\\\/yritystaoppimisymparistoihin\\\/yhteistyossa\\\/koulutusorganisaatiot\\\/puolivalin-paivakoti\\\/#breadcrumb\"},\"inLanguage\":\"en-US\",\"potentialAction\":[{\"@type\":\"ReadAction\",\"target\":[\"https:\\\/\\\/sites.uef.fi\\\/yritystaoppimisymparistoihin\\\/yhteistyossa\\\/koulutusorganisaatiot\\\/puolivalin-paivakoti\\\/\"]}]},{\"@type\":\"BreadcrumbList\",\"@id\":\"https:\\\/\\\/sites.uef.fi\\\/yritystaoppimisymparistoihin\\\/yhteistyossa\\\/koulutusorganisaatiot\\\/puolivalin-paivakoti\\\/#breadcrumb\",\"itemListElement\":[{\"@type\":\"ListItem\",\"position\":1,\"name\":\"Home\",\"item\":\"https:\\\/\\\/sites.uef.fi\\\/yritystaoppimisymparistoihin\\\/\"},{\"@type\":\"ListItem\",\"position\":2,\"name\":\"Yhteisty\u00f6ss\u00e4\",\"item\":\"https:\\\/\\\/sites.uef.fi\\\/yritystaoppimisymparistoihin\\\/yhteistyossa\\\/\"},{\"@type\":\"ListItem\",\"position\":3,\"name\":\"Koulutusorganisaatiot\",\"item\":\"https:\\\/\\\/sites.uef.fi\\\/yritystaoppimisymparistoihin\\\/yhteistyossa\\\/koulutusorganisaatiot\\\/\"},{\"@type\":\"ListItem\",\"position\":4,\"name\":\"Puoliv\u00e4lin p\u00e4iv\u00e4koti\"}]},{\"@type\":\"WebSite\",\"@id\":\"https:\\\/\\\/sites.uef.fi\\\/yritystaoppimisymparistoihin\\\/#website\",\"url\":\"https:\\\/\\\/sites.uef.fi\\\/yritystaoppimisymparistoihin\\\/\",\"name\":\"Yrityst\u00e4 oppimisymp\u00e4rist\u00f6ihin\",\"description\":\"\",\"potentialAction\":[{\"@type\":\"SearchAction\",\"target\":{\"@type\":\"EntryPoint\",\"urlTemplate\":\"https:\\\/\\\/sites.uef.fi\\\/yritystaoppimisymparistoihin\\\/?s={search_term_string}\"},\"query-input\":{\"@type\":\"PropertyValueSpecification\",\"valueRequired\":true,\"valueName\":\"search_term_string\"}}],\"inLanguage\":\"en-US\"}]}<\/script>\n<!-- \/ Yoast SEO plugin. -->","yoast_head_json":{"title":"Puoliv\u00e4lin p\u00e4iv\u00e4koti - Yrityst\u00e4 oppimisymp\u00e4rist\u00f6ihin","robots":{"index":"index","follow":"follow","max-snippet":"max-snippet:-1","max-image-preview":"max-image-preview:large","max-video-preview":"max-video-preview:-1"},"canonical":"https:\/\/sites.uef.fi\/yritystaoppimisymparistoihin\/yhteistyossa\/koulutusorganisaatiot\/puolivalin-paivakoti\/","og_locale":"en_US","og_type":"article","og_title":"Puoliv\u00e4lin p\u00e4iv\u00e4koti - Yrityst\u00e4 oppimisymp\u00e4rist\u00f6ihin","og_description":"Puoliv\u00e4lin p\u00e4iv\u00e4koti Yl\u00e4myllyll\u00e4 on vuorop\u00e4iv\u00e4koti, joka on avoinna tarpeen mukaan my\u00f6s iltaisin ja viikonloppuisin. Kannustamme aktiiviseen oppimiseen, ja tilat on rakennettu sit\u00e4 ajatellen: p\u00e4iv\u00e4kodissa on taide-, liikunta-, rakentelu- ja kotileikkialue. &#8220;Meill\u00e4 lapset voivat tutkia ja nikkaroida, ja uimaan he p\u00e4\u00e4sev\u00e4t p\u00e4iv\u00e4kodin omaan uima-altaaseen. L\u00e4hell\u00e4 on my\u00f6s hyv\u00e4t maastot monipuoliseen liikkumiseen. Huomioimme lapsen yksil\u00f6llisen unen tarpeen, [&hellip;]","og_url":"https:\/\/sites.uef.fi\/yritystaoppimisymparistoihin\/yhteistyossa\/koulutusorganisaatiot\/puolivalin-paivakoti\/","og_site_name":"Yrityst\u00e4 oppimisymp\u00e4rist\u00f6ihin","article_modified_time":"2024-02-08T07:08:44+00:00","twitter_card":"summary_large_image","twitter_misc":{"Est. reading time":"1 minute"},"schema":{"@context":"https:\/\/schema.org","@graph":[{"@type":"WebPage","@id":"https:\/\/sites.uef.fi\/yritystaoppimisymparistoihin\/yhteistyossa\/koulutusorganisaatiot\/puolivalin-paivakoti\/","url":"https:\/\/sites.uef.fi\/yritystaoppimisymparistoihin\/yhteistyossa\/koulutusorganisaatiot\/puolivalin-paivakoti\/","name":"Puoliv\u00e4lin p\u00e4iv\u00e4koti - Yrityst\u00e4 oppimisymp\u00e4rist\u00f6ihin","isPartOf":{"@id":"https:\/\/sites.uef.fi\/yritystaoppimisymparistoihin\/#website"},"datePublished":"2020-08-20T11:41:47+00:00","dateModified":"2024-02-08T07:08:44+00:00","breadcrumb":{"@id":"https:\/\/sites.uef.fi\/yritystaoppimisymparistoihin\/yhteistyossa\/koulutusorganisaatiot\/puolivalin-paivakoti\/#breadcrumb"},"inLanguage":"en-US","potentialAction":[{"@type":"ReadAction","target":["https:\/\/sites.uef.fi\/yritystaoppimisymparistoihin\/yhteistyossa\/koulutusorganisaatiot\/puolivalin-paivakoti\/"]}]},{"@type":"BreadcrumbList","@id":"https:\/\/sites.uef.fi\/yritystaoppimisymparistoihin\/yhteistyossa\/koulutusorganisaatiot\/puolivalin-paivakoti\/#breadcrumb","itemListElement":[{"@type":"ListItem","position":1,"name":"Home","item":"https:\/\/sites.uef.fi\/yritystaoppimisymparistoihin\/"},{"@type":"ListItem","position":2,"name":"Yhteisty\u00f6ss\u00e4","item":"https:\/\/sites.uef.fi\/yritystaoppimisymparistoihin\/yhteistyossa\/"},{"@type":"ListItem","position":3,"name":"Koulutusorganisaatiot","item":"https:\/\/sites.uef.fi\/yritystaoppimisymparistoihin\/yhteistyossa\/koulutusorganisaatiot\/"},{"@type":"ListItem","position":4,"name":"Puoliv\u00e4lin p\u00e4iv\u00e4koti"}]},{"@type":"WebSite","@id":"https:\/\/sites.uef.fi\/yritystaoppimisymparistoihin\/#website","url":"https:\/\/sites.uef.fi\/yritystaoppimisymparistoihin\/","name":"Yrityst\u00e4 oppimisymp\u00e4rist\u00f6ihin","description":"","potentialAction":[{"@type":"SearchAction","target":{"@type":"EntryPoint","urlTemplate":"https:\/\/sites.uef.fi\/yritystaoppimisymparistoihin\/?s={search_term_string}"},"query-input":{"@type":"PropertyValueSpecification","valueRequired":true,"valueName":"search_term_string"}}],"inLanguage":"en-US"}]}},"_links":{"self":[{"href":"https:\/\/sites.uef.fi\/yritystaoppimisymparistoihin\/wp-json\/wp\/v2\/pages\/304","targetHints":{"allow":["GET"]}}],"collection":[{"href":"https:\/\/sites.uef.fi\/yritystaoppimisymparistoihin\/wp-json\/wp\/v2\/pages"}],"about":[{"href":"https:\/\/sites.uef.fi\/yritystaoppimisymparistoihin\/wp-json\/wp\/v2\/types\/page"}],"author":[{"embeddable":true,"href":"https:\/\/sites.uef.fi\/yritystaoppimisymparistoihin\/wp-json\/wp\/v2\/users\/98"}],"replies":[{"embeddable":true,"href":"https:\/\/sites.uef.fi\/yritystaoppimisymparistoihin\/wp-json\/wp\/v2\/comments?post=304"}],"version-history":[{"count":2,"href":"https:\/\/sites.uef.fi\/yritystaoppimisymparistoihin\/wp-json\/wp\/v2\/pages\/304\/revisions"}],"predecessor-version":[{"id":1171,"href":"https:\/\/sites.uef.fi\/yritystaoppimisymparistoihin\/wp-json\/wp\/v2\/pages\/304\/revisions\/1171"}],"up":[{"embeddable":true,"href":"https:\/\/sites.uef.fi\/yritystaoppimisymparistoihin\/wp-json\/wp\/v2\/pages\/244"}],"wp:attachment":[{"href":"https:\/\/sites.uef.fi\/yritystaoppimisymparistoihin\/wp-json\/wp\/v2\/media?parent=304"}],"curies":[{"name":"wp","href":"https:\/\/api.w.org\/{rel}","templated":true}]}}