{"id":319,"date":"2020-08-20T14:44:02","date_gmt":"2020-08-20T11:44:02","guid":{"rendered":"https:\/\/sites.uef.fi\/yritystaoppimisymparistoihin\/?page_id=319"},"modified":"2024-02-08T09:10:37","modified_gmt":"2024-02-08T07:10:37","slug":"hanhi-design","status":"publish","type":"page","link":"https:\/\/sites.uef.fi\/yritystaoppimisymparistoihin\/yhteistyossa\/yritykset\/hanhi-design\/","title":{"rendered":"Ha\u00f1hi Design"},"content":{"rendered":"\n<figure class=\"wp-block-image aligncenter\"><img loading=\"lazy\" decoding=\"async\" width=\"1024\" height=\"470\" src=\"https:\/\/sites.uef.fi\/yritystaoppimisymparistoihin\/wp-content\/uploads\/sites\/50\/2021\/04\/Hanhi_logo.JPG-1024x470.jpg\" alt=\"Ha\u00f1hi Design logo\" class=\"wp-image-789\" srcset=\"https:\/\/sites.uef.fi\/yritystaoppimisymparistoihin\/wp-content\/uploads\/sites\/50\/2021\/04\/Hanhi_logo.JPG-1024x470.jpg 1024w, https:\/\/sites.uef.fi\/yritystaoppimisymparistoihin\/wp-content\/uploads\/sites\/50\/2021\/04\/Hanhi_logo.JPG-300x138.jpg 300w, https:\/\/sites.uef.fi\/yritystaoppimisymparistoihin\/wp-content\/uploads\/sites\/50\/2021\/04\/Hanhi_logo.JPG-768x353.jpg 768w, https:\/\/sites.uef.fi\/yritystaoppimisymparistoihin\/wp-content\/uploads\/sites\/50\/2021\/04\/Hanhi_logo.JPG.jpg 1102w\" sizes=\"auto, (max-width: 1024px) 100vw, 1024px\" \/><\/figure>\n\n\n\n<p>Ha\u00f1hi Design on it\u00e4suomalainen muotoilualan yritys, jonka p\u00e4\u00e4tuote on akustiikkataide.<\/p>\n\n\n\n<p>Taide ja muotoilu aloina pit\u00e4v\u00e4t sis\u00e4ll\u00e4\u00e4n hyvinvoinnin teemoja, mihin muotoilija\/hieroja Hanna Hirvosen ty\u00f6 niin suunnittelijana kuin my\u00f6s hyvinvoinnin ammattilaisena liittyy.<\/p>\n\n\n\n<p>Ymp\u00e4rist\u00f6n tutkiminen ja suunnittelu moniaistillisista l\u00e4ht\u00f6kohdista oli t\u00e4ss\u00e4kin &#8220;Yrityst\u00e4 oppimisymp\u00e4rist\u00f6ihin&#8221;- hankeessa kimmokke l\u00e4hte\u00e4 mukaan.<\/p>\n\n\n\n<p>Hanke mahdollistaa vuorovaikutukset monen sukupolven edustajan kanssa ja lis\u00e4oppimisen mahdollisuuden kaikkeen hyvinvointiin liittyv\u00e4\u00e4n.<\/p>\n\n\n\n<p>Yhteystiedot:<br>Ha\u00f1hi Design<br>p.+358 50 536 4078<br><a href=\"http:\/\/www.hanhi-design.com\">Kotisivut<\/a><br><a href=\"https:\/\/facebook.com\/HanhiDesign\">Ha\u00f1hi Design Facebookissa<\/a><\/p>\n\n\n\n<figure class=\"wp-block-image aligncenter\"><img loading=\"lazy\" decoding=\"async\" width=\"899\" height=\"1024\" src=\"https:\/\/sites.uef.fi\/yritystaoppimisymparistoihin\/wp-content\/uploads\/sites\/50\/2021\/04\/hanna_hanhi-899x1024.jpg\" alt=\"Hanna Nuutinen\" class=\"wp-image-792\" srcset=\"https:\/\/sites.uef.fi\/yritystaoppimisymparistoihin\/wp-content\/uploads\/sites\/50\/2021\/04\/hanna_hanhi-899x1024.jpg 899w, https:\/\/sites.uef.fi\/yritystaoppimisymparistoihin\/wp-content\/uploads\/sites\/50\/2021\/04\/hanna_hanhi-263x300.jpg 263w, https:\/\/sites.uef.fi\/yritystaoppimisymparistoihin\/wp-content\/uploads\/sites\/50\/2021\/04\/hanna_hanhi-768x875.jpg 768w, https:\/\/sites.uef.fi\/yritystaoppimisymparistoihin\/wp-content\/uploads\/sites\/50\/2021\/04\/hanna_hanhi-1348x1536.jpg 1348w, https:\/\/sites.uef.fi\/yritystaoppimisymparistoihin\/wp-content\/uploads\/sites\/50\/2021\/04\/hanna_hanhi-1797x2048.jpg 1797w\" sizes=\"auto, (max-width: 899px) 100vw, 899px\" \/><\/figure>\n","protected":false},"excerpt":{"rendered":"<p>Ha\u00f1hi Design on it\u00e4suomalainen muotoilualan yritys, jonka p\u00e4\u00e4tuote on akustiikkataide. Taide ja muotoilu aloina pit\u00e4v\u00e4t sis\u00e4ll\u00e4\u00e4n hyvinvoinnin teemoja, mihin muotoilija\/hieroja Hanna Hirvosen ty\u00f6 niin suunnittelijana kuin my\u00f6s hyvinvoinnin ammattilaisena liittyy. Ymp\u00e4rist\u00f6n tutkiminen ja suunnittelu moniaistillisista l\u00e4ht\u00f6kohdista oli t\u00e4ss\u00e4kin &#8220;Yrityst\u00e4 oppimisymp\u00e4rist\u00f6ihin&#8221;- hankeessa kimmokke l\u00e4hte\u00e4 mukaan. Hanke mahdollistaa vuorovaikutukset monen sukupolven edustajan kanssa ja lis\u00e4oppimisen mahdollisuuden kaikkeen [&hellip;]<\/p>\n","protected":false},"author":98,"featured_media":0,"parent":250,"menu_order":1,"comment_status":"closed","ping_status":"closed","template":"","meta":{"_acf_changed":false,"_monsterinsights_skip_tracking":false,"_monsterinsights_sitenote_active":false,"_monsterinsights_sitenote_note":"","_monsterinsights_sitenote_category":0,"footnotes":""},"class_list":["post-319","page","type-page","status-publish","hentry"],"acf":[],"yoast_head":"<!-- This site is optimized with the Yoast SEO plugin v27.3 - https:\/\/yoast.com\/product\/yoast-seo-wordpress\/ -->\n<title>Ha\u00f1hi Design - Yrityst\u00e4 oppimisymp\u00e4rist\u00f6ihin<\/title>\n<meta name=\"robots\" content=\"index, follow, max-snippet:-1, max-image-preview:large, max-video-preview:-1\" \/>\n<link rel=\"canonical\" href=\"https:\/\/sites.uef.fi\/yritystaoppimisymparistoihin\/yhteistyossa\/yritykset\/hanhi-design\/\" \/>\n<meta property=\"og:locale\" content=\"en_US\" \/>\n<meta property=\"og:type\" content=\"article\" \/>\n<meta property=\"og:title\" content=\"Ha\u00f1hi Design - Yrityst\u00e4 oppimisymp\u00e4rist\u00f6ihin\" \/>\n<meta property=\"og:description\" content=\"Ha\u00f1hi Design on it\u00e4suomalainen muotoilualan yritys, jonka p\u00e4\u00e4tuote on akustiikkataide. Taide ja muotoilu aloina pit\u00e4v\u00e4t sis\u00e4ll\u00e4\u00e4n hyvinvoinnin teemoja, mihin muotoilija\/hieroja Hanna Hirvosen ty\u00f6 niin suunnittelijana kuin my\u00f6s hyvinvoinnin ammattilaisena liittyy. Ymp\u00e4rist\u00f6n tutkiminen ja suunnittelu moniaistillisista l\u00e4ht\u00f6kohdista oli t\u00e4ss\u00e4kin &#8220;Yrityst\u00e4 oppimisymp\u00e4rist\u00f6ihin&#8221;- hankeessa kimmokke l\u00e4hte\u00e4 mukaan. Hanke mahdollistaa vuorovaikutukset monen sukupolven edustajan kanssa ja lis\u00e4oppimisen mahdollisuuden kaikkeen [&hellip;]\" \/>\n<meta property=\"og:url\" content=\"https:\/\/sites.uef.fi\/yritystaoppimisymparistoihin\/yhteistyossa\/yritykset\/hanhi-design\/\" \/>\n<meta property=\"og:site_name\" content=\"Yrityst\u00e4 oppimisymp\u00e4rist\u00f6ihin\" \/>\n<meta property=\"article:modified_time\" content=\"2024-02-08T07:10:37+00:00\" \/>\n<meta property=\"og:image\" content=\"https:\/\/sites.uef.fi\/yritystaoppimisymparistoihin\/wp-content\/uploads\/sites\/50\/2021\/04\/Hanhi_logo.JPG-1024x470.jpg\" \/>\n<meta name=\"twitter:card\" content=\"summary_large_image\" \/>\n<meta name=\"twitter:label1\" content=\"Est. reading time\" \/>\n\t<meta name=\"twitter:data1\" content=\"1 minute\" \/>\n<script type=\"application\/ld+json\" class=\"yoast-schema-graph\">{\"@context\":\"https:\\\/\\\/schema.org\",\"@graph\":[{\"@type\":\"WebPage\",\"@id\":\"https:\\\/\\\/sites.uef.fi\\\/yritystaoppimisymparistoihin\\\/yhteistyossa\\\/yritykset\\\/hanhi-design\\\/\",\"url\":\"https:\\\/\\\/sites.uef.fi\\\/yritystaoppimisymparistoihin\\\/yhteistyossa\\\/yritykset\\\/hanhi-design\\\/\",\"name\":\"Ha\u00f1hi Design - Yrityst\u00e4 oppimisymp\u00e4rist\u00f6ihin\",\"isPartOf\":{\"@id\":\"https:\\\/\\\/sites.uef.fi\\\/yritystaoppimisymparistoihin\\\/#website\"},\"primaryImageOfPage\":{\"@id\":\"https:\\\/\\\/sites.uef.fi\\\/yritystaoppimisymparistoihin\\\/yhteistyossa\\\/yritykset\\\/hanhi-design\\\/#primaryimage\"},\"image\":{\"@id\":\"https:\\\/\\\/sites.uef.fi\\\/yritystaoppimisymparistoihin\\\/yhteistyossa\\\/yritykset\\\/hanhi-design\\\/#primaryimage\"},\"thumbnailUrl\":\"https:\\\/\\\/sites.uef.fi\\\/yritystaoppimisymparistoihin\\\/wp-content\\\/uploads\\\/sites\\\/50\\\/2021\\\/04\\\/Hanhi_logo.JPG-1024x470.jpg\",\"datePublished\":\"2020-08-20T11:44:02+00:00\",\"dateModified\":\"2024-02-08T07:10:37+00:00\",\"breadcrumb\":{\"@id\":\"https:\\\/\\\/sites.uef.fi\\\/yritystaoppimisymparistoihin\\\/yhteistyossa\\\/yritykset\\\/hanhi-design\\\/#breadcrumb\"},\"inLanguage\":\"en-US\",\"potentialAction\":[{\"@type\":\"ReadAction\",\"target\":[\"https:\\\/\\\/sites.uef.fi\\\/yritystaoppimisymparistoihin\\\/yhteistyossa\\\/yritykset\\\/hanhi-design\\\/\"]}]},{\"@type\":\"ImageObject\",\"inLanguage\":\"en-US\",\"@id\":\"https:\\\/\\\/sites.uef.fi\\\/yritystaoppimisymparistoihin\\\/yhteistyossa\\\/yritykset\\\/hanhi-design\\\/#primaryimage\",\"url\":\"https:\\\/\\\/sites.uef.fi\\\/yritystaoppimisymparistoihin\\\/wp-content\\\/uploads\\\/sites\\\/50\\\/2021\\\/04\\\/Hanhi_logo.JPG.jpg\",\"contentUrl\":\"https:\\\/\\\/sites.uef.fi\\\/yritystaoppimisymparistoihin\\\/wp-content\\\/uploads\\\/sites\\\/50\\\/2021\\\/04\\\/Hanhi_logo.JPG.jpg\",\"width\":1102,\"height\":506,\"caption\":\"Ha\u00f1hi Design logo\"},{\"@type\":\"BreadcrumbList\",\"@id\":\"https:\\\/\\\/sites.uef.fi\\\/yritystaoppimisymparistoihin\\\/yhteistyossa\\\/yritykset\\\/hanhi-design\\\/#breadcrumb\",\"itemListElement\":[{\"@type\":\"ListItem\",\"position\":1,\"name\":\"Home\",\"item\":\"https:\\\/\\\/sites.uef.fi\\\/yritystaoppimisymparistoihin\\\/\"},{\"@type\":\"ListItem\",\"position\":2,\"name\":\"Yhteisty\u00f6ss\u00e4\",\"item\":\"https:\\\/\\\/sites.uef.fi\\\/yritystaoppimisymparistoihin\\\/yhteistyossa\\\/\"},{\"@type\":\"ListItem\",\"position\":3,\"name\":\"Yritykset\",\"item\":\"https:\\\/\\\/sites.uef.fi\\\/yritystaoppimisymparistoihin\\\/yhteistyossa\\\/yritykset\\\/\"},{\"@type\":\"ListItem\",\"position\":4,\"name\":\"Ha\u00f1hi Design\"}]},{\"@type\":\"WebSite\",\"@id\":\"https:\\\/\\\/sites.uef.fi\\\/yritystaoppimisymparistoihin\\\/#website\",\"url\":\"https:\\\/\\\/sites.uef.fi\\\/yritystaoppimisymparistoihin\\\/\",\"name\":\"Yrityst\u00e4 oppimisymp\u00e4rist\u00f6ihin\",\"description\":\"\",\"potentialAction\":[{\"@type\":\"SearchAction\",\"target\":{\"@type\":\"EntryPoint\",\"urlTemplate\":\"https:\\\/\\\/sites.uef.fi\\\/yritystaoppimisymparistoihin\\\/?s={search_term_string}\"},\"query-input\":{\"@type\":\"PropertyValueSpecification\",\"valueRequired\":true,\"valueName\":\"search_term_string\"}}],\"inLanguage\":\"en-US\"}]}<\/script>\n<!-- \/ Yoast SEO plugin. -->","yoast_head_json":{"title":"Ha\u00f1hi Design - Yrityst\u00e4 oppimisymp\u00e4rist\u00f6ihin","robots":{"index":"index","follow":"follow","max-snippet":"max-snippet:-1","max-image-preview":"max-image-preview:large","max-video-preview":"max-video-preview:-1"},"canonical":"https:\/\/sites.uef.fi\/yritystaoppimisymparistoihin\/yhteistyossa\/yritykset\/hanhi-design\/","og_locale":"en_US","og_type":"article","og_title":"Ha\u00f1hi Design - Yrityst\u00e4 oppimisymp\u00e4rist\u00f6ihin","og_description":"Ha\u00f1hi Design on it\u00e4suomalainen muotoilualan yritys, jonka p\u00e4\u00e4tuote on akustiikkataide. Taide ja muotoilu aloina pit\u00e4v\u00e4t sis\u00e4ll\u00e4\u00e4n hyvinvoinnin teemoja, mihin muotoilija\/hieroja Hanna Hirvosen ty\u00f6 niin suunnittelijana kuin my\u00f6s hyvinvoinnin ammattilaisena liittyy. Ymp\u00e4rist\u00f6n tutkiminen ja suunnittelu moniaistillisista l\u00e4ht\u00f6kohdista oli t\u00e4ss\u00e4kin &#8220;Yrityst\u00e4 oppimisymp\u00e4rist\u00f6ihin&#8221;- hankeessa kimmokke l\u00e4hte\u00e4 mukaan. Hanke mahdollistaa vuorovaikutukset monen sukupolven edustajan kanssa ja lis\u00e4oppimisen mahdollisuuden kaikkeen [&hellip;]","og_url":"https:\/\/sites.uef.fi\/yritystaoppimisymparistoihin\/yhteistyossa\/yritykset\/hanhi-design\/","og_site_name":"Yrityst\u00e4 oppimisymp\u00e4rist\u00f6ihin","article_modified_time":"2024-02-08T07:10:37+00:00","og_image":[{"url":"https:\/\/sites.uef.fi\/yritystaoppimisymparistoihin\/wp-content\/uploads\/sites\/50\/2021\/04\/Hanhi_logo.JPG-1024x470.jpg","type":"","width":"","height":""}],"twitter_card":"summary_large_image","twitter_misc":{"Est. reading time":"1 minute"},"schema":{"@context":"https:\/\/schema.org","@graph":[{"@type":"WebPage","@id":"https:\/\/sites.uef.fi\/yritystaoppimisymparistoihin\/yhteistyossa\/yritykset\/hanhi-design\/","url":"https:\/\/sites.uef.fi\/yritystaoppimisymparistoihin\/yhteistyossa\/yritykset\/hanhi-design\/","name":"Ha\u00f1hi Design - Yrityst\u00e4 oppimisymp\u00e4rist\u00f6ihin","isPartOf":{"@id":"https:\/\/sites.uef.fi\/yritystaoppimisymparistoihin\/#website"},"primaryImageOfPage":{"@id":"https:\/\/sites.uef.fi\/yritystaoppimisymparistoihin\/yhteistyossa\/yritykset\/hanhi-design\/#primaryimage"},"image":{"@id":"https:\/\/sites.uef.fi\/yritystaoppimisymparistoihin\/yhteistyossa\/yritykset\/hanhi-design\/#primaryimage"},"thumbnailUrl":"https:\/\/sites.uef.fi\/yritystaoppimisymparistoihin\/wp-content\/uploads\/sites\/50\/2021\/04\/Hanhi_logo.JPG-1024x470.jpg","datePublished":"2020-08-20T11:44:02+00:00","dateModified":"2024-02-08T07:10:37+00:00","breadcrumb":{"@id":"https:\/\/sites.uef.fi\/yritystaoppimisymparistoihin\/yhteistyossa\/yritykset\/hanhi-design\/#breadcrumb"},"inLanguage":"en-US","potentialAction":[{"@type":"ReadAction","target":["https:\/\/sites.uef.fi\/yritystaoppimisymparistoihin\/yhteistyossa\/yritykset\/hanhi-design\/"]}]},{"@type":"ImageObject","inLanguage":"en-US","@id":"https:\/\/sites.uef.fi\/yritystaoppimisymparistoihin\/yhteistyossa\/yritykset\/hanhi-design\/#primaryimage","url":"https:\/\/sites.uef.fi\/yritystaoppimisymparistoihin\/wp-content\/uploads\/sites\/50\/2021\/04\/Hanhi_logo.JPG.jpg","contentUrl":"https:\/\/sites.uef.fi\/yritystaoppimisymparistoihin\/wp-content\/uploads\/sites\/50\/2021\/04\/Hanhi_logo.JPG.jpg","width":1102,"height":506,"caption":"Ha\u00f1hi Design logo"},{"@type":"BreadcrumbList","@id":"https:\/\/sites.uef.fi\/yritystaoppimisymparistoihin\/yhteistyossa\/yritykset\/hanhi-design\/#breadcrumb","itemListElement":[{"@type":"ListItem","position":1,"name":"Home","item":"https:\/\/sites.uef.fi\/yritystaoppimisymparistoihin\/"},{"@type":"ListItem","position":2,"name":"Yhteisty\u00f6ss\u00e4","item":"https:\/\/sites.uef.fi\/yritystaoppimisymparistoihin\/yhteistyossa\/"},{"@type":"ListItem","position":3,"name":"Yritykset","item":"https:\/\/sites.uef.fi\/yritystaoppimisymparistoihin\/yhteistyossa\/yritykset\/"},{"@type":"ListItem","position":4,"name":"Ha\u00f1hi Design"}]},{"@type":"WebSite","@id":"https:\/\/sites.uef.fi\/yritystaoppimisymparistoihin\/#website","url":"https:\/\/sites.uef.fi\/yritystaoppimisymparistoihin\/","name":"Yrityst\u00e4 oppimisymp\u00e4rist\u00f6ihin","description":"","potentialAction":[{"@type":"SearchAction","target":{"@type":"EntryPoint","urlTemplate":"https:\/\/sites.uef.fi\/yritystaoppimisymparistoihin\/?s={search_term_string}"},"query-input":{"@type":"PropertyValueSpecification","valueRequired":true,"valueName":"search_term_string"}}],"inLanguage":"en-US"}]}},"_links":{"self":[{"href":"https:\/\/sites.uef.fi\/yritystaoppimisymparistoihin\/wp-json\/wp\/v2\/pages\/319","targetHints":{"allow":["GET"]}}],"collection":[{"href":"https:\/\/sites.uef.fi\/yritystaoppimisymparistoihin\/wp-json\/wp\/v2\/pages"}],"about":[{"href":"https:\/\/sites.uef.fi\/yritystaoppimisymparistoihin\/wp-json\/wp\/v2\/types\/page"}],"author":[{"embeddable":true,"href":"https:\/\/sites.uef.fi\/yritystaoppimisymparistoihin\/wp-json\/wp\/v2\/users\/98"}],"replies":[{"embeddable":true,"href":"https:\/\/sites.uef.fi\/yritystaoppimisymparistoihin\/wp-json\/wp\/v2\/comments?post=319"}],"version-history":[{"count":2,"href":"https:\/\/sites.uef.fi\/yritystaoppimisymparistoihin\/wp-json\/wp\/v2\/pages\/319\/revisions"}],"predecessor-version":[{"id":1177,"href":"https:\/\/sites.uef.fi\/yritystaoppimisymparistoihin\/wp-json\/wp\/v2\/pages\/319\/revisions\/1177"}],"up":[{"embeddable":true,"href":"https:\/\/sites.uef.fi\/yritystaoppimisymparistoihin\/wp-json\/wp\/v2\/pages\/250"}],"wp:attachment":[{"href":"https:\/\/sites.uef.fi\/yritystaoppimisymparistoihin\/wp-json\/wp\/v2\/media?parent=319"}],"curies":[{"name":"wp","href":"https:\/\/api.w.org\/{rel}","templated":true}]}}